{"id":1059,"date":"2014-02-05T11:54:34","date_gmt":"2014-02-05T11:54:34","guid":{"rendered":"http:\/\/www.allgeier.com\/en\/?page_id=1059"},"modified":"2025-02-05T18:20:54","modified_gmt":"2025-02-05T18:20:54","slug":"pr-05022014","status":"publish","type":"page","link":"https:\/\/www.allgeier.com\/de\/pressroom\/press-releases\/pr-05022014\/","title":{"rendered":"05022014"},"content":{"rendered":"<p><em>Innsbruck, 05. Februar 2014 &#8211; <\/em><b>Die CBR Fashion Group z\u00e4hlt mit ihren Marken Street One und CECIL zu den Top Ten Mode-Unternehmen Deutschlands. Mit Infor M3 setzt das global agierende Fashion-Unternehmen auch in Sachen Unternehmenssoftware auf Modernit\u00e4t. Das Implementierungsprojekt f\u00fchrt das Systemhaus terna aus.<\/b><\/p>\n<p>Nicht nur in Sachen Mode beweist die CBR Fashion Group Trendsetter-Qualit\u00e4ten. Auch in Bezug auf Unternehmenssoftware folgt das Fashion-Unternehmen nicht dem Trend der Modebranche, sondern entschied sich ganz bewusst f\u00fcr einen Best of Breed-Ansatz. In einem umfangreich angelegten Auswahlverfahren evaluierte die CBR Gruppe insgesamt 23 ERP Anbieter. Letztendlich entschied das Modeunternehmen, dass Infor M3 die Anforderungen der mittelst\u00e4ndischen Unternehmensgruppe am besten abdeckt und beauftragte das Systemhaus terna mit der Implementierung.<\/p>\n<p>\u201eDie hohe Skalierbarkeit, die umfangreichen Funktionen im Standard sowie voll integrierte Finanzbuchhaltung haben uns von der Zukunftsf\u00e4higkeit und Modernit\u00e4t von Infor M3 \u00fcberzeugt\u201c, begr\u00fcndet Gilbert Passarotto, Head of Corporate Projects der CBR Fashion Group, die Entscheidung f\u00fcr Infor M3. \u201eMit terna haben wir uns f\u00fcr einen Implementierungspartner entschieden, der die Anforderungen unserer Fachbereiche versteht und schnell umsetzen kann.\u201c<\/p>\n<p>Der Startschuss f\u00fcr das ERP-Team erfolgte im Oktober 2012. Inzwischen hat CBR mit Hilfe von terna die erste Stufe des Implementierungsprojektes mit einer Serie von Echtstarts erfolgreich abgeschlossen. Alle 13 Gesellschaften der Modegruppe inklusive Street One und CECIL arbeiten seit Oktober 2013 im Bereich Finance und in Teilbereichen im Einkauf mit Infor M3.<\/p>\n<p>\u201eDie Oberfl\u00e4che von Infor M3 l\u00e4sst sich mitarbeiter- und rollenindividuell anpassen. Das f\u00fchrt zu mehr Bedienungskomfort und wird die Arbeitsprozesse unserer Mitarbeiterinnen und Mitarbeiter optimal unterst\u00fctzen\u201c, ist Gilbert Passarotto \u00fcberzeugt von den bisherigen Erfahrungen mit dem User Interface Infor Smart Office.<\/p>\n<p>Weitere Projektschritte umfassen die Implementierung der Module Fashionvertrieb, Fashioneinkauf sowie die Anbindung eines externen Logistikdienstleisters und den Echtstart im Bereich Ladenbau. Mit Jumpstart ERP &#8211; dem Managed ERP Service von terna &#8211; wird das System derzeit in den Datencentern der terna GmbH betrieben. Ab Anfang 2014 l\u00e4uft Infor M3 lokal bei CBR auf IBM Servern (IBM iseries 720 und 740).<\/p>\n<p>Bis Anfang 2015 will CBR in allen Gesch\u00e4ftsbereichen und Gesellschaften den Echtbetrieb aufnehmen. Dabei soll die aktuell betriebene Eigenentwicklung vollst\u00e4ndig und ein Gro\u00dfteil der derzeit 126 verschiedenen Softwarel\u00f6sungen substituiert werden.<\/p>\n<p><b>CBR Fashion Group<\/b><\/p>\n<p>Die CBR Fashion Group geh\u00f6rt mit ihren Marken Street One und CECIL zu den Top Ten der Mode-Unternehmen Deutschlands. Gegr\u00fcndet im Jahr 1980 produziert CBR heute mit rund 800 Mitarbeitern 50 Millionen Fashion-Artikel pro Jahr. Dank der effizientesten Prozesse der Branche setzt CBR Trends schneller um als jeder Wettbewerber und bringt zw\u00f6lf aktuelle Kollektionen pro Jahr sowie 52 Flash-\/Repeat-Programme &#8211; zur schnellen Reaktion auf unerwartete Trends &#8211; auf den Markt. CBR beliefert insgesamt rund 8.100 Verkaufsstellen in 18 L\u00e4ndern, davon rund 3.100 Systemfl\u00e4chen (Stores, Shop-in-Stores, Corner) und etwa 5.000 Multilabel-Fl\u00e4chen.<\/p>\n<p><a href=\"http:\/\/www.cbr.de\/\"><b>www.cbr.de<\/b><\/a><br \/>\n<b><a href=\"http:\/\/allgeier.com\/de\/pressroom\/press-releases\/www.cecil.de\">www.cecil.de<\/a><\/b><a href=\"http:\/\/www.street-one.de\/\"><b><br \/>\nwww.street-one.de<\/b><\/a><\/p>\n<p><b><br \/>\nterna GmbH &#8211; Zentrum f\u00fcr Business Software<\/b><\/p>\n<p>terna bietet Full-Service rund um die Themenbereiche Business Software und Gesch\u00e4ftsprozess-Management im gehobenen Mittelstand. Als Tochtergesellschaft der Allgeier SE z\u00e4hlt terna zu den wichtigsten Anbietern von ERP Softwarel\u00f6sungen im deutschsprachigen Raum. Das Unternehmen mit Hauptsitz in Innsbruck besch\u00e4ftigt rund 200 Mitarbeiter an insgesamt 8 Standorten in \u00d6sterreich, Deutschland und in der Schweiz. Zu den Kernkompetenzen z\u00e4hlen die Analyse und Optimierung von Gesch\u00e4ftsprozessen, die optimale Auswahl und Anpassung von Business Software sowie die Implementierung der international f\u00fchrenden ERP L\u00f6sung Infor M3. Mit zahlreichen Branchenl\u00f6sungen bietet terna unterschiedlichsten Unternehmen individuelle und speziell auf ihre Anforderungen angepasste Unternehmenssoftware. Neben ERP Projekten realisiert terna zahlreiche Projekte im Bereich Business Intelligence. Applikationen f\u00fcr die mobile Erfassung von Logistik- und Servicetransaktionen befinden sich ebenfalls im Produktportfolio. terna ist Infor Gold Partner und damit auf der h\u00f6chsten Zertifizierungsstufe. Die terna Gruppe betreut aktuell 260 erfolgreiche, meist international agierende Produktions-, Dienstleistungs- und Gro\u00dfhandelsunternehmen.<\/p>\n<p><b><a href=\"http:\/\/www.terna.com\/\">www.terna.com<\/a><\/b><\/p>\n","protected":false},"excerpt":{"rendered":"<p>Innsbruck, 05. Februar 2014 &#8211; Die CBR Fashion Group z\u00e4hlt mit ihren Marken Street One und CECIL zu den Top Ten Mode-Unternehmen Deutschlands. Mit Infor M3 setzt das global agierende Fashion-Unternehmen auch in Sachen Unternehmenssoftware auf Modernit\u00e4t. Das Implementierungsprojekt f\u00fchrt das Systemhaus terna aus. Nicht nur in Sachen Mode beweist die CBR Fashion Group Trendsetter-Qualit\u00e4ten. &hellip; <\/p>\n","protected":false},"author":1,"featured_media":0,"parent":1169,"menu_order":0,"comment_status":"closed","ping_status":"closed","template":"","meta":{"_acf_changed":false,"footnotes":""},"categories":[7],"tags":[],"class_list":["post-1059","page","type-page","status-publish","hentry","category-pressemitteilungen"],"acf":[],"yoast_head":"<!-- This site is optimized with the Yoast SEO plugin v27.4 - https:\/\/yoast.com\/product\/yoast-seo-wordpress\/ -->\n<title>05022014 - Allgeier SE<\/title>\n<meta name=\"robots\" content=\"index, follow, max-snippet:-1, max-image-preview:large, max-video-preview:-1\" \/>\n<link rel=\"canonical\" href=\"https:\/\/www.allgeier.com\/de\/pressroom\/press-releases\/pr-05022014\/\" \/>\n<meta property=\"og:locale\" content=\"de_DE\" \/>\n<meta property=\"og:type\" content=\"article\" \/>\n<meta property=\"og:title\" content=\"05022014 - Allgeier SE\" \/>\n<meta property=\"og:description\" content=\"Innsbruck, 05. Februar 2014 &#8211; Die CBR Fashion Group z\u00e4hlt mit ihren Marken Street One und CECIL zu den Top Ten Mode-Unternehmen Deutschlands. Mit Infor M3 setzt das global agierende Fashion-Unternehmen auch in Sachen Unternehmenssoftware auf Modernit\u00e4t. Das Implementierungsprojekt f\u00fchrt das Systemhaus terna aus. Nicht nur in Sachen Mode beweist die CBR Fashion Group Trendsetter-Qualit\u00e4ten. &hellip;\" \/>\n<meta property=\"og:url\" content=\"https:\/\/www.allgeier.com\/de\/pressroom\/press-releases\/pr-05022014\/\" \/>\n<meta property=\"og:site_name\" content=\"Allgeier SE\" \/>\n<meta property=\"article:modified_time\" content=\"2025-02-05T18:20:54+00:00\" \/>\n<meta name=\"twitter:card\" content=\"summary_large_image\" \/>\n<meta name=\"twitter:label1\" content=\"Gesch\u00e4tzte Lesezeit\" \/>\n\t<meta name=\"twitter:data1\" content=\"4\u00a0Minuten\" \/>\n<script type=\"application\/ld+json\" class=\"yoast-schema-graph\">{\"@context\":\"https:\\\/\\\/schema.org\",\"@graph\":[{\"@type\":\"WebPage\",\"@id\":\"https:\\\/\\\/www.allgeier.com\\\/de\\\/pressroom\\\/press-releases\\\/pr-05022014\\\/\",\"url\":\"https:\\\/\\\/www.allgeier.com\\\/de\\\/pressroom\\\/press-releases\\\/pr-05022014\\\/\",\"name\":\"05022014 - Allgeier SE\",\"isPartOf\":{\"@id\":\"https:\\\/\\\/www.allgeier.com\\\/de\\\/#website\"},\"datePublished\":\"2014-02-05T11:54:34+00:00\",\"dateModified\":\"2025-02-05T18:20:54+00:00\",\"breadcrumb\":{\"@id\":\"https:\\\/\\\/www.allgeier.com\\\/de\\\/pressroom\\\/press-releases\\\/pr-05022014\\\/#breadcrumb\"},\"inLanguage\":\"de\",\"potentialAction\":[{\"@type\":\"ReadAction\",\"target\":[\"https:\\\/\\\/www.allgeier.com\\\/de\\\/pressroom\\\/press-releases\\\/pr-05022014\\\/\"]}]},{\"@type\":\"BreadcrumbList\",\"@id\":\"https:\\\/\\\/www.allgeier.com\\\/de\\\/pressroom\\\/press-releases\\\/pr-05022014\\\/#breadcrumb\",\"itemListElement\":[{\"@type\":\"ListItem\",\"position\":1,\"name\":\"Home\",\"item\":\"https:\\\/\\\/www.allgeier.com\\\/de\\\/\"},{\"@type\":\"ListItem\",\"position\":2,\"name\":\"Presse\",\"item\":\"https:\\\/\\\/www.allgeier.com\\\/de\\\/pressroom\\\/\"},{\"@type\":\"ListItem\",\"position\":3,\"name\":\"Pressemitteilungen\",\"item\":\"https:\\\/\\\/www.allgeier.com\\\/de\\\/pressroom\\\/press-releases\\\/\"},{\"@type\":\"ListItem\",\"position\":4,\"name\":\"05022014\"}]},{\"@type\":\"WebSite\",\"@id\":\"https:\\\/\\\/www.allgeier.com\\\/de\\\/#website\",\"url\":\"https:\\\/\\\/www.allgeier.com\\\/de\\\/\",\"name\":\"Allgeier SE\",\"description\":\"Software &amp; IT Services for digital transformation\",\"potentialAction\":[{\"@type\":\"SearchAction\",\"target\":{\"@type\":\"EntryPoint\",\"urlTemplate\":\"https:\\\/\\\/www.allgeier.com\\\/de\\\/?s={search_term_string}\"},\"query-input\":{\"@type\":\"PropertyValueSpecification\",\"valueRequired\":true,\"valueName\":\"search_term_string\"}}],\"inLanguage\":\"de\"}]}<\/script>\n<!-- \/ Yoast SEO plugin. -->","yoast_head_json":{"title":"05022014 - Allgeier SE","robots":{"index":"index","follow":"follow","max-snippet":"max-snippet:-1","max-image-preview":"max-image-preview:large","max-video-preview":"max-video-preview:-1"},"canonical":"https:\/\/www.allgeier.com\/de\/pressroom\/press-releases\/pr-05022014\/","og_locale":"de_DE","og_type":"article","og_title":"05022014 - Allgeier SE","og_description":"Innsbruck, 05. Februar 2014 &#8211; Die CBR Fashion Group z\u00e4hlt mit ihren Marken Street One und CECIL zu den Top Ten Mode-Unternehmen Deutschlands. Mit Infor M3 setzt das global agierende Fashion-Unternehmen auch in Sachen Unternehmenssoftware auf Modernit\u00e4t. Das Implementierungsprojekt f\u00fchrt das Systemhaus terna aus. Nicht nur in Sachen Mode beweist die CBR Fashion Group Trendsetter-Qualit\u00e4ten. &hellip;","og_url":"https:\/\/www.allgeier.com\/de\/pressroom\/press-releases\/pr-05022014\/","og_site_name":"Allgeier SE","article_modified_time":"2025-02-05T18:20:54+00:00","twitter_card":"summary_large_image","twitter_misc":{"Gesch\u00e4tzte Lesezeit":"4\u00a0Minuten"},"schema":{"@context":"https:\/\/schema.org","@graph":[{"@type":"WebPage","@id":"https:\/\/www.allgeier.com\/de\/pressroom\/press-releases\/pr-05022014\/","url":"https:\/\/www.allgeier.com\/de\/pressroom\/press-releases\/pr-05022014\/","name":"05022014 - Allgeier SE","isPartOf":{"@id":"https:\/\/www.allgeier.com\/de\/#website"},"datePublished":"2014-02-05T11:54:34+00:00","dateModified":"2025-02-05T18:20:54+00:00","breadcrumb":{"@id":"https:\/\/www.allgeier.com\/de\/pressroom\/press-releases\/pr-05022014\/#breadcrumb"},"inLanguage":"de","potentialAction":[{"@type":"ReadAction","target":["https:\/\/www.allgeier.com\/de\/pressroom\/press-releases\/pr-05022014\/"]}]},{"@type":"BreadcrumbList","@id":"https:\/\/www.allgeier.com\/de\/pressroom\/press-releases\/pr-05022014\/#breadcrumb","itemListElement":[{"@type":"ListItem","position":1,"name":"Home","item":"https:\/\/www.allgeier.com\/de\/"},{"@type":"ListItem","position":2,"name":"Presse","item":"https:\/\/www.allgeier.com\/de\/pressroom\/"},{"@type":"ListItem","position":3,"name":"Pressemitteilungen","item":"https:\/\/www.allgeier.com\/de\/pressroom\/press-releases\/"},{"@type":"ListItem","position":4,"name":"05022014"}]},{"@type":"WebSite","@id":"https:\/\/www.allgeier.com\/de\/#website","url":"https:\/\/www.allgeier.com\/de\/","name":"Allgeier SE","description":"Software &amp; IT Services for digital transformation","potentialAction":[{"@type":"SearchAction","target":{"@type":"EntryPoint","urlTemplate":"https:\/\/www.allgeier.com\/de\/?s={search_term_string}"},"query-input":{"@type":"PropertyValueSpecification","valueRequired":true,"valueName":"search_term_string"}}],"inLanguage":"de"}]}},"_links":{"self":[{"href":"https:\/\/www.allgeier.com\/de\/wp-json\/wp\/v2\/pages\/1059","targetHints":{"allow":["GET"]}}],"collection":[{"href":"https:\/\/www.allgeier.com\/de\/wp-json\/wp\/v2\/pages"}],"about":[{"href":"https:\/\/www.allgeier.com\/de\/wp-json\/wp\/v2\/types\/page"}],"author":[{"embeddable":true,"href":"https:\/\/www.allgeier.com\/de\/wp-json\/wp\/v2\/users\/1"}],"replies":[{"embeddable":true,"href":"https:\/\/www.allgeier.com\/de\/wp-json\/wp\/v2\/comments?post=1059"}],"version-history":[{"count":0,"href":"https:\/\/www.allgeier.com\/de\/wp-json\/wp\/v2\/pages\/1059\/revisions"}],"up":[{"embeddable":true,"href":"https:\/\/www.allgeier.com\/de\/wp-json\/wp\/v2\/pages\/1169"}],"wp:attachment":[{"href":"https:\/\/www.allgeier.com\/de\/wp-json\/wp\/v2\/media?parent=1059"}],"wp:term":[{"taxonomy":"category","embeddable":true,"href":"https:\/\/www.allgeier.com\/de\/wp-json\/wp\/v2\/categories?post=1059"},{"taxonomy":"post_tag","embeddable":true,"href":"https:\/\/www.allgeier.com\/de\/wp-json\/wp\/v2\/tags?post=1059"}],"curies":[{"name":"wp","href":"https:\/\/api.w.org\/{rel}","templated":true}]}}