{"id":1067,"date":"2014-01-27T11:59:39","date_gmt":"2014-01-27T11:59:39","guid":{"rendered":"http:\/\/www.allgeier.com\/en\/?page_id=1067"},"modified":"2025-02-05T18:25:24","modified_gmt":"2025-02-05T18:25:24","slug":"es-27012014","status":"publish","type":"page","link":"https:\/\/www.allgeier.com\/de\/pressroom\/press-releases\/es-27012014\/","title":{"rendered":"27012014"},"content":{"rendered":"<p><em>M\u00fcnchen, 27.01.2014<\/em> &#8211;\u00a0Xiopia GmbH, eine Tochtergesellschaft der Allgeier SE, hat mit Wirkung zum 01. Januar 2014 die WK EDV GmbH mit Sitz in Ingolstadt\/Neuburg a.d. Donau \u00fcbernommen.<\/p>\n<p>Die WK EDV GmbH ist spezialisiert auf individuelle Softwarel\u00f6sungen zur Optimierung von Gesch\u00e4ftsprozessen in gro\u00dfen und mittelst\u00e4ndischen Unternehmen. Schwerpunkte des Portfolios liegen auf IT-L\u00f6sungen f\u00fcr komplexe audiovisuelle Informationssysteme, Device Management f\u00fcr mobile und station\u00e4re Endger\u00e4te, Mobile Services sowie auf der Entwicklung mobiler Software. Das Unternehmen verf\u00fcgt \u00fcber eine starke Kompetenz in der Automotive-Branche.<\/p>\n<p>WK EDV besch\u00e4ftigt rund 130 Mitarbeiter an den Standorten Ingolstadt und Neuburg a.d. Donau. Die Gesellschaft ist \u00fcber die vergangenen Jahre kontinuierlich in Umsatz und Ertrag gewachsen.<\/p>\n<p><img decoding=\"async\" src=\"https:\/\/www.allgeier.com\/de\/wp-content\/uploads\/sites\/3\/2015\/03\/WK_Logo_rgb.jpg\" alt=\"\" \/><\/p>\n","protected":false},"excerpt":{"rendered":"<p>M\u00fcnchen, 27.01.2014 &#8211;\u00a0Xiopia GmbH, eine Tochtergesellschaft der Allgeier SE, hat mit Wirkung zum 01. Januar 2014 die WK EDV GmbH mit Sitz in Ingolstadt\/Neuburg a.d. Donau \u00fcbernommen. Die WK EDV GmbH ist spezialisiert auf individuelle Softwarel\u00f6sungen zur Optimierung von Gesch\u00e4ftsprozessen in gro\u00dfen und mittelst\u00e4ndischen Unternehmen. Schwerpunkte des Portfolios liegen auf IT-L\u00f6sungen f\u00fcr komplexe audiovisuelle Informationssysteme, &hellip; <\/p>\n","protected":false},"author":1,"featured_media":0,"parent":1169,"menu_order":0,"comment_status":"closed","ping_status":"closed","template":"","meta":{"_acf_changed":false,"footnotes":""},"categories":[7],"tags":[],"class_list":["post-1067","page","type-page","status-publish","hentry","category-pressemitteilungen"],"acf":[],"yoast_head":"<!-- This site is optimized with the Yoast SEO plugin v27.4 - https:\/\/yoast.com\/product\/yoast-seo-wordpress\/ -->\n<title>27012014 - Allgeier SE<\/title>\n<meta name=\"robots\" content=\"index, follow, max-snippet:-1, max-image-preview:large, max-video-preview:-1\" \/>\n<link rel=\"canonical\" href=\"https:\/\/www.allgeier.com\/de\/pressroom\/press-releases\/es-27012014\/\" \/>\n<meta property=\"og:locale\" content=\"de_DE\" \/>\n<meta property=\"og:type\" content=\"article\" \/>\n<meta property=\"og:title\" content=\"27012014 - Allgeier SE\" \/>\n<meta property=\"og:description\" content=\"M\u00fcnchen, 27.01.2014 &#8211;\u00a0Xiopia GmbH, eine Tochtergesellschaft der Allgeier SE, hat mit Wirkung zum 01. Januar 2014 die WK EDV GmbH mit Sitz in Ingolstadt\/Neuburg a.d. Donau \u00fcbernommen. Die WK EDV GmbH ist spezialisiert auf individuelle Softwarel\u00f6sungen zur Optimierung von Gesch\u00e4ftsprozessen in gro\u00dfen und mittelst\u00e4ndischen Unternehmen. Schwerpunkte des Portfolios liegen auf IT-L\u00f6sungen f\u00fcr komplexe audiovisuelle Informationssysteme, &hellip;\" \/>\n<meta property=\"og:url\" content=\"https:\/\/www.allgeier.com\/de\/pressroom\/press-releases\/es-27012014\/\" \/>\n<meta property=\"og:site_name\" content=\"Allgeier SE\" \/>\n<meta property=\"article:modified_time\" content=\"2025-02-05T18:25:24+00:00\" \/>\n<meta property=\"og:image\" content=\"https:\/\/www.allgeier.com\/de\/wp-content\/uploads\/sites\/3\/2015\/03\/WK_Logo_rgb.jpg\" \/>\n<meta name=\"twitter:card\" content=\"summary_large_image\" \/>\n<meta name=\"twitter:label1\" content=\"Gesch\u00e4tzte Lesezeit\" \/>\n\t<meta name=\"twitter:data1\" content=\"1\u00a0Minute\" \/>\n<script type=\"application\/ld+json\" class=\"yoast-schema-graph\">{\"@context\":\"https:\\\/\\\/schema.org\",\"@graph\":[{\"@type\":\"WebPage\",\"@id\":\"https:\\\/\\\/www.allgeier.com\\\/de\\\/pressroom\\\/press-releases\\\/es-27012014\\\/\",\"url\":\"https:\\\/\\\/www.allgeier.com\\\/de\\\/pressroom\\\/press-releases\\\/es-27012014\\\/\",\"name\":\"27012014 - Allgeier SE\",\"isPartOf\":{\"@id\":\"https:\\\/\\\/www.allgeier.com\\\/de\\\/#website\"},\"primaryImageOfPage\":{\"@id\":\"https:\\\/\\\/www.allgeier.com\\\/de\\\/pressroom\\\/press-releases\\\/es-27012014\\\/#primaryimage\"},\"image\":{\"@id\":\"https:\\\/\\\/www.allgeier.com\\\/de\\\/pressroom\\\/press-releases\\\/es-27012014\\\/#primaryimage\"},\"thumbnailUrl\":\"https:\\\/\\\/www.allgeier.com\\\/de\\\/wp-content\\\/uploads\\\/sites\\\/3\\\/2015\\\/03\\\/WK_Logo_rgb.jpg\",\"datePublished\":\"2014-01-27T11:59:39+00:00\",\"dateModified\":\"2025-02-05T18:25:24+00:00\",\"breadcrumb\":{\"@id\":\"https:\\\/\\\/www.allgeier.com\\\/de\\\/pressroom\\\/press-releases\\\/es-27012014\\\/#breadcrumb\"},\"inLanguage\":\"de\",\"potentialAction\":[{\"@type\":\"ReadAction\",\"target\":[\"https:\\\/\\\/www.allgeier.com\\\/de\\\/pressroom\\\/press-releases\\\/es-27012014\\\/\"]}]},{\"@type\":\"ImageObject\",\"inLanguage\":\"de\",\"@id\":\"https:\\\/\\\/www.allgeier.com\\\/de\\\/pressroom\\\/press-releases\\\/es-27012014\\\/#primaryimage\",\"url\":\"https:\\\/\\\/www.allgeier.com\\\/de\\\/wp-content\\\/uploads\\\/sites\\\/3\\\/2015\\\/03\\\/WK_Logo_rgb.jpg\",\"contentUrl\":\"https:\\\/\\\/www.allgeier.com\\\/de\\\/wp-content\\\/uploads\\\/sites\\\/3\\\/2015\\\/03\\\/WK_Logo_rgb.jpg\",\"width\":85,\"height\":85},{\"@type\":\"BreadcrumbList\",\"@id\":\"https:\\\/\\\/www.allgeier.com\\\/de\\\/pressroom\\\/press-releases\\\/es-27012014\\\/#breadcrumb\",\"itemListElement\":[{\"@type\":\"ListItem\",\"position\":1,\"name\":\"Home\",\"item\":\"https:\\\/\\\/www.allgeier.com\\\/de\\\/\"},{\"@type\":\"ListItem\",\"position\":2,\"name\":\"Presse\",\"item\":\"https:\\\/\\\/www.allgeier.com\\\/de\\\/pressroom\\\/\"},{\"@type\":\"ListItem\",\"position\":3,\"name\":\"Pressemitteilungen\",\"item\":\"https:\\\/\\\/www.allgeier.com\\\/de\\\/pressroom\\\/press-releases\\\/\"},{\"@type\":\"ListItem\",\"position\":4,\"name\":\"27012014\"}]},{\"@type\":\"WebSite\",\"@id\":\"https:\\\/\\\/www.allgeier.com\\\/de\\\/#website\",\"url\":\"https:\\\/\\\/www.allgeier.com\\\/de\\\/\",\"name\":\"Allgeier SE\",\"description\":\"Software &amp; IT Services for digital transformation\",\"potentialAction\":[{\"@type\":\"SearchAction\",\"target\":{\"@type\":\"EntryPoint\",\"urlTemplate\":\"https:\\\/\\\/www.allgeier.com\\\/de\\\/?s={search_term_string}\"},\"query-input\":{\"@type\":\"PropertyValueSpecification\",\"valueRequired\":true,\"valueName\":\"search_term_string\"}}],\"inLanguage\":\"de\"}]}<\/script>\n<!-- \/ Yoast SEO plugin. -->","yoast_head_json":{"title":"27012014 - Allgeier SE","robots":{"index":"index","follow":"follow","max-snippet":"max-snippet:-1","max-image-preview":"max-image-preview:large","max-video-preview":"max-video-preview:-1"},"canonical":"https:\/\/www.allgeier.com\/de\/pressroom\/press-releases\/es-27012014\/","og_locale":"de_DE","og_type":"article","og_title":"27012014 - Allgeier SE","og_description":"M\u00fcnchen, 27.01.2014 &#8211;\u00a0Xiopia GmbH, eine Tochtergesellschaft der Allgeier SE, hat mit Wirkung zum 01. Januar 2014 die WK EDV GmbH mit Sitz in Ingolstadt\/Neuburg a.d. Donau \u00fcbernommen. Die WK EDV GmbH ist spezialisiert auf individuelle Softwarel\u00f6sungen zur Optimierung von Gesch\u00e4ftsprozessen in gro\u00dfen und mittelst\u00e4ndischen Unternehmen. Schwerpunkte des Portfolios liegen auf IT-L\u00f6sungen f\u00fcr komplexe audiovisuelle Informationssysteme, &hellip;","og_url":"https:\/\/www.allgeier.com\/de\/pressroom\/press-releases\/es-27012014\/","og_site_name":"Allgeier SE","article_modified_time":"2025-02-05T18:25:24+00:00","og_image":[{"url":"https:\/\/www.allgeier.com\/de\/wp-content\/uploads\/sites\/3\/2015\/03\/WK_Logo_rgb.jpg","type":"","width":"","height":""}],"twitter_card":"summary_large_image","twitter_misc":{"Gesch\u00e4tzte Lesezeit":"1\u00a0Minute"},"schema":{"@context":"https:\/\/schema.org","@graph":[{"@type":"WebPage","@id":"https:\/\/www.allgeier.com\/de\/pressroom\/press-releases\/es-27012014\/","url":"https:\/\/www.allgeier.com\/de\/pressroom\/press-releases\/es-27012014\/","name":"27012014 - Allgeier SE","isPartOf":{"@id":"https:\/\/www.allgeier.com\/de\/#website"},"primaryImageOfPage":{"@id":"https:\/\/www.allgeier.com\/de\/pressroom\/press-releases\/es-27012014\/#primaryimage"},"image":{"@id":"https:\/\/www.allgeier.com\/de\/pressroom\/press-releases\/es-27012014\/#primaryimage"},"thumbnailUrl":"https:\/\/www.allgeier.com\/de\/wp-content\/uploads\/sites\/3\/2015\/03\/WK_Logo_rgb.jpg","datePublished":"2014-01-27T11:59:39+00:00","dateModified":"2025-02-05T18:25:24+00:00","breadcrumb":{"@id":"https:\/\/www.allgeier.com\/de\/pressroom\/press-releases\/es-27012014\/#breadcrumb"},"inLanguage":"de","potentialAction":[{"@type":"ReadAction","target":["https:\/\/www.allgeier.com\/de\/pressroom\/press-releases\/es-27012014\/"]}]},{"@type":"ImageObject","inLanguage":"de","@id":"https:\/\/www.allgeier.com\/de\/pressroom\/press-releases\/es-27012014\/#primaryimage","url":"https:\/\/www.allgeier.com\/de\/wp-content\/uploads\/sites\/3\/2015\/03\/WK_Logo_rgb.jpg","contentUrl":"https:\/\/www.allgeier.com\/de\/wp-content\/uploads\/sites\/3\/2015\/03\/WK_Logo_rgb.jpg","width":85,"height":85},{"@type":"BreadcrumbList","@id":"https:\/\/www.allgeier.com\/de\/pressroom\/press-releases\/es-27012014\/#breadcrumb","itemListElement":[{"@type":"ListItem","position":1,"name":"Home","item":"https:\/\/www.allgeier.com\/de\/"},{"@type":"ListItem","position":2,"name":"Presse","item":"https:\/\/www.allgeier.com\/de\/pressroom\/"},{"@type":"ListItem","position":3,"name":"Pressemitteilungen","item":"https:\/\/www.allgeier.com\/de\/pressroom\/press-releases\/"},{"@type":"ListItem","position":4,"name":"27012014"}]},{"@type":"WebSite","@id":"https:\/\/www.allgeier.com\/de\/#website","url":"https:\/\/www.allgeier.com\/de\/","name":"Allgeier SE","description":"Software &amp; IT Services for digital transformation","potentialAction":[{"@type":"SearchAction","target":{"@type":"EntryPoint","urlTemplate":"https:\/\/www.allgeier.com\/de\/?s={search_term_string}"},"query-input":{"@type":"PropertyValueSpecification","valueRequired":true,"valueName":"search_term_string"}}],"inLanguage":"de"}]}},"_links":{"self":[{"href":"https:\/\/www.allgeier.com\/de\/wp-json\/wp\/v2\/pages\/1067","targetHints":{"allow":["GET"]}}],"collection":[{"href":"https:\/\/www.allgeier.com\/de\/wp-json\/wp\/v2\/pages"}],"about":[{"href":"https:\/\/www.allgeier.com\/de\/wp-json\/wp\/v2\/types\/page"}],"author":[{"embeddable":true,"href":"https:\/\/www.allgeier.com\/de\/wp-json\/wp\/v2\/users\/1"}],"replies":[{"embeddable":true,"href":"https:\/\/www.allgeier.com\/de\/wp-json\/wp\/v2\/comments?post=1067"}],"version-history":[{"count":0,"href":"https:\/\/www.allgeier.com\/de\/wp-json\/wp\/v2\/pages\/1067\/revisions"}],"up":[{"embeddable":true,"href":"https:\/\/www.allgeier.com\/de\/wp-json\/wp\/v2\/pages\/1169"}],"wp:attachment":[{"href":"https:\/\/www.allgeier.com\/de\/wp-json\/wp\/v2\/media?parent=1067"}],"wp:term":[{"taxonomy":"category","embeddable":true,"href":"https:\/\/www.allgeier.com\/de\/wp-json\/wp\/v2\/categories?post=1067"},{"taxonomy":"post_tag","embeddable":true,"href":"https:\/\/www.allgeier.com\/de\/wp-json\/wp\/v2\/tags?post=1067"}],"curies":[{"name":"wp","href":"https:\/\/api.w.org\/{rel}","templated":true}]}}