{"id":1082,"date":"2014-01-27T10:12:29","date_gmt":"2014-01-27T10:12:29","guid":{"rendered":"http:\/\/www.allgeier.com\/en\/?page_id=1077"},"modified":"2025-02-05T18:36:54","modified_gmt":"2025-02-05T18:36:54","slug":"pr-27012014","status":"publish","type":"page","link":"https:\/\/www.allgeier.com\/de\/pressroom\/press-releases\/pr-27012014\/","title":{"rendered":"Pr-27012014"},"content":{"rendered":"<p><strong>Die multimediale Patientenakte<\/strong><\/p>\n<p><em>Alle medizinischen Systeme in einem zentralen, vollst\u00e4ndig digitalisierten Gesamtsystem zusammenf\u00fchren und dem medizinischen Personal bei Bedarf einfach und flexibel zur Verf\u00fcgung stellen zu k\u00f6nnen \u2013 was wie Zukunftsmusik klingt, wird in der Zusammenarbeit zwischen der Allgeier IT Solutions GmbH und der Essener Contilia Gruppe zur Realit\u00e4t. Mit der in dieser Form noch einmaligen L\u00f6sung will die Contilia als Tr\u00e4gergesellschaft zahlreicher medizinischer und sozialer Einrichtungen ihre Prozesse rund um die Digitalisierung der zu verwaltenden Dokumente\u00a0 zentralisieren und straffen.<\/em><\/p>\n<p><em>Bremen, den 27. Januar 2014 \u2013<\/em>\u00a0Mit rund 3.000 Mitarbeitern und einem Umsatz von 178 Mio. Euro ist die Con\u00ad\u00adtilia Gruppe einer der bedeutenden Ge\u00ad\u00ad\u00ad\u00ad\u00ad\u00ad\u00adsund\u00ad\u00adheits-Dienstleister der Metro\u00adpo\u00ad\u00adlregion Ruhr. Das Unter\u00ad\u00ad\u00ad\u00adnehmen verwaltet als Tr\u00e4gerorganisation eine Vielzahl von selbst\u00e4ndig gef\u00fchrten Kranken\u00adh\u00e4usern und Senioren\u00adein\u00adrich\u00ad\u00ad\u00ad\u00ad\u00ad\u00ad\u00adtungen, deren ambulante und sta\u00ad\u00adti\u00ad\u00ad\u00ado\u00ad\u00ad\u00adn\u00e4\u00ad\u00ad\u00ad\u00ad\u00ad\u00adre Leistungs\u00adan\u00ad\u00adge\u00adbote durch \u00c4rzte\u00adh\u00e4user, am\u00ad\u00adbu\u00ad\u00adlan\u00ad\u00adte Diens\u00ad\u00ad\u00ad\u00adte, Pr\u00e4\u00ad\u00adventions-, Fr\u00fch\u00ad\u00ad\u00aderkennungs- und Reha\u00adbi\u00ad\u00ad\u00adli\u00ad\u00adta\u00adtions\u00ad\u00ad\u00adleistungen erg\u00e4nzt werden. Um die Dokumenten-basierten und multimedial gest\u00fctzten Abl\u00e4ufe und Informationsprozesse innerhalb ihrer Einrichtungen zu optimieren, setzt die Contilia Gruppe k\u00fcnftig auf\u00a0<em>das\u00a0<strong>m<\/strong>ultimediale\u00a0<strong>D<\/strong>okumenten<strong>m<\/strong>anagement- und\u00a0<strong>A<\/strong>rchiv<strong>s<\/strong>ystems (mDMAS)\u00a0<\/em>der Allgeier IT Solutions.<\/p>\n<p><strong>Konsolidierung der medizinischen Informationssysteme<\/strong><\/p>\n<p>Im Zuge der Systemeinf\u00fchrung im Dezember 2013 und der einhergehenden Reorganisation der Informationsprozesse sollen s\u00e4mtliche multimedialen Objekte und Dokumente der verschiedenen Einrichtungen in innovativen Medical Clients und Cockpits sowie einem einheitlichen, zentralen\u00a0 Dokumentenmanagement- und Archivsystem konsolidiert werden. Das betrifft digital erzeugte oder gescannte Dokumente, Ger\u00e4te-Daten sowie medizinische Bilder und Videos. Eine Integration mit dem bestehenden Prim\u00e4rsystem\/KIS, den eingesetzten Subsystemen und Medizin-Ger\u00e4ten sorgt dabei f\u00fcr durchg\u00e4ngige Prozesse ohne Medienbr\u00fcche.<\/p>\n<p>\u201eUns hat \u00fcberzeugt, dass neben dem breiten Funktionsumfang durch die Zusammenf\u00fchrung von ECM und Multimedia-Archiv zu einem mDMAS auch unsere Restakten in einer schl\u00fcssigen Gesamt-Verarbeitungskette in der Allgeier.ScanFactory schnell, sicher und wirtschaftlich verarbeitet werden. Wir rechnen bereits in 2014 mit messbaren Vorteilen, die durch unser hauseigenes Kennzahlensystem ermittelt und \u00fcberpr\u00fcft werden\u201c, begr\u00fcndet Frank Kriege, Leiter Medizintechnik und IT bei Contilia die Entscheidung.<\/p>\n<p><strong>Nachhaltig zuverl\u00e4ssige Patientenversorgung bei gleichzeitig wirtschaftlichen Prozessen<\/strong><\/p>\n<p>Mit der Vermeidung von Papier, der Integration von Ger\u00e4tedaten und der Digitalisierung der Restakten soll die Informationsverf\u00fcgbarkeit bei \u00c4rzten und Pflegekr\u00e4ften nachhaltig optimiert und eine hochwertige, zuverl\u00e4ssige Patientenversorgung bei entsprechender Wirtschaftlichkeit in den Prozessen sichergestellt werden. Gleichzeitig wird der Anspruch an Rechtskonformit\u00e4t in Bezug auf elektronische Signaturen, Archivierung und die medizinische Dokumentation automatisch mit erf\u00fcllt.<\/p>\n<p>Bernhard Beslmeisl, Gesch\u00e4ftsf\u00fchrer und Leiter des Gesch\u00e4ftsbereiches ECM bei Allgeier IT Solutions, benennt wichtige Ziele des Projektes: \u201eGemeinsam mit dem Kunden haben wir den Nutzen im Vorfeld herausgearbeitet und machen diesen ab der Einf\u00fchrung auch messbar. Als KIS- bzw. Prim\u00e4rsystem-neutraler Anbieter, der mit einem breiten L\u00f6sungsportfolio treffsicher mehr und mehr Krankenh\u00e4user \u00fcberzeugt, sind wir dem wirtschaftlichen und qualitativen Erfolg unserer Kunden in Deutschland und international verpflichtet.\u201c<\/p>\n<p><strong>\u00dcber Allgeier IT Solutions:<\/strong><\/p>\n<p>Die Allgeier IT Solutions GmbH mit Sitz in Bremen wurde 1977 als Allgeier Computer GmbH gegr\u00fcndet. Das Unternehmen ist Teil der b\u00f6rsennotierten Allgeier SE und hat sich auf die Entwicklung, Vermarktung und Umsetzung ganzheitlicher L\u00f6sungen und Services in den Bereichen Cloud Solutions, Enterprise Content Management, Business Solutions, Compliance &amp; Security und Business Services spezialisiert. Das umfassende Leistungsspektrum von vollst\u00e4ndig integrierten IT Solutions und IT Services aus einer Hand macht Allgeier mit neun deutschlandweiten Standorten und einer Dependance in Wien, \u00d6sterreich, zu einem kompetenten und zuverl\u00e4ssigen IT Partner f\u00fcr mittelst\u00e4ndische und gro\u00dfe Unternehmen. Das fl\u00e4chendeckende Vertriebs- und Servicenetz wird erg\u00e4nzt durch ein europaweites Partnernetzwerk. Die Allgeier SE erwirtschaftete 2012 einen Umsatz von 423 Mio. EUR. Im Rahmen der allj\u00e4hrlichen Kundenumfrage von COMPUTERWOCHE und ChannelPartner wurde Allgeier zum \u201eBesten Systemhaus 2013\u201c gew\u00e4hlt.<\/p>\n","protected":false},"excerpt":{"rendered":"<p>Die multimediale Patientenakte Alle medizinischen Systeme in einem zentralen, vollst\u00e4ndig digitalisierten Gesamtsystem zusammenf\u00fchren und dem medizinischen Personal bei Bedarf einfach und flexibel zur Verf\u00fcgung stellen zu k\u00f6nnen \u2013 was wie Zukunftsmusik klingt, wird in der Zusammenarbeit zwischen der Allgeier IT Solutions GmbH und der Essener Contilia Gruppe zur Realit\u00e4t. Mit der in dieser Form noch &hellip; <\/p>\n","protected":false},"author":1,"featured_media":0,"parent":1169,"menu_order":0,"comment_status":"closed","ping_status":"closed","template":"","meta":{"_acf_changed":false,"footnotes":""},"categories":[7],"tags":[],"class_list":["post-1082","page","type-page","status-publish","hentry","category-pressemitteilungen"],"acf":[],"yoast_head":"<!-- This site is optimized with the Yoast SEO plugin v27.4 - https:\/\/yoast.com\/product\/yoast-seo-wordpress\/ -->\n<title>Pr-27012014 - Allgeier SE<\/title>\n<meta name=\"robots\" content=\"index, follow, max-snippet:-1, max-image-preview:large, max-video-preview:-1\" \/>\n<link rel=\"canonical\" href=\"https:\/\/www.allgeier.com\/de\/pressroom\/press-releases\/pr-27012014\/\" \/>\n<meta property=\"og:locale\" content=\"de_DE\" \/>\n<meta property=\"og:type\" content=\"article\" \/>\n<meta property=\"og:title\" content=\"Pr-27012014 - Allgeier SE\" \/>\n<meta property=\"og:description\" content=\"Die multimediale Patientenakte Alle medizinischen Systeme in einem zentralen, vollst\u00e4ndig digitalisierten Gesamtsystem zusammenf\u00fchren und dem medizinischen Personal bei Bedarf einfach und flexibel zur Verf\u00fcgung stellen zu k\u00f6nnen \u2013 was wie Zukunftsmusik klingt, wird in der Zusammenarbeit zwischen der Allgeier IT Solutions GmbH und der Essener Contilia Gruppe zur Realit\u00e4t. Mit der in dieser Form noch &hellip;\" \/>\n<meta property=\"og:url\" content=\"https:\/\/www.allgeier.com\/de\/pressroom\/press-releases\/pr-27012014\/\" \/>\n<meta property=\"og:site_name\" content=\"Allgeier SE\" \/>\n<meta property=\"article:modified_time\" content=\"2025-02-05T18:36:54+00:00\" \/>\n<meta name=\"twitter:card\" content=\"summary_large_image\" \/>\n<meta name=\"twitter:label1\" content=\"Gesch\u00e4tzte Lesezeit\" \/>\n\t<meta name=\"twitter:data1\" content=\"3\u00a0Minuten\" \/>\n<script type=\"application\/ld+json\" class=\"yoast-schema-graph\">{\"@context\":\"https:\\\/\\\/schema.org\",\"@graph\":[{\"@type\":\"WebPage\",\"@id\":\"https:\\\/\\\/www.allgeier.com\\\/de\\\/pressroom\\\/press-releases\\\/pr-27012014\\\/\",\"url\":\"https:\\\/\\\/www.allgeier.com\\\/de\\\/pressroom\\\/press-releases\\\/pr-27012014\\\/\",\"name\":\"Pr-27012014 - Allgeier SE\",\"isPartOf\":{\"@id\":\"https:\\\/\\\/www.allgeier.com\\\/de\\\/#website\"},\"datePublished\":\"2014-01-27T10:12:29+00:00\",\"dateModified\":\"2025-02-05T18:36:54+00:00\",\"breadcrumb\":{\"@id\":\"https:\\\/\\\/www.allgeier.com\\\/de\\\/pressroom\\\/press-releases\\\/pr-27012014\\\/#breadcrumb\"},\"inLanguage\":\"de\",\"potentialAction\":[{\"@type\":\"ReadAction\",\"target\":[\"https:\\\/\\\/www.allgeier.com\\\/de\\\/pressroom\\\/press-releases\\\/pr-27012014\\\/\"]}]},{\"@type\":\"BreadcrumbList\",\"@id\":\"https:\\\/\\\/www.allgeier.com\\\/de\\\/pressroom\\\/press-releases\\\/pr-27012014\\\/#breadcrumb\",\"itemListElement\":[{\"@type\":\"ListItem\",\"position\":1,\"name\":\"Home\",\"item\":\"https:\\\/\\\/www.allgeier.com\\\/de\\\/\"},{\"@type\":\"ListItem\",\"position\":2,\"name\":\"Presse\",\"item\":\"https:\\\/\\\/www.allgeier.com\\\/de\\\/pressroom\\\/\"},{\"@type\":\"ListItem\",\"position\":3,\"name\":\"Pressemitteilungen\",\"item\":\"https:\\\/\\\/www.allgeier.com\\\/de\\\/pressroom\\\/press-releases\\\/\"},{\"@type\":\"ListItem\",\"position\":4,\"name\":\"Pr-27012014\"}]},{\"@type\":\"WebSite\",\"@id\":\"https:\\\/\\\/www.allgeier.com\\\/de\\\/#website\",\"url\":\"https:\\\/\\\/www.allgeier.com\\\/de\\\/\",\"name\":\"Allgeier SE\",\"description\":\"Software &amp; IT Services for digital transformation\",\"potentialAction\":[{\"@type\":\"SearchAction\",\"target\":{\"@type\":\"EntryPoint\",\"urlTemplate\":\"https:\\\/\\\/www.allgeier.com\\\/de\\\/?s={search_term_string}\"},\"query-input\":{\"@type\":\"PropertyValueSpecification\",\"valueRequired\":true,\"valueName\":\"search_term_string\"}}],\"inLanguage\":\"de\"}]}<\/script>\n<!-- \/ Yoast SEO plugin. -->","yoast_head_json":{"title":"Pr-27012014 - Allgeier SE","robots":{"index":"index","follow":"follow","max-snippet":"max-snippet:-1","max-image-preview":"max-image-preview:large","max-video-preview":"max-video-preview:-1"},"canonical":"https:\/\/www.allgeier.com\/de\/pressroom\/press-releases\/pr-27012014\/","og_locale":"de_DE","og_type":"article","og_title":"Pr-27012014 - Allgeier SE","og_description":"Die multimediale Patientenakte Alle medizinischen Systeme in einem zentralen, vollst\u00e4ndig digitalisierten Gesamtsystem zusammenf\u00fchren und dem medizinischen Personal bei Bedarf einfach und flexibel zur Verf\u00fcgung stellen zu k\u00f6nnen \u2013 was wie Zukunftsmusik klingt, wird in der Zusammenarbeit zwischen der Allgeier IT Solutions GmbH und der Essener Contilia Gruppe zur Realit\u00e4t. Mit der in dieser Form noch &hellip;","og_url":"https:\/\/www.allgeier.com\/de\/pressroom\/press-releases\/pr-27012014\/","og_site_name":"Allgeier SE","article_modified_time":"2025-02-05T18:36:54+00:00","twitter_card":"summary_large_image","twitter_misc":{"Gesch\u00e4tzte Lesezeit":"3\u00a0Minuten"},"schema":{"@context":"https:\/\/schema.org","@graph":[{"@type":"WebPage","@id":"https:\/\/www.allgeier.com\/de\/pressroom\/press-releases\/pr-27012014\/","url":"https:\/\/www.allgeier.com\/de\/pressroom\/press-releases\/pr-27012014\/","name":"Pr-27012014 - Allgeier SE","isPartOf":{"@id":"https:\/\/www.allgeier.com\/de\/#website"},"datePublished":"2014-01-27T10:12:29+00:00","dateModified":"2025-02-05T18:36:54+00:00","breadcrumb":{"@id":"https:\/\/www.allgeier.com\/de\/pressroom\/press-releases\/pr-27012014\/#breadcrumb"},"inLanguage":"de","potentialAction":[{"@type":"ReadAction","target":["https:\/\/www.allgeier.com\/de\/pressroom\/press-releases\/pr-27012014\/"]}]},{"@type":"BreadcrumbList","@id":"https:\/\/www.allgeier.com\/de\/pressroom\/press-releases\/pr-27012014\/#breadcrumb","itemListElement":[{"@type":"ListItem","position":1,"name":"Home","item":"https:\/\/www.allgeier.com\/de\/"},{"@type":"ListItem","position":2,"name":"Presse","item":"https:\/\/www.allgeier.com\/de\/pressroom\/"},{"@type":"ListItem","position":3,"name":"Pressemitteilungen","item":"https:\/\/www.allgeier.com\/de\/pressroom\/press-releases\/"},{"@type":"ListItem","position":4,"name":"Pr-27012014"}]},{"@type":"WebSite","@id":"https:\/\/www.allgeier.com\/de\/#website","url":"https:\/\/www.allgeier.com\/de\/","name":"Allgeier SE","description":"Software &amp; IT Services for digital transformation","potentialAction":[{"@type":"SearchAction","target":{"@type":"EntryPoint","urlTemplate":"https:\/\/www.allgeier.com\/de\/?s={search_term_string}"},"query-input":{"@type":"PropertyValueSpecification","valueRequired":true,"valueName":"search_term_string"}}],"inLanguage":"de"}]}},"_links":{"self":[{"href":"https:\/\/www.allgeier.com\/de\/wp-json\/wp\/v2\/pages\/1082","targetHints":{"allow":["GET"]}}],"collection":[{"href":"https:\/\/www.allgeier.com\/de\/wp-json\/wp\/v2\/pages"}],"about":[{"href":"https:\/\/www.allgeier.com\/de\/wp-json\/wp\/v2\/types\/page"}],"author":[{"embeddable":true,"href":"https:\/\/www.allgeier.com\/de\/wp-json\/wp\/v2\/users\/1"}],"replies":[{"embeddable":true,"href":"https:\/\/www.allgeier.com\/de\/wp-json\/wp\/v2\/comments?post=1082"}],"version-history":[{"count":2,"href":"https:\/\/www.allgeier.com\/de\/wp-json\/wp\/v2\/pages\/1082\/revisions"}],"predecessor-version":[{"id":6186,"href":"https:\/\/www.allgeier.com\/de\/wp-json\/wp\/v2\/pages\/1082\/revisions\/6186"}],"up":[{"embeddable":true,"href":"https:\/\/www.allgeier.com\/de\/wp-json\/wp\/v2\/pages\/1169"}],"wp:attachment":[{"href":"https:\/\/www.allgeier.com\/de\/wp-json\/wp\/v2\/media?parent=1082"}],"wp:term":[{"taxonomy":"category","embeddable":true,"href":"https:\/\/www.allgeier.com\/de\/wp-json\/wp\/v2\/categories?post=1082"},{"taxonomy":"post_tag","embeddable":true,"href":"https:\/\/www.allgeier.com\/de\/wp-json\/wp\/v2\/tags?post=1082"}],"curies":[{"name":"wp","href":"https:\/\/api.w.org\/{rel}","templated":true}]}}