{"id":1146,"date":"2015-02-10T05:46:07","date_gmt":"2015-02-10T05:46:07","guid":{"rendered":"http:\/\/www.allgeier.com\/en\/?page_id=38"},"modified":"2025-11-10T13:11:40","modified_gmt":"2025-11-10T13:11:40","slug":"responsibility","status":"publish","type":"page","link":"https:\/\/www.allgeier.com\/de\/who-we-are\/responsibility\/","title":{"rendered":"Verantwortung"},"content":{"rendered":"<p>Die \u00dcbernahme unternehmerischer Verantwortung stellt f\u00fcr die Allgeier Unternehmen einen wichtigen Bestandteil der Gesch\u00e4ftst\u00e4tigkeit dar. Wir sind davon \u00fcberzeugt, dass wir unsere wirtschaftlichen Ziele dauerhaft nur durch einen verantwortungsvollen Umgang mit unseren Mitarbeitern, der Umwelt und der Gesellschaft erreichen k\u00f6nnen.<\/p>\n<p>Als mittelst\u00e4ndisch gepr\u00e4gte Unternehmensgruppe f\u00fchlen wir uns der Tradition des ehrbaren Kaufmanns verpflichtet und \u00fcbernehmen an vielen unterschiedlichen Stellen gesellschaftliche Verantwortung. Lernen Sie hier einige Beispiele f\u00fcr das Nachhaltigkeitsengagement unserer Gruppe kennen.<\/p>\n<p>&nbsp;<\/p>\n<p><strong>Stakeholder-Dialog<\/strong><\/p>\n<p>Ein offener, kontinuierlicher Austausch mit den verschiedenen Anspruchsgruppen ist uns wichtig. Wir m\u00f6chten die verschiedenen Handlungsfelder der Nachhaltigkeit bestm\u00f6glich in unserer Unternehmensstrategie ber\u00fccksichtigen. Darum laden wir Sie ein, <a href=\"https:\/\/app.cubemos.com\/assessments\/83580809\" target=\"_blank\" rel=\"noopener\">Ihre Bed\u00fcrfnisse und Anliegen in unsere Entscheidungsprozesse einzubringen<\/a>.<\/p>\n<p><strong><a href=\"https:\/\/app.cubemos.com\/assessments\/83580809\" target=\"_blank\" rel=\"noopener\">Hier k\u00f6nnen Sie sich an unserem Stakeholder-Dialog beteiligen.<\/a><\/strong><\/p>\n<p>&nbsp;<\/p>\n<p><strong>Allgeier CSR-Bericht<\/strong>: Erfahren Sie mehr zum Nachhaltigkeitsengagement der Allgeier-Gruppe im aktuellen <strong><a href=\"https:\/\/www.allgeier.com\/de\/wp-content\/uploads\/sites\/3\/2024\/05\/Allgeier-SE_CSR_2024_DE_LOW_DS.pdf\" target=\"_blank\" rel=\"noopener\">CSR-Bericht 2024<\/a><\/strong>.<\/p>\n<p><strong>Fr\u00fchere Nachhaltigkeitsberichte<\/strong>:<\/p>\n<p><a href=\"https:\/\/www.allgeier.com\/de\/wp-content\/uploads\/sites\/3\/2023\/05\/Allgeier-SE_CSR_2023_DE_LOW_DS.pdf\" target=\"_blank\" rel=\"noopener\">CSR-Bericht 2023<\/a><\/p>\n<p><a href=\"https:\/\/www.allgeier.com\/de\/wp-content\/uploads\/sites\/3\/2022\/05\/Allgeier-SE_CSR_2022_DE_LOW_DS.pdf\" target=\"_blank\" rel=\"noopener noreferrer\">CSR-Bericht 2022<\/a><\/p>\n<p><a href=\"https:\/\/www.allgeier.com\/de\/wp-content\/uploads\/sites\/3\/2021\/07\/Allgeier-SE_CSR_2021_DE_LOW_DS.pdf\" target=\"_blank\" rel=\"noopener noreferrer\">CSR-Bericht 2021<\/a><\/p>\n<p><a href=\"https:\/\/www.allgeier.com\/de\/wp-content\/uploads\/sites\/3\/2020\/06\/Allgeier_SE_CSR_2020_DE_LOW_DS-1.pdf\" target=\"_blank\" rel=\"noopener noreferrer\">CSR-Bericht 2020<\/a><\/p>\n<p><a href=\"https:\/\/www.allgeier.com\/de\/wp-content\/uploads\/sites\/3\/2018\/09\/Allgeier_SE_CSR_2018_DE_LOW_DS.pdf\" target=\"_blank\" rel=\"noopener noreferrer\">CSR-Bericht 2018<\/a><\/p>\n1\n","protected":false},"excerpt":{"rendered":"<p>Die \u00dcbernahme unternehmerischer Verantwortung stellt f\u00fcr die Allgeier Unternehmen einen wichtigen Bestandteil der Gesch\u00e4ftst\u00e4tigkeit dar. Wir sind davon \u00fcberzeugt, dass wir unsere wirtschaftlichen Ziele dauerhaft nur durch einen verantwortungsvollen Umgang mit unseren Mitarbeitern, der Umwelt und der Gesellschaft erreichen k\u00f6nnen. Als mittelst\u00e4ndisch gepr\u00e4gte Unternehmensgruppe f\u00fchlen wir uns der Tradition des ehrbaren Kaufmanns verpflichtet und \u00fcbernehmen &hellip; <\/p>\n","protected":false},"author":1,"featured_media":0,"parent":1141,"menu_order":0,"comment_status":"open","ping_status":"closed","template":"","meta":{"_acf_changed":false,"footnotes":""},"categories":[],"tags":[],"class_list":["post-1146","page","type-page","status-publish","hentry"],"acf":[],"yoast_head":"<!-- This site is optimized with the Yoast SEO plugin v27.3 - https:\/\/yoast.com\/product\/yoast-seo-wordpress\/ -->\n<title>Verantwortung - Allgeier SE<\/title>\n<meta name=\"robots\" content=\"index, follow, max-snippet:-1, max-image-preview:large, max-video-preview:-1\" \/>\n<link rel=\"canonical\" href=\"https:\/\/www.allgeier.com\/de\/who-we-are\/responsibility\/\" \/>\n<meta property=\"og:locale\" content=\"de_DE\" \/>\n<meta property=\"og:type\" content=\"article\" \/>\n<meta property=\"og:title\" content=\"Verantwortung - Allgeier SE\" \/>\n<meta property=\"og:description\" content=\"Die \u00dcbernahme unternehmerischer Verantwortung stellt f\u00fcr die Allgeier Unternehmen einen wichtigen Bestandteil der Gesch\u00e4ftst\u00e4tigkeit dar. Wir sind davon \u00fcberzeugt, dass wir unsere wirtschaftlichen Ziele dauerhaft nur durch einen verantwortungsvollen Umgang mit unseren Mitarbeitern, der Umwelt und der Gesellschaft erreichen k\u00f6nnen. Als mittelst\u00e4ndisch gepr\u00e4gte Unternehmensgruppe f\u00fchlen wir uns der Tradition des ehrbaren Kaufmanns verpflichtet und \u00fcbernehmen &hellip;\" \/>\n<meta property=\"og:url\" content=\"https:\/\/www.allgeier.com\/de\/who-we-are\/responsibility\/\" \/>\n<meta property=\"og:site_name\" content=\"Allgeier SE\" \/>\n<meta property=\"article:modified_time\" content=\"2025-11-10T13:11:40+00:00\" \/>\n<meta name=\"twitter:card\" content=\"summary_large_image\" \/>\n<meta name=\"twitter:label1\" content=\"Gesch\u00e4tzte Lesezeit\" \/>\n\t<meta name=\"twitter:data1\" content=\"1\u00a0Minute\" \/>\n<script type=\"application\/ld+json\" class=\"yoast-schema-graph\">{\"@context\":\"https:\\\/\\\/schema.org\",\"@graph\":[{\"@type\":\"WebPage\",\"@id\":\"https:\\\/\\\/www.allgeier.com\\\/de\\\/who-we-are\\\/responsibility\\\/\",\"url\":\"https:\\\/\\\/www.allgeier.com\\\/de\\\/who-we-are\\\/responsibility\\\/\",\"name\":\"Verantwortung - Allgeier SE\",\"isPartOf\":{\"@id\":\"https:\\\/\\\/www.allgeier.com\\\/de\\\/#website\"},\"datePublished\":\"2015-02-10T05:46:07+00:00\",\"dateModified\":\"2025-11-10T13:11:40+00:00\",\"breadcrumb\":{\"@id\":\"https:\\\/\\\/www.allgeier.com\\\/de\\\/who-we-are\\\/responsibility\\\/#breadcrumb\"},\"inLanguage\":\"de\",\"potentialAction\":[{\"@type\":\"ReadAction\",\"target\":[\"https:\\\/\\\/www.allgeier.com\\\/de\\\/who-we-are\\\/responsibility\\\/\"]}]},{\"@type\":\"BreadcrumbList\",\"@id\":\"https:\\\/\\\/www.allgeier.com\\\/de\\\/who-we-are\\\/responsibility\\\/#breadcrumb\",\"itemListElement\":[{\"@type\":\"ListItem\",\"position\":1,\"name\":\"Home\",\"item\":\"https:\\\/\\\/www.allgeier.com\\\/de\\\/\"},{\"@type\":\"ListItem\",\"position\":2,\"name\":\"Wer wir sind\",\"item\":\"https:\\\/\\\/www.allgeier.com\\\/de\\\/who-we-are\\\/\"},{\"@type\":\"ListItem\",\"position\":3,\"name\":\"Verantwortung\"}]},{\"@type\":\"WebSite\",\"@id\":\"https:\\\/\\\/www.allgeier.com\\\/de\\\/#website\",\"url\":\"https:\\\/\\\/www.allgeier.com\\\/de\\\/\",\"name\":\"Allgeier SE\",\"description\":\"Software &amp; IT Services for digital transformation\",\"potentialAction\":[{\"@type\":\"SearchAction\",\"target\":{\"@type\":\"EntryPoint\",\"urlTemplate\":\"https:\\\/\\\/www.allgeier.com\\\/de\\\/?s={search_term_string}\"},\"query-input\":{\"@type\":\"PropertyValueSpecification\",\"valueRequired\":true,\"valueName\":\"search_term_string\"}}],\"inLanguage\":\"de\"}]}<\/script>\n<!-- \/ Yoast SEO plugin. -->","yoast_head_json":{"title":"Verantwortung - Allgeier SE","robots":{"index":"index","follow":"follow","max-snippet":"max-snippet:-1","max-image-preview":"max-image-preview:large","max-video-preview":"max-video-preview:-1"},"canonical":"https:\/\/www.allgeier.com\/de\/who-we-are\/responsibility\/","og_locale":"de_DE","og_type":"article","og_title":"Verantwortung - Allgeier SE","og_description":"Die \u00dcbernahme unternehmerischer Verantwortung stellt f\u00fcr die Allgeier Unternehmen einen wichtigen Bestandteil der Gesch\u00e4ftst\u00e4tigkeit dar. Wir sind davon \u00fcberzeugt, dass wir unsere wirtschaftlichen Ziele dauerhaft nur durch einen verantwortungsvollen Umgang mit unseren Mitarbeitern, der Umwelt und der Gesellschaft erreichen k\u00f6nnen. Als mittelst\u00e4ndisch gepr\u00e4gte Unternehmensgruppe f\u00fchlen wir uns der Tradition des ehrbaren Kaufmanns verpflichtet und \u00fcbernehmen &hellip;","og_url":"https:\/\/www.allgeier.com\/de\/who-we-are\/responsibility\/","og_site_name":"Allgeier SE","article_modified_time":"2025-11-10T13:11:40+00:00","twitter_card":"summary_large_image","twitter_misc":{"Gesch\u00e4tzte Lesezeit":"1\u00a0Minute"},"schema":{"@context":"https:\/\/schema.org","@graph":[{"@type":"WebPage","@id":"https:\/\/www.allgeier.com\/de\/who-we-are\/responsibility\/","url":"https:\/\/www.allgeier.com\/de\/who-we-are\/responsibility\/","name":"Verantwortung - Allgeier SE","isPartOf":{"@id":"https:\/\/www.allgeier.com\/de\/#website"},"datePublished":"2015-02-10T05:46:07+00:00","dateModified":"2025-11-10T13:11:40+00:00","breadcrumb":{"@id":"https:\/\/www.allgeier.com\/de\/who-we-are\/responsibility\/#breadcrumb"},"inLanguage":"de","potentialAction":[{"@type":"ReadAction","target":["https:\/\/www.allgeier.com\/de\/who-we-are\/responsibility\/"]}]},{"@type":"BreadcrumbList","@id":"https:\/\/www.allgeier.com\/de\/who-we-are\/responsibility\/#breadcrumb","itemListElement":[{"@type":"ListItem","position":1,"name":"Home","item":"https:\/\/www.allgeier.com\/de\/"},{"@type":"ListItem","position":2,"name":"Wer wir sind","item":"https:\/\/www.allgeier.com\/de\/who-we-are\/"},{"@type":"ListItem","position":3,"name":"Verantwortung"}]},{"@type":"WebSite","@id":"https:\/\/www.allgeier.com\/de\/#website","url":"https:\/\/www.allgeier.com\/de\/","name":"Allgeier SE","description":"Software &amp; IT Services for digital transformation","potentialAction":[{"@type":"SearchAction","target":{"@type":"EntryPoint","urlTemplate":"https:\/\/www.allgeier.com\/de\/?s={search_term_string}"},"query-input":{"@type":"PropertyValueSpecification","valueRequired":true,"valueName":"search_term_string"}}],"inLanguage":"de"}]}},"_links":{"self":[{"href":"https:\/\/www.allgeier.com\/de\/wp-json\/wp\/v2\/pages\/1146","targetHints":{"allow":["GET"]}}],"collection":[{"href":"https:\/\/www.allgeier.com\/de\/wp-json\/wp\/v2\/pages"}],"about":[{"href":"https:\/\/www.allgeier.com\/de\/wp-json\/wp\/v2\/types\/page"}],"author":[{"embeddable":true,"href":"https:\/\/www.allgeier.com\/de\/wp-json\/wp\/v2\/users\/1"}],"replies":[{"embeddable":true,"href":"https:\/\/www.allgeier.com\/de\/wp-json\/wp\/v2\/comments?post=1146"}],"version-history":[{"count":3,"href":"https:\/\/www.allgeier.com\/de\/wp-json\/wp\/v2\/pages\/1146\/revisions"}],"predecessor-version":[{"id":1848,"href":"https:\/\/www.allgeier.com\/de\/wp-json\/wp\/v2\/pages\/1146\/revisions\/1848"}],"up":[{"embeddable":true,"href":"https:\/\/www.allgeier.com\/de\/wp-json\/wp\/v2\/pages\/1141"}],"wp:attachment":[{"href":"https:\/\/www.allgeier.com\/de\/wp-json\/wp\/v2\/media?parent=1146"}],"wp:term":[{"taxonomy":"category","embeddable":true,"href":"https:\/\/www.allgeier.com\/de\/wp-json\/wp\/v2\/categories?post=1146"},{"taxonomy":"post_tag","embeddable":true,"href":"https:\/\/www.allgeier.com\/de\/wp-json\/wp\/v2\/tags?post=1146"}],"curies":[{"name":"wp","href":"https:\/\/api.w.org\/{rel}","templated":true}]}}