{"id":1150,"date":"2015-02-11T06:36:56","date_gmt":"2015-02-11T06:36:56","guid":{"rendered":"http:\/\/www.allgeier.com\/en\/?page_id=73"},"modified":"2026-02-04T15:51:44","modified_gmt":"2026-02-04T15:51:44","slug":"allgeier-enterprise-it","status":"publish","type":"page","link":"https:\/\/www.allgeier.com\/de\/who-we-are\/divisions\/allgeier-enterprise-it\/","title":{"rendered":"Allgeier Enterprise IT"},"content":{"rendered":"<p>Das Segment Allgeier Enterprise IT ist ein <strong>Komplettanbieter von Software- &amp; IT-L\u00f6sungen und -Services f\u00fcr kritische Gesch\u00e4fts- und Verwaltungsprozesse<\/strong>\u00a0mit einer breiten und tiefgreifenden Expertise. Das Segment Enterprise IT unterst\u00fctzt globale Konzerne, mittelst\u00e4ndische Unternehmen sowie Auftraggeber des \u00f6ffentlichen Sektors bei der digitalen Transformation und der Optimierung ihrer digitalen Gesch\u00e4ftsprozesse entlang der gesamten Wertsch\u00f6pfungskette. Das Segment bietet den Kunden ein vollumf\u00e4ngliches IT-Services- und Projektportfolio f\u00fcr <strong>gro\u00dfe Softwareprojekte <\/strong>und langfristige Service- und Wartungsvertr\u00e4ge. Dabei entwerfen, realisieren und betreiben die Gesellschaften des Segments komplette IT-L\u00f6sungen f\u00fcr die Umsetzung und Unterst\u00fctzung von unternehmenskritischen Gesch\u00e4ftsprozessen der Kunden auf der Basis von Business-Software-Produkten. Dazu verwenden die Unternehmen des Segments eigene IP-basierte Softwarearchitektur und -l\u00f6sungen sowie marktf\u00fchrende Softwareprodukte und Plattformen f\u00fcr die Digitalisierung von Gesch\u00e4ftsprozessen in Zusammenarbeit mit Anbietern wie Microsoft, SAP, IBM und Oracle. Einen Schwerpunkt bildet die Entwicklung von Softwarel\u00f6sungen auf der Basis von Open-Source-Komponenten. Das Segment profitiert dabei gleicherma\u00dfen von der guten Positionierung der Allgeier-Gruppe als<strong> langj\u00e4hriger Digitalisierungspartner f\u00fcr die \u00f6ffentliche Hand<\/strong> einerseits, die auf einem breiten Erfahrungs- und spezifischen Know-how-Schatz und hervorragenden Referenzen beruht, sowie andererseits von dem hohen Bedarf einer weiteren und rascheren Digitalisierung des \u00d6ffentlichen Sektors und dessen Angeboten f\u00fcr B\u00fcrger und Unternehmen.<\/p>\n<p>Das Segment Allgeier Enterprise IT kann auf einen<strong> gro\u00dfen Ressourcenpool von hochqualifizierten Software- und IT-Experten<\/strong> zugreifen und somit ein hohes Ma\u00df an Skalierbarkeit und Flexibilit\u00e4t bei der Projektimplementierung und -betreuung gew\u00e4hrleisten. Die Mitarbeiter vereinen sowohl tiefgreifendes technisches Fachwissen als auch umfassendes Prozess- und Branchen-Know-how und Beratungsexpertise in den Bereichen Open-Source-Softwarentwicklung, Business Efficiency Solutions, Cyber- und IT-Security, Business-Process-Management, Enterprise-Content Management, Cloud\/Containerisierung und Mobile Anwendungen. Die Unternehmen des Segments schaffen mit ihren Beratungs-, Entwicklungs-, Projektierungs-, Implementierungs- und Betreuungsleistungen IT-L\u00f6sungen in den wesentlichen Kernbereichen f\u00fcr Business-Software wie:<\/p>\n<ul>\n<li><strong>Open-Source-Softwareentwicklung<\/strong>, insbesondere im Umfeld \u00f6ffentlicher Auftraggeber: Durch politische Themen wie die digitale Souver\u00e4nit\u00e4t, den europ\u00e4ischen Datenschutz oder die Initiative \u201ePublic Money, Public Code\u201c gewinnen Open-Source-L\u00f6sungen besonders im Umfeld \u00f6ffentlicher Auftraggeber stetig an Relevanz. Beginnend mit der Beratung rund um dieses Thema, \u00fcber die Open-Source-konforme Softwareentwicklung und die Entwicklung von Branchenl\u00f6sungen als Open-Source-Software bis hin zur langfristigen Betreuung entsprechender L\u00f6sungen aber auch ganzer Communities entsteht gerade ein vollkommen neuer Markt in Deutschland und Europa. Die Allgeier Enterprise IT positioniert sich im Wachstumsmarkt der Open-Source-Softwareentwicklung als Innovationsf\u00fchrer f\u00fcr die \u00f6ffentliche Verwaltung.<\/li>\n<\/ul>\n<ul>\n<li><strong>BDP \u2013 Business Digitalization Platform<\/strong>: In diesem Bereich liegen die urspr\u00fcnglichen Wurzeln des Allgeier-Konzerns. Mit der Eigenentwicklung syntona logic\u00ae, sowie f\u00fchrenden Softwarel\u00f6sungen internationaler Hersteller wie Microsoft und SAP und branchenspezifischen Erg\u00e4nzungen aus der itrade-Serie, werden Business Efficiency-L\u00f6sungen zur Digitalisierung der Gesch\u00e4ftsprozesse f\u00fcr Mittelstands- und Enterprise-Kunden umgesetzt.<\/li>\n<\/ul>\n<ul>\n<li><strong>Dokumentenmanagement (DMS)\/Enterprise-Content Management (ECM)<\/strong>: Mit dem eigenen digitalen Informationsmanagement mit integrierten DMS- und ECM-Funktionen metasonic\u00ae Doc Suite werden f\u00fcr Kunden dokumentenintensive Gesch\u00e4ftsprozesse unterst\u00fctzt und hocheffizient abgewickelt. Dabei wird die gesamte Wertsch\u00f6pfungskette der Bearbeitungsprozesse vom Erkennen, Herauslesen und Bearbeiten von Inhalten in professionellen Workflow-Abl\u00e4ufen bis zur revisionssicheren Archivierung unterst\u00fctzt. Die L\u00f6sungen werden auf Kundenwunsch in die IT-Infrastruktur des Kunden integriert oder als vollst\u00e4ndige Cloud-L\u00f6sungen mit Hosting in eigenen, deutschen Rechenzentren angeboten. Die Vorteile f\u00fcr Unternehmen, die eine ECM-L\u00f6sung wie die metasonic\u00ae Doc Suite nutzen, liegen auf der Hand: Sie k\u00f6nnen durch effizientere Prozesse jede Menge Geld und Zeit sparen. Die oftmals noch ausgepr\u00e4gte analoge B\u00fcroarbeit wird auf diese Weise im hohen Ma\u00dfe automatisiert und die Mitarbeiter werden entlastet.<\/li>\n<\/ul>\n<ul>\n<li><strong>Cyber-Security<\/strong>: Das Thema Datensicherheit wird f\u00fcr Organisationen aller Branchen und Gr\u00f6\u00dfen immer entscheidender. Das Segment vereint erfahrene Experten aus den Bereichen IT- und Cyber-Security sowie IT-Forensik und deckt mit einem umfassenden Portfolio aus Cyber- und IT-Security-Consulting, Operations sowie (Incident) Response &amp; Emergency die steigenden Anspr\u00fcche des IT-Security-Marktes vollumf\u00e4nglich ab. Das Segment bietet zudem eigene Softwarel\u00f6sungen, zum Beispiel f\u00fcr die Verschl\u00fcsselung von Sharepoint-Plattformen oder die Verschl\u00fcsselung des E-Mail-Verkehrs an. Die eigene IT-Security Softwarel\u00f6sung julia mailoffice kommt bereits bei zahlreichen Ministerien, Beh\u00f6rden und Gro\u00dfunternehmen zum Einsatz. EMILY und EMILY SP (SharePoint) sorgen f\u00fcr eine sichere Kollaboration.<\/li>\n<\/ul>\n<ul>\n<li><strong>SAP<\/strong>: Das Segment Enterprise IT bietet seinen Kunden Full-Stack-SAP-Services, die von der Projektberatung bis zu Managed Services f\u00fcr den gehobenen Mittelstand reicht.<\/li>\n<\/ul>\n<ul>\n<li><strong>Business-Process-Management (BPM)<\/strong>: In s\u00e4mtlichen Business-Software-Solutions geht es im Kern um die IT-unterst\u00fctzte Durchf\u00fchrung und Optimierung von Gesch\u00e4ftsprozessen. Im Zusammenspiel mit einer Vielzahl von Softwareprodukten und bei immer schneller werdenden \u00c4nderungszyklen f\u00fcr Software und Gesch\u00e4ftsabl\u00e4ufe m\u00fcssen Prozess-Tools besonders flexibel sein. Mit der Software metasonic\u00ae Process Suite, einer BPM-Software modernster Generation und Plattform f\u00fcr dynamische Prozess-Applikationen, kann Allgeier Kunden dabei unterst\u00fctzen, in erheblich k\u00fcrzeren Zyklen ma\u00dfgeschneiderte Softwarel\u00f6sungen herzustellen. Mit interaktiven Touchscreens wird es sogar besonders einfach: An ihnen k\u00f6nnen Teams spielerisch ihre Gesch\u00e4ftsabl\u00e4ufe zusammenstellen und im Handumdrehen funktionsf\u00e4hige Applikationen bauen \u2013 ganz ohne Programmieraufwand.<\/li>\n<\/ul>\n<ul>\n<li><strong>Cloud-L\u00f6sungen<\/strong>: Das Segment Enterprise IT baut und betreibt f\u00fcr seine Kunden eine Vielzahl von Cloud-L\u00f6sungen in den oben genannten Bereichen. Die Softwarel\u00f6sungen k\u00f6nnen sowohl in privaten Cloud-Umgebungen (Unternehmens-Cloud) als auch in Allgeier-Rechenzentren oder \u00f6ffentlichen Cloud-Umgebungen (Public Cloud) betrieben werden. An erster Stelle stehen h\u00f6chste Daten- und Ausfallsicherheit wie auch Zuverl\u00e4ssigkeit und Belastbarkeit bei hohem Datenaufkommen. Die Angebote des Segments nutzen neben vielen mittelst\u00e4ndischen Unternehmen auch gro\u00dfe international t\u00e4tige Konzerne und die \u00f6ffentliche Hand.<\/li>\n<\/ul>\n<ul>\n<li><strong>Mobile<\/strong>: F\u00fcr den Zugang zu den verarbeiteten Daten werden Benutzeroberfl\u00e4chen f\u00fcr verschiedenste mobile Endger\u00e4te (Mobile Devices) zum Standard moderner Business-Software. Das Segment Enterprise IT setzt f\u00fcr viele Anwendungen individuelle L\u00f6sungen im Bereich Mobile Applications um.<\/li>\n<\/ul>\n<p>Die Unternehmen des Segments Allgeier Enterprise IT waren im zur\u00fcckliegenden Gesch\u00e4ftsjahr 2022 f\u00fcr <strong>mehr als 2.000 Kunden<\/strong> in Deutschland und international t\u00e4tig. Dazu z\u00e4hlen Gro\u00dfunternehmen wie beispielsweise <strong>18 der 40 DAX-Unternehmen<\/strong> ebenso wie eine Vielzahl \u00f6ffentlicher Auftraggeber auf den verschiedenen f\u00f6deralen Ebenen und zahlreiche mittelst\u00e4ndische Unternehmen. Die Kunden verteilen sich breit auf eine Reihe unterschiedlicher Branchen. Besonderes Branchen-Know-how weisen die Unternehmen des Segments in den Bereichen Public\/\u00d6ffentliche Auftraggeber sowie Versicherungen\/Banken und Industrie auf.<\/p>\n<p>Die Unternehmen des Segments Allgeier Enterprise IT hatten zum 30. Juni 2023 <strong>37 Standorte<\/strong>, davon 27 in Deutschland, sechs im europ\u00e4ischen Ausland (Schweiz, \u00d6sterreich, Spanien, Polen), einen in den USA und drei in Indien.<\/p>\n","protected":false},"excerpt":{"rendered":"<p>Das Segment Allgeier Enterprise IT ist ein Komplettanbieter von Software- &amp; IT-L\u00f6sungen und -Services f\u00fcr kritische Gesch\u00e4fts- und Verwaltungsprozesse\u00a0mit einer breiten und tiefgreifenden Expertise. Das Segment Enterprise IT unterst\u00fctzt globale Konzerne, mittelst\u00e4ndische Unternehmen sowie Auftraggeber des \u00f6ffentlichen Sektors bei der digitalen Transformation und der Optimierung ihrer digitalen Gesch\u00e4ftsprozesse entlang der gesamten Wertsch\u00f6pfungskette. Das Segment bietet &hellip; <\/p>\n","protected":false},"author":1,"featured_media":0,"parent":1144,"menu_order":0,"comment_status":"open","ping_status":"open","template":"","meta":{"_acf_changed":false,"footnotes":""},"categories":[],"tags":[],"class_list":["post-1150","page","type-page","status-publish","hentry"],"acf":[],"yoast_head":"<!-- This site is optimized with the Yoast SEO plugin v27.3 - https:\/\/yoast.com\/product\/yoast-seo-wordpress\/ -->\n<title>Allgeier Enterprise IT - Allgeier SE<\/title>\n<meta name=\"robots\" content=\"index, follow, max-snippet:-1, max-image-preview:large, max-video-preview:-1\" \/>\n<link rel=\"canonical\" href=\"https:\/\/www.allgeier.com\/de\/who-we-are\/divisions\/allgeier-enterprise-it\/\" \/>\n<meta property=\"og:locale\" content=\"de_DE\" \/>\n<meta property=\"og:type\" content=\"article\" \/>\n<meta property=\"og:title\" content=\"Allgeier Enterprise IT - Allgeier SE\" \/>\n<meta property=\"og:description\" content=\"Das Segment Allgeier Enterprise IT ist ein Komplettanbieter von Software- &amp; IT-L\u00f6sungen und -Services f\u00fcr kritische Gesch\u00e4fts- und Verwaltungsprozesse\u00a0mit einer breiten und tiefgreifenden Expertise. Das Segment Enterprise IT unterst\u00fctzt globale Konzerne, mittelst\u00e4ndische Unternehmen sowie Auftraggeber des \u00f6ffentlichen Sektors bei der digitalen Transformation und der Optimierung ihrer digitalen Gesch\u00e4ftsprozesse entlang der gesamten Wertsch\u00f6pfungskette. Das Segment bietet &hellip;\" \/>\n<meta property=\"og:url\" content=\"https:\/\/www.allgeier.com\/de\/who-we-are\/divisions\/allgeier-enterprise-it\/\" \/>\n<meta property=\"og:site_name\" content=\"Allgeier SE\" \/>\n<meta property=\"article:modified_time\" content=\"2026-02-04T15:51:44+00:00\" \/>\n<meta name=\"twitter:card\" content=\"summary_large_image\" \/>\n<meta name=\"twitter:label1\" content=\"Gesch\u00e4tzte Lesezeit\" \/>\n\t<meta name=\"twitter:data1\" content=\"6\u00a0Minuten\" \/>\n<script type=\"application\/ld+json\" class=\"yoast-schema-graph\">{\"@context\":\"https:\\\/\\\/schema.org\",\"@graph\":[{\"@type\":\"WebPage\",\"@id\":\"https:\\\/\\\/www.allgeier.com\\\/de\\\/who-we-are\\\/divisions\\\/allgeier-enterprise-it\\\/\",\"url\":\"https:\\\/\\\/www.allgeier.com\\\/de\\\/who-we-are\\\/divisions\\\/allgeier-enterprise-it\\\/\",\"name\":\"Allgeier Enterprise IT - Allgeier SE\",\"isPartOf\":{\"@id\":\"https:\\\/\\\/www.allgeier.com\\\/de\\\/#website\"},\"datePublished\":\"2015-02-11T06:36:56+00:00\",\"dateModified\":\"2026-02-04T15:51:44+00:00\",\"breadcrumb\":{\"@id\":\"https:\\\/\\\/www.allgeier.com\\\/de\\\/who-we-are\\\/divisions\\\/allgeier-enterprise-it\\\/#breadcrumb\"},\"inLanguage\":\"de\",\"potentialAction\":[{\"@type\":\"ReadAction\",\"target\":[\"https:\\\/\\\/www.allgeier.com\\\/de\\\/who-we-are\\\/divisions\\\/allgeier-enterprise-it\\\/\"]}]},{\"@type\":\"BreadcrumbList\",\"@id\":\"https:\\\/\\\/www.allgeier.com\\\/de\\\/who-we-are\\\/divisions\\\/allgeier-enterprise-it\\\/#breadcrumb\",\"itemListElement\":[{\"@type\":\"ListItem\",\"position\":1,\"name\":\"Home\",\"item\":\"https:\\\/\\\/www.allgeier.com\\\/de\\\/\"},{\"@type\":\"ListItem\",\"position\":2,\"name\":\"Wer wir sind\",\"item\":\"https:\\\/\\\/www.allgeier.com\\\/de\\\/who-we-are\\\/\"},{\"@type\":\"ListItem\",\"position\":3,\"name\":\"Segmente\",\"item\":\"https:\\\/\\\/www.allgeier.com\\\/de\\\/who-we-are\\\/divisions\\\/\"},{\"@type\":\"ListItem\",\"position\":4,\"name\":\"Allgeier Enterprise IT\"}]},{\"@type\":\"WebSite\",\"@id\":\"https:\\\/\\\/www.allgeier.com\\\/de\\\/#website\",\"url\":\"https:\\\/\\\/www.allgeier.com\\\/de\\\/\",\"name\":\"Allgeier SE\",\"description\":\"Software &amp; IT Services for digital transformation\",\"potentialAction\":[{\"@type\":\"SearchAction\",\"target\":{\"@type\":\"EntryPoint\",\"urlTemplate\":\"https:\\\/\\\/www.allgeier.com\\\/de\\\/?s={search_term_string}\"},\"query-input\":{\"@type\":\"PropertyValueSpecification\",\"valueRequired\":true,\"valueName\":\"search_term_string\"}}],\"inLanguage\":\"de\"}]}<\/script>\n<!-- \/ Yoast SEO plugin. -->","yoast_head_json":{"title":"Allgeier Enterprise IT - Allgeier SE","robots":{"index":"index","follow":"follow","max-snippet":"max-snippet:-1","max-image-preview":"max-image-preview:large","max-video-preview":"max-video-preview:-1"},"canonical":"https:\/\/www.allgeier.com\/de\/who-we-are\/divisions\/allgeier-enterprise-it\/","og_locale":"de_DE","og_type":"article","og_title":"Allgeier Enterprise IT - Allgeier SE","og_description":"Das Segment Allgeier Enterprise IT ist ein Komplettanbieter von Software- &amp; IT-L\u00f6sungen und -Services f\u00fcr kritische Gesch\u00e4fts- und Verwaltungsprozesse\u00a0mit einer breiten und tiefgreifenden Expertise. Das Segment Enterprise IT unterst\u00fctzt globale Konzerne, mittelst\u00e4ndische Unternehmen sowie Auftraggeber des \u00f6ffentlichen Sektors bei der digitalen Transformation und der Optimierung ihrer digitalen Gesch\u00e4ftsprozesse entlang der gesamten Wertsch\u00f6pfungskette. Das Segment bietet &hellip;","og_url":"https:\/\/www.allgeier.com\/de\/who-we-are\/divisions\/allgeier-enterprise-it\/","og_site_name":"Allgeier SE","article_modified_time":"2026-02-04T15:51:44+00:00","twitter_card":"summary_large_image","twitter_misc":{"Gesch\u00e4tzte Lesezeit":"6\u00a0Minuten"},"schema":{"@context":"https:\/\/schema.org","@graph":[{"@type":"WebPage","@id":"https:\/\/www.allgeier.com\/de\/who-we-are\/divisions\/allgeier-enterprise-it\/","url":"https:\/\/www.allgeier.com\/de\/who-we-are\/divisions\/allgeier-enterprise-it\/","name":"Allgeier Enterprise IT - Allgeier SE","isPartOf":{"@id":"https:\/\/www.allgeier.com\/de\/#website"},"datePublished":"2015-02-11T06:36:56+00:00","dateModified":"2026-02-04T15:51:44+00:00","breadcrumb":{"@id":"https:\/\/www.allgeier.com\/de\/who-we-are\/divisions\/allgeier-enterprise-it\/#breadcrumb"},"inLanguage":"de","potentialAction":[{"@type":"ReadAction","target":["https:\/\/www.allgeier.com\/de\/who-we-are\/divisions\/allgeier-enterprise-it\/"]}]},{"@type":"BreadcrumbList","@id":"https:\/\/www.allgeier.com\/de\/who-we-are\/divisions\/allgeier-enterprise-it\/#breadcrumb","itemListElement":[{"@type":"ListItem","position":1,"name":"Home","item":"https:\/\/www.allgeier.com\/de\/"},{"@type":"ListItem","position":2,"name":"Wer wir sind","item":"https:\/\/www.allgeier.com\/de\/who-we-are\/"},{"@type":"ListItem","position":3,"name":"Segmente","item":"https:\/\/www.allgeier.com\/de\/who-we-are\/divisions\/"},{"@type":"ListItem","position":4,"name":"Allgeier Enterprise IT"}]},{"@type":"WebSite","@id":"https:\/\/www.allgeier.com\/de\/#website","url":"https:\/\/www.allgeier.com\/de\/","name":"Allgeier SE","description":"Software &amp; IT Services for digital transformation","potentialAction":[{"@type":"SearchAction","target":{"@type":"EntryPoint","urlTemplate":"https:\/\/www.allgeier.com\/de\/?s={search_term_string}"},"query-input":{"@type":"PropertyValueSpecification","valueRequired":true,"valueName":"search_term_string"}}],"inLanguage":"de"}]}},"_links":{"self":[{"href":"https:\/\/www.allgeier.com\/de\/wp-json\/wp\/v2\/pages\/1150","targetHints":{"allow":["GET"]}}],"collection":[{"href":"https:\/\/www.allgeier.com\/de\/wp-json\/wp\/v2\/pages"}],"about":[{"href":"https:\/\/www.allgeier.com\/de\/wp-json\/wp\/v2\/types\/page"}],"author":[{"embeddable":true,"href":"https:\/\/www.allgeier.com\/de\/wp-json\/wp\/v2\/users\/1"}],"replies":[{"embeddable":true,"href":"https:\/\/www.allgeier.com\/de\/wp-json\/wp\/v2\/comments?post=1150"}],"version-history":[{"count":2,"href":"https:\/\/www.allgeier.com\/de\/wp-json\/wp\/v2\/pages\/1150\/revisions"}],"predecessor-version":[{"id":3333,"href":"https:\/\/www.allgeier.com\/de\/wp-json\/wp\/v2\/pages\/1150\/revisions\/3333"}],"up":[{"embeddable":true,"href":"https:\/\/www.allgeier.com\/de\/wp-json\/wp\/v2\/pages\/1144"}],"wp:attachment":[{"href":"https:\/\/www.allgeier.com\/de\/wp-json\/wp\/v2\/media?parent=1150"}],"wp:term":[{"taxonomy":"category","embeddable":true,"href":"https:\/\/www.allgeier.com\/de\/wp-json\/wp\/v2\/categories?post=1150"},{"taxonomy":"post_tag","embeddable":true,"href":"https:\/\/www.allgeier.com\/de\/wp-json\/wp\/v2\/tags?post=1150"}],"curies":[{"name":"wp","href":"https:\/\/api.w.org\/{rel}","templated":true}]}}