{"id":1152,"date":"2015-02-11T06:40:27","date_gmt":"2015-02-11T06:40:27","guid":{"rendered":"http:\/\/www.allgeier.com\/en\/?page_id=85"},"modified":"2023-09-07T10:51:10","modified_gmt":"2023-09-07T10:51:10","slug":"mgm-technology-partners","status":"publish","type":"page","link":"https:\/\/www.allgeier.com\/de\/who-we-are\/divisions\/mgm-technology-partners\/","title":{"rendered":"mgm technology partners"},"content":{"rendered":"<p>Das Segment mgm technology partners (\u201emgm\u201c) ist ein internationales Softwareunternehmen, das zu den <strong>f\u00fchrenden Anbietern f\u00fcr E-Government und Commerce-L\u00f6sungen<\/strong> in Deutschland geh\u00f6rt. mgm steht f\u00fcr ein integriertes Serviceangebot: Von der selbst entwickelten und angebotenen A12 Enterprise-Low-Code-Plattform \u00fcber die vollst\u00e4ndige Abwicklung von individuellen Enterprise Projekten bis hin zum sicheren Betrieb der Software in moderner Cloud-Infrastruktur. Nachhaltiges, model-driven Software Engineering bedeutet dabei f\u00fcr mgm die langfristige Verantwortungs\u00fcbernahme und Weiterentwicklung komplexer Gesch\u00e4ftsanwendungen. Die Vorteile des Low-Code-Prinzips schaffen dabei langfristig Effizienz: Fachexperten ohne Programmierkenntnisse k\u00f6nnen Anpassungen und das Erstellen neuer Anwendungen umsetzen. Daf\u00fcr arbeitet mgm auch mit mehreren Universit\u00e4ten (RWTH Aachen, Universit\u00e4t Basel, LMU M\u00fcnchen) zusammen, um die f\u00fchrende Position auszubauen.<\/p>\n<p>mgm wird insbesondere bei <strong>gro\u00dfen und langlaufenden Softwareprojekten<\/strong> ausgew\u00e4hlt, wenn Skalierbarkeit, Sicherheit und Zuverl\u00e4ssigkeit im Mittelpunkt stehen, z. B. bei ELSTER Online und Kunden wie Lidl oder Allianz. Dies macht mgm zum starken Partner f\u00fcr Handel, Versicherungen und den \u00f6ffentlichen Sektor \u2013 Branchen, die f\u00fcr die kommenden Jahre allesamt eine starke Digitalisierungsdynamik aufweisen.<\/p>\n<p>Zusammen mit dem dedizierten Serviceangebot der Tochterunternehmen <a href=\"https:\/\/www.mgm-cp.com\" target=\"_blank\" rel=\"noopener\">mgm consulting partners<\/a> (Managementberatung), <a href=\"https:\/\/www.mgm-sp.com\/\" target=\"_blank\" rel=\"noopener\">mgm security partners<\/a> (Security), <a href=\"https:\/\/mgm-ip.de\/de\/\" target=\"_blank\" rel=\"noopener\">mgm integration partners<\/a>\u00a0(SAP-Prozessoptimierung) und <a href=\"https:\/\/www.qfs.de\" target=\"_blank\" rel=\"noopener\">QFS Quality First Software<\/a> (Testautomatisierung) deckt mgm die <strong>komplette<\/strong><br \/>\n<strong>Bandbreite f\u00fcr Digitalisierungsprojekte<\/strong> ab: Von Digital Consulting und Software Development \u00fcber Integration, SAP, S\/4HANA bis hin zu Infrastruktur, Managed Services und Cloud.<\/p>\n<p>mgm hat die eigenen Software-Produktionsprozesse in den zur\u00fcckliegenden Jahren konsequent verbessert \u2013 hin zu einer projekt\u00fcbergreifenden Optimierung. Ergebnis ist eine eigene Produktentwicklung auf Basis der <strong>eigenen <a href=\"https:\/\/www.mgm-tp.com\/a12.html\" target=\"_blank\" rel=\"noopener\">A12 Enterprise-Low-Code-Plattform<\/a><\/strong>. Darauf aufbauend werden Softwareprodukte wie mgm Cosmo (Branchenl\u00f6sung f\u00fcr Industrieversicherungen) und TMT (Testmanagement f\u00fcr Softwareentwicklung) angeboten. mgm bringt so die im eigenen Unternehmen erprobten Vorgehensmodelle und Werkzeuge in den Markt und wird damit ein wertvoller Partner f\u00fcr alle Unternehmen, die mehr und mehr Softwarekompetenz in ihrer Wertsch\u00f6pfungskette aufbauen m\u00fcssen.<br \/>\nJe mehr Anwendungen nach diesem industriellen Fertigungsansatz umgesetzt werden, umso st\u00e4rker werden mgm und auch die Kunden von diesem skalierbaren Ansatz profitieren. mgm folgt dabei dem Ansatz der <strong>Digitalen Souver\u00e4nit\u00e4t<\/strong>, nach der jedes Unternehmen die Hoheit und das Wissen \u00fcber die eigenen IT-Systeme und Daten beh\u00e4lt.<\/p>\n<p>mgm ist auf die Branchen Commerce, Insurance und Public Sector spezialisiert, die besonders krisenstabil bzw. krisenunanf\u00e4llig sind.<\/p>\n<p><strong>Public Sector<\/strong><\/p>\n<ul>\n<li>mgm steht als Technologiepartner und Entwickler hinter ELSTER, der elektronischen Steuererkl\u00e4rung in Deutschland. Heute werden Einkommensteuererkl\u00e4rungen von mehr als 30 Mio. B\u00fcrgern \u00fcber von mgm entwickelte Software an die Finanzverwaltungen \u00fcbertragen.<br \/>\nDie vollst\u00e4ndige Datenvalidierung, Datenverschl\u00fcsselung und \u00dcbermittlung erfolgen entweder \u00fcber elster.de oder mittels der Komponente ERiC (ELSTER Rich Client), die ebenfalls von mgm betreut wird und in s\u00e4mtlichen Steuerprogrammen eingebunden ist. In Summe haben die Systeme 2022 \u00fcber 62 Mio. abgegebene Erkl\u00e4rungen zur Einkommensteuer, K\u00f6rperschaftsteuer, Umsatzsteuer und Grundsteuer verarbeitet \u2013 plus Einnahme\u00fcberschussrechnungen, Feststellungserkl\u00e4rungen und anderen Vorg\u00e4ngen. Von Unternehmen und Organisationen kamen knapp 56 Mio. Umsatzsteuer- und Lohnsteueranmeldungen. Modulare Teile aus dem ELSTER-\u00d6kosystem spielen inzwischen auch eine gro\u00dfe Rolle bei weiteren E-Government-<br \/>\nL\u00f6sungen wie die Infrastruktur f\u00fcr ein einheitliches Unternehmenskonto in Deutschland.<\/li>\n<li>Die mgm A12 Plattform ist im Public Sector eine erprobte L\u00f6sung f\u00fcr die gesetzlich verankerte OZG-Umsetzung (Onlinezugangsgesetz) sowie weitere Digitalisierungs- und Infrastrukturprojekte auf Bundes- und L\u00e4nderebene in Beh\u00f6rden und Unternehmen der \u00f6ffentlichen Hand.<\/li>\n<li>Vor allem im Public Sector nehmen in den vergangenen Jahren Projekte in Anzahl und Umfang zu, in denen Entwickler und Architekten, Qualit\u00e4tssicherungsexperten, sowie Sicherheitsspezialisten zusammen mit Beratern gemeinsam f\u00fcr Kunden arbeiten.<\/li>\n<\/ul>\n<p><strong>Commerce<\/strong><\/p>\n<ul>\n<li>mgm versteht Commerce als individuelles High-Speed-Gesch\u00e4ft. Das Unternehmen unterst\u00fctzt die komplette Wertsch\u00f6pfungskette im Handel vom Einkauf, \u00fcber den Warenfluss bis zum Front-Office mit individuellen L\u00f6sungen, die das Optimierungspotenzial der Kunden maximal aussch\u00f6pfen und so einen signifikanten Beitrag zum Gesch\u00e4ftserfolg liefern.<\/li>\n<li>Mit der mgm eGrocery-Software auf Basis der SAP Commerce Cloud existiert eine erprobte L\u00f6sung f\u00fcr moderne Online-Shops speziell f\u00fcr den Lebensmittelhandel inklusive angebundener Picking-App f\u00fcr Click &amp; Collect-Angebote.<\/li>\n<li>Das Tochterunternehmen mgm integration partners ist spezialisiert auf SAP-Prozessoptimierung f\u00fcr Supply Chains. Durch die Kombination dieser besonderen Expertise mit den Erfahrungen anderer mgm-Bereiche rund um die Beratung in ERP-Migrationsprojekten (S\/4HANA) und Umsetzungen mittels SAP Commerce Cloud entsteht ein vielschichtiges SAP-L\u00f6sungsangebot.<\/li>\n<\/ul>\n<p><strong>Insurance<\/strong><\/p>\n<ul>\n<li>Seit 2006 liegt ein Fokus der mgm auf der Digitalisierung im Industrieversicherungsgesch\u00e4ft. \u201emgm Cosmo\u201c auf Basis der A12 Enterprise-Low-Code-Plattform bietet als digitale Plattform im hochkomplexen und individuellen Industrieversicherungsgesch\u00e4ft integrierte Produktkonfiguration,<br \/>\nUnderwriting, digitale Kollaboration, Deckungs-, Schadens- und Prozessmodellierung und \u2013 in einer finalen Ausbaustufe \u2013 eine Ende-zu-Ende-Digitalisierung der Gesch\u00e4fts- sowie Kundenprozesse.<\/li>\n<li>Teil der Plattform-Strategie ist der Aufbau langfristiger Partnerschaften mit Versicherern und Maklern, durch die mgm unmittelbar am Erfolg von Digitalisierungsinitiativen partizipieren will.<\/li>\n<li>Im Consulting f\u00fcr die Versicherungsbranche liegt der Fokus auf Business-Intelligence und Data-Warehouse-Projekten, u. a. im Kontext von Solvency II.<\/li>\n<\/ul>\n<p>Einen weiteren Branchenschwerpunkt bilden bei der Managementberatung die Branche der Energieversorger, hier insbesondere mit den Leistungen CIO Advisory und Sourcing.<\/p>\n<p>Das Segment mgm technology partners arbeitet f\u00fcr <strong>\u00fcber 200 Kunden<\/strong>, davon <strong>acht der 40 DAX-Unternehmen<\/strong> sowie zahlreiche \u00f6ffentliche Auftraggeber und Institutionen auf Bundes-, Landesund kommunaler Ebene.<\/p>\n<p>Die Gesellschaften des Segments mgm technology partners verf\u00fcgten zum Stichtag 30. Juni 2023 \u00fcber <strong>21 Standorte<\/strong>, davon 13 in Deutschland, jeweils einen Standort in Frankreich, in \u00d6sterreich, in der Schweiz, in Portugal, in der Tschechischen Republik und in den USA sowie zwei Entwicklungsstandorte in Vietnam.<\/p>\n","protected":false},"excerpt":{"rendered":"<p>Das Segment mgm technology partners (\u201emgm\u201c) ist ein internationales Softwareunternehmen, das zu den f\u00fchrenden Anbietern f\u00fcr E-Government und Commerce-L\u00f6sungen in Deutschland geh\u00f6rt. mgm steht f\u00fcr ein integriertes Serviceangebot: Von der selbst entwickelten und angebotenen A12 Enterprise-Low-Code-Plattform \u00fcber die vollst\u00e4ndige Abwicklung von individuellen Enterprise Projekten bis hin zum sicheren Betrieb der Software in moderner Cloud-Infrastruktur. Nachhaltiges, &hellip; <\/p>\n","protected":false},"author":1,"featured_media":0,"parent":1144,"menu_order":0,"comment_status":"open","ping_status":"open","template":"","meta":{"_acf_changed":false,"footnotes":""},"categories":[],"tags":[],"class_list":["post-1152","page","type-page","status-publish","hentry"],"acf":[],"yoast_head":"<!-- This site is optimized with the Yoast SEO plugin v27.4 - https:\/\/yoast.com\/product\/yoast-seo-wordpress\/ -->\n<title>mgm technology partners - Allgeier SE<\/title>\n<meta name=\"robots\" content=\"index, follow, max-snippet:-1, max-image-preview:large, max-video-preview:-1\" \/>\n<link rel=\"canonical\" href=\"https:\/\/www.allgeier.com\/de\/who-we-are\/divisions\/mgm-technology-partners\/\" \/>\n<meta property=\"og:locale\" content=\"de_DE\" \/>\n<meta property=\"og:type\" content=\"article\" \/>\n<meta property=\"og:title\" content=\"mgm technology partners - Allgeier SE\" \/>\n<meta property=\"og:description\" content=\"Das Segment mgm technology partners (\u201emgm\u201c) ist ein internationales Softwareunternehmen, das zu den f\u00fchrenden Anbietern f\u00fcr E-Government und Commerce-L\u00f6sungen in Deutschland geh\u00f6rt. mgm steht f\u00fcr ein integriertes Serviceangebot: Von der selbst entwickelten und angebotenen A12 Enterprise-Low-Code-Plattform \u00fcber die vollst\u00e4ndige Abwicklung von individuellen Enterprise Projekten bis hin zum sicheren Betrieb der Software in moderner Cloud-Infrastruktur. Nachhaltiges, &hellip;\" \/>\n<meta property=\"og:url\" content=\"https:\/\/www.allgeier.com\/de\/who-we-are\/divisions\/mgm-technology-partners\/\" \/>\n<meta property=\"og:site_name\" content=\"Allgeier SE\" \/>\n<meta property=\"article:modified_time\" content=\"2023-09-07T10:51:10+00:00\" \/>\n<meta name=\"twitter:card\" content=\"summary_large_image\" \/>\n<meta name=\"twitter:label1\" content=\"Gesch\u00e4tzte Lesezeit\" \/>\n\t<meta name=\"twitter:data1\" content=\"5\u00a0Minuten\" \/>\n<script type=\"application\/ld+json\" class=\"yoast-schema-graph\">{\"@context\":\"https:\\\/\\\/schema.org\",\"@graph\":[{\"@type\":\"WebPage\",\"@id\":\"https:\\\/\\\/www.allgeier.com\\\/de\\\/who-we-are\\\/divisions\\\/mgm-technology-partners\\\/\",\"url\":\"https:\\\/\\\/www.allgeier.com\\\/de\\\/who-we-are\\\/divisions\\\/mgm-technology-partners\\\/\",\"name\":\"mgm technology partners - Allgeier SE\",\"isPartOf\":{\"@id\":\"https:\\\/\\\/www.allgeier.com\\\/de\\\/#website\"},\"datePublished\":\"2015-02-11T06:40:27+00:00\",\"dateModified\":\"2023-09-07T10:51:10+00:00\",\"breadcrumb\":{\"@id\":\"https:\\\/\\\/www.allgeier.com\\\/de\\\/who-we-are\\\/divisions\\\/mgm-technology-partners\\\/#breadcrumb\"},\"inLanguage\":\"de\",\"potentialAction\":[{\"@type\":\"ReadAction\",\"target\":[\"https:\\\/\\\/www.allgeier.com\\\/de\\\/who-we-are\\\/divisions\\\/mgm-technology-partners\\\/\"]}]},{\"@type\":\"BreadcrumbList\",\"@id\":\"https:\\\/\\\/www.allgeier.com\\\/de\\\/who-we-are\\\/divisions\\\/mgm-technology-partners\\\/#breadcrumb\",\"itemListElement\":[{\"@type\":\"ListItem\",\"position\":1,\"name\":\"Home\",\"item\":\"https:\\\/\\\/www.allgeier.com\\\/de\\\/\"},{\"@type\":\"ListItem\",\"position\":2,\"name\":\"Wer wir sind\",\"item\":\"https:\\\/\\\/www.allgeier.com\\\/de\\\/who-we-are\\\/\"},{\"@type\":\"ListItem\",\"position\":3,\"name\":\"Segmente\",\"item\":\"https:\\\/\\\/www.allgeier.com\\\/de\\\/who-we-are\\\/divisions\\\/\"},{\"@type\":\"ListItem\",\"position\":4,\"name\":\"mgm technology partners\"}]},{\"@type\":\"WebSite\",\"@id\":\"https:\\\/\\\/www.allgeier.com\\\/de\\\/#website\",\"url\":\"https:\\\/\\\/www.allgeier.com\\\/de\\\/\",\"name\":\"Allgeier SE\",\"description\":\"Software &amp; IT Services for digital transformation\",\"potentialAction\":[{\"@type\":\"SearchAction\",\"target\":{\"@type\":\"EntryPoint\",\"urlTemplate\":\"https:\\\/\\\/www.allgeier.com\\\/de\\\/?s={search_term_string}\"},\"query-input\":{\"@type\":\"PropertyValueSpecification\",\"valueRequired\":true,\"valueName\":\"search_term_string\"}}],\"inLanguage\":\"de\"}]}<\/script>\n<!-- \/ Yoast SEO plugin. -->","yoast_head_json":{"title":"mgm technology partners - Allgeier SE","robots":{"index":"index","follow":"follow","max-snippet":"max-snippet:-1","max-image-preview":"max-image-preview:large","max-video-preview":"max-video-preview:-1"},"canonical":"https:\/\/www.allgeier.com\/de\/who-we-are\/divisions\/mgm-technology-partners\/","og_locale":"de_DE","og_type":"article","og_title":"mgm technology partners - Allgeier SE","og_description":"Das Segment mgm technology partners (\u201emgm\u201c) ist ein internationales Softwareunternehmen, das zu den f\u00fchrenden Anbietern f\u00fcr E-Government und Commerce-L\u00f6sungen in Deutschland geh\u00f6rt. mgm steht f\u00fcr ein integriertes Serviceangebot: Von der selbst entwickelten und angebotenen A12 Enterprise-Low-Code-Plattform \u00fcber die vollst\u00e4ndige Abwicklung von individuellen Enterprise Projekten bis hin zum sicheren Betrieb der Software in moderner Cloud-Infrastruktur. Nachhaltiges, &hellip;","og_url":"https:\/\/www.allgeier.com\/de\/who-we-are\/divisions\/mgm-technology-partners\/","og_site_name":"Allgeier SE","article_modified_time":"2023-09-07T10:51:10+00:00","twitter_card":"summary_large_image","twitter_misc":{"Gesch\u00e4tzte Lesezeit":"5\u00a0Minuten"},"schema":{"@context":"https:\/\/schema.org","@graph":[{"@type":"WebPage","@id":"https:\/\/www.allgeier.com\/de\/who-we-are\/divisions\/mgm-technology-partners\/","url":"https:\/\/www.allgeier.com\/de\/who-we-are\/divisions\/mgm-technology-partners\/","name":"mgm technology partners - Allgeier SE","isPartOf":{"@id":"https:\/\/www.allgeier.com\/de\/#website"},"datePublished":"2015-02-11T06:40:27+00:00","dateModified":"2023-09-07T10:51:10+00:00","breadcrumb":{"@id":"https:\/\/www.allgeier.com\/de\/who-we-are\/divisions\/mgm-technology-partners\/#breadcrumb"},"inLanguage":"de","potentialAction":[{"@type":"ReadAction","target":["https:\/\/www.allgeier.com\/de\/who-we-are\/divisions\/mgm-technology-partners\/"]}]},{"@type":"BreadcrumbList","@id":"https:\/\/www.allgeier.com\/de\/who-we-are\/divisions\/mgm-technology-partners\/#breadcrumb","itemListElement":[{"@type":"ListItem","position":1,"name":"Home","item":"https:\/\/www.allgeier.com\/de\/"},{"@type":"ListItem","position":2,"name":"Wer wir sind","item":"https:\/\/www.allgeier.com\/de\/who-we-are\/"},{"@type":"ListItem","position":3,"name":"Segmente","item":"https:\/\/www.allgeier.com\/de\/who-we-are\/divisions\/"},{"@type":"ListItem","position":4,"name":"mgm technology partners"}]},{"@type":"WebSite","@id":"https:\/\/www.allgeier.com\/de\/#website","url":"https:\/\/www.allgeier.com\/de\/","name":"Allgeier SE","description":"Software &amp; IT Services for digital transformation","potentialAction":[{"@type":"SearchAction","target":{"@type":"EntryPoint","urlTemplate":"https:\/\/www.allgeier.com\/de\/?s={search_term_string}"},"query-input":{"@type":"PropertyValueSpecification","valueRequired":true,"valueName":"search_term_string"}}],"inLanguage":"de"}]}},"_links":{"self":[{"href":"https:\/\/www.allgeier.com\/de\/wp-json\/wp\/v2\/pages\/1152","targetHints":{"allow":["GET"]}}],"collection":[{"href":"https:\/\/www.allgeier.com\/de\/wp-json\/wp\/v2\/pages"}],"about":[{"href":"https:\/\/www.allgeier.com\/de\/wp-json\/wp\/v2\/types\/page"}],"author":[{"embeddable":true,"href":"https:\/\/www.allgeier.com\/de\/wp-json\/wp\/v2\/users\/1"}],"replies":[{"embeddable":true,"href":"https:\/\/www.allgeier.com\/de\/wp-json\/wp\/v2\/comments?post=1152"}],"version-history":[{"count":2,"href":"https:\/\/www.allgeier.com\/de\/wp-json\/wp\/v2\/pages\/1152\/revisions"}],"predecessor-version":[{"id":5899,"href":"https:\/\/www.allgeier.com\/de\/wp-json\/wp\/v2\/pages\/1152\/revisions\/5899"}],"up":[{"embeddable":true,"href":"https:\/\/www.allgeier.com\/de\/wp-json\/wp\/v2\/pages\/1144"}],"wp:attachment":[{"href":"https:\/\/www.allgeier.com\/de\/wp-json\/wp\/v2\/media?parent=1152"}],"wp:term":[{"taxonomy":"category","embeddable":true,"href":"https:\/\/www.allgeier.com\/de\/wp-json\/wp\/v2\/categories?post=1152"},{"taxonomy":"post_tag","embeddable":true,"href":"https:\/\/www.allgeier.com\/de\/wp-json\/wp\/v2\/tags?post=1152"}],"curies":[{"name":"wp","href":"https:\/\/api.w.org\/{rel}","templated":true}]}}