{"id":1160,"date":"2015-02-26T06:28:34","date_gmt":"2015-02-26T06:28:34","guid":{"rendered":"http:\/\/www.allgeier.com\/en\/?page_id=231"},"modified":"2015-05-21T12:50:24","modified_gmt":"2015-05-21T12:50:24","slug":"financial-information","status":"publish","type":"page","link":"https:\/\/www.allgeier.com\/de\/financial-information\/","title":{"rendered":"Finanzinformation"},"content":{"rendered":"<div class=\"sectionH540 sectionHeading\">Kennzahlen<\/div>\n<table class=\"tableData2 table\" border=\"0\" cellspacing=\"0\" cellpadding=\"0\">\n<tbody>\n<tr>\n<th width=\"253\">In Mio. EUR<\/th>\n<th style=\"text-align: center\" width=\"45\">2009<\/th>\n<th style=\"text-align: center\" width=\"45\">2010<\/th>\n<th style=\"text-align: center\" width=\"45\">2011<\/th>\n<th style=\"text-align: center\" width=\"45\">2012<\/th>\n<th class=\"sel\" style=\"text-align: center\" width=\"45\">2013<\/th>\n<\/tr>\n<tr>\n<td>Umsatzerl\u00f6se<\/td>\n<td align=\"right\">223,5<\/td>\n<td align=\"right\">308,7<\/td>\n<td align=\"right\">378,8<\/td>\n<td align=\"right\">422,8<\/td>\n<td class=\"sel\" align=\"right\">477,6<\/td>\n<\/tr>\n<tr>\n<td style=\"text-align: center\">Operatives EBITDA (vor Holding-Kosten)<\/td>\n<td align=\"right\">17,3<\/td>\n<td align=\"right\">21,0<\/td>\n<td align=\"right\">26,9<\/td>\n<td align=\"right\">31,8<\/td>\n<td class=\"sel\" align=\"right\">36,0<\/td>\n<\/tr>\n<tr>\n<td>EBITDA<\/td>\n<td align=\"right\">14,4<\/td>\n<td align=\"right\">18,1<\/td>\n<td align=\"right\">22,3<\/td>\n<td align=\"right\">23,5<\/td>\n<td class=\"sel\" align=\"right\">30,1<\/td>\n<\/tr>\n<tr>\n<td>Operatives EBIT (vor Holding-Kosten)<\/td>\n<td align=\"right\">10,9<\/td>\n<td align=\"right\">14,0<\/td>\n<td align=\"right\">16,6<\/td>\n<td align=\"right\">18,1<\/td>\n<td class=\"sel\" align=\"right\">21,6<\/td>\n<\/tr>\n<tr>\n<td>EBIT<\/td>\n<td align=\"right\">8,0<\/td>\n<td align=\"right\">11,0<\/td>\n<td align=\"right\">12,0<\/td>\n<td align=\"right\">9,7<\/td>\n<td class=\"sel\" align=\"right\">15,6<\/td>\n<\/tr>\n<tr>\n<td>EBT<\/td>\n<td align=\"right\">7,0<\/td>\n<td align=\"right\">10,2<\/td>\n<td align=\"right\">9,5<\/td>\n<td align=\"right\">11,9<\/td>\n<td class=\"sel\" align=\"right\">11,1<\/td>\n<\/tr>\n<tr>\n<td>Jahres\u00fcberschuss<\/td>\n<td align=\"right\">5,0<\/td>\n<td align=\"right\">8,7<\/td>\n<td align=\"right\">5,3<\/td>\n<td align=\"right\">9,2<\/td>\n<td class=\"sel\" align=\"right\">3,7<\/td>\n<\/tr>\n<tr>\n<td>Bilanzsumme<\/td>\n<td align=\"right\">160,1<\/td>\n<td align=\"right\">204,1<\/td>\n<td align=\"right\">242,1<\/td>\n<td align=\"right\">289,6<\/td>\n<td class=\"sel\" align=\"right\">289,3<\/td>\n<\/tr>\n<tr>\n<td>Eigenkapital<\/td>\n<td align=\"right\">79,5<\/td>\n<td align=\"right\">85,5<\/td>\n<td align=\"right\">88,2<\/td>\n<td align=\"right\">93,4<\/td>\n<td class=\"sel\" align=\"right\">94,7<\/td>\n<\/tr>\n<tr>\n<td>Ergebnis je Aktie (in EUR)<\/td>\n<td align=\"right\">0,60<\/td>\n<td align=\"right\">0,99<\/td>\n<td align=\"right\">0,52<\/td>\n<td align=\"right\">1,05<\/td>\n<td class=\"sel\" align=\"right\">0,42<\/td>\n<\/tr>\n<tr>\n<td>Cash Flow der betrieblichen T\u00e4tigkeit<\/td>\n<td align=\"right\">11,8<\/td>\n<td align=\"right\">7,2<\/td>\n<td align=\"right\">19,6<\/td>\n<td align=\"right\">15,1<\/td>\n<td class=\"sel\" align=\"right\">17,2<\/td>\n<\/tr>\n<tr>\n<td>Anzahl feste Mitarbeiter<\/td>\n<td align=\"right\">1.261<\/td>\n<td align=\"right\">1.339<\/td>\n<td align=\"right\">2.546<\/td>\n<td align=\"right\">4.214<\/td>\n<td class=\"sel\" align=\"right\">4.669<\/td>\n<\/tr>\n<tr>\n<td>Anzahl freiberufliche Experten<\/td>\n<td align=\"right\">1.235<\/td>\n<td align=\"right\">1.438<\/td>\n<td align=\"right\">1.531<\/td>\n<td align=\"right\">1.516<\/td>\n<td class=\"sel\" align=\"right\">1.354<\/td>\n<\/tr>\n<\/tbody>\n<\/table>\n<div class=\"clear appendB20\"><\/div>\n<div>\n<p>2012 und 2013 inkl. Ergebnis aus ver\u00e4u\u00dferten Gesch\u00e4ftsbereichen, 2012 nach retrospektiver Anpassung.<\/p>\n<\/div>\n<div class=\"sectionH540 sectionHeading\">Halbjahreszahlen<\/div>\n<div class=\"sectionCC sectionCCmid\">\n<p>Halbjahreszahlen ansehen<\/p>\n<div class=\"appendB20\"><a class=\"moreButton\" href=\"#myModal1\"> Mehr <\/a><\/div>\n<div id=\"myModal1\" class=\"modal finModal fade\">\n<div class=\"modal-dialog\">\n<div class=\"modal-content\">\n<div class=\"modal-body\">\n<div>\n<div class=\"block1PopupHeading\"><span class=\"headingBlkCPart\">HALBJAHRESZAHLEN<span class=\"floatR popupCloseImgOuter\"><img loading=\"lazy\" decoding=\"async\" class=\"popupCloseImg\" src=\"https:\/\/www.allgeier.com\/en\/wp-content\/themes\/allegier_english\/images\/popupClose.png\" alt=\"\" width=\"20\" height=\"20\" \/><\/span><\/span><\/div>\n<table class=\"tableData3\" border=\"0\" cellspacing=\"0\" cellpadding=\"0\">\n<tbody>\n<tr>\n<th><\/th>\n<th colspan=\"2\">2007<\/th>\n<th colspan=\"2\">2008<\/th>\n<th colspan=\"2\">2009<\/th>\n<th colspan=\"2\">2010<\/th>\n<th colspan=\"2\">2011<\/th>\n<th colspan=\"2\">2012<\/th>\n<th colspan=\"2\">2013<\/th>\n<th colspan=\"1\">2014<\/th>\n<\/tr>\n<tr>\n<td class=\"firstCol\" width=\"148\">In Mio. EUR<\/td>\n<td width=\"42\">H1<\/td>\n<td width=\"42\">H2<\/td>\n<td width=\"42\">H1<\/td>\n<td width=\"42\">H2<\/td>\n<td width=\"42\">H1<\/td>\n<td width=\"42\">H2<\/td>\n<td width=\"42\">H1<\/td>\n<td width=\"42\">H2<\/td>\n<td width=\"42\">H1<\/td>\n<td width=\"42\">H2<\/td>\n<td width=\"42\">H1<\/td>\n<td width=\"42\">H2<\/td>\n<td width=\"42\">H1<\/td>\n<td width=\"42\">H2<\/td>\n<td width=\"42\">H1<\/td>\n<\/tr>\n<tr>\n<td class=\"firstCol\">Umsatzerl\u00f6se<\/td>\n<td>127,3<\/td>\n<td>171,0<\/td>\n<td>73,5<\/td>\n<td>105,2<\/td>\n<td>108,2<\/td>\n<td>115,3<\/td>\n<td>133,7<\/td>\n<td>175,0<\/td>\n<td>171,0<\/td>\n<td>207,8<\/td>\n<td>190,1<\/td>\n<td>232,7<\/td>\n<td>227,3<\/td>\n<td>250,3<\/td>\n<td>226,6<\/td>\n<\/tr>\n<tr>\n<td class=\"firstCol\">EBITDA<\/td>\n<td>7,5<\/td>\n<td>15,8<\/td>\n<td>4,0<\/td>\n<td>8,1<\/td>\n<td>5,5<\/td>\n<td>8,9<\/td>\n<td>5,2<\/td>\n<td>12,9<\/td>\n<td>8,8<\/td>\n<td>13,5<\/td>\n<td>9,9<\/td>\n<td>13,6<\/td>\n<td>12,3<\/td>\n<td>17,8<\/td>\n<td>11,5<\/td>\n<\/tr>\n<tr>\n<td class=\"firstCol\">EBIT<\/td>\n<td>3,0<\/td>\n<td>12,7<\/td>\n<td>2,5<\/td>\n<td>1,4<\/td>\n<td>2,9<\/td>\n<td>5,1<\/td>\n<td>2,7<\/td>\n<td>8,3<\/td>\n<td>5,2<\/td>\n<td>6,8<\/td>\n<td>3,3<\/td>\n<td>6,4<\/td>\n<td>6,2<\/td>\n<td>9,4<\/td>\n<td>5,0<\/td>\n<\/tr>\n<tr>\n<td class=\"firstCol\">EBT<\/td>\n<td>1,4<\/td>\n<td>9,8<\/td>\n<td>67,9<\/td>\n<td>19,5<\/td>\n<td>2,7<\/td>\n<td>4,3<\/td>\n<td>2,5<\/td>\n<td>7,7<\/td>\n<td>4,2<\/td>\n<td>5,3<\/td>\n<td>0,6<\/td>\n<td>11,3<\/td>\n<td>3,5<\/td>\n<td>7,6<\/td>\n<td>3,3<\/td>\n<\/tr>\n<\/tbody>\n<\/table>\n<\/div>\n<\/div>\n<\/div>\n<\/div>\n<\/div>\n<\/div>\n","protected":false},"excerpt":{"rendered":"<p>Kennzahlen In Mio. EUR 2009 2010 2011 2012 2013 Umsatzerl\u00f6se 223,5 308,7 378,8 422,8 477,6 Operatives EBITDA (vor Holding-Kosten) 17,3 21,0 26,9 31,8 36,0 EBITDA 14,4 18,1 22,3 23,5 30,1 Operatives EBIT (vor Holding-Kosten) 10,9 14,0 16,6 18,1 21,6 EBIT 8,0 11,0 12,0 9,7 15,6 EBT 7,0 10,2 9,5 11,9 11,1 Jahres\u00fcberschuss 5,0 8,7 5,3 &hellip; <\/p>\n","protected":false},"author":1,"featured_media":0,"parent":0,"menu_order":0,"comment_status":"closed","ping_status":"closed","template":"","meta":{"_acf_changed":false,"footnotes":""},"categories":[],"tags":[],"class_list":["post-1160","page","type-page","status-publish","hentry"],"acf":[],"yoast_head":"<!-- This site is optimized with the Yoast SEO plugin v27.4 - https:\/\/yoast.com\/product\/yoast-seo-wordpress\/ -->\n<title>Finanzinformation - Allgeier SE<\/title>\n<meta name=\"robots\" content=\"index, follow, max-snippet:-1, max-image-preview:large, max-video-preview:-1\" \/>\n<link rel=\"canonical\" href=\"https:\/\/www.allgeier.com\/de\/financial-information\/\" \/>\n<meta property=\"og:locale\" content=\"de_DE\" \/>\n<meta property=\"og:type\" content=\"article\" \/>\n<meta property=\"og:title\" content=\"Finanzinformation - Allgeier SE\" \/>\n<meta property=\"og:description\" content=\"Kennzahlen In Mio. EUR 2009 2010 2011 2012 2013 Umsatzerl\u00f6se 223,5 308,7 378,8 422,8 477,6 Operatives EBITDA (vor Holding-Kosten) 17,3 21,0 26,9 31,8 36,0 EBITDA 14,4 18,1 22,3 23,5 30,1 Operatives EBIT (vor Holding-Kosten) 10,9 14,0 16,6 18,1 21,6 EBIT 8,0 11,0 12,0 9,7 15,6 EBT 7,0 10,2 9,5 11,9 11,1 Jahres\u00fcberschuss 5,0 8,7 5,3 &hellip;\" \/>\n<meta property=\"og:url\" content=\"https:\/\/www.allgeier.com\/de\/financial-information\/\" \/>\n<meta property=\"og:site_name\" content=\"Allgeier SE\" \/>\n<meta property=\"article:modified_time\" content=\"2015-05-21T12:50:24+00:00\" \/>\n<meta property=\"og:image\" content=\"https:\/\/www.allgeier.com\/en\/wp-content\/themes\/allegier_english\/images\/popupClose.png\" \/>\n<meta name=\"twitter:card\" content=\"summary_large_image\" \/>\n<script type=\"application\/ld+json\" class=\"yoast-schema-graph\">{\"@context\":\"https:\\\/\\\/schema.org\",\"@graph\":[{\"@type\":\"WebPage\",\"@id\":\"https:\\\/\\\/www.allgeier.com\\\/de\\\/financial-information\\\/\",\"url\":\"https:\\\/\\\/www.allgeier.com\\\/de\\\/financial-information\\\/\",\"name\":\"Finanzinformation - Allgeier SE\",\"isPartOf\":{\"@id\":\"https:\\\/\\\/www.allgeier.com\\\/de\\\/#website\"},\"primaryImageOfPage\":{\"@id\":\"https:\\\/\\\/www.allgeier.com\\\/de\\\/financial-information\\\/#primaryimage\"},\"image\":{\"@id\":\"https:\\\/\\\/www.allgeier.com\\\/de\\\/financial-information\\\/#primaryimage\"},\"thumbnailUrl\":\"https:\\\/\\\/www.allgeier.com\\\/en\\\/wp-content\\\/themes\\\/allegier_english\\\/images\\\/popupClose.png\",\"datePublished\":\"2015-02-26T06:28:34+00:00\",\"dateModified\":\"2015-05-21T12:50:24+00:00\",\"breadcrumb\":{\"@id\":\"https:\\\/\\\/www.allgeier.com\\\/de\\\/financial-information\\\/#breadcrumb\"},\"inLanguage\":\"de\",\"potentialAction\":[{\"@type\":\"ReadAction\",\"target\":[\"https:\\\/\\\/www.allgeier.com\\\/de\\\/financial-information\\\/\"]}]},{\"@type\":\"ImageObject\",\"inLanguage\":\"de\",\"@id\":\"https:\\\/\\\/www.allgeier.com\\\/de\\\/financial-information\\\/#primaryimage\",\"url\":\"https:\\\/\\\/www.allgeier.com\\\/en\\\/wp-content\\\/themes\\\/allegier_english\\\/images\\\/popupClose.png\",\"contentUrl\":\"https:\\\/\\\/www.allgeier.com\\\/en\\\/wp-content\\\/themes\\\/allegier_english\\\/images\\\/popupClose.png\"},{\"@type\":\"BreadcrumbList\",\"@id\":\"https:\\\/\\\/www.allgeier.com\\\/de\\\/financial-information\\\/#breadcrumb\",\"itemListElement\":[{\"@type\":\"ListItem\",\"position\":1,\"name\":\"Home\",\"item\":\"https:\\\/\\\/www.allgeier.com\\\/de\\\/\"},{\"@type\":\"ListItem\",\"position\":2,\"name\":\"Finanzinformation\"}]},{\"@type\":\"WebSite\",\"@id\":\"https:\\\/\\\/www.allgeier.com\\\/de\\\/#website\",\"url\":\"https:\\\/\\\/www.allgeier.com\\\/de\\\/\",\"name\":\"Allgeier SE\",\"description\":\"Software &amp; IT Services for digital transformation\",\"potentialAction\":[{\"@type\":\"SearchAction\",\"target\":{\"@type\":\"EntryPoint\",\"urlTemplate\":\"https:\\\/\\\/www.allgeier.com\\\/de\\\/?s={search_term_string}\"},\"query-input\":{\"@type\":\"PropertyValueSpecification\",\"valueRequired\":true,\"valueName\":\"search_term_string\"}}],\"inLanguage\":\"de\"}]}<\/script>\n<!-- \/ Yoast SEO plugin. -->","yoast_head_json":{"title":"Finanzinformation - Allgeier SE","robots":{"index":"index","follow":"follow","max-snippet":"max-snippet:-1","max-image-preview":"max-image-preview:large","max-video-preview":"max-video-preview:-1"},"canonical":"https:\/\/www.allgeier.com\/de\/financial-information\/","og_locale":"de_DE","og_type":"article","og_title":"Finanzinformation - Allgeier SE","og_description":"Kennzahlen In Mio. EUR 2009 2010 2011 2012 2013 Umsatzerl\u00f6se 223,5 308,7 378,8 422,8 477,6 Operatives EBITDA (vor Holding-Kosten) 17,3 21,0 26,9 31,8 36,0 EBITDA 14,4 18,1 22,3 23,5 30,1 Operatives EBIT (vor Holding-Kosten) 10,9 14,0 16,6 18,1 21,6 EBIT 8,0 11,0 12,0 9,7 15,6 EBT 7,0 10,2 9,5 11,9 11,1 Jahres\u00fcberschuss 5,0 8,7 5,3 &hellip;","og_url":"https:\/\/www.allgeier.com\/de\/financial-information\/","og_site_name":"Allgeier SE","article_modified_time":"2015-05-21T12:50:24+00:00","og_image":[{"url":"https:\/\/www.allgeier.com\/en\/wp-content\/themes\/allegier_english\/images\/popupClose.png","type":"","width":"","height":""}],"twitter_card":"summary_large_image","schema":{"@context":"https:\/\/schema.org","@graph":[{"@type":"WebPage","@id":"https:\/\/www.allgeier.com\/de\/financial-information\/","url":"https:\/\/www.allgeier.com\/de\/financial-information\/","name":"Finanzinformation - Allgeier SE","isPartOf":{"@id":"https:\/\/www.allgeier.com\/de\/#website"},"primaryImageOfPage":{"@id":"https:\/\/www.allgeier.com\/de\/financial-information\/#primaryimage"},"image":{"@id":"https:\/\/www.allgeier.com\/de\/financial-information\/#primaryimage"},"thumbnailUrl":"https:\/\/www.allgeier.com\/en\/wp-content\/themes\/allegier_english\/images\/popupClose.png","datePublished":"2015-02-26T06:28:34+00:00","dateModified":"2015-05-21T12:50:24+00:00","breadcrumb":{"@id":"https:\/\/www.allgeier.com\/de\/financial-information\/#breadcrumb"},"inLanguage":"de","potentialAction":[{"@type":"ReadAction","target":["https:\/\/www.allgeier.com\/de\/financial-information\/"]}]},{"@type":"ImageObject","inLanguage":"de","@id":"https:\/\/www.allgeier.com\/de\/financial-information\/#primaryimage","url":"https:\/\/www.allgeier.com\/en\/wp-content\/themes\/allegier_english\/images\/popupClose.png","contentUrl":"https:\/\/www.allgeier.com\/en\/wp-content\/themes\/allegier_english\/images\/popupClose.png"},{"@type":"BreadcrumbList","@id":"https:\/\/www.allgeier.com\/de\/financial-information\/#breadcrumb","itemListElement":[{"@type":"ListItem","position":1,"name":"Home","item":"https:\/\/www.allgeier.com\/de\/"},{"@type":"ListItem","position":2,"name":"Finanzinformation"}]},{"@type":"WebSite","@id":"https:\/\/www.allgeier.com\/de\/#website","url":"https:\/\/www.allgeier.com\/de\/","name":"Allgeier SE","description":"Software &amp; IT Services for digital transformation","potentialAction":[{"@type":"SearchAction","target":{"@type":"EntryPoint","urlTemplate":"https:\/\/www.allgeier.com\/de\/?s={search_term_string}"},"query-input":{"@type":"PropertyValueSpecification","valueRequired":true,"valueName":"search_term_string"}}],"inLanguage":"de"}]}},"_links":{"self":[{"href":"https:\/\/www.allgeier.com\/de\/wp-json\/wp\/v2\/pages\/1160","targetHints":{"allow":["GET"]}}],"collection":[{"href":"https:\/\/www.allgeier.com\/de\/wp-json\/wp\/v2\/pages"}],"about":[{"href":"https:\/\/www.allgeier.com\/de\/wp-json\/wp\/v2\/types\/page"}],"author":[{"embeddable":true,"href":"https:\/\/www.allgeier.com\/de\/wp-json\/wp\/v2\/users\/1"}],"replies":[{"embeddable":true,"href":"https:\/\/www.allgeier.com\/de\/wp-json\/wp\/v2\/comments?post=1160"}],"version-history":[{"count":2,"href":"https:\/\/www.allgeier.com\/de\/wp-json\/wp\/v2\/pages\/1160\/revisions"}],"predecessor-version":[{"id":1898,"href":"https:\/\/www.allgeier.com\/de\/wp-json\/wp\/v2\/pages\/1160\/revisions\/1898"}],"wp:attachment":[{"href":"https:\/\/www.allgeier.com\/de\/wp-json\/wp\/v2\/media?parent=1160"}],"wp:term":[{"taxonomy":"category","embeddable":true,"href":"https:\/\/www.allgeier.com\/de\/wp-json\/wp\/v2\/categories?post=1160"},{"taxonomy":"post_tag","embeddable":true,"href":"https:\/\/www.allgeier.com\/de\/wp-json\/wp\/v2\/tags?post=1160"}],"curies":[{"name":"wp","href":"https:\/\/api.w.org\/{rel}","templated":true}]}}