{"id":1163,"date":"2018-05-23T06:31:13","date_gmt":"2018-05-23T06:31:13","guid":{"rendered":"http:\/\/www.allgeier.com\/en\/?page_id=237"},"modified":"2025-07-02T07:21:50","modified_gmt":"2025-07-02T07:21:50","slug":"shareholders-meeting","status":"publish","type":"page","link":"https:\/\/www.allgeier.com\/de\/investor-relations\/shareholders-meeting\/","title":{"rendered":"Hauptversammlung"},"content":{"rendered":"<p>Hier erhalten Sie Informationen zur ordentlichen Hauptversammlung vom <strong>27. Juni 2025<\/strong> in <strong>M\u00fcnchen<\/strong>.<\/p>\n<p>Die Hauptversammlung wurde in diesem Jahr als physische Veranstaltung, d. h. mit Pr\u00e4senz der Aktion\u00e4re und ihrer Bevollm\u00e4chtigten, im NOVOTEL M\u00fcnchen Messe in M\u00fcnchen durchgef\u00fchrt.<\/p>\n<p><strong>Dokumente zur ordentlichen Hauptversammlung am 27. Juni 2025 (zum Gesch\u00e4ftsjahr 2024):<\/strong><\/p>\n<ul>\n<li><a href=\"https:\/\/www.allgeier.com\/de\/wp-content\/uploads\/sites\/3\/2025\/05\/00-Allgeier-SE-Einladung-oHV_TOP-final-gesamt_SENT-v5-markup-OHNE-EAV_clean.pdf\" target=\"_blank\" rel=\"noopener\">Einladung<\/a><\/li>\n<li><a href=\"https:\/\/www.allgeier.com\/de\/wp-content\/uploads\/sites\/3\/2025\/05\/03_Allgeier-SE-Einladung-oHV_VERGUeTUNGSSYSTEME-final-NICHT-TEIL-DER-EINLADUNG-v2.pdf\" target=\"_blank\" rel=\"noopener\">Beschreibung der Verg\u00fctungssysteme von Vorstand und Aufsichtsrat<\/a><\/li>\n<li><a href=\"https:\/\/www.allgeier.com\/de\/wp-content\/uploads\/sites\/3\/2025\/05\/05_Allgeier-SE-Verguetungsbericht-2024_NICHT-TEIL-DER-EINLADUNG-1.pdf\" target=\"_blank\" rel=\"noopener\">Verg\u00fctungsbericht<\/a><\/li>\n<li><a href=\"https:\/\/www.allgeier.com\/de\/wp-content\/uploads\/sites\/3\/2025\/06\/Allgeier_VIF_PHV25_final_mit-Ergaenzung.pdf\" target=\"_blank\" rel=\"noopener\"><span data-teams=\"true\">Anmelde- und Vollmachts-, Weisungsformular<\/span><\/a><\/li>\n<li><a href=\"https:\/\/www.allgeier.com\/de\/wp-content\/uploads\/sites\/3\/2025\/05\/Datenschutzinformationen_HV.pdf\" target=\"_blank\" rel=\"noopener\">Datenschutzhinweise<\/a><\/li>\n<li><a href=\"https:\/\/www.allgeier.com\/de\/wp-content\/uploads\/sites\/3\/2025\/06\/Allgeier-SE-Erlaeuterung-Aktionaersrechte-HV-2025-final.pdf\" target=\"_blank\" rel=\"noopener\">Erl\u00e4uterungen zu den Aktion\u00e4rsrechten<\/a><\/li>\n<li><a href=\"https:\/\/www.allgeier.com\/de\/wp-content\/uploads\/sites\/3\/2025\/05\/Gewinnverwendungsvorschlag-2024.pdf\" target=\"_blank\" rel=\"noopener\">Vorschlag des Vorstands zur Verwendung des Bilanzgewinns<\/a><\/li>\n<li><a href=\"https:\/\/www.allgeier.com\/wp-content\/uploads\/2025\/05\/Allgeier-SE_Geschaeftsbericht-2024_DE_LOW_DS.pdf\" target=\"_blank\" rel=\"noopener\">Gesch\u00e4ftsbericht<\/a><\/li>\n<li><a href=\"https:\/\/www.allgeier.com\/de\/wp-content\/uploads\/sites\/3\/2025\/05\/Allgeier-SE_Satzung_2025-03-27.pdf\" target=\"_blank\" rel=\"noopener\">Satzung<\/a><\/li>\n<\/ul>\n<ul>\n<li><a href=\"https:\/\/www.allgeier.com\/de\/wp-content\/uploads\/sites\/3\/2025\/06\/Allgeier-Abstimmungsergebnisse-Uebersicht-oHV2025.pdf\" target=\"_blank\" rel=\"noopener\">Abstimmungsergebnisse<\/a><\/li>\n<li><a href=\"https:\/\/www.allgeier.com\/de\/wp-content\/uploads\/sites\/3\/2025\/07\/Allgeier-SE-oHV-2025-Beschluss-Dividendenbekanntmachung-2025.pdf\" target=\"_blank\" rel=\"noopener\">Dividendenbekanntmachung<\/a><\/li>\n<li><a href=\"https:\/\/www.allgeier.com\/de\/wp-content\/uploads\/sites\/3\/2025\/06\/Allgeier-SE-HV-2025-Dividendenbekanntmachung.pdf\" target=\"_blank\" rel=\"noopener\">Angaben gem\u00e4\u00df Tabelle 8 des Anhangs der Durchf\u00fchrungsverordnung (EU) 2018\/1212 (EU-DVO)<\/a><\/li>\n<\/ul>\n<p>Erg\u00e4nzungsverlangen:<\/p>\n<ul>\n<li><a href=\"https:\/\/www.allgeier.com\/de\/wp-content\/uploads\/sites\/3\/2025\/06\/Bekanntmachung-BAz-Ergaenzung-der-Tagesordnung-.pdf\" target=\"_blank\" rel=\"noopener\">Bekanntmachung gem\u00e4\u00df Art. 56 Satz 2 und Satz 3 SE-VO, \u00a7 50 Abs. 2 SEAG, \u00a7\u00a7 122 Abs. 2, 124 Abs. 1 AktG zur ordentlichen Hauptversammlung 2025<\/a><\/li>\n<li><a href=\"https:\/\/www.allgeier.com\/de\/wp-content\/uploads\/sites\/3\/2025\/06\/CV-Herr-Achim-Berg.pdf\" target=\"_blank\" rel=\"noopener\">Lebenslauf Herr Achim Berg<\/a><\/li>\n<\/ul>\n","protected":false},"excerpt":{"rendered":"<p>Hier erhalten Sie Informationen zur ordentlichen Hauptversammlung vom 27. Juni 2025 in M\u00fcnchen. Die Hauptversammlung wurde in diesem Jahr als physische Veranstaltung, d. h. mit Pr\u00e4senz der Aktion\u00e4re und ihrer Bevollm\u00e4chtigten, im NOVOTEL M\u00fcnchen Messe in M\u00fcnchen durchgef\u00fchrt. Dokumente zur ordentlichen Hauptversammlung am 27. Juni 2025 (zum Gesch\u00e4ftsjahr 2024): Einladung Beschreibung der Verg\u00fctungssysteme von Vorstand &hellip; <\/p>\n","protected":false},"author":1,"featured_media":0,"parent":1143,"menu_order":0,"comment_status":"closed","ping_status":"closed","template":"","meta":{"_acf_changed":false,"footnotes":""},"categories":[],"tags":[],"class_list":["post-1163","page","type-page","status-publish","hentry"],"acf":[],"yoast_head":"<!-- This site is optimized with the Yoast SEO plugin v27.3 - https:\/\/yoast.com\/product\/yoast-seo-wordpress\/ -->\n<title>Hauptversammlung - Allgeier SE<\/title>\n<meta name=\"robots\" content=\"index, follow, max-snippet:-1, max-image-preview:large, max-video-preview:-1\" \/>\n<link rel=\"canonical\" href=\"https:\/\/www.allgeier.com\/de\/investor-relations\/shareholders-meeting\/\" \/>\n<meta property=\"og:locale\" content=\"de_DE\" \/>\n<meta property=\"og:type\" content=\"article\" \/>\n<meta property=\"og:title\" content=\"Hauptversammlung - Allgeier SE\" \/>\n<meta property=\"og:description\" content=\"Hier erhalten Sie Informationen zur ordentlichen Hauptversammlung vom 27. Juni 2025 in M\u00fcnchen. Die Hauptversammlung wurde in diesem Jahr als physische Veranstaltung, d. h. mit Pr\u00e4senz der Aktion\u00e4re und ihrer Bevollm\u00e4chtigten, im NOVOTEL M\u00fcnchen Messe in M\u00fcnchen durchgef\u00fchrt. Dokumente zur ordentlichen Hauptversammlung am 27. Juni 2025 (zum Gesch\u00e4ftsjahr 2024): Einladung Beschreibung der Verg\u00fctungssysteme von Vorstand &hellip;\" \/>\n<meta property=\"og:url\" content=\"https:\/\/www.allgeier.com\/de\/investor-relations\/shareholders-meeting\/\" \/>\n<meta property=\"og:site_name\" content=\"Allgeier SE\" \/>\n<meta property=\"article:modified_time\" content=\"2025-07-02T07:21:50+00:00\" \/>\n<meta name=\"twitter:card\" content=\"summary_large_image\" \/>\n<meta name=\"twitter:label1\" content=\"Gesch\u00e4tzte Lesezeit\" \/>\n\t<meta name=\"twitter:data1\" content=\"1\u00a0Minute\" \/>\n<script type=\"application\/ld+json\" class=\"yoast-schema-graph\">{\"@context\":\"https:\\\/\\\/schema.org\",\"@graph\":[{\"@type\":\"WebPage\",\"@id\":\"https:\\\/\\\/www.allgeier.com\\\/de\\\/investor-relations\\\/shareholders-meeting\\\/\",\"url\":\"https:\\\/\\\/www.allgeier.com\\\/de\\\/investor-relations\\\/shareholders-meeting\\\/\",\"name\":\"Hauptversammlung - Allgeier SE\",\"isPartOf\":{\"@id\":\"https:\\\/\\\/www.allgeier.com\\\/de\\\/#website\"},\"datePublished\":\"2018-05-23T06:31:13+00:00\",\"dateModified\":\"2025-07-02T07:21:50+00:00\",\"breadcrumb\":{\"@id\":\"https:\\\/\\\/www.allgeier.com\\\/de\\\/investor-relations\\\/shareholders-meeting\\\/#breadcrumb\"},\"inLanguage\":\"de\",\"potentialAction\":[{\"@type\":\"ReadAction\",\"target\":[\"https:\\\/\\\/www.allgeier.com\\\/de\\\/investor-relations\\\/shareholders-meeting\\\/\"]}]},{\"@type\":\"BreadcrumbList\",\"@id\":\"https:\\\/\\\/www.allgeier.com\\\/de\\\/investor-relations\\\/shareholders-meeting\\\/#breadcrumb\",\"itemListElement\":[{\"@type\":\"ListItem\",\"position\":1,\"name\":\"Home\",\"item\":\"https:\\\/\\\/www.allgeier.com\\\/de\\\/\"},{\"@type\":\"ListItem\",\"position\":2,\"name\":\"Investor Relations\",\"item\":\"https:\\\/\\\/www.allgeier.com\\\/de\\\/investor-relations\\\/\"},{\"@type\":\"ListItem\",\"position\":3,\"name\":\"Hauptversammlung\"}]},{\"@type\":\"WebSite\",\"@id\":\"https:\\\/\\\/www.allgeier.com\\\/de\\\/#website\",\"url\":\"https:\\\/\\\/www.allgeier.com\\\/de\\\/\",\"name\":\"Allgeier SE\",\"description\":\"Software &amp; IT Services for digital transformation\",\"potentialAction\":[{\"@type\":\"SearchAction\",\"target\":{\"@type\":\"EntryPoint\",\"urlTemplate\":\"https:\\\/\\\/www.allgeier.com\\\/de\\\/?s={search_term_string}\"},\"query-input\":{\"@type\":\"PropertyValueSpecification\",\"valueRequired\":true,\"valueName\":\"search_term_string\"}}],\"inLanguage\":\"de\"}]}<\/script>\n<!-- \/ Yoast SEO plugin. -->","yoast_head_json":{"title":"Hauptversammlung - Allgeier SE","robots":{"index":"index","follow":"follow","max-snippet":"max-snippet:-1","max-image-preview":"max-image-preview:large","max-video-preview":"max-video-preview:-1"},"canonical":"https:\/\/www.allgeier.com\/de\/investor-relations\/shareholders-meeting\/","og_locale":"de_DE","og_type":"article","og_title":"Hauptversammlung - Allgeier SE","og_description":"Hier erhalten Sie Informationen zur ordentlichen Hauptversammlung vom 27. Juni 2025 in M\u00fcnchen. Die Hauptversammlung wurde in diesem Jahr als physische Veranstaltung, d. h. mit Pr\u00e4senz der Aktion\u00e4re und ihrer Bevollm\u00e4chtigten, im NOVOTEL M\u00fcnchen Messe in M\u00fcnchen durchgef\u00fchrt. Dokumente zur ordentlichen Hauptversammlung am 27. Juni 2025 (zum Gesch\u00e4ftsjahr 2024): Einladung Beschreibung der Verg\u00fctungssysteme von Vorstand &hellip;","og_url":"https:\/\/www.allgeier.com\/de\/investor-relations\/shareholders-meeting\/","og_site_name":"Allgeier SE","article_modified_time":"2025-07-02T07:21:50+00:00","twitter_card":"summary_large_image","twitter_misc":{"Gesch\u00e4tzte Lesezeit":"1\u00a0Minute"},"schema":{"@context":"https:\/\/schema.org","@graph":[{"@type":"WebPage","@id":"https:\/\/www.allgeier.com\/de\/investor-relations\/shareholders-meeting\/","url":"https:\/\/www.allgeier.com\/de\/investor-relations\/shareholders-meeting\/","name":"Hauptversammlung - Allgeier SE","isPartOf":{"@id":"https:\/\/www.allgeier.com\/de\/#website"},"datePublished":"2018-05-23T06:31:13+00:00","dateModified":"2025-07-02T07:21:50+00:00","breadcrumb":{"@id":"https:\/\/www.allgeier.com\/de\/investor-relations\/shareholders-meeting\/#breadcrumb"},"inLanguage":"de","potentialAction":[{"@type":"ReadAction","target":["https:\/\/www.allgeier.com\/de\/investor-relations\/shareholders-meeting\/"]}]},{"@type":"BreadcrumbList","@id":"https:\/\/www.allgeier.com\/de\/investor-relations\/shareholders-meeting\/#breadcrumb","itemListElement":[{"@type":"ListItem","position":1,"name":"Home","item":"https:\/\/www.allgeier.com\/de\/"},{"@type":"ListItem","position":2,"name":"Investor Relations","item":"https:\/\/www.allgeier.com\/de\/investor-relations\/"},{"@type":"ListItem","position":3,"name":"Hauptversammlung"}]},{"@type":"WebSite","@id":"https:\/\/www.allgeier.com\/de\/#website","url":"https:\/\/www.allgeier.com\/de\/","name":"Allgeier SE","description":"Software &amp; IT Services for digital transformation","potentialAction":[{"@type":"SearchAction","target":{"@type":"EntryPoint","urlTemplate":"https:\/\/www.allgeier.com\/de\/?s={search_term_string}"},"query-input":{"@type":"PropertyValueSpecification","valueRequired":true,"valueName":"search_term_string"}}],"inLanguage":"de"}]}},"_links":{"self":[{"href":"https:\/\/www.allgeier.com\/de\/wp-json\/wp\/v2\/pages\/1163","targetHints":{"allow":["GET"]}}],"collection":[{"href":"https:\/\/www.allgeier.com\/de\/wp-json\/wp\/v2\/pages"}],"about":[{"href":"https:\/\/www.allgeier.com\/de\/wp-json\/wp\/v2\/types\/page"}],"author":[{"embeddable":true,"href":"https:\/\/www.allgeier.com\/de\/wp-json\/wp\/v2\/users\/1"}],"replies":[{"embeddable":true,"href":"https:\/\/www.allgeier.com\/de\/wp-json\/wp\/v2\/comments?post=1163"}],"version-history":[{"count":5,"href":"https:\/\/www.allgeier.com\/de\/wp-json\/wp\/v2\/pages\/1163\/revisions"}],"predecessor-version":[{"id":6468,"href":"https:\/\/www.allgeier.com\/de\/wp-json\/wp\/v2\/pages\/1163\/revisions\/6468"}],"up":[{"embeddable":true,"href":"https:\/\/www.allgeier.com\/de\/wp-json\/wp\/v2\/pages\/1143"}],"wp:attachment":[{"href":"https:\/\/www.allgeier.com\/de\/wp-json\/wp\/v2\/media?parent=1163"}],"wp:term":[{"taxonomy":"category","embeddable":true,"href":"https:\/\/www.allgeier.com\/de\/wp-json\/wp\/v2\/categories?post=1163"},{"taxonomy":"post_tag","embeddable":true,"href":"https:\/\/www.allgeier.com\/de\/wp-json\/wp\/v2\/tags?post=1163"}],"curies":[{"name":"wp","href":"https:\/\/api.w.org\/{rel}","templated":true}]}}