{"id":1168,"date":"2015-02-26T07:18:42","date_gmt":"2015-02-26T07:18:42","guid":{"rendered":"http:\/\/www.allgeier.com\/en\/?page_id=251"},"modified":"2025-06-02T10:10:25","modified_gmt":"2025-06-02T10:10:25","slug":"pressroom","status":"publish","type":"page","link":"https:\/\/www.allgeier.com\/de\/pressroom\/","title":{"rendered":"Presse"},"content":{"rendered":"<p><img loading=\"lazy\" decoding=\"async\" class=\"img-responsive alignnone\" src=\"https:\/\/www.allgeier.com\/wp-content\/uploads\/2019\/05\/PressNews.jpg\" alt=\"\" width=\"585\" height=\"234\" \/><\/p>\n<p>Gerne unterst\u00fctzen wir Sie bei Ihren Recherchen.<br \/>\nSollten Sie zus\u00e4tzliche Informationen ben\u00f6tigen oder Fragen zu unserem Unternehmen haben, stehen wir Ihnen unter folgenden Kontaktdaten zur Verf\u00fcgung:<\/p>\n<h3>Allgeier SE<\/h3>\n<p>Dr. Christopher Gro\u00dfe<br \/>\nMontgelasstra\u00dfe 14<br \/>\nD-81679 M\u00fcnchen<br \/>\nTel.: +49 89 998421-0<br \/>\nFax: +49 89 998421-11<br \/>\nE-Mail: <a href=\"mailto:pr@allgeier.com\">pr@allgeier.com<\/a><\/p>\n<p><a href=\"http:\/\/maps.google.de\/maps?f=q&amp;hl=de&amp;q=Wehrlestra%C3%9Fe+12,+m%C3%BCnchen&amp;ie=UTF8&amp;om=1&amp;ll=48.146933,11.607742&amp;spn=0.020445,0.048666\"><img loading=\"lazy\" decoding=\"async\" class=\"alignleft wp-image-1233\" src=\"https:\/\/www.allgeier.com\/de\/wp-content\/uploads\/sites\/2\/2015\/02\/google_maps.gif\" alt=\"google_maps\" width=\"16\" height=\"16\" \/>\u00a0Anfahrtsplan<\/a><\/p>\n<p>Hier finden Sie umfassende und aktuelle Presseinformationen \u00fcber unser Unternehmen:<\/p>\n<div class=\"fieldset\">\n<div class=\"fieldbox\">\n<div class=\"legend\">News<\/div>\n<div class=\"inner\"><div class=\"row\"><div class=\"col-md-12 votingContent\">  <span class=\"pub_date\">02.06.2025 - <\/span><span>ALLGEIER SE: Ver\u00f6ffentlichung der Gesamtzahl der Stimmrechte nach \u00a7 41 WpHG mit dem Ziel der europaweiten Verbreitung<\/span><\/div><div class=\"col-md-12 votingMoreDiv\"><a class=\"moreButton\" target=\"_self\" href=\"https:\/\/www.allgeier.com\/de\/pressroom\/news\/es-02062025\/\">Mehr<\/a><\/div><div class=\"col-md-12 votingContent\">  <span class=\"pub_date\">27.05.2025 - <\/span><span>ALLGEIER SE: Dr. Marcus Goedsche, Aus\u00fcbung von Aktienoptionen<\/span><\/div><div class=\"col-md-12 votingMoreDiv\"><a class=\"moreButton\" target=\"_self\" href=\"https:\/\/www.allgeier.com\/de\/pressroom\/news\/es-27052025\/\">Mehr<\/a><\/div><div class=\"col-md-12 votingContent\">  <span class=\"pub_date\">27.05.2025 - <\/span><span>ALLGEIER SE: Carl Georg D\u00fcrschmidt, Aus\u00fcbung von Aktienoptionen<\/span><\/div><div class=\"col-md-12 votingMoreDiv\"><a class=\"moreButton\" target=\"_self\" href=\"https:\/\/www.allgeier.com\/de\/pressroom\/news\/es-27052025-0830\/\">Mehr<\/a><\/div><\/div><\/div>\n<\/div>\n<\/div>\n<div class=\"fieldset\">\n<div class=\"fieldbox\">\n<div class=\"legend\">Pressemitteilungen<\/div>\n<div class=\"inner\"><div class=\"row\"><div class=\"col-md-12 votingContent\">  <span class=\"pub_date\">08.04.2026 - <\/span><span>A12 Enterprise AI Low Code-Plattform wird Open Source: Bayerisches Landesamt f\u00fcr Steuern und mgm \u00f6ffnen Quellcode<\/span><\/div><div class=\"col-md-12 votingMoreDiv\"><a class=\"moreButton\" target=\"_self\" href=\"https:\/\/www.allgeier.com\/de\/pressroom\/press-releases\/a12-enterprise-ai-low-code-plattform-wird-open-source-bayerisches-landesamt-fuer-steuern-und-mgm-oeffnen-quellcode\/\">Mehr<\/a><\/div><div class=\"col-md-12 votingContent\">  <span class=\"pub_date\">30.07.2025 - <\/span><span>Gemeinsam st\u00e4rker im Digital Commerce \u2013 eCube wird Teil von mgm<\/span><\/div><div class=\"col-md-12 votingMoreDiv\"><a class=\"moreButton\" target=\"_self\" href=\"https:\/\/www.allgeier.com\/de\/pressroom\/press-releases\/gemeinsam-staerker-im-digital-commerce-ecube-wird-teil-von-mgm\/\">Mehr<\/a><\/div><div class=\"col-md-12 votingContent\">  <span class=\"pub_date\">11.03.2025 - <\/span><span>Allgeier SE: Klarstellung zum Pr\u00fcfungsergebnis der BaFin<\/span><\/div><div class=\"col-md-12 votingMoreDiv\"><a class=\"moreButton\" target=\"_self\" href=\"https:\/\/www.allgeier.com\/de\/pressroom\/press-releases\/allgeier-se-klarstellung-zum-pruefungsergebnis-der-bafin\/\">Mehr<\/a><\/div><\/div><\/div>\n<\/div>\n<\/div>\n<div class=\"fieldset\">\n<div class=\"fieldbox\">\n<div class=\"legend\">Press Review<\/div>\n<div class=\"inner\"><div class=\"row\"><div class=\"col-md-12 votingContent\">  <span class=\"pub_date\">02.05.2017 - <\/span><span>Allgeier SAP: Alle Antworten f\u00fcr die Community<\/span><\/div><div class=\"col-md-12 votingMoreDiv\"><a class=\"moreButton\" target=\"_self\" href=\"https:\/\/www.allgeier.com\/de\/pressroom\/press-review\/allgeier-sap-alle-antworten-fur-die-community\/\">Mehr<\/a><\/div><div class=\"col-md-12 votingContent\">  <span class=\"pub_date\">20.06.2016 - <\/span><span>Report.at: Cloud ante portas \u2013 wie Amazon, Microsoft & Co das Pferd gesattelt haben<\/span><\/div><div class=\"col-md-12 votingMoreDiv\"><a class=\"moreButton\" target=\"_self\" href=\"https:\/\/www.allgeier.com\/de\/pressroom\/press-review\/cloud-ante-portas-wie-amazon-microsoft-co-das-pferd-gesattelt-haben\/\">Mehr<\/a><\/div><div class=\"col-md-12 votingContent\">  <span class=\"pub_date\">04.05.2016 - <\/span><span>The Hindu Business Line [englisch]: Lufthansa Systems unterzeichnet Vertrag mit Nagarro<\/span><\/div><div class=\"col-md-12 votingMoreDiv\"><a class=\"moreButton\" target=\"_self\" href=\"https:\/\/www.allgeier.com\/de\/pressroom\/press-review\/lufthansa-systems-signs-pact-with-nagarro\/\">Mehr<\/a><\/div><\/div><\/div>\n<\/div>\n<\/div>\n","protected":false},"excerpt":{"rendered":"<p>Gerne unterst\u00fctzen wir Sie bei Ihren Recherchen. Sollten Sie zus\u00e4tzliche Informationen ben\u00f6tigen oder Fragen zu unserem Unternehmen haben, stehen wir Ihnen unter folgenden Kontaktdaten zur Verf\u00fcgung: Allgeier SE Dr. Christopher Gro\u00dfe Montgelasstra\u00dfe 14 D-81679 M\u00fcnchen Tel.: +49 89 998421-0 Fax: +49 89 998421-11 E-Mail: pr@allgeier.com \u00a0Anfahrtsplan Hier finden Sie umfassende und aktuelle Presseinformationen \u00fcber unser &hellip; <\/p>\n","protected":false},"author":1,"featured_media":0,"parent":0,"menu_order":0,"comment_status":"closed","ping_status":"closed","template":"","meta":{"_acf_changed":false,"footnotes":""},"categories":[],"tags":[],"class_list":["post-1168","page","type-page","status-publish","hentry"],"acf":[],"yoast_head":"<!-- This site is optimized with the Yoast SEO plugin v27.4 - https:\/\/yoast.com\/product\/yoast-seo-wordpress\/ -->\n<title>Presse - Allgeier SE<\/title>\n<meta name=\"robots\" content=\"index, follow, max-snippet:-1, max-image-preview:large, max-video-preview:-1\" \/>\n<link rel=\"canonical\" href=\"https:\/\/www.allgeier.com\/de\/pressroom\/\" \/>\n<meta property=\"og:locale\" content=\"de_DE\" \/>\n<meta property=\"og:type\" content=\"article\" \/>\n<meta property=\"og:title\" content=\"Presse - Allgeier SE\" \/>\n<meta property=\"og:description\" content=\"Gerne unterst\u00fctzen wir Sie bei Ihren Recherchen. Sollten Sie zus\u00e4tzliche Informationen ben\u00f6tigen oder Fragen zu unserem Unternehmen haben, stehen wir Ihnen unter folgenden Kontaktdaten zur Verf\u00fcgung: Allgeier SE Dr. Christopher Gro\u00dfe Montgelasstra\u00dfe 14 D-81679 M\u00fcnchen Tel.: +49 89 998421-0 Fax: +49 89 998421-11 E-Mail: pr@allgeier.com \u00a0Anfahrtsplan Hier finden Sie umfassende und aktuelle Presseinformationen \u00fcber unser &hellip;\" \/>\n<meta property=\"og:url\" content=\"https:\/\/www.allgeier.com\/de\/pressroom\/\" \/>\n<meta property=\"og:site_name\" content=\"Allgeier SE\" \/>\n<meta property=\"article:modified_time\" content=\"2025-06-02T10:10:25+00:00\" \/>\n<meta property=\"og:image\" content=\"https:\/\/www.allgeier.com\/wp-content\/uploads\/2019\/05\/PressNews.jpg\" \/>\n<meta name=\"twitter:card\" content=\"summary_large_image\" \/>\n<meta name=\"twitter:label1\" content=\"Gesch\u00e4tzte Lesezeit\" \/>\n\t<meta name=\"twitter:data1\" content=\"1\u00a0Minute\" \/>\n<script type=\"application\/ld+json\" class=\"yoast-schema-graph\">{\"@context\":\"https:\\\/\\\/schema.org\",\"@graph\":[{\"@type\":\"WebPage\",\"@id\":\"https:\\\/\\\/www.allgeier.com\\\/de\\\/pressroom\\\/\",\"url\":\"https:\\\/\\\/www.allgeier.com\\\/de\\\/pressroom\\\/\",\"name\":\"Presse - Allgeier SE\",\"isPartOf\":{\"@id\":\"https:\\\/\\\/www.allgeier.com\\\/de\\\/#website\"},\"primaryImageOfPage\":{\"@id\":\"https:\\\/\\\/www.allgeier.com\\\/de\\\/pressroom\\\/#primaryimage\"},\"image\":{\"@id\":\"https:\\\/\\\/www.allgeier.com\\\/de\\\/pressroom\\\/#primaryimage\"},\"thumbnailUrl\":\"https:\\\/\\\/www.allgeier.com\\\/wp-content\\\/uploads\\\/2019\\\/05\\\/PressNews.jpg\",\"datePublished\":\"2015-02-26T07:18:42+00:00\",\"dateModified\":\"2025-06-02T10:10:25+00:00\",\"breadcrumb\":{\"@id\":\"https:\\\/\\\/www.allgeier.com\\\/de\\\/pressroom\\\/#breadcrumb\"},\"inLanguage\":\"de\",\"potentialAction\":[{\"@type\":\"ReadAction\",\"target\":[\"https:\\\/\\\/www.allgeier.com\\\/de\\\/pressroom\\\/\"]}]},{\"@type\":\"ImageObject\",\"inLanguage\":\"de\",\"@id\":\"https:\\\/\\\/www.allgeier.com\\\/de\\\/pressroom\\\/#primaryimage\",\"url\":\"https:\\\/\\\/www.allgeier.com\\\/wp-content\\\/uploads\\\/2019\\\/05\\\/PressNews.jpg\",\"contentUrl\":\"https:\\\/\\\/www.allgeier.com\\\/wp-content\\\/uploads\\\/2019\\\/05\\\/PressNews.jpg\"},{\"@type\":\"BreadcrumbList\",\"@id\":\"https:\\\/\\\/www.allgeier.com\\\/de\\\/pressroom\\\/#breadcrumb\",\"itemListElement\":[{\"@type\":\"ListItem\",\"position\":1,\"name\":\"Home\",\"item\":\"https:\\\/\\\/www.allgeier.com\\\/de\\\/\"},{\"@type\":\"ListItem\",\"position\":2,\"name\":\"Presse\"}]},{\"@type\":\"WebSite\",\"@id\":\"https:\\\/\\\/www.allgeier.com\\\/de\\\/#website\",\"url\":\"https:\\\/\\\/www.allgeier.com\\\/de\\\/\",\"name\":\"Allgeier SE\",\"description\":\"Software &amp; IT Services for digital transformation\",\"potentialAction\":[{\"@type\":\"SearchAction\",\"target\":{\"@type\":\"EntryPoint\",\"urlTemplate\":\"https:\\\/\\\/www.allgeier.com\\\/de\\\/?s={search_term_string}\"},\"query-input\":{\"@type\":\"PropertyValueSpecification\",\"valueRequired\":true,\"valueName\":\"search_term_string\"}}],\"inLanguage\":\"de\"}]}<\/script>\n<!-- \/ Yoast SEO plugin. -->","yoast_head_json":{"title":"Presse - Allgeier SE","robots":{"index":"index","follow":"follow","max-snippet":"max-snippet:-1","max-image-preview":"max-image-preview:large","max-video-preview":"max-video-preview:-1"},"canonical":"https:\/\/www.allgeier.com\/de\/pressroom\/","og_locale":"de_DE","og_type":"article","og_title":"Presse - Allgeier SE","og_description":"Gerne unterst\u00fctzen wir Sie bei Ihren Recherchen. Sollten Sie zus\u00e4tzliche Informationen ben\u00f6tigen oder Fragen zu unserem Unternehmen haben, stehen wir Ihnen unter folgenden Kontaktdaten zur Verf\u00fcgung: Allgeier SE Dr. Christopher Gro\u00dfe Montgelasstra\u00dfe 14 D-81679 M\u00fcnchen Tel.: +49 89 998421-0 Fax: +49 89 998421-11 E-Mail: pr@allgeier.com \u00a0Anfahrtsplan Hier finden Sie umfassende und aktuelle Presseinformationen \u00fcber unser &hellip;","og_url":"https:\/\/www.allgeier.com\/de\/pressroom\/","og_site_name":"Allgeier SE","article_modified_time":"2025-06-02T10:10:25+00:00","og_image":[{"url":"https:\/\/www.allgeier.com\/wp-content\/uploads\/2019\/05\/PressNews.jpg","type":"","width":"","height":""}],"twitter_card":"summary_large_image","twitter_misc":{"Gesch\u00e4tzte Lesezeit":"1\u00a0Minute"},"schema":{"@context":"https:\/\/schema.org","@graph":[{"@type":"WebPage","@id":"https:\/\/www.allgeier.com\/de\/pressroom\/","url":"https:\/\/www.allgeier.com\/de\/pressroom\/","name":"Presse - Allgeier SE","isPartOf":{"@id":"https:\/\/www.allgeier.com\/de\/#website"},"primaryImageOfPage":{"@id":"https:\/\/www.allgeier.com\/de\/pressroom\/#primaryimage"},"image":{"@id":"https:\/\/www.allgeier.com\/de\/pressroom\/#primaryimage"},"thumbnailUrl":"https:\/\/www.allgeier.com\/wp-content\/uploads\/2019\/05\/PressNews.jpg","datePublished":"2015-02-26T07:18:42+00:00","dateModified":"2025-06-02T10:10:25+00:00","breadcrumb":{"@id":"https:\/\/www.allgeier.com\/de\/pressroom\/#breadcrumb"},"inLanguage":"de","potentialAction":[{"@type":"ReadAction","target":["https:\/\/www.allgeier.com\/de\/pressroom\/"]}]},{"@type":"ImageObject","inLanguage":"de","@id":"https:\/\/www.allgeier.com\/de\/pressroom\/#primaryimage","url":"https:\/\/www.allgeier.com\/wp-content\/uploads\/2019\/05\/PressNews.jpg","contentUrl":"https:\/\/www.allgeier.com\/wp-content\/uploads\/2019\/05\/PressNews.jpg"},{"@type":"BreadcrumbList","@id":"https:\/\/www.allgeier.com\/de\/pressroom\/#breadcrumb","itemListElement":[{"@type":"ListItem","position":1,"name":"Home","item":"https:\/\/www.allgeier.com\/de\/"},{"@type":"ListItem","position":2,"name":"Presse"}]},{"@type":"WebSite","@id":"https:\/\/www.allgeier.com\/de\/#website","url":"https:\/\/www.allgeier.com\/de\/","name":"Allgeier SE","description":"Software &amp; IT Services for digital transformation","potentialAction":[{"@type":"SearchAction","target":{"@type":"EntryPoint","urlTemplate":"https:\/\/www.allgeier.com\/de\/?s={search_term_string}"},"query-input":{"@type":"PropertyValueSpecification","valueRequired":true,"valueName":"search_term_string"}}],"inLanguage":"de"}]}},"_links":{"self":[{"href":"https:\/\/www.allgeier.com\/de\/wp-json\/wp\/v2\/pages\/1168","targetHints":{"allow":["GET"]}}],"collection":[{"href":"https:\/\/www.allgeier.com\/de\/wp-json\/wp\/v2\/pages"}],"about":[{"href":"https:\/\/www.allgeier.com\/de\/wp-json\/wp\/v2\/types\/page"}],"author":[{"embeddable":true,"href":"https:\/\/www.allgeier.com\/de\/wp-json\/wp\/v2\/users\/1"}],"replies":[{"embeddable":true,"href":"https:\/\/www.allgeier.com\/de\/wp-json\/wp\/v2\/comments?post=1168"}],"version-history":[{"count":2,"href":"https:\/\/www.allgeier.com\/de\/wp-json\/wp\/v2\/pages\/1168\/revisions"}],"predecessor-version":[{"id":1903,"href":"https:\/\/www.allgeier.com\/de\/wp-json\/wp\/v2\/pages\/1168\/revisions\/1903"}],"wp:attachment":[{"href":"https:\/\/www.allgeier.com\/de\/wp-json\/wp\/v2\/media?parent=1168"}],"wp:term":[{"taxonomy":"category","embeddable":true,"href":"https:\/\/www.allgeier.com\/de\/wp-json\/wp\/v2\/categories?post=1168"},{"taxonomy":"post_tag","embeddable":true,"href":"https:\/\/www.allgeier.com\/de\/wp-json\/wp\/v2\/tags?post=1168"}],"curies":[{"name":"wp","href":"https:\/\/api.w.org\/{rel}","templated":true}]}}