{"id":1173,"date":"2015-02-26T07:24:26","date_gmt":"2015-02-26T07:24:26","guid":{"rendered":"http:\/\/www.allgeier.com\/en\/?page_id=263"},"modified":"2022-02-23T17:54:02","modified_gmt":"2022-02-23T17:54:02","slug":"management-philosophy","status":"publish","type":"page","link":"https:\/\/www.allgeier.com\/de\/who-we-are\/careers\/management-philosophy\/","title":{"rendered":"Philosophie"},"content":{"rendered":"<p><img loading=\"lazy\" decoding=\"async\" class=\"alignnone size-full wp-image-1727\" src=\"https:\/\/www.allgeier.com\/wp-content\/uploads\/2019\/05\/Management_Philosophy.jpg\" alt=\"ManagementPhilosophy\" width=\"540\" height=\"216\" \/><\/p>\n<p>Wir glauben an die F\u00f6rderung von Eigeninitiative, Verantwortung und Flexibilit\u00e4t. Bei Allgeier agieren die Gesch\u00e4ftsf\u00fchrer der Beteiligungen als Unternehmer im Rahmen einer gemeinsam abgestimmten Strategie. Mit der St\u00e4rke einer leistungsf\u00e4higen, b\u00f6rsennotierten Gruppe lassen sich dabei wesentliche Synergien und Gr\u00f6\u00dfeneffekte nutzen. Spezialistentum gepaart mit unersetzbaren Erfahrungen und Leidenschaft f\u00fcr den Job pr\u00e4gt die Kultur unseres Unternehmens.<\/p>\n<p>Wir investieren in unsere Mitarbeiter, damit wir best\u00e4ndig wachsen und Wissen im Unternehmen halten k\u00f6nnen. Unsere Personalentwicklungs- und Weiterbildungsprogramme sind f\u00fcr junge Talente, f\u00fcr Potentialtr\u00e4ger und f\u00fcr F\u00fchrungskr\u00e4fte interessant, die sowohl fachliche als auch pers\u00f6nliche Kompetenzen erweitern wollen.<\/p>\n<p>Bei Allgeier soll jeder erleben, dass er mit seinen F\u00e4higkeiten und seinem Engagement etwas bewirken und seinen pers\u00f6nlichen Beitrag zum Unternehmenserfolg leisten kann.<span id=\"hs_cos_wrapper_module_13885046520011784\" class=\"hs_cos_wrapper hs_cos_wrapper_widget_container hs_cos_wrapper_type_widget_container\"><\/span><\/p>\n<div class=\"cookieconsent-optout-marketing\"><a href=\"\" class=\"su-button su-button-style-default\" style=\"color:#FFFFFF;background-color:#2D89EF;border-color:#246ec0;border-radius:5px\" target=\"_self\"><span style=\"color:#FFFFFF;padding:0px 16px;font-size:13px;line-height:26px;border-color:#6cadf4;border-radius:5px;text-shadow:none\"> Bitte akzeptieren Sie unsere Cookies (Marketing), damit Sie das Video schauen k\u00f6nnen.<\/span><\/a><\/div>\n<p><strong>Softwareentwicklung bei mgm technology partners<\/strong><\/p>\n<p>Die Mitarbeiter unserer Division mgm technology partners (<a href=\"http:\/\/www.mgm-tp.com\" target=\"_blank\" rel=\"noopener noreferrer\">www.mgm-tp.com<\/a>) sind leidenschaftliche Softwareentwickler. Seit \u00fcber zwei Jahrzehnten entwickelt mgm Webapplikationen: f\u00fcr E-Commerce, Insurance und E-Government. Am Hauptsitz in M\u00fcnchen und an 12 weiteren Standorten in allen deutschen Metropolregionen sowie in Frankreich, Tschechien, Vietnam und in den USA stehen mehr als 400 Kolleginnen und Kollegen f\u00fcr eine Vision: Innovation Implemented. Sie arbeiten in einer flachen Hierarchie mit wenigen Managern und noch weniger Politik.<\/p>\n<p>Lernen Sie hier die Standorte der mgm und Ihre zuk\u00fcnftigen Kollegen kennen:<\/p>\n<div>\n<div class=\"su-tabs su-tabs-style-default su-tabs-mobile-stack\" data-active=\"1\" data-scroll-offset=\"0\" data-anchor-in-url=\"no\"><div class=\"su-tabs-nav\"><span class=\"\" data-url=\"\" data-target=\"blank\" tabindex=\"0\" role=\"button\">M\u00fcnchen<\/span><span class=\"\" data-url=\"\" data-target=\"blank\" tabindex=\"0\" role=\"button\">Hamburg<\/span><span class=\"\" data-url=\"\" data-target=\"blank\" tabindex=\"0\" role=\"button\">K\u00f6ln<\/span><span class=\"\" data-url=\"\" data-target=\"blank\" tabindex=\"0\" role=\"button\">Leipzig<\/span><span class=\"\" data-url=\"\" data-target=\"blank\" tabindex=\"0\" role=\"button\">N\u00fcrnberg<\/span><span class=\"\" data-url=\"\" data-target=\"blank\" tabindex=\"0\" role=\"button\">Berlin<\/span><span class=\"\" data-url=\"\" data-target=\"blank\" tabindex=\"0\" role=\"button\">Grenoble<\/span><span class=\"\" data-url=\"\" data-target=\"blank\" tabindex=\"0\" role=\"button\">Praha<\/span><span class=\"\" data-url=\"\" data-target=\"blank\" tabindex=\"0\" role=\"button\">Dresden<\/span><span class=\"\" data-url=\"\" data-target=\"blank\" tabindex=\"0\" role=\"button\">\u0110\u00e0 N\u1eb5ng<\/span><\/div><div class=\"su-tabs-panes\"><div class=\"su-tabs-pane su-u-clearfix su-u-trim\" data-title=\"M\u00fcnchen\">\n<div style=\"width: 640px;\" class=\"wp-video\"><video class=\"wp-video-shortcode\" id=\"video-1173-1\" width=\"640\" height=\"360\" preload=\"metadata\" controls=\"controls\"><source type=\"video\/mp4\" src=\"https:\/\/www.allgeier.com\/en\/wp-content\/uploads\/sites\/2\/2022\/02\/Mu\u0308nchen-HD-from-mgm-technology-partners.mp4?_=1\" \/><a href=\"https:\/\/www.allgeier.com\/en\/wp-content\/uploads\/sites\/2\/2022\/02\/Mu\u0308nchen-HD-from-mgm-technology-partners.mp4\">https:\/\/www.allgeier.com\/en\/wp-content\/uploads\/sites\/2\/2022\/02\/Mu\u0308nchen-HD-from-mgm-technology-partners.mp4<\/a><\/video><\/div>\n<\/div>\n<div class=\"su-tabs-pane su-u-clearfix su-u-trim\" data-title=\"Hamburg\">\n<div style=\"width: 640px;\" class=\"wp-video\"><video class=\"wp-video-shortcode\" id=\"video-1173-2\" width=\"640\" height=\"360\" preload=\"auto\" controls=\"controls\"><source type=\"video\/mp4\" src=\"https:\/\/www.allgeier.com\/en\/wp-content\/uploads\/sites\/2\/2022\/02\/mgm-in-Hamburg-from-mgm-technology-partners.mp4?_=2\" \/><a href=\"https:\/\/www.allgeier.com\/en\/wp-content\/uploads\/sites\/2\/2022\/02\/mgm-in-Hamburg-from-mgm-technology-partners.mp4\">https:\/\/www.allgeier.com\/en\/wp-content\/uploads\/sites\/2\/2022\/02\/mgm-in-Hamburg-from-mgm-technology-partners.mp4<\/a><\/video><\/div>\n<\/div>\n<div class=\"su-tabs-pane su-u-clearfix su-u-trim\" data-title=\"K\u00f6ln\">\n<div style=\"width: 640px;\" class=\"wp-video\"><video class=\"wp-video-shortcode\" id=\"video-1173-3\" width=\"640\" height=\"360\" preload=\"metadata\" controls=\"controls\"><source type=\"video\/mp4\" src=\"https:\/\/www.allgeier.com\/en\/wp-content\/uploads\/sites\/2\/2022\/02\/Ko\u0308ln-HD-from-mgm-technology-partners.mp4?_=3\" \/><a href=\"https:\/\/www.allgeier.com\/en\/wp-content\/uploads\/sites\/2\/2022\/02\/Ko\u0308ln-HD-from-mgm-technology-partners.mp4\">https:\/\/www.allgeier.com\/en\/wp-content\/uploads\/sites\/2\/2022\/02\/Ko\u0308ln-HD-from-mgm-technology-partners.mp4<\/a><\/video><\/div>\n<\/div>\n<div class=\"su-tabs-pane su-u-clearfix su-u-trim\" data-title=\"Leipzig\">\n<div style=\"width: 640px;\" class=\"wp-video\"><video class=\"wp-video-shortcode\" id=\"video-1173-4\" width=\"640\" height=\"360\" preload=\"metadata\" controls=\"controls\"><source type=\"video\/mp4\" src=\"https:\/\/www.allgeier.com\/en\/wp-content\/uploads\/sites\/2\/2022\/02\/Leipzig-HD-from-mgm-technology-partners.mp4?_=4\" \/><a href=\"https:\/\/www.allgeier.com\/en\/wp-content\/uploads\/sites\/2\/2022\/02\/Leipzig-HD-from-mgm-technology-partners.mp4\">https:\/\/www.allgeier.com\/en\/wp-content\/uploads\/sites\/2\/2022\/02\/Leipzig-HD-from-mgm-technology-partners.mp4<\/a><\/video><\/div>\n<\/div>\n<div class=\"su-tabs-pane su-u-clearfix su-u-trim\" data-title=\"N\u00fcrnberg\">\n<div style=\"width: 640px;\" class=\"wp-video\"><video class=\"wp-video-shortcode\" id=\"video-1173-5\" width=\"640\" height=\"360\" preload=\"metadata\" controls=\"controls\"><source type=\"video\/mp4\" src=\"https:\/\/www.allgeier.com\/en\/wp-content\/uploads\/sites\/2\/2022\/02\/Nu\u0308rnberg-HD-from-mgm-technology-partners.mp4?_=5\" \/><a href=\"https:\/\/www.allgeier.com\/en\/wp-content\/uploads\/sites\/2\/2022\/02\/Nu\u0308rnberg-HD-from-mgm-technology-partners.mp4\">https:\/\/www.allgeier.com\/en\/wp-content\/uploads\/sites\/2\/2022\/02\/Nu\u0308rnberg-HD-from-mgm-technology-partners.mp4<\/a><\/video><\/div>\n<\/div>\n<div class=\"su-tabs-pane su-u-clearfix su-u-trim\" data-title=\"Berlin\">\n<div style=\"width: 640px;\" class=\"wp-video\"><video class=\"wp-video-shortcode\" id=\"video-1173-6\" width=\"640\" height=\"360\" preload=\"metadata\" controls=\"controls\"><source type=\"video\/mp4\" src=\"https:\/\/www.allgeier.com\/en\/wp-content\/uploads\/sites\/2\/2022\/02\/Berlin-HD-from-mgm-technology-partners.mp4?_=6\" \/><a href=\"https:\/\/www.allgeier.com\/en\/wp-content\/uploads\/sites\/2\/2022\/02\/Berlin-HD-from-mgm-technology-partners.mp4\">https:\/\/www.allgeier.com\/en\/wp-content\/uploads\/sites\/2\/2022\/02\/Berlin-HD-from-mgm-technology-partners.mp4<\/a><\/video><\/div>\n<\/div>\n<div class=\"su-tabs-pane su-u-clearfix su-u-trim\" data-title=\"Grenoble\">\n<div style=\"width: 640px;\" class=\"wp-video\"><video class=\"wp-video-shortcode\" id=\"video-1173-7\" width=\"640\" height=\"360\" preload=\"metadata\" controls=\"controls\"><source type=\"video\/mp4\" src=\"https:\/\/www.allgeier.com\/en\/wp-content\/uploads\/sites\/2\/2022\/02\/mgm-in-Grenoble-from-mgm-technology-partners.mp4?_=7\" \/><a href=\"https:\/\/www.allgeier.com\/en\/wp-content\/uploads\/sites\/2\/2022\/02\/mgm-in-Grenoble-from-mgm-technology-partners.mp4\">https:\/\/www.allgeier.com\/en\/wp-content\/uploads\/sites\/2\/2022\/02\/mgm-in-Grenoble-from-mgm-technology-partners.mp4<\/a><\/video><\/div>\n<\/div>\n<div class=\"su-tabs-pane su-u-clearfix su-u-trim\" data-title=\"Praha\">\n<div style=\"width: 640px;\" class=\"wp-video\"><video class=\"wp-video-shortcode\" id=\"video-1173-8\" width=\"640\" height=\"360\" preload=\"metadata\" controls=\"controls\"><source type=\"video\/mp4\" src=\"https:\/\/www.allgeier.com\/en\/wp-content\/uploads\/sites\/2\/2022\/02\/Praha.mp4?_=8\" \/><a href=\"https:\/\/www.allgeier.com\/en\/wp-content\/uploads\/sites\/2\/2022\/02\/Praha.mp4\">https:\/\/www.allgeier.com\/en\/wp-content\/uploads\/sites\/2\/2022\/02\/Praha.mp4<\/a><\/video><\/div>\n<\/div>\n<div class=\"su-tabs-pane su-u-clearfix su-u-trim\" data-title=\"Dresden\">\n<div style=\"width: 640px;\" class=\"wp-video\"><video class=\"wp-video-shortcode\" id=\"video-1173-9\" width=\"640\" height=\"360\" preload=\"metadata\" controls=\"controls\"><source type=\"video\/mp4\" src=\"https:\/\/www.allgeier.com\/en\/wp-content\/uploads\/sites\/2\/2022\/02\/Dresden-HD-from-mgm-technology-partners.mp4?_=9\" \/><a href=\"https:\/\/www.allgeier.com\/en\/wp-content\/uploads\/sites\/2\/2022\/02\/Dresden-HD-from-mgm-technology-partners.mp4\">https:\/\/www.allgeier.com\/en\/wp-content\/uploads\/sites\/2\/2022\/02\/Dresden-HD-from-mgm-technology-partners.mp4<\/a><\/video><\/div>\n<\/div>\n<div class=\"su-tabs-pane su-u-clearfix su-u-trim\" data-title=\"\u0110\u00e0 N\u1eb5ng\">\n<div style=\"width: 640px;\" class=\"wp-video\"><video class=\"wp-video-shortcode\" id=\"video-1173-10\" width=\"640\" height=\"360\" preload=\"metadata\" controls=\"controls\"><source type=\"video\/mp4\" src=\"https:\/\/www.allgeier.com\/en\/wp-content\/uploads\/sites\/2\/2022\/02\/mgm-Da-Nang-from-mgm-technology-partners.mp4?_=10\" \/><a href=\"https:\/\/www.allgeier.com\/en\/wp-content\/uploads\/sites\/2\/2022\/02\/mgm-Da-Nang-from-mgm-technology-partners.mp4\">https:\/\/www.allgeier.com\/en\/wp-content\/uploads\/sites\/2\/2022\/02\/mgm-Da-Nang-from-mgm-technology-partners.mp4<\/a><\/video><\/div>\n<\/div><\/div><\/div>\n<\/div>\n<p>Wenn Sie unsere Leidenschaft f\u00fcr Softwareprojekte teilen, sind Sie bei der mgm genau richtig. mgm sucht Berufseinsteiger\/-innen und erfahrene Entwickler\/-innen in M\u00fcnchen, Berlin, Grenoble, Hamburg, K\u00f6ln, Leipzig, Dresden, N\u00fcrnberg, Prag, Bamberg, \u0110\u00e0 N\u1eb5ng. Informieren Sie sich hier: <a href=\"http:\/\/jobs.mgm-tp.com\" target=\"_blank\" rel=\"noopener noreferrer\">jobs.mgm-tp.com<\/a><\/p>\n","protected":false},"excerpt":{"rendered":"<p>Wir glauben an die F\u00f6rderung von Eigeninitiative, Verantwortung und Flexibilit\u00e4t. Bei Allgeier agieren die Gesch\u00e4ftsf\u00fchrer der Beteiligungen als Unternehmer im Rahmen einer gemeinsam abgestimmten Strategie. Mit der St\u00e4rke einer leistungsf\u00e4higen, b\u00f6rsennotierten Gruppe lassen sich dabei wesentliche Synergien und Gr\u00f6\u00dfeneffekte nutzen. Spezialistentum gepaart mit unersetzbaren Erfahrungen und Leidenschaft f\u00fcr den Job pr\u00e4gt die Kultur unseres Unternehmens. &hellip; <\/p>\n","protected":false},"author":1,"featured_media":0,"parent":1172,"menu_order":0,"comment_status":"closed","ping_status":"closed","template":"","meta":{"_acf_changed":false,"footnotes":""},"categories":[],"tags":[],"class_list":["post-1173","page","type-page","status-publish","hentry"],"acf":[],"yoast_head":"<!-- This site is optimized with the Yoast SEO plugin v27.4 - https:\/\/yoast.com\/product\/yoast-seo-wordpress\/ -->\n<title>Philosophie - Allgeier SE<\/title>\n<meta name=\"robots\" content=\"index, follow, max-snippet:-1, max-image-preview:large, max-video-preview:-1\" \/>\n<link rel=\"canonical\" href=\"https:\/\/www.allgeier.com\/de\/who-we-are\/careers\/management-philosophy\/\" \/>\n<meta property=\"og:locale\" content=\"de_DE\" \/>\n<meta property=\"og:type\" content=\"article\" \/>\n<meta property=\"og:title\" content=\"Philosophie - Allgeier SE\" \/>\n<meta property=\"og:description\" content=\"Wir glauben an die F\u00f6rderung von Eigeninitiative, Verantwortung und Flexibilit\u00e4t. Bei Allgeier agieren die Gesch\u00e4ftsf\u00fchrer der Beteiligungen als Unternehmer im Rahmen einer gemeinsam abgestimmten Strategie. Mit der St\u00e4rke einer leistungsf\u00e4higen, b\u00f6rsennotierten Gruppe lassen sich dabei wesentliche Synergien und Gr\u00f6\u00dfeneffekte nutzen. Spezialistentum gepaart mit unersetzbaren Erfahrungen und Leidenschaft f\u00fcr den Job pr\u00e4gt die Kultur unseres Unternehmens. &hellip;\" \/>\n<meta property=\"og:url\" content=\"https:\/\/www.allgeier.com\/de\/who-we-are\/careers\/management-philosophy\/\" \/>\n<meta property=\"og:site_name\" content=\"Allgeier SE\" \/>\n<meta property=\"article:modified_time\" content=\"2022-02-23T17:54:02+00:00\" \/>\n<meta property=\"og:image\" content=\"https:\/\/www.allgeier.com\/wp-content\/uploads\/2019\/05\/Management_Philosophy.jpg\" \/>\n<meta name=\"twitter:card\" content=\"summary_large_image\" \/>\n<meta name=\"twitter:label1\" content=\"Gesch\u00e4tzte Lesezeit\" \/>\n\t<meta name=\"twitter:data1\" content=\"3\u00a0Minuten\" \/>\n<script type=\"application\/ld+json\" class=\"yoast-schema-graph\">{\"@context\":\"https:\\\/\\\/schema.org\",\"@graph\":[{\"@type\":\"WebPage\",\"@id\":\"https:\\\/\\\/www.allgeier.com\\\/de\\\/who-we-are\\\/careers\\\/management-philosophy\\\/\",\"url\":\"https:\\\/\\\/www.allgeier.com\\\/de\\\/who-we-are\\\/careers\\\/management-philosophy\\\/\",\"name\":\"Philosophie - Allgeier SE\",\"isPartOf\":{\"@id\":\"https:\\\/\\\/www.allgeier.com\\\/de\\\/#website\"},\"primaryImageOfPage\":{\"@id\":\"https:\\\/\\\/www.allgeier.com\\\/de\\\/who-we-are\\\/careers\\\/management-philosophy\\\/#primaryimage\"},\"image\":{\"@id\":\"https:\\\/\\\/www.allgeier.com\\\/de\\\/who-we-are\\\/careers\\\/management-philosophy\\\/#primaryimage\"},\"thumbnailUrl\":\"https:\\\/\\\/www.allgeier.com\\\/wp-content\\\/uploads\\\/2019\\\/05\\\/Management_Philosophy.jpg\",\"datePublished\":\"2015-02-26T07:24:26+00:00\",\"dateModified\":\"2022-02-23T17:54:02+00:00\",\"breadcrumb\":{\"@id\":\"https:\\\/\\\/www.allgeier.com\\\/de\\\/who-we-are\\\/careers\\\/management-philosophy\\\/#breadcrumb\"},\"inLanguage\":\"de\",\"potentialAction\":[{\"@type\":\"ReadAction\",\"target\":[\"https:\\\/\\\/www.allgeier.com\\\/de\\\/who-we-are\\\/careers\\\/management-philosophy\\\/\"]}]},{\"@type\":\"ImageObject\",\"inLanguage\":\"de\",\"@id\":\"https:\\\/\\\/www.allgeier.com\\\/de\\\/who-we-are\\\/careers\\\/management-philosophy\\\/#primaryimage\",\"url\":\"https:\\\/\\\/www.allgeier.com\\\/wp-content\\\/uploads\\\/2019\\\/05\\\/Management_Philosophy.jpg\",\"contentUrl\":\"https:\\\/\\\/www.allgeier.com\\\/wp-content\\\/uploads\\\/2019\\\/05\\\/Management_Philosophy.jpg\"},{\"@type\":\"BreadcrumbList\",\"@id\":\"https:\\\/\\\/www.allgeier.com\\\/de\\\/who-we-are\\\/careers\\\/management-philosophy\\\/#breadcrumb\",\"itemListElement\":[{\"@type\":\"ListItem\",\"position\":1,\"name\":\"Home\",\"item\":\"https:\\\/\\\/www.allgeier.com\\\/de\\\/\"},{\"@type\":\"ListItem\",\"position\":2,\"name\":\"Wer wir sind\",\"item\":\"https:\\\/\\\/www.allgeier.com\\\/de\\\/who-we-are\\\/\"},{\"@type\":\"ListItem\",\"position\":3,\"name\":\"Karriere\",\"item\":\"https:\\\/\\\/www.allgeier.com\\\/de\\\/who-we-are\\\/careers\\\/\"},{\"@type\":\"ListItem\",\"position\":4,\"name\":\"Philosophie\"}]},{\"@type\":\"WebSite\",\"@id\":\"https:\\\/\\\/www.allgeier.com\\\/de\\\/#website\",\"url\":\"https:\\\/\\\/www.allgeier.com\\\/de\\\/\",\"name\":\"Allgeier SE\",\"description\":\"Software &amp; IT Services for digital transformation\",\"potentialAction\":[{\"@type\":\"SearchAction\",\"target\":{\"@type\":\"EntryPoint\",\"urlTemplate\":\"https:\\\/\\\/www.allgeier.com\\\/de\\\/?s={search_term_string}\"},\"query-input\":{\"@type\":\"PropertyValueSpecification\",\"valueRequired\":true,\"valueName\":\"search_term_string\"}}],\"inLanguage\":\"de\"}]}<\/script>\n<!-- \/ Yoast SEO plugin. -->","yoast_head_json":{"title":"Philosophie - Allgeier SE","robots":{"index":"index","follow":"follow","max-snippet":"max-snippet:-1","max-image-preview":"max-image-preview:large","max-video-preview":"max-video-preview:-1"},"canonical":"https:\/\/www.allgeier.com\/de\/who-we-are\/careers\/management-philosophy\/","og_locale":"de_DE","og_type":"article","og_title":"Philosophie - Allgeier SE","og_description":"Wir glauben an die F\u00f6rderung von Eigeninitiative, Verantwortung und Flexibilit\u00e4t. Bei Allgeier agieren die Gesch\u00e4ftsf\u00fchrer der Beteiligungen als Unternehmer im Rahmen einer gemeinsam abgestimmten Strategie. Mit der St\u00e4rke einer leistungsf\u00e4higen, b\u00f6rsennotierten Gruppe lassen sich dabei wesentliche Synergien und Gr\u00f6\u00dfeneffekte nutzen. Spezialistentum gepaart mit unersetzbaren Erfahrungen und Leidenschaft f\u00fcr den Job pr\u00e4gt die Kultur unseres Unternehmens. &hellip;","og_url":"https:\/\/www.allgeier.com\/de\/who-we-are\/careers\/management-philosophy\/","og_site_name":"Allgeier SE","article_modified_time":"2022-02-23T17:54:02+00:00","og_image":[{"url":"https:\/\/www.allgeier.com\/wp-content\/uploads\/2019\/05\/Management_Philosophy.jpg","type":"","width":"","height":""}],"twitter_card":"summary_large_image","twitter_misc":{"Gesch\u00e4tzte Lesezeit":"3\u00a0Minuten"},"schema":{"@context":"https:\/\/schema.org","@graph":[{"@type":"WebPage","@id":"https:\/\/www.allgeier.com\/de\/who-we-are\/careers\/management-philosophy\/","url":"https:\/\/www.allgeier.com\/de\/who-we-are\/careers\/management-philosophy\/","name":"Philosophie - Allgeier SE","isPartOf":{"@id":"https:\/\/www.allgeier.com\/de\/#website"},"primaryImageOfPage":{"@id":"https:\/\/www.allgeier.com\/de\/who-we-are\/careers\/management-philosophy\/#primaryimage"},"image":{"@id":"https:\/\/www.allgeier.com\/de\/who-we-are\/careers\/management-philosophy\/#primaryimage"},"thumbnailUrl":"https:\/\/www.allgeier.com\/wp-content\/uploads\/2019\/05\/Management_Philosophy.jpg","datePublished":"2015-02-26T07:24:26+00:00","dateModified":"2022-02-23T17:54:02+00:00","breadcrumb":{"@id":"https:\/\/www.allgeier.com\/de\/who-we-are\/careers\/management-philosophy\/#breadcrumb"},"inLanguage":"de","potentialAction":[{"@type":"ReadAction","target":["https:\/\/www.allgeier.com\/de\/who-we-are\/careers\/management-philosophy\/"]}]},{"@type":"ImageObject","inLanguage":"de","@id":"https:\/\/www.allgeier.com\/de\/who-we-are\/careers\/management-philosophy\/#primaryimage","url":"https:\/\/www.allgeier.com\/wp-content\/uploads\/2019\/05\/Management_Philosophy.jpg","contentUrl":"https:\/\/www.allgeier.com\/wp-content\/uploads\/2019\/05\/Management_Philosophy.jpg"},{"@type":"BreadcrumbList","@id":"https:\/\/www.allgeier.com\/de\/who-we-are\/careers\/management-philosophy\/#breadcrumb","itemListElement":[{"@type":"ListItem","position":1,"name":"Home","item":"https:\/\/www.allgeier.com\/de\/"},{"@type":"ListItem","position":2,"name":"Wer wir sind","item":"https:\/\/www.allgeier.com\/de\/who-we-are\/"},{"@type":"ListItem","position":3,"name":"Karriere","item":"https:\/\/www.allgeier.com\/de\/who-we-are\/careers\/"},{"@type":"ListItem","position":4,"name":"Philosophie"}]},{"@type":"WebSite","@id":"https:\/\/www.allgeier.com\/de\/#website","url":"https:\/\/www.allgeier.com\/de\/","name":"Allgeier SE","description":"Software &amp; IT Services for digital transformation","potentialAction":[{"@type":"SearchAction","target":{"@type":"EntryPoint","urlTemplate":"https:\/\/www.allgeier.com\/de\/?s={search_term_string}"},"query-input":{"@type":"PropertyValueSpecification","valueRequired":true,"valueName":"search_term_string"}}],"inLanguage":"de"}]}},"_links":{"self":[{"href":"https:\/\/www.allgeier.com\/de\/wp-json\/wp\/v2\/pages\/1173","targetHints":{"allow":["GET"]}}],"collection":[{"href":"https:\/\/www.allgeier.com\/de\/wp-json\/wp\/v2\/pages"}],"about":[{"href":"https:\/\/www.allgeier.com\/de\/wp-json\/wp\/v2\/types\/page"}],"author":[{"embeddable":true,"href":"https:\/\/www.allgeier.com\/de\/wp-json\/wp\/v2\/users\/1"}],"replies":[{"embeddable":true,"href":"https:\/\/www.allgeier.com\/de\/wp-json\/wp\/v2\/comments?post=1173"}],"version-history":[{"count":3,"href":"https:\/\/www.allgeier.com\/de\/wp-json\/wp\/v2\/pages\/1173\/revisions"}],"predecessor-version":[{"id":3126,"href":"https:\/\/www.allgeier.com\/de\/wp-json\/wp\/v2\/pages\/1173\/revisions\/3126"}],"up":[{"embeddable":true,"href":"https:\/\/www.allgeier.com\/de\/wp-json\/wp\/v2\/pages\/1172"}],"wp:attachment":[{"href":"https:\/\/www.allgeier.com\/de\/wp-json\/wp\/v2\/media?parent=1173"}],"wp:term":[{"taxonomy":"category","embeddable":true,"href":"https:\/\/www.allgeier.com\/de\/wp-json\/wp\/v2\/categories?post=1173"},{"taxonomy":"post_tag","embeddable":true,"href":"https:\/\/www.allgeier.com\/de\/wp-json\/wp\/v2\/tags?post=1173"}],"curies":[{"name":"wp","href":"https:\/\/api.w.org\/{rel}","templated":true}]}}