{"id":1174,"date":"2015-02-26T07:26:16","date_gmt":"2015-02-26T07:26:16","guid":{"rendered":"http:\/\/www.allgeier.com\/en\/?page_id=265"},"modified":"2026-01-22T11:23:19","modified_gmt":"2026-01-22T11:23:19","slug":"job-vacancies","status":"publish","type":"page","link":"https:\/\/www.allgeier.com\/de\/who-we-are\/careers\/job-vacancies\/","title":{"rendered":"Stellenangebote"},"content":{"rendered":"<p>Die Allgeier Gruppe bietet Ihnen in den verschiedenen Divisionen zahlreiche spannende Jobs und vielf\u00e4ltige Entwicklungsm\u00f6glichkeiten in einem internationalen Umfeld.<\/p>\n<p>&nbsp;<\/p>\n<p><strong>Allgeier SE &#8211; Konzernholding<\/strong><\/p>\n<p>Auf Ebene unserer Holding am Standort M\u00fcnchen verf\u00fcgen wir derzeit \u00fcber keine Vakanzen.<\/p>\n<p>&nbsp;<\/p>\n<p><strong>Initiativbewerbung<\/strong><\/p>\n<p>Ist f\u00fcr Sie keine passende Stelle dabei?<\/p>\n<p><a title=\"Allgeier SE: Initiativbewerbung\" href=\"https:\/\/www.allgeier.com\/de\/careers\/applying-for-a-job\" target=\"_blank\" rel=\"noopener noreferrer\">Sie haben selbstverst\u00e4ndlich auch die M\u00f6glichkeit, sich initiativ bei uns zu bewerben.<br \/>\nHier erfahren Sie, wie Sie Teil unserer rasch wachsenden Gruppe werden k\u00f6nnen.<\/a><\/p>\n<p><strong><br \/>\nJobs bei den Unternehmen der Allgeier-Gruppe<\/strong><\/p>\n<p>Oder schauen Sie sich einfach die Karriere-Websites unserer Konzerngesellschaften an! Bei unseren Tochtergesellschaften gibt es viele spannende Stellenangebote:<\/p>\n<p><a class=\"greyAnchor\" title=\"Allgeier inovar Karriere\" href=\"https:\/\/karriere.allgeier-inovar.de\/\" target=\"_blank\" rel=\"noopener noreferrer\">Allgeier inovar<\/a><\/p>\n<p><a class=\"greyAnchor\" title=\"Allgeier CyRis\" href=\"https:\/\/www.allgeier-cyris.de\/de\/karriere\/aktuelle-stellen-allgeier-cyris-1135.html\" target=\"_blank\" rel=\"noopener noreferrer\">Allgeier CyRis<\/a><\/p>\n<p><a href=\"https:\/\/www.allgeier-public.eu\/de\/karriere\/karriere-bei-allgeier-public\/\" target=\"_blank\" rel=\"noopener\">Allgeier Public<\/a><\/p>\n<p><a href=\"https:\/\/karriere.publicplan.de\/unsere-jobs\/\" target=\"_blank\" rel=\"noopener\">publicplan<\/a><\/p>\n<p><a href=\"https:\/\/www.allgeier-engineering.com\/karriere\/\" target=\"_blank\" rel=\"noopener noreferrer\">Allgeier Engineering<\/a><\/p>\n<p><a href=\"https:\/\/www.evorait.com\/de\/karriere\/\" target=\"_blank\" rel=\"noopener\">Evora IT Solutions<\/a><\/p>\n<p><a href=\"https:\/\/all4cloudgroup.com\/karriere\/\" target=\"_blank\" rel=\"noopener\">all4cloud<\/a><\/p>\n<p><a href=\"https:\/\/it-novum.com\/stellenangebote\" target=\"_blank\" rel=\"noopener\">it-novum<\/a><\/p>\n<p><a href=\"https:\/\/www.sdx-ag.de\/experts-auf-augenhoehe\/jobs\/\" target=\"_blank\" rel=\"noopener\">SDX AG<\/a><\/p>\n<p><a class=\"greyAnchor\" title=\"mgm technology partners\" href=\"https:\/\/jobs.mgm-tp.com\/\" target=\"_blank\" rel=\"noopener noreferrer\">mgm technology partners<\/a><\/p>\n<p><a class=\"greyAnchor\" title=\"mgm consulting partners\" href=\"https:\/\/jobs.mgm-cp.com\/de\/home\/\" target=\"_blank\" rel=\"noopener noreferrer\">mgm consulting partners<\/a><\/p>\n<p><a title=\"mgm security partners GmbH\" href=\"https:\/\/www.mgm-sp.com\/jobs\/\" target=\"_blank\" rel=\"noopener noreferrer\">mgm security partners<\/a><\/p>\n<p><a title=\"mgm integration partners GmbH\" href=\"https:\/\/jobs.mgm-ip.de\/\" target=\"_blank\" rel=\"noopener noreferrer\">mgm integration partners<\/a><\/p>\n<p><a href=\"https:\/\/www.ecube.de\/karriere\/\" target=\"_blank\" rel=\"noopener\">eCube<\/a><\/p>\n","protected":false},"excerpt":{"rendered":"<p>Die Allgeier Gruppe bietet Ihnen in den verschiedenen Divisionen zahlreiche spannende Jobs und vielf\u00e4ltige Entwicklungsm\u00f6glichkeiten in einem internationalen Umfeld. &nbsp; Allgeier SE &#8211; Konzernholding Auf Ebene unserer Holding am Standort M\u00fcnchen verf\u00fcgen wir derzeit \u00fcber keine Vakanzen. &nbsp; Initiativbewerbung Ist f\u00fcr Sie keine passende Stelle dabei? Sie haben selbstverst\u00e4ndlich auch die M\u00f6glichkeit, sich initiativ bei &hellip; <\/p>\n","protected":false},"author":1,"featured_media":0,"parent":1172,"menu_order":0,"comment_status":"closed","ping_status":"closed","template":"","meta":{"_acf_changed":false,"footnotes":""},"categories":[],"tags":[],"class_list":["post-1174","page","type-page","status-publish","hentry"],"acf":[],"yoast_head":"<!-- This site is optimized with the Yoast SEO plugin v27.4 - https:\/\/yoast.com\/product\/yoast-seo-wordpress\/ -->\n<title>Stellenangebote - Allgeier SE<\/title>\n<meta name=\"robots\" content=\"index, follow, max-snippet:-1, max-image-preview:large, max-video-preview:-1\" \/>\n<link rel=\"canonical\" href=\"https:\/\/www.allgeier.com\/de\/who-we-are\/careers\/job-vacancies\/\" \/>\n<meta property=\"og:locale\" content=\"de_DE\" \/>\n<meta property=\"og:type\" content=\"article\" \/>\n<meta property=\"og:title\" content=\"Stellenangebote - Allgeier SE\" \/>\n<meta property=\"og:description\" content=\"Die Allgeier Gruppe bietet Ihnen in den verschiedenen Divisionen zahlreiche spannende Jobs und vielf\u00e4ltige Entwicklungsm\u00f6glichkeiten in einem internationalen Umfeld. &nbsp; Allgeier SE &#8211; Konzernholding Auf Ebene unserer Holding am Standort M\u00fcnchen verf\u00fcgen wir derzeit \u00fcber keine Vakanzen. &nbsp; Initiativbewerbung Ist f\u00fcr Sie keine passende Stelle dabei? Sie haben selbstverst\u00e4ndlich auch die M\u00f6glichkeit, sich initiativ bei &hellip;\" \/>\n<meta property=\"og:url\" content=\"https:\/\/www.allgeier.com\/de\/who-we-are\/careers\/job-vacancies\/\" \/>\n<meta property=\"og:site_name\" content=\"Allgeier SE\" \/>\n<meta property=\"article:modified_time\" content=\"2026-01-22T11:23:19+00:00\" \/>\n<meta name=\"twitter:card\" content=\"summary_large_image\" \/>\n<meta name=\"twitter:label1\" content=\"Gesch\u00e4tzte Lesezeit\" \/>\n\t<meta name=\"twitter:data1\" content=\"1\u00a0Minute\" \/>\n<script type=\"application\/ld+json\" class=\"yoast-schema-graph\">{\"@context\":\"https:\\\/\\\/schema.org\",\"@graph\":[{\"@type\":\"WebPage\",\"@id\":\"https:\\\/\\\/www.allgeier.com\\\/de\\\/who-we-are\\\/careers\\\/job-vacancies\\\/\",\"url\":\"https:\\\/\\\/www.allgeier.com\\\/de\\\/who-we-are\\\/careers\\\/job-vacancies\\\/\",\"name\":\"Stellenangebote - Allgeier SE\",\"isPartOf\":{\"@id\":\"https:\\\/\\\/www.allgeier.com\\\/de\\\/#website\"},\"datePublished\":\"2015-02-26T07:26:16+00:00\",\"dateModified\":\"2026-01-22T11:23:19+00:00\",\"breadcrumb\":{\"@id\":\"https:\\\/\\\/www.allgeier.com\\\/de\\\/who-we-are\\\/careers\\\/job-vacancies\\\/#breadcrumb\"},\"inLanguage\":\"de\",\"potentialAction\":[{\"@type\":\"ReadAction\",\"target\":[\"https:\\\/\\\/www.allgeier.com\\\/de\\\/who-we-are\\\/careers\\\/job-vacancies\\\/\"]}]},{\"@type\":\"BreadcrumbList\",\"@id\":\"https:\\\/\\\/www.allgeier.com\\\/de\\\/who-we-are\\\/careers\\\/job-vacancies\\\/#breadcrumb\",\"itemListElement\":[{\"@type\":\"ListItem\",\"position\":1,\"name\":\"Home\",\"item\":\"https:\\\/\\\/www.allgeier.com\\\/de\\\/\"},{\"@type\":\"ListItem\",\"position\":2,\"name\":\"Wer wir sind\",\"item\":\"https:\\\/\\\/www.allgeier.com\\\/de\\\/who-we-are\\\/\"},{\"@type\":\"ListItem\",\"position\":3,\"name\":\"Karriere\",\"item\":\"https:\\\/\\\/www.allgeier.com\\\/de\\\/who-we-are\\\/careers\\\/\"},{\"@type\":\"ListItem\",\"position\":4,\"name\":\"Stellenangebote\"}]},{\"@type\":\"WebSite\",\"@id\":\"https:\\\/\\\/www.allgeier.com\\\/de\\\/#website\",\"url\":\"https:\\\/\\\/www.allgeier.com\\\/de\\\/\",\"name\":\"Allgeier SE\",\"description\":\"Software &amp; IT Services for digital transformation\",\"potentialAction\":[{\"@type\":\"SearchAction\",\"target\":{\"@type\":\"EntryPoint\",\"urlTemplate\":\"https:\\\/\\\/www.allgeier.com\\\/de\\\/?s={search_term_string}\"},\"query-input\":{\"@type\":\"PropertyValueSpecification\",\"valueRequired\":true,\"valueName\":\"search_term_string\"}}],\"inLanguage\":\"de\"}]}<\/script>\n<!-- \/ Yoast SEO plugin. -->","yoast_head_json":{"title":"Stellenangebote - Allgeier SE","robots":{"index":"index","follow":"follow","max-snippet":"max-snippet:-1","max-image-preview":"max-image-preview:large","max-video-preview":"max-video-preview:-1"},"canonical":"https:\/\/www.allgeier.com\/de\/who-we-are\/careers\/job-vacancies\/","og_locale":"de_DE","og_type":"article","og_title":"Stellenangebote - Allgeier SE","og_description":"Die Allgeier Gruppe bietet Ihnen in den verschiedenen Divisionen zahlreiche spannende Jobs und vielf\u00e4ltige Entwicklungsm\u00f6glichkeiten in einem internationalen Umfeld. &nbsp; Allgeier SE &#8211; Konzernholding Auf Ebene unserer Holding am Standort M\u00fcnchen verf\u00fcgen wir derzeit \u00fcber keine Vakanzen. &nbsp; Initiativbewerbung Ist f\u00fcr Sie keine passende Stelle dabei? Sie haben selbstverst\u00e4ndlich auch die M\u00f6glichkeit, sich initiativ bei &hellip;","og_url":"https:\/\/www.allgeier.com\/de\/who-we-are\/careers\/job-vacancies\/","og_site_name":"Allgeier SE","article_modified_time":"2026-01-22T11:23:19+00:00","twitter_card":"summary_large_image","twitter_misc":{"Gesch\u00e4tzte Lesezeit":"1\u00a0Minute"},"schema":{"@context":"https:\/\/schema.org","@graph":[{"@type":"WebPage","@id":"https:\/\/www.allgeier.com\/de\/who-we-are\/careers\/job-vacancies\/","url":"https:\/\/www.allgeier.com\/de\/who-we-are\/careers\/job-vacancies\/","name":"Stellenangebote - Allgeier SE","isPartOf":{"@id":"https:\/\/www.allgeier.com\/de\/#website"},"datePublished":"2015-02-26T07:26:16+00:00","dateModified":"2026-01-22T11:23:19+00:00","breadcrumb":{"@id":"https:\/\/www.allgeier.com\/de\/who-we-are\/careers\/job-vacancies\/#breadcrumb"},"inLanguage":"de","potentialAction":[{"@type":"ReadAction","target":["https:\/\/www.allgeier.com\/de\/who-we-are\/careers\/job-vacancies\/"]}]},{"@type":"BreadcrumbList","@id":"https:\/\/www.allgeier.com\/de\/who-we-are\/careers\/job-vacancies\/#breadcrumb","itemListElement":[{"@type":"ListItem","position":1,"name":"Home","item":"https:\/\/www.allgeier.com\/de\/"},{"@type":"ListItem","position":2,"name":"Wer wir sind","item":"https:\/\/www.allgeier.com\/de\/who-we-are\/"},{"@type":"ListItem","position":3,"name":"Karriere","item":"https:\/\/www.allgeier.com\/de\/who-we-are\/careers\/"},{"@type":"ListItem","position":4,"name":"Stellenangebote"}]},{"@type":"WebSite","@id":"https:\/\/www.allgeier.com\/de\/#website","url":"https:\/\/www.allgeier.com\/de\/","name":"Allgeier SE","description":"Software &amp; IT Services for digital transformation","potentialAction":[{"@type":"SearchAction","target":{"@type":"EntryPoint","urlTemplate":"https:\/\/www.allgeier.com\/de\/?s={search_term_string}"},"query-input":{"@type":"PropertyValueSpecification","valueRequired":true,"valueName":"search_term_string"}}],"inLanguage":"de"}]}},"_links":{"self":[{"href":"https:\/\/www.allgeier.com\/de\/wp-json\/wp\/v2\/pages\/1174","targetHints":{"allow":["GET"]}}],"collection":[{"href":"https:\/\/www.allgeier.com\/de\/wp-json\/wp\/v2\/pages"}],"about":[{"href":"https:\/\/www.allgeier.com\/de\/wp-json\/wp\/v2\/types\/page"}],"author":[{"embeddable":true,"href":"https:\/\/www.allgeier.com\/de\/wp-json\/wp\/v2\/users\/1"}],"replies":[{"embeddable":true,"href":"https:\/\/www.allgeier.com\/de\/wp-json\/wp\/v2\/comments?post=1174"}],"version-history":[{"count":4,"href":"https:\/\/www.allgeier.com\/de\/wp-json\/wp\/v2\/pages\/1174\/revisions"}],"predecessor-version":[{"id":5835,"href":"https:\/\/www.allgeier.com\/de\/wp-json\/wp\/v2\/pages\/1174\/revisions\/5835"}],"up":[{"embeddable":true,"href":"https:\/\/www.allgeier.com\/de\/wp-json\/wp\/v2\/pages\/1172"}],"wp:attachment":[{"href":"https:\/\/www.allgeier.com\/de\/wp-json\/wp\/v2\/media?parent=1174"}],"wp:term":[{"taxonomy":"category","embeddable":true,"href":"https:\/\/www.allgeier.com\/de\/wp-json\/wp\/v2\/categories?post=1174"},{"taxonomy":"post_tag","embeddable":true,"href":"https:\/\/www.allgeier.com\/de\/wp-json\/wp\/v2\/tags?post=1174"}],"curies":[{"name":"wp","href":"https:\/\/api.w.org\/{rel}","templated":true}]}}