{"id":1175,"date":"2015-02-26T07:27:19","date_gmt":"2015-02-26T07:27:19","guid":{"rendered":"http:\/\/www.allgeier.com\/en\/?page_id=267"},"modified":"2015-07-20T15:08:39","modified_gmt":"2015-07-20T15:08:39","slug":"applying-for-a-job","status":"publish","type":"page","link":"https:\/\/www.allgeier.com\/de\/who-we-are\/careers\/applying-for-a-job\/","title":{"rendered":"Initiativbewerbung"},"content":{"rendered":"<p>Wenn Sie einer unserer Gesellschaften Ihre Bewerbungsunterlagen zusenden m\u00f6chten, folgen Sie bitte diesem Ablauf:<\/p>\n<p>Informieren Sie sich bitte zun\u00e4chst bei unseren <a title=\"Allgeier Gruppe Stellenangebote\" href=\"https:\/\/www.allgeier.com\/de\/who-we-are\/careers\/vacancies\/\" target=\"_blank\">Divisionen und Tochtergesellschaften \u00fcber derzeit ausgeschriebene Stellen<\/a>. Wenn Sie wissen, welches Allgeier Unternehmen am besten zu Ihnen passt, senden Sie bitte Ihre Initiativbewerbung direkt an das jeweilige Unternehmen. Initiativbewerbungen an die Allgeier SE senden Sie bitte an <a title=\"Allgeier SE Kontakt\" href=\"mailto:info@allgeier.com\">info@allgeier.com<\/a>.<\/p>\n<p>Ihre Initiativbewerbung sollte Antworten auf die folgende Fragen geben:<\/p>\n<ol>\n<li>Wer sind Sie?<\/li>\n<li>Was sind Sie von Beruf?<\/li>\n<li>Was machen Sie derzeit beruflich?<\/li>\n<li>F\u00fcr welche Aufgabe(n) interessieren Sie sich?<\/li>\n<li>Welche Position streben Sie an?<\/li>\n<li>Welche F\u00e4higkeiten k\u00f6nnen Sie bieten?<\/li>\n<li>Was zeichnet Sie im Besonderen aus?<\/li>\n<li>Wann m\u00f6chten Sie starten und was ist Ihr Zielgehalt?<\/li>\n<li>Suchen Sie eine Festanstellung oder einen Auftrag als Freiberufler?<\/li>\n<li>Suchen Sie eine Vollzeit- oder Teilzeitstelle?<\/li>\n<li>Warum interessieren Sie sich gerade f\u00fcr unser Unternehmen?<\/li>\n<\/ol>\n<p>Ihre Bewerbungsunterlagen sollten mindestens beinhalten:<\/p>\n<ol>\n<li>Anschreiben mit Kontaktdaten (E-Mail, Telefon, Adresse)<\/li>\n<li>Tabellarischer Lebenslauf mit Foto\n<ul type=\"disc\">\n<li>Ausbildung (Schule, Ausbildung, Studium)<\/li>\n<li>Berufserfahrung<\/li>\n<li>Sonstige Erfahrungen\/Qualifikationen (Auslandserfahrung, Projektteilnahmen, Weiterbildung usw.)<\/li>\n<\/ul>\n<\/li>\n<li>Zeugnisse (Abschlusszeugnis\/Diplom, Arbeitszeugnisse, Referenzen)<\/li>\n<\/ol>\n<p>Gestalten Sie Ihre Bewerbung bitte unbedingt als fortlaufendes PDF-Dokument. Die Dateigr\u00f6\u00dfe sollte 5 MB nicht \u00fcberschreiten. Um die Dateigr\u00f6\u00dfe zu begrenzen, kann es sinnvoll sein, vor allem bei den Zeugnissen und Anlagen eine Auswahl zu treffen.<\/p>\n","protected":false},"excerpt":{"rendered":"<p>Wenn Sie einer unserer Gesellschaften Ihre Bewerbungsunterlagen zusenden m\u00f6chten, folgen Sie bitte diesem Ablauf: Informieren Sie sich bitte zun\u00e4chst bei unseren Divisionen und Tochtergesellschaften \u00fcber derzeit ausgeschriebene Stellen. Wenn Sie wissen, welches Allgeier Unternehmen am besten zu Ihnen passt, senden Sie bitte Ihre Initiativbewerbung direkt an das jeweilige Unternehmen. Initiativbewerbungen an die Allgeier SE senden &hellip; <\/p>\n","protected":false},"author":1,"featured_media":0,"parent":1172,"menu_order":0,"comment_status":"closed","ping_status":"closed","template":"","meta":{"_acf_changed":false,"footnotes":""},"categories":[],"tags":[],"class_list":["post-1175","page","type-page","status-publish","hentry"],"acf":[],"yoast_head":"<!-- This site is optimized with the Yoast SEO plugin v27.4 - https:\/\/yoast.com\/product\/yoast-seo-wordpress\/ -->\n<title>Initiativbewerbung - Allgeier SE<\/title>\n<meta name=\"robots\" content=\"index, follow, max-snippet:-1, max-image-preview:large, max-video-preview:-1\" \/>\n<link rel=\"canonical\" href=\"https:\/\/www.allgeier.com\/de\/who-we-are\/careers\/applying-for-a-job\/\" \/>\n<meta property=\"og:locale\" content=\"de_DE\" \/>\n<meta property=\"og:type\" content=\"article\" \/>\n<meta property=\"og:title\" content=\"Initiativbewerbung - Allgeier SE\" \/>\n<meta property=\"og:description\" content=\"Wenn Sie einer unserer Gesellschaften Ihre Bewerbungsunterlagen zusenden m\u00f6chten, folgen Sie bitte diesem Ablauf: Informieren Sie sich bitte zun\u00e4chst bei unseren Divisionen und Tochtergesellschaften \u00fcber derzeit ausgeschriebene Stellen. Wenn Sie wissen, welches Allgeier Unternehmen am besten zu Ihnen passt, senden Sie bitte Ihre Initiativbewerbung direkt an das jeweilige Unternehmen. Initiativbewerbungen an die Allgeier SE senden &hellip;\" \/>\n<meta property=\"og:url\" content=\"https:\/\/www.allgeier.com\/de\/who-we-are\/careers\/applying-for-a-job\/\" \/>\n<meta property=\"og:site_name\" content=\"Allgeier SE\" \/>\n<meta property=\"article:modified_time\" content=\"2015-07-20T15:08:39+00:00\" \/>\n<meta name=\"twitter:card\" content=\"summary_large_image\" \/>\n<meta name=\"twitter:label1\" content=\"Gesch\u00e4tzte Lesezeit\" \/>\n\t<meta name=\"twitter:data1\" content=\"1\u00a0Minute\" \/>\n<script type=\"application\/ld+json\" class=\"yoast-schema-graph\">{\"@context\":\"https:\\\/\\\/schema.org\",\"@graph\":[{\"@type\":\"WebPage\",\"@id\":\"https:\\\/\\\/www.allgeier.com\\\/de\\\/who-we-are\\\/careers\\\/applying-for-a-job\\\/\",\"url\":\"https:\\\/\\\/www.allgeier.com\\\/de\\\/who-we-are\\\/careers\\\/applying-for-a-job\\\/\",\"name\":\"Initiativbewerbung - Allgeier SE\",\"isPartOf\":{\"@id\":\"https:\\\/\\\/www.allgeier.com\\\/de\\\/#website\"},\"datePublished\":\"2015-02-26T07:27:19+00:00\",\"dateModified\":\"2015-07-20T15:08:39+00:00\",\"breadcrumb\":{\"@id\":\"https:\\\/\\\/www.allgeier.com\\\/de\\\/who-we-are\\\/careers\\\/applying-for-a-job\\\/#breadcrumb\"},\"inLanguage\":\"de\",\"potentialAction\":[{\"@type\":\"ReadAction\",\"target\":[\"https:\\\/\\\/www.allgeier.com\\\/de\\\/who-we-are\\\/careers\\\/applying-for-a-job\\\/\"]}]},{\"@type\":\"BreadcrumbList\",\"@id\":\"https:\\\/\\\/www.allgeier.com\\\/de\\\/who-we-are\\\/careers\\\/applying-for-a-job\\\/#breadcrumb\",\"itemListElement\":[{\"@type\":\"ListItem\",\"position\":1,\"name\":\"Home\",\"item\":\"https:\\\/\\\/www.allgeier.com\\\/de\\\/\"},{\"@type\":\"ListItem\",\"position\":2,\"name\":\"Wer wir sind\",\"item\":\"https:\\\/\\\/www.allgeier.com\\\/de\\\/who-we-are\\\/\"},{\"@type\":\"ListItem\",\"position\":3,\"name\":\"Karriere\",\"item\":\"https:\\\/\\\/www.allgeier.com\\\/de\\\/who-we-are\\\/careers\\\/\"},{\"@type\":\"ListItem\",\"position\":4,\"name\":\"Initiativbewerbung\"}]},{\"@type\":\"WebSite\",\"@id\":\"https:\\\/\\\/www.allgeier.com\\\/de\\\/#website\",\"url\":\"https:\\\/\\\/www.allgeier.com\\\/de\\\/\",\"name\":\"Allgeier SE\",\"description\":\"Software &amp; IT Services for digital transformation\",\"potentialAction\":[{\"@type\":\"SearchAction\",\"target\":{\"@type\":\"EntryPoint\",\"urlTemplate\":\"https:\\\/\\\/www.allgeier.com\\\/de\\\/?s={search_term_string}\"},\"query-input\":{\"@type\":\"PropertyValueSpecification\",\"valueRequired\":true,\"valueName\":\"search_term_string\"}}],\"inLanguage\":\"de\"}]}<\/script>\n<!-- \/ Yoast SEO plugin. -->","yoast_head_json":{"title":"Initiativbewerbung - Allgeier SE","robots":{"index":"index","follow":"follow","max-snippet":"max-snippet:-1","max-image-preview":"max-image-preview:large","max-video-preview":"max-video-preview:-1"},"canonical":"https:\/\/www.allgeier.com\/de\/who-we-are\/careers\/applying-for-a-job\/","og_locale":"de_DE","og_type":"article","og_title":"Initiativbewerbung - Allgeier SE","og_description":"Wenn Sie einer unserer Gesellschaften Ihre Bewerbungsunterlagen zusenden m\u00f6chten, folgen Sie bitte diesem Ablauf: Informieren Sie sich bitte zun\u00e4chst bei unseren Divisionen und Tochtergesellschaften \u00fcber derzeit ausgeschriebene Stellen. Wenn Sie wissen, welches Allgeier Unternehmen am besten zu Ihnen passt, senden Sie bitte Ihre Initiativbewerbung direkt an das jeweilige Unternehmen. Initiativbewerbungen an die Allgeier SE senden &hellip;","og_url":"https:\/\/www.allgeier.com\/de\/who-we-are\/careers\/applying-for-a-job\/","og_site_name":"Allgeier SE","article_modified_time":"2015-07-20T15:08:39+00:00","twitter_card":"summary_large_image","twitter_misc":{"Gesch\u00e4tzte Lesezeit":"1\u00a0Minute"},"schema":{"@context":"https:\/\/schema.org","@graph":[{"@type":"WebPage","@id":"https:\/\/www.allgeier.com\/de\/who-we-are\/careers\/applying-for-a-job\/","url":"https:\/\/www.allgeier.com\/de\/who-we-are\/careers\/applying-for-a-job\/","name":"Initiativbewerbung - Allgeier SE","isPartOf":{"@id":"https:\/\/www.allgeier.com\/de\/#website"},"datePublished":"2015-02-26T07:27:19+00:00","dateModified":"2015-07-20T15:08:39+00:00","breadcrumb":{"@id":"https:\/\/www.allgeier.com\/de\/who-we-are\/careers\/applying-for-a-job\/#breadcrumb"},"inLanguage":"de","potentialAction":[{"@type":"ReadAction","target":["https:\/\/www.allgeier.com\/de\/who-we-are\/careers\/applying-for-a-job\/"]}]},{"@type":"BreadcrumbList","@id":"https:\/\/www.allgeier.com\/de\/who-we-are\/careers\/applying-for-a-job\/#breadcrumb","itemListElement":[{"@type":"ListItem","position":1,"name":"Home","item":"https:\/\/www.allgeier.com\/de\/"},{"@type":"ListItem","position":2,"name":"Wer wir sind","item":"https:\/\/www.allgeier.com\/de\/who-we-are\/"},{"@type":"ListItem","position":3,"name":"Karriere","item":"https:\/\/www.allgeier.com\/de\/who-we-are\/careers\/"},{"@type":"ListItem","position":4,"name":"Initiativbewerbung"}]},{"@type":"WebSite","@id":"https:\/\/www.allgeier.com\/de\/#website","url":"https:\/\/www.allgeier.com\/de\/","name":"Allgeier SE","description":"Software &amp; IT Services for digital transformation","potentialAction":[{"@type":"SearchAction","target":{"@type":"EntryPoint","urlTemplate":"https:\/\/www.allgeier.com\/de\/?s={search_term_string}"},"query-input":{"@type":"PropertyValueSpecification","valueRequired":true,"valueName":"search_term_string"}}],"inLanguage":"de"}]}},"_links":{"self":[{"href":"https:\/\/www.allgeier.com\/de\/wp-json\/wp\/v2\/pages\/1175","targetHints":{"allow":["GET"]}}],"collection":[{"href":"https:\/\/www.allgeier.com\/de\/wp-json\/wp\/v2\/pages"}],"about":[{"href":"https:\/\/www.allgeier.com\/de\/wp-json\/wp\/v2\/types\/page"}],"author":[{"embeddable":true,"href":"https:\/\/www.allgeier.com\/de\/wp-json\/wp\/v2\/users\/1"}],"replies":[{"embeddable":true,"href":"https:\/\/www.allgeier.com\/de\/wp-json\/wp\/v2\/comments?post=1175"}],"version-history":[{"count":1,"href":"https:\/\/www.allgeier.com\/de\/wp-json\/wp\/v2\/pages\/1175\/revisions"}],"predecessor-version":[{"id":1728,"href":"https:\/\/www.allgeier.com\/de\/wp-json\/wp\/v2\/pages\/1175\/revisions\/1728"}],"up":[{"embeddable":true,"href":"https:\/\/www.allgeier.com\/de\/wp-json\/wp\/v2\/pages\/1172"}],"wp:attachment":[{"href":"https:\/\/www.allgeier.com\/de\/wp-json\/wp\/v2\/media?parent=1175"}],"wp:term":[{"taxonomy":"category","embeddable":true,"href":"https:\/\/www.allgeier.com\/de\/wp-json\/wp\/v2\/categories?post=1175"},{"taxonomy":"post_tag","embeddable":true,"href":"https:\/\/www.allgeier.com\/de\/wp-json\/wp\/v2\/tags?post=1175"}],"curies":[{"name":"wp","href":"https:\/\/api.w.org\/{rel}","templated":true}]}}