{"id":1176,"date":"2015-02-26T07:27:47","date_gmt":"2015-02-26T07:27:47","guid":{"rendered":"http:\/\/www.allgeier.com\/en\/?page_id=269"},"modified":"2025-05-15T06:43:58","modified_gmt":"2025-05-15T06:43:58","slug":"hr-development","status":"publish","type":"page","link":"https:\/\/www.allgeier.com\/de\/who-we-are\/careers\/hr-development\/","title":{"rendered":"Personalentwicklung"},"content":{"rendered":"<p>Wir unterst\u00fctzen unsere Mitarbeiter und Mitarbeiterinnen systematisch bei der Verwirklichung ihrer beruflichen und pers\u00f6nlichen Ziele. Aktive Personalentwicklung hei\u00dft bei Allgeier, individuell auf die Karrierew\u00fcnsche unserer Mitarbeiter einzugehen, Eigenverantwortung zu f\u00f6rdern, Wissen und F\u00e4higkeiten zum Vorteil unserer Kunden zu entwickeln. Unser Ziel ist es, mit nachhaltigem Wachstum unsere f\u00fchrende Position im Markt der IT-Dienstleistungen weiter auszubauen und somit nachhaltig Arbeitspl\u00e4tze zu sichern.<\/p>\n<h3>Einsteigerprogramm<\/h3>\n<p>F\u00fcr neue Mitarbeiter bieten unsere Gesellschaften von Beginn an systematische Einsteigerprogramme, um eine erfolgreiche Integration in Bereich, Abteilung und Unternehmen zu gew\u00e4hrleisten. Sie sollen sich schnell an ihrem Arbeitsplatz zurechtfinden und wertvolle Kontakte zu ihren Kollegen und Kolleginnen kn\u00fcpfen.<\/p>\n<h3>Qualifizierungsprogramm<\/h3>\n<p>Das Know How und die Erfahrung unserer Mitarbeiter sind f\u00fcr uns ein entscheidender Wettbewerbsvorteil. Unser Ziel ist es, jeden Tag ein bisschen besser zu werden sowie mit Freude und Motivation daran zu arbeiten, unseren Kunden in jeder Situation das Beste zu bieten. Fachbezogene Schulungen, IT-Trainings, Managementseminare, Sprachkurse etc. sind systematische Entwicklungs- und Weiterbildungsbausteine unserer Personalentwicklung.<\/p>\n","protected":false},"excerpt":{"rendered":"<p>Wir unterst\u00fctzen unsere Mitarbeiter und Mitarbeiterinnen systematisch bei der Verwirklichung ihrer beruflichen und pers\u00f6nlichen Ziele. Aktive Personalentwicklung hei\u00dft bei Allgeier, individuell auf die Karrierew\u00fcnsche unserer Mitarbeiter einzugehen, Eigenverantwortung zu f\u00f6rdern, Wissen und F\u00e4higkeiten zum Vorteil unserer Kunden zu entwickeln. Unser Ziel ist es, mit nachhaltigem Wachstum unsere f\u00fchrende Position im Markt der IT-Dienstleistungen weiter auszubauen &hellip; <\/p>\n","protected":false},"author":1,"featured_media":0,"parent":1172,"menu_order":0,"comment_status":"closed","ping_status":"closed","template":"","meta":{"_acf_changed":false,"footnotes":""},"categories":[],"tags":[],"class_list":["post-1176","page","type-page","status-publish","hentry"],"acf":[],"yoast_head":"<!-- This site is optimized with the Yoast SEO plugin v27.4 - https:\/\/yoast.com\/product\/yoast-seo-wordpress\/ -->\n<title>Personalentwicklung - Allgeier SE<\/title>\n<meta name=\"robots\" content=\"index, follow, max-snippet:-1, max-image-preview:large, max-video-preview:-1\" \/>\n<link rel=\"canonical\" href=\"https:\/\/www.allgeier.com\/de\/who-we-are\/careers\/hr-development\/\" \/>\n<meta property=\"og:locale\" content=\"de_DE\" \/>\n<meta property=\"og:type\" content=\"article\" \/>\n<meta property=\"og:title\" content=\"Personalentwicklung - Allgeier SE\" \/>\n<meta property=\"og:description\" content=\"Wir unterst\u00fctzen unsere Mitarbeiter und Mitarbeiterinnen systematisch bei der Verwirklichung ihrer beruflichen und pers\u00f6nlichen Ziele. Aktive Personalentwicklung hei\u00dft bei Allgeier, individuell auf die Karrierew\u00fcnsche unserer Mitarbeiter einzugehen, Eigenverantwortung zu f\u00f6rdern, Wissen und F\u00e4higkeiten zum Vorteil unserer Kunden zu entwickeln. Unser Ziel ist es, mit nachhaltigem Wachstum unsere f\u00fchrende Position im Markt der IT-Dienstleistungen weiter auszubauen &hellip;\" \/>\n<meta property=\"og:url\" content=\"https:\/\/www.allgeier.com\/de\/who-we-are\/careers\/hr-development\/\" \/>\n<meta property=\"og:site_name\" content=\"Allgeier SE\" \/>\n<meta property=\"article:modified_time\" content=\"2025-05-15T06:43:58+00:00\" \/>\n<meta name=\"twitter:card\" content=\"summary_large_image\" \/>\n<meta name=\"twitter:label1\" content=\"Gesch\u00e4tzte Lesezeit\" \/>\n\t<meta name=\"twitter:data1\" content=\"1\u00a0Minute\" \/>\n<script type=\"application\/ld+json\" class=\"yoast-schema-graph\">{\"@context\":\"https:\\\/\\\/schema.org\",\"@graph\":[{\"@type\":\"WebPage\",\"@id\":\"https:\\\/\\\/www.allgeier.com\\\/de\\\/who-we-are\\\/careers\\\/hr-development\\\/\",\"url\":\"https:\\\/\\\/www.allgeier.com\\\/de\\\/who-we-are\\\/careers\\\/hr-development\\\/\",\"name\":\"Personalentwicklung - Allgeier SE\",\"isPartOf\":{\"@id\":\"https:\\\/\\\/www.allgeier.com\\\/de\\\/#website\"},\"datePublished\":\"2015-02-26T07:27:47+00:00\",\"dateModified\":\"2025-05-15T06:43:58+00:00\",\"breadcrumb\":{\"@id\":\"https:\\\/\\\/www.allgeier.com\\\/de\\\/who-we-are\\\/careers\\\/hr-development\\\/#breadcrumb\"},\"inLanguage\":\"de\",\"potentialAction\":[{\"@type\":\"ReadAction\",\"target\":[\"https:\\\/\\\/www.allgeier.com\\\/de\\\/who-we-are\\\/careers\\\/hr-development\\\/\"]}]},{\"@type\":\"BreadcrumbList\",\"@id\":\"https:\\\/\\\/www.allgeier.com\\\/de\\\/who-we-are\\\/careers\\\/hr-development\\\/#breadcrumb\",\"itemListElement\":[{\"@type\":\"ListItem\",\"position\":1,\"name\":\"Home\",\"item\":\"https:\\\/\\\/www.allgeier.com\\\/de\\\/\"},{\"@type\":\"ListItem\",\"position\":2,\"name\":\"Wer wir sind\",\"item\":\"https:\\\/\\\/www.allgeier.com\\\/de\\\/who-we-are\\\/\"},{\"@type\":\"ListItem\",\"position\":3,\"name\":\"Karriere\",\"item\":\"https:\\\/\\\/www.allgeier.com\\\/de\\\/who-we-are\\\/careers\\\/\"},{\"@type\":\"ListItem\",\"position\":4,\"name\":\"Personalentwicklung\"}]},{\"@type\":\"WebSite\",\"@id\":\"https:\\\/\\\/www.allgeier.com\\\/de\\\/#website\",\"url\":\"https:\\\/\\\/www.allgeier.com\\\/de\\\/\",\"name\":\"Allgeier SE\",\"description\":\"Software &amp; IT Services for digital transformation\",\"potentialAction\":[{\"@type\":\"SearchAction\",\"target\":{\"@type\":\"EntryPoint\",\"urlTemplate\":\"https:\\\/\\\/www.allgeier.com\\\/de\\\/?s={search_term_string}\"},\"query-input\":{\"@type\":\"PropertyValueSpecification\",\"valueRequired\":true,\"valueName\":\"search_term_string\"}}],\"inLanguage\":\"de\"}]}<\/script>\n<!-- \/ Yoast SEO plugin. -->","yoast_head_json":{"title":"Personalentwicklung - Allgeier SE","robots":{"index":"index","follow":"follow","max-snippet":"max-snippet:-1","max-image-preview":"max-image-preview:large","max-video-preview":"max-video-preview:-1"},"canonical":"https:\/\/www.allgeier.com\/de\/who-we-are\/careers\/hr-development\/","og_locale":"de_DE","og_type":"article","og_title":"Personalentwicklung - Allgeier SE","og_description":"Wir unterst\u00fctzen unsere Mitarbeiter und Mitarbeiterinnen systematisch bei der Verwirklichung ihrer beruflichen und pers\u00f6nlichen Ziele. Aktive Personalentwicklung hei\u00dft bei Allgeier, individuell auf die Karrierew\u00fcnsche unserer Mitarbeiter einzugehen, Eigenverantwortung zu f\u00f6rdern, Wissen und F\u00e4higkeiten zum Vorteil unserer Kunden zu entwickeln. Unser Ziel ist es, mit nachhaltigem Wachstum unsere f\u00fchrende Position im Markt der IT-Dienstleistungen weiter auszubauen &hellip;","og_url":"https:\/\/www.allgeier.com\/de\/who-we-are\/careers\/hr-development\/","og_site_name":"Allgeier SE","article_modified_time":"2025-05-15T06:43:58+00:00","twitter_card":"summary_large_image","twitter_misc":{"Gesch\u00e4tzte Lesezeit":"1\u00a0Minute"},"schema":{"@context":"https:\/\/schema.org","@graph":[{"@type":"WebPage","@id":"https:\/\/www.allgeier.com\/de\/who-we-are\/careers\/hr-development\/","url":"https:\/\/www.allgeier.com\/de\/who-we-are\/careers\/hr-development\/","name":"Personalentwicklung - Allgeier SE","isPartOf":{"@id":"https:\/\/www.allgeier.com\/de\/#website"},"datePublished":"2015-02-26T07:27:47+00:00","dateModified":"2025-05-15T06:43:58+00:00","breadcrumb":{"@id":"https:\/\/www.allgeier.com\/de\/who-we-are\/careers\/hr-development\/#breadcrumb"},"inLanguage":"de","potentialAction":[{"@type":"ReadAction","target":["https:\/\/www.allgeier.com\/de\/who-we-are\/careers\/hr-development\/"]}]},{"@type":"BreadcrumbList","@id":"https:\/\/www.allgeier.com\/de\/who-we-are\/careers\/hr-development\/#breadcrumb","itemListElement":[{"@type":"ListItem","position":1,"name":"Home","item":"https:\/\/www.allgeier.com\/de\/"},{"@type":"ListItem","position":2,"name":"Wer wir sind","item":"https:\/\/www.allgeier.com\/de\/who-we-are\/"},{"@type":"ListItem","position":3,"name":"Karriere","item":"https:\/\/www.allgeier.com\/de\/who-we-are\/careers\/"},{"@type":"ListItem","position":4,"name":"Personalentwicklung"}]},{"@type":"WebSite","@id":"https:\/\/www.allgeier.com\/de\/#website","url":"https:\/\/www.allgeier.com\/de\/","name":"Allgeier SE","description":"Software &amp; IT Services for digital transformation","potentialAction":[{"@type":"SearchAction","target":{"@type":"EntryPoint","urlTemplate":"https:\/\/www.allgeier.com\/de\/?s={search_term_string}"},"query-input":{"@type":"PropertyValueSpecification","valueRequired":true,"valueName":"search_term_string"}}],"inLanguage":"de"}]}},"_links":{"self":[{"href":"https:\/\/www.allgeier.com\/de\/wp-json\/wp\/v2\/pages\/1176","targetHints":{"allow":["GET"]}}],"collection":[{"href":"https:\/\/www.allgeier.com\/de\/wp-json\/wp\/v2\/pages"}],"about":[{"href":"https:\/\/www.allgeier.com\/de\/wp-json\/wp\/v2\/types\/page"}],"author":[{"embeddable":true,"href":"https:\/\/www.allgeier.com\/de\/wp-json\/wp\/v2\/users\/1"}],"replies":[{"embeddable":true,"href":"https:\/\/www.allgeier.com\/de\/wp-json\/wp\/v2\/comments?post=1176"}],"version-history":[{"count":0,"href":"https:\/\/www.allgeier.com\/de\/wp-json\/wp\/v2\/pages\/1176\/revisions"}],"up":[{"embeddable":true,"href":"https:\/\/www.allgeier.com\/de\/wp-json\/wp\/v2\/pages\/1172"}],"wp:attachment":[{"href":"https:\/\/www.allgeier.com\/de\/wp-json\/wp\/v2\/media?parent=1176"}],"wp:term":[{"taxonomy":"category","embeddable":true,"href":"https:\/\/www.allgeier.com\/de\/wp-json\/wp\/v2\/categories?post=1176"},{"taxonomy":"post_tag","embeddable":true,"href":"https:\/\/www.allgeier.com\/de\/wp-json\/wp\/v2\/tags?post=1176"}],"curies":[{"name":"wp","href":"https:\/\/api.w.org\/{rel}","templated":true}]}}