{"id":1282,"date":"2013-12-11T22:07:09","date_gmt":"2013-12-11T22:07:09","guid":{"rendered":"http:\/\/www.allgeier.com\/de\/?page_id=1282"},"modified":"2015-03-13T10:09:40","modified_gmt":"2015-03-13T10:09:40","slug":"es-111220131","status":"publish","type":"page","link":"https:\/\/www.allgeier.com\/de\/investor-relations\/adhoc-archives\/2013-2\/es-111220131\/","title":{"rendered":"es-111220131"},"content":{"rendered":"<p>M\u00fcnchen, 11.12.2013 &#8211; Die Allgeier SE (ISIN DE0005086300, WKN 508630) hat auf Basis der guten Nachfrage mit einem ca. 2-fach \u00fcberzeichneten Orderbuch das Platzierungsvolumen um 50.000 eigene Aktien erh\u00f6ht und 500.000 eigene Aktien (entsprechend rund 5,5% des Grundkapitals) im Wege eines beschleunigten Platzierungsverfahrens (,Accelerated Bookbuilding-Verfahrens&#8216;) bei qualifizierten institutionellen Anlegern in Deutschland und im europ\u00e4ischen Ausland zu einem Preis von je 15,30 Euro platziert. Der Bruttoplatzierungserl\u00f6s bel\u00e4uft sich auf rund 7,65 Millionen Euro.<\/p>\n<p>Durch die Platzierung erh\u00f6ht sich der Streubesitz der Allgeier SE auf 56,9%.<\/p>\n<p>Der Erl\u00f6s aus der Transaktion dient der weiteren St\u00e4rkung der Kapitalstruktur sowie allgemeinen Unternehmenszwecken.<\/p>\n<p>Nach der Transaktion h\u00e4lt das Unternehmen noch 246.579 eigene Aktien, was einem Anteil am Grundkapital von ca. 2,7% entspricht. Leider enth\u00e4lt die Ad-hoc Mitteilung vom heutigen Tag (08:03 Uhr) eine falsche Zahl, die wir hiermit korrigieren: die Gesamtzahl der eigenen Aktien vor der Transaktion betrug 746.579 Aktien.<\/p>\n<p>Sole Lead Manager und Sole Bookrunner der Transaktion war die Baader Bank.<\/p>\n<p>Disclaimer<\/p>\n<p>Diese Ver\u00f6ffentlichung darf weder unmittelbar noch mittelbar in die Vereinigten Staaten von Amerika verteilt oder dort ver\u00f6ffentlicht werden. Diese Ad-hoc-Mitteilung stellt weder ein Angebot noch eine Aufforderung zur Abgabe eines Angebots zum Kauf von Wertpapieren in Deutschland, den Vereinigten Staaten von Amerika, Kanada, Australien, Japan oder in irgendeinem anderen Land dar, in dem ein solches Angebot Restriktionen unterliegen w\u00fcrde, oder ist Teil eines solchen Angebots. Die in dieser Ad-hoc-Mitteilung in Bezug genommenen Wertpapiere wurden und werden nicht nach dem United States Securities Act von 1933 in zuletzt ge\u00e4nderter Fassung (der &#8218;Securities Act&#8216;) registriert und d\u00fcrfen in den Vereinigten Staaten von Amerika oder f\u00fcr Rechnung oder zu Gunsten einer US Person (wie in Regulation S unter dem Securities Act definiert) weder verkauft, noch angeboten werden, solange keine Ausnahme vom Registrierungserfordernis besteht.<\/p>\n<p>Im Vereinigten K\u00f6nigreich richtet sich diese Ver\u00f6ffentlichung nur an (i) qualifizierte Anleger i.S.d. Financial Services and Markets Act 2000, in der jeweils g\u00fcltigen Fassung, und dessen Umsetzungsma\u00dfnahmen und\/oder (ii) Personen, die professionelle Erfahrung mit Anlagen haben und unter den Begriff der &#8218;Investment Professionals&#8216; des Artikels 19 (5) der Financial Services and Markets Act 2000 (Financial Promotion) Order 2005, in der jeweils g\u00fcltigen Fassung (die &#8218;Order&#8216;) oder unter Artikel 49(2)(a) bis (d) der Order fallen (High Net Worth Gesellschaften, Personengesellschaften, etc.) oder eine andere Ausnahme der Order fallen (solche Personen zusammen die &#8218;Relevanten Personen&#8216;). Personen, die nicht Relevante Personen sind, d\u00fcrfen sich auf diese Ad-hoc-Mitteilung und ihren Inhalt nicht verlassen. Jede Anlage oder Anlagem\u00f6glichkeit, von der in dieser Ver\u00f6ffentlichung die Rede ist, steht ausschlie\u00dflich Relevanten Personen offen und wird nur mit Relevanten Personen eingegangen.<\/p>\n<p>In Mitgliedstaaten des Europ\u00e4ischen Wirtschaftsraums (&#8218;EWR&#8216;), die die Prospektrichtlinie umgesetzt haben (die &#8218;Relevanten Mitgliedsstaaten&#8216;) richtet sich diese Ver\u00f6ffentlichung und jegliches nachfolgende Angebot ausschlie\u00dflich an qualifizierte Anleger im Sinne der Prospektrichtlinie (&#8218;Qualifizierte Anleger&#8216;). F\u00fcr diese Zwecke meint &#8218;Prospektrichtlinie&#8216; die Richtlinie 2003\/71\/EG (einschlie\u00dflich aller \u00c4nderungen, insbesondere der 2010 Prospektrichtlinien\u00e4nderungsrichtlinie, sofern im jeweiligen Relevanten Mitgliedstaat umgesetzt).<\/p>\n<p>Es wurden keine Ma\u00dfnahmen ergriffen, die ein Angebot der Wertpapiere, deren Erwerb oder die Verteilung dieser Ver\u00f6ffentlichung in L\u00e4nder, in denen dies nicht zul\u00e4ssig ist, gestatten w\u00fcrden. Jeder, in dessen Besitz diese Ver\u00f6ffentlichung gelangt, muss sich \u00fcber etwaige Beschr\u00e4nkungen selbst informieren und diese beachten.<\/p>\n","protected":false},"excerpt":{"rendered":"<p>M\u00fcnchen, 11.12.2013 &#8211; Die Allgeier SE (ISIN DE0005086300, WKN 508630) hat auf Basis der guten Nachfrage mit einem ca. 2-fach \u00fcberzeichneten Orderbuch das Platzierungsvolumen um 50.000 eigene Aktien erh\u00f6ht und 500.000 eigene Aktien (entsprechend rund 5,5% des Grundkapitals) im Wege eines beschleunigten Platzierungsverfahrens (,Accelerated Bookbuilding-Verfahrens&#8216;) bei qualifizierten institutionellen Anlegern in Deutschland und im europ\u00e4ischen Ausland &hellip; <\/p>\n","protected":false},"author":1,"featured_media":0,"parent":558,"menu_order":0,"comment_status":"open","ping_status":"open","template":"","meta":{"_acf_changed":false,"footnotes":""},"categories":[],"tags":[],"class_list":["post-1282","page","type-page","status-publish","hentry"],"acf":[],"yoast_head":"<!-- This site is optimized with the Yoast SEO plugin v27.4 - https:\/\/yoast.com\/product\/yoast-seo-wordpress\/ -->\n<title>es-111220131 - Allgeier SE<\/title>\n<meta name=\"robots\" content=\"index, follow, max-snippet:-1, max-image-preview:large, max-video-preview:-1\" \/>\n<link rel=\"canonical\" href=\"https:\/\/www.allgeier.com\/de\/investor-relations\/adhoc-archives\/2013-2\/es-111220131\/\" \/>\n<meta property=\"og:locale\" content=\"de_DE\" \/>\n<meta property=\"og:type\" content=\"article\" \/>\n<meta property=\"og:title\" content=\"es-111220131 - Allgeier SE\" \/>\n<meta property=\"og:description\" content=\"M\u00fcnchen, 11.12.2013 &#8211; Die Allgeier SE (ISIN DE0005086300, WKN 508630) hat auf Basis der guten Nachfrage mit einem ca. 2-fach \u00fcberzeichneten Orderbuch das Platzierungsvolumen um 50.000 eigene Aktien erh\u00f6ht und 500.000 eigene Aktien (entsprechend rund 5,5% des Grundkapitals) im Wege eines beschleunigten Platzierungsverfahrens (,Accelerated Bookbuilding-Verfahrens&#8216;) bei qualifizierten institutionellen Anlegern in Deutschland und im europ\u00e4ischen Ausland &hellip;\" \/>\n<meta property=\"og:url\" content=\"https:\/\/www.allgeier.com\/de\/investor-relations\/adhoc-archives\/2013-2\/es-111220131\/\" \/>\n<meta property=\"og:site_name\" content=\"Allgeier SE\" \/>\n<meta property=\"article:modified_time\" content=\"2015-03-13T10:09:40+00:00\" \/>\n<meta name=\"twitter:card\" content=\"summary_large_image\" \/>\n<meta name=\"twitter:label1\" content=\"Gesch\u00e4tzte Lesezeit\" \/>\n\t<meta name=\"twitter:data1\" content=\"3\u00a0Minuten\" \/>\n<script type=\"application\/ld+json\" class=\"yoast-schema-graph\">{\"@context\":\"https:\\\/\\\/schema.org\",\"@graph\":[{\"@type\":\"WebPage\",\"@id\":\"https:\\\/\\\/www.allgeier.com\\\/de\\\/investor-relations\\\/adhoc-archives\\\/2013-2\\\/es-111220131\\\/\",\"url\":\"https:\\\/\\\/www.allgeier.com\\\/de\\\/investor-relations\\\/adhoc-archives\\\/2013-2\\\/es-111220131\\\/\",\"name\":\"es-111220131 - Allgeier SE\",\"isPartOf\":{\"@id\":\"https:\\\/\\\/www.allgeier.com\\\/de\\\/#website\"},\"datePublished\":\"2013-12-11T22:07:09+00:00\",\"dateModified\":\"2015-03-13T10:09:40+00:00\",\"breadcrumb\":{\"@id\":\"https:\\\/\\\/www.allgeier.com\\\/de\\\/investor-relations\\\/adhoc-archives\\\/2013-2\\\/es-111220131\\\/#breadcrumb\"},\"inLanguage\":\"de\",\"potentialAction\":[{\"@type\":\"ReadAction\",\"target\":[\"https:\\\/\\\/www.allgeier.com\\\/de\\\/investor-relations\\\/adhoc-archives\\\/2013-2\\\/es-111220131\\\/\"]}]},{\"@type\":\"BreadcrumbList\",\"@id\":\"https:\\\/\\\/www.allgeier.com\\\/de\\\/investor-relations\\\/adhoc-archives\\\/2013-2\\\/es-111220131\\\/#breadcrumb\",\"itemListElement\":[{\"@type\":\"ListItem\",\"position\":1,\"name\":\"Home\",\"item\":\"https:\\\/\\\/www.allgeier.com\\\/de\\\/\"},{\"@type\":\"ListItem\",\"position\":2,\"name\":\"Investor Relations\",\"item\":\"https:\\\/\\\/www.allgeier.com\\\/de\\\/investor-relations\\\/\"},{\"@type\":\"ListItem\",\"position\":3,\"name\":\"Ad hoc-Archiv\",\"item\":\"https:\\\/\\\/www.allgeier.com\\\/de\\\/investor-relations\\\/adhoc-archives\\\/\"},{\"@type\":\"ListItem\",\"position\":4,\"name\":\"2013\",\"item\":\"https:\\\/\\\/www.allgeier.com\\\/de\\\/investor-relations\\\/adhoc-archives\\\/2013-2\\\/\"},{\"@type\":\"ListItem\",\"position\":5,\"name\":\"es-111220131\"}]},{\"@type\":\"WebSite\",\"@id\":\"https:\\\/\\\/www.allgeier.com\\\/de\\\/#website\",\"url\":\"https:\\\/\\\/www.allgeier.com\\\/de\\\/\",\"name\":\"Allgeier SE\",\"description\":\"Software &amp; IT Services for digital transformation\",\"potentialAction\":[{\"@type\":\"SearchAction\",\"target\":{\"@type\":\"EntryPoint\",\"urlTemplate\":\"https:\\\/\\\/www.allgeier.com\\\/de\\\/?s={search_term_string}\"},\"query-input\":{\"@type\":\"PropertyValueSpecification\",\"valueRequired\":true,\"valueName\":\"search_term_string\"}}],\"inLanguage\":\"de\"}]}<\/script>\n<!-- \/ Yoast SEO plugin. -->","yoast_head_json":{"title":"es-111220131 - Allgeier SE","robots":{"index":"index","follow":"follow","max-snippet":"max-snippet:-1","max-image-preview":"max-image-preview:large","max-video-preview":"max-video-preview:-1"},"canonical":"https:\/\/www.allgeier.com\/de\/investor-relations\/adhoc-archives\/2013-2\/es-111220131\/","og_locale":"de_DE","og_type":"article","og_title":"es-111220131 - Allgeier SE","og_description":"M\u00fcnchen, 11.12.2013 &#8211; Die Allgeier SE (ISIN DE0005086300, WKN 508630) hat auf Basis der guten Nachfrage mit einem ca. 2-fach \u00fcberzeichneten Orderbuch das Platzierungsvolumen um 50.000 eigene Aktien erh\u00f6ht und 500.000 eigene Aktien (entsprechend rund 5,5% des Grundkapitals) im Wege eines beschleunigten Platzierungsverfahrens (,Accelerated Bookbuilding-Verfahrens&#8216;) bei qualifizierten institutionellen Anlegern in Deutschland und im europ\u00e4ischen Ausland &hellip;","og_url":"https:\/\/www.allgeier.com\/de\/investor-relations\/adhoc-archives\/2013-2\/es-111220131\/","og_site_name":"Allgeier SE","article_modified_time":"2015-03-13T10:09:40+00:00","twitter_card":"summary_large_image","twitter_misc":{"Gesch\u00e4tzte Lesezeit":"3\u00a0Minuten"},"schema":{"@context":"https:\/\/schema.org","@graph":[{"@type":"WebPage","@id":"https:\/\/www.allgeier.com\/de\/investor-relations\/adhoc-archives\/2013-2\/es-111220131\/","url":"https:\/\/www.allgeier.com\/de\/investor-relations\/adhoc-archives\/2013-2\/es-111220131\/","name":"es-111220131 - Allgeier SE","isPartOf":{"@id":"https:\/\/www.allgeier.com\/de\/#website"},"datePublished":"2013-12-11T22:07:09+00:00","dateModified":"2015-03-13T10:09:40+00:00","breadcrumb":{"@id":"https:\/\/www.allgeier.com\/de\/investor-relations\/adhoc-archives\/2013-2\/es-111220131\/#breadcrumb"},"inLanguage":"de","potentialAction":[{"@type":"ReadAction","target":["https:\/\/www.allgeier.com\/de\/investor-relations\/adhoc-archives\/2013-2\/es-111220131\/"]}]},{"@type":"BreadcrumbList","@id":"https:\/\/www.allgeier.com\/de\/investor-relations\/adhoc-archives\/2013-2\/es-111220131\/#breadcrumb","itemListElement":[{"@type":"ListItem","position":1,"name":"Home","item":"https:\/\/www.allgeier.com\/de\/"},{"@type":"ListItem","position":2,"name":"Investor Relations","item":"https:\/\/www.allgeier.com\/de\/investor-relations\/"},{"@type":"ListItem","position":3,"name":"Ad hoc-Archiv","item":"https:\/\/www.allgeier.com\/de\/investor-relations\/adhoc-archives\/"},{"@type":"ListItem","position":4,"name":"2013","item":"https:\/\/www.allgeier.com\/de\/investor-relations\/adhoc-archives\/2013-2\/"},{"@type":"ListItem","position":5,"name":"es-111220131"}]},{"@type":"WebSite","@id":"https:\/\/www.allgeier.com\/de\/#website","url":"https:\/\/www.allgeier.com\/de\/","name":"Allgeier SE","description":"Software &amp; IT Services for digital transformation","potentialAction":[{"@type":"SearchAction","target":{"@type":"EntryPoint","urlTemplate":"https:\/\/www.allgeier.com\/de\/?s={search_term_string}"},"query-input":{"@type":"PropertyValueSpecification","valueRequired":true,"valueName":"search_term_string"}}],"inLanguage":"de"}]}},"_links":{"self":[{"href":"https:\/\/www.allgeier.com\/de\/wp-json\/wp\/v2\/pages\/1282","targetHints":{"allow":["GET"]}}],"collection":[{"href":"https:\/\/www.allgeier.com\/de\/wp-json\/wp\/v2\/pages"}],"about":[{"href":"https:\/\/www.allgeier.com\/de\/wp-json\/wp\/v2\/types\/page"}],"author":[{"embeddable":true,"href":"https:\/\/www.allgeier.com\/de\/wp-json\/wp\/v2\/users\/1"}],"replies":[{"embeddable":true,"href":"https:\/\/www.allgeier.com\/de\/wp-json\/wp\/v2\/comments?post=1282"}],"version-history":[{"count":0,"href":"https:\/\/www.allgeier.com\/de\/wp-json\/wp\/v2\/pages\/1282\/revisions"}],"up":[{"embeddable":true,"href":"https:\/\/www.allgeier.com\/de\/wp-json\/wp\/v2\/pages\/558"}],"wp:attachment":[{"href":"https:\/\/www.allgeier.com\/de\/wp-json\/wp\/v2\/media?parent=1282"}],"wp:term":[{"taxonomy":"category","embeddable":true,"href":"https:\/\/www.allgeier.com\/de\/wp-json\/wp\/v2\/categories?post=1282"},{"taxonomy":"post_tag","embeddable":true,"href":"https:\/\/www.allgeier.com\/de\/wp-json\/wp\/v2\/tags?post=1282"}],"curies":[{"name":"wp","href":"https:\/\/api.w.org\/{rel}","templated":true}]}}