{"id":1295,"date":"2013-10-15T10:16:33","date_gmt":"2013-10-15T10:16:33","guid":{"rendered":"http:\/\/www.allgeier.com\/de\/?page_id=1295"},"modified":"2015-03-13T10:17:43","modified_gmt":"2015-03-13T10:17:43","slug":"es-15102013","status":"publish","type":"page","link":"https:\/\/www.allgeier.com\/de\/investor-relations\/adhoc-archives\/2013-2\/es-15102013\/","title":{"rendered":"es-15102013"},"content":{"rendered":"<p><em>M\u00fcnchen, 15.10.2013 &#8211;<\/em> Der Aufsichtsrat der Allgeier SE (ISIN DE0005086300, WKN 508630) hat mit heutiger Wirkung Herrn Hubert Rohrer zum Mitglied des Vorstands ernannt. Hubert Rohrer ist seit vielen Jahren in Top-Managementpositionen in der Allgeier Gruppe t\u00e4tig, zuletzt als Bereichsvorstand der Division Solutions und Mitglied des Allgeier Executive Committee.<\/p>\n<p>Zugleich wurde ebenfalls mit heutiger Wirkung Herr J\u00fcrgen Gallmann zum Mitglied des Vorstands der Allgeier Group Executives AG, der gruppeninternen Consulting- und Management-Gesellschaft, bestellt. \u00dcberdies wird er Mitglied des Allgeier Executive Committee. J\u00fcrgen Gallmann bekleidet seit vielen Jahren Spitzenpositionen in internationalen IT-Gesellschaften, u.a. bei IBM, Microsoft und Avaya. Bereits seit dem vergangenen Jahr ist er f\u00fcr Allgeier als Berater t\u00e4tig.<\/p>\n<p>Mit diesen Personalentscheidungen verst\u00e4rkt Allgeier das Top-Management in Hinblick auf die im Rahmen der Agenda 2015 beschlossene st\u00e4rkere Fokussierung und strategisch gepr\u00e4gte Weiterentwicklung des IT-Gesch\u00e4fts durch organisches Wachstum und Akquisitionen in Deutschland und international.<\/p>\n","protected":false},"excerpt":{"rendered":"<p>M\u00fcnchen, 15.10.2013 &#8211; Der Aufsichtsrat der Allgeier SE (ISIN DE0005086300, WKN 508630) hat mit heutiger Wirkung Herrn Hubert Rohrer zum Mitglied des Vorstands ernannt. Hubert Rohrer ist seit vielen Jahren in Top-Managementpositionen in der Allgeier Gruppe t\u00e4tig, zuletzt als Bereichsvorstand der Division Solutions und Mitglied des Allgeier Executive Committee. Zugleich wurde ebenfalls mit heutiger Wirkung &hellip; <\/p>\n","protected":false},"author":1,"featured_media":0,"parent":558,"menu_order":0,"comment_status":"open","ping_status":"open","template":"","meta":{"_acf_changed":false,"footnotes":""},"categories":[],"tags":[],"class_list":["post-1295","page","type-page","status-publish","hentry"],"acf":[],"yoast_head":"<!-- This site is optimized with the Yoast SEO plugin v27.4 - https:\/\/yoast.com\/product\/yoast-seo-wordpress\/ -->\n<title>es-15102013 - Allgeier SE<\/title>\n<meta name=\"robots\" content=\"index, follow, max-snippet:-1, max-image-preview:large, max-video-preview:-1\" \/>\n<link rel=\"canonical\" href=\"https:\/\/www.allgeier.com\/de\/investor-relations\/adhoc-archives\/2013-2\/es-15102013\/\" \/>\n<meta property=\"og:locale\" content=\"de_DE\" \/>\n<meta property=\"og:type\" content=\"article\" \/>\n<meta property=\"og:title\" content=\"es-15102013 - Allgeier SE\" \/>\n<meta property=\"og:description\" content=\"M\u00fcnchen, 15.10.2013 &#8211; Der Aufsichtsrat der Allgeier SE (ISIN DE0005086300, WKN 508630) hat mit heutiger Wirkung Herrn Hubert Rohrer zum Mitglied des Vorstands ernannt. Hubert Rohrer ist seit vielen Jahren in Top-Managementpositionen in der Allgeier Gruppe t\u00e4tig, zuletzt als Bereichsvorstand der Division Solutions und Mitglied des Allgeier Executive Committee. Zugleich wurde ebenfalls mit heutiger Wirkung &hellip;\" \/>\n<meta property=\"og:url\" content=\"https:\/\/www.allgeier.com\/de\/investor-relations\/adhoc-archives\/2013-2\/es-15102013\/\" \/>\n<meta property=\"og:site_name\" content=\"Allgeier SE\" \/>\n<meta property=\"article:modified_time\" content=\"2015-03-13T10:17:43+00:00\" \/>\n<meta name=\"twitter:card\" content=\"summary_large_image\" \/>\n<meta name=\"twitter:label1\" content=\"Gesch\u00e4tzte Lesezeit\" \/>\n\t<meta name=\"twitter:data1\" content=\"1\u00a0Minute\" \/>\n<script type=\"application\/ld+json\" class=\"yoast-schema-graph\">{\"@context\":\"https:\\\/\\\/schema.org\",\"@graph\":[{\"@type\":\"WebPage\",\"@id\":\"https:\\\/\\\/www.allgeier.com\\\/de\\\/investor-relations\\\/adhoc-archives\\\/2013-2\\\/es-15102013\\\/\",\"url\":\"https:\\\/\\\/www.allgeier.com\\\/de\\\/investor-relations\\\/adhoc-archives\\\/2013-2\\\/es-15102013\\\/\",\"name\":\"es-15102013 - Allgeier SE\",\"isPartOf\":{\"@id\":\"https:\\\/\\\/www.allgeier.com\\\/de\\\/#website\"},\"datePublished\":\"2013-10-15T10:16:33+00:00\",\"dateModified\":\"2015-03-13T10:17:43+00:00\",\"breadcrumb\":{\"@id\":\"https:\\\/\\\/www.allgeier.com\\\/de\\\/investor-relations\\\/adhoc-archives\\\/2013-2\\\/es-15102013\\\/#breadcrumb\"},\"inLanguage\":\"de\",\"potentialAction\":[{\"@type\":\"ReadAction\",\"target\":[\"https:\\\/\\\/www.allgeier.com\\\/de\\\/investor-relations\\\/adhoc-archives\\\/2013-2\\\/es-15102013\\\/\"]}]},{\"@type\":\"BreadcrumbList\",\"@id\":\"https:\\\/\\\/www.allgeier.com\\\/de\\\/investor-relations\\\/adhoc-archives\\\/2013-2\\\/es-15102013\\\/#breadcrumb\",\"itemListElement\":[{\"@type\":\"ListItem\",\"position\":1,\"name\":\"Home\",\"item\":\"https:\\\/\\\/www.allgeier.com\\\/de\\\/\"},{\"@type\":\"ListItem\",\"position\":2,\"name\":\"Investor Relations\",\"item\":\"https:\\\/\\\/www.allgeier.com\\\/de\\\/investor-relations\\\/\"},{\"@type\":\"ListItem\",\"position\":3,\"name\":\"Ad hoc-Archiv\",\"item\":\"https:\\\/\\\/www.allgeier.com\\\/de\\\/investor-relations\\\/adhoc-archives\\\/\"},{\"@type\":\"ListItem\",\"position\":4,\"name\":\"2013\",\"item\":\"https:\\\/\\\/www.allgeier.com\\\/de\\\/investor-relations\\\/adhoc-archives\\\/2013-2\\\/\"},{\"@type\":\"ListItem\",\"position\":5,\"name\":\"es-15102013\"}]},{\"@type\":\"WebSite\",\"@id\":\"https:\\\/\\\/www.allgeier.com\\\/de\\\/#website\",\"url\":\"https:\\\/\\\/www.allgeier.com\\\/de\\\/\",\"name\":\"Allgeier SE\",\"description\":\"Software &amp; IT Services for digital transformation\",\"potentialAction\":[{\"@type\":\"SearchAction\",\"target\":{\"@type\":\"EntryPoint\",\"urlTemplate\":\"https:\\\/\\\/www.allgeier.com\\\/de\\\/?s={search_term_string}\"},\"query-input\":{\"@type\":\"PropertyValueSpecification\",\"valueRequired\":true,\"valueName\":\"search_term_string\"}}],\"inLanguage\":\"de\"}]}<\/script>\n<!-- \/ Yoast SEO plugin. -->","yoast_head_json":{"title":"es-15102013 - Allgeier SE","robots":{"index":"index","follow":"follow","max-snippet":"max-snippet:-1","max-image-preview":"max-image-preview:large","max-video-preview":"max-video-preview:-1"},"canonical":"https:\/\/www.allgeier.com\/de\/investor-relations\/adhoc-archives\/2013-2\/es-15102013\/","og_locale":"de_DE","og_type":"article","og_title":"es-15102013 - Allgeier SE","og_description":"M\u00fcnchen, 15.10.2013 &#8211; Der Aufsichtsrat der Allgeier SE (ISIN DE0005086300, WKN 508630) hat mit heutiger Wirkung Herrn Hubert Rohrer zum Mitglied des Vorstands ernannt. Hubert Rohrer ist seit vielen Jahren in Top-Managementpositionen in der Allgeier Gruppe t\u00e4tig, zuletzt als Bereichsvorstand der Division Solutions und Mitglied des Allgeier Executive Committee. Zugleich wurde ebenfalls mit heutiger Wirkung &hellip;","og_url":"https:\/\/www.allgeier.com\/de\/investor-relations\/adhoc-archives\/2013-2\/es-15102013\/","og_site_name":"Allgeier SE","article_modified_time":"2015-03-13T10:17:43+00:00","twitter_card":"summary_large_image","twitter_misc":{"Gesch\u00e4tzte Lesezeit":"1\u00a0Minute"},"schema":{"@context":"https:\/\/schema.org","@graph":[{"@type":"WebPage","@id":"https:\/\/www.allgeier.com\/de\/investor-relations\/adhoc-archives\/2013-2\/es-15102013\/","url":"https:\/\/www.allgeier.com\/de\/investor-relations\/adhoc-archives\/2013-2\/es-15102013\/","name":"es-15102013 - Allgeier SE","isPartOf":{"@id":"https:\/\/www.allgeier.com\/de\/#website"},"datePublished":"2013-10-15T10:16:33+00:00","dateModified":"2015-03-13T10:17:43+00:00","breadcrumb":{"@id":"https:\/\/www.allgeier.com\/de\/investor-relations\/adhoc-archives\/2013-2\/es-15102013\/#breadcrumb"},"inLanguage":"de","potentialAction":[{"@type":"ReadAction","target":["https:\/\/www.allgeier.com\/de\/investor-relations\/adhoc-archives\/2013-2\/es-15102013\/"]}]},{"@type":"BreadcrumbList","@id":"https:\/\/www.allgeier.com\/de\/investor-relations\/adhoc-archives\/2013-2\/es-15102013\/#breadcrumb","itemListElement":[{"@type":"ListItem","position":1,"name":"Home","item":"https:\/\/www.allgeier.com\/de\/"},{"@type":"ListItem","position":2,"name":"Investor Relations","item":"https:\/\/www.allgeier.com\/de\/investor-relations\/"},{"@type":"ListItem","position":3,"name":"Ad hoc-Archiv","item":"https:\/\/www.allgeier.com\/de\/investor-relations\/adhoc-archives\/"},{"@type":"ListItem","position":4,"name":"2013","item":"https:\/\/www.allgeier.com\/de\/investor-relations\/adhoc-archives\/2013-2\/"},{"@type":"ListItem","position":5,"name":"es-15102013"}]},{"@type":"WebSite","@id":"https:\/\/www.allgeier.com\/de\/#website","url":"https:\/\/www.allgeier.com\/de\/","name":"Allgeier SE","description":"Software &amp; IT Services for digital transformation","potentialAction":[{"@type":"SearchAction","target":{"@type":"EntryPoint","urlTemplate":"https:\/\/www.allgeier.com\/de\/?s={search_term_string}"},"query-input":{"@type":"PropertyValueSpecification","valueRequired":true,"valueName":"search_term_string"}}],"inLanguage":"de"}]}},"_links":{"self":[{"href":"https:\/\/www.allgeier.com\/de\/wp-json\/wp\/v2\/pages\/1295","targetHints":{"allow":["GET"]}}],"collection":[{"href":"https:\/\/www.allgeier.com\/de\/wp-json\/wp\/v2\/pages"}],"about":[{"href":"https:\/\/www.allgeier.com\/de\/wp-json\/wp\/v2\/types\/page"}],"author":[{"embeddable":true,"href":"https:\/\/www.allgeier.com\/de\/wp-json\/wp\/v2\/users\/1"}],"replies":[{"embeddable":true,"href":"https:\/\/www.allgeier.com\/de\/wp-json\/wp\/v2\/comments?post=1295"}],"version-history":[{"count":0,"href":"https:\/\/www.allgeier.com\/de\/wp-json\/wp\/v2\/pages\/1295\/revisions"}],"up":[{"embeddable":true,"href":"https:\/\/www.allgeier.com\/de\/wp-json\/wp\/v2\/pages\/558"}],"wp:attachment":[{"href":"https:\/\/www.allgeier.com\/de\/wp-json\/wp\/v2\/media?parent=1295"}],"wp:term":[{"taxonomy":"category","embeddable":true,"href":"https:\/\/www.allgeier.com\/de\/wp-json\/wp\/v2\/categories?post=1295"},{"taxonomy":"post_tag","embeddable":true,"href":"https:\/\/www.allgeier.com\/de\/wp-json\/wp\/v2\/tags?post=1295"}],"curies":[{"name":"wp","href":"https:\/\/api.w.org\/{rel}","templated":true}]}}