{"id":1297,"date":"2013-08-14T10:17:46","date_gmt":"2013-08-14T10:17:46","guid":{"rendered":"http:\/\/www.allgeier.com\/de\/?page_id=1297"},"modified":"2015-03-13T10:19:19","modified_gmt":"2015-03-13T10:19:19","slug":"es-14082013","status":"publish","type":"page","link":"https:\/\/www.allgeier.com\/de\/investor-relations\/adhoc-archives\/2013-2\/es-14082013\/","title":{"rendered":"es-14082013"},"content":{"rendered":"<p><em>M\u00fcnchen, 14.08.2013 &#8211;<\/em> Allgeier SE (ISIN DE0005086300, WKN 508630) konnte im ersten Halbjahr 2013 (01.01.2013 &#8211; 30.06.2013) den Umsatz sowie das Ergebnis weiter steigern. Allgeier setzt damit das Wachstum auch im ersten Halbjahr 2013 fort und kann seine Stellung im Wettbewerb weiter festigen.<\/p>\n<p>Der Umsatz stieg im ersten Halbjahr 2013 gegen\u00fcber den ersten sechs Monaten des Jahres 2012 um 20 Prozent auf 227,3 Mio. Euro (Vorjahr: 190,1 Mio. Euro). Die Umsatzsteigerung wird durch operatives Wachstum sowie durch die in den Berichtsjahren erfolgten Unternehmensakquisitionen getragen. Alle drei Allgeier Gesch\u00e4ftsbereiche verzeichneten dabei Umsatzzuw\u00e4chse. Das EBITDA stieg gegen\u00fcber dem Vergleichszeitraum um 24 Prozent auf 12,3 Mio. Euro (Vorjahr: 9,9 Mio. Euro). Das EBIT (Ergebnis vor Zinsen und Steuern) stieg im Berichtszeitraum um 88 Prozent auf 6,2 Mio. Euro (Vorjahr: 3,3 Mio. Euro). Im Wachstum des EBIT zeigen sich r\u00fcckl\u00e4ufige Abschreibungen aus der Kaufpreis-Allokation. Trotz des R\u00fcckgangs der Abschreibungen ist die Ergebnisgr\u00f6\u00dfe EBIT weiterhin durch hohe Regelabschreibungen auf Kaufpreis-Allokationen gem\u00e4\u00df IFRS (Abschreibung der Auftragsbest\u00e4nde, Kundenst\u00e4mme, Produkte) belastet, die den Gro\u00dfteil der Abschreibungen in H\u00f6he von 6,1 Mio. Euro (Vorjahr: 6,6 Mio. Euro) ausmachen. Die Zinsaufwendungen blieben mit 2,7 Mio. Euro auf dem Niveau des Vergleichszeitraums des Vorjahres. Nach Zinsen erzielte Allgeier in den ersten sechs Monaten 2013 ein um 441 Prozent gestiegenes EBT (Ergebnis vor Steuern) von 3,5 Mio. Euro (Vorjahr: 0,6 Mio. Euro). Nach Abzug eines Steueraufwands von 1,4 Mio. Euro (Vorjahr: -0,6 Mio. Euro) erreichte Allgeier so im ersten Halbjahr 2013 ein Periodenergebnis von 2,1 Mio. Euro (Vorjahr: 0,0 Mio. Euro). Das unverw\u00e4sserte Ergebnis je Aktie, gerechnet auf das um die Ergebnisanteile der nicht kontrollierenden Gesellschafter verminderte 6-Monats-Ergebnis, stieg im ersten Halbjahr 2013 auf 0,24 Euro (Vorjahr: -0,03 Euro).<\/p>\n<p>Die Bilanzsumme des Allgeier Konzerns fiel leicht von 289,6 Mio. Euro am 31. Dezember 2012 um 6,3 Mio. Euro auf 283,3 Mio. Euro am 30. Juni 2013. Ma\u00dfgeblich f\u00fcr die Bilanzverk\u00fcrzung sind die Aussch\u00fcttung der Dividende sowie Auszahlungen im Rahmen der Akquisitionst\u00e4tigkeit. Das Eigenkapital verringerte sich zum Bilanzstichtag entsprechend auf 88,0 Mio. Euro (31. Dezember 2012: 93,4 Mio. Euro). Der Allgeier Konzern verf\u00fcgt zum 30. Juni 2013 \u00fcber einen Bestand an liquiden Mitteln in H\u00f6he von 30,8 Mio. Euro (Stand 31. Dezember 2012: 38,9 Mio. Euro). Der Cash Flow aus der betrieblichen T\u00e4tigkeit stieg im Berichtszeitraum auf 4,3 Mio. Euro (Vorjahr: 3,4 Mio. Euro).<\/p>\n<p>Der Halbjahresfinanzbericht 2013 der Allgeier SE wird am heutigen 14. August 2013 ver\u00f6ffentlicht und ist unter www.allgeier.com einzusehen.<\/p>\n","protected":false},"excerpt":{"rendered":"<p>M\u00fcnchen, 14.08.2013 &#8211; Allgeier SE (ISIN DE0005086300, WKN 508630) konnte im ersten Halbjahr 2013 (01.01.2013 &#8211; 30.06.2013) den Umsatz sowie das Ergebnis weiter steigern. Allgeier setzt damit das Wachstum auch im ersten Halbjahr 2013 fort und kann seine Stellung im Wettbewerb weiter festigen. Der Umsatz stieg im ersten Halbjahr 2013 gegen\u00fcber den ersten sechs Monaten &hellip; <\/p>\n","protected":false},"author":1,"featured_media":0,"parent":558,"menu_order":0,"comment_status":"open","ping_status":"open","template":"","meta":{"_acf_changed":false,"footnotes":""},"categories":[],"tags":[],"class_list":["post-1297","page","type-page","status-publish","hentry"],"acf":[],"yoast_head":"<!-- This site is optimized with the Yoast SEO plugin v27.4 - https:\/\/yoast.com\/product\/yoast-seo-wordpress\/ -->\n<title>es-14082013 - Allgeier SE<\/title>\n<meta name=\"robots\" content=\"index, follow, max-snippet:-1, max-image-preview:large, max-video-preview:-1\" \/>\n<link rel=\"canonical\" href=\"https:\/\/www.allgeier.com\/de\/investor-relations\/adhoc-archives\/2013-2\/es-14082013\/\" \/>\n<meta property=\"og:locale\" content=\"de_DE\" \/>\n<meta property=\"og:type\" content=\"article\" \/>\n<meta property=\"og:title\" content=\"es-14082013 - Allgeier SE\" \/>\n<meta property=\"og:description\" content=\"M\u00fcnchen, 14.08.2013 &#8211; Allgeier SE (ISIN DE0005086300, WKN 508630) konnte im ersten Halbjahr 2013 (01.01.2013 &#8211; 30.06.2013) den Umsatz sowie das Ergebnis weiter steigern. Allgeier setzt damit das Wachstum auch im ersten Halbjahr 2013 fort und kann seine Stellung im Wettbewerb weiter festigen. Der Umsatz stieg im ersten Halbjahr 2013 gegen\u00fcber den ersten sechs Monaten &hellip;\" \/>\n<meta property=\"og:url\" content=\"https:\/\/www.allgeier.com\/de\/investor-relations\/adhoc-archives\/2013-2\/es-14082013\/\" \/>\n<meta property=\"og:site_name\" content=\"Allgeier SE\" \/>\n<meta property=\"article:modified_time\" content=\"2015-03-13T10:19:19+00:00\" \/>\n<meta name=\"twitter:card\" content=\"summary_large_image\" \/>\n<meta name=\"twitter:label1\" content=\"Gesch\u00e4tzte Lesezeit\" \/>\n\t<meta name=\"twitter:data1\" content=\"2\u00a0Minuten\" \/>\n<script type=\"application\/ld+json\" class=\"yoast-schema-graph\">{\"@context\":\"https:\\\/\\\/schema.org\",\"@graph\":[{\"@type\":\"WebPage\",\"@id\":\"https:\\\/\\\/www.allgeier.com\\\/de\\\/investor-relations\\\/adhoc-archives\\\/2013-2\\\/es-14082013\\\/\",\"url\":\"https:\\\/\\\/www.allgeier.com\\\/de\\\/investor-relations\\\/adhoc-archives\\\/2013-2\\\/es-14082013\\\/\",\"name\":\"es-14082013 - Allgeier SE\",\"isPartOf\":{\"@id\":\"https:\\\/\\\/www.allgeier.com\\\/de\\\/#website\"},\"datePublished\":\"2013-08-14T10:17:46+00:00\",\"dateModified\":\"2015-03-13T10:19:19+00:00\",\"breadcrumb\":{\"@id\":\"https:\\\/\\\/www.allgeier.com\\\/de\\\/investor-relations\\\/adhoc-archives\\\/2013-2\\\/es-14082013\\\/#breadcrumb\"},\"inLanguage\":\"de\",\"potentialAction\":[{\"@type\":\"ReadAction\",\"target\":[\"https:\\\/\\\/www.allgeier.com\\\/de\\\/investor-relations\\\/adhoc-archives\\\/2013-2\\\/es-14082013\\\/\"]}]},{\"@type\":\"BreadcrumbList\",\"@id\":\"https:\\\/\\\/www.allgeier.com\\\/de\\\/investor-relations\\\/adhoc-archives\\\/2013-2\\\/es-14082013\\\/#breadcrumb\",\"itemListElement\":[{\"@type\":\"ListItem\",\"position\":1,\"name\":\"Home\",\"item\":\"https:\\\/\\\/www.allgeier.com\\\/de\\\/\"},{\"@type\":\"ListItem\",\"position\":2,\"name\":\"Investor Relations\",\"item\":\"https:\\\/\\\/www.allgeier.com\\\/de\\\/investor-relations\\\/\"},{\"@type\":\"ListItem\",\"position\":3,\"name\":\"Ad hoc-Archiv\",\"item\":\"https:\\\/\\\/www.allgeier.com\\\/de\\\/investor-relations\\\/adhoc-archives\\\/\"},{\"@type\":\"ListItem\",\"position\":4,\"name\":\"2013\",\"item\":\"https:\\\/\\\/www.allgeier.com\\\/de\\\/investor-relations\\\/adhoc-archives\\\/2013-2\\\/\"},{\"@type\":\"ListItem\",\"position\":5,\"name\":\"es-14082013\"}]},{\"@type\":\"WebSite\",\"@id\":\"https:\\\/\\\/www.allgeier.com\\\/de\\\/#website\",\"url\":\"https:\\\/\\\/www.allgeier.com\\\/de\\\/\",\"name\":\"Allgeier SE\",\"description\":\"Software &amp; IT Services for digital transformation\",\"potentialAction\":[{\"@type\":\"SearchAction\",\"target\":{\"@type\":\"EntryPoint\",\"urlTemplate\":\"https:\\\/\\\/www.allgeier.com\\\/de\\\/?s={search_term_string}\"},\"query-input\":{\"@type\":\"PropertyValueSpecification\",\"valueRequired\":true,\"valueName\":\"search_term_string\"}}],\"inLanguage\":\"de\"}]}<\/script>\n<!-- \/ Yoast SEO plugin. -->","yoast_head_json":{"title":"es-14082013 - Allgeier SE","robots":{"index":"index","follow":"follow","max-snippet":"max-snippet:-1","max-image-preview":"max-image-preview:large","max-video-preview":"max-video-preview:-1"},"canonical":"https:\/\/www.allgeier.com\/de\/investor-relations\/adhoc-archives\/2013-2\/es-14082013\/","og_locale":"de_DE","og_type":"article","og_title":"es-14082013 - Allgeier SE","og_description":"M\u00fcnchen, 14.08.2013 &#8211; Allgeier SE (ISIN DE0005086300, WKN 508630) konnte im ersten Halbjahr 2013 (01.01.2013 &#8211; 30.06.2013) den Umsatz sowie das Ergebnis weiter steigern. Allgeier setzt damit das Wachstum auch im ersten Halbjahr 2013 fort und kann seine Stellung im Wettbewerb weiter festigen. Der Umsatz stieg im ersten Halbjahr 2013 gegen\u00fcber den ersten sechs Monaten &hellip;","og_url":"https:\/\/www.allgeier.com\/de\/investor-relations\/adhoc-archives\/2013-2\/es-14082013\/","og_site_name":"Allgeier SE","article_modified_time":"2015-03-13T10:19:19+00:00","twitter_card":"summary_large_image","twitter_misc":{"Gesch\u00e4tzte Lesezeit":"2\u00a0Minuten"},"schema":{"@context":"https:\/\/schema.org","@graph":[{"@type":"WebPage","@id":"https:\/\/www.allgeier.com\/de\/investor-relations\/adhoc-archives\/2013-2\/es-14082013\/","url":"https:\/\/www.allgeier.com\/de\/investor-relations\/adhoc-archives\/2013-2\/es-14082013\/","name":"es-14082013 - Allgeier SE","isPartOf":{"@id":"https:\/\/www.allgeier.com\/de\/#website"},"datePublished":"2013-08-14T10:17:46+00:00","dateModified":"2015-03-13T10:19:19+00:00","breadcrumb":{"@id":"https:\/\/www.allgeier.com\/de\/investor-relations\/adhoc-archives\/2013-2\/es-14082013\/#breadcrumb"},"inLanguage":"de","potentialAction":[{"@type":"ReadAction","target":["https:\/\/www.allgeier.com\/de\/investor-relations\/adhoc-archives\/2013-2\/es-14082013\/"]}]},{"@type":"BreadcrumbList","@id":"https:\/\/www.allgeier.com\/de\/investor-relations\/adhoc-archives\/2013-2\/es-14082013\/#breadcrumb","itemListElement":[{"@type":"ListItem","position":1,"name":"Home","item":"https:\/\/www.allgeier.com\/de\/"},{"@type":"ListItem","position":2,"name":"Investor Relations","item":"https:\/\/www.allgeier.com\/de\/investor-relations\/"},{"@type":"ListItem","position":3,"name":"Ad hoc-Archiv","item":"https:\/\/www.allgeier.com\/de\/investor-relations\/adhoc-archives\/"},{"@type":"ListItem","position":4,"name":"2013","item":"https:\/\/www.allgeier.com\/de\/investor-relations\/adhoc-archives\/2013-2\/"},{"@type":"ListItem","position":5,"name":"es-14082013"}]},{"@type":"WebSite","@id":"https:\/\/www.allgeier.com\/de\/#website","url":"https:\/\/www.allgeier.com\/de\/","name":"Allgeier SE","description":"Software &amp; IT Services for digital transformation","potentialAction":[{"@type":"SearchAction","target":{"@type":"EntryPoint","urlTemplate":"https:\/\/www.allgeier.com\/de\/?s={search_term_string}"},"query-input":{"@type":"PropertyValueSpecification","valueRequired":true,"valueName":"search_term_string"}}],"inLanguage":"de"}]}},"_links":{"self":[{"href":"https:\/\/www.allgeier.com\/de\/wp-json\/wp\/v2\/pages\/1297","targetHints":{"allow":["GET"]}}],"collection":[{"href":"https:\/\/www.allgeier.com\/de\/wp-json\/wp\/v2\/pages"}],"about":[{"href":"https:\/\/www.allgeier.com\/de\/wp-json\/wp\/v2\/types\/page"}],"author":[{"embeddable":true,"href":"https:\/\/www.allgeier.com\/de\/wp-json\/wp\/v2\/users\/1"}],"replies":[{"embeddable":true,"href":"https:\/\/www.allgeier.com\/de\/wp-json\/wp\/v2\/comments?post=1297"}],"version-history":[{"count":0,"href":"https:\/\/www.allgeier.com\/de\/wp-json\/wp\/v2\/pages\/1297\/revisions"}],"up":[{"embeddable":true,"href":"https:\/\/www.allgeier.com\/de\/wp-json\/wp\/v2\/pages\/558"}],"wp:attachment":[{"href":"https:\/\/www.allgeier.com\/de\/wp-json\/wp\/v2\/media?parent=1297"}],"wp:term":[{"taxonomy":"category","embeddable":true,"href":"https:\/\/www.allgeier.com\/de\/wp-json\/wp\/v2\/categories?post=1297"},{"taxonomy":"post_tag","embeddable":true,"href":"https:\/\/www.allgeier.com\/de\/wp-json\/wp\/v2\/tags?post=1297"}],"curies":[{"name":"wp","href":"https:\/\/api.w.org\/{rel}","templated":true}]}}