{"id":1301,"date":"2013-05-15T10:21:05","date_gmt":"2013-05-15T10:21:05","guid":{"rendered":"http:\/\/www.allgeier.com\/de\/?page_id=1301"},"modified":"2015-03-13T10:21:57","modified_gmt":"2015-03-13T10:21:57","slug":"es-15052013","status":"publish","type":"page","link":"https:\/\/www.allgeier.com\/de\/investor-relations\/adhoc-archives\/2013-2\/es-15052013\/","title":{"rendered":"es-15052013"},"content":{"rendered":"<p>M\u00fcnchen, 15.05.2013 &#8211; Allgeier SE (ISIN DE0005086300, WKN 508630) konnte im ersten Quartal 2013 (01.01.2013 &#8211; 31.03.2013) den Umsatz weiter steigern, blieb aber im Wesentlichen aufgrund eines nicht zahlungswirksamen Kursverlustes aus der Umrechnung einer langfristigen Dollar-Verbindlichkeit aus dem Erwerb der Nagarro unter dem sehr guten EBITDA des ersten Quartals 2012 zur\u00fcck. Der Allgeier Konzern setzt damit sein Wachstum im ersten Vierteljahr 2013 fort und kann seine Stellung im Wettbewerb weiter festigen.<\/p>\n<p>Der Umsatz stieg im ersten Quartal 2013 gegen\u00fcber den ersten drei Monaten des Jahres 2012 deutlich um 19 Prozent auf 110,2 Mio. Euro (Vorjahr: 92,7 Mio. Euro). Die Umsatzsteigerung wird durch operatives Wachstum der \u00fcberwiegenden Zahl der seit L\u00e4ngerem dem Konzern zugeh\u00f6rigen Gesellschaften sowie durch die Unternehmensakquisitionen des Jahres 2012 getragen. Das EBITDA blieb unter dem sehr guten Wert des Vergleichszeitraums 2012 zur\u00fcck und sank auf 4,8 Mio. Euro (Vorjahr: 6,1 Mio. Euro). Diese Abweichung ist im Wesentlichen auf W\u00e4hrungsdifferenzen aus der Umrechnung einer langfristigen Kaufpreisverbindlichkeit aus dem Erwerb der Nagarro-Gruppe im Jahr 2011 zur\u00fcckzuf\u00fchren. Aufgrund der Konstellation der Wechselkurse an den Quartalsstichtagen resultiert daraus zu Lasten des ersten Quartals 2013 ein Bewertungsunterschied in H\u00f6he von 1,1 Mio. Euro. Auch das EBIT (Ergebnis vor Zinsen und Steuern) fiel dementsprechend gegen\u00fcber dem Vorjahr auf 1,8 Mio. Euro (Vorjahr: 2,8 Mio. Euro). Die Ergebnisgr\u00f6\u00dfe EBIT ist auch im Jahr 2013 durch hohe Regelabschreibungen auf Kaufpreis-Allokationen gem\u00e4\u00df IFRS (Abschreibung der Auftragsbest\u00e4nde, Kundenst\u00e4mme, Produkte) belastet, die den Gro\u00dfteil der Abschreibungen in H\u00f6he von 3,1 Mio. Euro (Vorjahr: 3,3 Mio. Euro) ausmachen. Die weiterhin hohen Abschreibungen basieren im Wesentlichen auf der nach IFRS zum Zeitpunkt der Erstkonsolidierung der erworbenen Gesellschaften erfolgten Bewertung von Kundenstammbeziehungen und erworbenen stillen Reserven in Produkten und Entwicklungen.<\/p>\n<p>Der Allgeier Konzern verf\u00fcgt zum Stichtag 31. M\u00e4rz 2013 \u00fcber eine unver\u00e4ndert solide Finanz- und Verm\u00f6genslage. Die Bilanzsumme ist weiter angestiegen: Sie wuchs von 289,6 Mio. Euro am 31. Dezember 2012 leicht um 5,5 Mio. Euro auf 295,1 Mio. Euro am 31. M\u00e4rz 2013. Das Eigenkapital erh\u00f6hte sich zum Bilanzstichtag leicht um 1,7 Mio. Euro auf 95,1 Mio. Euro (31. Dezember 2012: 93,4 Mio. Euro). Der Cashflow aus der betrieblichen T\u00e4tigkeit und vor Working Capital-Ver\u00e4nderungen lag in den ersten drei Monaten des Jahres mit 5,3 Mio. Euro in etwa auf dem Niveau des Vergleichszeitraums des Vorjahres (Vorjahr: 6,0 Mio. Euro). Der Allgeier Konzern verf\u00fcgt zum 31. M\u00e4rz 2013 weiterhin \u00fcber einen hohen Bestand an liquiden Mitteln in H\u00f6he von 33,6 Mio. Euro (Stand 31. Dezember 2012: 38,9 Mio. Euro). Der R\u00fcckgang der liquiden Mittel betrifft neben Auszahlungen im Rahmen der Investitionst\u00e4tigkeit im Wesentlichen den stichtagsbedingen Anstieg des Working Capitals einschlie\u00dflich nicht ben\u00f6tigter Liquidit\u00e4t aufgrund eines geringeren Volumens an das Factoring verkaufter Forderungen.<\/p>\n<p>F\u00fcr das laufende Gesch\u00e4ftsjahr 2013 erwartet der Vorstand f\u00fcr den Gesamtkonzern ein nachhaltiges \u00fcberdurchschnittliches Wachstum im Umsatz im unteren zweistelligen Prozentbereich und eine \u00fcberproportionale Ergebnissteigerung.<\/p>\n<p>Die Zwischenmitteilung zum ersten Quartal 2013 der Allgeier SE wird am heutigen 15. Mai 2013 ver\u00f6ffentlicht und ist unter www.allgeier.com einzusehen.<\/p>\n","protected":false},"excerpt":{"rendered":"<p>M\u00fcnchen, 15.05.2013 &#8211; Allgeier SE (ISIN DE0005086300, WKN 508630) konnte im ersten Quartal 2013 (01.01.2013 &#8211; 31.03.2013) den Umsatz weiter steigern, blieb aber im Wesentlichen aufgrund eines nicht zahlungswirksamen Kursverlustes aus der Umrechnung einer langfristigen Dollar-Verbindlichkeit aus dem Erwerb der Nagarro unter dem sehr guten EBITDA des ersten Quartals 2012 zur\u00fcck. Der Allgeier Konzern setzt &hellip; <\/p>\n","protected":false},"author":1,"featured_media":0,"parent":558,"menu_order":0,"comment_status":"open","ping_status":"open","template":"","meta":{"_acf_changed":false,"footnotes":""},"categories":[],"tags":[],"class_list":["post-1301","page","type-page","status-publish","hentry"],"acf":[],"yoast_head":"<!-- This site is optimized with the Yoast SEO plugin v27.4 - https:\/\/yoast.com\/product\/yoast-seo-wordpress\/ -->\n<title>es-15052013 - Allgeier SE<\/title>\n<meta name=\"robots\" content=\"index, follow, max-snippet:-1, max-image-preview:large, max-video-preview:-1\" \/>\n<link rel=\"canonical\" href=\"https:\/\/www.allgeier.com\/de\/investor-relations\/adhoc-archives\/2013-2\/es-15052013\/\" \/>\n<meta property=\"og:locale\" content=\"de_DE\" \/>\n<meta property=\"og:type\" content=\"article\" \/>\n<meta property=\"og:title\" content=\"es-15052013 - Allgeier SE\" \/>\n<meta property=\"og:description\" content=\"M\u00fcnchen, 15.05.2013 &#8211; Allgeier SE (ISIN DE0005086300, WKN 508630) konnte im ersten Quartal 2013 (01.01.2013 &#8211; 31.03.2013) den Umsatz weiter steigern, blieb aber im Wesentlichen aufgrund eines nicht zahlungswirksamen Kursverlustes aus der Umrechnung einer langfristigen Dollar-Verbindlichkeit aus dem Erwerb der Nagarro unter dem sehr guten EBITDA des ersten Quartals 2012 zur\u00fcck. Der Allgeier Konzern setzt &hellip;\" \/>\n<meta property=\"og:url\" content=\"https:\/\/www.allgeier.com\/de\/investor-relations\/adhoc-archives\/2013-2\/es-15052013\/\" \/>\n<meta property=\"og:site_name\" content=\"Allgeier SE\" \/>\n<meta property=\"article:modified_time\" content=\"2015-03-13T10:21:57+00:00\" \/>\n<meta name=\"twitter:card\" content=\"summary_large_image\" \/>\n<meta name=\"twitter:label1\" content=\"Gesch\u00e4tzte Lesezeit\" \/>\n\t<meta name=\"twitter:data1\" content=\"2\u00a0Minuten\" \/>\n<script type=\"application\/ld+json\" class=\"yoast-schema-graph\">{\"@context\":\"https:\\\/\\\/schema.org\",\"@graph\":[{\"@type\":\"WebPage\",\"@id\":\"https:\\\/\\\/www.allgeier.com\\\/de\\\/investor-relations\\\/adhoc-archives\\\/2013-2\\\/es-15052013\\\/\",\"url\":\"https:\\\/\\\/www.allgeier.com\\\/de\\\/investor-relations\\\/adhoc-archives\\\/2013-2\\\/es-15052013\\\/\",\"name\":\"es-15052013 - Allgeier SE\",\"isPartOf\":{\"@id\":\"https:\\\/\\\/www.allgeier.com\\\/de\\\/#website\"},\"datePublished\":\"2013-05-15T10:21:05+00:00\",\"dateModified\":\"2015-03-13T10:21:57+00:00\",\"breadcrumb\":{\"@id\":\"https:\\\/\\\/www.allgeier.com\\\/de\\\/investor-relations\\\/adhoc-archives\\\/2013-2\\\/es-15052013\\\/#breadcrumb\"},\"inLanguage\":\"de\",\"potentialAction\":[{\"@type\":\"ReadAction\",\"target\":[\"https:\\\/\\\/www.allgeier.com\\\/de\\\/investor-relations\\\/adhoc-archives\\\/2013-2\\\/es-15052013\\\/\"]}]},{\"@type\":\"BreadcrumbList\",\"@id\":\"https:\\\/\\\/www.allgeier.com\\\/de\\\/investor-relations\\\/adhoc-archives\\\/2013-2\\\/es-15052013\\\/#breadcrumb\",\"itemListElement\":[{\"@type\":\"ListItem\",\"position\":1,\"name\":\"Home\",\"item\":\"https:\\\/\\\/www.allgeier.com\\\/de\\\/\"},{\"@type\":\"ListItem\",\"position\":2,\"name\":\"Investor Relations\",\"item\":\"https:\\\/\\\/www.allgeier.com\\\/de\\\/investor-relations\\\/\"},{\"@type\":\"ListItem\",\"position\":3,\"name\":\"Ad hoc-Archiv\",\"item\":\"https:\\\/\\\/www.allgeier.com\\\/de\\\/investor-relations\\\/adhoc-archives\\\/\"},{\"@type\":\"ListItem\",\"position\":4,\"name\":\"2013\",\"item\":\"https:\\\/\\\/www.allgeier.com\\\/de\\\/investor-relations\\\/adhoc-archives\\\/2013-2\\\/\"},{\"@type\":\"ListItem\",\"position\":5,\"name\":\"es-15052013\"}]},{\"@type\":\"WebSite\",\"@id\":\"https:\\\/\\\/www.allgeier.com\\\/de\\\/#website\",\"url\":\"https:\\\/\\\/www.allgeier.com\\\/de\\\/\",\"name\":\"Allgeier SE\",\"description\":\"Software &amp; IT Services for digital transformation\",\"potentialAction\":[{\"@type\":\"SearchAction\",\"target\":{\"@type\":\"EntryPoint\",\"urlTemplate\":\"https:\\\/\\\/www.allgeier.com\\\/de\\\/?s={search_term_string}\"},\"query-input\":{\"@type\":\"PropertyValueSpecification\",\"valueRequired\":true,\"valueName\":\"search_term_string\"}}],\"inLanguage\":\"de\"}]}<\/script>\n<!-- \/ Yoast SEO plugin. -->","yoast_head_json":{"title":"es-15052013 - Allgeier SE","robots":{"index":"index","follow":"follow","max-snippet":"max-snippet:-1","max-image-preview":"max-image-preview:large","max-video-preview":"max-video-preview:-1"},"canonical":"https:\/\/www.allgeier.com\/de\/investor-relations\/adhoc-archives\/2013-2\/es-15052013\/","og_locale":"de_DE","og_type":"article","og_title":"es-15052013 - Allgeier SE","og_description":"M\u00fcnchen, 15.05.2013 &#8211; Allgeier SE (ISIN DE0005086300, WKN 508630) konnte im ersten Quartal 2013 (01.01.2013 &#8211; 31.03.2013) den Umsatz weiter steigern, blieb aber im Wesentlichen aufgrund eines nicht zahlungswirksamen Kursverlustes aus der Umrechnung einer langfristigen Dollar-Verbindlichkeit aus dem Erwerb der Nagarro unter dem sehr guten EBITDA des ersten Quartals 2012 zur\u00fcck. Der Allgeier Konzern setzt &hellip;","og_url":"https:\/\/www.allgeier.com\/de\/investor-relations\/adhoc-archives\/2013-2\/es-15052013\/","og_site_name":"Allgeier SE","article_modified_time":"2015-03-13T10:21:57+00:00","twitter_card":"summary_large_image","twitter_misc":{"Gesch\u00e4tzte Lesezeit":"2\u00a0Minuten"},"schema":{"@context":"https:\/\/schema.org","@graph":[{"@type":"WebPage","@id":"https:\/\/www.allgeier.com\/de\/investor-relations\/adhoc-archives\/2013-2\/es-15052013\/","url":"https:\/\/www.allgeier.com\/de\/investor-relations\/adhoc-archives\/2013-2\/es-15052013\/","name":"es-15052013 - Allgeier SE","isPartOf":{"@id":"https:\/\/www.allgeier.com\/de\/#website"},"datePublished":"2013-05-15T10:21:05+00:00","dateModified":"2015-03-13T10:21:57+00:00","breadcrumb":{"@id":"https:\/\/www.allgeier.com\/de\/investor-relations\/adhoc-archives\/2013-2\/es-15052013\/#breadcrumb"},"inLanguage":"de","potentialAction":[{"@type":"ReadAction","target":["https:\/\/www.allgeier.com\/de\/investor-relations\/adhoc-archives\/2013-2\/es-15052013\/"]}]},{"@type":"BreadcrumbList","@id":"https:\/\/www.allgeier.com\/de\/investor-relations\/adhoc-archives\/2013-2\/es-15052013\/#breadcrumb","itemListElement":[{"@type":"ListItem","position":1,"name":"Home","item":"https:\/\/www.allgeier.com\/de\/"},{"@type":"ListItem","position":2,"name":"Investor Relations","item":"https:\/\/www.allgeier.com\/de\/investor-relations\/"},{"@type":"ListItem","position":3,"name":"Ad hoc-Archiv","item":"https:\/\/www.allgeier.com\/de\/investor-relations\/adhoc-archives\/"},{"@type":"ListItem","position":4,"name":"2013","item":"https:\/\/www.allgeier.com\/de\/investor-relations\/adhoc-archives\/2013-2\/"},{"@type":"ListItem","position":5,"name":"es-15052013"}]},{"@type":"WebSite","@id":"https:\/\/www.allgeier.com\/de\/#website","url":"https:\/\/www.allgeier.com\/de\/","name":"Allgeier SE","description":"Software &amp; IT Services for digital transformation","potentialAction":[{"@type":"SearchAction","target":{"@type":"EntryPoint","urlTemplate":"https:\/\/www.allgeier.com\/de\/?s={search_term_string}"},"query-input":{"@type":"PropertyValueSpecification","valueRequired":true,"valueName":"search_term_string"}}],"inLanguage":"de"}]}},"_links":{"self":[{"href":"https:\/\/www.allgeier.com\/de\/wp-json\/wp\/v2\/pages\/1301","targetHints":{"allow":["GET"]}}],"collection":[{"href":"https:\/\/www.allgeier.com\/de\/wp-json\/wp\/v2\/pages"}],"about":[{"href":"https:\/\/www.allgeier.com\/de\/wp-json\/wp\/v2\/types\/page"}],"author":[{"embeddable":true,"href":"https:\/\/www.allgeier.com\/de\/wp-json\/wp\/v2\/users\/1"}],"replies":[{"embeddable":true,"href":"https:\/\/www.allgeier.com\/de\/wp-json\/wp\/v2\/comments?post=1301"}],"version-history":[{"count":0,"href":"https:\/\/www.allgeier.com\/de\/wp-json\/wp\/v2\/pages\/1301\/revisions"}],"up":[{"embeddable":true,"href":"https:\/\/www.allgeier.com\/de\/wp-json\/wp\/v2\/pages\/558"}],"wp:attachment":[{"href":"https:\/\/www.allgeier.com\/de\/wp-json\/wp\/v2\/media?parent=1301"}],"wp:term":[{"taxonomy":"category","embeddable":true,"href":"https:\/\/www.allgeier.com\/de\/wp-json\/wp\/v2\/categories?post=1301"},{"taxonomy":"post_tag","embeddable":true,"href":"https:\/\/www.allgeier.com\/de\/wp-json\/wp\/v2\/tags?post=1301"}],"curies":[{"name":"wp","href":"https:\/\/api.w.org\/{rel}","templated":true}]}}