{"id":1338,"date":"2014-08-28T10:56:31","date_gmt":"2014-08-28T10:56:31","guid":{"rendered":"http:\/\/www.allgeier.com\/de\/?page_id=1338"},"modified":"2025-02-05T18:25:33","modified_gmt":"2025-02-05T18:25:33","slug":"28082014-2","status":"publish","type":"page","link":"https:\/\/www.allgeier.com\/de\/pressroom\/press-releases\/28082014-2\/","title":{"rendered":"28082014"},"content":{"rendered":"<p><em>Bremen, 28.08.14 \u2013<\/em><b> Bei der allj\u00e4hrlichen Markterhebung \u201eBestes Systemhaus des Jahres\u201c der IT-Fachzeitschriften Channelpartner und COMPUTERWOCHE ist die Allgeier erneut zu einem der besten IT-Dienstleister gew\u00e4hlt worden.\u00a0Allgeier wurde damit nach dem ersten Platz im Vorjahr erneut mit Platz 2 als eines der kundenfreundlichsten unter den gro\u00dfen IT-Dienstleistern ausgezeichnet.<\/b><\/p>\n<p>Erneut haben sich die Kunden damit f\u00fcr die Arbeit der Allgeier ausgesprochen. Im dritten Jahr in Folge setzte sich das M\u00fcnchner IT-Unternehmen Allgeier gegen die Konkurrenz durch und belegte einen Platz unter den Top 3. \u201eWir sind sehr erfreut \u00fcber die wiederholt gute Auszeichnung durch unsere Kunden\u201c, sagt Sascha Sambach, Gesch\u00e4ftsf\u00fchrer des Allgeier-Unternehmens BSH IT Solutions. \u201eDie BSH IT Solutions ist ein klassischer IT-Infrastruktur-Provider, der seinen Kunden auch eigene &#8211; teils mit Allgeier Applikationen veredelte &#8211; Cloud und Managed Services zur Verf\u00fcgung stellt. Somit haben sich auch besonders viele BSH-Kunden f\u00fcr die Dienstleistungen der Allgeier ausgesprochen. Wir m\u00f6chten uns bei unseren Kunden und Partnern f\u00fcr das entgegengebrachte Vertrauen bedanken.\u201c<\/p>\n<p>In der j\u00e4hrlich von den Branchenmagazinen COMPUTERWOCHE und ChannelPartner durchgef\u00fchrten Befragung wurde die Kundenfreundlichkeit von IT-Dienstleistern unter knapp 2.800 Anwendern erfasst. Dazu urteilten die Anwender u.a. in den Bereichen Anwendungssoftware, Software-Infrastruktur, IT-Sicherheit, Mobility sowie Managed Services &amp; Cloud \u00fcber die Qualit\u00e4t ihres Partners. Dar\u00fcber hinaus ist \u00fcber die Zufriedenheit das durch den Partner realisierte Projekt abgefragt worden. Hier flossen unter anderem die Projektbetreuung, Termintreue, Fachkompetenz sowie das Preis-Leistungsverh\u00e4ltnis in die Benotung mit ein. Allgeier hat die Auszeichnung am vergangenen Mittwochabend im Rahmen des ChannelPartner Systemhauskongress in D\u00fcsseldorf entgegengenommen.<\/p>\n<p>Allgeier setzt innerhalb der Gruppe vorrangig auf wachstumsstarke Zukunftsfelder mit \u00fcberdurchschnittlichem Entwicklungspotenzial. So wurde erst k\u00fcrzlich das Unternehmen Metasonic erworben, dass mit der Metasonic\u00ae Suite eine Business Software der n\u00e4chsten Generation anbietet. Damit ist jeder Anwender in der Lage, seine Applikationen selbst zu erstellen und sich effektiv, schnell sowie kontinuierlich an die sich st\u00e4ndig \u00e4ndernden Marktanforderungen anzupassen.<\/p>\n<p><b>\u00dcber Allgeier IT Solutions<\/b><\/p>\n<p>Allgeier ist eines der f\u00fchrenden IT-Unternehmen f\u00fcr Business Performance: Mit einer auf Innovationen und Zukunftstrends ausgerichteten Wachstumsstrategie sowie einem integrativen unternehmerischen Modell verbindet Allgeier die Vorteile eines internationalen Anbieters mit den Tugenden mittelst\u00e4ndischer Unternehmer. Operative Divisionen mit individuellen fachlichen oder branchenbezogenen Schwerpunkten arbeiten gemeinsam f\u00fcr \u00fcber 2.000 Kunden aus nahezu allen Branchen. Mit \u00fcber 5.100 angestellten Mitarbeitern und mehr als 1.200 freiberuflichen Experten bietet Allgeier den Kunden als One-Stop-Shop ein umfassendes L\u00f6sungs- und Leistungsportfolio. Zu den Kunden von Allgeier z\u00e4hlen global arbeitende Konzerne genauso wie innovative mittelst\u00e4ndische Betriebe, die sich durch leistungsstarke IT-L\u00f6sungen, intelligente Software und flexible Personaldienstleistungen strategische Vorteile sichern wollen. Die stark wachsende Gruppe mit Hauptsitz in M\u00fcnchen verf\u00fcgt \u00fcber mehr als 90 Niederlassungen im deutschsprachigen Raum, im \u00fcbrigen Europa sowie in Indien, Mexiko und den USA. 2013 erzielte Allgeier einen Umsatz von 478 Mio. Euro. Allgeier SE belegt in der L\u00fcnendonk\u00ae-Liste 2014 \u201eF\u00fchrende deut\u00adsche mittelst\u00e4ndische IT-Beratungs- und Systemintegrations-Un\u00adternehmen\u201c den ersten Platz. Die Gesellschaft ist am Regulierten Markt der Frankfurter Wertpapierb\u00f6rse im General Standard gelistet (WKN 508630, ISIN DE0005086300). Weitere Informationen unter: <a href=\"http:\/\/allgeier.com\/\">www.allgeier.com<\/a>.<\/p>\n","protected":false},"excerpt":{"rendered":"<p>Bremen, 28.08.14 \u2013 Bei der allj\u00e4hrlichen Markterhebung \u201eBestes Systemhaus des Jahres\u201c der IT-Fachzeitschriften Channelpartner und COMPUTERWOCHE ist die Allgeier erneut zu einem der besten IT-Dienstleister gew\u00e4hlt worden.\u00a0Allgeier wurde damit nach dem ersten Platz im Vorjahr erneut mit Platz 2 als eines der kundenfreundlichsten unter den gro\u00dfen IT-Dienstleistern ausgezeichnet. Erneut haben sich die Kunden damit f\u00fcr &hellip; <\/p>\n","protected":false},"author":1,"featured_media":0,"parent":1169,"menu_order":0,"comment_status":"open","ping_status":"open","template":"","meta":{"_acf_changed":false,"footnotes":""},"categories":[7],"tags":[],"class_list":["post-1338","page","type-page","status-publish","hentry","category-pressemitteilungen"],"acf":[],"yoast_head":"<!-- This site is optimized with the Yoast SEO plugin v27.4 - https:\/\/yoast.com\/product\/yoast-seo-wordpress\/ -->\n<title>28082014 - Allgeier SE<\/title>\n<meta name=\"robots\" content=\"index, follow, max-snippet:-1, max-image-preview:large, max-video-preview:-1\" \/>\n<link rel=\"canonical\" href=\"https:\/\/www.allgeier.com\/de\/pressroom\/press-releases\/28082014-2\/\" \/>\n<meta property=\"og:locale\" content=\"de_DE\" \/>\n<meta property=\"og:type\" content=\"article\" \/>\n<meta property=\"og:title\" content=\"28082014 - Allgeier SE\" \/>\n<meta property=\"og:description\" content=\"Bremen, 28.08.14 \u2013 Bei der allj\u00e4hrlichen Markterhebung \u201eBestes Systemhaus des Jahres\u201c der IT-Fachzeitschriften Channelpartner und COMPUTERWOCHE ist die Allgeier erneut zu einem der besten IT-Dienstleister gew\u00e4hlt worden.\u00a0Allgeier wurde damit nach dem ersten Platz im Vorjahr erneut mit Platz 2 als eines der kundenfreundlichsten unter den gro\u00dfen IT-Dienstleistern ausgezeichnet. Erneut haben sich die Kunden damit f\u00fcr &hellip;\" \/>\n<meta property=\"og:url\" content=\"https:\/\/www.allgeier.com\/de\/pressroom\/press-releases\/28082014-2\/\" \/>\n<meta property=\"og:site_name\" content=\"Allgeier SE\" \/>\n<meta property=\"article:modified_time\" content=\"2025-02-05T18:25:33+00:00\" \/>\n<meta name=\"twitter:card\" content=\"summary_large_image\" \/>\n<meta name=\"twitter:label1\" content=\"Gesch\u00e4tzte Lesezeit\" \/>\n\t<meta name=\"twitter:data1\" content=\"3\u00a0Minuten\" \/>\n<script type=\"application\/ld+json\" class=\"yoast-schema-graph\">{\"@context\":\"https:\\\/\\\/schema.org\",\"@graph\":[{\"@type\":\"WebPage\",\"@id\":\"https:\\\/\\\/www.allgeier.com\\\/de\\\/pressroom\\\/press-releases\\\/28082014-2\\\/\",\"url\":\"https:\\\/\\\/www.allgeier.com\\\/de\\\/pressroom\\\/press-releases\\\/28082014-2\\\/\",\"name\":\"28082014 - Allgeier SE\",\"isPartOf\":{\"@id\":\"https:\\\/\\\/www.allgeier.com\\\/de\\\/#website\"},\"datePublished\":\"2014-08-28T10:56:31+00:00\",\"dateModified\":\"2025-02-05T18:25:33+00:00\",\"breadcrumb\":{\"@id\":\"https:\\\/\\\/www.allgeier.com\\\/de\\\/pressroom\\\/press-releases\\\/28082014-2\\\/#breadcrumb\"},\"inLanguage\":\"de\",\"potentialAction\":[{\"@type\":\"ReadAction\",\"target\":[\"https:\\\/\\\/www.allgeier.com\\\/de\\\/pressroom\\\/press-releases\\\/28082014-2\\\/\"]}]},{\"@type\":\"BreadcrumbList\",\"@id\":\"https:\\\/\\\/www.allgeier.com\\\/de\\\/pressroom\\\/press-releases\\\/28082014-2\\\/#breadcrumb\",\"itemListElement\":[{\"@type\":\"ListItem\",\"position\":1,\"name\":\"Home\",\"item\":\"https:\\\/\\\/www.allgeier.com\\\/de\\\/\"},{\"@type\":\"ListItem\",\"position\":2,\"name\":\"Presse\",\"item\":\"https:\\\/\\\/www.allgeier.com\\\/de\\\/pressroom\\\/\"},{\"@type\":\"ListItem\",\"position\":3,\"name\":\"Pressemitteilungen\",\"item\":\"https:\\\/\\\/www.allgeier.com\\\/de\\\/pressroom\\\/press-releases\\\/\"},{\"@type\":\"ListItem\",\"position\":4,\"name\":\"28082014\"}]},{\"@type\":\"WebSite\",\"@id\":\"https:\\\/\\\/www.allgeier.com\\\/de\\\/#website\",\"url\":\"https:\\\/\\\/www.allgeier.com\\\/de\\\/\",\"name\":\"Allgeier SE\",\"description\":\"Software &amp; IT Services for digital transformation\",\"potentialAction\":[{\"@type\":\"SearchAction\",\"target\":{\"@type\":\"EntryPoint\",\"urlTemplate\":\"https:\\\/\\\/www.allgeier.com\\\/de\\\/?s={search_term_string}\"},\"query-input\":{\"@type\":\"PropertyValueSpecification\",\"valueRequired\":true,\"valueName\":\"search_term_string\"}}],\"inLanguage\":\"de\"}]}<\/script>\n<!-- \/ Yoast SEO plugin. -->","yoast_head_json":{"title":"28082014 - Allgeier SE","robots":{"index":"index","follow":"follow","max-snippet":"max-snippet:-1","max-image-preview":"max-image-preview:large","max-video-preview":"max-video-preview:-1"},"canonical":"https:\/\/www.allgeier.com\/de\/pressroom\/press-releases\/28082014-2\/","og_locale":"de_DE","og_type":"article","og_title":"28082014 - Allgeier SE","og_description":"Bremen, 28.08.14 \u2013 Bei der allj\u00e4hrlichen Markterhebung \u201eBestes Systemhaus des Jahres\u201c der IT-Fachzeitschriften Channelpartner und COMPUTERWOCHE ist die Allgeier erneut zu einem der besten IT-Dienstleister gew\u00e4hlt worden.\u00a0Allgeier wurde damit nach dem ersten Platz im Vorjahr erneut mit Platz 2 als eines der kundenfreundlichsten unter den gro\u00dfen IT-Dienstleistern ausgezeichnet. Erneut haben sich die Kunden damit f\u00fcr &hellip;","og_url":"https:\/\/www.allgeier.com\/de\/pressroom\/press-releases\/28082014-2\/","og_site_name":"Allgeier SE","article_modified_time":"2025-02-05T18:25:33+00:00","twitter_card":"summary_large_image","twitter_misc":{"Gesch\u00e4tzte Lesezeit":"3\u00a0Minuten"},"schema":{"@context":"https:\/\/schema.org","@graph":[{"@type":"WebPage","@id":"https:\/\/www.allgeier.com\/de\/pressroom\/press-releases\/28082014-2\/","url":"https:\/\/www.allgeier.com\/de\/pressroom\/press-releases\/28082014-2\/","name":"28082014 - Allgeier SE","isPartOf":{"@id":"https:\/\/www.allgeier.com\/de\/#website"},"datePublished":"2014-08-28T10:56:31+00:00","dateModified":"2025-02-05T18:25:33+00:00","breadcrumb":{"@id":"https:\/\/www.allgeier.com\/de\/pressroom\/press-releases\/28082014-2\/#breadcrumb"},"inLanguage":"de","potentialAction":[{"@type":"ReadAction","target":["https:\/\/www.allgeier.com\/de\/pressroom\/press-releases\/28082014-2\/"]}]},{"@type":"BreadcrumbList","@id":"https:\/\/www.allgeier.com\/de\/pressroom\/press-releases\/28082014-2\/#breadcrumb","itemListElement":[{"@type":"ListItem","position":1,"name":"Home","item":"https:\/\/www.allgeier.com\/de\/"},{"@type":"ListItem","position":2,"name":"Presse","item":"https:\/\/www.allgeier.com\/de\/pressroom\/"},{"@type":"ListItem","position":3,"name":"Pressemitteilungen","item":"https:\/\/www.allgeier.com\/de\/pressroom\/press-releases\/"},{"@type":"ListItem","position":4,"name":"28082014"}]},{"@type":"WebSite","@id":"https:\/\/www.allgeier.com\/de\/#website","url":"https:\/\/www.allgeier.com\/de\/","name":"Allgeier SE","description":"Software &amp; IT Services for digital transformation","potentialAction":[{"@type":"SearchAction","target":{"@type":"EntryPoint","urlTemplate":"https:\/\/www.allgeier.com\/de\/?s={search_term_string}"},"query-input":{"@type":"PropertyValueSpecification","valueRequired":true,"valueName":"search_term_string"}}],"inLanguage":"de"}]}},"_links":{"self":[{"href":"https:\/\/www.allgeier.com\/de\/wp-json\/wp\/v2\/pages\/1338","targetHints":{"allow":["GET"]}}],"collection":[{"href":"https:\/\/www.allgeier.com\/de\/wp-json\/wp\/v2\/pages"}],"about":[{"href":"https:\/\/www.allgeier.com\/de\/wp-json\/wp\/v2\/types\/page"}],"author":[{"embeddable":true,"href":"https:\/\/www.allgeier.com\/de\/wp-json\/wp\/v2\/users\/1"}],"replies":[{"embeddable":true,"href":"https:\/\/www.allgeier.com\/de\/wp-json\/wp\/v2\/comments?post=1338"}],"version-history":[{"count":0,"href":"https:\/\/www.allgeier.com\/de\/wp-json\/wp\/v2\/pages\/1338\/revisions"}],"up":[{"embeddable":true,"href":"https:\/\/www.allgeier.com\/de\/wp-json\/wp\/v2\/pages\/1169"}],"wp:attachment":[{"href":"https:\/\/www.allgeier.com\/de\/wp-json\/wp\/v2\/media?parent=1338"}],"wp:term":[{"taxonomy":"category","embeddable":true,"href":"https:\/\/www.allgeier.com\/de\/wp-json\/wp\/v2\/categories?post=1338"},{"taxonomy":"post_tag","embeddable":true,"href":"https:\/\/www.allgeier.com\/de\/wp-json\/wp\/v2\/tags?post=1338"}],"curies":[{"name":"wp","href":"https:\/\/api.w.org\/{rel}","templated":true}]}}