{"id":1353,"date":"2011-11-10T11:03:06","date_gmt":"2011-11-10T11:03:06","guid":{"rendered":"http:\/\/www.allgeier.com\/de\/?page_id=1353"},"modified":"2015-03-13T11:04:11","modified_gmt":"2015-03-13T11:04:11","slug":"november-10-2011","status":"publish","type":"page","link":"https:\/\/www.allgeier.com\/de\/investor-relations\/adhoc-archives\/2011-2\/november-10-2011\/","title":{"rendered":"november-10-2011"},"content":{"rendered":"<p>Die Allgeier Holding AG (ISIN DE000508630 \/ WKN 508630) konnte in den ersten neun Monaten des laufenden Gesch\u00e4ftsjahres 2011 (01.01.2011 &#8211; 30.09.2011) den Umsatz wie auch das Ergebnis im Konzern nach IFRS erneut deutlich steigern.<\/p>\n<p>Der Umsatz stieg in den ersten neun Monaten um 24% auf 265,7 Mio. EUR (Vorjahr: 215,1 Mio. EUR). Das EBITA (Ergebnis vor Abschreibungen auf Kaufpreis-Allokationen, Kaufpreisanpassungen, Zinsen und Steuern) wuchs um 30% auf 12,0 Mio. EUR (Vorjahr: 9,2 Mio. EUR). Das EBIT (Ergebnis vor Zinsen und Steuern) stieg im Berichtszeitraum um 38% auf 8,7 Mio. EUR (Vorjahr: 6,3 Mio. EUR). Das Ergebnis wurde im Berichtszeitraum von einem einmaligen Reorganisationsaufwand bei einer Gruppengesellschaft in H\u00f6he von 0,8 Mio. EUR belastet.<\/p>\n<p>Im dritten Quartal 2011 (01.07.2011 &#8211; 30.09.2011) erzielte Allgeier einen Umsatz von 94,6 Mio. EUR (Q3 2010: 81,3 Mio. EUR), was einem Anstieg von 16% entspricht. Das EBITA betrug im dritten Quartal 2011 4,5 Mio. EUR (Q3 2010: 5,0 Mio. EUR), das EBIT lag im Berichtsquartal bei 3,5 Mio. EUR (Q3 2010: 3,6 Mio. EUR).<\/p>\n<p>Das EBITA im dritten Quartal war durch au\u00dferordentliche Effekte aus W\u00e4hrungsdifferenzen im Zusammenhang mit der Bilanzierung von Earnout-Verpflichtungen in H\u00f6he von 0,6 Mio. EUR und durch nach IFRS nicht aktivierte Anschaffungsnebenkosten im Zuge der Akquisition der Nagarro in H\u00f6he von 0,4 Mio. EUR belastet. Bereinigt um diese Positionen ergibt sich ein operatives EBITA von 5,5 Mio. EUR und damit ein Plus von 10% zum Vorjahresquartal.<\/p>\n<p>Das EBIT war dar\u00fcber hinaus durch die im dritten Quartal 2011 get\u00e4tigten Akquisitionen beeinflusst, deren Abschreibungen auf aktivierte immaterielle Verm\u00f6genswerte auf 1,9 Mio. EUR (Q3 2010: 1,3 Mio. EUR) stiegen. Zudem entstand ein au\u00dferordentlicher Ertrag von 1,0 Mio. EUR aufgrund von Kaufpreisanpassungen von im Gesch\u00e4ftsjahr 2010 erworbenen Unternehmen. Bereinigt um diese Effekte liegt das EBIT bei 4,1 Mio. EUR, was einer Steigerung von 14% zum Vorjahresquartal entspricht.<\/p>\n<p>Die Bilanzsumme des Allgeier Konzerns stieg von 204,1 Mio. EUR am 31. Dezember 2010 um 34,5 Mio. EUR auf 238,6 Mio. EUR am 30. September 2011. Das Eigenkapital wuchs von 85,5 Mio. EUR am 31. Dezember 2010 auf 86,9 Mio. EUR am 30. September 2011. Die Eigenkapitalquote betr\u00e4gt zum Berichtsstichtag 36,4% (Eigenkapitalquote am 31.12.2010: 41,9%).<\/p>\n<p>Die Zwischenmitteilung zum 30. September 2011 ist unter <a href=\"https:\/\/www.allgeier.com\/\" target=\"_blank\">www.allgeier.com<\/a> einzusehen.<\/p>\n","protected":false},"excerpt":{"rendered":"<p>Die Allgeier Holding AG (ISIN DE000508630 \/ WKN 508630) konnte in den ersten neun Monaten des laufenden Gesch\u00e4ftsjahres 2011 (01.01.2011 &#8211; 30.09.2011) den Umsatz wie auch das Ergebnis im Konzern nach IFRS erneut deutlich steigern. Der Umsatz stieg in den ersten neun Monaten um 24% auf 265,7 Mio. EUR (Vorjahr: 215,1 Mio. EUR). Das EBITA &hellip; <\/p>\n","protected":false},"author":1,"featured_media":0,"parent":554,"menu_order":0,"comment_status":"open","ping_status":"open","template":"","meta":{"_acf_changed":false,"footnotes":""},"categories":[],"tags":[],"class_list":["post-1353","page","type-page","status-publish","hentry"],"acf":[],"yoast_head":"<!-- This site is optimized with the Yoast SEO plugin v27.4 - https:\/\/yoast.com\/product\/yoast-seo-wordpress\/ -->\n<title>november-10-2011 - Allgeier SE<\/title>\n<meta name=\"robots\" content=\"index, follow, max-snippet:-1, max-image-preview:large, max-video-preview:-1\" \/>\n<link rel=\"canonical\" href=\"https:\/\/www.allgeier.com\/de\/investor-relations\/adhoc-archives\/2011-2\/november-10-2011\/\" \/>\n<meta property=\"og:locale\" content=\"de_DE\" \/>\n<meta property=\"og:type\" content=\"article\" \/>\n<meta property=\"og:title\" content=\"november-10-2011 - Allgeier SE\" \/>\n<meta property=\"og:description\" content=\"Die Allgeier Holding AG (ISIN DE000508630 \/ WKN 508630) konnte in den ersten neun Monaten des laufenden Gesch\u00e4ftsjahres 2011 (01.01.2011 &#8211; 30.09.2011) den Umsatz wie auch das Ergebnis im Konzern nach IFRS erneut deutlich steigern. Der Umsatz stieg in den ersten neun Monaten um 24% auf 265,7 Mio. EUR (Vorjahr: 215,1 Mio. EUR). Das EBITA &hellip;\" \/>\n<meta property=\"og:url\" content=\"https:\/\/www.allgeier.com\/de\/investor-relations\/adhoc-archives\/2011-2\/november-10-2011\/\" \/>\n<meta property=\"og:site_name\" content=\"Allgeier SE\" \/>\n<meta property=\"article:modified_time\" content=\"2015-03-13T11:04:11+00:00\" \/>\n<meta name=\"twitter:card\" content=\"summary_large_image\" \/>\n<meta name=\"twitter:label1\" content=\"Gesch\u00e4tzte Lesezeit\" \/>\n\t<meta name=\"twitter:data1\" content=\"2\u00a0Minuten\" \/>\n<script type=\"application\/ld+json\" class=\"yoast-schema-graph\">{\"@context\":\"https:\\\/\\\/schema.org\",\"@graph\":[{\"@type\":\"WebPage\",\"@id\":\"https:\\\/\\\/www.allgeier.com\\\/de\\\/investor-relations\\\/adhoc-archives\\\/2011-2\\\/november-10-2011\\\/\",\"url\":\"https:\\\/\\\/www.allgeier.com\\\/de\\\/investor-relations\\\/adhoc-archives\\\/2011-2\\\/november-10-2011\\\/\",\"name\":\"november-10-2011 - Allgeier SE\",\"isPartOf\":{\"@id\":\"https:\\\/\\\/www.allgeier.com\\\/de\\\/#website\"},\"datePublished\":\"2011-11-10T11:03:06+00:00\",\"dateModified\":\"2015-03-13T11:04:11+00:00\",\"breadcrumb\":{\"@id\":\"https:\\\/\\\/www.allgeier.com\\\/de\\\/investor-relations\\\/adhoc-archives\\\/2011-2\\\/november-10-2011\\\/#breadcrumb\"},\"inLanguage\":\"de\",\"potentialAction\":[{\"@type\":\"ReadAction\",\"target\":[\"https:\\\/\\\/www.allgeier.com\\\/de\\\/investor-relations\\\/adhoc-archives\\\/2011-2\\\/november-10-2011\\\/\"]}]},{\"@type\":\"BreadcrumbList\",\"@id\":\"https:\\\/\\\/www.allgeier.com\\\/de\\\/investor-relations\\\/adhoc-archives\\\/2011-2\\\/november-10-2011\\\/#breadcrumb\",\"itemListElement\":[{\"@type\":\"ListItem\",\"position\":1,\"name\":\"Home\",\"item\":\"https:\\\/\\\/www.allgeier.com\\\/de\\\/\"},{\"@type\":\"ListItem\",\"position\":2,\"name\":\"Investor Relations\",\"item\":\"https:\\\/\\\/www.allgeier.com\\\/de\\\/investor-relations\\\/\"},{\"@type\":\"ListItem\",\"position\":3,\"name\":\"Ad hoc-Archiv\",\"item\":\"https:\\\/\\\/www.allgeier.com\\\/de\\\/investor-relations\\\/adhoc-archives\\\/\"},{\"@type\":\"ListItem\",\"position\":4,\"name\":\"2011\",\"item\":\"https:\\\/\\\/www.allgeier.com\\\/de\\\/investor-relations\\\/adhoc-archives\\\/2011-2\\\/\"},{\"@type\":\"ListItem\",\"position\":5,\"name\":\"november-10-2011\"}]},{\"@type\":\"WebSite\",\"@id\":\"https:\\\/\\\/www.allgeier.com\\\/de\\\/#website\",\"url\":\"https:\\\/\\\/www.allgeier.com\\\/de\\\/\",\"name\":\"Allgeier SE\",\"description\":\"Software &amp; IT Services for digital transformation\",\"potentialAction\":[{\"@type\":\"SearchAction\",\"target\":{\"@type\":\"EntryPoint\",\"urlTemplate\":\"https:\\\/\\\/www.allgeier.com\\\/de\\\/?s={search_term_string}\"},\"query-input\":{\"@type\":\"PropertyValueSpecification\",\"valueRequired\":true,\"valueName\":\"search_term_string\"}}],\"inLanguage\":\"de\"}]}<\/script>\n<!-- \/ Yoast SEO plugin. -->","yoast_head_json":{"title":"november-10-2011 - Allgeier SE","robots":{"index":"index","follow":"follow","max-snippet":"max-snippet:-1","max-image-preview":"max-image-preview:large","max-video-preview":"max-video-preview:-1"},"canonical":"https:\/\/www.allgeier.com\/de\/investor-relations\/adhoc-archives\/2011-2\/november-10-2011\/","og_locale":"de_DE","og_type":"article","og_title":"november-10-2011 - Allgeier SE","og_description":"Die Allgeier Holding AG (ISIN DE000508630 \/ WKN 508630) konnte in den ersten neun Monaten des laufenden Gesch\u00e4ftsjahres 2011 (01.01.2011 &#8211; 30.09.2011) den Umsatz wie auch das Ergebnis im Konzern nach IFRS erneut deutlich steigern. Der Umsatz stieg in den ersten neun Monaten um 24% auf 265,7 Mio. EUR (Vorjahr: 215,1 Mio. EUR). Das EBITA &hellip;","og_url":"https:\/\/www.allgeier.com\/de\/investor-relations\/adhoc-archives\/2011-2\/november-10-2011\/","og_site_name":"Allgeier SE","article_modified_time":"2015-03-13T11:04:11+00:00","twitter_card":"summary_large_image","twitter_misc":{"Gesch\u00e4tzte Lesezeit":"2\u00a0Minuten"},"schema":{"@context":"https:\/\/schema.org","@graph":[{"@type":"WebPage","@id":"https:\/\/www.allgeier.com\/de\/investor-relations\/adhoc-archives\/2011-2\/november-10-2011\/","url":"https:\/\/www.allgeier.com\/de\/investor-relations\/adhoc-archives\/2011-2\/november-10-2011\/","name":"november-10-2011 - Allgeier SE","isPartOf":{"@id":"https:\/\/www.allgeier.com\/de\/#website"},"datePublished":"2011-11-10T11:03:06+00:00","dateModified":"2015-03-13T11:04:11+00:00","breadcrumb":{"@id":"https:\/\/www.allgeier.com\/de\/investor-relations\/adhoc-archives\/2011-2\/november-10-2011\/#breadcrumb"},"inLanguage":"de","potentialAction":[{"@type":"ReadAction","target":["https:\/\/www.allgeier.com\/de\/investor-relations\/adhoc-archives\/2011-2\/november-10-2011\/"]}]},{"@type":"BreadcrumbList","@id":"https:\/\/www.allgeier.com\/de\/investor-relations\/adhoc-archives\/2011-2\/november-10-2011\/#breadcrumb","itemListElement":[{"@type":"ListItem","position":1,"name":"Home","item":"https:\/\/www.allgeier.com\/de\/"},{"@type":"ListItem","position":2,"name":"Investor Relations","item":"https:\/\/www.allgeier.com\/de\/investor-relations\/"},{"@type":"ListItem","position":3,"name":"Ad hoc-Archiv","item":"https:\/\/www.allgeier.com\/de\/investor-relations\/adhoc-archives\/"},{"@type":"ListItem","position":4,"name":"2011","item":"https:\/\/www.allgeier.com\/de\/investor-relations\/adhoc-archives\/2011-2\/"},{"@type":"ListItem","position":5,"name":"november-10-2011"}]},{"@type":"WebSite","@id":"https:\/\/www.allgeier.com\/de\/#website","url":"https:\/\/www.allgeier.com\/de\/","name":"Allgeier SE","description":"Software &amp; IT Services for digital transformation","potentialAction":[{"@type":"SearchAction","target":{"@type":"EntryPoint","urlTemplate":"https:\/\/www.allgeier.com\/de\/?s={search_term_string}"},"query-input":{"@type":"PropertyValueSpecification","valueRequired":true,"valueName":"search_term_string"}}],"inLanguage":"de"}]}},"_links":{"self":[{"href":"https:\/\/www.allgeier.com\/de\/wp-json\/wp\/v2\/pages\/1353","targetHints":{"allow":["GET"]}}],"collection":[{"href":"https:\/\/www.allgeier.com\/de\/wp-json\/wp\/v2\/pages"}],"about":[{"href":"https:\/\/www.allgeier.com\/de\/wp-json\/wp\/v2\/types\/page"}],"author":[{"embeddable":true,"href":"https:\/\/www.allgeier.com\/de\/wp-json\/wp\/v2\/users\/1"}],"replies":[{"embeddable":true,"href":"https:\/\/www.allgeier.com\/de\/wp-json\/wp\/v2\/comments?post=1353"}],"version-history":[{"count":0,"href":"https:\/\/www.allgeier.com\/de\/wp-json\/wp\/v2\/pages\/1353\/revisions"}],"up":[{"embeddable":true,"href":"https:\/\/www.allgeier.com\/de\/wp-json\/wp\/v2\/pages\/554"}],"wp:attachment":[{"href":"https:\/\/www.allgeier.com\/de\/wp-json\/wp\/v2\/media?parent=1353"}],"wp:term":[{"taxonomy":"category","embeddable":true,"href":"https:\/\/www.allgeier.com\/de\/wp-json\/wp\/v2\/categories?post=1353"},{"taxonomy":"post_tag","embeddable":true,"href":"https:\/\/www.allgeier.com\/de\/wp-json\/wp\/v2\/tags?post=1353"}],"curies":[{"name":"wp","href":"https:\/\/api.w.org\/{rel}","templated":true}]}}