{"id":1356,"date":"2011-08-10T11:05:00","date_gmt":"2011-08-10T11:05:00","guid":{"rendered":"http:\/\/www.allgeier.com\/de\/?page_id=1356"},"modified":"2015-03-13T11:05:41","modified_gmt":"2015-03-13T11:05:41","slug":"august-11-2011","status":"publish","type":"page","link":"https:\/\/www.allgeier.com\/de\/investor-relations\/adhoc-archives\/2011-2\/august-11-2011\/","title":{"rendered":"august-11-2011"},"content":{"rendered":"<p>Die Allgeier Holding AG (ISIN DE000508630 \/ WKN 508630) steigerte auch im ersten Halbjahr 2011 (01.01.2011 &#8211; 30.06.2011) sowohl Umsatz als auch Ergebnis deutlich.<\/p>\n<p>Im ersten Halbjahr 2011 erzielte der Konzern eine Umsatzsteigerung von 28% auf 171,0 Mio. EUR (Vorjahr: 133,7 Mio. EUR). Die Steigerung resultiert zum einen aus einem organischen Wachstum im ersten Halbjahr von 17% (unter Ber\u00fccksichtigung der aus Insolvenz erworbenen Verm\u00f6gensgegenst\u00e4nde der BSH Systemhaus GmbH und des \u00fcbernommenen Gesch\u00e4ftsbereichs IPS Informations- und Prozesssysteme der insolventen MCE Computer Peripherie GmbH). Zum anderen tr\u00e4gt die Vollkonsolidierung der in 2010 erworbenen Gruppengesellschaften BSR &amp; Partner und Terna zum Umsatzwachstum bei. Ab Juni 2011 wurde zudem erstmals die 1eEurope Switzerland AG im Konzern konsolidiert, die im Mai akquiriert wurde. Das EBITDA (Ergebnis vor Zinsen, Steuern und s\u00e4mtlichen Abschreibungen) stieg im ersten Halbjahr um 69% auf 8,8 Mio. EUR (Vorjahr: 5,2 Mio. EUR). Das EBITA (Ergebnis vor Zinsen, Steuern und Abschreibungen auf Kaufpreis-Allokationen) wuchs um 79% auf 7,5 Mio. EUR (Vorjahr: 4,2 Mio. EUR), das EBIT (Ergebnis vor Zinsen und Steuern) legte um 93% auf 5,2 Mio. EUR (Vorjahr: 2,7 Mio. EUR) zu.<\/p>\n<p>Im zweiten Quartal (01.04.2011 &#8211; 30.06.2011) stieg der Umsatz um 22% auf 87,6 Mio. EUR (Vorjahr: 71,7 Mio. EUR). Das EBITA wuchs um 28% auf 3,2 Mio. EUR (Vorjahr: 2,5 Mio. EUR), das EBIT legte um 18% auf 2,0 Mio. EUR (Vorjahr: 1,7 Mio. EUR) zu. Das Ergebnis wurde im zweiten Quartal von einer geringeren Anzahl an Arbeitstagen in diesem Zeitraum belastet. Zudem entstand ein einmaliger Reorganisationsaufwand bei einer Gruppengesellschaft in H\u00f6he von 0,15 Mio. EUR im ersten sowie 0,65 Mio. EUR im zweiten Quartal.<\/p>\n<p>Der Bericht zum 1. Halbjahr 2011 ist unter <a href=\"https:\/\/www.allgeier.com\/\" target=\"_blank\">www.allgeier.com<\/a> einzusehen.<\/p>\n","protected":false},"excerpt":{"rendered":"<p>Die Allgeier Holding AG (ISIN DE000508630 \/ WKN 508630) steigerte auch im ersten Halbjahr 2011 (01.01.2011 &#8211; 30.06.2011) sowohl Umsatz als auch Ergebnis deutlich. Im ersten Halbjahr 2011 erzielte der Konzern eine Umsatzsteigerung von 28% auf 171,0 Mio. EUR (Vorjahr: 133,7 Mio. EUR). Die Steigerung resultiert zum einen aus einem organischen Wachstum im ersten Halbjahr &hellip; <\/p>\n","protected":false},"author":1,"featured_media":0,"parent":554,"menu_order":0,"comment_status":"open","ping_status":"open","template":"","meta":{"_acf_changed":false,"footnotes":""},"categories":[],"tags":[],"class_list":["post-1356","page","type-page","status-publish","hentry"],"acf":[],"yoast_head":"<!-- This site is optimized with the Yoast SEO plugin v27.4 - https:\/\/yoast.com\/product\/yoast-seo-wordpress\/ -->\n<title>august-11-2011 - Allgeier SE<\/title>\n<meta name=\"robots\" content=\"index, follow, max-snippet:-1, max-image-preview:large, max-video-preview:-1\" \/>\n<link rel=\"canonical\" href=\"https:\/\/www.allgeier.com\/de\/investor-relations\/adhoc-archives\/2011-2\/august-11-2011\/\" \/>\n<meta property=\"og:locale\" content=\"de_DE\" \/>\n<meta property=\"og:type\" content=\"article\" \/>\n<meta property=\"og:title\" content=\"august-11-2011 - Allgeier SE\" \/>\n<meta property=\"og:description\" content=\"Die Allgeier Holding AG (ISIN DE000508630 \/ WKN 508630) steigerte auch im ersten Halbjahr 2011 (01.01.2011 &#8211; 30.06.2011) sowohl Umsatz als auch Ergebnis deutlich. Im ersten Halbjahr 2011 erzielte der Konzern eine Umsatzsteigerung von 28% auf 171,0 Mio. EUR (Vorjahr: 133,7 Mio. EUR). Die Steigerung resultiert zum einen aus einem organischen Wachstum im ersten Halbjahr &hellip;\" \/>\n<meta property=\"og:url\" content=\"https:\/\/www.allgeier.com\/de\/investor-relations\/adhoc-archives\/2011-2\/august-11-2011\/\" \/>\n<meta property=\"og:site_name\" content=\"Allgeier SE\" \/>\n<meta property=\"article:modified_time\" content=\"2015-03-13T11:05:41+00:00\" \/>\n<meta name=\"twitter:card\" content=\"summary_large_image\" \/>\n<meta name=\"twitter:label1\" content=\"Gesch\u00e4tzte Lesezeit\" \/>\n\t<meta name=\"twitter:data1\" content=\"1\u00a0Minute\" \/>\n<script type=\"application\/ld+json\" class=\"yoast-schema-graph\">{\"@context\":\"https:\\\/\\\/schema.org\",\"@graph\":[{\"@type\":\"WebPage\",\"@id\":\"https:\\\/\\\/www.allgeier.com\\\/de\\\/investor-relations\\\/adhoc-archives\\\/2011-2\\\/august-11-2011\\\/\",\"url\":\"https:\\\/\\\/www.allgeier.com\\\/de\\\/investor-relations\\\/adhoc-archives\\\/2011-2\\\/august-11-2011\\\/\",\"name\":\"august-11-2011 - Allgeier SE\",\"isPartOf\":{\"@id\":\"https:\\\/\\\/www.allgeier.com\\\/de\\\/#website\"},\"datePublished\":\"2011-08-10T11:05:00+00:00\",\"dateModified\":\"2015-03-13T11:05:41+00:00\",\"breadcrumb\":{\"@id\":\"https:\\\/\\\/www.allgeier.com\\\/de\\\/investor-relations\\\/adhoc-archives\\\/2011-2\\\/august-11-2011\\\/#breadcrumb\"},\"inLanguage\":\"de\",\"potentialAction\":[{\"@type\":\"ReadAction\",\"target\":[\"https:\\\/\\\/www.allgeier.com\\\/de\\\/investor-relations\\\/adhoc-archives\\\/2011-2\\\/august-11-2011\\\/\"]}]},{\"@type\":\"BreadcrumbList\",\"@id\":\"https:\\\/\\\/www.allgeier.com\\\/de\\\/investor-relations\\\/adhoc-archives\\\/2011-2\\\/august-11-2011\\\/#breadcrumb\",\"itemListElement\":[{\"@type\":\"ListItem\",\"position\":1,\"name\":\"Home\",\"item\":\"https:\\\/\\\/www.allgeier.com\\\/de\\\/\"},{\"@type\":\"ListItem\",\"position\":2,\"name\":\"Investor Relations\",\"item\":\"https:\\\/\\\/www.allgeier.com\\\/de\\\/investor-relations\\\/\"},{\"@type\":\"ListItem\",\"position\":3,\"name\":\"Ad hoc-Archiv\",\"item\":\"https:\\\/\\\/www.allgeier.com\\\/de\\\/investor-relations\\\/adhoc-archives\\\/\"},{\"@type\":\"ListItem\",\"position\":4,\"name\":\"2011\",\"item\":\"https:\\\/\\\/www.allgeier.com\\\/de\\\/investor-relations\\\/adhoc-archives\\\/2011-2\\\/\"},{\"@type\":\"ListItem\",\"position\":5,\"name\":\"august-11-2011\"}]},{\"@type\":\"WebSite\",\"@id\":\"https:\\\/\\\/www.allgeier.com\\\/de\\\/#website\",\"url\":\"https:\\\/\\\/www.allgeier.com\\\/de\\\/\",\"name\":\"Allgeier SE\",\"description\":\"Software &amp; IT Services for digital transformation\",\"potentialAction\":[{\"@type\":\"SearchAction\",\"target\":{\"@type\":\"EntryPoint\",\"urlTemplate\":\"https:\\\/\\\/www.allgeier.com\\\/de\\\/?s={search_term_string}\"},\"query-input\":{\"@type\":\"PropertyValueSpecification\",\"valueRequired\":true,\"valueName\":\"search_term_string\"}}],\"inLanguage\":\"de\"}]}<\/script>\n<!-- \/ Yoast SEO plugin. -->","yoast_head_json":{"title":"august-11-2011 - Allgeier SE","robots":{"index":"index","follow":"follow","max-snippet":"max-snippet:-1","max-image-preview":"max-image-preview:large","max-video-preview":"max-video-preview:-1"},"canonical":"https:\/\/www.allgeier.com\/de\/investor-relations\/adhoc-archives\/2011-2\/august-11-2011\/","og_locale":"de_DE","og_type":"article","og_title":"august-11-2011 - Allgeier SE","og_description":"Die Allgeier Holding AG (ISIN DE000508630 \/ WKN 508630) steigerte auch im ersten Halbjahr 2011 (01.01.2011 &#8211; 30.06.2011) sowohl Umsatz als auch Ergebnis deutlich. Im ersten Halbjahr 2011 erzielte der Konzern eine Umsatzsteigerung von 28% auf 171,0 Mio. EUR (Vorjahr: 133,7 Mio. EUR). Die Steigerung resultiert zum einen aus einem organischen Wachstum im ersten Halbjahr &hellip;","og_url":"https:\/\/www.allgeier.com\/de\/investor-relations\/adhoc-archives\/2011-2\/august-11-2011\/","og_site_name":"Allgeier SE","article_modified_time":"2015-03-13T11:05:41+00:00","twitter_card":"summary_large_image","twitter_misc":{"Gesch\u00e4tzte Lesezeit":"1\u00a0Minute"},"schema":{"@context":"https:\/\/schema.org","@graph":[{"@type":"WebPage","@id":"https:\/\/www.allgeier.com\/de\/investor-relations\/adhoc-archives\/2011-2\/august-11-2011\/","url":"https:\/\/www.allgeier.com\/de\/investor-relations\/adhoc-archives\/2011-2\/august-11-2011\/","name":"august-11-2011 - Allgeier SE","isPartOf":{"@id":"https:\/\/www.allgeier.com\/de\/#website"},"datePublished":"2011-08-10T11:05:00+00:00","dateModified":"2015-03-13T11:05:41+00:00","breadcrumb":{"@id":"https:\/\/www.allgeier.com\/de\/investor-relations\/adhoc-archives\/2011-2\/august-11-2011\/#breadcrumb"},"inLanguage":"de","potentialAction":[{"@type":"ReadAction","target":["https:\/\/www.allgeier.com\/de\/investor-relations\/adhoc-archives\/2011-2\/august-11-2011\/"]}]},{"@type":"BreadcrumbList","@id":"https:\/\/www.allgeier.com\/de\/investor-relations\/adhoc-archives\/2011-2\/august-11-2011\/#breadcrumb","itemListElement":[{"@type":"ListItem","position":1,"name":"Home","item":"https:\/\/www.allgeier.com\/de\/"},{"@type":"ListItem","position":2,"name":"Investor Relations","item":"https:\/\/www.allgeier.com\/de\/investor-relations\/"},{"@type":"ListItem","position":3,"name":"Ad hoc-Archiv","item":"https:\/\/www.allgeier.com\/de\/investor-relations\/adhoc-archives\/"},{"@type":"ListItem","position":4,"name":"2011","item":"https:\/\/www.allgeier.com\/de\/investor-relations\/adhoc-archives\/2011-2\/"},{"@type":"ListItem","position":5,"name":"august-11-2011"}]},{"@type":"WebSite","@id":"https:\/\/www.allgeier.com\/de\/#website","url":"https:\/\/www.allgeier.com\/de\/","name":"Allgeier SE","description":"Software &amp; IT Services for digital transformation","potentialAction":[{"@type":"SearchAction","target":{"@type":"EntryPoint","urlTemplate":"https:\/\/www.allgeier.com\/de\/?s={search_term_string}"},"query-input":{"@type":"PropertyValueSpecification","valueRequired":true,"valueName":"search_term_string"}}],"inLanguage":"de"}]}},"_links":{"self":[{"href":"https:\/\/www.allgeier.com\/de\/wp-json\/wp\/v2\/pages\/1356","targetHints":{"allow":["GET"]}}],"collection":[{"href":"https:\/\/www.allgeier.com\/de\/wp-json\/wp\/v2\/pages"}],"about":[{"href":"https:\/\/www.allgeier.com\/de\/wp-json\/wp\/v2\/types\/page"}],"author":[{"embeddable":true,"href":"https:\/\/www.allgeier.com\/de\/wp-json\/wp\/v2\/users\/1"}],"replies":[{"embeddable":true,"href":"https:\/\/www.allgeier.com\/de\/wp-json\/wp\/v2\/comments?post=1356"}],"version-history":[{"count":0,"href":"https:\/\/www.allgeier.com\/de\/wp-json\/wp\/v2\/pages\/1356\/revisions"}],"up":[{"embeddable":true,"href":"https:\/\/www.allgeier.com\/de\/wp-json\/wp\/v2\/pages\/554"}],"wp:attachment":[{"href":"https:\/\/www.allgeier.com\/de\/wp-json\/wp\/v2\/media?parent=1356"}],"wp:term":[{"taxonomy":"category","embeddable":true,"href":"https:\/\/www.allgeier.com\/de\/wp-json\/wp\/v2\/categories?post=1356"},{"taxonomy":"post_tag","embeddable":true,"href":"https:\/\/www.allgeier.com\/de\/wp-json\/wp\/v2\/tags?post=1356"}],"curies":[{"name":"wp","href":"https:\/\/api.w.org\/{rel}","templated":true}]}}