{"id":1357,"date":"2011-08-01T11:05:44","date_gmt":"2011-08-01T11:05:44","guid":{"rendered":"http:\/\/www.allgeier.com\/de\/?page_id=1357"},"modified":"2015-03-13T11:06:28","modified_gmt":"2015-03-13T11:06:28","slug":"august-02-2011","status":"publish","type":"page","link":"https:\/\/www.allgeier.com\/de\/investor-relations\/adhoc-archives\/2011-2\/august-02-2011\/","title":{"rendered":"august-02-2011"},"content":{"rendered":"<p>Die Allgeier Holding AG (ISIN: DE0005086300; WKN 508630) mit Sitz in M\u00fcnchen hat sich heute mit den Gesellschaftern des IT-L\u00f6sungsanbieters GEMED Gesellschaft f\u00fcr medizinisches Datenmanagement mbH mit Sitz in Ulm vertraglich \u00fcber den Erwerb s\u00e4mtlicher Anteile der Gesellschaft geeinigt. Der Kaufpreis liegt im unteren einstelligen Millionenbereich, ein Teil des Kaufpreises ist als Earnout abh\u00e4ngig von der Erreichung k\u00fcnftiger Ziele vereinbart. Die \u00dcbertragung der Anteile (Closing) h\u00e4ngt von der Erf\u00fcllung \u00fcblicher vertraglicher Bedingungen ab und wird innerhalb der n\u00e4chsten Tage stattfinden.<\/p>\n<p>Mit dem Erwerb der GEMED baut die Allgeier Gruppe ihre Marktposition und ihr bestehendes Leistungsangebot als IT-Dienstleister im Health Care Markt weiter aus. GEMED entwickelt, produziert und implementiert modulare &#8218;Picture Archiving and Communication Systems&#8216; (PACS), die in Kliniken, bei Radiologen und in der Orthop\u00e4die eingesetzt werden.<\/p>\n<p>Mit \u00fcber 500 bestehenden Systemen in Deutschland und der Schweiz ist GEMED im Segment der Medizintechnik ein f\u00fchrender Spezialanbieter. Im Jahr 2010 erwirtschaftete das Unternehmen einen Umsatz von rund 3 Mio. EUR und erzielt seit Jahren ein positives Ergebnis sowie ein konstantes Wachstum. Die bisherigen Inhaber der GEMED werden auch in Zukunft als Gesch\u00e4ftsf\u00fchrer f\u00fcr die Gesellschaft t\u00e4tig sein.<\/p>\n","protected":false},"excerpt":{"rendered":"<p>Die Allgeier Holding AG (ISIN: DE0005086300; WKN 508630) mit Sitz in M\u00fcnchen hat sich heute mit den Gesellschaftern des IT-L\u00f6sungsanbieters GEMED Gesellschaft f\u00fcr medizinisches Datenmanagement mbH mit Sitz in Ulm vertraglich \u00fcber den Erwerb s\u00e4mtlicher Anteile der Gesellschaft geeinigt. Der Kaufpreis liegt im unteren einstelligen Millionenbereich, ein Teil des Kaufpreises ist als Earnout abh\u00e4ngig von &hellip; <\/p>\n","protected":false},"author":1,"featured_media":0,"parent":554,"menu_order":0,"comment_status":"open","ping_status":"open","template":"","meta":{"_acf_changed":false,"footnotes":""},"categories":[],"tags":[],"class_list":["post-1357","page","type-page","status-publish","hentry"],"acf":[],"yoast_head":"<!-- This site is optimized with the Yoast SEO plugin v27.4 - https:\/\/yoast.com\/product\/yoast-seo-wordpress\/ -->\n<title>august-02-2011 - Allgeier SE<\/title>\n<meta name=\"robots\" content=\"index, follow, max-snippet:-1, max-image-preview:large, max-video-preview:-1\" \/>\n<link rel=\"canonical\" href=\"https:\/\/www.allgeier.com\/de\/investor-relations\/adhoc-archives\/2011-2\/august-02-2011\/\" \/>\n<meta property=\"og:locale\" content=\"de_DE\" \/>\n<meta property=\"og:type\" content=\"article\" \/>\n<meta property=\"og:title\" content=\"august-02-2011 - Allgeier SE\" \/>\n<meta property=\"og:description\" content=\"Die Allgeier Holding AG (ISIN: DE0005086300; WKN 508630) mit Sitz in M\u00fcnchen hat sich heute mit den Gesellschaftern des IT-L\u00f6sungsanbieters GEMED Gesellschaft f\u00fcr medizinisches Datenmanagement mbH mit Sitz in Ulm vertraglich \u00fcber den Erwerb s\u00e4mtlicher Anteile der Gesellschaft geeinigt. Der Kaufpreis liegt im unteren einstelligen Millionenbereich, ein Teil des Kaufpreises ist als Earnout abh\u00e4ngig von &hellip;\" \/>\n<meta property=\"og:url\" content=\"https:\/\/www.allgeier.com\/de\/investor-relations\/adhoc-archives\/2011-2\/august-02-2011\/\" \/>\n<meta property=\"og:site_name\" content=\"Allgeier SE\" \/>\n<meta property=\"article:modified_time\" content=\"2015-03-13T11:06:28+00:00\" \/>\n<meta name=\"twitter:card\" content=\"summary_large_image\" \/>\n<meta name=\"twitter:label1\" content=\"Gesch\u00e4tzte Lesezeit\" \/>\n\t<meta name=\"twitter:data1\" content=\"1\u00a0Minute\" \/>\n<script type=\"application\/ld+json\" class=\"yoast-schema-graph\">{\"@context\":\"https:\\\/\\\/schema.org\",\"@graph\":[{\"@type\":\"WebPage\",\"@id\":\"https:\\\/\\\/www.allgeier.com\\\/de\\\/investor-relations\\\/adhoc-archives\\\/2011-2\\\/august-02-2011\\\/\",\"url\":\"https:\\\/\\\/www.allgeier.com\\\/de\\\/investor-relations\\\/adhoc-archives\\\/2011-2\\\/august-02-2011\\\/\",\"name\":\"august-02-2011 - Allgeier SE\",\"isPartOf\":{\"@id\":\"https:\\\/\\\/www.allgeier.com\\\/de\\\/#website\"},\"datePublished\":\"2011-08-01T11:05:44+00:00\",\"dateModified\":\"2015-03-13T11:06:28+00:00\",\"breadcrumb\":{\"@id\":\"https:\\\/\\\/www.allgeier.com\\\/de\\\/investor-relations\\\/adhoc-archives\\\/2011-2\\\/august-02-2011\\\/#breadcrumb\"},\"inLanguage\":\"de\",\"potentialAction\":[{\"@type\":\"ReadAction\",\"target\":[\"https:\\\/\\\/www.allgeier.com\\\/de\\\/investor-relations\\\/adhoc-archives\\\/2011-2\\\/august-02-2011\\\/\"]}]},{\"@type\":\"BreadcrumbList\",\"@id\":\"https:\\\/\\\/www.allgeier.com\\\/de\\\/investor-relations\\\/adhoc-archives\\\/2011-2\\\/august-02-2011\\\/#breadcrumb\",\"itemListElement\":[{\"@type\":\"ListItem\",\"position\":1,\"name\":\"Home\",\"item\":\"https:\\\/\\\/www.allgeier.com\\\/de\\\/\"},{\"@type\":\"ListItem\",\"position\":2,\"name\":\"Investor Relations\",\"item\":\"https:\\\/\\\/www.allgeier.com\\\/de\\\/investor-relations\\\/\"},{\"@type\":\"ListItem\",\"position\":3,\"name\":\"Ad hoc-Archiv\",\"item\":\"https:\\\/\\\/www.allgeier.com\\\/de\\\/investor-relations\\\/adhoc-archives\\\/\"},{\"@type\":\"ListItem\",\"position\":4,\"name\":\"2011\",\"item\":\"https:\\\/\\\/www.allgeier.com\\\/de\\\/investor-relations\\\/adhoc-archives\\\/2011-2\\\/\"},{\"@type\":\"ListItem\",\"position\":5,\"name\":\"august-02-2011\"}]},{\"@type\":\"WebSite\",\"@id\":\"https:\\\/\\\/www.allgeier.com\\\/de\\\/#website\",\"url\":\"https:\\\/\\\/www.allgeier.com\\\/de\\\/\",\"name\":\"Allgeier SE\",\"description\":\"Software &amp; IT Services for digital transformation\",\"potentialAction\":[{\"@type\":\"SearchAction\",\"target\":{\"@type\":\"EntryPoint\",\"urlTemplate\":\"https:\\\/\\\/www.allgeier.com\\\/de\\\/?s={search_term_string}\"},\"query-input\":{\"@type\":\"PropertyValueSpecification\",\"valueRequired\":true,\"valueName\":\"search_term_string\"}}],\"inLanguage\":\"de\"}]}<\/script>\n<!-- \/ Yoast SEO plugin. -->","yoast_head_json":{"title":"august-02-2011 - Allgeier SE","robots":{"index":"index","follow":"follow","max-snippet":"max-snippet:-1","max-image-preview":"max-image-preview:large","max-video-preview":"max-video-preview:-1"},"canonical":"https:\/\/www.allgeier.com\/de\/investor-relations\/adhoc-archives\/2011-2\/august-02-2011\/","og_locale":"de_DE","og_type":"article","og_title":"august-02-2011 - Allgeier SE","og_description":"Die Allgeier Holding AG (ISIN: DE0005086300; WKN 508630) mit Sitz in M\u00fcnchen hat sich heute mit den Gesellschaftern des IT-L\u00f6sungsanbieters GEMED Gesellschaft f\u00fcr medizinisches Datenmanagement mbH mit Sitz in Ulm vertraglich \u00fcber den Erwerb s\u00e4mtlicher Anteile der Gesellschaft geeinigt. Der Kaufpreis liegt im unteren einstelligen Millionenbereich, ein Teil des Kaufpreises ist als Earnout abh\u00e4ngig von &hellip;","og_url":"https:\/\/www.allgeier.com\/de\/investor-relations\/adhoc-archives\/2011-2\/august-02-2011\/","og_site_name":"Allgeier SE","article_modified_time":"2015-03-13T11:06:28+00:00","twitter_card":"summary_large_image","twitter_misc":{"Gesch\u00e4tzte Lesezeit":"1\u00a0Minute"},"schema":{"@context":"https:\/\/schema.org","@graph":[{"@type":"WebPage","@id":"https:\/\/www.allgeier.com\/de\/investor-relations\/adhoc-archives\/2011-2\/august-02-2011\/","url":"https:\/\/www.allgeier.com\/de\/investor-relations\/adhoc-archives\/2011-2\/august-02-2011\/","name":"august-02-2011 - Allgeier SE","isPartOf":{"@id":"https:\/\/www.allgeier.com\/de\/#website"},"datePublished":"2011-08-01T11:05:44+00:00","dateModified":"2015-03-13T11:06:28+00:00","breadcrumb":{"@id":"https:\/\/www.allgeier.com\/de\/investor-relations\/adhoc-archives\/2011-2\/august-02-2011\/#breadcrumb"},"inLanguage":"de","potentialAction":[{"@type":"ReadAction","target":["https:\/\/www.allgeier.com\/de\/investor-relations\/adhoc-archives\/2011-2\/august-02-2011\/"]}]},{"@type":"BreadcrumbList","@id":"https:\/\/www.allgeier.com\/de\/investor-relations\/adhoc-archives\/2011-2\/august-02-2011\/#breadcrumb","itemListElement":[{"@type":"ListItem","position":1,"name":"Home","item":"https:\/\/www.allgeier.com\/de\/"},{"@type":"ListItem","position":2,"name":"Investor Relations","item":"https:\/\/www.allgeier.com\/de\/investor-relations\/"},{"@type":"ListItem","position":3,"name":"Ad hoc-Archiv","item":"https:\/\/www.allgeier.com\/de\/investor-relations\/adhoc-archives\/"},{"@type":"ListItem","position":4,"name":"2011","item":"https:\/\/www.allgeier.com\/de\/investor-relations\/adhoc-archives\/2011-2\/"},{"@type":"ListItem","position":5,"name":"august-02-2011"}]},{"@type":"WebSite","@id":"https:\/\/www.allgeier.com\/de\/#website","url":"https:\/\/www.allgeier.com\/de\/","name":"Allgeier SE","description":"Software &amp; IT Services for digital transformation","potentialAction":[{"@type":"SearchAction","target":{"@type":"EntryPoint","urlTemplate":"https:\/\/www.allgeier.com\/de\/?s={search_term_string}"},"query-input":{"@type":"PropertyValueSpecification","valueRequired":true,"valueName":"search_term_string"}}],"inLanguage":"de"}]}},"_links":{"self":[{"href":"https:\/\/www.allgeier.com\/de\/wp-json\/wp\/v2\/pages\/1357","targetHints":{"allow":["GET"]}}],"collection":[{"href":"https:\/\/www.allgeier.com\/de\/wp-json\/wp\/v2\/pages"}],"about":[{"href":"https:\/\/www.allgeier.com\/de\/wp-json\/wp\/v2\/types\/page"}],"author":[{"embeddable":true,"href":"https:\/\/www.allgeier.com\/de\/wp-json\/wp\/v2\/users\/1"}],"replies":[{"embeddable":true,"href":"https:\/\/www.allgeier.com\/de\/wp-json\/wp\/v2\/comments?post=1357"}],"version-history":[{"count":0,"href":"https:\/\/www.allgeier.com\/de\/wp-json\/wp\/v2\/pages\/1357\/revisions"}],"up":[{"embeddable":true,"href":"https:\/\/www.allgeier.com\/de\/wp-json\/wp\/v2\/pages\/554"}],"wp:attachment":[{"href":"https:\/\/www.allgeier.com\/de\/wp-json\/wp\/v2\/media?parent=1357"}],"wp:term":[{"taxonomy":"category","embeddable":true,"href":"https:\/\/www.allgeier.com\/de\/wp-json\/wp\/v2\/categories?post=1357"},{"taxonomy":"post_tag","embeddable":true,"href":"https:\/\/www.allgeier.com\/de\/wp-json\/wp\/v2\/tags?post=1357"}],"curies":[{"name":"wp","href":"https:\/\/api.w.org\/{rel}","templated":true}]}}