{"id":1361,"date":"2011-07-14T11:07:55","date_gmt":"2011-07-14T11:07:55","guid":{"rendered":"http:\/\/www.allgeier.com\/de\/?page_id=1361"},"modified":"2015-03-13T11:10:49","modified_gmt":"2015-03-13T11:10:49","slug":"july-15-2011","status":"publish","type":"page","link":"https:\/\/www.allgeier.com\/de\/investor-relations\/adhoc-archives\/2011-2\/july-15-2011\/","title":{"rendered":"july-15-2011"},"content":{"rendered":"<p>Die Allgeier Holding AG (WKN DE000508300) hat sich heute mit den Gesellschaftern des IT-L\u00f6sungsanbieters und Softwareentwicklungshauses Nagarro Inc. vertraglich \u00fcber den Erwerb s\u00e4mtlicher Anteile der Gesellschaft geeinigt. Die \u00dcbertragung der Anteile (Closing) h\u00e4ngt von der Erf\u00fcllung \u00fcblicher vertraglicher Bedingungen ab und wird f\u00fcr die kommenden Tage erwartet. Die Gesellschaft mit Sitz im Silicon Valley, USA, hat Tochtergesellschaften in Deutschland, Schweden, Indien und Mexiko.<\/p>\n<p>Nagarro entwickelt als High-End Softwaredienstleister individuelle Softwarel\u00f6sungen. Die Hauptkunden der Gesellschaft sind gro\u00dfe Unternehmen in den USA und Europa, die bei der Bereitstellung und Weiterentwicklung von unternehmensinternen Schl\u00fcsselanwendungen auf die Expertise und Zuverl\u00e4ssigkeit von Nagarro setzen. Im Jahr 2010 setzte Nagarro mit 840 Mitarbeitern rund 22 Mio. USD um. Die 1996 gegr\u00fcndete Gesellschaft w\u00e4chst seit Jahren konstant stark in Umsatz und Ertrag. Der Erstkaufpreis liegt im unteren 2-stelligen Mio. EUR Bereich und kann bei voller Erreichung der Earn-Out Ziele in den n\u00e4chsten 3 Jahren auf einen mittleren 2-stelligen Mio. EUR Betrag ansteigen. Die bisherigen Gesellschafter der Nagarro Inc. werden weiterhin die unternehmerische Verantwortung tragen und weiterhin als Gesch\u00e4ftsf\u00fchrer agieren.<\/p>\n<p>F\u00fcr Allgeier ist die Transaktion ein strategischer Schritt auf das internationale Parkett zur Besetzung von Schl\u00fcsselm\u00e4rkten. Vor dem Hintergrund der Verknappung von IT-Fachkr\u00e4ften im deutschsprachigen Raum, ergibt sich nun ein Zugang zu hochqualifizierten IT-Ressourcen an weltweiten Standorten. Gemeinsam mit den Spezialisten der Allgeier Gesellschaften kann so der Kundenbedarf umfassend und auch in globalen Projekten abgedeckt werden. Weitere Motivation f\u00fcr die Transaktion ist die Erweiterung des Serviceportfolios der Allgeier Gruppe sowohl im Hinblick auf das wertvolle Know-how in State of the Art Technologien als auch in der geographischen Abdeckung.<\/p>\n","protected":false},"excerpt":{"rendered":"<p>Die Allgeier Holding AG (WKN DE000508300) hat sich heute mit den Gesellschaftern des IT-L\u00f6sungsanbieters und Softwareentwicklungshauses Nagarro Inc. vertraglich \u00fcber den Erwerb s\u00e4mtlicher Anteile der Gesellschaft geeinigt. Die \u00dcbertragung der Anteile (Closing) h\u00e4ngt von der Erf\u00fcllung \u00fcblicher vertraglicher Bedingungen ab und wird f\u00fcr die kommenden Tage erwartet. Die Gesellschaft mit Sitz im Silicon Valley, USA, &hellip; <\/p>\n","protected":false},"author":1,"featured_media":0,"parent":554,"menu_order":0,"comment_status":"open","ping_status":"open","template":"","meta":{"_acf_changed":false,"footnotes":""},"categories":[],"tags":[],"class_list":["post-1361","page","type-page","status-publish","hentry"],"acf":[],"yoast_head":"<!-- This site is optimized with the Yoast SEO plugin v27.4 - https:\/\/yoast.com\/product\/yoast-seo-wordpress\/ -->\n<title>july-15-2011 - Allgeier SE<\/title>\n<meta name=\"robots\" content=\"index, follow, max-snippet:-1, max-image-preview:large, max-video-preview:-1\" \/>\n<link rel=\"canonical\" href=\"https:\/\/www.allgeier.com\/de\/investor-relations\/adhoc-archives\/2011-2\/july-15-2011\/\" \/>\n<meta property=\"og:locale\" content=\"de_DE\" \/>\n<meta property=\"og:type\" content=\"article\" \/>\n<meta property=\"og:title\" content=\"july-15-2011 - Allgeier SE\" \/>\n<meta property=\"og:description\" content=\"Die Allgeier Holding AG (WKN DE000508300) hat sich heute mit den Gesellschaftern des IT-L\u00f6sungsanbieters und Softwareentwicklungshauses Nagarro Inc. vertraglich \u00fcber den Erwerb s\u00e4mtlicher Anteile der Gesellschaft geeinigt. Die \u00dcbertragung der Anteile (Closing) h\u00e4ngt von der Erf\u00fcllung \u00fcblicher vertraglicher Bedingungen ab und wird f\u00fcr die kommenden Tage erwartet. Die Gesellschaft mit Sitz im Silicon Valley, USA, &hellip;\" \/>\n<meta property=\"og:url\" content=\"https:\/\/www.allgeier.com\/de\/investor-relations\/adhoc-archives\/2011-2\/july-15-2011\/\" \/>\n<meta property=\"og:site_name\" content=\"Allgeier SE\" \/>\n<meta property=\"article:modified_time\" content=\"2015-03-13T11:10:49+00:00\" \/>\n<meta name=\"twitter:card\" content=\"summary_large_image\" \/>\n<meta name=\"twitter:label1\" content=\"Gesch\u00e4tzte Lesezeit\" \/>\n\t<meta name=\"twitter:data1\" content=\"1\u00a0Minute\" \/>\n<script type=\"application\/ld+json\" class=\"yoast-schema-graph\">{\"@context\":\"https:\\\/\\\/schema.org\",\"@graph\":[{\"@type\":\"WebPage\",\"@id\":\"https:\\\/\\\/www.allgeier.com\\\/de\\\/investor-relations\\\/adhoc-archives\\\/2011-2\\\/july-15-2011\\\/\",\"url\":\"https:\\\/\\\/www.allgeier.com\\\/de\\\/investor-relations\\\/adhoc-archives\\\/2011-2\\\/july-15-2011\\\/\",\"name\":\"july-15-2011 - Allgeier SE\",\"isPartOf\":{\"@id\":\"https:\\\/\\\/www.allgeier.com\\\/de\\\/#website\"},\"datePublished\":\"2011-07-14T11:07:55+00:00\",\"dateModified\":\"2015-03-13T11:10:49+00:00\",\"breadcrumb\":{\"@id\":\"https:\\\/\\\/www.allgeier.com\\\/de\\\/investor-relations\\\/adhoc-archives\\\/2011-2\\\/july-15-2011\\\/#breadcrumb\"},\"inLanguage\":\"de\",\"potentialAction\":[{\"@type\":\"ReadAction\",\"target\":[\"https:\\\/\\\/www.allgeier.com\\\/de\\\/investor-relations\\\/adhoc-archives\\\/2011-2\\\/july-15-2011\\\/\"]}]},{\"@type\":\"BreadcrumbList\",\"@id\":\"https:\\\/\\\/www.allgeier.com\\\/de\\\/investor-relations\\\/adhoc-archives\\\/2011-2\\\/july-15-2011\\\/#breadcrumb\",\"itemListElement\":[{\"@type\":\"ListItem\",\"position\":1,\"name\":\"Home\",\"item\":\"https:\\\/\\\/www.allgeier.com\\\/de\\\/\"},{\"@type\":\"ListItem\",\"position\":2,\"name\":\"Investor Relations\",\"item\":\"https:\\\/\\\/www.allgeier.com\\\/de\\\/investor-relations\\\/\"},{\"@type\":\"ListItem\",\"position\":3,\"name\":\"Ad hoc-Archiv\",\"item\":\"https:\\\/\\\/www.allgeier.com\\\/de\\\/investor-relations\\\/adhoc-archives\\\/\"},{\"@type\":\"ListItem\",\"position\":4,\"name\":\"2011\",\"item\":\"https:\\\/\\\/www.allgeier.com\\\/de\\\/investor-relations\\\/adhoc-archives\\\/2011-2\\\/\"},{\"@type\":\"ListItem\",\"position\":5,\"name\":\"july-15-2011\"}]},{\"@type\":\"WebSite\",\"@id\":\"https:\\\/\\\/www.allgeier.com\\\/de\\\/#website\",\"url\":\"https:\\\/\\\/www.allgeier.com\\\/de\\\/\",\"name\":\"Allgeier SE\",\"description\":\"Software &amp; IT Services for digital transformation\",\"potentialAction\":[{\"@type\":\"SearchAction\",\"target\":{\"@type\":\"EntryPoint\",\"urlTemplate\":\"https:\\\/\\\/www.allgeier.com\\\/de\\\/?s={search_term_string}\"},\"query-input\":{\"@type\":\"PropertyValueSpecification\",\"valueRequired\":true,\"valueName\":\"search_term_string\"}}],\"inLanguage\":\"de\"}]}<\/script>\n<!-- \/ Yoast SEO plugin. -->","yoast_head_json":{"title":"july-15-2011 - Allgeier SE","robots":{"index":"index","follow":"follow","max-snippet":"max-snippet:-1","max-image-preview":"max-image-preview:large","max-video-preview":"max-video-preview:-1"},"canonical":"https:\/\/www.allgeier.com\/de\/investor-relations\/adhoc-archives\/2011-2\/july-15-2011\/","og_locale":"de_DE","og_type":"article","og_title":"july-15-2011 - Allgeier SE","og_description":"Die Allgeier Holding AG (WKN DE000508300) hat sich heute mit den Gesellschaftern des IT-L\u00f6sungsanbieters und Softwareentwicklungshauses Nagarro Inc. vertraglich \u00fcber den Erwerb s\u00e4mtlicher Anteile der Gesellschaft geeinigt. Die \u00dcbertragung der Anteile (Closing) h\u00e4ngt von der Erf\u00fcllung \u00fcblicher vertraglicher Bedingungen ab und wird f\u00fcr die kommenden Tage erwartet. Die Gesellschaft mit Sitz im Silicon Valley, USA, &hellip;","og_url":"https:\/\/www.allgeier.com\/de\/investor-relations\/adhoc-archives\/2011-2\/july-15-2011\/","og_site_name":"Allgeier SE","article_modified_time":"2015-03-13T11:10:49+00:00","twitter_card":"summary_large_image","twitter_misc":{"Gesch\u00e4tzte Lesezeit":"1\u00a0Minute"},"schema":{"@context":"https:\/\/schema.org","@graph":[{"@type":"WebPage","@id":"https:\/\/www.allgeier.com\/de\/investor-relations\/adhoc-archives\/2011-2\/july-15-2011\/","url":"https:\/\/www.allgeier.com\/de\/investor-relations\/adhoc-archives\/2011-2\/july-15-2011\/","name":"july-15-2011 - Allgeier SE","isPartOf":{"@id":"https:\/\/www.allgeier.com\/de\/#website"},"datePublished":"2011-07-14T11:07:55+00:00","dateModified":"2015-03-13T11:10:49+00:00","breadcrumb":{"@id":"https:\/\/www.allgeier.com\/de\/investor-relations\/adhoc-archives\/2011-2\/july-15-2011\/#breadcrumb"},"inLanguage":"de","potentialAction":[{"@type":"ReadAction","target":["https:\/\/www.allgeier.com\/de\/investor-relations\/adhoc-archives\/2011-2\/july-15-2011\/"]}]},{"@type":"BreadcrumbList","@id":"https:\/\/www.allgeier.com\/de\/investor-relations\/adhoc-archives\/2011-2\/july-15-2011\/#breadcrumb","itemListElement":[{"@type":"ListItem","position":1,"name":"Home","item":"https:\/\/www.allgeier.com\/de\/"},{"@type":"ListItem","position":2,"name":"Investor Relations","item":"https:\/\/www.allgeier.com\/de\/investor-relations\/"},{"@type":"ListItem","position":3,"name":"Ad hoc-Archiv","item":"https:\/\/www.allgeier.com\/de\/investor-relations\/adhoc-archives\/"},{"@type":"ListItem","position":4,"name":"2011","item":"https:\/\/www.allgeier.com\/de\/investor-relations\/adhoc-archives\/2011-2\/"},{"@type":"ListItem","position":5,"name":"july-15-2011"}]},{"@type":"WebSite","@id":"https:\/\/www.allgeier.com\/de\/#website","url":"https:\/\/www.allgeier.com\/de\/","name":"Allgeier SE","description":"Software &amp; IT Services for digital transformation","potentialAction":[{"@type":"SearchAction","target":{"@type":"EntryPoint","urlTemplate":"https:\/\/www.allgeier.com\/de\/?s={search_term_string}"},"query-input":{"@type":"PropertyValueSpecification","valueRequired":true,"valueName":"search_term_string"}}],"inLanguage":"de"}]}},"_links":{"self":[{"href":"https:\/\/www.allgeier.com\/de\/wp-json\/wp\/v2\/pages\/1361","targetHints":{"allow":["GET"]}}],"collection":[{"href":"https:\/\/www.allgeier.com\/de\/wp-json\/wp\/v2\/pages"}],"about":[{"href":"https:\/\/www.allgeier.com\/de\/wp-json\/wp\/v2\/types\/page"}],"author":[{"embeddable":true,"href":"https:\/\/www.allgeier.com\/de\/wp-json\/wp\/v2\/users\/1"}],"replies":[{"embeddable":true,"href":"https:\/\/www.allgeier.com\/de\/wp-json\/wp\/v2\/comments?post=1361"}],"version-history":[{"count":0,"href":"https:\/\/www.allgeier.com\/de\/wp-json\/wp\/v2\/pages\/1361\/revisions"}],"up":[{"embeddable":true,"href":"https:\/\/www.allgeier.com\/de\/wp-json\/wp\/v2\/pages\/554"}],"wp:attachment":[{"href":"https:\/\/www.allgeier.com\/de\/wp-json\/wp\/v2\/media?parent=1361"}],"wp:term":[{"taxonomy":"category","embeddable":true,"href":"https:\/\/www.allgeier.com\/de\/wp-json\/wp\/v2\/categories?post=1361"},{"taxonomy":"post_tag","embeddable":true,"href":"https:\/\/www.allgeier.com\/de\/wp-json\/wp\/v2\/tags?post=1361"}],"curies":[{"name":"wp","href":"https:\/\/api.w.org\/{rel}","templated":true}]}}