{"id":1365,"date":"2011-05-20T11:09:22","date_gmt":"2011-05-20T11:09:22","guid":{"rendered":"http:\/\/www.allgeier.com\/de\/?page_id=1365"},"modified":"2015-03-13T11:10:16","modified_gmt":"2015-03-13T11:10:16","slug":"may-20-2011","status":"publish","type":"page","link":"https:\/\/www.allgeier.com\/de\/investor-relations\/adhoc-archives\/2011-2\/may-20-2011\/","title":{"rendered":"may-20-2011"},"content":{"rendered":"<p>M\u00fcnchen, 20. Mai 2011 &#8211; Die Allgeier Holding AG hat sich heute mit den Aktion\u00e4ren der 1eEurope (Switzerland) AG mit Sitz in Thalwil, Schweiz, \u00fcber den Erwerb von 100% der Aktien an der 1eEurope geeinigt und entsprechende Vertr\u00e4ge geschlossen. Der vereinbarte Gesamtkaufpreis liegt im einstelligen Mio. EUR-Bereich.<\/p>\n<p>1eEurope verzeichnete 2010 einen Umsatz von \u00fcber 10 Mio. CHF und erzielt seit Jahren ein positives Ergebnis sowie ein konstantes Wachstum. Das Unternehmen hat rund 60 Mitarbeiter und ist einer der f\u00fchrenden IT Dienstleister f\u00fcr Collaboration-L\u00f6sungen f\u00fcr mittlere und gro\u00dfe Unternehmen im Microsoft SharePoint-Umfeld in der Schweiz. 1eEurope hat neben dem Hauptsitz in Thalwil eine Zweigstelle in Basel und betreibt ein Offshoring-Entwicklungscenter in China. Die bisherigen Aktion\u00e4re und das Schweizer Management von 1eEurope werden in ihrer bisherigen Position weiterhin f\u00fcr die Gesellschaft t\u00e4tig sein.<\/p>\n<p>F\u00fcr 1eEurope und ihre Kunden bedeutet der Eintritt in den Verbund der Allgeier Gruppe und der k\u00fcnftigen Zusammenarbeit mit den anderen Gruppengesellschaften eine erhebliche Erweiterung des Service Portfolios und der k\u00fcnftigen Entwicklungsm\u00f6glichkeiten. Allgeier baut nach dem Erwerb der BSR &amp; Partner AG, Zug, im letzten Jahr mit 1eEurope seine Position in der Schweiz aus und erweitert seine Kompetenz im stark wachsenden Markt f\u00fcr Microsoft SharePoint.<\/p>\n","protected":false},"excerpt":{"rendered":"<p>M\u00fcnchen, 20. Mai 2011 &#8211; Die Allgeier Holding AG hat sich heute mit den Aktion\u00e4ren der 1eEurope (Switzerland) AG mit Sitz in Thalwil, Schweiz, \u00fcber den Erwerb von 100% der Aktien an der 1eEurope geeinigt und entsprechende Vertr\u00e4ge geschlossen. Der vereinbarte Gesamtkaufpreis liegt im einstelligen Mio. EUR-Bereich. 1eEurope verzeichnete 2010 einen Umsatz von \u00fcber 10 &hellip; <\/p>\n","protected":false},"author":1,"featured_media":0,"parent":554,"menu_order":0,"comment_status":"open","ping_status":"open","template":"","meta":{"_acf_changed":false,"footnotes":""},"categories":[],"tags":[],"class_list":["post-1365","page","type-page","status-publish","hentry"],"acf":[],"yoast_head":"<!-- This site is optimized with the Yoast SEO plugin v27.4 - https:\/\/yoast.com\/product\/yoast-seo-wordpress\/ -->\n<title>may-20-2011 - Allgeier SE<\/title>\n<meta name=\"robots\" content=\"index, follow, max-snippet:-1, max-image-preview:large, max-video-preview:-1\" \/>\n<link rel=\"canonical\" href=\"https:\/\/www.allgeier.com\/de\/investor-relations\/adhoc-archives\/2011-2\/may-20-2011\/\" \/>\n<meta property=\"og:locale\" content=\"de_DE\" \/>\n<meta property=\"og:type\" content=\"article\" \/>\n<meta property=\"og:title\" content=\"may-20-2011 - Allgeier SE\" \/>\n<meta property=\"og:description\" content=\"M\u00fcnchen, 20. Mai 2011 &#8211; Die Allgeier Holding AG hat sich heute mit den Aktion\u00e4ren der 1eEurope (Switzerland) AG mit Sitz in Thalwil, Schweiz, \u00fcber den Erwerb von 100% der Aktien an der 1eEurope geeinigt und entsprechende Vertr\u00e4ge geschlossen. Der vereinbarte Gesamtkaufpreis liegt im einstelligen Mio. EUR-Bereich. 1eEurope verzeichnete 2010 einen Umsatz von \u00fcber 10 &hellip;\" \/>\n<meta property=\"og:url\" content=\"https:\/\/www.allgeier.com\/de\/investor-relations\/adhoc-archives\/2011-2\/may-20-2011\/\" \/>\n<meta property=\"og:site_name\" content=\"Allgeier SE\" \/>\n<meta property=\"article:modified_time\" content=\"2015-03-13T11:10:16+00:00\" \/>\n<meta name=\"twitter:card\" content=\"summary_large_image\" \/>\n<meta name=\"twitter:label1\" content=\"Gesch\u00e4tzte Lesezeit\" \/>\n\t<meta name=\"twitter:data1\" content=\"1\u00a0Minute\" \/>\n<script type=\"application\/ld+json\" class=\"yoast-schema-graph\">{\"@context\":\"https:\\\/\\\/schema.org\",\"@graph\":[{\"@type\":\"WebPage\",\"@id\":\"https:\\\/\\\/www.allgeier.com\\\/de\\\/investor-relations\\\/adhoc-archives\\\/2011-2\\\/may-20-2011\\\/\",\"url\":\"https:\\\/\\\/www.allgeier.com\\\/de\\\/investor-relations\\\/adhoc-archives\\\/2011-2\\\/may-20-2011\\\/\",\"name\":\"may-20-2011 - Allgeier SE\",\"isPartOf\":{\"@id\":\"https:\\\/\\\/www.allgeier.com\\\/de\\\/#website\"},\"datePublished\":\"2011-05-20T11:09:22+00:00\",\"dateModified\":\"2015-03-13T11:10:16+00:00\",\"breadcrumb\":{\"@id\":\"https:\\\/\\\/www.allgeier.com\\\/de\\\/investor-relations\\\/adhoc-archives\\\/2011-2\\\/may-20-2011\\\/#breadcrumb\"},\"inLanguage\":\"de\",\"potentialAction\":[{\"@type\":\"ReadAction\",\"target\":[\"https:\\\/\\\/www.allgeier.com\\\/de\\\/investor-relations\\\/adhoc-archives\\\/2011-2\\\/may-20-2011\\\/\"]}]},{\"@type\":\"BreadcrumbList\",\"@id\":\"https:\\\/\\\/www.allgeier.com\\\/de\\\/investor-relations\\\/adhoc-archives\\\/2011-2\\\/may-20-2011\\\/#breadcrumb\",\"itemListElement\":[{\"@type\":\"ListItem\",\"position\":1,\"name\":\"Home\",\"item\":\"https:\\\/\\\/www.allgeier.com\\\/de\\\/\"},{\"@type\":\"ListItem\",\"position\":2,\"name\":\"Investor Relations\",\"item\":\"https:\\\/\\\/www.allgeier.com\\\/de\\\/investor-relations\\\/\"},{\"@type\":\"ListItem\",\"position\":3,\"name\":\"Ad hoc-Archiv\",\"item\":\"https:\\\/\\\/www.allgeier.com\\\/de\\\/investor-relations\\\/adhoc-archives\\\/\"},{\"@type\":\"ListItem\",\"position\":4,\"name\":\"2011\",\"item\":\"https:\\\/\\\/www.allgeier.com\\\/de\\\/investor-relations\\\/adhoc-archives\\\/2011-2\\\/\"},{\"@type\":\"ListItem\",\"position\":5,\"name\":\"may-20-2011\"}]},{\"@type\":\"WebSite\",\"@id\":\"https:\\\/\\\/www.allgeier.com\\\/de\\\/#website\",\"url\":\"https:\\\/\\\/www.allgeier.com\\\/de\\\/\",\"name\":\"Allgeier SE\",\"description\":\"Software &amp; IT Services for digital transformation\",\"potentialAction\":[{\"@type\":\"SearchAction\",\"target\":{\"@type\":\"EntryPoint\",\"urlTemplate\":\"https:\\\/\\\/www.allgeier.com\\\/de\\\/?s={search_term_string}\"},\"query-input\":{\"@type\":\"PropertyValueSpecification\",\"valueRequired\":true,\"valueName\":\"search_term_string\"}}],\"inLanguage\":\"de\"}]}<\/script>\n<!-- \/ Yoast SEO plugin. -->","yoast_head_json":{"title":"may-20-2011 - Allgeier SE","robots":{"index":"index","follow":"follow","max-snippet":"max-snippet:-1","max-image-preview":"max-image-preview:large","max-video-preview":"max-video-preview:-1"},"canonical":"https:\/\/www.allgeier.com\/de\/investor-relations\/adhoc-archives\/2011-2\/may-20-2011\/","og_locale":"de_DE","og_type":"article","og_title":"may-20-2011 - Allgeier SE","og_description":"M\u00fcnchen, 20. Mai 2011 &#8211; Die Allgeier Holding AG hat sich heute mit den Aktion\u00e4ren der 1eEurope (Switzerland) AG mit Sitz in Thalwil, Schweiz, \u00fcber den Erwerb von 100% der Aktien an der 1eEurope geeinigt und entsprechende Vertr\u00e4ge geschlossen. Der vereinbarte Gesamtkaufpreis liegt im einstelligen Mio. EUR-Bereich. 1eEurope verzeichnete 2010 einen Umsatz von \u00fcber 10 &hellip;","og_url":"https:\/\/www.allgeier.com\/de\/investor-relations\/adhoc-archives\/2011-2\/may-20-2011\/","og_site_name":"Allgeier SE","article_modified_time":"2015-03-13T11:10:16+00:00","twitter_card":"summary_large_image","twitter_misc":{"Gesch\u00e4tzte Lesezeit":"1\u00a0Minute"},"schema":{"@context":"https:\/\/schema.org","@graph":[{"@type":"WebPage","@id":"https:\/\/www.allgeier.com\/de\/investor-relations\/adhoc-archives\/2011-2\/may-20-2011\/","url":"https:\/\/www.allgeier.com\/de\/investor-relations\/adhoc-archives\/2011-2\/may-20-2011\/","name":"may-20-2011 - Allgeier SE","isPartOf":{"@id":"https:\/\/www.allgeier.com\/de\/#website"},"datePublished":"2011-05-20T11:09:22+00:00","dateModified":"2015-03-13T11:10:16+00:00","breadcrumb":{"@id":"https:\/\/www.allgeier.com\/de\/investor-relations\/adhoc-archives\/2011-2\/may-20-2011\/#breadcrumb"},"inLanguage":"de","potentialAction":[{"@type":"ReadAction","target":["https:\/\/www.allgeier.com\/de\/investor-relations\/adhoc-archives\/2011-2\/may-20-2011\/"]}]},{"@type":"BreadcrumbList","@id":"https:\/\/www.allgeier.com\/de\/investor-relations\/adhoc-archives\/2011-2\/may-20-2011\/#breadcrumb","itemListElement":[{"@type":"ListItem","position":1,"name":"Home","item":"https:\/\/www.allgeier.com\/de\/"},{"@type":"ListItem","position":2,"name":"Investor Relations","item":"https:\/\/www.allgeier.com\/de\/investor-relations\/"},{"@type":"ListItem","position":3,"name":"Ad hoc-Archiv","item":"https:\/\/www.allgeier.com\/de\/investor-relations\/adhoc-archives\/"},{"@type":"ListItem","position":4,"name":"2011","item":"https:\/\/www.allgeier.com\/de\/investor-relations\/adhoc-archives\/2011-2\/"},{"@type":"ListItem","position":5,"name":"may-20-2011"}]},{"@type":"WebSite","@id":"https:\/\/www.allgeier.com\/de\/#website","url":"https:\/\/www.allgeier.com\/de\/","name":"Allgeier SE","description":"Software &amp; IT Services for digital transformation","potentialAction":[{"@type":"SearchAction","target":{"@type":"EntryPoint","urlTemplate":"https:\/\/www.allgeier.com\/de\/?s={search_term_string}"},"query-input":{"@type":"PropertyValueSpecification","valueRequired":true,"valueName":"search_term_string"}}],"inLanguage":"de"}]}},"_links":{"self":[{"href":"https:\/\/www.allgeier.com\/de\/wp-json\/wp\/v2\/pages\/1365","targetHints":{"allow":["GET"]}}],"collection":[{"href":"https:\/\/www.allgeier.com\/de\/wp-json\/wp\/v2\/pages"}],"about":[{"href":"https:\/\/www.allgeier.com\/de\/wp-json\/wp\/v2\/types\/page"}],"author":[{"embeddable":true,"href":"https:\/\/www.allgeier.com\/de\/wp-json\/wp\/v2\/users\/1"}],"replies":[{"embeddable":true,"href":"https:\/\/www.allgeier.com\/de\/wp-json\/wp\/v2\/comments?post=1365"}],"version-history":[{"count":0,"href":"https:\/\/www.allgeier.com\/de\/wp-json\/wp\/v2\/pages\/1365\/revisions"}],"up":[{"embeddable":true,"href":"https:\/\/www.allgeier.com\/de\/wp-json\/wp\/v2\/pages\/554"}],"wp:attachment":[{"href":"https:\/\/www.allgeier.com\/de\/wp-json\/wp\/v2\/media?parent=1365"}],"wp:term":[{"taxonomy":"category","embeddable":true,"href":"https:\/\/www.allgeier.com\/de\/wp-json\/wp\/v2\/categories?post=1365"},{"taxonomy":"post_tag","embeddable":true,"href":"https:\/\/www.allgeier.com\/de\/wp-json\/wp\/v2\/tags?post=1365"}],"curies":[{"name":"wp","href":"https:\/\/api.w.org\/{rel}","templated":true}]}}