{"id":1367,"date":"2011-05-10T11:11:00","date_gmt":"2011-05-10T11:11:00","guid":{"rendered":"http:\/\/www.allgeier.com\/de\/?page_id=1367"},"modified":"2015-03-13T11:11:49","modified_gmt":"2015-03-13T11:11:49","slug":"may-11-2011","status":"publish","type":"page","link":"https:\/\/www.allgeier.com\/de\/investor-relations\/adhoc-archives\/2011-2\/may-11-2011\/","title":{"rendered":"may-11-2011"},"content":{"rendered":"<p>Die Allgeier Holding AG (ISIN DE000508630 \/ WKN 508630) ist stark ins Gesch\u00e4ftsjahr 2011 gestartet und erzielte im ersten Quartal (1. Januar &#8211; 31. M\u00e4rz 2011) eine deutliche Umsatz- und Ergebnissteigerung.<\/p>\n<p>Der Umsatz wuchs im ersten Quartal 2011 um 34% auf 83,4 Mio. EUR (Q1 2010: 62,1 Mio. EUR). Das EBITA (Ergebnis vor Abschreibungen auf Kaufpreis-Allokationen, Zinsen und Steuern) stieg um 153% auf 4,3 Mio. EUR (Q1 2010: 1,7 Mio. EUR). Das EBIT (Ergebnis vor Zinsen und Steuern) erh\u00f6hte sich um 220% auf 3,2 Mio. EUR (Q1 2010: 1,0 Mio. EUR).<\/p>\n<p>Der Cash Flow aus der betrieblichen T\u00e4tigkeit betrug im ersten Quartal 2011 3,1 Mio. EUR (Q1 2010: -1,2 Mio. EUR). Der Allgeier Konzern verf\u00fcgt zum 31. M\u00e4rz 2011 \u00fcber liquide Mittel von 61,4 Mio. EUR (Stand 31. Dezember 2010: 61,3 Mio. EUR). Das Eigenkapital betrug zum 31. M\u00e4rz 2011 86,8 Mio. EUR (Stand 31. Dezember 2010: 85,5 Mio. EUR) bei einer Bilanzsumme von 207,8 Mio. EUR (Stand 31. Dezember 2010: 204,1 Mio. EUR).<\/p>\n<p>Diese hervorragende Entwicklung wird von der gesamten Allgeier Gruppe getragen, insbesondere haben auch die seit 2010 neu zur Gruppe geh\u00f6renden Unternehmen einen erheblichen Beitrag geleistet. Allgeier ist zuversichtlich, weitere Wachstumsschritte in den kommenden Monaten erfolgreich umzusetzen und damit den kontinuierlichen Ausbau der Gruppe fortzusetzen.<\/p>\n<p>Der Bericht zum 1. Quartal 2011 ist ab dem 12. Mai 2011 unter <a href=\"https:\/\/www.allgeier.com\/\" target=\"_blank\">www.allgeier.com<\/a> einzusehen.<\/p>\n","protected":false},"excerpt":{"rendered":"<p>Die Allgeier Holding AG (ISIN DE000508630 \/ WKN 508630) ist stark ins Gesch\u00e4ftsjahr 2011 gestartet und erzielte im ersten Quartal (1. Januar &#8211; 31. M\u00e4rz 2011) eine deutliche Umsatz- und Ergebnissteigerung. Der Umsatz wuchs im ersten Quartal 2011 um 34% auf 83,4 Mio. EUR (Q1 2010: 62,1 Mio. EUR). Das EBITA (Ergebnis vor Abschreibungen auf &hellip; <\/p>\n","protected":false},"author":1,"featured_media":0,"parent":554,"menu_order":0,"comment_status":"open","ping_status":"open","template":"","meta":{"_acf_changed":false,"footnotes":""},"categories":[],"tags":[],"class_list":["post-1367","page","type-page","status-publish","hentry"],"acf":[],"yoast_head":"<!-- This site is optimized with the Yoast SEO plugin v27.4 - https:\/\/yoast.com\/product\/yoast-seo-wordpress\/ -->\n<title>may-11-2011 - Allgeier SE<\/title>\n<meta name=\"robots\" content=\"index, follow, max-snippet:-1, max-image-preview:large, max-video-preview:-1\" \/>\n<link rel=\"canonical\" href=\"https:\/\/www.allgeier.com\/de\/investor-relations\/adhoc-archives\/2011-2\/may-11-2011\/\" \/>\n<meta property=\"og:locale\" content=\"de_DE\" \/>\n<meta property=\"og:type\" content=\"article\" \/>\n<meta property=\"og:title\" content=\"may-11-2011 - Allgeier SE\" \/>\n<meta property=\"og:description\" content=\"Die Allgeier Holding AG (ISIN DE000508630 \/ WKN 508630) ist stark ins Gesch\u00e4ftsjahr 2011 gestartet und erzielte im ersten Quartal (1. Januar &#8211; 31. M\u00e4rz 2011) eine deutliche Umsatz- und Ergebnissteigerung. Der Umsatz wuchs im ersten Quartal 2011 um 34% auf 83,4 Mio. EUR (Q1 2010: 62,1 Mio. EUR). Das EBITA (Ergebnis vor Abschreibungen auf &hellip;\" \/>\n<meta property=\"og:url\" content=\"https:\/\/www.allgeier.com\/de\/investor-relations\/adhoc-archives\/2011-2\/may-11-2011\/\" \/>\n<meta property=\"og:site_name\" content=\"Allgeier SE\" \/>\n<meta property=\"article:modified_time\" content=\"2015-03-13T11:11:49+00:00\" \/>\n<meta name=\"twitter:card\" content=\"summary_large_image\" \/>\n<meta name=\"twitter:label1\" content=\"Gesch\u00e4tzte Lesezeit\" \/>\n\t<meta name=\"twitter:data1\" content=\"1\u00a0Minute\" \/>\n<script type=\"application\/ld+json\" class=\"yoast-schema-graph\">{\"@context\":\"https:\\\/\\\/schema.org\",\"@graph\":[{\"@type\":\"WebPage\",\"@id\":\"https:\\\/\\\/www.allgeier.com\\\/de\\\/investor-relations\\\/adhoc-archives\\\/2011-2\\\/may-11-2011\\\/\",\"url\":\"https:\\\/\\\/www.allgeier.com\\\/de\\\/investor-relations\\\/adhoc-archives\\\/2011-2\\\/may-11-2011\\\/\",\"name\":\"may-11-2011 - Allgeier SE\",\"isPartOf\":{\"@id\":\"https:\\\/\\\/www.allgeier.com\\\/de\\\/#website\"},\"datePublished\":\"2011-05-10T11:11:00+00:00\",\"dateModified\":\"2015-03-13T11:11:49+00:00\",\"breadcrumb\":{\"@id\":\"https:\\\/\\\/www.allgeier.com\\\/de\\\/investor-relations\\\/adhoc-archives\\\/2011-2\\\/may-11-2011\\\/#breadcrumb\"},\"inLanguage\":\"de\",\"potentialAction\":[{\"@type\":\"ReadAction\",\"target\":[\"https:\\\/\\\/www.allgeier.com\\\/de\\\/investor-relations\\\/adhoc-archives\\\/2011-2\\\/may-11-2011\\\/\"]}]},{\"@type\":\"BreadcrumbList\",\"@id\":\"https:\\\/\\\/www.allgeier.com\\\/de\\\/investor-relations\\\/adhoc-archives\\\/2011-2\\\/may-11-2011\\\/#breadcrumb\",\"itemListElement\":[{\"@type\":\"ListItem\",\"position\":1,\"name\":\"Home\",\"item\":\"https:\\\/\\\/www.allgeier.com\\\/de\\\/\"},{\"@type\":\"ListItem\",\"position\":2,\"name\":\"Investor Relations\",\"item\":\"https:\\\/\\\/www.allgeier.com\\\/de\\\/investor-relations\\\/\"},{\"@type\":\"ListItem\",\"position\":3,\"name\":\"Ad hoc-Archiv\",\"item\":\"https:\\\/\\\/www.allgeier.com\\\/de\\\/investor-relations\\\/adhoc-archives\\\/\"},{\"@type\":\"ListItem\",\"position\":4,\"name\":\"2011\",\"item\":\"https:\\\/\\\/www.allgeier.com\\\/de\\\/investor-relations\\\/adhoc-archives\\\/2011-2\\\/\"},{\"@type\":\"ListItem\",\"position\":5,\"name\":\"may-11-2011\"}]},{\"@type\":\"WebSite\",\"@id\":\"https:\\\/\\\/www.allgeier.com\\\/de\\\/#website\",\"url\":\"https:\\\/\\\/www.allgeier.com\\\/de\\\/\",\"name\":\"Allgeier SE\",\"description\":\"Software &amp; IT Services for digital transformation\",\"potentialAction\":[{\"@type\":\"SearchAction\",\"target\":{\"@type\":\"EntryPoint\",\"urlTemplate\":\"https:\\\/\\\/www.allgeier.com\\\/de\\\/?s={search_term_string}\"},\"query-input\":{\"@type\":\"PropertyValueSpecification\",\"valueRequired\":true,\"valueName\":\"search_term_string\"}}],\"inLanguage\":\"de\"}]}<\/script>\n<!-- \/ Yoast SEO plugin. -->","yoast_head_json":{"title":"may-11-2011 - Allgeier SE","robots":{"index":"index","follow":"follow","max-snippet":"max-snippet:-1","max-image-preview":"max-image-preview:large","max-video-preview":"max-video-preview:-1"},"canonical":"https:\/\/www.allgeier.com\/de\/investor-relations\/adhoc-archives\/2011-2\/may-11-2011\/","og_locale":"de_DE","og_type":"article","og_title":"may-11-2011 - Allgeier SE","og_description":"Die Allgeier Holding AG (ISIN DE000508630 \/ WKN 508630) ist stark ins Gesch\u00e4ftsjahr 2011 gestartet und erzielte im ersten Quartal (1. Januar &#8211; 31. M\u00e4rz 2011) eine deutliche Umsatz- und Ergebnissteigerung. Der Umsatz wuchs im ersten Quartal 2011 um 34% auf 83,4 Mio. EUR (Q1 2010: 62,1 Mio. EUR). Das EBITA (Ergebnis vor Abschreibungen auf &hellip;","og_url":"https:\/\/www.allgeier.com\/de\/investor-relations\/adhoc-archives\/2011-2\/may-11-2011\/","og_site_name":"Allgeier SE","article_modified_time":"2015-03-13T11:11:49+00:00","twitter_card":"summary_large_image","twitter_misc":{"Gesch\u00e4tzte Lesezeit":"1\u00a0Minute"},"schema":{"@context":"https:\/\/schema.org","@graph":[{"@type":"WebPage","@id":"https:\/\/www.allgeier.com\/de\/investor-relations\/adhoc-archives\/2011-2\/may-11-2011\/","url":"https:\/\/www.allgeier.com\/de\/investor-relations\/adhoc-archives\/2011-2\/may-11-2011\/","name":"may-11-2011 - Allgeier SE","isPartOf":{"@id":"https:\/\/www.allgeier.com\/de\/#website"},"datePublished":"2011-05-10T11:11:00+00:00","dateModified":"2015-03-13T11:11:49+00:00","breadcrumb":{"@id":"https:\/\/www.allgeier.com\/de\/investor-relations\/adhoc-archives\/2011-2\/may-11-2011\/#breadcrumb"},"inLanguage":"de","potentialAction":[{"@type":"ReadAction","target":["https:\/\/www.allgeier.com\/de\/investor-relations\/adhoc-archives\/2011-2\/may-11-2011\/"]}]},{"@type":"BreadcrumbList","@id":"https:\/\/www.allgeier.com\/de\/investor-relations\/adhoc-archives\/2011-2\/may-11-2011\/#breadcrumb","itemListElement":[{"@type":"ListItem","position":1,"name":"Home","item":"https:\/\/www.allgeier.com\/de\/"},{"@type":"ListItem","position":2,"name":"Investor Relations","item":"https:\/\/www.allgeier.com\/de\/investor-relations\/"},{"@type":"ListItem","position":3,"name":"Ad hoc-Archiv","item":"https:\/\/www.allgeier.com\/de\/investor-relations\/adhoc-archives\/"},{"@type":"ListItem","position":4,"name":"2011","item":"https:\/\/www.allgeier.com\/de\/investor-relations\/adhoc-archives\/2011-2\/"},{"@type":"ListItem","position":5,"name":"may-11-2011"}]},{"@type":"WebSite","@id":"https:\/\/www.allgeier.com\/de\/#website","url":"https:\/\/www.allgeier.com\/de\/","name":"Allgeier SE","description":"Software &amp; IT Services for digital transformation","potentialAction":[{"@type":"SearchAction","target":{"@type":"EntryPoint","urlTemplate":"https:\/\/www.allgeier.com\/de\/?s={search_term_string}"},"query-input":{"@type":"PropertyValueSpecification","valueRequired":true,"valueName":"search_term_string"}}],"inLanguage":"de"}]}},"_links":{"self":[{"href":"https:\/\/www.allgeier.com\/de\/wp-json\/wp\/v2\/pages\/1367","targetHints":{"allow":["GET"]}}],"collection":[{"href":"https:\/\/www.allgeier.com\/de\/wp-json\/wp\/v2\/pages"}],"about":[{"href":"https:\/\/www.allgeier.com\/de\/wp-json\/wp\/v2\/types\/page"}],"author":[{"embeddable":true,"href":"https:\/\/www.allgeier.com\/de\/wp-json\/wp\/v2\/users\/1"}],"replies":[{"embeddable":true,"href":"https:\/\/www.allgeier.com\/de\/wp-json\/wp\/v2\/comments?post=1367"}],"version-history":[{"count":0,"href":"https:\/\/www.allgeier.com\/de\/wp-json\/wp\/v2\/pages\/1367\/revisions"}],"up":[{"embeddable":true,"href":"https:\/\/www.allgeier.com\/de\/wp-json\/wp\/v2\/pages\/554"}],"wp:attachment":[{"href":"https:\/\/www.allgeier.com\/de\/wp-json\/wp\/v2\/media?parent=1367"}],"wp:term":[{"taxonomy":"category","embeddable":true,"href":"https:\/\/www.allgeier.com\/de\/wp-json\/wp\/v2\/categories?post=1367"},{"taxonomy":"post_tag","embeddable":true,"href":"https:\/\/www.allgeier.com\/de\/wp-json\/wp\/v2\/tags?post=1367"}],"curies":[{"name":"wp","href":"https:\/\/api.w.org\/{rel}","templated":true}]}}