{"id":1370,"date":"2011-04-15T11:11:57","date_gmt":"2011-04-15T11:11:57","guid":{"rendered":"http:\/\/www.allgeier.com\/de\/?page_id=1370"},"modified":"2015-03-13T11:19:52","modified_gmt":"2015-03-13T11:19:52","slug":"april-15-2011","status":"publish","type":"page","link":"https:\/\/www.allgeier.com\/de\/investor-relations\/adhoc-archives\/2011-2\/april-15-2011\/","title":{"rendered":"april-15-2011"},"content":{"rendered":"<p>Der Aufsichtsrat der Allgeier Holding AG (ISIN DE000508630 \/ WKN 508630) hat in seiner Sitzung am 15. April 2011 den testierten Jahres- und Konzernabschluss der Allgeier Holding AG f\u00fcr das Gesch\u00e4ftsjahr 2010 gebilligt. Der Jahresabschluss ist damit festgestellt. Die finalen Konzernzahlen entsprechen im Wesentlichen den in der Ad-hoc-Mitteilung vom 18. Februar 2011 angek\u00fcndigten vorl\u00e4ufigen Zahlen.<\/p>\n<p>Umsatz und Ergebnisentwicklung gem\u00e4\u00df IFRS<\/p>\n<p>Der Konzernumsatz per 31. Dezember 2010 nach IFRS stieg um 38% auf 308,7 Mio. EUR (Vorjahr: 223,5 Mio. EUR). Das Ergebnis vor Zinsen, Steuern sowie Abschreibungen auf Firmenwerte und Kaufpreisallokationen (EBITA) wuchs um 21% auf 15,6 Mio. EUR (Vorjahr: 12,8 Mio. EUR). Das Ergebnis vor Zinsen und Steuern (EBIT) legte um 38% auf 11,0 Mio. EUR (Vorjahr: 8,0 Mio. EUR) zu.<\/p>\n<p>Eckdaten der Bilanz<\/p>\n<p>Die Bilanzsumme liegt bei 204,1 Mio. EUR (Vorjahr: 160,1 Mio. EUR). Das Eigenkapital des Konzerns per 31. Dezember 2010 betr\u00e4gt 85,5 Mio. EUR (Vorjahr: 79,5 Mio. EUR), die Eigenkapitalquote ging im Gesch\u00e4ftsjahr 2010 aufgrund des Anstiegs der Bilanzsumme von 50% auf 42% am 31. Dezember 2010 zur\u00fcck. Die langfristigen und kurzfristigen Finanzschulden im Konzern stiegen zum 31. Dezember 2010 auf 32,5 Mio. EUR (Vorjahr: 8,8 Mio. EUR) zuz\u00fcglich Genussrechtskapital von 13,0 Mio. EUR. Die liquiden Mittel erh\u00f6hten sich auf 61,3 Mio. EUR (Vorjahr: 49,2 Mio. EUR).<\/p>\n<p>Gewinnverwendung<\/p>\n<p>Vorstand und Aufsichtsrat haben heute, am 15. April 2011, beschlossen, der Hauptversammlung vorzuschlagen, aus dem im Jahresabschluss der Allgeier Holding AG ausgewiesenen Bilanzgewinn per 31. Dezember 2010 in H\u00f6he von 46.821.753,34 EUR eine Dividende in H\u00f6he von 0,50 EUR je Aktie an die Aktion\u00e4re auszusch\u00fctten. Der verbleibende Bilanzgewinn soll auf neue Rechnung vorgetragen werden.<\/p>\n<p>Der Gesch\u00e4ftsbericht 2010 wird am 29. April 2011 ver\u00f6ffentlicht und ist dann unter<a href=\"https:\/\/www.allgeier.com\/\" target=\"_blank\">www.allgeier.com<\/a> einzusehen.<\/p>\n","protected":false},"excerpt":{"rendered":"<p>Der Aufsichtsrat der Allgeier Holding AG (ISIN DE000508630 \/ WKN 508630) hat in seiner Sitzung am 15. April 2011 den testierten Jahres- und Konzernabschluss der Allgeier Holding AG f\u00fcr das Gesch\u00e4ftsjahr 2010 gebilligt. Der Jahresabschluss ist damit festgestellt. Die finalen Konzernzahlen entsprechen im Wesentlichen den in der Ad-hoc-Mitteilung vom 18. Februar 2011 angek\u00fcndigten vorl\u00e4ufigen Zahlen. &hellip; <\/p>\n","protected":false},"author":1,"featured_media":0,"parent":554,"menu_order":0,"comment_status":"open","ping_status":"open","template":"","meta":{"_acf_changed":false,"footnotes":""},"categories":[],"tags":[],"class_list":["post-1370","page","type-page","status-publish","hentry"],"acf":[],"yoast_head":"<!-- This site is optimized with the Yoast SEO plugin v27.4 - https:\/\/yoast.com\/product\/yoast-seo-wordpress\/ -->\n<title>april-15-2011 - Allgeier SE<\/title>\n<meta name=\"robots\" content=\"index, follow, max-snippet:-1, max-image-preview:large, max-video-preview:-1\" \/>\n<link rel=\"canonical\" href=\"https:\/\/www.allgeier.com\/de\/investor-relations\/adhoc-archives\/2011-2\/april-15-2011\/\" \/>\n<meta property=\"og:locale\" content=\"de_DE\" \/>\n<meta property=\"og:type\" content=\"article\" \/>\n<meta property=\"og:title\" content=\"april-15-2011 - Allgeier SE\" \/>\n<meta property=\"og:description\" content=\"Der Aufsichtsrat der Allgeier Holding AG (ISIN DE000508630 \/ WKN 508630) hat in seiner Sitzung am 15. April 2011 den testierten Jahres- und Konzernabschluss der Allgeier Holding AG f\u00fcr das Gesch\u00e4ftsjahr 2010 gebilligt. Der Jahresabschluss ist damit festgestellt. Die finalen Konzernzahlen entsprechen im Wesentlichen den in der Ad-hoc-Mitteilung vom 18. Februar 2011 angek\u00fcndigten vorl\u00e4ufigen Zahlen. &hellip;\" \/>\n<meta property=\"og:url\" content=\"https:\/\/www.allgeier.com\/de\/investor-relations\/adhoc-archives\/2011-2\/april-15-2011\/\" \/>\n<meta property=\"og:site_name\" content=\"Allgeier SE\" \/>\n<meta property=\"article:modified_time\" content=\"2015-03-13T11:19:52+00:00\" \/>\n<meta name=\"twitter:card\" content=\"summary_large_image\" \/>\n<meta name=\"twitter:label1\" content=\"Gesch\u00e4tzte Lesezeit\" \/>\n\t<meta name=\"twitter:data1\" content=\"1\u00a0Minute\" \/>\n<script type=\"application\/ld+json\" class=\"yoast-schema-graph\">{\"@context\":\"https:\\\/\\\/schema.org\",\"@graph\":[{\"@type\":\"WebPage\",\"@id\":\"https:\\\/\\\/www.allgeier.com\\\/de\\\/investor-relations\\\/adhoc-archives\\\/2011-2\\\/april-15-2011\\\/\",\"url\":\"https:\\\/\\\/www.allgeier.com\\\/de\\\/investor-relations\\\/adhoc-archives\\\/2011-2\\\/april-15-2011\\\/\",\"name\":\"april-15-2011 - Allgeier SE\",\"isPartOf\":{\"@id\":\"https:\\\/\\\/www.allgeier.com\\\/de\\\/#website\"},\"datePublished\":\"2011-04-15T11:11:57+00:00\",\"dateModified\":\"2015-03-13T11:19:52+00:00\",\"breadcrumb\":{\"@id\":\"https:\\\/\\\/www.allgeier.com\\\/de\\\/investor-relations\\\/adhoc-archives\\\/2011-2\\\/april-15-2011\\\/#breadcrumb\"},\"inLanguage\":\"de\",\"potentialAction\":[{\"@type\":\"ReadAction\",\"target\":[\"https:\\\/\\\/www.allgeier.com\\\/de\\\/investor-relations\\\/adhoc-archives\\\/2011-2\\\/april-15-2011\\\/\"]}]},{\"@type\":\"BreadcrumbList\",\"@id\":\"https:\\\/\\\/www.allgeier.com\\\/de\\\/investor-relations\\\/adhoc-archives\\\/2011-2\\\/april-15-2011\\\/#breadcrumb\",\"itemListElement\":[{\"@type\":\"ListItem\",\"position\":1,\"name\":\"Home\",\"item\":\"https:\\\/\\\/www.allgeier.com\\\/de\\\/\"},{\"@type\":\"ListItem\",\"position\":2,\"name\":\"Investor Relations\",\"item\":\"https:\\\/\\\/www.allgeier.com\\\/de\\\/investor-relations\\\/\"},{\"@type\":\"ListItem\",\"position\":3,\"name\":\"Ad hoc-Archiv\",\"item\":\"https:\\\/\\\/www.allgeier.com\\\/de\\\/investor-relations\\\/adhoc-archives\\\/\"},{\"@type\":\"ListItem\",\"position\":4,\"name\":\"2011\",\"item\":\"https:\\\/\\\/www.allgeier.com\\\/de\\\/investor-relations\\\/adhoc-archives\\\/2011-2\\\/\"},{\"@type\":\"ListItem\",\"position\":5,\"name\":\"april-15-2011\"}]},{\"@type\":\"WebSite\",\"@id\":\"https:\\\/\\\/www.allgeier.com\\\/de\\\/#website\",\"url\":\"https:\\\/\\\/www.allgeier.com\\\/de\\\/\",\"name\":\"Allgeier SE\",\"description\":\"Software &amp; IT Services for digital transformation\",\"potentialAction\":[{\"@type\":\"SearchAction\",\"target\":{\"@type\":\"EntryPoint\",\"urlTemplate\":\"https:\\\/\\\/www.allgeier.com\\\/de\\\/?s={search_term_string}\"},\"query-input\":{\"@type\":\"PropertyValueSpecification\",\"valueRequired\":true,\"valueName\":\"search_term_string\"}}],\"inLanguage\":\"de\"}]}<\/script>\n<!-- \/ Yoast SEO plugin. -->","yoast_head_json":{"title":"april-15-2011 - Allgeier SE","robots":{"index":"index","follow":"follow","max-snippet":"max-snippet:-1","max-image-preview":"max-image-preview:large","max-video-preview":"max-video-preview:-1"},"canonical":"https:\/\/www.allgeier.com\/de\/investor-relations\/adhoc-archives\/2011-2\/april-15-2011\/","og_locale":"de_DE","og_type":"article","og_title":"april-15-2011 - Allgeier SE","og_description":"Der Aufsichtsrat der Allgeier Holding AG (ISIN DE000508630 \/ WKN 508630) hat in seiner Sitzung am 15. April 2011 den testierten Jahres- und Konzernabschluss der Allgeier Holding AG f\u00fcr das Gesch\u00e4ftsjahr 2010 gebilligt. Der Jahresabschluss ist damit festgestellt. Die finalen Konzernzahlen entsprechen im Wesentlichen den in der Ad-hoc-Mitteilung vom 18. Februar 2011 angek\u00fcndigten vorl\u00e4ufigen Zahlen. &hellip;","og_url":"https:\/\/www.allgeier.com\/de\/investor-relations\/adhoc-archives\/2011-2\/april-15-2011\/","og_site_name":"Allgeier SE","article_modified_time":"2015-03-13T11:19:52+00:00","twitter_card":"summary_large_image","twitter_misc":{"Gesch\u00e4tzte Lesezeit":"1\u00a0Minute"},"schema":{"@context":"https:\/\/schema.org","@graph":[{"@type":"WebPage","@id":"https:\/\/www.allgeier.com\/de\/investor-relations\/adhoc-archives\/2011-2\/april-15-2011\/","url":"https:\/\/www.allgeier.com\/de\/investor-relations\/adhoc-archives\/2011-2\/april-15-2011\/","name":"april-15-2011 - Allgeier SE","isPartOf":{"@id":"https:\/\/www.allgeier.com\/de\/#website"},"datePublished":"2011-04-15T11:11:57+00:00","dateModified":"2015-03-13T11:19:52+00:00","breadcrumb":{"@id":"https:\/\/www.allgeier.com\/de\/investor-relations\/adhoc-archives\/2011-2\/april-15-2011\/#breadcrumb"},"inLanguage":"de","potentialAction":[{"@type":"ReadAction","target":["https:\/\/www.allgeier.com\/de\/investor-relations\/adhoc-archives\/2011-2\/april-15-2011\/"]}]},{"@type":"BreadcrumbList","@id":"https:\/\/www.allgeier.com\/de\/investor-relations\/adhoc-archives\/2011-2\/april-15-2011\/#breadcrumb","itemListElement":[{"@type":"ListItem","position":1,"name":"Home","item":"https:\/\/www.allgeier.com\/de\/"},{"@type":"ListItem","position":2,"name":"Investor Relations","item":"https:\/\/www.allgeier.com\/de\/investor-relations\/"},{"@type":"ListItem","position":3,"name":"Ad hoc-Archiv","item":"https:\/\/www.allgeier.com\/de\/investor-relations\/adhoc-archives\/"},{"@type":"ListItem","position":4,"name":"2011","item":"https:\/\/www.allgeier.com\/de\/investor-relations\/adhoc-archives\/2011-2\/"},{"@type":"ListItem","position":5,"name":"april-15-2011"}]},{"@type":"WebSite","@id":"https:\/\/www.allgeier.com\/de\/#website","url":"https:\/\/www.allgeier.com\/de\/","name":"Allgeier SE","description":"Software &amp; IT Services for digital transformation","potentialAction":[{"@type":"SearchAction","target":{"@type":"EntryPoint","urlTemplate":"https:\/\/www.allgeier.com\/de\/?s={search_term_string}"},"query-input":{"@type":"PropertyValueSpecification","valueRequired":true,"valueName":"search_term_string"}}],"inLanguage":"de"}]}},"_links":{"self":[{"href":"https:\/\/www.allgeier.com\/de\/wp-json\/wp\/v2\/pages\/1370","targetHints":{"allow":["GET"]}}],"collection":[{"href":"https:\/\/www.allgeier.com\/de\/wp-json\/wp\/v2\/pages"}],"about":[{"href":"https:\/\/www.allgeier.com\/de\/wp-json\/wp\/v2\/types\/page"}],"author":[{"embeddable":true,"href":"https:\/\/www.allgeier.com\/de\/wp-json\/wp\/v2\/users\/1"}],"replies":[{"embeddable":true,"href":"https:\/\/www.allgeier.com\/de\/wp-json\/wp\/v2\/comments?post=1370"}],"version-history":[{"count":0,"href":"https:\/\/www.allgeier.com\/de\/wp-json\/wp\/v2\/pages\/1370\/revisions"}],"up":[{"embeddable":true,"href":"https:\/\/www.allgeier.com\/de\/wp-json\/wp\/v2\/pages\/554"}],"wp:attachment":[{"href":"https:\/\/www.allgeier.com\/de\/wp-json\/wp\/v2\/media?parent=1370"}],"wp:term":[{"taxonomy":"category","embeddable":true,"href":"https:\/\/www.allgeier.com\/de\/wp-json\/wp\/v2\/categories?post=1370"},{"taxonomy":"post_tag","embeddable":true,"href":"https:\/\/www.allgeier.com\/de\/wp-json\/wp\/v2\/tags?post=1370"}],"curies":[{"name":"wp","href":"https:\/\/api.w.org\/{rel}","templated":true}]}}