{"id":1379,"date":"2014-04-29T11:16:51","date_gmt":"2014-04-29T11:16:51","guid":{"rendered":"http:\/\/www.allgeier.com\/de\/?page_id=1379"},"modified":"2025-02-05T18:25:44","modified_gmt":"2025-02-05T18:25:44","slug":"1379-2","status":"publish","type":"page","link":"https:\/\/www.allgeier.com\/de\/pressroom\/press-releases\/1379-2\/","title":{"rendered":"29042014"},"content":{"rendered":"<p><i>Bremen 29.04.2014 \u2013 Allgeier IT Solutions f\u00fchrt die bisher oft getrennten IT-Welten von PACS, Dokumentenmanagement, Archivierung, Fax, Workflow-Steuerung, ECM und digitale Signaturen in einem vollst\u00e4ndig integrierten Gesamtsystem zusammen und setzt sie mit Hilfe modernster Software f\u00fcr die HealthCare-Branche um. Das Bremer IT-Unternehmen gestaltet durch sichere und wirtschaftliche IT-L\u00f6sungen in den Bereichen Software und Infrastruktur mit den Schwerpunkten Rechnungseingangsverarbeitung, Vertrags-, Qualit\u00e4ts- und E-Mail-Management sowie Organisation der Personalakten ein \u201epapierarmes Krankenhaus\u201c und bewirkt nachhaltig messbare betriebswirtschaftliche Effekte.<\/i><\/p>\n<p><b>Moderne Verwaltungsstrukturen st\u00fctzen das papierarme Krankenhaus<\/b><\/p>\n<p class=\"grundschriftinitial1\">In der Krankenhaus-Verwaltung sowie der medizinischen Aufnahme, Versorgung, Behandlung und Entlassung liegen auf Prozessebene h\u00e4ufig erhebliche Verbesserungspotenziale. Rascher, bequemer Zugriff auf Informationen spielt eine zentrale Rolle, etwa f\u00fcr die Liquidit\u00e4t und Erl\u00f6ssicherung. Eine vollst\u00e4ndige Dokumentation stellt die Voraussetzung f\u00fcr eine angemessene Kodierung und Abrechnung dar. Die optimale Bearbeitung von MDK-Pr\u00fcfanzeigen im vorgegebenen Zeitfenster erfordert ebenfalls die komfortable Verf\u00fcgbarkeit aller notwendigen klinischen Informationen. In Erg\u00e4nzung zum multimedialen Dokumenten- und Archivsystem stehen leistungsstarke L\u00f6sungen wie Allgeier mECM, die die Verwaltungsabl\u00e4ufe rund um E-Mail-Management, Rechnungseingangsverarbeitung, Vertragsmanagement, Qualit\u00e4tsmanagement und Organisation der Personalakten zur Verf\u00fcgung. Ein integrierter Workflow-Designer erm\u00f6glicht das Prozess-Design durch die Consultants oder durch die Krankenh\u00e4user selbst und verk\u00fcrzt erheblich Bearbeitungs- und Durchlaufzeiten.<\/p>\n<p><b>Klinische und administrative Prozesse zentralisieren<\/b><\/p>\n<p class=\"grundschriftinitial1\">Die intelligente Zusammenf\u00fchrung bew\u00e4hrter L\u00f6sungen f\u00fcr Enterprise Content Management (Allgeier mECM), Picture Archiving and Communication System (PACS) sowie dem multimedialen Dokumentenmanagement- und Archivsystem (Allgeier mDMAS) verspricht besondere Qualit\u00e4t zu wirtschaftlichen Konditionen (TCO = Total Cost of Ownership) und einer entsprechenden Erwartung eines hohen Return on Investment (ROI).<\/p>\n<p class=\"grundschriftinitial1\">\u201eUnser Ansatz ist, Kunden zu beraten und auf dem Weg zum papierarmen Krankenhaus gemeinsam wirtschaftliche L\u00f6sungen auszuw\u00e4hlen. Diese erzeugen meistens kurzfristig binnen eines Jahres, oft sogar ab dem Monat der Einf\u00fchrung, messbare Effekte, welche sich im Krankenhaus konkret nachweisen lassen und sich f\u00fcr die Projekte rechnen. Dabei haben wir standardisierte Fachpakete sowie L\u00f6sungen und Produkte auf hohem Qualit\u00e4tsniveau mit vielf\u00e4ltigen individuellen Gestaltungsm\u00f6glichkeiten. Aktuelle Kundenprojekte zeigen, dass wir damit den unternehmerischen Herausforderungen der Krankenh\u00e4user gerecht werden.\u201c, sagt Bernhard Beslmeisl, Gesch\u00e4ftsf\u00fchrer der Allgeier IT Solutions. Key Performance Indikatoren (KPI) sind u.a. das Nutzen von Skonto und K\u00fcndigungsfristen.<\/p>\n<p class=\"grundschriftinitial1\">Weitere Dienstleistungen der Allgeier IT Solutions runden das Gesamtkonzept ab: Mit Hilfe der ScanFactory werden tausende Patientenakten professionell digitalisiert und dem System zur Verf\u00fcgung gestellt. Dabei werden die Akten gescannt, automatisiert oder manuell verschlagwortet, indexiert sowie revisionssicher gespeichert und dem System Krankenhaus zugef\u00fchrt. \u201eAls Scan-Dienstleister sind wir international bekannt, und es ist konsequent, auch in Deutschland zu den digitalen L\u00f6sungen den Bereich Aktenlagerung und Scan-Services zu etablieren.\u201c, stellt Bernhard Beslmeisl die Strategie dar.<\/p>\n<p><b>Allgeier IT Solutions auf der conhIT<\/b><\/p>\n<p>Auf der diesj\u00e4hrigen conhIT vom 06. \u2013 08. Mai 2014 in Berlin k\u00f6nnen Krankenh\u00e4user sowie weitere medizinische Einrichtungen die M\u00f6glichkeiten zum papierarmen Krankenhausbetrieb auf dem Allgeier-Stand in Halle 2.2\/E-114 mit Vertretern aus Klinik und den HealthCare-IT-Experten der Allgeier-Gruppe diskutieren und bewerten.<\/p>\n<p class=\"KeinLeerraum1\"><b><br \/>\n\u00dcber Allgeier IT Solutions:<\/b><\/p>\n<p>Die Allgeier IT Solutions GmbH mit Sitz in Bremen wurde 1977 als Allgeier Computer GmbH gegr\u00fcndet. Das Unternehmen ist Teil der b\u00f6rsennotierten Allgeier SE und hat sich auf die Entwicklung, Vermarktung und Umsetzung ganzheitlicher L\u00f6sungen und Services in den Bereichen Cloud Solutions, Enterprise Content Management, Business Solutions, Compliance &amp; Security und Business Services spezialisiert. Das umfassende Leistungsspektrum von vollst\u00e4ndig integrierten IT Solutions und IT Services aus einer Hand macht Allgeier mit neun deutschlandweiten Standorten und einer Dependance in Wien, \u00d6sterreich, zu einem kompetenten und zuverl\u00e4ssigen IT Partner f\u00fcr mittelst\u00e4ndische und gro\u00dfe Unternehmen. Das fl\u00e4chendeckende Vertriebs- und Servicenetz wird erg\u00e4nzt durch ein europaweites Partnernetzwerk. Die Allgeier SE erwirtschaftete 2012 einen Umsatz von 423 Mio. EUR. Im Rahmen der allj\u00e4hrlichen Kundenumfrage von COMPUTERWOCHE und ChannelPartner wurde Allgeier zum \u201eBesten Systemhaus 2013\u201c gew\u00e4hlt.<\/p>\n<p><a href=\"https:\/\/www.allgeier.com\/de\/wp-content\/uploads\/sites\/3\/2015\/03\/13-01-AITS-Logo.png\"><img loading=\"lazy\" decoding=\"async\" class=\"alignleft  wp-image-1029\" src=\"https:\/\/www.allgeier.com\/de\/wp-content\/uploads\/sites\/3\/2015\/03\/13-01-AITS-Logo.png\" alt=\"13-01-AITS-Logo\" width=\"461\" height=\"116\" srcset=\"https:\/\/www.allgeier.com\/de\/wp-content\/uploads\/sites\/3\/2015\/03\/13-01-AITS-Logo.png 1330w, https:\/\/www.allgeier.com\/de\/wp-content\/uploads\/sites\/3\/2015\/03\/13-01-AITS-Logo-300x75.png 300w, https:\/\/www.allgeier.com\/de\/wp-content\/uploads\/sites\/3\/2015\/03\/13-01-AITS-Logo-1024x257.png 1024w\" sizes=\"auto, (max-width: 461px) 100vw, 461px\" \/><\/a><\/p>\n","protected":false},"excerpt":{"rendered":"<p>Bremen 29.04.2014 \u2013 Allgeier IT Solutions f\u00fchrt die bisher oft getrennten IT-Welten von PACS, Dokumentenmanagement, Archivierung, Fax, Workflow-Steuerung, ECM und digitale Signaturen in einem vollst\u00e4ndig integrierten Gesamtsystem zusammen und setzt sie mit Hilfe modernster Software f\u00fcr die HealthCare-Branche um. Das Bremer IT-Unternehmen gestaltet durch sichere und wirtschaftliche IT-L\u00f6sungen in den Bereichen Software und Infrastruktur mit &hellip; <\/p>\n","protected":false},"author":1,"featured_media":0,"parent":1169,"menu_order":0,"comment_status":"open","ping_status":"open","template":"","meta":{"_acf_changed":false,"footnotes":""},"categories":[7],"tags":[],"class_list":["post-1379","page","type-page","status-publish","hentry","category-pressemitteilungen"],"acf":[],"yoast_head":"<!-- This site is optimized with the Yoast SEO plugin v27.4 - https:\/\/yoast.com\/product\/yoast-seo-wordpress\/ -->\n<title>29042014 - Allgeier SE<\/title>\n<meta name=\"robots\" content=\"index, follow, max-snippet:-1, max-image-preview:large, max-video-preview:-1\" \/>\n<link rel=\"canonical\" href=\"https:\/\/www.allgeier.com\/de\/pressroom\/press-releases\/1379-2\/\" \/>\n<meta property=\"og:locale\" content=\"de_DE\" \/>\n<meta property=\"og:type\" content=\"article\" \/>\n<meta property=\"og:title\" content=\"29042014 - Allgeier SE\" \/>\n<meta property=\"og:description\" content=\"Bremen 29.04.2014 \u2013 Allgeier IT Solutions f\u00fchrt die bisher oft getrennten IT-Welten von PACS, Dokumentenmanagement, Archivierung, Fax, Workflow-Steuerung, ECM und digitale Signaturen in einem vollst\u00e4ndig integrierten Gesamtsystem zusammen und setzt sie mit Hilfe modernster Software f\u00fcr die HealthCare-Branche um. Das Bremer IT-Unternehmen gestaltet durch sichere und wirtschaftliche IT-L\u00f6sungen in den Bereichen Software und Infrastruktur mit &hellip;\" \/>\n<meta property=\"og:url\" content=\"https:\/\/www.allgeier.com\/de\/pressroom\/press-releases\/1379-2\/\" \/>\n<meta property=\"og:site_name\" content=\"Allgeier SE\" \/>\n<meta property=\"article:modified_time\" content=\"2025-02-05T18:25:44+00:00\" \/>\n<meta property=\"og:image\" content=\"https:\/\/www.allgeier.com\/de\/wp-content\/uploads\/sites\/3\/2015\/03\/13-01-AITS-Logo.png\" \/>\n\t<meta property=\"og:image:width\" content=\"1330\" \/>\n\t<meta property=\"og:image:height\" content=\"334\" \/>\n\t<meta property=\"og:image:type\" content=\"image\/png\" \/>\n<meta name=\"twitter:card\" content=\"summary_large_image\" \/>\n<meta name=\"twitter:label1\" content=\"Gesch\u00e4tzte Lesezeit\" \/>\n\t<meta name=\"twitter:data1\" content=\"4\u00a0Minuten\" \/>\n<script type=\"application\/ld+json\" class=\"yoast-schema-graph\">{\"@context\":\"https:\\\/\\\/schema.org\",\"@graph\":[{\"@type\":\"WebPage\",\"@id\":\"https:\\\/\\\/www.allgeier.com\\\/de\\\/pressroom\\\/press-releases\\\/1379-2\\\/\",\"url\":\"https:\\\/\\\/www.allgeier.com\\\/de\\\/pressroom\\\/press-releases\\\/1379-2\\\/\",\"name\":\"29042014 - Allgeier SE\",\"isPartOf\":{\"@id\":\"https:\\\/\\\/www.allgeier.com\\\/de\\\/#website\"},\"primaryImageOfPage\":{\"@id\":\"https:\\\/\\\/www.allgeier.com\\\/de\\\/pressroom\\\/press-releases\\\/1379-2\\\/#primaryimage\"},\"image\":{\"@id\":\"https:\\\/\\\/www.allgeier.com\\\/de\\\/pressroom\\\/press-releases\\\/1379-2\\\/#primaryimage\"},\"thumbnailUrl\":\"https:\\\/\\\/www.allgeier.com\\\/de\\\/wp-content\\\/uploads\\\/sites\\\/3\\\/2015\\\/03\\\/13-01-AITS-Logo.png\",\"datePublished\":\"2014-04-29T11:16:51+00:00\",\"dateModified\":\"2025-02-05T18:25:44+00:00\",\"breadcrumb\":{\"@id\":\"https:\\\/\\\/www.allgeier.com\\\/de\\\/pressroom\\\/press-releases\\\/1379-2\\\/#breadcrumb\"},\"inLanguage\":\"de\",\"potentialAction\":[{\"@type\":\"ReadAction\",\"target\":[\"https:\\\/\\\/www.allgeier.com\\\/de\\\/pressroom\\\/press-releases\\\/1379-2\\\/\"]}]},{\"@type\":\"ImageObject\",\"inLanguage\":\"de\",\"@id\":\"https:\\\/\\\/www.allgeier.com\\\/de\\\/pressroom\\\/press-releases\\\/1379-2\\\/#primaryimage\",\"url\":\"https:\\\/\\\/www.allgeier.com\\\/de\\\/wp-content\\\/uploads\\\/sites\\\/3\\\/2015\\\/03\\\/13-01-AITS-Logo.png\",\"contentUrl\":\"https:\\\/\\\/www.allgeier.com\\\/de\\\/wp-content\\\/uploads\\\/sites\\\/3\\\/2015\\\/03\\\/13-01-AITS-Logo.png\",\"width\":1330,\"height\":334},{\"@type\":\"BreadcrumbList\",\"@id\":\"https:\\\/\\\/www.allgeier.com\\\/de\\\/pressroom\\\/press-releases\\\/1379-2\\\/#breadcrumb\",\"itemListElement\":[{\"@type\":\"ListItem\",\"position\":1,\"name\":\"Home\",\"item\":\"https:\\\/\\\/www.allgeier.com\\\/de\\\/\"},{\"@type\":\"ListItem\",\"position\":2,\"name\":\"Presse\",\"item\":\"https:\\\/\\\/www.allgeier.com\\\/de\\\/pressroom\\\/\"},{\"@type\":\"ListItem\",\"position\":3,\"name\":\"Pressemitteilungen\",\"item\":\"https:\\\/\\\/www.allgeier.com\\\/de\\\/pressroom\\\/press-releases\\\/\"},{\"@type\":\"ListItem\",\"position\":4,\"name\":\"29042014\"}]},{\"@type\":\"WebSite\",\"@id\":\"https:\\\/\\\/www.allgeier.com\\\/de\\\/#website\",\"url\":\"https:\\\/\\\/www.allgeier.com\\\/de\\\/\",\"name\":\"Allgeier SE\",\"description\":\"Software &amp; IT Services for digital transformation\",\"potentialAction\":[{\"@type\":\"SearchAction\",\"target\":{\"@type\":\"EntryPoint\",\"urlTemplate\":\"https:\\\/\\\/www.allgeier.com\\\/de\\\/?s={search_term_string}\"},\"query-input\":{\"@type\":\"PropertyValueSpecification\",\"valueRequired\":true,\"valueName\":\"search_term_string\"}}],\"inLanguage\":\"de\"}]}<\/script>\n<!-- \/ Yoast SEO plugin. -->","yoast_head_json":{"title":"29042014 - Allgeier SE","robots":{"index":"index","follow":"follow","max-snippet":"max-snippet:-1","max-image-preview":"max-image-preview:large","max-video-preview":"max-video-preview:-1"},"canonical":"https:\/\/www.allgeier.com\/de\/pressroom\/press-releases\/1379-2\/","og_locale":"de_DE","og_type":"article","og_title":"29042014 - Allgeier SE","og_description":"Bremen 29.04.2014 \u2013 Allgeier IT Solutions f\u00fchrt die bisher oft getrennten IT-Welten von PACS, Dokumentenmanagement, Archivierung, Fax, Workflow-Steuerung, ECM und digitale Signaturen in einem vollst\u00e4ndig integrierten Gesamtsystem zusammen und setzt sie mit Hilfe modernster Software f\u00fcr die HealthCare-Branche um. Das Bremer IT-Unternehmen gestaltet durch sichere und wirtschaftliche IT-L\u00f6sungen in den Bereichen Software und Infrastruktur mit &hellip;","og_url":"https:\/\/www.allgeier.com\/de\/pressroom\/press-releases\/1379-2\/","og_site_name":"Allgeier SE","article_modified_time":"2025-02-05T18:25:44+00:00","og_image":[{"width":1330,"height":334,"url":"https:\/\/www.allgeier.com\/de\/wp-content\/uploads\/sites\/3\/2015\/03\/13-01-AITS-Logo.png","type":"image\/png"}],"twitter_card":"summary_large_image","twitter_misc":{"Gesch\u00e4tzte Lesezeit":"4\u00a0Minuten"},"schema":{"@context":"https:\/\/schema.org","@graph":[{"@type":"WebPage","@id":"https:\/\/www.allgeier.com\/de\/pressroom\/press-releases\/1379-2\/","url":"https:\/\/www.allgeier.com\/de\/pressroom\/press-releases\/1379-2\/","name":"29042014 - Allgeier SE","isPartOf":{"@id":"https:\/\/www.allgeier.com\/de\/#website"},"primaryImageOfPage":{"@id":"https:\/\/www.allgeier.com\/de\/pressroom\/press-releases\/1379-2\/#primaryimage"},"image":{"@id":"https:\/\/www.allgeier.com\/de\/pressroom\/press-releases\/1379-2\/#primaryimage"},"thumbnailUrl":"https:\/\/www.allgeier.com\/de\/wp-content\/uploads\/sites\/3\/2015\/03\/13-01-AITS-Logo.png","datePublished":"2014-04-29T11:16:51+00:00","dateModified":"2025-02-05T18:25:44+00:00","breadcrumb":{"@id":"https:\/\/www.allgeier.com\/de\/pressroom\/press-releases\/1379-2\/#breadcrumb"},"inLanguage":"de","potentialAction":[{"@type":"ReadAction","target":["https:\/\/www.allgeier.com\/de\/pressroom\/press-releases\/1379-2\/"]}]},{"@type":"ImageObject","inLanguage":"de","@id":"https:\/\/www.allgeier.com\/de\/pressroom\/press-releases\/1379-2\/#primaryimage","url":"https:\/\/www.allgeier.com\/de\/wp-content\/uploads\/sites\/3\/2015\/03\/13-01-AITS-Logo.png","contentUrl":"https:\/\/www.allgeier.com\/de\/wp-content\/uploads\/sites\/3\/2015\/03\/13-01-AITS-Logo.png","width":1330,"height":334},{"@type":"BreadcrumbList","@id":"https:\/\/www.allgeier.com\/de\/pressroom\/press-releases\/1379-2\/#breadcrumb","itemListElement":[{"@type":"ListItem","position":1,"name":"Home","item":"https:\/\/www.allgeier.com\/de\/"},{"@type":"ListItem","position":2,"name":"Presse","item":"https:\/\/www.allgeier.com\/de\/pressroom\/"},{"@type":"ListItem","position":3,"name":"Pressemitteilungen","item":"https:\/\/www.allgeier.com\/de\/pressroom\/press-releases\/"},{"@type":"ListItem","position":4,"name":"29042014"}]},{"@type":"WebSite","@id":"https:\/\/www.allgeier.com\/de\/#website","url":"https:\/\/www.allgeier.com\/de\/","name":"Allgeier SE","description":"Software &amp; IT Services for digital transformation","potentialAction":[{"@type":"SearchAction","target":{"@type":"EntryPoint","urlTemplate":"https:\/\/www.allgeier.com\/de\/?s={search_term_string}"},"query-input":{"@type":"PropertyValueSpecification","valueRequired":true,"valueName":"search_term_string"}}],"inLanguage":"de"}]}},"_links":{"self":[{"href":"https:\/\/www.allgeier.com\/de\/wp-json\/wp\/v2\/pages\/1379","targetHints":{"allow":["GET"]}}],"collection":[{"href":"https:\/\/www.allgeier.com\/de\/wp-json\/wp\/v2\/pages"}],"about":[{"href":"https:\/\/www.allgeier.com\/de\/wp-json\/wp\/v2\/types\/page"}],"author":[{"embeddable":true,"href":"https:\/\/www.allgeier.com\/de\/wp-json\/wp\/v2\/users\/1"}],"replies":[{"embeddable":true,"href":"https:\/\/www.allgeier.com\/de\/wp-json\/wp\/v2\/comments?post=1379"}],"version-history":[{"count":0,"href":"https:\/\/www.allgeier.com\/de\/wp-json\/wp\/v2\/pages\/1379\/revisions"}],"up":[{"embeddable":true,"href":"https:\/\/www.allgeier.com\/de\/wp-json\/wp\/v2\/pages\/1169"}],"wp:attachment":[{"href":"https:\/\/www.allgeier.com\/de\/wp-json\/wp\/v2\/media?parent=1379"}],"wp:term":[{"taxonomy":"category","embeddable":true,"href":"https:\/\/www.allgeier.com\/de\/wp-json\/wp\/v2\/categories?post=1379"},{"taxonomy":"post_tag","embeddable":true,"href":"https:\/\/www.allgeier.com\/de\/wp-json\/wp\/v2\/tags?post=1379"}],"curies":[{"name":"wp","href":"https:\/\/api.w.org\/{rel}","templated":true}]}}