{"id":1380,"date":"2011-03-14T11:17:04","date_gmt":"2011-03-14T11:17:04","guid":{"rendered":"http:\/\/www.allgeier.com\/de\/?page_id=1380"},"modified":"2015-03-13T11:17:48","modified_gmt":"2015-03-13T11:17:48","slug":"march-15-2011","status":"publish","type":"page","link":"https:\/\/www.allgeier.com\/de\/investor-relations\/adhoc-archives\/2011-2\/march-15-2011\/","title":{"rendered":"march-15-2011"},"content":{"rendered":"<p>Die Allgeier Holding AG (ISIN: DE0005086300; WKN: 508630) startet ein Aktienr\u00fcckkaufprogramm. Der Vorstand hat dies in seiner heutigen Sitzung beschlossen. Dem Beschluss liegt die von der Hauptversammlung am 17. Juni 2010 beschlossene Erm\u00e4chtigung zum Erwerb eigener Aktien gem\u00e4\u00df \u00a7 71 Abs. 1 Ziff. 8 AktG zugrunde. Das Programm l\u00e4uft zun\u00e4chst bis zum 31. Dezember 2011.<\/p>\n<p>Die erworbenen eigenen Aktien sollen insbesondere dem Zweck dienen, dass die Gesellschaft diese als Gegenleistung beim Erwerb von Unternehmen oder Teilen (Verm\u00f6gensgegenst\u00e4nden) von Unternehmen oder Beteiligungen an Unternehmen einsetzen kann.<\/p>\n<p>Das Aktienr\u00fcckkaufprogramm hat folgende Eckpunkte:<\/p>\n<p>Volumen von bis zu 230.000 St\u00fcckaktien (ca. 2,54% des Grundkapitals)<br \/>\nErwerb \u00fcber die B\u00f6rse )<br \/>\nDurchf\u00fchrung durch eine Bank, die die Erwerbe selbst\u00e4ndig und unabh\u00e4ngig unter Vorgabe eines maximalen Kaufkurses t\u00e4tigt )<br \/>\nBeachtung der Vorschriften des Aktiengesetzes und des Wertpapierhandelsgesetzes (insbesondere \u00a7 20a WpHG und der Verordnung (EG) NR. 2273\/2003))<br \/>\nEnde des Programms am 31. Dezember 2011.<\/p>\n<p>Mit der Durchf\u00fchrung des letzten Aktienr\u00fcckkaufprogramms bis zum 30. M\u00e4rz 2010 hat die Gesellschaft insgesamt bereits 674.229 St\u00fcck eigene Aktien erworben. Dies entspricht 7,43% des Grundkapitals.<\/p>\n","protected":false},"excerpt":{"rendered":"<p>Die Allgeier Holding AG (ISIN: DE0005086300; WKN: 508630) startet ein Aktienr\u00fcckkaufprogramm. Der Vorstand hat dies in seiner heutigen Sitzung beschlossen. Dem Beschluss liegt die von der Hauptversammlung am 17. Juni 2010 beschlossene Erm\u00e4chtigung zum Erwerb eigener Aktien gem\u00e4\u00df \u00a7 71 Abs. 1 Ziff. 8 AktG zugrunde. Das Programm l\u00e4uft zun\u00e4chst bis zum 31. Dezember 2011. &hellip; <\/p>\n","protected":false},"author":1,"featured_media":0,"parent":554,"menu_order":0,"comment_status":"open","ping_status":"open","template":"","meta":{"_acf_changed":false,"footnotes":""},"categories":[],"tags":[],"class_list":["post-1380","page","type-page","status-publish","hentry"],"acf":[],"yoast_head":"<!-- This site is optimized with the Yoast SEO plugin v27.4 - https:\/\/yoast.com\/product\/yoast-seo-wordpress\/ -->\n<title>march-15-2011 - Allgeier SE<\/title>\n<meta name=\"robots\" content=\"index, follow, max-snippet:-1, max-image-preview:large, max-video-preview:-1\" \/>\n<link rel=\"canonical\" href=\"https:\/\/www.allgeier.com\/de\/investor-relations\/adhoc-archives\/2011-2\/march-15-2011\/\" \/>\n<meta property=\"og:locale\" content=\"de_DE\" \/>\n<meta property=\"og:type\" content=\"article\" \/>\n<meta property=\"og:title\" content=\"march-15-2011 - Allgeier SE\" \/>\n<meta property=\"og:description\" content=\"Die Allgeier Holding AG (ISIN: DE0005086300; WKN: 508630) startet ein Aktienr\u00fcckkaufprogramm. Der Vorstand hat dies in seiner heutigen Sitzung beschlossen. Dem Beschluss liegt die von der Hauptversammlung am 17. Juni 2010 beschlossene Erm\u00e4chtigung zum Erwerb eigener Aktien gem\u00e4\u00df \u00a7 71 Abs. 1 Ziff. 8 AktG zugrunde. Das Programm l\u00e4uft zun\u00e4chst bis zum 31. Dezember 2011. &hellip;\" \/>\n<meta property=\"og:url\" content=\"https:\/\/www.allgeier.com\/de\/investor-relations\/adhoc-archives\/2011-2\/march-15-2011\/\" \/>\n<meta property=\"og:site_name\" content=\"Allgeier SE\" \/>\n<meta property=\"article:modified_time\" content=\"2015-03-13T11:17:48+00:00\" \/>\n<meta name=\"twitter:card\" content=\"summary_large_image\" \/>\n<meta name=\"twitter:label1\" content=\"Gesch\u00e4tzte Lesezeit\" \/>\n\t<meta name=\"twitter:data1\" content=\"1\u00a0Minute\" \/>\n<script type=\"application\/ld+json\" class=\"yoast-schema-graph\">{\"@context\":\"https:\\\/\\\/schema.org\",\"@graph\":[{\"@type\":\"WebPage\",\"@id\":\"https:\\\/\\\/www.allgeier.com\\\/de\\\/investor-relations\\\/adhoc-archives\\\/2011-2\\\/march-15-2011\\\/\",\"url\":\"https:\\\/\\\/www.allgeier.com\\\/de\\\/investor-relations\\\/adhoc-archives\\\/2011-2\\\/march-15-2011\\\/\",\"name\":\"march-15-2011 - Allgeier SE\",\"isPartOf\":{\"@id\":\"https:\\\/\\\/www.allgeier.com\\\/de\\\/#website\"},\"datePublished\":\"2011-03-14T11:17:04+00:00\",\"dateModified\":\"2015-03-13T11:17:48+00:00\",\"breadcrumb\":{\"@id\":\"https:\\\/\\\/www.allgeier.com\\\/de\\\/investor-relations\\\/adhoc-archives\\\/2011-2\\\/march-15-2011\\\/#breadcrumb\"},\"inLanguage\":\"de\",\"potentialAction\":[{\"@type\":\"ReadAction\",\"target\":[\"https:\\\/\\\/www.allgeier.com\\\/de\\\/investor-relations\\\/adhoc-archives\\\/2011-2\\\/march-15-2011\\\/\"]}]},{\"@type\":\"BreadcrumbList\",\"@id\":\"https:\\\/\\\/www.allgeier.com\\\/de\\\/investor-relations\\\/adhoc-archives\\\/2011-2\\\/march-15-2011\\\/#breadcrumb\",\"itemListElement\":[{\"@type\":\"ListItem\",\"position\":1,\"name\":\"Home\",\"item\":\"https:\\\/\\\/www.allgeier.com\\\/de\\\/\"},{\"@type\":\"ListItem\",\"position\":2,\"name\":\"Investor Relations\",\"item\":\"https:\\\/\\\/www.allgeier.com\\\/de\\\/investor-relations\\\/\"},{\"@type\":\"ListItem\",\"position\":3,\"name\":\"Ad hoc-Archiv\",\"item\":\"https:\\\/\\\/www.allgeier.com\\\/de\\\/investor-relations\\\/adhoc-archives\\\/\"},{\"@type\":\"ListItem\",\"position\":4,\"name\":\"2011\",\"item\":\"https:\\\/\\\/www.allgeier.com\\\/de\\\/investor-relations\\\/adhoc-archives\\\/2011-2\\\/\"},{\"@type\":\"ListItem\",\"position\":5,\"name\":\"march-15-2011\"}]},{\"@type\":\"WebSite\",\"@id\":\"https:\\\/\\\/www.allgeier.com\\\/de\\\/#website\",\"url\":\"https:\\\/\\\/www.allgeier.com\\\/de\\\/\",\"name\":\"Allgeier SE\",\"description\":\"Software &amp; IT Services for digital transformation\",\"potentialAction\":[{\"@type\":\"SearchAction\",\"target\":{\"@type\":\"EntryPoint\",\"urlTemplate\":\"https:\\\/\\\/www.allgeier.com\\\/de\\\/?s={search_term_string}\"},\"query-input\":{\"@type\":\"PropertyValueSpecification\",\"valueRequired\":true,\"valueName\":\"search_term_string\"}}],\"inLanguage\":\"de\"}]}<\/script>\n<!-- \/ Yoast SEO plugin. -->","yoast_head_json":{"title":"march-15-2011 - Allgeier SE","robots":{"index":"index","follow":"follow","max-snippet":"max-snippet:-1","max-image-preview":"max-image-preview:large","max-video-preview":"max-video-preview:-1"},"canonical":"https:\/\/www.allgeier.com\/de\/investor-relations\/adhoc-archives\/2011-2\/march-15-2011\/","og_locale":"de_DE","og_type":"article","og_title":"march-15-2011 - Allgeier SE","og_description":"Die Allgeier Holding AG (ISIN: DE0005086300; WKN: 508630) startet ein Aktienr\u00fcckkaufprogramm. Der Vorstand hat dies in seiner heutigen Sitzung beschlossen. Dem Beschluss liegt die von der Hauptversammlung am 17. Juni 2010 beschlossene Erm\u00e4chtigung zum Erwerb eigener Aktien gem\u00e4\u00df \u00a7 71 Abs. 1 Ziff. 8 AktG zugrunde. Das Programm l\u00e4uft zun\u00e4chst bis zum 31. Dezember 2011. &hellip;","og_url":"https:\/\/www.allgeier.com\/de\/investor-relations\/adhoc-archives\/2011-2\/march-15-2011\/","og_site_name":"Allgeier SE","article_modified_time":"2015-03-13T11:17:48+00:00","twitter_card":"summary_large_image","twitter_misc":{"Gesch\u00e4tzte Lesezeit":"1\u00a0Minute"},"schema":{"@context":"https:\/\/schema.org","@graph":[{"@type":"WebPage","@id":"https:\/\/www.allgeier.com\/de\/investor-relations\/adhoc-archives\/2011-2\/march-15-2011\/","url":"https:\/\/www.allgeier.com\/de\/investor-relations\/adhoc-archives\/2011-2\/march-15-2011\/","name":"march-15-2011 - Allgeier SE","isPartOf":{"@id":"https:\/\/www.allgeier.com\/de\/#website"},"datePublished":"2011-03-14T11:17:04+00:00","dateModified":"2015-03-13T11:17:48+00:00","breadcrumb":{"@id":"https:\/\/www.allgeier.com\/de\/investor-relations\/adhoc-archives\/2011-2\/march-15-2011\/#breadcrumb"},"inLanguage":"de","potentialAction":[{"@type":"ReadAction","target":["https:\/\/www.allgeier.com\/de\/investor-relations\/adhoc-archives\/2011-2\/march-15-2011\/"]}]},{"@type":"BreadcrumbList","@id":"https:\/\/www.allgeier.com\/de\/investor-relations\/adhoc-archives\/2011-2\/march-15-2011\/#breadcrumb","itemListElement":[{"@type":"ListItem","position":1,"name":"Home","item":"https:\/\/www.allgeier.com\/de\/"},{"@type":"ListItem","position":2,"name":"Investor Relations","item":"https:\/\/www.allgeier.com\/de\/investor-relations\/"},{"@type":"ListItem","position":3,"name":"Ad hoc-Archiv","item":"https:\/\/www.allgeier.com\/de\/investor-relations\/adhoc-archives\/"},{"@type":"ListItem","position":4,"name":"2011","item":"https:\/\/www.allgeier.com\/de\/investor-relations\/adhoc-archives\/2011-2\/"},{"@type":"ListItem","position":5,"name":"march-15-2011"}]},{"@type":"WebSite","@id":"https:\/\/www.allgeier.com\/de\/#website","url":"https:\/\/www.allgeier.com\/de\/","name":"Allgeier SE","description":"Software &amp; IT Services for digital transformation","potentialAction":[{"@type":"SearchAction","target":{"@type":"EntryPoint","urlTemplate":"https:\/\/www.allgeier.com\/de\/?s={search_term_string}"},"query-input":{"@type":"PropertyValueSpecification","valueRequired":true,"valueName":"search_term_string"}}],"inLanguage":"de"}]}},"_links":{"self":[{"href":"https:\/\/www.allgeier.com\/de\/wp-json\/wp\/v2\/pages\/1380","targetHints":{"allow":["GET"]}}],"collection":[{"href":"https:\/\/www.allgeier.com\/de\/wp-json\/wp\/v2\/pages"}],"about":[{"href":"https:\/\/www.allgeier.com\/de\/wp-json\/wp\/v2\/types\/page"}],"author":[{"embeddable":true,"href":"https:\/\/www.allgeier.com\/de\/wp-json\/wp\/v2\/users\/1"}],"replies":[{"embeddable":true,"href":"https:\/\/www.allgeier.com\/de\/wp-json\/wp\/v2\/comments?post=1380"}],"version-history":[{"count":0,"href":"https:\/\/www.allgeier.com\/de\/wp-json\/wp\/v2\/pages\/1380\/revisions"}],"up":[{"embeddable":true,"href":"https:\/\/www.allgeier.com\/de\/wp-json\/wp\/v2\/pages\/554"}],"wp:attachment":[{"href":"https:\/\/www.allgeier.com\/de\/wp-json\/wp\/v2\/media?parent=1380"}],"wp:term":[{"taxonomy":"category","embeddable":true,"href":"https:\/\/www.allgeier.com\/de\/wp-json\/wp\/v2\/categories?post=1380"},{"taxonomy":"post_tag","embeddable":true,"href":"https:\/\/www.allgeier.com\/de\/wp-json\/wp\/v2\/tags?post=1380"}],"curies":[{"name":"wp","href":"https:\/\/api.w.org\/{rel}","templated":true}]}}