{"id":1382,"date":"2011-02-17T11:17:53","date_gmt":"2011-02-17T11:17:53","guid":{"rendered":"http:\/\/www.allgeier.com\/de\/?page_id=1382"},"modified":"2015-03-13T11:18:50","modified_gmt":"2015-03-13T11:18:50","slug":"february-18-2011","status":"publish","type":"page","link":"https:\/\/www.allgeier.com\/de\/investor-relations\/adhoc-archives\/2011-2\/february-18-2011\/","title":{"rendered":"february-18-2011"},"content":{"rendered":"<p>Die Allgeier Holding AG (ISIN: DE0005086300; WKN: 508630) schlie\u00dft das Gesch\u00e4ftsjahr 2010 nach vorl\u00e4ufigen Zahlen hervorragend ab und konnte sowohl im Umsatz wie auch im Ergebnis gem\u00e4\u00df IFRS deutlich zulegen.<\/p>\n<p>Allgeier steigerte den Konzernumsatz gem\u00e4\u00df IFRS im Berichtszeitraum (1.1.2010 &#8211; 31.12.2010) um 38% auf 308,7 Mio. EUR (Vorjahr: 223,5 Mio. EUR). Der tats\u00e4chlich erzielte Umsatz \u00fcbertraf damit die im Dezember letzten Jahres ver\u00f6ffentlichte Umsatzprognose f\u00fcr das Jahr 2010 von rd. 300 Mio. EUR, was wesentlich auf die gute Gesch\u00e4ftsentwicklung vor allem im vierten Quartal des abgelaufenen Gesch\u00e4ftsjahres zur\u00fcckzuf\u00fchren ist.<\/p>\n<p>Auch im Konzernergebnis verzeichnete Allgeier deutliche Zuw\u00e4chse. Das operative Ergebnis (EBITA = Ergebnis vor Zinsen, Steuern und Abschreibungen auf Kaufpreis-Allokationen) stieg in 2010 gem\u00e4\u00df IFRS um 21% auf 15,5 Mio. EUR (Vorjahr: 12,8 Mio. EUR). Das EBIT (Ergebnis vor Zinsen und Steuern) liegt bei 11 Mio. EUR (Vorjahr: 8,0 Mio. EUR), was einem Zuwachs von 38% entspricht.<\/p>\n<p>Aufgrund der Erwerbe der neuen Gruppengesellschaften BSR &amp; Partner AG, Zug, Schweiz, und der Terna GmbH, Innsbruck, \u00d6sterreich, ist die Bilanzsumme per 31. Dezember 2010 auf 206 Mio. EUR angewachsen (Vorjahr: 160,1 Mio. EUR). Das Eigenkapital per 31. Dezember 2010 betr\u00e4gt vorbehaltlich der endg\u00fcltigen Ermittlung der Steuern voraussichtlich 84 Mio. EUR (Vorjahr: 79,5 Mio. EUR).<\/p>\n<p>Die kurzfristigen und langfristigen verzinslichen Finanzschulden im Konzern erh\u00f6hten sich zum 31. Dezember 2010 auf 32 Mio. EUR (Vorjahr: 8,8 Mio. EUR) zuz\u00fcglich Genussrechtskapital von 13 Mio. EUR. Der Anstieg der Darlehen resultiert unter anderem aus der Aufnahme einer Fremdfinanzierung, die eine teilweise Refinanzierung der Unternehmenserwerbe der Gesch\u00e4ftsjahre 2009 und 2010 darstellt und der Finanzierung weiterer Akquisitionen dienen soll.<\/p>\n<p>F\u00fcr den Ausbau des Konzerns und weitere Unternehmenserwerbe steht Allgeier per 31. Dezember 2010 eine Liquidit\u00e4t von \u00fcber 60 Mio. EUR zur Verf\u00fcgung.<\/p>\n<p>Alle genannten Zahlen sind vorl\u00e4ufig und vom Abschlusspr\u00fcfer noch nicht gepr\u00fcft.<\/p>\n","protected":false},"excerpt":{"rendered":"<p>Die Allgeier Holding AG (ISIN: DE0005086300; WKN: 508630) schlie\u00dft das Gesch\u00e4ftsjahr 2010 nach vorl\u00e4ufigen Zahlen hervorragend ab und konnte sowohl im Umsatz wie auch im Ergebnis gem\u00e4\u00df IFRS deutlich zulegen. Allgeier steigerte den Konzernumsatz gem\u00e4\u00df IFRS im Berichtszeitraum (1.1.2010 &#8211; 31.12.2010) um 38% auf 308,7 Mio. EUR (Vorjahr: 223,5 Mio. EUR). Der tats\u00e4chlich erzielte Umsatz &hellip; <\/p>\n","protected":false},"author":1,"featured_media":0,"parent":554,"menu_order":0,"comment_status":"open","ping_status":"open","template":"","meta":{"_acf_changed":false,"footnotes":""},"categories":[],"tags":[],"class_list":["post-1382","page","type-page","status-publish","hentry"],"acf":[],"yoast_head":"<!-- This site is optimized with the Yoast SEO plugin v27.4 - https:\/\/yoast.com\/product\/yoast-seo-wordpress\/ -->\n<title>february-18-2011 - Allgeier SE<\/title>\n<meta name=\"robots\" content=\"index, follow, max-snippet:-1, max-image-preview:large, max-video-preview:-1\" \/>\n<link rel=\"canonical\" href=\"https:\/\/www.allgeier.com\/de\/investor-relations\/adhoc-archives\/2011-2\/february-18-2011\/\" \/>\n<meta property=\"og:locale\" content=\"de_DE\" \/>\n<meta property=\"og:type\" content=\"article\" \/>\n<meta property=\"og:title\" content=\"february-18-2011 - Allgeier SE\" \/>\n<meta property=\"og:description\" content=\"Die Allgeier Holding AG (ISIN: DE0005086300; WKN: 508630) schlie\u00dft das Gesch\u00e4ftsjahr 2010 nach vorl\u00e4ufigen Zahlen hervorragend ab und konnte sowohl im Umsatz wie auch im Ergebnis gem\u00e4\u00df IFRS deutlich zulegen. Allgeier steigerte den Konzernumsatz gem\u00e4\u00df IFRS im Berichtszeitraum (1.1.2010 &#8211; 31.12.2010) um 38% auf 308,7 Mio. EUR (Vorjahr: 223,5 Mio. EUR). Der tats\u00e4chlich erzielte Umsatz &hellip;\" \/>\n<meta property=\"og:url\" content=\"https:\/\/www.allgeier.com\/de\/investor-relations\/adhoc-archives\/2011-2\/february-18-2011\/\" \/>\n<meta property=\"og:site_name\" content=\"Allgeier SE\" \/>\n<meta property=\"article:modified_time\" content=\"2015-03-13T11:18:50+00:00\" \/>\n<meta name=\"twitter:card\" content=\"summary_large_image\" \/>\n<meta name=\"twitter:label1\" content=\"Gesch\u00e4tzte Lesezeit\" \/>\n\t<meta name=\"twitter:data1\" content=\"1\u00a0Minute\" \/>\n<script type=\"application\/ld+json\" class=\"yoast-schema-graph\">{\"@context\":\"https:\\\/\\\/schema.org\",\"@graph\":[{\"@type\":\"WebPage\",\"@id\":\"https:\\\/\\\/www.allgeier.com\\\/de\\\/investor-relations\\\/adhoc-archives\\\/2011-2\\\/february-18-2011\\\/\",\"url\":\"https:\\\/\\\/www.allgeier.com\\\/de\\\/investor-relations\\\/adhoc-archives\\\/2011-2\\\/february-18-2011\\\/\",\"name\":\"february-18-2011 - Allgeier SE\",\"isPartOf\":{\"@id\":\"https:\\\/\\\/www.allgeier.com\\\/de\\\/#website\"},\"datePublished\":\"2011-02-17T11:17:53+00:00\",\"dateModified\":\"2015-03-13T11:18:50+00:00\",\"breadcrumb\":{\"@id\":\"https:\\\/\\\/www.allgeier.com\\\/de\\\/investor-relations\\\/adhoc-archives\\\/2011-2\\\/february-18-2011\\\/#breadcrumb\"},\"inLanguage\":\"de\",\"potentialAction\":[{\"@type\":\"ReadAction\",\"target\":[\"https:\\\/\\\/www.allgeier.com\\\/de\\\/investor-relations\\\/adhoc-archives\\\/2011-2\\\/february-18-2011\\\/\"]}]},{\"@type\":\"BreadcrumbList\",\"@id\":\"https:\\\/\\\/www.allgeier.com\\\/de\\\/investor-relations\\\/adhoc-archives\\\/2011-2\\\/february-18-2011\\\/#breadcrumb\",\"itemListElement\":[{\"@type\":\"ListItem\",\"position\":1,\"name\":\"Home\",\"item\":\"https:\\\/\\\/www.allgeier.com\\\/de\\\/\"},{\"@type\":\"ListItem\",\"position\":2,\"name\":\"Investor Relations\",\"item\":\"https:\\\/\\\/www.allgeier.com\\\/de\\\/investor-relations\\\/\"},{\"@type\":\"ListItem\",\"position\":3,\"name\":\"Ad hoc-Archiv\",\"item\":\"https:\\\/\\\/www.allgeier.com\\\/de\\\/investor-relations\\\/adhoc-archives\\\/\"},{\"@type\":\"ListItem\",\"position\":4,\"name\":\"2011\",\"item\":\"https:\\\/\\\/www.allgeier.com\\\/de\\\/investor-relations\\\/adhoc-archives\\\/2011-2\\\/\"},{\"@type\":\"ListItem\",\"position\":5,\"name\":\"february-18-2011\"}]},{\"@type\":\"WebSite\",\"@id\":\"https:\\\/\\\/www.allgeier.com\\\/de\\\/#website\",\"url\":\"https:\\\/\\\/www.allgeier.com\\\/de\\\/\",\"name\":\"Allgeier SE\",\"description\":\"Software &amp; IT Services for digital transformation\",\"potentialAction\":[{\"@type\":\"SearchAction\",\"target\":{\"@type\":\"EntryPoint\",\"urlTemplate\":\"https:\\\/\\\/www.allgeier.com\\\/de\\\/?s={search_term_string}\"},\"query-input\":{\"@type\":\"PropertyValueSpecification\",\"valueRequired\":true,\"valueName\":\"search_term_string\"}}],\"inLanguage\":\"de\"}]}<\/script>\n<!-- \/ Yoast SEO plugin. -->","yoast_head_json":{"title":"february-18-2011 - Allgeier SE","robots":{"index":"index","follow":"follow","max-snippet":"max-snippet:-1","max-image-preview":"max-image-preview:large","max-video-preview":"max-video-preview:-1"},"canonical":"https:\/\/www.allgeier.com\/de\/investor-relations\/adhoc-archives\/2011-2\/february-18-2011\/","og_locale":"de_DE","og_type":"article","og_title":"february-18-2011 - Allgeier SE","og_description":"Die Allgeier Holding AG (ISIN: DE0005086300; WKN: 508630) schlie\u00dft das Gesch\u00e4ftsjahr 2010 nach vorl\u00e4ufigen Zahlen hervorragend ab und konnte sowohl im Umsatz wie auch im Ergebnis gem\u00e4\u00df IFRS deutlich zulegen. Allgeier steigerte den Konzernumsatz gem\u00e4\u00df IFRS im Berichtszeitraum (1.1.2010 &#8211; 31.12.2010) um 38% auf 308,7 Mio. EUR (Vorjahr: 223,5 Mio. EUR). Der tats\u00e4chlich erzielte Umsatz &hellip;","og_url":"https:\/\/www.allgeier.com\/de\/investor-relations\/adhoc-archives\/2011-2\/february-18-2011\/","og_site_name":"Allgeier SE","article_modified_time":"2015-03-13T11:18:50+00:00","twitter_card":"summary_large_image","twitter_misc":{"Gesch\u00e4tzte Lesezeit":"1\u00a0Minute"},"schema":{"@context":"https:\/\/schema.org","@graph":[{"@type":"WebPage","@id":"https:\/\/www.allgeier.com\/de\/investor-relations\/adhoc-archives\/2011-2\/february-18-2011\/","url":"https:\/\/www.allgeier.com\/de\/investor-relations\/adhoc-archives\/2011-2\/february-18-2011\/","name":"february-18-2011 - Allgeier SE","isPartOf":{"@id":"https:\/\/www.allgeier.com\/de\/#website"},"datePublished":"2011-02-17T11:17:53+00:00","dateModified":"2015-03-13T11:18:50+00:00","breadcrumb":{"@id":"https:\/\/www.allgeier.com\/de\/investor-relations\/adhoc-archives\/2011-2\/february-18-2011\/#breadcrumb"},"inLanguage":"de","potentialAction":[{"@type":"ReadAction","target":["https:\/\/www.allgeier.com\/de\/investor-relations\/adhoc-archives\/2011-2\/february-18-2011\/"]}]},{"@type":"BreadcrumbList","@id":"https:\/\/www.allgeier.com\/de\/investor-relations\/adhoc-archives\/2011-2\/february-18-2011\/#breadcrumb","itemListElement":[{"@type":"ListItem","position":1,"name":"Home","item":"https:\/\/www.allgeier.com\/de\/"},{"@type":"ListItem","position":2,"name":"Investor Relations","item":"https:\/\/www.allgeier.com\/de\/investor-relations\/"},{"@type":"ListItem","position":3,"name":"Ad hoc-Archiv","item":"https:\/\/www.allgeier.com\/de\/investor-relations\/adhoc-archives\/"},{"@type":"ListItem","position":4,"name":"2011","item":"https:\/\/www.allgeier.com\/de\/investor-relations\/adhoc-archives\/2011-2\/"},{"@type":"ListItem","position":5,"name":"february-18-2011"}]},{"@type":"WebSite","@id":"https:\/\/www.allgeier.com\/de\/#website","url":"https:\/\/www.allgeier.com\/de\/","name":"Allgeier SE","description":"Software &amp; IT Services for digital transformation","potentialAction":[{"@type":"SearchAction","target":{"@type":"EntryPoint","urlTemplate":"https:\/\/www.allgeier.com\/de\/?s={search_term_string}"},"query-input":{"@type":"PropertyValueSpecification","valueRequired":true,"valueName":"search_term_string"}}],"inLanguage":"de"}]}},"_links":{"self":[{"href":"https:\/\/www.allgeier.com\/de\/wp-json\/wp\/v2\/pages\/1382","targetHints":{"allow":["GET"]}}],"collection":[{"href":"https:\/\/www.allgeier.com\/de\/wp-json\/wp\/v2\/pages"}],"about":[{"href":"https:\/\/www.allgeier.com\/de\/wp-json\/wp\/v2\/types\/page"}],"author":[{"embeddable":true,"href":"https:\/\/www.allgeier.com\/de\/wp-json\/wp\/v2\/users\/1"}],"replies":[{"embeddable":true,"href":"https:\/\/www.allgeier.com\/de\/wp-json\/wp\/v2\/comments?post=1382"}],"version-history":[{"count":0,"href":"https:\/\/www.allgeier.com\/de\/wp-json\/wp\/v2\/pages\/1382\/revisions"}],"up":[{"embeddable":true,"href":"https:\/\/www.allgeier.com\/de\/wp-json\/wp\/v2\/pages\/554"}],"wp:attachment":[{"href":"https:\/\/www.allgeier.com\/de\/wp-json\/wp\/v2\/media?parent=1382"}],"wp:term":[{"taxonomy":"category","embeddable":true,"href":"https:\/\/www.allgeier.com\/de\/wp-json\/wp\/v2\/categories?post=1382"},{"taxonomy":"post_tag","embeddable":true,"href":"https:\/\/www.allgeier.com\/de\/wp-json\/wp\/v2\/tags?post=1382"}],"curies":[{"name":"wp","href":"https:\/\/api.w.org\/{rel}","templated":true}]}}