{"id":1384,"date":"2014-04-15T11:19:28","date_gmt":"2014-04-15T11:19:28","guid":{"rendered":"http:\/\/www.allgeier.com\/de\/?page_id=1384"},"modified":"2025-02-05T18:23:18","modified_gmt":"2025-02-05T18:23:18","slug":"15052014-2","status":"publish","type":"page","link":"https:\/\/www.allgeier.com\/de\/pressroom\/press-releases\/15052014-2\/","title":{"rendered":"15052014"},"content":{"rendered":"<p><i>Bremen 15.04.2014<\/i><i> \u2013 <\/i><em>Der Patient wartet in der OP-Schleuse auf den notwendigen Eingriff. Anhand des Barcodes auf dem individualisierten Patientenarmband kann sich der operierende Arzt die elektronische Patientenakte, Einwilligungserkl\u00e4rungen, R\u00f6ntgenbilder usw. auf einem Bildschirm anzeigen lassen. Unsterile Papierdokumente sind somit vermeidbar. Diese und andere Szenarien werden mit Hilfe modernster Software f\u00fcr die HealthCare-Branche umgesetzt. Das Bremer IT-Unternehmen Allgeier IT Solutions gestaltet durch sichere und wirtschaftliche IT-L\u00f6sungen in den Bereichen Software und Infrastruktur mit den Schwerpunkten multimediale Archivierung, Dokumenten Management und PACS ein \u201epapierarmes Krankenhaus\u201c und bewirkt nachhaltig messbare betriebswirtschaftliche Effekte.<\/em><\/p>\n<p><b>Mit multimedialen Patientenakten s\u00e4mtliche Use Cases abbilden<\/b><\/p>\n<p>Mit Hilfe ganzheitlicher IT-Systeme wie beispielsweise Allgeier mDMAS sind medizinische Einrichtungen in der Lage, ihre gesamten medizinischen Dokumente wie R\u00f6ntgenbilder, OP-Videos und DICOM oder nonDICOM-Daten auf einem einheitlichen Viewer zu visualisieren \u2013 sowohl auf station\u00e4ren als auch auf mobilen Endger\u00e4ten. So lassen sich s\u00e4mtliche Use Cases von der Aufnahme bis zur Entlassung des Patienten mit Verfahren f\u00fcr mitgebrachte Dokumente u.a. auf CD\/DVD vollst\u00e4ndig abbilden und dezentral mit Versionierung, Akten-Strukturierung etc. \u00fcber das KIS im Rahmen einer multimedialen Patientenakte verf\u00fcgbar machen. Ein elektronisches, client- und serverbasiertes Signaturverfahren samt Zeitstempel-Management stellt dabei das signaturgesetzkonforme Langzeitmanagement der medizinischen Dokumentation sicher.<\/p>\n<p>Gewohnheiten lassen sich schwer abstellen, dennoch ist der Kostenfaktor f\u00fcr Papierausdrucke und revisionssichere Lagerung der Alt-Akten sowie der ben\u00f6tigte Verwaltungs- und Zeitaufwand immens. Im papierarmen Krankenhaus wird weitestgehend auf Papierunterlagen verzichtet. Die Patientenakte ist multimedial und somit elektronisch hinterlegt. \u00c4rzte, Pflegekr\u00e4fte \u2013 berechtigte Personenkreise k\u00f6nnen Informationen zeit- und ortsunabh\u00e4ngig einsehen. Ob mobil oder stand\u00f6rtlich, die Dokumente innerhalb der multimedialen Patientenakte lassen sich u.a. im Rahmen von Freigabeprozessen bearbeiten, beispielsweise leisten beim Aufnahme-Management Patient und Arzt eine elektronisch-qualifizierte Signatur als Unterschrift unter Aufkl\u00e4rungsb\u00f6gen statt h\u00e4ndische Unterschriften unter seitenlangen Papierdokumenten. Diese Flut an Informationen l\u00e4sst sich meist schwerlich und nicht zufriedenstellend durch bestehende Insel-L\u00f6sungen bew\u00e4ltigen. Insbesondere rechtliche Grundlagen wie das Patientenrechtegesetz, das seit Februar 2013 in Kraft ist, stellen h\u00f6chste Anforderungen an Dokumentation und Speicherung von Patientendaten. Der ganzheitliche Ansatz der Allgeier IT Solutions schlie\u00dft auch verwaltungsrelevante Informationen ein.<\/p>\n<p><b>Mobile Verf\u00fcgbarkeit ist wachsende Anforderung<\/b><\/p>\n<p>Die Allgeier IT Solutions sieht einen wachsenden Bedarf an der mobilen Verf\u00fcgbarkeit von digitalen Patienteninformationen. \u201eUnsere Kunden nutzen beispielsweise die M\u00f6glichkeit mit iPads und iPhone mobil Fotos etwa zur Wunddokumentation zu machen. Sie ordnen das Foto durch das Scannen des Barcodes am Patientenarmband der dazu geh\u00f6rigen Patientenakte zu und \u00fcbertragen es verschl\u00fcsselt per WLAN direkt ins Dokumenten Management System.\u201c Erkl\u00e4rt Alexander Oppitz, Leiter Professional Services &amp; Consulting der Allgeier IT Solutions. \u201eNeben der iOS-orientierten Implementierung befindet sich eine Version f\u00fcr Android zurzeit final in der Entwicklung.\u201c<\/p>\n<p><b>Allgeier IT Solutions auf der conhIT<\/b><\/p>\n<p>Auf der diesj\u00e4hrigen conhIT vom 06. \u2013 08. Mai 2014 in Berlin k\u00f6nnen Krankenh\u00e4user sowie weitere medizinische Einrichtungen die M\u00f6glichkeiten f\u00fcr eine multimediale Patientenakte auf dem Allgeier-Stand in Halle 2.2\/E-114 mit Vertretern aus Klinik und den HealthCare-IT-Experten der Allgeier-Gruppe diskutieren und bewerten.<\/p>\n<p><b>\u00dcber Allgeier IT Solutions<\/b><\/p>\n<p>Die Allgeier IT Solutions GmbH mit Sitz in Bremen wurde 1977 als Allgeier Computer GmbH gegr\u00fcndet. Das Unternehmen ist Teil der b\u00f6rsennotierten Allgeier SE und hat sich auf die Entwicklung, Vermarktung und Umsetzung ganzheitlicher L\u00f6sungen und Services in den Bereichen Cloud Solutions, Enterprise Content Management, Business Solutions, Compliance &amp; Security und Business Services spezialisiert. Das umfassende Leistungsspektrum von vollst\u00e4ndig integrierten IT Solutions und IT Services aus einer Hand macht Allgeier IT Solutions mit neun deutschlandweiten Standorten und einer Dependance in Wien, \u00d6sterreich, zu einem kompetenten und zuverl\u00e4ssigen IT Partner f\u00fcr mittelst\u00e4ndische und gro\u00dfe Unternehmen. Das fl\u00e4chendeckende Vertriebs- und Servicenetz wird erg\u00e4nzt durch ein europaweites Partnernetzwerk. Allgeier SE erwirtschaftete 2012 einen Umsatz von 423 Mio. EUR und verf\u00fcgt \u00fcber mehr als 100 Standorte in Europa, Asien und Amerika. Im Rahmen der allj\u00e4hrlichen Kundenumfrage von COMPUTERWOCHE und ChannelPartner wurde Allgeier zum \u201eBesten Systemhaus 2013\u201c gew\u00e4hlt. <strong><a title=\"Allgeier IT Solutions\" href=\"http:\/\/www.allgeier-it.de\" target=\"_blank\">www.allgeier-it.de<\/a><\/strong><\/p>\n<p><a href=\"https:\/\/www.allgeier.com\/de\/wp-content\/uploads\/sites\/3\/2015\/03\/13-01-AITS-Logo.png\"><img loading=\"lazy\" decoding=\"async\" class=\"alignleft  wp-image-1029\" src=\"https:\/\/www.allgeier.com\/de\/wp-content\/uploads\/sites\/3\/2015\/03\/13-01-AITS-Logo.png\" alt=\"13-01-AITS-Logo\" width=\"401\" height=\"101\" srcset=\"https:\/\/www.allgeier.com\/de\/wp-content\/uploads\/sites\/3\/2015\/03\/13-01-AITS-Logo.png 1330w, https:\/\/www.allgeier.com\/de\/wp-content\/uploads\/sites\/3\/2015\/03\/13-01-AITS-Logo-300x75.png 300w, https:\/\/www.allgeier.com\/de\/wp-content\/uploads\/sites\/3\/2015\/03\/13-01-AITS-Logo-1024x257.png 1024w\" sizes=\"auto, (max-width: 401px) 100vw, 401px\" \/><\/a><\/p>\n","protected":false},"excerpt":{"rendered":"<p>Bremen 15.04.2014 \u2013 Der Patient wartet in der OP-Schleuse auf den notwendigen Eingriff. Anhand des Barcodes auf dem individualisierten Patientenarmband kann sich der operierende Arzt die elektronische Patientenakte, Einwilligungserkl\u00e4rungen, R\u00f6ntgenbilder usw. auf einem Bildschirm anzeigen lassen. Unsterile Papierdokumente sind somit vermeidbar. Diese und andere Szenarien werden mit Hilfe modernster Software f\u00fcr die HealthCare-Branche umgesetzt. Das &hellip; <\/p>\n","protected":false},"author":1,"featured_media":0,"parent":1169,"menu_order":0,"comment_status":"open","ping_status":"open","template":"","meta":{"_acf_changed":false,"footnotes":""},"categories":[7],"tags":[],"class_list":["post-1384","page","type-page","status-publish","hentry","category-pressemitteilungen"],"acf":[],"yoast_head":"<!-- This site is optimized with the Yoast SEO plugin v27.4 - https:\/\/yoast.com\/product\/yoast-seo-wordpress\/ -->\n<title>15052014 - Allgeier SE<\/title>\n<meta name=\"robots\" content=\"index, follow, max-snippet:-1, max-image-preview:large, max-video-preview:-1\" \/>\n<link rel=\"canonical\" href=\"https:\/\/www.allgeier.com\/de\/pressroom\/press-releases\/15052014-2\/\" \/>\n<meta property=\"og:locale\" content=\"de_DE\" \/>\n<meta property=\"og:type\" content=\"article\" \/>\n<meta property=\"og:title\" content=\"15052014 - Allgeier SE\" \/>\n<meta property=\"og:description\" content=\"Bremen 15.04.2014 \u2013 Der Patient wartet in der OP-Schleuse auf den notwendigen Eingriff. Anhand des Barcodes auf dem individualisierten Patientenarmband kann sich der operierende Arzt die elektronische Patientenakte, Einwilligungserkl\u00e4rungen, R\u00f6ntgenbilder usw. auf einem Bildschirm anzeigen lassen. Unsterile Papierdokumente sind somit vermeidbar. Diese und andere Szenarien werden mit Hilfe modernster Software f\u00fcr die HealthCare-Branche umgesetzt. Das &hellip;\" \/>\n<meta property=\"og:url\" content=\"https:\/\/www.allgeier.com\/de\/pressroom\/press-releases\/15052014-2\/\" \/>\n<meta property=\"og:site_name\" content=\"Allgeier SE\" \/>\n<meta property=\"article:modified_time\" content=\"2025-02-05T18:23:18+00:00\" \/>\n<meta property=\"og:image\" content=\"https:\/\/www.allgeier.com\/de\/wp-content\/uploads\/sites\/3\/2015\/03\/13-01-AITS-Logo.png\" \/>\n\t<meta property=\"og:image:width\" content=\"1330\" \/>\n\t<meta property=\"og:image:height\" content=\"334\" \/>\n\t<meta property=\"og:image:type\" content=\"image\/png\" \/>\n<meta name=\"twitter:card\" content=\"summary_large_image\" \/>\n<meta name=\"twitter:label1\" content=\"Gesch\u00e4tzte Lesezeit\" \/>\n\t<meta name=\"twitter:data1\" content=\"4\u00a0Minuten\" \/>\n<script type=\"application\/ld+json\" class=\"yoast-schema-graph\">{\"@context\":\"https:\\\/\\\/schema.org\",\"@graph\":[{\"@type\":\"WebPage\",\"@id\":\"https:\\\/\\\/www.allgeier.com\\\/de\\\/pressroom\\\/press-releases\\\/15052014-2\\\/\",\"url\":\"https:\\\/\\\/www.allgeier.com\\\/de\\\/pressroom\\\/press-releases\\\/15052014-2\\\/\",\"name\":\"15052014 - Allgeier SE\",\"isPartOf\":{\"@id\":\"https:\\\/\\\/www.allgeier.com\\\/de\\\/#website\"},\"primaryImageOfPage\":{\"@id\":\"https:\\\/\\\/www.allgeier.com\\\/de\\\/pressroom\\\/press-releases\\\/15052014-2\\\/#primaryimage\"},\"image\":{\"@id\":\"https:\\\/\\\/www.allgeier.com\\\/de\\\/pressroom\\\/press-releases\\\/15052014-2\\\/#primaryimage\"},\"thumbnailUrl\":\"https:\\\/\\\/www.allgeier.com\\\/de\\\/wp-content\\\/uploads\\\/sites\\\/3\\\/2015\\\/03\\\/13-01-AITS-Logo.png\",\"datePublished\":\"2014-04-15T11:19:28+00:00\",\"dateModified\":\"2025-02-05T18:23:18+00:00\",\"breadcrumb\":{\"@id\":\"https:\\\/\\\/www.allgeier.com\\\/de\\\/pressroom\\\/press-releases\\\/15052014-2\\\/#breadcrumb\"},\"inLanguage\":\"de\",\"potentialAction\":[{\"@type\":\"ReadAction\",\"target\":[\"https:\\\/\\\/www.allgeier.com\\\/de\\\/pressroom\\\/press-releases\\\/15052014-2\\\/\"]}]},{\"@type\":\"ImageObject\",\"inLanguage\":\"de\",\"@id\":\"https:\\\/\\\/www.allgeier.com\\\/de\\\/pressroom\\\/press-releases\\\/15052014-2\\\/#primaryimage\",\"url\":\"https:\\\/\\\/www.allgeier.com\\\/de\\\/wp-content\\\/uploads\\\/sites\\\/3\\\/2015\\\/03\\\/13-01-AITS-Logo.png\",\"contentUrl\":\"https:\\\/\\\/www.allgeier.com\\\/de\\\/wp-content\\\/uploads\\\/sites\\\/3\\\/2015\\\/03\\\/13-01-AITS-Logo.png\",\"width\":1330,\"height\":334},{\"@type\":\"BreadcrumbList\",\"@id\":\"https:\\\/\\\/www.allgeier.com\\\/de\\\/pressroom\\\/press-releases\\\/15052014-2\\\/#breadcrumb\",\"itemListElement\":[{\"@type\":\"ListItem\",\"position\":1,\"name\":\"Home\",\"item\":\"https:\\\/\\\/www.allgeier.com\\\/de\\\/\"},{\"@type\":\"ListItem\",\"position\":2,\"name\":\"Presse\",\"item\":\"https:\\\/\\\/www.allgeier.com\\\/de\\\/pressroom\\\/\"},{\"@type\":\"ListItem\",\"position\":3,\"name\":\"Pressemitteilungen\",\"item\":\"https:\\\/\\\/www.allgeier.com\\\/de\\\/pressroom\\\/press-releases\\\/\"},{\"@type\":\"ListItem\",\"position\":4,\"name\":\"15052014\"}]},{\"@type\":\"WebSite\",\"@id\":\"https:\\\/\\\/www.allgeier.com\\\/de\\\/#website\",\"url\":\"https:\\\/\\\/www.allgeier.com\\\/de\\\/\",\"name\":\"Allgeier SE\",\"description\":\"Software &amp; IT Services for digital transformation\",\"potentialAction\":[{\"@type\":\"SearchAction\",\"target\":{\"@type\":\"EntryPoint\",\"urlTemplate\":\"https:\\\/\\\/www.allgeier.com\\\/de\\\/?s={search_term_string}\"},\"query-input\":{\"@type\":\"PropertyValueSpecification\",\"valueRequired\":true,\"valueName\":\"search_term_string\"}}],\"inLanguage\":\"de\"}]}<\/script>\n<!-- \/ Yoast SEO plugin. -->","yoast_head_json":{"title":"15052014 - Allgeier SE","robots":{"index":"index","follow":"follow","max-snippet":"max-snippet:-1","max-image-preview":"max-image-preview:large","max-video-preview":"max-video-preview:-1"},"canonical":"https:\/\/www.allgeier.com\/de\/pressroom\/press-releases\/15052014-2\/","og_locale":"de_DE","og_type":"article","og_title":"15052014 - Allgeier SE","og_description":"Bremen 15.04.2014 \u2013 Der Patient wartet in der OP-Schleuse auf den notwendigen Eingriff. Anhand des Barcodes auf dem individualisierten Patientenarmband kann sich der operierende Arzt die elektronische Patientenakte, Einwilligungserkl\u00e4rungen, R\u00f6ntgenbilder usw. auf einem Bildschirm anzeigen lassen. Unsterile Papierdokumente sind somit vermeidbar. Diese und andere Szenarien werden mit Hilfe modernster Software f\u00fcr die HealthCare-Branche umgesetzt. Das &hellip;","og_url":"https:\/\/www.allgeier.com\/de\/pressroom\/press-releases\/15052014-2\/","og_site_name":"Allgeier SE","article_modified_time":"2025-02-05T18:23:18+00:00","og_image":[{"width":1330,"height":334,"url":"https:\/\/www.allgeier.com\/de\/wp-content\/uploads\/sites\/3\/2015\/03\/13-01-AITS-Logo.png","type":"image\/png"}],"twitter_card":"summary_large_image","twitter_misc":{"Gesch\u00e4tzte Lesezeit":"4\u00a0Minuten"},"schema":{"@context":"https:\/\/schema.org","@graph":[{"@type":"WebPage","@id":"https:\/\/www.allgeier.com\/de\/pressroom\/press-releases\/15052014-2\/","url":"https:\/\/www.allgeier.com\/de\/pressroom\/press-releases\/15052014-2\/","name":"15052014 - Allgeier SE","isPartOf":{"@id":"https:\/\/www.allgeier.com\/de\/#website"},"primaryImageOfPage":{"@id":"https:\/\/www.allgeier.com\/de\/pressroom\/press-releases\/15052014-2\/#primaryimage"},"image":{"@id":"https:\/\/www.allgeier.com\/de\/pressroom\/press-releases\/15052014-2\/#primaryimage"},"thumbnailUrl":"https:\/\/www.allgeier.com\/de\/wp-content\/uploads\/sites\/3\/2015\/03\/13-01-AITS-Logo.png","datePublished":"2014-04-15T11:19:28+00:00","dateModified":"2025-02-05T18:23:18+00:00","breadcrumb":{"@id":"https:\/\/www.allgeier.com\/de\/pressroom\/press-releases\/15052014-2\/#breadcrumb"},"inLanguage":"de","potentialAction":[{"@type":"ReadAction","target":["https:\/\/www.allgeier.com\/de\/pressroom\/press-releases\/15052014-2\/"]}]},{"@type":"ImageObject","inLanguage":"de","@id":"https:\/\/www.allgeier.com\/de\/pressroom\/press-releases\/15052014-2\/#primaryimage","url":"https:\/\/www.allgeier.com\/de\/wp-content\/uploads\/sites\/3\/2015\/03\/13-01-AITS-Logo.png","contentUrl":"https:\/\/www.allgeier.com\/de\/wp-content\/uploads\/sites\/3\/2015\/03\/13-01-AITS-Logo.png","width":1330,"height":334},{"@type":"BreadcrumbList","@id":"https:\/\/www.allgeier.com\/de\/pressroom\/press-releases\/15052014-2\/#breadcrumb","itemListElement":[{"@type":"ListItem","position":1,"name":"Home","item":"https:\/\/www.allgeier.com\/de\/"},{"@type":"ListItem","position":2,"name":"Presse","item":"https:\/\/www.allgeier.com\/de\/pressroom\/"},{"@type":"ListItem","position":3,"name":"Pressemitteilungen","item":"https:\/\/www.allgeier.com\/de\/pressroom\/press-releases\/"},{"@type":"ListItem","position":4,"name":"15052014"}]},{"@type":"WebSite","@id":"https:\/\/www.allgeier.com\/de\/#website","url":"https:\/\/www.allgeier.com\/de\/","name":"Allgeier SE","description":"Software &amp; IT Services for digital transformation","potentialAction":[{"@type":"SearchAction","target":{"@type":"EntryPoint","urlTemplate":"https:\/\/www.allgeier.com\/de\/?s={search_term_string}"},"query-input":{"@type":"PropertyValueSpecification","valueRequired":true,"valueName":"search_term_string"}}],"inLanguage":"de"}]}},"_links":{"self":[{"href":"https:\/\/www.allgeier.com\/de\/wp-json\/wp\/v2\/pages\/1384","targetHints":{"allow":["GET"]}}],"collection":[{"href":"https:\/\/www.allgeier.com\/de\/wp-json\/wp\/v2\/pages"}],"about":[{"href":"https:\/\/www.allgeier.com\/de\/wp-json\/wp\/v2\/types\/page"}],"author":[{"embeddable":true,"href":"https:\/\/www.allgeier.com\/de\/wp-json\/wp\/v2\/users\/1"}],"replies":[{"embeddable":true,"href":"https:\/\/www.allgeier.com\/de\/wp-json\/wp\/v2\/comments?post=1384"}],"version-history":[{"count":0,"href":"https:\/\/www.allgeier.com\/de\/wp-json\/wp\/v2\/pages\/1384\/revisions"}],"up":[{"embeddable":true,"href":"https:\/\/www.allgeier.com\/de\/wp-json\/wp\/v2\/pages\/1169"}],"wp:attachment":[{"href":"https:\/\/www.allgeier.com\/de\/wp-json\/wp\/v2\/media?parent=1384"}],"wp:term":[{"taxonomy":"category","embeddable":true,"href":"https:\/\/www.allgeier.com\/de\/wp-json\/wp\/v2\/categories?post=1384"},{"taxonomy":"post_tag","embeddable":true,"href":"https:\/\/www.allgeier.com\/de\/wp-json\/wp\/v2\/tags?post=1384"}],"curies":[{"name":"wp","href":"https:\/\/api.w.org\/{rel}","templated":true}]}}