{"id":1396,"date":"2014-02-20T11:25:33","date_gmt":"2014-02-20T11:25:33","guid":{"rendered":"http:\/\/www.allgeier.com\/de\/?page_id=1396"},"modified":"2025-02-05T18:24:43","modified_gmt":"2025-02-05T18:24:43","slug":"20022014-2","status":"publish","type":"page","link":"https:\/\/www.allgeier.com\/de\/pressroom\/press-releases\/20022014-2\/","title":{"rendered":"20022014"},"content":{"rendered":"<p><strong>SKYTEC AG wird Teil der Xiopia GmbH<\/strong><\/p>\n<p><em>M\u00fcnchen, 20.02.2014 <\/em>&#8211; Xiopia GmbH, eine Tochtergesellschaft der Allgeier SE, hat mit Wirkung zum 1. Januar 2014 die Allgeier-Tochter SKYTEC AG mit Sitz in Oberhaching bei M\u00fcnchen \u00fcbernommen.<\/p>\n<p>Der Unternehmenssitz sowie der Sitz der Gesch\u00e4ftsleitung wird kurzfristig nach Unterf\u00f6hring verlegt werden.<\/p>\n<p>Die SKYTEC AG verf\u00fcgt \u00fcber eine starke Kompetenz in der Automotive-Branche. Das Unternehmen bietet Expertise in den drei Schl\u00fcsselthemen Qualit\u00e4tsmanagement, Systemintegration und Projektmanagement. Da diese Themen Hand in Hand gehen, findet zwischen den Experten der SKYTEC AG ein kontinuierlicher Austausch von Wissen und Erfahrungen statt. So werden die individuellen Bed\u00fcrfnisse der Kunden durch ma\u00dfgeschneiderte und ganzheitliche L\u00f6sungen erf\u00fcllt.<\/p>\n<p>Die SKYTEC AG besch\u00e4ftigt aktuell 18 Mitarbeiter, die \u00fcberwiegend an Projekten in M\u00fcnchen arbeiten. Als neuer Vorstand der SKYTEC AG wurde Dr. Christian Vogt berufen, um die k\u00fcnftige Zusammenarbeit mit der Xiopia GmbH zu gestalten und zu koordinieren.<em><br \/>\n<\/em><\/p>\n","protected":false},"excerpt":{"rendered":"<p>SKYTEC AG wird Teil der Xiopia GmbH M\u00fcnchen, 20.02.2014 &#8211; Xiopia GmbH, eine Tochtergesellschaft der Allgeier SE, hat mit Wirkung zum 1. Januar 2014 die Allgeier-Tochter SKYTEC AG mit Sitz in Oberhaching bei M\u00fcnchen \u00fcbernommen. Der Unternehmenssitz sowie der Sitz der Gesch\u00e4ftsleitung wird kurzfristig nach Unterf\u00f6hring verlegt werden. Die SKYTEC AG verf\u00fcgt \u00fcber eine starke &hellip; <\/p>\n","protected":false},"author":1,"featured_media":0,"parent":1169,"menu_order":0,"comment_status":"open","ping_status":"open","template":"","meta":{"_acf_changed":false,"footnotes":""},"categories":[7],"tags":[],"class_list":["post-1396","page","type-page","status-publish","hentry","category-pressemitteilungen"],"acf":[],"yoast_head":"<!-- This site is optimized with the Yoast SEO plugin v27.4 - https:\/\/yoast.com\/product\/yoast-seo-wordpress\/ -->\n<title>20022014 - Allgeier SE<\/title>\n<meta name=\"robots\" content=\"index, follow, max-snippet:-1, max-image-preview:large, max-video-preview:-1\" \/>\n<link rel=\"canonical\" href=\"https:\/\/www.allgeier.com\/de\/pressroom\/press-releases\/20022014-2\/\" \/>\n<meta property=\"og:locale\" content=\"de_DE\" \/>\n<meta property=\"og:type\" content=\"article\" \/>\n<meta property=\"og:title\" content=\"20022014 - Allgeier SE\" \/>\n<meta property=\"og:description\" content=\"SKYTEC AG wird Teil der Xiopia GmbH M\u00fcnchen, 20.02.2014 &#8211; Xiopia GmbH, eine Tochtergesellschaft der Allgeier SE, hat mit Wirkung zum 1. Januar 2014 die Allgeier-Tochter SKYTEC AG mit Sitz in Oberhaching bei M\u00fcnchen \u00fcbernommen. Der Unternehmenssitz sowie der Sitz der Gesch\u00e4ftsleitung wird kurzfristig nach Unterf\u00f6hring verlegt werden. Die SKYTEC AG verf\u00fcgt \u00fcber eine starke &hellip;\" \/>\n<meta property=\"og:url\" content=\"https:\/\/www.allgeier.com\/de\/pressroom\/press-releases\/20022014-2\/\" \/>\n<meta property=\"og:site_name\" content=\"Allgeier SE\" \/>\n<meta property=\"article:modified_time\" content=\"2025-02-05T18:24:43+00:00\" \/>\n<meta name=\"twitter:card\" content=\"summary_large_image\" \/>\n<meta name=\"twitter:label1\" content=\"Gesch\u00e4tzte Lesezeit\" \/>\n\t<meta name=\"twitter:data1\" content=\"1\u00a0Minute\" \/>\n<script type=\"application\/ld+json\" class=\"yoast-schema-graph\">{\"@context\":\"https:\\\/\\\/schema.org\",\"@graph\":[{\"@type\":\"WebPage\",\"@id\":\"https:\\\/\\\/www.allgeier.com\\\/de\\\/pressroom\\\/press-releases\\\/20022014-2\\\/\",\"url\":\"https:\\\/\\\/www.allgeier.com\\\/de\\\/pressroom\\\/press-releases\\\/20022014-2\\\/\",\"name\":\"20022014 - Allgeier SE\",\"isPartOf\":{\"@id\":\"https:\\\/\\\/www.allgeier.com\\\/de\\\/#website\"},\"datePublished\":\"2014-02-20T11:25:33+00:00\",\"dateModified\":\"2025-02-05T18:24:43+00:00\",\"breadcrumb\":{\"@id\":\"https:\\\/\\\/www.allgeier.com\\\/de\\\/pressroom\\\/press-releases\\\/20022014-2\\\/#breadcrumb\"},\"inLanguage\":\"de\",\"potentialAction\":[{\"@type\":\"ReadAction\",\"target\":[\"https:\\\/\\\/www.allgeier.com\\\/de\\\/pressroom\\\/press-releases\\\/20022014-2\\\/\"]}]},{\"@type\":\"BreadcrumbList\",\"@id\":\"https:\\\/\\\/www.allgeier.com\\\/de\\\/pressroom\\\/press-releases\\\/20022014-2\\\/#breadcrumb\",\"itemListElement\":[{\"@type\":\"ListItem\",\"position\":1,\"name\":\"Home\",\"item\":\"https:\\\/\\\/www.allgeier.com\\\/de\\\/\"},{\"@type\":\"ListItem\",\"position\":2,\"name\":\"Presse\",\"item\":\"https:\\\/\\\/www.allgeier.com\\\/de\\\/pressroom\\\/\"},{\"@type\":\"ListItem\",\"position\":3,\"name\":\"Pressemitteilungen\",\"item\":\"https:\\\/\\\/www.allgeier.com\\\/de\\\/pressroom\\\/press-releases\\\/\"},{\"@type\":\"ListItem\",\"position\":4,\"name\":\"20022014\"}]},{\"@type\":\"WebSite\",\"@id\":\"https:\\\/\\\/www.allgeier.com\\\/de\\\/#website\",\"url\":\"https:\\\/\\\/www.allgeier.com\\\/de\\\/\",\"name\":\"Allgeier SE\",\"description\":\"Software &amp; IT Services for digital transformation\",\"potentialAction\":[{\"@type\":\"SearchAction\",\"target\":{\"@type\":\"EntryPoint\",\"urlTemplate\":\"https:\\\/\\\/www.allgeier.com\\\/de\\\/?s={search_term_string}\"},\"query-input\":{\"@type\":\"PropertyValueSpecification\",\"valueRequired\":true,\"valueName\":\"search_term_string\"}}],\"inLanguage\":\"de\"}]}<\/script>\n<!-- \/ Yoast SEO plugin. -->","yoast_head_json":{"title":"20022014 - Allgeier SE","robots":{"index":"index","follow":"follow","max-snippet":"max-snippet:-1","max-image-preview":"max-image-preview:large","max-video-preview":"max-video-preview:-1"},"canonical":"https:\/\/www.allgeier.com\/de\/pressroom\/press-releases\/20022014-2\/","og_locale":"de_DE","og_type":"article","og_title":"20022014 - Allgeier SE","og_description":"SKYTEC AG wird Teil der Xiopia GmbH M\u00fcnchen, 20.02.2014 &#8211; Xiopia GmbH, eine Tochtergesellschaft der Allgeier SE, hat mit Wirkung zum 1. Januar 2014 die Allgeier-Tochter SKYTEC AG mit Sitz in Oberhaching bei M\u00fcnchen \u00fcbernommen. Der Unternehmenssitz sowie der Sitz der Gesch\u00e4ftsleitung wird kurzfristig nach Unterf\u00f6hring verlegt werden. Die SKYTEC AG verf\u00fcgt \u00fcber eine starke &hellip;","og_url":"https:\/\/www.allgeier.com\/de\/pressroom\/press-releases\/20022014-2\/","og_site_name":"Allgeier SE","article_modified_time":"2025-02-05T18:24:43+00:00","twitter_card":"summary_large_image","twitter_misc":{"Gesch\u00e4tzte Lesezeit":"1\u00a0Minute"},"schema":{"@context":"https:\/\/schema.org","@graph":[{"@type":"WebPage","@id":"https:\/\/www.allgeier.com\/de\/pressroom\/press-releases\/20022014-2\/","url":"https:\/\/www.allgeier.com\/de\/pressroom\/press-releases\/20022014-2\/","name":"20022014 - Allgeier SE","isPartOf":{"@id":"https:\/\/www.allgeier.com\/de\/#website"},"datePublished":"2014-02-20T11:25:33+00:00","dateModified":"2025-02-05T18:24:43+00:00","breadcrumb":{"@id":"https:\/\/www.allgeier.com\/de\/pressroom\/press-releases\/20022014-2\/#breadcrumb"},"inLanguage":"de","potentialAction":[{"@type":"ReadAction","target":["https:\/\/www.allgeier.com\/de\/pressroom\/press-releases\/20022014-2\/"]}]},{"@type":"BreadcrumbList","@id":"https:\/\/www.allgeier.com\/de\/pressroom\/press-releases\/20022014-2\/#breadcrumb","itemListElement":[{"@type":"ListItem","position":1,"name":"Home","item":"https:\/\/www.allgeier.com\/de\/"},{"@type":"ListItem","position":2,"name":"Presse","item":"https:\/\/www.allgeier.com\/de\/pressroom\/"},{"@type":"ListItem","position":3,"name":"Pressemitteilungen","item":"https:\/\/www.allgeier.com\/de\/pressroom\/press-releases\/"},{"@type":"ListItem","position":4,"name":"20022014"}]},{"@type":"WebSite","@id":"https:\/\/www.allgeier.com\/de\/#website","url":"https:\/\/www.allgeier.com\/de\/","name":"Allgeier SE","description":"Software &amp; IT Services for digital transformation","potentialAction":[{"@type":"SearchAction","target":{"@type":"EntryPoint","urlTemplate":"https:\/\/www.allgeier.com\/de\/?s={search_term_string}"},"query-input":{"@type":"PropertyValueSpecification","valueRequired":true,"valueName":"search_term_string"}}],"inLanguage":"de"}]}},"_links":{"self":[{"href":"https:\/\/www.allgeier.com\/de\/wp-json\/wp\/v2\/pages\/1396","targetHints":{"allow":["GET"]}}],"collection":[{"href":"https:\/\/www.allgeier.com\/de\/wp-json\/wp\/v2\/pages"}],"about":[{"href":"https:\/\/www.allgeier.com\/de\/wp-json\/wp\/v2\/types\/page"}],"author":[{"embeddable":true,"href":"https:\/\/www.allgeier.com\/de\/wp-json\/wp\/v2\/users\/1"}],"replies":[{"embeddable":true,"href":"https:\/\/www.allgeier.com\/de\/wp-json\/wp\/v2\/comments?post=1396"}],"version-history":[{"count":0,"href":"https:\/\/www.allgeier.com\/de\/wp-json\/wp\/v2\/pages\/1396\/revisions"}],"up":[{"embeddable":true,"href":"https:\/\/www.allgeier.com\/de\/wp-json\/wp\/v2\/pages\/1169"}],"wp:attachment":[{"href":"https:\/\/www.allgeier.com\/de\/wp-json\/wp\/v2\/media?parent=1396"}],"wp:term":[{"taxonomy":"category","embeddable":true,"href":"https:\/\/www.allgeier.com\/de\/wp-json\/wp\/v2\/categories?post=1396"},{"taxonomy":"post_tag","embeddable":true,"href":"https:\/\/www.allgeier.com\/de\/wp-json\/wp\/v2\/tags?post=1396"}],"curies":[{"name":"wp","href":"https:\/\/api.w.org\/{rel}","templated":true}]}}