{"id":1438,"date":"2013-12-02T12:00:34","date_gmt":"2013-12-02T12:00:34","guid":{"rendered":"http:\/\/www.allgeier.com\/de\/?page_id=1438"},"modified":"2025-02-05T20:20:58","modified_gmt":"2025-02-05T20:20:58","slug":"02122013-2","status":"publish","type":"page","link":"https:\/\/www.allgeier.com\/de\/pressroom\/archives\/2013-2\/02122013-2\/","title":{"rendered":"02122013"},"content":{"rendered":"<p class=\"align-justify\"><em>Innsbruck, 02. Dezember\u00a02013 &#8211;<\/em> Verla-Pharm, der Marktf\u00fchrer f\u00fcr Magnesium-Arzneimittel, modernisiert seine gesamte Softwarelandschaft. Zentrales Herzst\u00fcck wird dabei die international f\u00fchrende ERP L\u00f6sung Infor M3. Die ERP Implementierung \u00fcbernimmt das u. a. auf die Pharmaindustrie spezialisierte Systemhaus terna.<\/p>\n<div class=\"align-justify\">\n<p>In einem gro\u00df angelegten Software-Auswahlverfahren evaluierte Verla-Pharm 5 Anbieter von f\u00fchrenden ERP L\u00f6sungen &#8211; darunter auch SAP und Dynamics NAV. In die Endauswahl schafften es lediglich Infor M3 und eine weitere Pharmabranchenl\u00f6sung. Letztendlich entschied sich Verla-Pharm f\u00fcr Infor M3 und f\u00fcr terna als ERP Implementierungspartner. terna f\u00fchrt Infor M3 sowohl in der Zentrale in Tutzing als auch in der Tochtergesellschaft Xenofit f\u00fcr insgesamt 100 Anwender ein. Parallel implementiert terna das Analyse- und Reporting Tool QlikView sowie ENGAGE mobile logistics &#8211; eine L\u00f6sung zur mobilen Erfassung von Logistiktransaktionen.<\/p>\n<\/div>\n<p class=\"align-center\"><img loading=\"lazy\" decoding=\"async\" src=\"http:\/\/www.terna.com\/uploads\/RTEmagicC_Pressefoto_Verla-Pharm_txdam2564_53dee9.jpg.jpg\" alt=\"\" width=\"500\" height=\"291\" \/><\/p>\n<div class=\"align-justify\">\n<p>\u201eMit Infor M3 setzen wir auf eine moderne und zukunftsweisende ERP Software. Unsere Arzneimittel werden mit modernsten Technologien und nach den Regeln der Good Manufacturing Practice (GMP) produziert. F\u00fcr uns als Pharmaunternehmen war daher die Validierungsf\u00e4higkeit ein Hauptkriterium f\u00fcr das neue ERP System\u201c, begr\u00fcndet G\u00fcnter Hopf, Leiter Entwicklung &amp; Produktion von Verla-Pharm, die Softwarewahl.<\/p>\n<\/div>\n<h4>Infor M3 wird zentrale Drehscheibe im Pharmaunternehmen<\/h4>\n<div class=\"align-justify\">\n<p>\u201eWir sehen Infor M3 als zentrale Drehscheibe unserer Softwarelandschaft, an der wir pharmaspezifische Module anderer Lieferanten anbinden k\u00f6nnen\u201c, unterstreicht Hopf die strategische Bedeutung von Infor M3 f\u00fcr Verla-Pharm. Der Einsatz einer modernen Middleware erm\u00f6glicht die einfache Anbindung von Drittsystemen in M3. So werden beispielsweise ein Hochregal-Lager und ein Wiegesystem in die neue ERP L\u00f6sung integriert.<\/p>\n<\/div>\n<h4>Systemhaus mit Know-how im Pharmabereich<\/h4>\n<div class=\"align-justify\">\n<p>Der Startschuss f\u00fcr das ERP Projekt bei Verla-Pharm erfolgte im Juni 2013. Der Echtbetrieb ist laut Verla-Pharm f\u00fcr Ende 2014 geplant. terna hat bei dem Tutzinger Pharmaunternehmen bereits eine umfangreiche Gesch\u00e4ftsprozess-analyse durchgef\u00fchrt und Pflichtenhefte zur Software-Implementierung erstellt. terna unterst\u00fctzte bei der Erstellung eines Mastervalidierungsplans, der Voraussetzung f\u00fcr das Validierungsverfahren nach den GAMP 5 Richtlinien (Good Automated Manufacturing Practice) ist.<\/p>\n<\/div>\n<h4>Produktionsplanung optimieren<\/h4>\n<div class=\"align-justify\">\n<p>Im Bereich Produktion und Produktionsplanung sieht Verla-Pharm das gr\u00f6\u00dfte Optimierungspotenzial. Mit Hilfe von Infor M3 wird die Produktionsplanung &#8211; die derzeit noch per Excel-Sheets erfolgt &#8211; k\u00fcnftig direkt im ERP System zentralisiert und f\u00fcr alle transparent gemacht. Kennzahlen f\u00fcr die Produktion, die derzeit teilweise nur auf Papier existieren, werden k\u00fcnftig in Infor M3 elektronisch verf\u00fcgbar sein. Dadurch kann Verla-Pharm Kapazit\u00e4ten besser planen, Maschinenbelegungen optimieren und Produktionsabl\u00e4ufe rationalisieren.<\/p>\n<\/div>\n<h4>V\u00f6llig neue Arbeitsweise mit Infor M3<\/h4>\n<div class=\"align-justify\">\n<p>Mit Infor M3 \u00e4ndert sich die EDV gest\u00fctzte Arbeitsweise f\u00fcr die Mitarbeiter von Verla-Pharm drastisch. Infor Smart Office &#8211; das ergonomisch einzigartige User-Interface &#8211; f\u00fchrt zu mehr Bedienerkomfort und erm\u00f6glicht die ereignis- und informationsgesteuerte Zusammenarbeit in Teams. Infor Smart Office beinhaltet eine f\u00fcr ERP Systeme einzigartige Suchfunktion &#8211; \u00e4hnlich wie die Google Suche &#8211; die Verla-Pharm beim schnellen Auffinden von Informationen in Infor M3 unterst\u00fctzt. Die integrierte Workflowfunktion beschleunigt die Unternehmensprozesse in Infor M3 und erh\u00f6ht die Produktivit\u00e4t der Mitarbeiter durch Reduktion manueller Abl\u00e4ufe. Des Weiteren sind Funktionalit\u00e4ten f\u00fcr die Erstellung von Ad-hoc Berichten und die Gestaltung von prozessorientierten Bildschirmen direkt in Infor Smart Office integriert.<\/p>\n<\/div>\n<h4>Namhafte Referenzen im Pharmabereich<\/h4>\n<p class=\"align-justify\">Neben zahlreichen Bestandskunden aus dem Pharmabereich reihen sich nun auch Verla-Pharm und Xenofit in die Liste der namhaften Referenzkunden von terna. Dadurch st\u00e4rkt das Softwarehaus seine Marktposition im Pharmasegment und unterstreicht abermals die Branchenkompetenz der terna Mitarbeiter und die St\u00e4rke von Infor M3 in der Pharmabranche.<\/p>\n<p><a title=\"terna - Zentrum f\u00fcr Business Software\" href=\"http:\/\/www.terna.com\" target=\"_blank\"><strong>www.terna.com<\/strong><\/a><\/p>\n","protected":false},"excerpt":{"rendered":"<p>Innsbruck, 02. Dezember\u00a02013 &#8211; Verla-Pharm, der Marktf\u00fchrer f\u00fcr Magnesium-Arzneimittel, modernisiert seine gesamte Softwarelandschaft. Zentrales Herzst\u00fcck wird dabei die international f\u00fchrende ERP L\u00f6sung Infor M3. Die ERP Implementierung \u00fcbernimmt das u. a. auf die Pharmaindustrie spezialisierte Systemhaus terna. In einem gro\u00df angelegten Software-Auswahlverfahren evaluierte Verla-Pharm 5 Anbieter von f\u00fchrenden ERP L\u00f6sungen &#8211; darunter auch SAP und &hellip; <\/p>\n","protected":false},"author":1,"featured_media":0,"parent":1421,"menu_order":0,"comment_status":"open","ping_status":"open","template":"","meta":{"_acf_changed":false,"footnotes":""},"categories":[7],"tags":[],"class_list":["post-1438","page","type-page","status-publish","hentry","category-pressemitteilungen"],"acf":[],"yoast_head":"<!-- This site is optimized with the Yoast SEO plugin v27.4 - https:\/\/yoast.com\/product\/yoast-seo-wordpress\/ -->\n<title>02122013 - Allgeier SE<\/title>\n<meta name=\"robots\" content=\"index, follow, max-snippet:-1, max-image-preview:large, max-video-preview:-1\" \/>\n<link rel=\"canonical\" href=\"https:\/\/www.allgeier.com\/de\/pressroom\/archives\/2013-2\/02122013-2\/\" \/>\n<meta property=\"og:locale\" content=\"de_DE\" \/>\n<meta property=\"og:type\" content=\"article\" \/>\n<meta property=\"og:title\" content=\"02122013 - Allgeier SE\" \/>\n<meta property=\"og:description\" content=\"Innsbruck, 02. Dezember\u00a02013 &#8211; Verla-Pharm, der Marktf\u00fchrer f\u00fcr Magnesium-Arzneimittel, modernisiert seine gesamte Softwarelandschaft. Zentrales Herzst\u00fcck wird dabei die international f\u00fchrende ERP L\u00f6sung Infor M3. Die ERP Implementierung \u00fcbernimmt das u. a. auf die Pharmaindustrie spezialisierte Systemhaus terna. In einem gro\u00df angelegten Software-Auswahlverfahren evaluierte Verla-Pharm 5 Anbieter von f\u00fchrenden ERP L\u00f6sungen &#8211; darunter auch SAP und &hellip;\" \/>\n<meta property=\"og:url\" content=\"https:\/\/www.allgeier.com\/de\/pressroom\/archives\/2013-2\/02122013-2\/\" \/>\n<meta property=\"og:site_name\" content=\"Allgeier SE\" \/>\n<meta property=\"article:modified_time\" content=\"2025-02-05T20:20:58+00:00\" \/>\n<meta property=\"og:image\" content=\"http:\/\/www.terna.com\/uploads\/RTEmagicC_Pressefoto_Verla-Pharm_txdam2564_53dee9.jpg.jpg\" \/>\n<meta name=\"twitter:card\" content=\"summary_large_image\" \/>\n<meta name=\"twitter:label1\" content=\"Gesch\u00e4tzte Lesezeit\" \/>\n\t<meta name=\"twitter:data1\" content=\"4\u00a0Minuten\" \/>\n<script type=\"application\/ld+json\" class=\"yoast-schema-graph\">{\"@context\":\"https:\\\/\\\/schema.org\",\"@graph\":[{\"@type\":\"WebPage\",\"@id\":\"https:\\\/\\\/www.allgeier.com\\\/de\\\/pressroom\\\/archives\\\/2013-2\\\/02122013-2\\\/\",\"url\":\"https:\\\/\\\/www.allgeier.com\\\/de\\\/pressroom\\\/archives\\\/2013-2\\\/02122013-2\\\/\",\"name\":\"02122013 - Allgeier SE\",\"isPartOf\":{\"@id\":\"https:\\\/\\\/www.allgeier.com\\\/de\\\/#website\"},\"primaryImageOfPage\":{\"@id\":\"https:\\\/\\\/www.allgeier.com\\\/de\\\/pressroom\\\/archives\\\/2013-2\\\/02122013-2\\\/#primaryimage\"},\"image\":{\"@id\":\"https:\\\/\\\/www.allgeier.com\\\/de\\\/pressroom\\\/archives\\\/2013-2\\\/02122013-2\\\/#primaryimage\"},\"thumbnailUrl\":\"http:\\\/\\\/www.terna.com\\\/uploads\\\/RTEmagicC_Pressefoto_Verla-Pharm_txdam2564_53dee9.jpg.jpg\",\"datePublished\":\"2013-12-02T12:00:34+00:00\",\"dateModified\":\"2025-02-05T20:20:58+00:00\",\"breadcrumb\":{\"@id\":\"https:\\\/\\\/www.allgeier.com\\\/de\\\/pressroom\\\/archives\\\/2013-2\\\/02122013-2\\\/#breadcrumb\"},\"inLanguage\":\"de\",\"potentialAction\":[{\"@type\":\"ReadAction\",\"target\":[\"https:\\\/\\\/www.allgeier.com\\\/de\\\/pressroom\\\/archives\\\/2013-2\\\/02122013-2\\\/\"]}]},{\"@type\":\"ImageObject\",\"inLanguage\":\"de\",\"@id\":\"https:\\\/\\\/www.allgeier.com\\\/de\\\/pressroom\\\/archives\\\/2013-2\\\/02122013-2\\\/#primaryimage\",\"url\":\"http:\\\/\\\/www.terna.com\\\/uploads\\\/RTEmagicC_Pressefoto_Verla-Pharm_txdam2564_53dee9.jpg.jpg\",\"contentUrl\":\"http:\\\/\\\/www.terna.com\\\/uploads\\\/RTEmagicC_Pressefoto_Verla-Pharm_txdam2564_53dee9.jpg.jpg\"},{\"@type\":\"BreadcrumbList\",\"@id\":\"https:\\\/\\\/www.allgeier.com\\\/de\\\/pressroom\\\/archives\\\/2013-2\\\/02122013-2\\\/#breadcrumb\",\"itemListElement\":[{\"@type\":\"ListItem\",\"position\":1,\"name\":\"Home\",\"item\":\"https:\\\/\\\/www.allgeier.com\\\/de\\\/\"},{\"@type\":\"ListItem\",\"position\":2,\"name\":\"Presse\",\"item\":\"https:\\\/\\\/www.allgeier.com\\\/de\\\/pressroom\\\/\"},{\"@type\":\"ListItem\",\"position\":3,\"name\":\"Presse-Archiv\",\"item\":\"https:\\\/\\\/www.allgeier.com\\\/de\\\/pressroom\\\/archives\\\/\"},{\"@type\":\"ListItem\",\"position\":4,\"name\":\"2013\",\"item\":\"https:\\\/\\\/www.allgeier.com\\\/de\\\/pressroom\\\/archives\\\/2013-2\\\/\"},{\"@type\":\"ListItem\",\"position\":5,\"name\":\"02122013\"}]},{\"@type\":\"WebSite\",\"@id\":\"https:\\\/\\\/www.allgeier.com\\\/de\\\/#website\",\"url\":\"https:\\\/\\\/www.allgeier.com\\\/de\\\/\",\"name\":\"Allgeier SE\",\"description\":\"Software &amp; IT Services for digital transformation\",\"potentialAction\":[{\"@type\":\"SearchAction\",\"target\":{\"@type\":\"EntryPoint\",\"urlTemplate\":\"https:\\\/\\\/www.allgeier.com\\\/de\\\/?s={search_term_string}\"},\"query-input\":{\"@type\":\"PropertyValueSpecification\",\"valueRequired\":true,\"valueName\":\"search_term_string\"}}],\"inLanguage\":\"de\"}]}<\/script>\n<!-- \/ Yoast SEO plugin. -->","yoast_head_json":{"title":"02122013 - Allgeier SE","robots":{"index":"index","follow":"follow","max-snippet":"max-snippet:-1","max-image-preview":"max-image-preview:large","max-video-preview":"max-video-preview:-1"},"canonical":"https:\/\/www.allgeier.com\/de\/pressroom\/archives\/2013-2\/02122013-2\/","og_locale":"de_DE","og_type":"article","og_title":"02122013 - Allgeier SE","og_description":"Innsbruck, 02. Dezember\u00a02013 &#8211; Verla-Pharm, der Marktf\u00fchrer f\u00fcr Magnesium-Arzneimittel, modernisiert seine gesamte Softwarelandschaft. Zentrales Herzst\u00fcck wird dabei die international f\u00fchrende ERP L\u00f6sung Infor M3. Die ERP Implementierung \u00fcbernimmt das u. a. auf die Pharmaindustrie spezialisierte Systemhaus terna. In einem gro\u00df angelegten Software-Auswahlverfahren evaluierte Verla-Pharm 5 Anbieter von f\u00fchrenden ERP L\u00f6sungen &#8211; darunter auch SAP und &hellip;","og_url":"https:\/\/www.allgeier.com\/de\/pressroom\/archives\/2013-2\/02122013-2\/","og_site_name":"Allgeier SE","article_modified_time":"2025-02-05T20:20:58+00:00","og_image":[{"url":"http:\/\/www.terna.com\/uploads\/RTEmagicC_Pressefoto_Verla-Pharm_txdam2564_53dee9.jpg.jpg","type":"","width":"","height":""}],"twitter_card":"summary_large_image","twitter_misc":{"Gesch\u00e4tzte Lesezeit":"4\u00a0Minuten"},"schema":{"@context":"https:\/\/schema.org","@graph":[{"@type":"WebPage","@id":"https:\/\/www.allgeier.com\/de\/pressroom\/archives\/2013-2\/02122013-2\/","url":"https:\/\/www.allgeier.com\/de\/pressroom\/archives\/2013-2\/02122013-2\/","name":"02122013 - Allgeier SE","isPartOf":{"@id":"https:\/\/www.allgeier.com\/de\/#website"},"primaryImageOfPage":{"@id":"https:\/\/www.allgeier.com\/de\/pressroom\/archives\/2013-2\/02122013-2\/#primaryimage"},"image":{"@id":"https:\/\/www.allgeier.com\/de\/pressroom\/archives\/2013-2\/02122013-2\/#primaryimage"},"thumbnailUrl":"http:\/\/www.terna.com\/uploads\/RTEmagicC_Pressefoto_Verla-Pharm_txdam2564_53dee9.jpg.jpg","datePublished":"2013-12-02T12:00:34+00:00","dateModified":"2025-02-05T20:20:58+00:00","breadcrumb":{"@id":"https:\/\/www.allgeier.com\/de\/pressroom\/archives\/2013-2\/02122013-2\/#breadcrumb"},"inLanguage":"de","potentialAction":[{"@type":"ReadAction","target":["https:\/\/www.allgeier.com\/de\/pressroom\/archives\/2013-2\/02122013-2\/"]}]},{"@type":"ImageObject","inLanguage":"de","@id":"https:\/\/www.allgeier.com\/de\/pressroom\/archives\/2013-2\/02122013-2\/#primaryimage","url":"http:\/\/www.terna.com\/uploads\/RTEmagicC_Pressefoto_Verla-Pharm_txdam2564_53dee9.jpg.jpg","contentUrl":"http:\/\/www.terna.com\/uploads\/RTEmagicC_Pressefoto_Verla-Pharm_txdam2564_53dee9.jpg.jpg"},{"@type":"BreadcrumbList","@id":"https:\/\/www.allgeier.com\/de\/pressroom\/archives\/2013-2\/02122013-2\/#breadcrumb","itemListElement":[{"@type":"ListItem","position":1,"name":"Home","item":"https:\/\/www.allgeier.com\/de\/"},{"@type":"ListItem","position":2,"name":"Presse","item":"https:\/\/www.allgeier.com\/de\/pressroom\/"},{"@type":"ListItem","position":3,"name":"Presse-Archiv","item":"https:\/\/www.allgeier.com\/de\/pressroom\/archives\/"},{"@type":"ListItem","position":4,"name":"2013","item":"https:\/\/www.allgeier.com\/de\/pressroom\/archives\/2013-2\/"},{"@type":"ListItem","position":5,"name":"02122013"}]},{"@type":"WebSite","@id":"https:\/\/www.allgeier.com\/de\/#website","url":"https:\/\/www.allgeier.com\/de\/","name":"Allgeier SE","description":"Software &amp; IT Services for digital transformation","potentialAction":[{"@type":"SearchAction","target":{"@type":"EntryPoint","urlTemplate":"https:\/\/www.allgeier.com\/de\/?s={search_term_string}"},"query-input":{"@type":"PropertyValueSpecification","valueRequired":true,"valueName":"search_term_string"}}],"inLanguage":"de"}]}},"_links":{"self":[{"href":"https:\/\/www.allgeier.com\/de\/wp-json\/wp\/v2\/pages\/1438","targetHints":{"allow":["GET"]}}],"collection":[{"href":"https:\/\/www.allgeier.com\/de\/wp-json\/wp\/v2\/pages"}],"about":[{"href":"https:\/\/www.allgeier.com\/de\/wp-json\/wp\/v2\/types\/page"}],"author":[{"embeddable":true,"href":"https:\/\/www.allgeier.com\/de\/wp-json\/wp\/v2\/users\/1"}],"replies":[{"embeddable":true,"href":"https:\/\/www.allgeier.com\/de\/wp-json\/wp\/v2\/comments?post=1438"}],"version-history":[{"count":0,"href":"https:\/\/www.allgeier.com\/de\/wp-json\/wp\/v2\/pages\/1438\/revisions"}],"up":[{"embeddable":true,"href":"https:\/\/www.allgeier.com\/de\/wp-json\/wp\/v2\/pages\/1421"}],"wp:attachment":[{"href":"https:\/\/www.allgeier.com\/de\/wp-json\/wp\/v2\/media?parent=1438"}],"wp:term":[{"taxonomy":"category","embeddable":true,"href":"https:\/\/www.allgeier.com\/de\/wp-json\/wp\/v2\/categories?post=1438"},{"taxonomy":"post_tag","embeddable":true,"href":"https:\/\/www.allgeier.com\/de\/wp-json\/wp\/v2\/tags?post=1438"}],"curies":[{"name":"wp","href":"https:\/\/api.w.org\/{rel}","templated":true}]}}