{"id":1442,"date":"2013-10-28T12:02:51","date_gmt":"2013-10-28T12:02:51","guid":{"rendered":"http:\/\/www.allgeier.com\/de\/?page_id=1442"},"modified":"2025-02-05T20:29:26","modified_gmt":"2025-02-05T20:29:26","slug":"28102013-2","status":"publish","type":"page","link":"https:\/\/www.allgeier.com\/de\/pressroom\/archives\/2013-2\/28102013-2\/","title":{"rendered":"28102013"},"content":{"rendered":"<p>M\u00fcnchens beste Arbeitgeber-Marke 2014<\/p>\n<p><i>M\u00fcnchen, 28.10.2013 \u2013<\/i> Die tecops personal GmbH wurde im Wettbewerb &#8222;M\u00fcnchens beste Arbeitgeber-Marke&#8220; mit dem Silber-Siegel ausgezeichnet. Dieser Wettbewerb wurde von der S\u00fcddeutschen Zeitung und dem Institut f\u00fcr Management und Wirtschaftsforschung (IMWF) ausgelobt. Dabei wurden die 200 gr\u00f6\u00dften Unternehmen aus der Region M\u00fcnchen ausgewertet. Die Auswahl der Preistr\u00e4ger beruht auf einer wissenschaftlichen Auswertung von Sozialen Medien, Foren, Portalen und Blogs, \u00fcber die sich Bewerber zu Jobs, Bewerbungsgespr\u00e4chen und das Unternehmen \u00e4u\u00dfern.<\/p>\n<p>Die St\u00e4rke der Arbeitgeber-Marke wird nach dem \u201eLeipziger Modell\u201c ermittelt. Bei der tecops personal GmbH waren vor allem die Kriterien &#8222;Verantwortung und soziale Gerechtigkeit&#8220; und die konsequente Positionierung zu dieser Philosophie ausschlaggebend f\u00fcr die Auszeichnung.<\/p>\n<p>\u201eWir freuen uns ganz besonders \u00fcber diese Auszeichnung, da f\u00fcr diesen Preis die positiven Bewertungen und \u00c4u\u00dferungen der Jobsuchenden und Bewerber den Ausschlag geben. Es ist zudem eine sch\u00f6ne Best\u00e4tigung f\u00fcr uns als Arbeitgeber, dass wir uns als fairer, transparenter und verantwortungsvoller Personaldienstleister erfolgreich positioniert haben&#8220;, erkl\u00e4rt Ludwig Hank, Vorsitzender der Gesch\u00e4ftsf\u00fchrung von TECOPS.<\/p>\n<p>Die tecops personal GmbH ist ein Unternehmen der Allgeier Experts SE, die zu den TOP 3 der IT-Personaldienstleister in Deutschland z\u00e4hlt.<\/p>\n<p><img loading=\"lazy\" decoding=\"async\" src=\"https:\/\/www.allgeier.com\/Content\/Media\/03df25a12abb4086a92a2743abcce677\/20131028_tecops_BesteArbeitgeber_kl.jpg\" alt=\"\" width=\"549\" height=\"372\" \/><\/p>\n<p>Constanze Nitsche (Prokuristin, tecops personal GmbH, li.) und Monika Geist (Prokuristin, tecops personal GmbH, re.) werden von J\u00f6rg Forthmann (Gesch\u00e4ftsf\u00fchrer, Faktenkontor GmbH, Mitte) mit dem Arbeitgeberpreis ausgezeichnet. Fotograf: Andreas Gebert<\/p>\n<p><a title=\"Hier finden Sie die Urkunde: Beste Arbeitgeber-Marke 2014\" href=\"http:\/\/www.tecops.de\/media\/presse\/Beste_Arbeitgeber_Marke_2014.pdf\" target=\"_blank\">Hier finden Sie die Urkunde f\u00fcr die tecops personal GmbH: M\u00fcnchens Beste Arbeitgeber-Marke 2014<\/a><\/p>\n","protected":false},"excerpt":{"rendered":"<p>M\u00fcnchens beste Arbeitgeber-Marke 2014 M\u00fcnchen, 28.10.2013 \u2013 Die tecops personal GmbH wurde im Wettbewerb &#8222;M\u00fcnchens beste Arbeitgeber-Marke&#8220; mit dem Silber-Siegel ausgezeichnet. Dieser Wettbewerb wurde von der S\u00fcddeutschen Zeitung und dem Institut f\u00fcr Management und Wirtschaftsforschung (IMWF) ausgelobt. Dabei wurden die 200 gr\u00f6\u00dften Unternehmen aus der Region M\u00fcnchen ausgewertet. Die Auswahl der Preistr\u00e4ger beruht auf einer &hellip; <\/p>\n","protected":false},"author":1,"featured_media":0,"parent":1421,"menu_order":0,"comment_status":"open","ping_status":"open","template":"","meta":{"_acf_changed":false,"footnotes":""},"categories":[7],"tags":[],"class_list":["post-1442","page","type-page","status-publish","hentry","category-pressemitteilungen"],"acf":[],"yoast_head":"<!-- This site is optimized with the Yoast SEO plugin v27.3 - https:\/\/yoast.com\/product\/yoast-seo-wordpress\/ -->\n<title>28102013 - Allgeier SE<\/title>\n<meta name=\"robots\" content=\"index, follow, max-snippet:-1, max-image-preview:large, max-video-preview:-1\" \/>\n<link rel=\"canonical\" href=\"https:\/\/www.allgeier.com\/de\/pressroom\/archives\/2013-2\/28102013-2\/\" \/>\n<meta property=\"og:locale\" content=\"de_DE\" \/>\n<meta property=\"og:type\" content=\"article\" \/>\n<meta property=\"og:title\" content=\"28102013 - Allgeier SE\" \/>\n<meta property=\"og:description\" content=\"M\u00fcnchens beste Arbeitgeber-Marke 2014 M\u00fcnchen, 28.10.2013 \u2013 Die tecops personal GmbH wurde im Wettbewerb &#8222;M\u00fcnchens beste Arbeitgeber-Marke&#8220; mit dem Silber-Siegel ausgezeichnet. Dieser Wettbewerb wurde von der S\u00fcddeutschen Zeitung und dem Institut f\u00fcr Management und Wirtschaftsforschung (IMWF) ausgelobt. Dabei wurden die 200 gr\u00f6\u00dften Unternehmen aus der Region M\u00fcnchen ausgewertet. Die Auswahl der Preistr\u00e4ger beruht auf einer &hellip;\" \/>\n<meta property=\"og:url\" content=\"https:\/\/www.allgeier.com\/de\/pressroom\/archives\/2013-2\/28102013-2\/\" \/>\n<meta property=\"og:site_name\" content=\"Allgeier SE\" \/>\n<meta property=\"article:modified_time\" content=\"2025-02-05T20:29:26+00:00\" \/>\n<meta property=\"og:image\" content=\"https:\/\/www.allgeier.com\/Content\/Media\/03df25a12abb4086a92a2743abcce677\/20131028_tecops_BesteArbeitgeber_kl.jpg\" \/>\n<meta name=\"twitter:card\" content=\"summary_large_image\" \/>\n<meta name=\"twitter:label1\" content=\"Gesch\u00e4tzte Lesezeit\" \/>\n\t<meta name=\"twitter:data1\" content=\"2\u00a0Minuten\" \/>\n<script type=\"application\/ld+json\" class=\"yoast-schema-graph\">{\"@context\":\"https:\\\/\\\/schema.org\",\"@graph\":[{\"@type\":\"WebPage\",\"@id\":\"https:\\\/\\\/www.allgeier.com\\\/de\\\/pressroom\\\/archives\\\/2013-2\\\/28102013-2\\\/\",\"url\":\"https:\\\/\\\/www.allgeier.com\\\/de\\\/pressroom\\\/archives\\\/2013-2\\\/28102013-2\\\/\",\"name\":\"28102013 - Allgeier SE\",\"isPartOf\":{\"@id\":\"https:\\\/\\\/www.allgeier.com\\\/de\\\/#website\"},\"primaryImageOfPage\":{\"@id\":\"https:\\\/\\\/www.allgeier.com\\\/de\\\/pressroom\\\/archives\\\/2013-2\\\/28102013-2\\\/#primaryimage\"},\"image\":{\"@id\":\"https:\\\/\\\/www.allgeier.com\\\/de\\\/pressroom\\\/archives\\\/2013-2\\\/28102013-2\\\/#primaryimage\"},\"thumbnailUrl\":\"https:\\\/\\\/www.allgeier.com\\\/Content\\\/Media\\\/03df25a12abb4086a92a2743abcce677\\\/20131028_tecops_BesteArbeitgeber_kl.jpg\",\"datePublished\":\"2013-10-28T12:02:51+00:00\",\"dateModified\":\"2025-02-05T20:29:26+00:00\",\"breadcrumb\":{\"@id\":\"https:\\\/\\\/www.allgeier.com\\\/de\\\/pressroom\\\/archives\\\/2013-2\\\/28102013-2\\\/#breadcrumb\"},\"inLanguage\":\"de\",\"potentialAction\":[{\"@type\":\"ReadAction\",\"target\":[\"https:\\\/\\\/www.allgeier.com\\\/de\\\/pressroom\\\/archives\\\/2013-2\\\/28102013-2\\\/\"]}]},{\"@type\":\"ImageObject\",\"inLanguage\":\"de\",\"@id\":\"https:\\\/\\\/www.allgeier.com\\\/de\\\/pressroom\\\/archives\\\/2013-2\\\/28102013-2\\\/#primaryimage\",\"url\":\"https:\\\/\\\/www.allgeier.com\\\/Content\\\/Media\\\/03df25a12abb4086a92a2743abcce677\\\/20131028_tecops_BesteArbeitgeber_kl.jpg\",\"contentUrl\":\"https:\\\/\\\/www.allgeier.com\\\/Content\\\/Media\\\/03df25a12abb4086a92a2743abcce677\\\/20131028_tecops_BesteArbeitgeber_kl.jpg\"},{\"@type\":\"BreadcrumbList\",\"@id\":\"https:\\\/\\\/www.allgeier.com\\\/de\\\/pressroom\\\/archives\\\/2013-2\\\/28102013-2\\\/#breadcrumb\",\"itemListElement\":[{\"@type\":\"ListItem\",\"position\":1,\"name\":\"Home\",\"item\":\"https:\\\/\\\/www.allgeier.com\\\/de\\\/\"},{\"@type\":\"ListItem\",\"position\":2,\"name\":\"Presse\",\"item\":\"https:\\\/\\\/www.allgeier.com\\\/de\\\/pressroom\\\/\"},{\"@type\":\"ListItem\",\"position\":3,\"name\":\"Presse-Archiv\",\"item\":\"https:\\\/\\\/www.allgeier.com\\\/de\\\/pressroom\\\/archives\\\/\"},{\"@type\":\"ListItem\",\"position\":4,\"name\":\"2013\",\"item\":\"https:\\\/\\\/www.allgeier.com\\\/de\\\/pressroom\\\/archives\\\/2013-2\\\/\"},{\"@type\":\"ListItem\",\"position\":5,\"name\":\"28102013\"}]},{\"@type\":\"WebSite\",\"@id\":\"https:\\\/\\\/www.allgeier.com\\\/de\\\/#website\",\"url\":\"https:\\\/\\\/www.allgeier.com\\\/de\\\/\",\"name\":\"Allgeier SE\",\"description\":\"Software &amp; IT Services for digital transformation\",\"potentialAction\":[{\"@type\":\"SearchAction\",\"target\":{\"@type\":\"EntryPoint\",\"urlTemplate\":\"https:\\\/\\\/www.allgeier.com\\\/de\\\/?s={search_term_string}\"},\"query-input\":{\"@type\":\"PropertyValueSpecification\",\"valueRequired\":true,\"valueName\":\"search_term_string\"}}],\"inLanguage\":\"de\"}]}<\/script>\n<!-- \/ Yoast SEO plugin. -->","yoast_head_json":{"title":"28102013 - Allgeier SE","robots":{"index":"index","follow":"follow","max-snippet":"max-snippet:-1","max-image-preview":"max-image-preview:large","max-video-preview":"max-video-preview:-1"},"canonical":"https:\/\/www.allgeier.com\/de\/pressroom\/archives\/2013-2\/28102013-2\/","og_locale":"de_DE","og_type":"article","og_title":"28102013 - Allgeier SE","og_description":"M\u00fcnchens beste Arbeitgeber-Marke 2014 M\u00fcnchen, 28.10.2013 \u2013 Die tecops personal GmbH wurde im Wettbewerb &#8222;M\u00fcnchens beste Arbeitgeber-Marke&#8220; mit dem Silber-Siegel ausgezeichnet. Dieser Wettbewerb wurde von der S\u00fcddeutschen Zeitung und dem Institut f\u00fcr Management und Wirtschaftsforschung (IMWF) ausgelobt. Dabei wurden die 200 gr\u00f6\u00dften Unternehmen aus der Region M\u00fcnchen ausgewertet. Die Auswahl der Preistr\u00e4ger beruht auf einer &hellip;","og_url":"https:\/\/www.allgeier.com\/de\/pressroom\/archives\/2013-2\/28102013-2\/","og_site_name":"Allgeier SE","article_modified_time":"2025-02-05T20:29:26+00:00","og_image":[{"url":"https:\/\/www.allgeier.com\/Content\/Media\/03df25a12abb4086a92a2743abcce677\/20131028_tecops_BesteArbeitgeber_kl.jpg","type":"","width":"","height":""}],"twitter_card":"summary_large_image","twitter_misc":{"Gesch\u00e4tzte Lesezeit":"2\u00a0Minuten"},"schema":{"@context":"https:\/\/schema.org","@graph":[{"@type":"WebPage","@id":"https:\/\/www.allgeier.com\/de\/pressroom\/archives\/2013-2\/28102013-2\/","url":"https:\/\/www.allgeier.com\/de\/pressroom\/archives\/2013-2\/28102013-2\/","name":"28102013 - Allgeier SE","isPartOf":{"@id":"https:\/\/www.allgeier.com\/de\/#website"},"primaryImageOfPage":{"@id":"https:\/\/www.allgeier.com\/de\/pressroom\/archives\/2013-2\/28102013-2\/#primaryimage"},"image":{"@id":"https:\/\/www.allgeier.com\/de\/pressroom\/archives\/2013-2\/28102013-2\/#primaryimage"},"thumbnailUrl":"https:\/\/www.allgeier.com\/Content\/Media\/03df25a12abb4086a92a2743abcce677\/20131028_tecops_BesteArbeitgeber_kl.jpg","datePublished":"2013-10-28T12:02:51+00:00","dateModified":"2025-02-05T20:29:26+00:00","breadcrumb":{"@id":"https:\/\/www.allgeier.com\/de\/pressroom\/archives\/2013-2\/28102013-2\/#breadcrumb"},"inLanguage":"de","potentialAction":[{"@type":"ReadAction","target":["https:\/\/www.allgeier.com\/de\/pressroom\/archives\/2013-2\/28102013-2\/"]}]},{"@type":"ImageObject","inLanguage":"de","@id":"https:\/\/www.allgeier.com\/de\/pressroom\/archives\/2013-2\/28102013-2\/#primaryimage","url":"https:\/\/www.allgeier.com\/Content\/Media\/03df25a12abb4086a92a2743abcce677\/20131028_tecops_BesteArbeitgeber_kl.jpg","contentUrl":"https:\/\/www.allgeier.com\/Content\/Media\/03df25a12abb4086a92a2743abcce677\/20131028_tecops_BesteArbeitgeber_kl.jpg"},{"@type":"BreadcrumbList","@id":"https:\/\/www.allgeier.com\/de\/pressroom\/archives\/2013-2\/28102013-2\/#breadcrumb","itemListElement":[{"@type":"ListItem","position":1,"name":"Home","item":"https:\/\/www.allgeier.com\/de\/"},{"@type":"ListItem","position":2,"name":"Presse","item":"https:\/\/www.allgeier.com\/de\/pressroom\/"},{"@type":"ListItem","position":3,"name":"Presse-Archiv","item":"https:\/\/www.allgeier.com\/de\/pressroom\/archives\/"},{"@type":"ListItem","position":4,"name":"2013","item":"https:\/\/www.allgeier.com\/de\/pressroom\/archives\/2013-2\/"},{"@type":"ListItem","position":5,"name":"28102013"}]},{"@type":"WebSite","@id":"https:\/\/www.allgeier.com\/de\/#website","url":"https:\/\/www.allgeier.com\/de\/","name":"Allgeier SE","description":"Software &amp; IT Services for digital transformation","potentialAction":[{"@type":"SearchAction","target":{"@type":"EntryPoint","urlTemplate":"https:\/\/www.allgeier.com\/de\/?s={search_term_string}"},"query-input":{"@type":"PropertyValueSpecification","valueRequired":true,"valueName":"search_term_string"}}],"inLanguage":"de"}]}},"_links":{"self":[{"href":"https:\/\/www.allgeier.com\/de\/wp-json\/wp\/v2\/pages\/1442","targetHints":{"allow":["GET"]}}],"collection":[{"href":"https:\/\/www.allgeier.com\/de\/wp-json\/wp\/v2\/pages"}],"about":[{"href":"https:\/\/www.allgeier.com\/de\/wp-json\/wp\/v2\/types\/page"}],"author":[{"embeddable":true,"href":"https:\/\/www.allgeier.com\/de\/wp-json\/wp\/v2\/users\/1"}],"replies":[{"embeddable":true,"href":"https:\/\/www.allgeier.com\/de\/wp-json\/wp\/v2\/comments?post=1442"}],"version-history":[{"count":0,"href":"https:\/\/www.allgeier.com\/de\/wp-json\/wp\/v2\/pages\/1442\/revisions"}],"up":[{"embeddable":true,"href":"https:\/\/www.allgeier.com\/de\/wp-json\/wp\/v2\/pages\/1421"}],"wp:attachment":[{"href":"https:\/\/www.allgeier.com\/de\/wp-json\/wp\/v2\/media?parent=1442"}],"wp:term":[{"taxonomy":"category","embeddable":true,"href":"https:\/\/www.allgeier.com\/de\/wp-json\/wp\/v2\/categories?post=1442"},{"taxonomy":"post_tag","embeddable":true,"href":"https:\/\/www.allgeier.com\/de\/wp-json\/wp\/v2\/tags?post=1442"}],"curies":[{"name":"wp","href":"https:\/\/api.w.org\/{rel}","templated":true}]}}