{"id":1446,"date":"2013-09-26T12:04:52","date_gmt":"2013-09-26T12:04:52","guid":{"rendered":"http:\/\/www.allgeier.com\/de\/?page_id=1446"},"modified":"2025-02-05T20:29:12","modified_gmt":"2025-02-05T20:29:12","slug":"1446-2","status":"publish","type":"page","link":"https:\/\/www.allgeier.com\/de\/pressroom\/archives\/2013-2\/1446-2\/","title":{"rendered":"26092013"},"content":{"rendered":"<div id=\"ctl00_PlaceHolderMain_ctl02__ControlWrapper_RichHtmlField\" class=\"ms-rtestate-field\">\n<p><em>Thalwil (CH), 26.09.2013 &#8211;<\/em><strong> Microsoft Schweiz hat an den nationalen Connection Days vom 26. September 2013 die besten und wichtigsten Business-Partner ausgezeichnet. Die Auszeichnung \u201aCloud Innovator 2013&#8242; ging an Allgeier (Schweiz) AG f\u00fcr die L\u00f6sung \u201aAzureTube&#8216;, eine hochverf\u00fcgbare, performante und kosteng\u00fcnstige Online-Video-Plattform f\u00fcr Unternehmen.<\/strong><\/p>\n<p>Mit AzureTube stellt Allgeier eine Plattform zur Verf\u00fcgung, die f\u00fcr Video- und Media-Inhalte jeglicher Art eingesetzt werden kann. Die OVP l\u00e4sst sich leicht in bestehende Websites einbinden und kann f\u00fcr autorisierte Benutzer oder \u201ePublic&#8220; zug\u00e4nglich gemacht werden. AzureTube basiert auf den Microsoft Cloud Diensten Windows Azure und Office 365. Typische Einsatzbereiche einer Unternehmens-OVP umfassen u.a. interne sowie externe Kommunikation, e-Learning und Produktewerbung. Die Anwender profitieren dabei von der schnellen Bereitstellung sowie der hohen Verf\u00fcgbarkeit, Skalierbarkeit und Flexibilit\u00e4t, was Cloud-L\u00f6sungen generell auszeichnet.<\/p>\n<p>Stefan-Essi Fischer, CEO Allgeier (Schweiz) AG, zum Gewinn des Awards: \u201eIch freue mich sehr \u00fcber diese Auszeichnung und widme sie meinen Mitarbeitenden. Mit Ihrer Kreativit\u00e4t entwickeln sie seit vielen Jahren immer wieder wegweisende L\u00f6sungen auf Basis der von Microsoft zur Verf\u00fcgung gestellten Technologien. Ebenso geht der Dank an unsere Kunden, die sich f\u00fcr unsere innovativen Ideen begeistern und der Kompetenz von Allgeier vertrauen.&#8220;<\/p>\n<p><img decoding=\"async\" style=\"margin: 5px 0px; width: 480px; height: 324px;\" src=\"http:\/\/www.allgeier.ch\/de\/news\/PublishingImages\/130926_Partneroftheyear.jpg\" alt=\"\" \/><\/p>\n<p><strong>\u00dcber Allgeier<\/strong><strong> (Schweiz) AG<\/strong><\/p>\n<p>Allgeier Schweiz (bis Februar 2013 bekannt als 1eEurope) hat \u00fcber 20 Jahre Erfahrung bei der Umsetzung von Beratungs- und Software-Projekten auf Basis von Microsoft-Technologie im Schweizer Markt. Allgeier ist eine der f\u00fchrenden IT-Beratungs- und Servicegesellschaften im deutschsprachigen Raum und bietet ein umfassendes Angebot. Mit \u00fcber 5.500 IT-Experten bietet die Allgeier Gruppe zahlreichen nationalen und internationalen Kunden einen Komplettservice-Ansatz von der Konzeption \u00fcber die Umsetzung bis hin zum Betrieb von IT-Landschaften.<\/p>\n<p>Weitere Informationen zu AzureTube finden Sie hier: <a href=\"http:\/\/www.allgeier.ch\/de\/Seiten\/AzureTube.aspx\">http:\/\/www.allgeier.ch\/de\/Seiten\/AzureTube.aspx<\/a><\/p>\n<\/div>\n<p><a title=\"Allgeier (Schweiz) AG\" href=\"http:\/\/www.allgeier.ch\" target=\"_blank\"><img loading=\"lazy\" decoding=\"async\" src=\"http:\/\/www.allgeier.de\/Content\/Media\/3e4d0579a6a34032a74f8e32c290653f\/Logo_Allgeier_Schweiz_CMYK.png\" alt=\"\" width=\"357\" height=\"114\" \/><\/a><\/p>\n","protected":false},"excerpt":{"rendered":"<p>Thalwil (CH), 26.09.2013 &#8211; Microsoft Schweiz hat an den nationalen Connection Days vom 26. September 2013 die besten und wichtigsten Business-Partner ausgezeichnet. Die Auszeichnung \u201aCloud Innovator 2013&#8242; ging an Allgeier (Schweiz) AG f\u00fcr die L\u00f6sung \u201aAzureTube&#8216;, eine hochverf\u00fcgbare, performante und kosteng\u00fcnstige Online-Video-Plattform f\u00fcr Unternehmen. Mit AzureTube stellt Allgeier eine Plattform zur Verf\u00fcgung, die f\u00fcr Video- &hellip; <\/p>\n","protected":false},"author":1,"featured_media":0,"parent":1421,"menu_order":0,"comment_status":"open","ping_status":"open","template":"","meta":{"_acf_changed":false,"footnotes":""},"categories":[7],"tags":[],"class_list":["post-1446","page","type-page","status-publish","hentry","category-pressemitteilungen"],"acf":[],"yoast_head":"<!-- This site is optimized with the Yoast SEO plugin v27.3 - https:\/\/yoast.com\/product\/yoast-seo-wordpress\/ -->\n<title>26092013 - Allgeier SE<\/title>\n<meta name=\"robots\" content=\"index, follow, max-snippet:-1, max-image-preview:large, max-video-preview:-1\" \/>\n<link rel=\"canonical\" href=\"https:\/\/www.allgeier.com\/de\/pressroom\/archives\/2013-2\/1446-2\/\" \/>\n<meta property=\"og:locale\" content=\"de_DE\" \/>\n<meta property=\"og:type\" content=\"article\" \/>\n<meta property=\"og:title\" content=\"26092013 - Allgeier SE\" \/>\n<meta property=\"og:description\" content=\"Thalwil (CH), 26.09.2013 &#8211; Microsoft Schweiz hat an den nationalen Connection Days vom 26. September 2013 die besten und wichtigsten Business-Partner ausgezeichnet. Die Auszeichnung \u201aCloud Innovator 2013&#8242; ging an Allgeier (Schweiz) AG f\u00fcr die L\u00f6sung \u201aAzureTube&#8216;, eine hochverf\u00fcgbare, performante und kosteng\u00fcnstige Online-Video-Plattform f\u00fcr Unternehmen. Mit AzureTube stellt Allgeier eine Plattform zur Verf\u00fcgung, die f\u00fcr Video- &hellip;\" \/>\n<meta property=\"og:url\" content=\"https:\/\/www.allgeier.com\/de\/pressroom\/archives\/2013-2\/1446-2\/\" \/>\n<meta property=\"og:site_name\" content=\"Allgeier SE\" \/>\n<meta property=\"article:modified_time\" content=\"2025-02-05T20:29:12+00:00\" \/>\n<meta property=\"og:image\" content=\"http:\/\/www.allgeier.ch\/de\/news\/PublishingImages\/130926_Partneroftheyear.jpg\" \/>\n<meta name=\"twitter:card\" content=\"summary_large_image\" \/>\n<meta name=\"twitter:label1\" content=\"Gesch\u00e4tzte Lesezeit\" \/>\n\t<meta name=\"twitter:data1\" content=\"2\u00a0Minuten\" \/>\n<script type=\"application\/ld+json\" class=\"yoast-schema-graph\">{\"@context\":\"https:\\\/\\\/schema.org\",\"@graph\":[{\"@type\":\"WebPage\",\"@id\":\"https:\\\/\\\/www.allgeier.com\\\/de\\\/pressroom\\\/archives\\\/2013-2\\\/1446-2\\\/\",\"url\":\"https:\\\/\\\/www.allgeier.com\\\/de\\\/pressroom\\\/archives\\\/2013-2\\\/1446-2\\\/\",\"name\":\"26092013 - Allgeier SE\",\"isPartOf\":{\"@id\":\"https:\\\/\\\/www.allgeier.com\\\/de\\\/#website\"},\"primaryImageOfPage\":{\"@id\":\"https:\\\/\\\/www.allgeier.com\\\/de\\\/pressroom\\\/archives\\\/2013-2\\\/1446-2\\\/#primaryimage\"},\"image\":{\"@id\":\"https:\\\/\\\/www.allgeier.com\\\/de\\\/pressroom\\\/archives\\\/2013-2\\\/1446-2\\\/#primaryimage\"},\"thumbnailUrl\":\"http:\\\/\\\/www.allgeier.ch\\\/de\\\/news\\\/PublishingImages\\\/130926_Partneroftheyear.jpg\",\"datePublished\":\"2013-09-26T12:04:52+00:00\",\"dateModified\":\"2025-02-05T20:29:12+00:00\",\"breadcrumb\":{\"@id\":\"https:\\\/\\\/www.allgeier.com\\\/de\\\/pressroom\\\/archives\\\/2013-2\\\/1446-2\\\/#breadcrumb\"},\"inLanguage\":\"de\",\"potentialAction\":[{\"@type\":\"ReadAction\",\"target\":[\"https:\\\/\\\/www.allgeier.com\\\/de\\\/pressroom\\\/archives\\\/2013-2\\\/1446-2\\\/\"]}]},{\"@type\":\"ImageObject\",\"inLanguage\":\"de\",\"@id\":\"https:\\\/\\\/www.allgeier.com\\\/de\\\/pressroom\\\/archives\\\/2013-2\\\/1446-2\\\/#primaryimage\",\"url\":\"http:\\\/\\\/www.allgeier.ch\\\/de\\\/news\\\/PublishingImages\\\/130926_Partneroftheyear.jpg\",\"contentUrl\":\"http:\\\/\\\/www.allgeier.ch\\\/de\\\/news\\\/PublishingImages\\\/130926_Partneroftheyear.jpg\"},{\"@type\":\"BreadcrumbList\",\"@id\":\"https:\\\/\\\/www.allgeier.com\\\/de\\\/pressroom\\\/archives\\\/2013-2\\\/1446-2\\\/#breadcrumb\",\"itemListElement\":[{\"@type\":\"ListItem\",\"position\":1,\"name\":\"Home\",\"item\":\"https:\\\/\\\/www.allgeier.com\\\/de\\\/\"},{\"@type\":\"ListItem\",\"position\":2,\"name\":\"Presse\",\"item\":\"https:\\\/\\\/www.allgeier.com\\\/de\\\/pressroom\\\/\"},{\"@type\":\"ListItem\",\"position\":3,\"name\":\"Presse-Archiv\",\"item\":\"https:\\\/\\\/www.allgeier.com\\\/de\\\/pressroom\\\/archives\\\/\"},{\"@type\":\"ListItem\",\"position\":4,\"name\":\"2013\",\"item\":\"https:\\\/\\\/www.allgeier.com\\\/de\\\/pressroom\\\/archives\\\/2013-2\\\/\"},{\"@type\":\"ListItem\",\"position\":5,\"name\":\"26092013\"}]},{\"@type\":\"WebSite\",\"@id\":\"https:\\\/\\\/www.allgeier.com\\\/de\\\/#website\",\"url\":\"https:\\\/\\\/www.allgeier.com\\\/de\\\/\",\"name\":\"Allgeier SE\",\"description\":\"Software &amp; IT Services for digital transformation\",\"potentialAction\":[{\"@type\":\"SearchAction\",\"target\":{\"@type\":\"EntryPoint\",\"urlTemplate\":\"https:\\\/\\\/www.allgeier.com\\\/de\\\/?s={search_term_string}\"},\"query-input\":{\"@type\":\"PropertyValueSpecification\",\"valueRequired\":true,\"valueName\":\"search_term_string\"}}],\"inLanguage\":\"de\"}]}<\/script>\n<!-- \/ Yoast SEO plugin. -->","yoast_head_json":{"title":"26092013 - Allgeier SE","robots":{"index":"index","follow":"follow","max-snippet":"max-snippet:-1","max-image-preview":"max-image-preview:large","max-video-preview":"max-video-preview:-1"},"canonical":"https:\/\/www.allgeier.com\/de\/pressroom\/archives\/2013-2\/1446-2\/","og_locale":"de_DE","og_type":"article","og_title":"26092013 - Allgeier SE","og_description":"Thalwil (CH), 26.09.2013 &#8211; Microsoft Schweiz hat an den nationalen Connection Days vom 26. September 2013 die besten und wichtigsten Business-Partner ausgezeichnet. Die Auszeichnung \u201aCloud Innovator 2013&#8242; ging an Allgeier (Schweiz) AG f\u00fcr die L\u00f6sung \u201aAzureTube&#8216;, eine hochverf\u00fcgbare, performante und kosteng\u00fcnstige Online-Video-Plattform f\u00fcr Unternehmen. Mit AzureTube stellt Allgeier eine Plattform zur Verf\u00fcgung, die f\u00fcr Video- &hellip;","og_url":"https:\/\/www.allgeier.com\/de\/pressroom\/archives\/2013-2\/1446-2\/","og_site_name":"Allgeier SE","article_modified_time":"2025-02-05T20:29:12+00:00","og_image":[{"url":"http:\/\/www.allgeier.ch\/de\/news\/PublishingImages\/130926_Partneroftheyear.jpg","type":"","width":"","height":""}],"twitter_card":"summary_large_image","twitter_misc":{"Gesch\u00e4tzte Lesezeit":"2\u00a0Minuten"},"schema":{"@context":"https:\/\/schema.org","@graph":[{"@type":"WebPage","@id":"https:\/\/www.allgeier.com\/de\/pressroom\/archives\/2013-2\/1446-2\/","url":"https:\/\/www.allgeier.com\/de\/pressroom\/archives\/2013-2\/1446-2\/","name":"26092013 - Allgeier SE","isPartOf":{"@id":"https:\/\/www.allgeier.com\/de\/#website"},"primaryImageOfPage":{"@id":"https:\/\/www.allgeier.com\/de\/pressroom\/archives\/2013-2\/1446-2\/#primaryimage"},"image":{"@id":"https:\/\/www.allgeier.com\/de\/pressroom\/archives\/2013-2\/1446-2\/#primaryimage"},"thumbnailUrl":"http:\/\/www.allgeier.ch\/de\/news\/PublishingImages\/130926_Partneroftheyear.jpg","datePublished":"2013-09-26T12:04:52+00:00","dateModified":"2025-02-05T20:29:12+00:00","breadcrumb":{"@id":"https:\/\/www.allgeier.com\/de\/pressroom\/archives\/2013-2\/1446-2\/#breadcrumb"},"inLanguage":"de","potentialAction":[{"@type":"ReadAction","target":["https:\/\/www.allgeier.com\/de\/pressroom\/archives\/2013-2\/1446-2\/"]}]},{"@type":"ImageObject","inLanguage":"de","@id":"https:\/\/www.allgeier.com\/de\/pressroom\/archives\/2013-2\/1446-2\/#primaryimage","url":"http:\/\/www.allgeier.ch\/de\/news\/PublishingImages\/130926_Partneroftheyear.jpg","contentUrl":"http:\/\/www.allgeier.ch\/de\/news\/PublishingImages\/130926_Partneroftheyear.jpg"},{"@type":"BreadcrumbList","@id":"https:\/\/www.allgeier.com\/de\/pressroom\/archives\/2013-2\/1446-2\/#breadcrumb","itemListElement":[{"@type":"ListItem","position":1,"name":"Home","item":"https:\/\/www.allgeier.com\/de\/"},{"@type":"ListItem","position":2,"name":"Presse","item":"https:\/\/www.allgeier.com\/de\/pressroom\/"},{"@type":"ListItem","position":3,"name":"Presse-Archiv","item":"https:\/\/www.allgeier.com\/de\/pressroom\/archives\/"},{"@type":"ListItem","position":4,"name":"2013","item":"https:\/\/www.allgeier.com\/de\/pressroom\/archives\/2013-2\/"},{"@type":"ListItem","position":5,"name":"26092013"}]},{"@type":"WebSite","@id":"https:\/\/www.allgeier.com\/de\/#website","url":"https:\/\/www.allgeier.com\/de\/","name":"Allgeier SE","description":"Software &amp; IT Services for digital transformation","potentialAction":[{"@type":"SearchAction","target":{"@type":"EntryPoint","urlTemplate":"https:\/\/www.allgeier.com\/de\/?s={search_term_string}"},"query-input":{"@type":"PropertyValueSpecification","valueRequired":true,"valueName":"search_term_string"}}],"inLanguage":"de"}]}},"_links":{"self":[{"href":"https:\/\/www.allgeier.com\/de\/wp-json\/wp\/v2\/pages\/1446","targetHints":{"allow":["GET"]}}],"collection":[{"href":"https:\/\/www.allgeier.com\/de\/wp-json\/wp\/v2\/pages"}],"about":[{"href":"https:\/\/www.allgeier.com\/de\/wp-json\/wp\/v2\/types\/page"}],"author":[{"embeddable":true,"href":"https:\/\/www.allgeier.com\/de\/wp-json\/wp\/v2\/users\/1"}],"replies":[{"embeddable":true,"href":"https:\/\/www.allgeier.com\/de\/wp-json\/wp\/v2\/comments?post=1446"}],"version-history":[{"count":1,"href":"https:\/\/www.allgeier.com\/de\/wp-json\/wp\/v2\/pages\/1446\/revisions"}],"predecessor-version":[{"id":1812,"href":"https:\/\/www.allgeier.com\/de\/wp-json\/wp\/v2\/pages\/1446\/revisions\/1812"}],"up":[{"embeddable":true,"href":"https:\/\/www.allgeier.com\/de\/wp-json\/wp\/v2\/pages\/1421"}],"wp:attachment":[{"href":"https:\/\/www.allgeier.com\/de\/wp-json\/wp\/v2\/media?parent=1446"}],"wp:term":[{"taxonomy":"category","embeddable":true,"href":"https:\/\/www.allgeier.com\/de\/wp-json\/wp\/v2\/categories?post=1446"},{"taxonomy":"post_tag","embeddable":true,"href":"https:\/\/www.allgeier.com\/de\/wp-json\/wp\/v2\/tags?post=1446"}],"curies":[{"name":"wp","href":"https:\/\/api.w.org\/{rel}","templated":true}]}}