{"id":1455,"date":"2013-09-10T12:10:54","date_gmt":"2013-09-10T12:10:54","guid":{"rendered":"http:\/\/www.allgeier.com\/de\/?page_id=1455"},"modified":"2025-02-05T20:21:41","modified_gmt":"2025-02-05T20:21:41","slug":"10092013-2","status":"publish","type":"page","link":"https:\/\/www.allgeier.com\/de\/pressroom\/archives\/2013-2\/10092013-2\/","title":{"rendered":"10092013"},"content":{"rendered":"<p><strong>Zukunftsweisende Krankenhaus-IT: mDMAS und mECM<\/strong><\/p>\n<p><em>Mit dem <strong>m<\/strong>ultimedialen <strong>D<\/strong>okumenten<strong>m<\/strong>anagement- und <strong>A<\/strong>rchiv<strong>s<\/strong>ystem Allgeier mDMAS werden die in Healthcare Einrichtungen oftmals getrennten IT-Welten von multimedialem PACS, digitaler Patientenakte, ECM\/DMS, Archivierung, Workflow-Steuerung, Fax und elektronischen Signaturen erstmals in einem vollst\u00e4ndig integrierten Gesamtsystem geb\u00fcndelt. Damit tragen medizinische Versorgungszentren nicht nur den Anforderungen des am 26. Februar 2013 in Kraft getretenen Patientenrechtegesetzes effektiv Rechnung, sondern sind auch in der Lage, die Informationsverf\u00fcgbarkeit f\u00fcr medizinisches Personal \u00fcbergreifend zu verbessern, Risiken zu minimieren und ihre Verwaltungsabl\u00e4ufe nachhaltig zu straffen.<\/em><\/p>\n<p><em>Bremen, 10.09.2013 &#8211;<\/em> Der wachsende Kosten- und Wettbewerbsdruck im Gesundheitssektor und die Anforderungen durch das neue Patientenrechtegesetz, etwa im Hinblick auf eine revisionssichere medizinische Dokumentation, Aufkl\u00e4rung oder den Rechtsanspruch des Patienten auf Kopien seiner Akten, stellen Krankenh\u00e4user heute vor enorme Herausforderungen. \u201eDie Ausf\u00fchrungen der Bundesregierung zum Patientenrechtegesetz unterstreichen die Notwendigkeit der Krankenh\u00e4user zur Einf\u00fchrung eines ganzheitlichen und zuverl\u00e4ssigen Informations- und Archivkonzeptes, um die Anforderungen auch aus betriebswirtschaftlicher Sicht effizient erf\u00fcllen zu k\u00f6nnen&#8220;, wei\u00df Bernhard Beslmeisl, Leiter des Gesch\u00e4ftsbereiches ECM bei Allgeier IT Solutions. \u201eBis heute fehlt es in vielen medizinischen Versorgungszentren und Krankenh\u00e4usern noch an einheitlichen Kommunikations- und Archivierungsstandards, um medizinische Dokumente und multimediale Patientendateien \u00fcberall und in digitaler Form verf\u00fcgbar zu machen. So sind oftmals die ben\u00f6tigten Patientendaten teils in Papierform und teils \u00fcber diverse digitale Informationssysteme der verschiedenen medizinischen Fachabteilungen verteilt. Dies erschwert nicht nur die notwendige Optimierung der Prozesse, sondern kann aufgrund unvollst\u00e4ndiger Informationen auch die Qualit\u00e4t der medizinischen Versorgung beeintr\u00e4chtigen&#8220;, gibt Beslmeisl zu bedenken.<\/p>\n<p><strong>Allgeier mDMAS und mECM &#8211; vernetzte IT-Welten <\/strong><\/p>\n<p>Allgeier mDMAS konsolidiert die vielfach getrennt voneinander vorgehaltenen IT-Systeme wie PACS, Dokumentenmanagement und Archivierung, Fax, Workflow-Steuerung, ECM sowie elektronische Signaturen und f\u00fchrt die Anwendungen auf einer einheitlichen, integrierten Informationsplattform zusammen. Dabei sind die jeweiligen Komponenten je nach individuellem Bedarf und vorhandener Infrastruktur auch einzeln einsetzbar. Mit Allgeier mDMAS sind medizinische Einrichtungen in der Lage, ihre gesamten medizinischen Dokumente wie R\u00f6ntgenbilder, OP-Videos und DICOM oder nonDICOM-Daten dem Fachpersonal auf einem unternehmensweit einheitlichen Viewer bereitzustellen \u2013 sowohl auf station\u00e4ren als auch auf mobilen Endger\u00e4ten. Ein elektronisches Signaturverfahren samt Zeitstempel-Management sorgt dabei f\u00fcr ein gesetzeskonformes Langzeitmanagement der medizinischen Dokumentation.<\/p>\n<p>Mit dem <strong>m<\/strong>ultimedialen <strong>E<\/strong>nterprise <strong>C<\/strong>ontent <strong>M<\/strong>anagement System Allgeier mECM erhalten Krankenh\u00e4user zudem zus\u00e4tzliche Komponenten f\u00fcr das Vertragsmanagement, den digitalen Rechnungseingang, E-Mail Management und Qualit\u00e4tsmanagement an die Hand, um den Weg zum papierarmen Klinikbetrieb zu ebnen. Die Allgeier L\u00f6sungen k\u00f6nnen dabei flexibel an bestehende Krankenhausinformations- und deren Subsysteme angebunden werden und bieten so auch langfristig einen hohen Investitionsschutz.<\/p>\n<p><strong>Effiziente Prozesse in Verwaltung und Schaffung von Kapazit\u00e4ten<\/strong><\/p>\n<p>Insbesondere in den Verwaltungsabl\u00e4ufen von der Aufnahme \u00fcber die medizinische Versorgung bis zur Entlassung des Patienten schlummern in Krankenh\u00e4usern h\u00e4ufig erhebliche Einsparpotenziale.<\/p>\n<p>Die Einbindung anerkannter Verfahren in der Patientenaufkl\u00e4rung sichert das Qualit\u00e4tsmanagement und sorgt f\u00fcr ein effizientes Aufnahme- und professionelles Entlassmanagement. Dies verk\u00fcrzt die Bearbeitungs- und Durchlaufzeiten von Patienten erheblich, so dass Krankenh\u00e4user damit langfristig auch weitere Kapazit\u00e4ten f\u00fcr die Aufnahme zus\u00e4tzlicher Patienten schaffen k\u00f6nnen. Ein integrierter Workflow-Designer erm\u00f6glicht ein bedarfsgerechtes Prozess-Design, entweder durch die Allgeier Consultants oder durch die Krankenh\u00e4user selbst.<\/p>\n<p><strong>\u00dcber Allgeier IT Solutions GmbH <\/strong><br \/>\nDie Allgeier IT Solutions GmbH mit Sitz in Bremen wurde 1977 als Allgeier Computer GmbH gegr\u00fcndet. Das Unternehmen ist Teil der b\u00f6rsennotierten Allgeier SE und hat sich auf die Entwicklung, Vermarktung und Umsetzung ganzheitlicher L\u00f6sungen und Services in den Bereichen Cloud Solutions, Enterprise Content Management, Business Solutions, Compliance &amp; Security und Business Services spezialisiert. Das umfassende Leistungsspektrum von vollst\u00e4ndig integrierten IT Solutions und IT Services aus einer Hand macht Allgeier mit neun deutschlandweiten Standorten und einer Dependance in Wien, \u00d6sterreich, zu einem kompetenten und zuverl\u00e4ssigen IT Partner f\u00fcr mittelst\u00e4ndische und gro\u00dfe Unternehmen. Das fl\u00e4chendeckende Vertriebs- und Servicenetz wird erg\u00e4nzt durch ein europaweites Partnernetzwerk. Die Allgeier SE erwirtschaftete 2012 einen Umsatz von 423 Mio. EUR. Im Rahmen der allj\u00e4hrlichen Kundenumfrage von COMPUTERWOCHE und ChannelPartner wurde Allgeier zum \u201eBesten Systemhaus 2013\u201c gew\u00e4hlt.<\/p>\n<div id=\"content-core\">\n<div id=\"parent-fieldname-text\" class=\"plain\">\n<p><a href=\"http:\/\/www.allgeier-it.de\"><img loading=\"lazy\" decoding=\"async\" src=\"https:\/\/www.allgeier.com\/de\/wp-content\/uploads\/sites\/3\/2013\/09\/13-01-AITS-Logo.png\" alt=\"13-01-AITS-Logo\" width=\"268\" height=\"67\" \/><\/a><\/p>\n<\/div>\n<\/div>\n","protected":false},"excerpt":{"rendered":"<p>Zukunftsweisende Krankenhaus-IT: mDMAS und mECM Mit dem multimedialen Dokumentenmanagement- und Archivsystem Allgeier mDMAS werden die in Healthcare Einrichtungen oftmals getrennten IT-Welten von multimedialem PACS, digitaler Patientenakte, ECM\/DMS, Archivierung, Workflow-Steuerung, Fax und elektronischen Signaturen erstmals in einem vollst\u00e4ndig integrierten Gesamtsystem geb\u00fcndelt. Damit tragen medizinische Versorgungszentren nicht nur den Anforderungen des am 26. Februar 2013 in Kraft &hellip; <\/p>\n","protected":false},"author":1,"featured_media":0,"parent":1421,"menu_order":0,"comment_status":"open","ping_status":"open","template":"","meta":{"_acf_changed":false,"footnotes":""},"categories":[7],"tags":[],"class_list":["post-1455","page","type-page","status-publish","hentry","category-pressemitteilungen"],"acf":[],"yoast_head":"<!-- This site is optimized with the Yoast SEO plugin v27.3 - https:\/\/yoast.com\/product\/yoast-seo-wordpress\/ -->\n<title>10092013 - Allgeier SE<\/title>\n<meta name=\"robots\" content=\"index, follow, max-snippet:-1, max-image-preview:large, max-video-preview:-1\" \/>\n<link rel=\"canonical\" href=\"https:\/\/www.allgeier.com\/de\/pressroom\/archives\/2013-2\/10092013-2\/\" \/>\n<meta property=\"og:locale\" content=\"de_DE\" \/>\n<meta property=\"og:type\" content=\"article\" \/>\n<meta property=\"og:title\" content=\"10092013 - Allgeier SE\" \/>\n<meta property=\"og:description\" content=\"Zukunftsweisende Krankenhaus-IT: mDMAS und mECM Mit dem multimedialen Dokumentenmanagement- und Archivsystem Allgeier mDMAS werden die in Healthcare Einrichtungen oftmals getrennten IT-Welten von multimedialem PACS, digitaler Patientenakte, ECM\/DMS, Archivierung, Workflow-Steuerung, Fax und elektronischen Signaturen erstmals in einem vollst\u00e4ndig integrierten Gesamtsystem geb\u00fcndelt. Damit tragen medizinische Versorgungszentren nicht nur den Anforderungen des am 26. Februar 2013 in Kraft &hellip;\" \/>\n<meta property=\"og:url\" content=\"https:\/\/www.allgeier.com\/de\/pressroom\/archives\/2013-2\/10092013-2\/\" \/>\n<meta property=\"og:site_name\" content=\"Allgeier SE\" \/>\n<meta property=\"article:modified_time\" content=\"2025-02-05T20:21:41+00:00\" \/>\n<meta property=\"og:image\" content=\"https:\/\/www.allgeier.com\/de\/wp-content\/uploads\/sites\/3\/2013\/09\/13-01-AITS-Logo.png\" \/>\n<meta name=\"twitter:card\" content=\"summary_large_image\" \/>\n<meta name=\"twitter:label1\" content=\"Gesch\u00e4tzte Lesezeit\" \/>\n\t<meta name=\"twitter:data1\" content=\"4\u00a0Minuten\" \/>\n<script type=\"application\/ld+json\" class=\"yoast-schema-graph\">{\"@context\":\"https:\\\/\\\/schema.org\",\"@graph\":[{\"@type\":\"WebPage\",\"@id\":\"https:\\\/\\\/www.allgeier.com\\\/de\\\/pressroom\\\/archives\\\/2013-2\\\/10092013-2\\\/\",\"url\":\"https:\\\/\\\/www.allgeier.com\\\/de\\\/pressroom\\\/archives\\\/2013-2\\\/10092013-2\\\/\",\"name\":\"10092013 - Allgeier SE\",\"isPartOf\":{\"@id\":\"https:\\\/\\\/www.allgeier.com\\\/de\\\/#website\"},\"primaryImageOfPage\":{\"@id\":\"https:\\\/\\\/www.allgeier.com\\\/de\\\/pressroom\\\/archives\\\/2013-2\\\/10092013-2\\\/#primaryimage\"},\"image\":{\"@id\":\"https:\\\/\\\/www.allgeier.com\\\/de\\\/pressroom\\\/archives\\\/2013-2\\\/10092013-2\\\/#primaryimage\"},\"thumbnailUrl\":\"https:\\\/\\\/www.allgeier.com\\\/de\\\/wp-content\\\/uploads\\\/sites\\\/3\\\/2013\\\/09\\\/13-01-AITS-Logo.png\",\"datePublished\":\"2013-09-10T12:10:54+00:00\",\"dateModified\":\"2025-02-05T20:21:41+00:00\",\"breadcrumb\":{\"@id\":\"https:\\\/\\\/www.allgeier.com\\\/de\\\/pressroom\\\/archives\\\/2013-2\\\/10092013-2\\\/#breadcrumb\"},\"inLanguage\":\"de\",\"potentialAction\":[{\"@type\":\"ReadAction\",\"target\":[\"https:\\\/\\\/www.allgeier.com\\\/de\\\/pressroom\\\/archives\\\/2013-2\\\/10092013-2\\\/\"]}]},{\"@type\":\"ImageObject\",\"inLanguage\":\"de\",\"@id\":\"https:\\\/\\\/www.allgeier.com\\\/de\\\/pressroom\\\/archives\\\/2013-2\\\/10092013-2\\\/#primaryimage\",\"url\":\"https:\\\/\\\/www.allgeier.com\\\/de\\\/wp-content\\\/uploads\\\/sites\\\/3\\\/2013\\\/09\\\/13-01-AITS-Logo.png\",\"contentUrl\":\"https:\\\/\\\/www.allgeier.com\\\/de\\\/wp-content\\\/uploads\\\/sites\\\/3\\\/2013\\\/09\\\/13-01-AITS-Logo.png\"},{\"@type\":\"BreadcrumbList\",\"@id\":\"https:\\\/\\\/www.allgeier.com\\\/de\\\/pressroom\\\/archives\\\/2013-2\\\/10092013-2\\\/#breadcrumb\",\"itemListElement\":[{\"@type\":\"ListItem\",\"position\":1,\"name\":\"Home\",\"item\":\"https:\\\/\\\/www.allgeier.com\\\/de\\\/\"},{\"@type\":\"ListItem\",\"position\":2,\"name\":\"Presse\",\"item\":\"https:\\\/\\\/www.allgeier.com\\\/de\\\/pressroom\\\/\"},{\"@type\":\"ListItem\",\"position\":3,\"name\":\"Presse-Archiv\",\"item\":\"https:\\\/\\\/www.allgeier.com\\\/de\\\/pressroom\\\/archives\\\/\"},{\"@type\":\"ListItem\",\"position\":4,\"name\":\"2013\",\"item\":\"https:\\\/\\\/www.allgeier.com\\\/de\\\/pressroom\\\/archives\\\/2013-2\\\/\"},{\"@type\":\"ListItem\",\"position\":5,\"name\":\"10092013\"}]},{\"@type\":\"WebSite\",\"@id\":\"https:\\\/\\\/www.allgeier.com\\\/de\\\/#website\",\"url\":\"https:\\\/\\\/www.allgeier.com\\\/de\\\/\",\"name\":\"Allgeier SE\",\"description\":\"Software &amp; IT Services for digital transformation\",\"potentialAction\":[{\"@type\":\"SearchAction\",\"target\":{\"@type\":\"EntryPoint\",\"urlTemplate\":\"https:\\\/\\\/www.allgeier.com\\\/de\\\/?s={search_term_string}\"},\"query-input\":{\"@type\":\"PropertyValueSpecification\",\"valueRequired\":true,\"valueName\":\"search_term_string\"}}],\"inLanguage\":\"de\"}]}<\/script>\n<!-- \/ Yoast SEO plugin. -->","yoast_head_json":{"title":"10092013 - Allgeier SE","robots":{"index":"index","follow":"follow","max-snippet":"max-snippet:-1","max-image-preview":"max-image-preview:large","max-video-preview":"max-video-preview:-1"},"canonical":"https:\/\/www.allgeier.com\/de\/pressroom\/archives\/2013-2\/10092013-2\/","og_locale":"de_DE","og_type":"article","og_title":"10092013 - Allgeier SE","og_description":"Zukunftsweisende Krankenhaus-IT: mDMAS und mECM Mit dem multimedialen Dokumentenmanagement- und Archivsystem Allgeier mDMAS werden die in Healthcare Einrichtungen oftmals getrennten IT-Welten von multimedialem PACS, digitaler Patientenakte, ECM\/DMS, Archivierung, Workflow-Steuerung, Fax und elektronischen Signaturen erstmals in einem vollst\u00e4ndig integrierten Gesamtsystem geb\u00fcndelt. Damit tragen medizinische Versorgungszentren nicht nur den Anforderungen des am 26. Februar 2013 in Kraft &hellip;","og_url":"https:\/\/www.allgeier.com\/de\/pressroom\/archives\/2013-2\/10092013-2\/","og_site_name":"Allgeier SE","article_modified_time":"2025-02-05T20:21:41+00:00","og_image":[{"url":"https:\/\/www.allgeier.com\/de\/wp-content\/uploads\/sites\/3\/2013\/09\/13-01-AITS-Logo.png","type":"","width":"","height":""}],"twitter_card":"summary_large_image","twitter_misc":{"Gesch\u00e4tzte Lesezeit":"4\u00a0Minuten"},"schema":{"@context":"https:\/\/schema.org","@graph":[{"@type":"WebPage","@id":"https:\/\/www.allgeier.com\/de\/pressroom\/archives\/2013-2\/10092013-2\/","url":"https:\/\/www.allgeier.com\/de\/pressroom\/archives\/2013-2\/10092013-2\/","name":"10092013 - Allgeier SE","isPartOf":{"@id":"https:\/\/www.allgeier.com\/de\/#website"},"primaryImageOfPage":{"@id":"https:\/\/www.allgeier.com\/de\/pressroom\/archives\/2013-2\/10092013-2\/#primaryimage"},"image":{"@id":"https:\/\/www.allgeier.com\/de\/pressroom\/archives\/2013-2\/10092013-2\/#primaryimage"},"thumbnailUrl":"https:\/\/www.allgeier.com\/de\/wp-content\/uploads\/sites\/3\/2013\/09\/13-01-AITS-Logo.png","datePublished":"2013-09-10T12:10:54+00:00","dateModified":"2025-02-05T20:21:41+00:00","breadcrumb":{"@id":"https:\/\/www.allgeier.com\/de\/pressroom\/archives\/2013-2\/10092013-2\/#breadcrumb"},"inLanguage":"de","potentialAction":[{"@type":"ReadAction","target":["https:\/\/www.allgeier.com\/de\/pressroom\/archives\/2013-2\/10092013-2\/"]}]},{"@type":"ImageObject","inLanguage":"de","@id":"https:\/\/www.allgeier.com\/de\/pressroom\/archives\/2013-2\/10092013-2\/#primaryimage","url":"https:\/\/www.allgeier.com\/de\/wp-content\/uploads\/sites\/3\/2013\/09\/13-01-AITS-Logo.png","contentUrl":"https:\/\/www.allgeier.com\/de\/wp-content\/uploads\/sites\/3\/2013\/09\/13-01-AITS-Logo.png"},{"@type":"BreadcrumbList","@id":"https:\/\/www.allgeier.com\/de\/pressroom\/archives\/2013-2\/10092013-2\/#breadcrumb","itemListElement":[{"@type":"ListItem","position":1,"name":"Home","item":"https:\/\/www.allgeier.com\/de\/"},{"@type":"ListItem","position":2,"name":"Presse","item":"https:\/\/www.allgeier.com\/de\/pressroom\/"},{"@type":"ListItem","position":3,"name":"Presse-Archiv","item":"https:\/\/www.allgeier.com\/de\/pressroom\/archives\/"},{"@type":"ListItem","position":4,"name":"2013","item":"https:\/\/www.allgeier.com\/de\/pressroom\/archives\/2013-2\/"},{"@type":"ListItem","position":5,"name":"10092013"}]},{"@type":"WebSite","@id":"https:\/\/www.allgeier.com\/de\/#website","url":"https:\/\/www.allgeier.com\/de\/","name":"Allgeier SE","description":"Software &amp; IT Services for digital transformation","potentialAction":[{"@type":"SearchAction","target":{"@type":"EntryPoint","urlTemplate":"https:\/\/www.allgeier.com\/de\/?s={search_term_string}"},"query-input":{"@type":"PropertyValueSpecification","valueRequired":true,"valueName":"search_term_string"}}],"inLanguage":"de"}]}},"_links":{"self":[{"href":"https:\/\/www.allgeier.com\/de\/wp-json\/wp\/v2\/pages\/1455","targetHints":{"allow":["GET"]}}],"collection":[{"href":"https:\/\/www.allgeier.com\/de\/wp-json\/wp\/v2\/pages"}],"about":[{"href":"https:\/\/www.allgeier.com\/de\/wp-json\/wp\/v2\/types\/page"}],"author":[{"embeddable":true,"href":"https:\/\/www.allgeier.com\/de\/wp-json\/wp\/v2\/users\/1"}],"replies":[{"embeddable":true,"href":"https:\/\/www.allgeier.com\/de\/wp-json\/wp\/v2\/comments?post=1455"}],"version-history":[{"count":1,"href":"https:\/\/www.allgeier.com\/de\/wp-json\/wp\/v2\/pages\/1455\/revisions"}],"predecessor-version":[{"id":1466,"href":"https:\/\/www.allgeier.com\/de\/wp-json\/wp\/v2\/pages\/1455\/revisions\/1466"}],"up":[{"embeddable":true,"href":"https:\/\/www.allgeier.com\/de\/wp-json\/wp\/v2\/pages\/1421"}],"wp:attachment":[{"href":"https:\/\/www.allgeier.com\/de\/wp-json\/wp\/v2\/media?parent=1455"}],"wp:term":[{"taxonomy":"category","embeddable":true,"href":"https:\/\/www.allgeier.com\/de\/wp-json\/wp\/v2\/categories?post=1455"},{"taxonomy":"post_tag","embeddable":true,"href":"https:\/\/www.allgeier.com\/de\/wp-json\/wp\/v2\/tags?post=1455"}],"curies":[{"name":"wp","href":"https:\/\/api.w.org\/{rel}","templated":true}]}}