{"id":1472,"date":"2013-09-03T12:22:37","date_gmt":"2013-09-03T12:22:37","guid":{"rendered":"http:\/\/www.allgeier.com\/de\/?page_id=1472"},"modified":"2025-02-05T20:21:12","modified_gmt":"2025-02-05T20:21:12","slug":"03092013-2","status":"publish","type":"page","link":"https:\/\/www.allgeier.com\/de\/pressroom\/archives\/2013-2\/03092013-2\/","title":{"rendered":"03092013"},"content":{"rendered":"<p><em>R\u00fcckwirkend zum 01.01.2013 wird die 100%-ige Allgeier Tochter b+m Informatik GmbH mit Sitz in Hamburg auf die Allgeier IT Solutions GmbH verschmolzen. Die b+m Informatik GmbH, die im Zuge der Akquisition der b+m Informatik AG zum 01.06.2012 in die Division Allgeier Solutions einging, wird ihre Gesch\u00e4ftst\u00e4tigkeit damit ohne \u00c4nderungen auf operativer Ebene und mit all ihren Mitarbeitern am Standort Hamburg fortan als Allgeier IT Solutions GmbH fortf\u00fchren. b+m Informatik GmbH Gesch\u00e4ftsf\u00fchrer Ugur Tustas wird im Zuge der Verschmelzung neben Hubert Rohrer, Johannes H\u00e4ringslack und Ralf Nitzgen in die Gesch\u00e4ftsf\u00fchrung der Allgeier IT Solutions GmbH berufen.<\/em><\/p>\n<div id=\"content-core\">\n<div id=\"parent-fieldname-text\" class=\"plain\">\n<p><em>Bremen, 03. September 2013 \u2013<\/em> \u201eDie b+m Informatik GmbH verf\u00fcgt als langj\u00e4hriger Microsoft Dynamics NAV Spezialist mit ihren ma\u00dfgeschneiderten Gesamtl\u00f6sungen f\u00fcr den Rohstoffhandel sowie f\u00fcr den Bereich Im- und Export \u00fcber eine hohe Branchenkompetenz in Handel und Produktion. Die Allgeier IT Solutions ist insbesondere am Standort in M\u00fcnster bereits sehr erfolgreich mit der Microsoft-basierten L\u00f6sung syntona NAV f\u00fcr Vermietung, Handel und Fertigung aufgestellt. Mit der Fusion der Gesch\u00e4ftsbereiche unter dem Dach der Allgeier IT Solutions wollen wir unsere Marktposition im Unternehmensbereich Microsoft Dynamics NAV weiter ausbauen, unsere regionale Pr\u00e4senz in Norddeutschland erweitern und\u00a0 Synergien auf Kundenseite bestm\u00f6glich nutzen\u201c, erl\u00e4utert Hubert Rohrer, Gesch\u00e4ftsf\u00fchrer der Bremer Allgeier IT Solutions GmbH. Durch den gemeinsamen Schulterschluss geh\u00f6rt die Allgeier IT Solutions GmbH k\u00fcnftig zu den f\u00fchrenden Anbietern von Microsoft Dynamics NAV Anwendungen f\u00fcr Vermietung, Handel und Fertigung auf dem deutschen Markt.<\/p>\n<p>Ugur Tustas, bereits seit 1990 erfolgreich im Business Development und IT-Consulting t\u00e4tig, hat die b+m Informatik GmbH in seiner Funktion als Gesch\u00e4ftsf\u00fchrer mit aufgebaut und tr\u00e4gt ma\u00dfgeblichen Anteil am Gesch\u00e4ftserfolg und Unternehmenswachstum. \u201eDie Kompetenzb\u00fcndelung der Dynamics NAV Gesch\u00e4ftsbereiche und die komplement\u00e4ren Kompetenzen von b+m im Bereich Rohstoff- und St\u00fcckguthandel werden unsere Marktposition nachhaltig st\u00e4rken. Unsere Bestandskunden profitieren dar\u00fcber hinaus ma\u00dfgeblich von nachhaltigem Investitionsschutz und erweiterten Leistungsangeboten u.a. im Hinblick auf Cloud- und Infrastruktur-Dienstleistungen, integrierten L\u00f6sungskonzepten und die Bereitstellung s\u00e4mtlicher IT-Services aus einer Hand\u201c,\u00a0 erg\u00e4nzt Tustas, der als erfahrener Manager und neuer Gesch\u00e4ftsf\u00fchrer k\u00fcnftig bei der Allgeier IT Solutions GmbH den Gesch\u00e4ftsbereich Microsoft Dynamics NAV am Hamburger Standort weiterentwickeln wird.<\/p>\n<p>Die b+m Informatik AG, Spezialist f\u00fcr individuelle Business-L\u00f6sungen im Banken- und Versicherungsumfeld mit Sitz im Schleswig-Holsteinischen Melsdorf, wird weiterhin unter der bisherigen Firmierung fortgef\u00fchrt. Das Leistungsspektrum der b+m Informatik AG reicht von IT-Beratung und Prozessanalyse \u00fcber Softwareentwicklung und -integration bis hin zu Wartung und Betreuung. Zudem entwickelt das Unternehmen Softwarel\u00f6sungen f\u00fcr F\u00f6rdergesch\u00e4fte, Kreditrisikofr\u00fcherkennung, Bestandsf\u00fchrung oder Au\u00dfendienstanbindung.<\/p>\n<p>Sowohl die Allgeier IT Solutions GmbH wie auch die b+m Informatik AG sind Teil der b\u00f6rsennotierten Allgeier SE mit Sitz in M\u00fcnchen.<\/p>\n<p><a href=\"https:\/\/www.allgeier.com\/de\/wp-content\/uploads\/sites\/3\/2013\/09\/13-01-AITS-Logo.png\"><img loading=\"lazy\" decoding=\"async\" class=\"alignleft size-medium wp-image-1464\" src=\"https:\/\/www.allgeier.com\/de\/wp-content\/uploads\/sites\/3\/2013\/09\/13-01-AITS-Logo-300x75.png\" alt=\"13-01-AITS-Logo\" width=\"300\" height=\"75\" srcset=\"https:\/\/www.allgeier.com\/de\/wp-content\/uploads\/sites\/3\/2013\/09\/13-01-AITS-Logo-300x75.png 300w, https:\/\/www.allgeier.com\/de\/wp-content\/uploads\/sites\/3\/2013\/09\/13-01-AITS-Logo-1024x257.png 1024w, https:\/\/www.allgeier.com\/de\/wp-content\/uploads\/sites\/3\/2013\/09\/13-01-AITS-Logo.png 1330w\" sizes=\"auto, (max-width: 300px) 100vw, 300px\" \/><\/a><\/p>\n<\/div>\n<\/div>\n","protected":false},"excerpt":{"rendered":"<p>R\u00fcckwirkend zum 01.01.2013 wird die 100%-ige Allgeier Tochter b+m Informatik GmbH mit Sitz in Hamburg auf die Allgeier IT Solutions GmbH verschmolzen. Die b+m Informatik GmbH, die im Zuge der Akquisition der b+m Informatik AG zum 01.06.2012 in die Division Allgeier Solutions einging, wird ihre Gesch\u00e4ftst\u00e4tigkeit damit ohne \u00c4nderungen auf operativer Ebene und mit all &hellip; <\/p>\n","protected":false},"author":1,"featured_media":0,"parent":1421,"menu_order":0,"comment_status":"open","ping_status":"open","template":"","meta":{"_acf_changed":false,"footnotes":""},"categories":[7],"tags":[],"class_list":["post-1472","page","type-page","status-publish","hentry","category-pressemitteilungen"],"acf":[],"yoast_head":"<!-- This site is optimized with the Yoast SEO plugin v27.4 - https:\/\/yoast.com\/product\/yoast-seo-wordpress\/ -->\n<title>03092013 - Allgeier SE<\/title>\n<meta name=\"robots\" content=\"index, follow, max-snippet:-1, max-image-preview:large, max-video-preview:-1\" \/>\n<link rel=\"canonical\" href=\"https:\/\/www.allgeier.com\/de\/pressroom\/archives\/2013-2\/03092013-2\/\" \/>\n<meta property=\"og:locale\" content=\"de_DE\" \/>\n<meta property=\"og:type\" content=\"article\" \/>\n<meta property=\"og:title\" content=\"03092013 - Allgeier SE\" \/>\n<meta property=\"og:description\" content=\"R\u00fcckwirkend zum 01.01.2013 wird die 100%-ige Allgeier Tochter b+m Informatik GmbH mit Sitz in Hamburg auf die Allgeier IT Solutions GmbH verschmolzen. Die b+m Informatik GmbH, die im Zuge der Akquisition der b+m Informatik AG zum 01.06.2012 in die Division Allgeier Solutions einging, wird ihre Gesch\u00e4ftst\u00e4tigkeit damit ohne \u00c4nderungen auf operativer Ebene und mit all &hellip;\" \/>\n<meta property=\"og:url\" content=\"https:\/\/www.allgeier.com\/de\/pressroom\/archives\/2013-2\/03092013-2\/\" \/>\n<meta property=\"og:site_name\" content=\"Allgeier SE\" \/>\n<meta property=\"article:modified_time\" content=\"2025-02-05T20:21:12+00:00\" \/>\n<meta property=\"og:image\" content=\"https:\/\/www.allgeier.com\/de\/wp-content\/uploads\/sites\/3\/2013\/09\/13-01-AITS-Logo.png\" \/>\n\t<meta property=\"og:image:width\" content=\"1330\" \/>\n\t<meta property=\"og:image:height\" content=\"334\" \/>\n\t<meta property=\"og:image:type\" content=\"image\/png\" \/>\n<meta name=\"twitter:card\" content=\"summary_large_image\" \/>\n<meta name=\"twitter:label1\" content=\"Gesch\u00e4tzte Lesezeit\" \/>\n\t<meta name=\"twitter:data1\" content=\"3\u00a0Minuten\" \/>\n<script type=\"application\/ld+json\" class=\"yoast-schema-graph\">{\"@context\":\"https:\\\/\\\/schema.org\",\"@graph\":[{\"@type\":\"WebPage\",\"@id\":\"https:\\\/\\\/www.allgeier.com\\\/de\\\/pressroom\\\/archives\\\/2013-2\\\/03092013-2\\\/\",\"url\":\"https:\\\/\\\/www.allgeier.com\\\/de\\\/pressroom\\\/archives\\\/2013-2\\\/03092013-2\\\/\",\"name\":\"03092013 - Allgeier SE\",\"isPartOf\":{\"@id\":\"https:\\\/\\\/www.allgeier.com\\\/de\\\/#website\"},\"primaryImageOfPage\":{\"@id\":\"https:\\\/\\\/www.allgeier.com\\\/de\\\/pressroom\\\/archives\\\/2013-2\\\/03092013-2\\\/#primaryimage\"},\"image\":{\"@id\":\"https:\\\/\\\/www.allgeier.com\\\/de\\\/pressroom\\\/archives\\\/2013-2\\\/03092013-2\\\/#primaryimage\"},\"thumbnailUrl\":\"https:\\\/\\\/www.allgeier.com\\\/de\\\/wp-content\\\/uploads\\\/sites\\\/3\\\/2013\\\/09\\\/13-01-AITS-Logo-300x75.png\",\"datePublished\":\"2013-09-03T12:22:37+00:00\",\"dateModified\":\"2025-02-05T20:21:12+00:00\",\"breadcrumb\":{\"@id\":\"https:\\\/\\\/www.allgeier.com\\\/de\\\/pressroom\\\/archives\\\/2013-2\\\/03092013-2\\\/#breadcrumb\"},\"inLanguage\":\"de\",\"potentialAction\":[{\"@type\":\"ReadAction\",\"target\":[\"https:\\\/\\\/www.allgeier.com\\\/de\\\/pressroom\\\/archives\\\/2013-2\\\/03092013-2\\\/\"]}]},{\"@type\":\"ImageObject\",\"inLanguage\":\"de\",\"@id\":\"https:\\\/\\\/www.allgeier.com\\\/de\\\/pressroom\\\/archives\\\/2013-2\\\/03092013-2\\\/#primaryimage\",\"url\":\"https:\\\/\\\/www.allgeier.com\\\/de\\\/wp-content\\\/uploads\\\/sites\\\/3\\\/2013\\\/09\\\/13-01-AITS-Logo.png\",\"contentUrl\":\"https:\\\/\\\/www.allgeier.com\\\/de\\\/wp-content\\\/uploads\\\/sites\\\/3\\\/2013\\\/09\\\/13-01-AITS-Logo.png\",\"width\":1330,\"height\":334},{\"@type\":\"BreadcrumbList\",\"@id\":\"https:\\\/\\\/www.allgeier.com\\\/de\\\/pressroom\\\/archives\\\/2013-2\\\/03092013-2\\\/#breadcrumb\",\"itemListElement\":[{\"@type\":\"ListItem\",\"position\":1,\"name\":\"Home\",\"item\":\"https:\\\/\\\/www.allgeier.com\\\/de\\\/\"},{\"@type\":\"ListItem\",\"position\":2,\"name\":\"Presse\",\"item\":\"https:\\\/\\\/www.allgeier.com\\\/de\\\/pressroom\\\/\"},{\"@type\":\"ListItem\",\"position\":3,\"name\":\"Presse-Archiv\",\"item\":\"https:\\\/\\\/www.allgeier.com\\\/de\\\/pressroom\\\/archives\\\/\"},{\"@type\":\"ListItem\",\"position\":4,\"name\":\"2013\",\"item\":\"https:\\\/\\\/www.allgeier.com\\\/de\\\/pressroom\\\/archives\\\/2013-2\\\/\"},{\"@type\":\"ListItem\",\"position\":5,\"name\":\"03092013\"}]},{\"@type\":\"WebSite\",\"@id\":\"https:\\\/\\\/www.allgeier.com\\\/de\\\/#website\",\"url\":\"https:\\\/\\\/www.allgeier.com\\\/de\\\/\",\"name\":\"Allgeier SE\",\"description\":\"Software &amp; IT Services for digital transformation\",\"potentialAction\":[{\"@type\":\"SearchAction\",\"target\":{\"@type\":\"EntryPoint\",\"urlTemplate\":\"https:\\\/\\\/www.allgeier.com\\\/de\\\/?s={search_term_string}\"},\"query-input\":{\"@type\":\"PropertyValueSpecification\",\"valueRequired\":true,\"valueName\":\"search_term_string\"}}],\"inLanguage\":\"de\"}]}<\/script>\n<!-- \/ Yoast SEO plugin. -->","yoast_head_json":{"title":"03092013 - Allgeier SE","robots":{"index":"index","follow":"follow","max-snippet":"max-snippet:-1","max-image-preview":"max-image-preview:large","max-video-preview":"max-video-preview:-1"},"canonical":"https:\/\/www.allgeier.com\/de\/pressroom\/archives\/2013-2\/03092013-2\/","og_locale":"de_DE","og_type":"article","og_title":"03092013 - Allgeier SE","og_description":"R\u00fcckwirkend zum 01.01.2013 wird die 100%-ige Allgeier Tochter b+m Informatik GmbH mit Sitz in Hamburg auf die Allgeier IT Solutions GmbH verschmolzen. Die b+m Informatik GmbH, die im Zuge der Akquisition der b+m Informatik AG zum 01.06.2012 in die Division Allgeier Solutions einging, wird ihre Gesch\u00e4ftst\u00e4tigkeit damit ohne \u00c4nderungen auf operativer Ebene und mit all &hellip;","og_url":"https:\/\/www.allgeier.com\/de\/pressroom\/archives\/2013-2\/03092013-2\/","og_site_name":"Allgeier SE","article_modified_time":"2025-02-05T20:21:12+00:00","og_image":[{"width":1330,"height":334,"url":"https:\/\/www.allgeier.com\/de\/wp-content\/uploads\/sites\/3\/2013\/09\/13-01-AITS-Logo.png","type":"image\/png"}],"twitter_card":"summary_large_image","twitter_misc":{"Gesch\u00e4tzte Lesezeit":"3\u00a0Minuten"},"schema":{"@context":"https:\/\/schema.org","@graph":[{"@type":"WebPage","@id":"https:\/\/www.allgeier.com\/de\/pressroom\/archives\/2013-2\/03092013-2\/","url":"https:\/\/www.allgeier.com\/de\/pressroom\/archives\/2013-2\/03092013-2\/","name":"03092013 - Allgeier SE","isPartOf":{"@id":"https:\/\/www.allgeier.com\/de\/#website"},"primaryImageOfPage":{"@id":"https:\/\/www.allgeier.com\/de\/pressroom\/archives\/2013-2\/03092013-2\/#primaryimage"},"image":{"@id":"https:\/\/www.allgeier.com\/de\/pressroom\/archives\/2013-2\/03092013-2\/#primaryimage"},"thumbnailUrl":"https:\/\/www.allgeier.com\/de\/wp-content\/uploads\/sites\/3\/2013\/09\/13-01-AITS-Logo-300x75.png","datePublished":"2013-09-03T12:22:37+00:00","dateModified":"2025-02-05T20:21:12+00:00","breadcrumb":{"@id":"https:\/\/www.allgeier.com\/de\/pressroom\/archives\/2013-2\/03092013-2\/#breadcrumb"},"inLanguage":"de","potentialAction":[{"@type":"ReadAction","target":["https:\/\/www.allgeier.com\/de\/pressroom\/archives\/2013-2\/03092013-2\/"]}]},{"@type":"ImageObject","inLanguage":"de","@id":"https:\/\/www.allgeier.com\/de\/pressroom\/archives\/2013-2\/03092013-2\/#primaryimage","url":"https:\/\/www.allgeier.com\/de\/wp-content\/uploads\/sites\/3\/2013\/09\/13-01-AITS-Logo.png","contentUrl":"https:\/\/www.allgeier.com\/de\/wp-content\/uploads\/sites\/3\/2013\/09\/13-01-AITS-Logo.png","width":1330,"height":334},{"@type":"BreadcrumbList","@id":"https:\/\/www.allgeier.com\/de\/pressroom\/archives\/2013-2\/03092013-2\/#breadcrumb","itemListElement":[{"@type":"ListItem","position":1,"name":"Home","item":"https:\/\/www.allgeier.com\/de\/"},{"@type":"ListItem","position":2,"name":"Presse","item":"https:\/\/www.allgeier.com\/de\/pressroom\/"},{"@type":"ListItem","position":3,"name":"Presse-Archiv","item":"https:\/\/www.allgeier.com\/de\/pressroom\/archives\/"},{"@type":"ListItem","position":4,"name":"2013","item":"https:\/\/www.allgeier.com\/de\/pressroom\/archives\/2013-2\/"},{"@type":"ListItem","position":5,"name":"03092013"}]},{"@type":"WebSite","@id":"https:\/\/www.allgeier.com\/de\/#website","url":"https:\/\/www.allgeier.com\/de\/","name":"Allgeier SE","description":"Software &amp; IT Services for digital transformation","potentialAction":[{"@type":"SearchAction","target":{"@type":"EntryPoint","urlTemplate":"https:\/\/www.allgeier.com\/de\/?s={search_term_string}"},"query-input":{"@type":"PropertyValueSpecification","valueRequired":true,"valueName":"search_term_string"}}],"inLanguage":"de"}]}},"_links":{"self":[{"href":"https:\/\/www.allgeier.com\/de\/wp-json\/wp\/v2\/pages\/1472","targetHints":{"allow":["GET"]}}],"collection":[{"href":"https:\/\/www.allgeier.com\/de\/wp-json\/wp\/v2\/pages"}],"about":[{"href":"https:\/\/www.allgeier.com\/de\/wp-json\/wp\/v2\/types\/page"}],"author":[{"embeddable":true,"href":"https:\/\/www.allgeier.com\/de\/wp-json\/wp\/v2\/users\/1"}],"replies":[{"embeddable":true,"href":"https:\/\/www.allgeier.com\/de\/wp-json\/wp\/v2\/comments?post=1472"}],"version-history":[{"count":0,"href":"https:\/\/www.allgeier.com\/de\/wp-json\/wp\/v2\/pages\/1472\/revisions"}],"up":[{"embeddable":true,"href":"https:\/\/www.allgeier.com\/de\/wp-json\/wp\/v2\/pages\/1421"}],"wp:attachment":[{"href":"https:\/\/www.allgeier.com\/de\/wp-json\/wp\/v2\/media?parent=1472"}],"wp:term":[{"taxonomy":"category","embeddable":true,"href":"https:\/\/www.allgeier.com\/de\/wp-json\/wp\/v2\/categories?post=1472"},{"taxonomy":"post_tag","embeddable":true,"href":"https:\/\/www.allgeier.com\/de\/wp-json\/wp\/v2\/tags?post=1472"}],"curies":[{"name":"wp","href":"https:\/\/api.w.org\/{rel}","templated":true}]}}