{"id":1478,"date":"2013-08-29T12:27:07","date_gmt":"2013-08-29T12:27:07","guid":{"rendered":"http:\/\/www.allgeier.com\/de\/?page_id=1478"},"modified":"2025-02-05T20:29:47","modified_gmt":"2025-02-05T20:29:47","slug":"es-29082013","status":"publish","type":"page","link":"https:\/\/www.allgeier.com\/de\/pressroom\/archives\/2013-2\/es-29082013\/","title":{"rendered":"es-29082013"},"content":{"rendered":"<p><em>Allgeier wurde bei der diesj\u00e4hrigen Markterhebung der IT-Fachzeitschriften ChannelPartner und COMPUTERWOCHE als &#8222;Bestes Systemhaus 2013&#8220; ausgezeichnet. Allgeier geht damit unter den gro\u00dfen IT-Dienstleistern Deutschlands mit mehr als 250 Mio. Euro Jahresumsatz als Gesamtsieger in puncto Kundenzufriedenheit hervor.<\/em><\/p>\n<p><em>M\u00fcnchen, 29. August 2013 &#8211;<\/em> Allgeier belegt bei der diesj\u00e4hrigen Kundenumfrage von COMPUTERWOCHE und ChannelPartner zum besten deutschen Systemhaus den ersten Platz. Nach dem Silberrang im Vorjahr konnte Allgeier die Zufriedenheit seiner Kunden weiter steigern und belegt im IT-Dienstleisterranking damit erstmalig die Spitzenposition. &#8222;Wir freuen uns sehr \u00fcber die Auszeichnung zum Top-Dienstleister in der IT-Branche. Die Auszeichnung ist eine hohe Anerkennung f\u00fcr unser operatives Gesch\u00e4ft und Best\u00e4tigung unserer strategischen Ausrichtung, die Kundenorientierung konsequent in den Mittelpunkt unserer Arbeit zu stellen. F\u00fcr das entgegengebrachte Vertrauen m\u00f6chten wir uns bei unseren Kunden und Partnern bedanken&#8220;, sagte Hubert Rohrer, Vorstand der Allgeier Division Solutions.<\/p>\n<p>In der j\u00e4hrlich von den Branchenmagazinen COMPUTERWOCHE und ChannelPartner durchgef\u00fchrten Befragung wurde unter mehr als 3.400 Anwendern die Kundenfreundlichkeit von IT-Dienstleistern erfasst. Dazu urteilten die Anwender in den Bereichen Anwendungssoftware, Software-Infrastruktur, IT-Sicherheit, Mobility sowie Managed Services &amp; Cloud \u00fcber die Qualit\u00e4t ihres Partners. Dar\u00fcber hinaus konnten sie in einem detaillierten Fragebogen Auskunft \u00fcber ihre Zufriedenheit mit den Projekten geben, die die IT-Dienstleister f\u00fcr sie realisiert haben. Allgeier konnte in seinen IT-Projekten vor allem durch h\u00f6chste Kundenzufriedenheit u.a. in den Bereichen Anwendungssoftware, Mobility und IT-Infrastruktur \u00fcberzeugen. &#8222;Qualit\u00e4t und Kundenzufriedenheit haben offenbar unter dem schnellen Wachstum der vergangenen Jahre nicht gelitten. Ganz im Gegenteil&#8220;, hob die COMPUTERWOCHE hervor. &#8222;Besonders erfreulich ist f\u00fcr uns die Entwicklung der Kundenzufriedenheit, die wir von Jahr zu Jahr stetig steigern konnten&#8220;, so Hubert Rohrer. Wie bereits im vergangenen Jahr konnte Allgeier auch in 2013 die h\u00f6chste Weiterempfehlungsrate der gro\u00dfen deutschen IT-Dienstleister vorweisen. Insgesamt wurden von den IT-Anwendern 230 von Allgeier umgesetzte Projekte bewertet. Allgeier hat die Auszeichnung am gestrigen Mittwoch Abend im Rahmen des ChannelPartner Systemhauskongress in D\u00fcsseldorf entgegengenommen.<\/p>\n<p>Die Allgeier Division Solutions bedient mehr als 1.500 Kunden mit innovativen Produkten und L\u00f6sungen in Cloud Services, ERP, ECM\/DMS, IT-Infrastruktur und IT-Security. Um den Kunden die jeweils beste L\u00f6sung anbieten zu k\u00f6nnen, ist Allgeier Technologiepartner f\u00fchrender Hersteller wie Microsoft, IBM, SAP oder Infor und verf\u00fcgt dar\u00fcber hinaus \u00fcber ausgezeichnete eigene Business Software L\u00f6sungen wie cierp3\u00ae, JULIA MailOffice, scanview\u00ae oder Syntona. Mit passgenauen L\u00f6sungen und erstklassigem Service unterst\u00fctzt Allgeier mittelst\u00e4ndische und gro\u00dfe Unternehmen dabei, ihre Gesch\u00e4ftsprozesse flexibler zu gestalten, um auf Marktver\u00e4nderungen rasch reagieren zu k\u00f6nnen und ihre Wettbewerbsf\u00e4higkeit zu steigern.<\/p>\n<p><img loading=\"lazy\" decoding=\"async\" class=\"alignleft size-medium wp-image-1481\" src=\"https:\/\/www.allgeier.com\/de\/wp-content\/uploads\/sites\/3\/2015\/03\/ComputerwocheBestesSystemhaus2013-257x300.png\" alt=\"ComputerwocheBestesSystemhaus2013\" width=\"257\" height=\"300\" srcset=\"https:\/\/www.allgeier.com\/de\/wp-content\/uploads\/sites\/3\/2015\/03\/ComputerwocheBestesSystemhaus2013-257x300.png 257w, https:\/\/www.allgeier.com\/de\/wp-content\/uploads\/sites\/3\/2015\/03\/ComputerwocheBestesSystemhaus2013-877x1024.png 877w, https:\/\/www.allgeier.com\/de\/wp-content\/uploads\/sites\/3\/2015\/03\/ComputerwocheBestesSystemhaus2013.png 890w\" sizes=\"auto, (max-width: 257px) 100vw, 257px\" \/><\/p>\n","protected":false},"excerpt":{"rendered":"<p>Allgeier wurde bei der diesj\u00e4hrigen Markterhebung der IT-Fachzeitschriften ChannelPartner und COMPUTERWOCHE als &#8222;Bestes Systemhaus 2013&#8220; ausgezeichnet. Allgeier geht damit unter den gro\u00dfen IT-Dienstleistern Deutschlands mit mehr als 250 Mio. Euro Jahresumsatz als Gesamtsieger in puncto Kundenzufriedenheit hervor. M\u00fcnchen, 29. August 2013 &#8211; Allgeier belegt bei der diesj\u00e4hrigen Kundenumfrage von COMPUTERWOCHE und ChannelPartner zum besten deutschen &hellip; <\/p>\n","protected":false},"author":1,"featured_media":0,"parent":1421,"menu_order":0,"comment_status":"open","ping_status":"open","template":"","meta":{"_acf_changed":false,"footnotes":""},"categories":[7],"tags":[],"class_list":["post-1478","page","type-page","status-publish","hentry","category-pressemitteilungen"],"acf":[],"yoast_head":"<!-- This site is optimized with the Yoast SEO plugin v27.3 - https:\/\/yoast.com\/product\/yoast-seo-wordpress\/ -->\n<title>es-29082013 - Allgeier SE<\/title>\n<meta name=\"robots\" content=\"index, follow, max-snippet:-1, max-image-preview:large, max-video-preview:-1\" \/>\n<link rel=\"canonical\" href=\"https:\/\/www.allgeier.com\/de\/pressroom\/archives\/2013-2\/es-29082013\/\" \/>\n<meta property=\"og:locale\" content=\"de_DE\" \/>\n<meta property=\"og:type\" content=\"article\" \/>\n<meta property=\"og:title\" content=\"es-29082013 - Allgeier SE\" \/>\n<meta property=\"og:description\" content=\"Allgeier wurde bei der diesj\u00e4hrigen Markterhebung der IT-Fachzeitschriften ChannelPartner und COMPUTERWOCHE als &#8222;Bestes Systemhaus 2013&#8220; ausgezeichnet. Allgeier geht damit unter den gro\u00dfen IT-Dienstleistern Deutschlands mit mehr als 250 Mio. Euro Jahresumsatz als Gesamtsieger in puncto Kundenzufriedenheit hervor. M\u00fcnchen, 29. August 2013 &#8211; Allgeier belegt bei der diesj\u00e4hrigen Kundenumfrage von COMPUTERWOCHE und ChannelPartner zum besten deutschen &hellip;\" \/>\n<meta property=\"og:url\" content=\"https:\/\/www.allgeier.com\/de\/pressroom\/archives\/2013-2\/es-29082013\/\" \/>\n<meta property=\"og:site_name\" content=\"Allgeier SE\" \/>\n<meta property=\"article:modified_time\" content=\"2025-02-05T20:29:47+00:00\" \/>\n<meta property=\"og:image\" content=\"https:\/\/www.allgeier.com\/de\/wp-content\/uploads\/sites\/3\/2015\/03\/ComputerwocheBestesSystemhaus2013.png\" \/>\n\t<meta property=\"og:image:width\" content=\"890\" \/>\n\t<meta property=\"og:image:height\" content=\"1039\" \/>\n\t<meta property=\"og:image:type\" content=\"image\/png\" \/>\n<meta name=\"twitter:card\" content=\"summary_large_image\" \/>\n<meta name=\"twitter:label1\" content=\"Gesch\u00e4tzte Lesezeit\" \/>\n\t<meta name=\"twitter:data1\" content=\"3\u00a0Minuten\" \/>\n<script type=\"application\/ld+json\" class=\"yoast-schema-graph\">{\"@context\":\"https:\\\/\\\/schema.org\",\"@graph\":[{\"@type\":\"WebPage\",\"@id\":\"https:\\\/\\\/www.allgeier.com\\\/de\\\/pressroom\\\/archives\\\/2013-2\\\/es-29082013\\\/\",\"url\":\"https:\\\/\\\/www.allgeier.com\\\/de\\\/pressroom\\\/archives\\\/2013-2\\\/es-29082013\\\/\",\"name\":\"es-29082013 - Allgeier SE\",\"isPartOf\":{\"@id\":\"https:\\\/\\\/www.allgeier.com\\\/de\\\/#website\"},\"primaryImageOfPage\":{\"@id\":\"https:\\\/\\\/www.allgeier.com\\\/de\\\/pressroom\\\/archives\\\/2013-2\\\/es-29082013\\\/#primaryimage\"},\"image\":{\"@id\":\"https:\\\/\\\/www.allgeier.com\\\/de\\\/pressroom\\\/archives\\\/2013-2\\\/es-29082013\\\/#primaryimage\"},\"thumbnailUrl\":\"https:\\\/\\\/www.allgeier.com\\\/de\\\/wp-content\\\/uploads\\\/sites\\\/3\\\/2015\\\/03\\\/ComputerwocheBestesSystemhaus2013-257x300.png\",\"datePublished\":\"2013-08-29T12:27:07+00:00\",\"dateModified\":\"2025-02-05T20:29:47+00:00\",\"breadcrumb\":{\"@id\":\"https:\\\/\\\/www.allgeier.com\\\/de\\\/pressroom\\\/archives\\\/2013-2\\\/es-29082013\\\/#breadcrumb\"},\"inLanguage\":\"de\",\"potentialAction\":[{\"@type\":\"ReadAction\",\"target\":[\"https:\\\/\\\/www.allgeier.com\\\/de\\\/pressroom\\\/archives\\\/2013-2\\\/es-29082013\\\/\"]}]},{\"@type\":\"ImageObject\",\"inLanguage\":\"de\",\"@id\":\"https:\\\/\\\/www.allgeier.com\\\/de\\\/pressroom\\\/archives\\\/2013-2\\\/es-29082013\\\/#primaryimage\",\"url\":\"https:\\\/\\\/www.allgeier.com\\\/de\\\/wp-content\\\/uploads\\\/sites\\\/3\\\/2015\\\/03\\\/ComputerwocheBestesSystemhaus2013.png\",\"contentUrl\":\"https:\\\/\\\/www.allgeier.com\\\/de\\\/wp-content\\\/uploads\\\/sites\\\/3\\\/2015\\\/03\\\/ComputerwocheBestesSystemhaus2013.png\",\"width\":890,\"height\":1039},{\"@type\":\"BreadcrumbList\",\"@id\":\"https:\\\/\\\/www.allgeier.com\\\/de\\\/pressroom\\\/archives\\\/2013-2\\\/es-29082013\\\/#breadcrumb\",\"itemListElement\":[{\"@type\":\"ListItem\",\"position\":1,\"name\":\"Home\",\"item\":\"https:\\\/\\\/www.allgeier.com\\\/de\\\/\"},{\"@type\":\"ListItem\",\"position\":2,\"name\":\"Presse\",\"item\":\"https:\\\/\\\/www.allgeier.com\\\/de\\\/pressroom\\\/\"},{\"@type\":\"ListItem\",\"position\":3,\"name\":\"Presse-Archiv\",\"item\":\"https:\\\/\\\/www.allgeier.com\\\/de\\\/pressroom\\\/archives\\\/\"},{\"@type\":\"ListItem\",\"position\":4,\"name\":\"2013\",\"item\":\"https:\\\/\\\/www.allgeier.com\\\/de\\\/pressroom\\\/archives\\\/2013-2\\\/\"},{\"@type\":\"ListItem\",\"position\":5,\"name\":\"es-29082013\"}]},{\"@type\":\"WebSite\",\"@id\":\"https:\\\/\\\/www.allgeier.com\\\/de\\\/#website\",\"url\":\"https:\\\/\\\/www.allgeier.com\\\/de\\\/\",\"name\":\"Allgeier SE\",\"description\":\"Software &amp; IT Services for digital transformation\",\"potentialAction\":[{\"@type\":\"SearchAction\",\"target\":{\"@type\":\"EntryPoint\",\"urlTemplate\":\"https:\\\/\\\/www.allgeier.com\\\/de\\\/?s={search_term_string}\"},\"query-input\":{\"@type\":\"PropertyValueSpecification\",\"valueRequired\":true,\"valueName\":\"search_term_string\"}}],\"inLanguage\":\"de\"}]}<\/script>\n<!-- \/ Yoast SEO plugin. -->","yoast_head_json":{"title":"es-29082013 - Allgeier SE","robots":{"index":"index","follow":"follow","max-snippet":"max-snippet:-1","max-image-preview":"max-image-preview:large","max-video-preview":"max-video-preview:-1"},"canonical":"https:\/\/www.allgeier.com\/de\/pressroom\/archives\/2013-2\/es-29082013\/","og_locale":"de_DE","og_type":"article","og_title":"es-29082013 - Allgeier SE","og_description":"Allgeier wurde bei der diesj\u00e4hrigen Markterhebung der IT-Fachzeitschriften ChannelPartner und COMPUTERWOCHE als &#8222;Bestes Systemhaus 2013&#8220; ausgezeichnet. Allgeier geht damit unter den gro\u00dfen IT-Dienstleistern Deutschlands mit mehr als 250 Mio. Euro Jahresumsatz als Gesamtsieger in puncto Kundenzufriedenheit hervor. M\u00fcnchen, 29. August 2013 &#8211; Allgeier belegt bei der diesj\u00e4hrigen Kundenumfrage von COMPUTERWOCHE und ChannelPartner zum besten deutschen &hellip;","og_url":"https:\/\/www.allgeier.com\/de\/pressroom\/archives\/2013-2\/es-29082013\/","og_site_name":"Allgeier SE","article_modified_time":"2025-02-05T20:29:47+00:00","og_image":[{"width":890,"height":1039,"url":"https:\/\/www.allgeier.com\/de\/wp-content\/uploads\/sites\/3\/2015\/03\/ComputerwocheBestesSystemhaus2013.png","type":"image\/png"}],"twitter_card":"summary_large_image","twitter_misc":{"Gesch\u00e4tzte Lesezeit":"3\u00a0Minuten"},"schema":{"@context":"https:\/\/schema.org","@graph":[{"@type":"WebPage","@id":"https:\/\/www.allgeier.com\/de\/pressroom\/archives\/2013-2\/es-29082013\/","url":"https:\/\/www.allgeier.com\/de\/pressroom\/archives\/2013-2\/es-29082013\/","name":"es-29082013 - Allgeier SE","isPartOf":{"@id":"https:\/\/www.allgeier.com\/de\/#website"},"primaryImageOfPage":{"@id":"https:\/\/www.allgeier.com\/de\/pressroom\/archives\/2013-2\/es-29082013\/#primaryimage"},"image":{"@id":"https:\/\/www.allgeier.com\/de\/pressroom\/archives\/2013-2\/es-29082013\/#primaryimage"},"thumbnailUrl":"https:\/\/www.allgeier.com\/de\/wp-content\/uploads\/sites\/3\/2015\/03\/ComputerwocheBestesSystemhaus2013-257x300.png","datePublished":"2013-08-29T12:27:07+00:00","dateModified":"2025-02-05T20:29:47+00:00","breadcrumb":{"@id":"https:\/\/www.allgeier.com\/de\/pressroom\/archives\/2013-2\/es-29082013\/#breadcrumb"},"inLanguage":"de","potentialAction":[{"@type":"ReadAction","target":["https:\/\/www.allgeier.com\/de\/pressroom\/archives\/2013-2\/es-29082013\/"]}]},{"@type":"ImageObject","inLanguage":"de","@id":"https:\/\/www.allgeier.com\/de\/pressroom\/archives\/2013-2\/es-29082013\/#primaryimage","url":"https:\/\/www.allgeier.com\/de\/wp-content\/uploads\/sites\/3\/2015\/03\/ComputerwocheBestesSystemhaus2013.png","contentUrl":"https:\/\/www.allgeier.com\/de\/wp-content\/uploads\/sites\/3\/2015\/03\/ComputerwocheBestesSystemhaus2013.png","width":890,"height":1039},{"@type":"BreadcrumbList","@id":"https:\/\/www.allgeier.com\/de\/pressroom\/archives\/2013-2\/es-29082013\/#breadcrumb","itemListElement":[{"@type":"ListItem","position":1,"name":"Home","item":"https:\/\/www.allgeier.com\/de\/"},{"@type":"ListItem","position":2,"name":"Presse","item":"https:\/\/www.allgeier.com\/de\/pressroom\/"},{"@type":"ListItem","position":3,"name":"Presse-Archiv","item":"https:\/\/www.allgeier.com\/de\/pressroom\/archives\/"},{"@type":"ListItem","position":4,"name":"2013","item":"https:\/\/www.allgeier.com\/de\/pressroom\/archives\/2013-2\/"},{"@type":"ListItem","position":5,"name":"es-29082013"}]},{"@type":"WebSite","@id":"https:\/\/www.allgeier.com\/de\/#website","url":"https:\/\/www.allgeier.com\/de\/","name":"Allgeier SE","description":"Software &amp; IT Services for digital transformation","potentialAction":[{"@type":"SearchAction","target":{"@type":"EntryPoint","urlTemplate":"https:\/\/www.allgeier.com\/de\/?s={search_term_string}"},"query-input":{"@type":"PropertyValueSpecification","valueRequired":true,"valueName":"search_term_string"}}],"inLanguage":"de"}]}},"_links":{"self":[{"href":"https:\/\/www.allgeier.com\/de\/wp-json\/wp\/v2\/pages\/1478","targetHints":{"allow":["GET"]}}],"collection":[{"href":"https:\/\/www.allgeier.com\/de\/wp-json\/wp\/v2\/pages"}],"about":[{"href":"https:\/\/www.allgeier.com\/de\/wp-json\/wp\/v2\/types\/page"}],"author":[{"embeddable":true,"href":"https:\/\/www.allgeier.com\/de\/wp-json\/wp\/v2\/users\/1"}],"replies":[{"embeddable":true,"href":"https:\/\/www.allgeier.com\/de\/wp-json\/wp\/v2\/comments?post=1478"}],"version-history":[{"count":0,"href":"https:\/\/www.allgeier.com\/de\/wp-json\/wp\/v2\/pages\/1478\/revisions"}],"up":[{"embeddable":true,"href":"https:\/\/www.allgeier.com\/de\/wp-json\/wp\/v2\/pages\/1421"}],"wp:attachment":[{"href":"https:\/\/www.allgeier.com\/de\/wp-json\/wp\/v2\/media?parent=1478"}],"wp:term":[{"taxonomy":"category","embeddable":true,"href":"https:\/\/www.allgeier.com\/de\/wp-json\/wp\/v2\/categories?post=1478"},{"taxonomy":"post_tag","embeddable":true,"href":"https:\/\/www.allgeier.com\/de\/wp-json\/wp\/v2\/tags?post=1478"}],"curies":[{"name":"wp","href":"https:\/\/api.w.org\/{rel}","templated":true}]}}