{"id":1492,"date":"2013-07-24T12:35:35","date_gmt":"2013-07-24T12:35:35","guid":{"rendered":"http:\/\/www.allgeier.com\/de\/?page_id=1492"},"modified":"2025-02-05T20:23:21","modified_gmt":"2025-02-05T20:23:21","slug":"24072013-2","status":"publish","type":"page","link":"https:\/\/www.allgeier.com\/de\/pressroom\/archives\/2013-2\/24072013-2\/","title":{"rendered":"24072013"},"content":{"rendered":"<p><strong>Harald T\u00e4ffner neuer Finanzvorstand der Goetzfried AG<\/strong><\/p>\n<p><i>Wiesbaden, 24.07.2013 \u2013<\/i> Der Diplom-Kaufmann Harald T\u00e4ffner (47) ist seit dem 22. Juli neuer Finanzvorstand der Goetzfried AG. Er folgt auf Maren Lorth, die zum 30. Juni auf eigenen Wunsch im besten Einvernehmen mit dem Aufsichtsrat aus dem Unternehmen ausgeschieden ist. Frau Lorth steht der Gesellschaft weiterhin beratend zur Verf\u00fcgung. Der Aufsichtsrat dankt Frau Lorth f\u00fcr ihre verdienstvolle T\u00e4tigkeit zum Wohle des Unternehmens.<\/p>\n<p>Harald T\u00e4ffner studierte Betriebswirtschaftslehre und Wirtschafts- geschichte an der Universit\u00e4t Mannheim und begann seine berufliche Laufbahn bei einer Unternehmensberatung.<\/p>\n<p>Als Mitglied der Gesch\u00e4ftsleitung war er wesentlich \u00fcber 10 Jahre an dem Aufbau und der Entwicklung eines Personaldienstleisters sowie deren Tochtergesellschaften innerhalb der D-A-CH Region beteiligt. Im Anschluss leitete er das Finanzressort einer auf Personaldienstleister spezialisierten Beteiligungsgesellschaft und war Gesch\u00e4ftsf\u00fchrer eines Family Office.<\/p>\n<p>\u201eDurch seine langj\u00e4hrige Erfahrung in der Personaldienstleistungsbranche bringt Harald T\u00e4ffner die notwendige Expertise mit, um den weiteren Weg der Goetzfried AG erfolgreich zu gestalten.\u201c so Sven Herzberg, Vorstandssprecher der Goetzfried AG.<\/p>\n<p>Zuletzt war Harald T\u00e4ffner als Berater f\u00fcr Beteiligungsgesellschaften und als Interimsmanager f\u00fcr Personaldienstleister t\u00e4tig.<\/p>\n<p>&nbsp;<\/p>\n<p>Kurzprofil Goetzfried AG:<\/p>\n<p>Die Goetzfried AG geh\u00f6rt zu den f\u00fchrenden IT- und Personaldienstleistern in Deutschland. Das Leistungsspektrum umfasst die Rekrutierung, Vermittlung und das Management von IT-Experten und Ingenieuren, die Realisierung von Engineering-Projekten, die Planung und Umsetzung von IT-Infrastrukturl\u00f6sungen sowie die Konzeption und Entwicklung von Software. Seit 1987 steht die Goetzfried AG f\u00fcr die zuverl\u00e4ssige und schnelle Beschaffung von Know-how und Personalkapazit\u00e4ten. Das Unternehmen greift auf ein Netzwerk von \u00fcber 60.000 Experten zu und verf\u00fcgt damit \u00fcber eines der umfangreichsten branchen- und technologieunabh\u00e4ngigen Expertennetzwerke im deutschsprachigen Raum. Im Gesch\u00e4ftsjahr 2012 erzielte die Goetzfried AG einen Umsatz von 122,2 Mio. Euro.<br \/>\nWeitere Informationen unter: <a title=\"Goetzfried AG\" href=\"http:\/\/www.goetzfried-ag.com\" target=\"_blank\">www.goetzfried-ag.com<\/a><\/p>\n","protected":false},"excerpt":{"rendered":"<p>Harald T\u00e4ffner neuer Finanzvorstand der Goetzfried AG Wiesbaden, 24.07.2013 \u2013 Der Diplom-Kaufmann Harald T\u00e4ffner (47) ist seit dem 22. Juli neuer Finanzvorstand der Goetzfried AG. Er folgt auf Maren Lorth, die zum 30. Juni auf eigenen Wunsch im besten Einvernehmen mit dem Aufsichtsrat aus dem Unternehmen ausgeschieden ist. Frau Lorth steht der Gesellschaft weiterhin beratend &hellip; <\/p>\n","protected":false},"author":1,"featured_media":0,"parent":1421,"menu_order":0,"comment_status":"open","ping_status":"open","template":"","meta":{"_acf_changed":false,"footnotes":""},"categories":[7],"tags":[],"class_list":["post-1492","page","type-page","status-publish","hentry","category-pressemitteilungen"],"acf":[],"yoast_head":"<!-- This site is optimized with the Yoast SEO plugin v27.3 - https:\/\/yoast.com\/product\/yoast-seo-wordpress\/ -->\n<title>24072013 - Allgeier SE<\/title>\n<meta name=\"robots\" content=\"index, follow, max-snippet:-1, max-image-preview:large, max-video-preview:-1\" \/>\n<link rel=\"canonical\" href=\"https:\/\/www.allgeier.com\/de\/pressroom\/archives\/2013-2\/24072013-2\/\" \/>\n<meta property=\"og:locale\" content=\"de_DE\" \/>\n<meta property=\"og:type\" content=\"article\" \/>\n<meta property=\"og:title\" content=\"24072013 - Allgeier SE\" \/>\n<meta property=\"og:description\" content=\"Harald T\u00e4ffner neuer Finanzvorstand der Goetzfried AG Wiesbaden, 24.07.2013 \u2013 Der Diplom-Kaufmann Harald T\u00e4ffner (47) ist seit dem 22. Juli neuer Finanzvorstand der Goetzfried AG. Er folgt auf Maren Lorth, die zum 30. Juni auf eigenen Wunsch im besten Einvernehmen mit dem Aufsichtsrat aus dem Unternehmen ausgeschieden ist. Frau Lorth steht der Gesellschaft weiterhin beratend &hellip;\" \/>\n<meta property=\"og:url\" content=\"https:\/\/www.allgeier.com\/de\/pressroom\/archives\/2013-2\/24072013-2\/\" \/>\n<meta property=\"og:site_name\" content=\"Allgeier SE\" \/>\n<meta property=\"article:modified_time\" content=\"2025-02-05T20:23:21+00:00\" \/>\n<meta name=\"twitter:card\" content=\"summary_large_image\" \/>\n<meta name=\"twitter:label1\" content=\"Gesch\u00e4tzte Lesezeit\" \/>\n\t<meta name=\"twitter:data1\" content=\"2\u00a0Minuten\" \/>\n<script type=\"application\/ld+json\" class=\"yoast-schema-graph\">{\"@context\":\"https:\\\/\\\/schema.org\",\"@graph\":[{\"@type\":\"WebPage\",\"@id\":\"https:\\\/\\\/www.allgeier.com\\\/de\\\/pressroom\\\/archives\\\/2013-2\\\/24072013-2\\\/\",\"url\":\"https:\\\/\\\/www.allgeier.com\\\/de\\\/pressroom\\\/archives\\\/2013-2\\\/24072013-2\\\/\",\"name\":\"24072013 - Allgeier SE\",\"isPartOf\":{\"@id\":\"https:\\\/\\\/www.allgeier.com\\\/de\\\/#website\"},\"datePublished\":\"2013-07-24T12:35:35+00:00\",\"dateModified\":\"2025-02-05T20:23:21+00:00\",\"breadcrumb\":{\"@id\":\"https:\\\/\\\/www.allgeier.com\\\/de\\\/pressroom\\\/archives\\\/2013-2\\\/24072013-2\\\/#breadcrumb\"},\"inLanguage\":\"de\",\"potentialAction\":[{\"@type\":\"ReadAction\",\"target\":[\"https:\\\/\\\/www.allgeier.com\\\/de\\\/pressroom\\\/archives\\\/2013-2\\\/24072013-2\\\/\"]}]},{\"@type\":\"BreadcrumbList\",\"@id\":\"https:\\\/\\\/www.allgeier.com\\\/de\\\/pressroom\\\/archives\\\/2013-2\\\/24072013-2\\\/#breadcrumb\",\"itemListElement\":[{\"@type\":\"ListItem\",\"position\":1,\"name\":\"Home\",\"item\":\"https:\\\/\\\/www.allgeier.com\\\/de\\\/\"},{\"@type\":\"ListItem\",\"position\":2,\"name\":\"Presse\",\"item\":\"https:\\\/\\\/www.allgeier.com\\\/de\\\/pressroom\\\/\"},{\"@type\":\"ListItem\",\"position\":3,\"name\":\"Presse-Archiv\",\"item\":\"https:\\\/\\\/www.allgeier.com\\\/de\\\/pressroom\\\/archives\\\/\"},{\"@type\":\"ListItem\",\"position\":4,\"name\":\"2013\",\"item\":\"https:\\\/\\\/www.allgeier.com\\\/de\\\/pressroom\\\/archives\\\/2013-2\\\/\"},{\"@type\":\"ListItem\",\"position\":5,\"name\":\"24072013\"}]},{\"@type\":\"WebSite\",\"@id\":\"https:\\\/\\\/www.allgeier.com\\\/de\\\/#website\",\"url\":\"https:\\\/\\\/www.allgeier.com\\\/de\\\/\",\"name\":\"Allgeier SE\",\"description\":\"Software &amp; IT Services for digital transformation\",\"potentialAction\":[{\"@type\":\"SearchAction\",\"target\":{\"@type\":\"EntryPoint\",\"urlTemplate\":\"https:\\\/\\\/www.allgeier.com\\\/de\\\/?s={search_term_string}\"},\"query-input\":{\"@type\":\"PropertyValueSpecification\",\"valueRequired\":true,\"valueName\":\"search_term_string\"}}],\"inLanguage\":\"de\"}]}<\/script>\n<!-- \/ Yoast SEO plugin. -->","yoast_head_json":{"title":"24072013 - Allgeier SE","robots":{"index":"index","follow":"follow","max-snippet":"max-snippet:-1","max-image-preview":"max-image-preview:large","max-video-preview":"max-video-preview:-1"},"canonical":"https:\/\/www.allgeier.com\/de\/pressroom\/archives\/2013-2\/24072013-2\/","og_locale":"de_DE","og_type":"article","og_title":"24072013 - Allgeier SE","og_description":"Harald T\u00e4ffner neuer Finanzvorstand der Goetzfried AG Wiesbaden, 24.07.2013 \u2013 Der Diplom-Kaufmann Harald T\u00e4ffner (47) ist seit dem 22. Juli neuer Finanzvorstand der Goetzfried AG. Er folgt auf Maren Lorth, die zum 30. Juni auf eigenen Wunsch im besten Einvernehmen mit dem Aufsichtsrat aus dem Unternehmen ausgeschieden ist. Frau Lorth steht der Gesellschaft weiterhin beratend &hellip;","og_url":"https:\/\/www.allgeier.com\/de\/pressroom\/archives\/2013-2\/24072013-2\/","og_site_name":"Allgeier SE","article_modified_time":"2025-02-05T20:23:21+00:00","twitter_card":"summary_large_image","twitter_misc":{"Gesch\u00e4tzte Lesezeit":"2\u00a0Minuten"},"schema":{"@context":"https:\/\/schema.org","@graph":[{"@type":"WebPage","@id":"https:\/\/www.allgeier.com\/de\/pressroom\/archives\/2013-2\/24072013-2\/","url":"https:\/\/www.allgeier.com\/de\/pressroom\/archives\/2013-2\/24072013-2\/","name":"24072013 - Allgeier SE","isPartOf":{"@id":"https:\/\/www.allgeier.com\/de\/#website"},"datePublished":"2013-07-24T12:35:35+00:00","dateModified":"2025-02-05T20:23:21+00:00","breadcrumb":{"@id":"https:\/\/www.allgeier.com\/de\/pressroom\/archives\/2013-2\/24072013-2\/#breadcrumb"},"inLanguage":"de","potentialAction":[{"@type":"ReadAction","target":["https:\/\/www.allgeier.com\/de\/pressroom\/archives\/2013-2\/24072013-2\/"]}]},{"@type":"BreadcrumbList","@id":"https:\/\/www.allgeier.com\/de\/pressroom\/archives\/2013-2\/24072013-2\/#breadcrumb","itemListElement":[{"@type":"ListItem","position":1,"name":"Home","item":"https:\/\/www.allgeier.com\/de\/"},{"@type":"ListItem","position":2,"name":"Presse","item":"https:\/\/www.allgeier.com\/de\/pressroom\/"},{"@type":"ListItem","position":3,"name":"Presse-Archiv","item":"https:\/\/www.allgeier.com\/de\/pressroom\/archives\/"},{"@type":"ListItem","position":4,"name":"2013","item":"https:\/\/www.allgeier.com\/de\/pressroom\/archives\/2013-2\/"},{"@type":"ListItem","position":5,"name":"24072013"}]},{"@type":"WebSite","@id":"https:\/\/www.allgeier.com\/de\/#website","url":"https:\/\/www.allgeier.com\/de\/","name":"Allgeier SE","description":"Software &amp; IT Services for digital transformation","potentialAction":[{"@type":"SearchAction","target":{"@type":"EntryPoint","urlTemplate":"https:\/\/www.allgeier.com\/de\/?s={search_term_string}"},"query-input":{"@type":"PropertyValueSpecification","valueRequired":true,"valueName":"search_term_string"}}],"inLanguage":"de"}]}},"_links":{"self":[{"href":"https:\/\/www.allgeier.com\/de\/wp-json\/wp\/v2\/pages\/1492","targetHints":{"allow":["GET"]}}],"collection":[{"href":"https:\/\/www.allgeier.com\/de\/wp-json\/wp\/v2\/pages"}],"about":[{"href":"https:\/\/www.allgeier.com\/de\/wp-json\/wp\/v2\/types\/page"}],"author":[{"embeddable":true,"href":"https:\/\/www.allgeier.com\/de\/wp-json\/wp\/v2\/users\/1"}],"replies":[{"embeddable":true,"href":"https:\/\/www.allgeier.com\/de\/wp-json\/wp\/v2\/comments?post=1492"}],"version-history":[{"count":0,"href":"https:\/\/www.allgeier.com\/de\/wp-json\/wp\/v2\/pages\/1492\/revisions"}],"up":[{"embeddable":true,"href":"https:\/\/www.allgeier.com\/de\/wp-json\/wp\/v2\/pages\/1421"}],"wp:attachment":[{"href":"https:\/\/www.allgeier.com\/de\/wp-json\/wp\/v2\/media?parent=1492"}],"wp:term":[{"taxonomy":"category","embeddable":true,"href":"https:\/\/www.allgeier.com\/de\/wp-json\/wp\/v2\/categories?post=1492"},{"taxonomy":"post_tag","embeddable":true,"href":"https:\/\/www.allgeier.com\/de\/wp-json\/wp\/v2\/tags?post=1492"}],"curies":[{"name":"wp","href":"https:\/\/api.w.org\/{rel}","templated":true}]}}