{"id":1504,"date":"2013-07-16T12:43:07","date_gmt":"2013-07-16T12:43:07","guid":{"rendered":"http:\/\/www.allgeier.com\/de\/?page_id=1504"},"modified":"2025-02-05T20:22:48","modified_gmt":"2025-02-05T20:22:48","slug":"16072013-2","status":"publish","type":"page","link":"https:\/\/www.allgeier.com\/de\/pressroom\/archives\/2013-2\/16072013-2\/","title":{"rendered":"16072013"},"content":{"rendered":"<p><i> Bremen, 16.07.2013 \u2013<\/i> Die BSH IT Solutions, eine 100%ige Tochter der Allgeier IT Solutions GmbH, hat mit ihrer Muttergesellschaft einen Vertrag zur Integration des Gesch\u00e4ftsbereiches IT-Infrastruktur geschlossen. Die BSH IT Solutions, die bereits seit Anfang 2011 eng mit dem Infrastruktur-Bereich der Allgeier zusammenarbeitet, \u00fcbernimmt mit Wirkung zum 01. Juli 2013 im Zuge eines Asset Deals den operativen Gesch\u00e4ftsbetrieb des Bereiches IT-Infrastruktur inklusive der Kundenbeziehungen und -vertr\u00e4ge sowie der Mitarbeiter und b\u00fcndelt damit die gemeinsamen Service-, Vertriebs- und Infrastrukturkompetenzen zu einer starken Einheit unter F\u00fchrung der BSH.<\/p>\n<p>Vor wenigen Tagen verlegten Allgeier und BSH ihren bisherigen Standort in M\u00fcnster an den strategisch g\u00fcnstig gelegenen Standort am Flughafen M\u00fcnster Osnabr\u00fcck. Durch die B\u00fcndelung der Infrastruktur-Kompetenzen verst\u00e4rkt BSH die Pr\u00e4senz in Nordrhein-Westfalen sowie das Dienstleistungs-Portfolio deutlich. Kunden profitieren zuk\u00fcnftig von einem Team mit \u00fcber 80 qualifizierten Mitarbeitern im Infrastrukturumfeld an den Standorten Bremen, Greven und Westerstede, einem Rechenzentrum f\u00fcr Hosting und Software-as-a-Service (SaaS) L\u00f6sungen, sowie verbesserten und vereinheitlichten Service-Prozessen.<\/p>\n<p>Hubert Rohrer, Gesch\u00e4ftsf\u00fchrer der Allgeier IT Solutions GmbH, sagte angesichts des Asset Deals: \u201eDie B\u00fcndelung der Infrastruktur-Kompetenzen in der Marke BSH stellt eine sinnvolle und konsequente Optimierung des Gesch\u00e4ftsbereiches Infrastruktur f\u00fcr unsere Kunden dar.\u201c<\/p>\n<p>Der BSH-Gesch\u00e4ftsf\u00fchrer Sascha Sambach freut sich \u00fcber das Vertrauen der Muttergesellschaft und sagt \u00fcber die Entwicklung: \u201eDie B\u00fcndelung der Kompetenzen beider Unternehmen in der BSH ist f\u00fcr unsere gemeinsamen Bestandskunden und zuk\u00fcnftigen Neukunden in besonderem Ma\u00dfe werthaltig. Die BSH IT Solutions hat sich in den letzten Jahren konstant positiv entwickelt und strebt weiteres Wachstum an.\u201c<\/p>\n<p>Weitere Informationen finden Sie unter <a href=\"http:\/\/www.bsh-it.de\">www.bsh-it.de<\/a><\/p>\n<p><a href=\"http:\/\/www.bsh-it.de\" target=\"_blank\"><img loading=\"lazy\" decoding=\"async\" class=\"alignleft size-medium wp-image-1513\" src=\"https:\/\/www.allgeier.com\/de\/wp-content\/uploads\/sites\/3\/2013\/07\/13-04-RelaunchBSH-Logo-Entw\u00fcrfe-9_klein-300x73.jpg\" alt=\"13-04-RelaunchBSH-Logo-Entw\u00fcrfe-9_klein\" width=\"300\" height=\"73\" srcset=\"https:\/\/www.allgeier.com\/de\/wp-content\/uploads\/sites\/3\/2013\/07\/13-04-RelaunchBSH-Logo-Entw\u00fcrfe-9_klein-300x73.jpg 300w, https:\/\/www.allgeier.com\/de\/wp-content\/uploads\/sites\/3\/2013\/07\/13-04-RelaunchBSH-Logo-Entw\u00fcrfe-9_klein.jpg 354w\" sizes=\"auto, (max-width: 300px) 100vw, 300px\" \/><\/a><\/p>\n","protected":false},"excerpt":{"rendered":"<p>Bremen, 16.07.2013 \u2013 Die BSH IT Solutions, eine 100%ige Tochter der Allgeier IT Solutions GmbH, hat mit ihrer Muttergesellschaft einen Vertrag zur Integration des Gesch\u00e4ftsbereiches IT-Infrastruktur geschlossen. Die BSH IT Solutions, die bereits seit Anfang 2011 eng mit dem Infrastruktur-Bereich der Allgeier zusammenarbeitet, \u00fcbernimmt mit Wirkung zum 01. Juli 2013 im Zuge eines Asset Deals &hellip; <\/p>\n","protected":false},"author":1,"featured_media":0,"parent":1421,"menu_order":0,"comment_status":"open","ping_status":"open","template":"","meta":{"_acf_changed":false,"footnotes":""},"categories":[7],"tags":[],"class_list":["post-1504","page","type-page","status-publish","hentry","category-pressemitteilungen"],"acf":[],"yoast_head":"<!-- This site is optimized with the Yoast SEO plugin v27.3 - https:\/\/yoast.com\/product\/yoast-seo-wordpress\/ -->\n<title>16072013 - Allgeier SE<\/title>\n<meta name=\"robots\" content=\"index, follow, max-snippet:-1, max-image-preview:large, max-video-preview:-1\" \/>\n<link rel=\"canonical\" href=\"https:\/\/www.allgeier.com\/de\/pressroom\/archives\/2013-2\/16072013-2\/\" \/>\n<meta property=\"og:locale\" content=\"de_DE\" \/>\n<meta property=\"og:type\" content=\"article\" \/>\n<meta property=\"og:title\" content=\"16072013 - Allgeier SE\" \/>\n<meta property=\"og:description\" content=\"Bremen, 16.07.2013 \u2013 Die BSH IT Solutions, eine 100%ige Tochter der Allgeier IT Solutions GmbH, hat mit ihrer Muttergesellschaft einen Vertrag zur Integration des Gesch\u00e4ftsbereiches IT-Infrastruktur geschlossen. Die BSH IT Solutions, die bereits seit Anfang 2011 eng mit dem Infrastruktur-Bereich der Allgeier zusammenarbeitet, \u00fcbernimmt mit Wirkung zum 01. Juli 2013 im Zuge eines Asset Deals &hellip;\" \/>\n<meta property=\"og:url\" content=\"https:\/\/www.allgeier.com\/de\/pressroom\/archives\/2013-2\/16072013-2\/\" \/>\n<meta property=\"og:site_name\" content=\"Allgeier SE\" \/>\n<meta property=\"article:modified_time\" content=\"2025-02-05T20:22:48+00:00\" \/>\n<meta name=\"twitter:card\" content=\"summary_large_image\" \/>\n<meta name=\"twitter:label1\" content=\"Gesch\u00e4tzte Lesezeit\" \/>\n\t<meta name=\"twitter:data1\" content=\"2\u00a0Minuten\" \/>\n<script type=\"application\/ld+json\" class=\"yoast-schema-graph\">{\"@context\":\"https:\\\/\\\/schema.org\",\"@graph\":[{\"@type\":\"WebPage\",\"@id\":\"https:\\\/\\\/www.allgeier.com\\\/de\\\/pressroom\\\/archives\\\/2013-2\\\/16072013-2\\\/\",\"url\":\"https:\\\/\\\/www.allgeier.com\\\/de\\\/pressroom\\\/archives\\\/2013-2\\\/16072013-2\\\/\",\"name\":\"16072013 - Allgeier SE\",\"isPartOf\":{\"@id\":\"https:\\\/\\\/www.allgeier.com\\\/de\\\/#website\"},\"datePublished\":\"2013-07-16T12:43:07+00:00\",\"dateModified\":\"2025-02-05T20:22:48+00:00\",\"breadcrumb\":{\"@id\":\"https:\\\/\\\/www.allgeier.com\\\/de\\\/pressroom\\\/archives\\\/2013-2\\\/16072013-2\\\/#breadcrumb\"},\"inLanguage\":\"de\",\"potentialAction\":[{\"@type\":\"ReadAction\",\"target\":[\"https:\\\/\\\/www.allgeier.com\\\/de\\\/pressroom\\\/archives\\\/2013-2\\\/16072013-2\\\/\"]}]},{\"@type\":\"BreadcrumbList\",\"@id\":\"https:\\\/\\\/www.allgeier.com\\\/de\\\/pressroom\\\/archives\\\/2013-2\\\/16072013-2\\\/#breadcrumb\",\"itemListElement\":[{\"@type\":\"ListItem\",\"position\":1,\"name\":\"Home\",\"item\":\"https:\\\/\\\/www.allgeier.com\\\/de\\\/\"},{\"@type\":\"ListItem\",\"position\":2,\"name\":\"Presse\",\"item\":\"https:\\\/\\\/www.allgeier.com\\\/de\\\/pressroom\\\/\"},{\"@type\":\"ListItem\",\"position\":3,\"name\":\"Presse-Archiv\",\"item\":\"https:\\\/\\\/www.allgeier.com\\\/de\\\/pressroom\\\/archives\\\/\"},{\"@type\":\"ListItem\",\"position\":4,\"name\":\"2013\",\"item\":\"https:\\\/\\\/www.allgeier.com\\\/de\\\/pressroom\\\/archives\\\/2013-2\\\/\"},{\"@type\":\"ListItem\",\"position\":5,\"name\":\"16072013\"}]},{\"@type\":\"WebSite\",\"@id\":\"https:\\\/\\\/www.allgeier.com\\\/de\\\/#website\",\"url\":\"https:\\\/\\\/www.allgeier.com\\\/de\\\/\",\"name\":\"Allgeier SE\",\"description\":\"Software &amp; IT Services for digital transformation\",\"potentialAction\":[{\"@type\":\"SearchAction\",\"target\":{\"@type\":\"EntryPoint\",\"urlTemplate\":\"https:\\\/\\\/www.allgeier.com\\\/de\\\/?s={search_term_string}\"},\"query-input\":{\"@type\":\"PropertyValueSpecification\",\"valueRequired\":true,\"valueName\":\"search_term_string\"}}],\"inLanguage\":\"de\"}]}<\/script>\n<!-- \/ Yoast SEO plugin. -->","yoast_head_json":{"title":"16072013 - Allgeier SE","robots":{"index":"index","follow":"follow","max-snippet":"max-snippet:-1","max-image-preview":"max-image-preview:large","max-video-preview":"max-video-preview:-1"},"canonical":"https:\/\/www.allgeier.com\/de\/pressroom\/archives\/2013-2\/16072013-2\/","og_locale":"de_DE","og_type":"article","og_title":"16072013 - Allgeier SE","og_description":"Bremen, 16.07.2013 \u2013 Die BSH IT Solutions, eine 100%ige Tochter der Allgeier IT Solutions GmbH, hat mit ihrer Muttergesellschaft einen Vertrag zur Integration des Gesch\u00e4ftsbereiches IT-Infrastruktur geschlossen. Die BSH IT Solutions, die bereits seit Anfang 2011 eng mit dem Infrastruktur-Bereich der Allgeier zusammenarbeitet, \u00fcbernimmt mit Wirkung zum 01. Juli 2013 im Zuge eines Asset Deals &hellip;","og_url":"https:\/\/www.allgeier.com\/de\/pressroom\/archives\/2013-2\/16072013-2\/","og_site_name":"Allgeier SE","article_modified_time":"2025-02-05T20:22:48+00:00","twitter_card":"summary_large_image","twitter_misc":{"Gesch\u00e4tzte Lesezeit":"2\u00a0Minuten"},"schema":{"@context":"https:\/\/schema.org","@graph":[{"@type":"WebPage","@id":"https:\/\/www.allgeier.com\/de\/pressroom\/archives\/2013-2\/16072013-2\/","url":"https:\/\/www.allgeier.com\/de\/pressroom\/archives\/2013-2\/16072013-2\/","name":"16072013 - Allgeier SE","isPartOf":{"@id":"https:\/\/www.allgeier.com\/de\/#website"},"datePublished":"2013-07-16T12:43:07+00:00","dateModified":"2025-02-05T20:22:48+00:00","breadcrumb":{"@id":"https:\/\/www.allgeier.com\/de\/pressroom\/archives\/2013-2\/16072013-2\/#breadcrumb"},"inLanguage":"de","potentialAction":[{"@type":"ReadAction","target":["https:\/\/www.allgeier.com\/de\/pressroom\/archives\/2013-2\/16072013-2\/"]}]},{"@type":"BreadcrumbList","@id":"https:\/\/www.allgeier.com\/de\/pressroom\/archives\/2013-2\/16072013-2\/#breadcrumb","itemListElement":[{"@type":"ListItem","position":1,"name":"Home","item":"https:\/\/www.allgeier.com\/de\/"},{"@type":"ListItem","position":2,"name":"Presse","item":"https:\/\/www.allgeier.com\/de\/pressroom\/"},{"@type":"ListItem","position":3,"name":"Presse-Archiv","item":"https:\/\/www.allgeier.com\/de\/pressroom\/archives\/"},{"@type":"ListItem","position":4,"name":"2013","item":"https:\/\/www.allgeier.com\/de\/pressroom\/archives\/2013-2\/"},{"@type":"ListItem","position":5,"name":"16072013"}]},{"@type":"WebSite","@id":"https:\/\/www.allgeier.com\/de\/#website","url":"https:\/\/www.allgeier.com\/de\/","name":"Allgeier SE","description":"Software &amp; IT Services for digital transformation","potentialAction":[{"@type":"SearchAction","target":{"@type":"EntryPoint","urlTemplate":"https:\/\/www.allgeier.com\/de\/?s={search_term_string}"},"query-input":{"@type":"PropertyValueSpecification","valueRequired":true,"valueName":"search_term_string"}}],"inLanguage":"de"}]}},"_links":{"self":[{"href":"https:\/\/www.allgeier.com\/de\/wp-json\/wp\/v2\/pages\/1504","targetHints":{"allow":["GET"]}}],"collection":[{"href":"https:\/\/www.allgeier.com\/de\/wp-json\/wp\/v2\/pages"}],"about":[{"href":"https:\/\/www.allgeier.com\/de\/wp-json\/wp\/v2\/types\/page"}],"author":[{"embeddable":true,"href":"https:\/\/www.allgeier.com\/de\/wp-json\/wp\/v2\/users\/1"}],"replies":[{"embeddable":true,"href":"https:\/\/www.allgeier.com\/de\/wp-json\/wp\/v2\/comments?post=1504"}],"version-history":[{"count":1,"href":"https:\/\/www.allgeier.com\/de\/wp-json\/wp\/v2\/pages\/1504\/revisions"}],"predecessor-version":[{"id":1514,"href":"https:\/\/www.allgeier.com\/de\/wp-json\/wp\/v2\/pages\/1504\/revisions\/1514"}],"up":[{"embeddable":true,"href":"https:\/\/www.allgeier.com\/de\/wp-json\/wp\/v2\/pages\/1421"}],"wp:attachment":[{"href":"https:\/\/www.allgeier.com\/de\/wp-json\/wp\/v2\/media?parent=1504"}],"wp:term":[{"taxonomy":"category","embeddable":true,"href":"https:\/\/www.allgeier.com\/de\/wp-json\/wp\/v2\/categories?post=1504"},{"taxonomy":"post_tag","embeddable":true,"href":"https:\/\/www.allgeier.com\/de\/wp-json\/wp\/v2\/tags?post=1504"}],"curies":[{"name":"wp","href":"https:\/\/api.w.org\/{rel}","templated":true}]}}