{"id":1519,"date":"2013-06-09T12:50:32","date_gmt":"2013-06-09T12:50:32","guid":{"rendered":"http:\/\/www.allgeier.com\/de\/?page_id=1519"},"modified":"2025-02-05T20:21:30","modified_gmt":"2025-02-05T20:21:30","slug":"09062013-2","status":"publish","type":"page","link":"https:\/\/www.allgeier.com\/de\/pressroom\/archives\/2013-2\/09062013-2\/","title":{"rendered":"09062013"},"content":{"rendered":"<p><i>H\u00fcnenberg (CH)\/M\u00fcnchen, 09.06.2013 \u2013 <\/i>Im Rahmen seiner Partner Academy 2013 hat NetApp Schweiz bei der Sauber Motorsport AG in Hinwil\u00a0einige seiner Channel Partner f\u00fcr ihr Engagement rund um das NetApp Business gek\u00fcrt.\u00a0Der Hersteller honoriert mit den Auszeichnungen den Verkaufserfolg, den die Partner mit Storage- und Datenmanagement-L\u00f6sungen von Netapp im Gesch\u00e4ftsjahr 2013 verzeichneten, das im April zu Ende ging.<\/p>\n<p><a title=\"BSR &amp; Partner AG\" href=\"http:\/\/www.bsr-partner.ch\" target=\"_blank\">BSR &amp; Partner AG<\/a> hat dabei den Award als &#8222;Best Professional Services Partner&#8220; erhalten.<\/p>\n<p>Remo Rossi, VP NetApp Switzerland kommentiert: &#8222;Unsere Channel Partner Community ist eines der wichtigsten Standbeine unseres Erfolgs weltweit und in der Schweiz. Wir geben nicht nur neuen Partnern die M\u00f6glichkeit mit uns zu wachsen, sondern unterst\u00fctzen auch langj\u00e4hrige Partner bei Ausbau und Diversifizierung ihres Gesch\u00e4fts.&#8220;<\/p>\n<p>Dies ist bereits der dritte Award in Serie, den BSR &amp; Partner AG von NetApp empfangen durfte.<\/p>\n<p>Weitere Informationen finden Sie hier:<br \/>\n<a title=\"NetApp Schweiz ehrt Partner\" href=\"http:\/\/www.itreseller.ch\/Artikel\/73077\/Netapp_Schweiz_ehrt_Partner.html\" target=\"_blank\">Swiss IT Reseller: NetApp Schweiz ehrt Partner<\/a><br \/>\n<a title=\"Inside-Channels: NetApp verleiht Schweizer Partner-Awards 2013\" href=\"http:\/\/www.inside-channels.ch\/articles\/32742\" target=\"_blank\"><span class=\"titleflow\">Inside-Channels: NetApp verleiht Schweizer Partner-Awards 2013<\/span> <\/a><\/p>\n<p><img loading=\"lazy\" decoding=\"async\" width=\"463\" height=\"307\" src=\"https:\/\/www.allgeier.com\/de\/wp-content\/uploads\/sites\/3\/2015\/03\/NetApp_Award_2013_BSR__Partner.jpg\" alt=\"NetApp_Award_2013_BSR__Partner\" \/><\/p>\n","protected":false},"excerpt":{"rendered":"<p>H\u00fcnenberg (CH)\/M\u00fcnchen, 09.06.2013 \u2013 Im Rahmen seiner Partner Academy 2013 hat NetApp Schweiz bei der Sauber Motorsport AG in Hinwil\u00a0einige seiner Channel Partner f\u00fcr ihr Engagement rund um das NetApp Business gek\u00fcrt.\u00a0Der Hersteller honoriert mit den Auszeichnungen den Verkaufserfolg, den die Partner mit Storage- und Datenmanagement-L\u00f6sungen von Netapp im Gesch\u00e4ftsjahr 2013 verzeichneten, das im April &hellip; <\/p>\n","protected":false},"author":1,"featured_media":0,"parent":1421,"menu_order":0,"comment_status":"open","ping_status":"open","template":"","meta":{"_acf_changed":false,"footnotes":""},"categories":[7],"tags":[],"class_list":["post-1519","page","type-page","status-publish","hentry","category-pressemitteilungen"],"acf":[],"yoast_head":"<!-- This site is optimized with the Yoast SEO plugin v27.4 - https:\/\/yoast.com\/product\/yoast-seo-wordpress\/ -->\n<title>09062013 - Allgeier SE<\/title>\n<meta name=\"robots\" content=\"index, follow, max-snippet:-1, max-image-preview:large, max-video-preview:-1\" \/>\n<link rel=\"canonical\" href=\"https:\/\/www.allgeier.com\/de\/pressroom\/archives\/2013-2\/09062013-2\/\" \/>\n<meta property=\"og:locale\" content=\"de_DE\" \/>\n<meta property=\"og:type\" content=\"article\" \/>\n<meta property=\"og:title\" content=\"09062013 - Allgeier SE\" \/>\n<meta property=\"og:description\" content=\"H\u00fcnenberg (CH)\/M\u00fcnchen, 09.06.2013 \u2013 Im Rahmen seiner Partner Academy 2013 hat NetApp Schweiz bei der Sauber Motorsport AG in Hinwil\u00a0einige seiner Channel Partner f\u00fcr ihr Engagement rund um das NetApp Business gek\u00fcrt.\u00a0Der Hersteller honoriert mit den Auszeichnungen den Verkaufserfolg, den die Partner mit Storage- und Datenmanagement-L\u00f6sungen von Netapp im Gesch\u00e4ftsjahr 2013 verzeichneten, das im April &hellip;\" \/>\n<meta property=\"og:url\" content=\"https:\/\/www.allgeier.com\/de\/pressroom\/archives\/2013-2\/09062013-2\/\" \/>\n<meta property=\"og:site_name\" content=\"Allgeier SE\" \/>\n<meta property=\"article:modified_time\" content=\"2025-02-05T20:21:30+00:00\" \/>\n<meta property=\"og:image\" content=\"https:\/\/www.allgeier.com\/de\/wp-content\/uploads\/sites\/3\/2015\/03\/NetApp_Award_2013_BSR__Partner.jpg\" \/>\n<meta name=\"twitter:card\" content=\"summary_large_image\" \/>\n<meta name=\"twitter:label1\" content=\"Gesch\u00e4tzte Lesezeit\" \/>\n\t<meta name=\"twitter:data1\" content=\"2\u00a0Minuten\" \/>\n<script type=\"application\/ld+json\" class=\"yoast-schema-graph\">{\"@context\":\"https:\\\/\\\/schema.org\",\"@graph\":[{\"@type\":\"WebPage\",\"@id\":\"https:\\\/\\\/www.allgeier.com\\\/de\\\/pressroom\\\/archives\\\/2013-2\\\/09062013-2\\\/\",\"url\":\"https:\\\/\\\/www.allgeier.com\\\/de\\\/pressroom\\\/archives\\\/2013-2\\\/09062013-2\\\/\",\"name\":\"09062013 - Allgeier SE\",\"isPartOf\":{\"@id\":\"https:\\\/\\\/www.allgeier.com\\\/de\\\/#website\"},\"primaryImageOfPage\":{\"@id\":\"https:\\\/\\\/www.allgeier.com\\\/de\\\/pressroom\\\/archives\\\/2013-2\\\/09062013-2\\\/#primaryimage\"},\"image\":{\"@id\":\"https:\\\/\\\/www.allgeier.com\\\/de\\\/pressroom\\\/archives\\\/2013-2\\\/09062013-2\\\/#primaryimage\"},\"thumbnailUrl\":\"https:\\\/\\\/www.allgeier.com\\\/de\\\/wp-content\\\/uploads\\\/sites\\\/3\\\/2015\\\/03\\\/NetApp_Award_2013_BSR__Partner.jpg\",\"datePublished\":\"2013-06-09T12:50:32+00:00\",\"dateModified\":\"2025-02-05T20:21:30+00:00\",\"breadcrumb\":{\"@id\":\"https:\\\/\\\/www.allgeier.com\\\/de\\\/pressroom\\\/archives\\\/2013-2\\\/09062013-2\\\/#breadcrumb\"},\"inLanguage\":\"de\",\"potentialAction\":[{\"@type\":\"ReadAction\",\"target\":[\"https:\\\/\\\/www.allgeier.com\\\/de\\\/pressroom\\\/archives\\\/2013-2\\\/09062013-2\\\/\"]}]},{\"@type\":\"ImageObject\",\"inLanguage\":\"de\",\"@id\":\"https:\\\/\\\/www.allgeier.com\\\/de\\\/pressroom\\\/archives\\\/2013-2\\\/09062013-2\\\/#primaryimage\",\"url\":\"https:\\\/\\\/www.allgeier.com\\\/de\\\/wp-content\\\/uploads\\\/sites\\\/3\\\/2015\\\/03\\\/NetApp_Award_2013_BSR__Partner.jpg\",\"contentUrl\":\"https:\\\/\\\/www.allgeier.com\\\/de\\\/wp-content\\\/uploads\\\/sites\\\/3\\\/2015\\\/03\\\/NetApp_Award_2013_BSR__Partner.jpg\",\"width\":800,\"height\":533},{\"@type\":\"BreadcrumbList\",\"@id\":\"https:\\\/\\\/www.allgeier.com\\\/de\\\/pressroom\\\/archives\\\/2013-2\\\/09062013-2\\\/#breadcrumb\",\"itemListElement\":[{\"@type\":\"ListItem\",\"position\":1,\"name\":\"Home\",\"item\":\"https:\\\/\\\/www.allgeier.com\\\/de\\\/\"},{\"@type\":\"ListItem\",\"position\":2,\"name\":\"Presse\",\"item\":\"https:\\\/\\\/www.allgeier.com\\\/de\\\/pressroom\\\/\"},{\"@type\":\"ListItem\",\"position\":3,\"name\":\"Presse-Archiv\",\"item\":\"https:\\\/\\\/www.allgeier.com\\\/de\\\/pressroom\\\/archives\\\/\"},{\"@type\":\"ListItem\",\"position\":4,\"name\":\"2013\",\"item\":\"https:\\\/\\\/www.allgeier.com\\\/de\\\/pressroom\\\/archives\\\/2013-2\\\/\"},{\"@type\":\"ListItem\",\"position\":5,\"name\":\"09062013\"}]},{\"@type\":\"WebSite\",\"@id\":\"https:\\\/\\\/www.allgeier.com\\\/de\\\/#website\",\"url\":\"https:\\\/\\\/www.allgeier.com\\\/de\\\/\",\"name\":\"Allgeier SE\",\"description\":\"Software &amp; IT Services for digital transformation\",\"potentialAction\":[{\"@type\":\"SearchAction\",\"target\":{\"@type\":\"EntryPoint\",\"urlTemplate\":\"https:\\\/\\\/www.allgeier.com\\\/de\\\/?s={search_term_string}\"},\"query-input\":{\"@type\":\"PropertyValueSpecification\",\"valueRequired\":true,\"valueName\":\"search_term_string\"}}],\"inLanguage\":\"de\"}]}<\/script>\n<!-- \/ Yoast SEO plugin. -->","yoast_head_json":{"title":"09062013 - Allgeier SE","robots":{"index":"index","follow":"follow","max-snippet":"max-snippet:-1","max-image-preview":"max-image-preview:large","max-video-preview":"max-video-preview:-1"},"canonical":"https:\/\/www.allgeier.com\/de\/pressroom\/archives\/2013-2\/09062013-2\/","og_locale":"de_DE","og_type":"article","og_title":"09062013 - Allgeier SE","og_description":"H\u00fcnenberg (CH)\/M\u00fcnchen, 09.06.2013 \u2013 Im Rahmen seiner Partner Academy 2013 hat NetApp Schweiz bei der Sauber Motorsport AG in Hinwil\u00a0einige seiner Channel Partner f\u00fcr ihr Engagement rund um das NetApp Business gek\u00fcrt.\u00a0Der Hersteller honoriert mit den Auszeichnungen den Verkaufserfolg, den die Partner mit Storage- und Datenmanagement-L\u00f6sungen von Netapp im Gesch\u00e4ftsjahr 2013 verzeichneten, das im April &hellip;","og_url":"https:\/\/www.allgeier.com\/de\/pressroom\/archives\/2013-2\/09062013-2\/","og_site_name":"Allgeier SE","article_modified_time":"2025-02-05T20:21:30+00:00","og_image":[{"url":"https:\/\/www.allgeier.com\/de\/wp-content\/uploads\/sites\/3\/2015\/03\/NetApp_Award_2013_BSR__Partner.jpg","type":"","width":"","height":""}],"twitter_card":"summary_large_image","twitter_misc":{"Gesch\u00e4tzte Lesezeit":"2\u00a0Minuten"},"schema":{"@context":"https:\/\/schema.org","@graph":[{"@type":"WebPage","@id":"https:\/\/www.allgeier.com\/de\/pressroom\/archives\/2013-2\/09062013-2\/","url":"https:\/\/www.allgeier.com\/de\/pressroom\/archives\/2013-2\/09062013-2\/","name":"09062013 - Allgeier SE","isPartOf":{"@id":"https:\/\/www.allgeier.com\/de\/#website"},"primaryImageOfPage":{"@id":"https:\/\/www.allgeier.com\/de\/pressroom\/archives\/2013-2\/09062013-2\/#primaryimage"},"image":{"@id":"https:\/\/www.allgeier.com\/de\/pressroom\/archives\/2013-2\/09062013-2\/#primaryimage"},"thumbnailUrl":"https:\/\/www.allgeier.com\/de\/wp-content\/uploads\/sites\/3\/2015\/03\/NetApp_Award_2013_BSR__Partner.jpg","datePublished":"2013-06-09T12:50:32+00:00","dateModified":"2025-02-05T20:21:30+00:00","breadcrumb":{"@id":"https:\/\/www.allgeier.com\/de\/pressroom\/archives\/2013-2\/09062013-2\/#breadcrumb"},"inLanguage":"de","potentialAction":[{"@type":"ReadAction","target":["https:\/\/www.allgeier.com\/de\/pressroom\/archives\/2013-2\/09062013-2\/"]}]},{"@type":"ImageObject","inLanguage":"de","@id":"https:\/\/www.allgeier.com\/de\/pressroom\/archives\/2013-2\/09062013-2\/#primaryimage","url":"https:\/\/www.allgeier.com\/de\/wp-content\/uploads\/sites\/3\/2015\/03\/NetApp_Award_2013_BSR__Partner.jpg","contentUrl":"https:\/\/www.allgeier.com\/de\/wp-content\/uploads\/sites\/3\/2015\/03\/NetApp_Award_2013_BSR__Partner.jpg","width":800,"height":533},{"@type":"BreadcrumbList","@id":"https:\/\/www.allgeier.com\/de\/pressroom\/archives\/2013-2\/09062013-2\/#breadcrumb","itemListElement":[{"@type":"ListItem","position":1,"name":"Home","item":"https:\/\/www.allgeier.com\/de\/"},{"@type":"ListItem","position":2,"name":"Presse","item":"https:\/\/www.allgeier.com\/de\/pressroom\/"},{"@type":"ListItem","position":3,"name":"Presse-Archiv","item":"https:\/\/www.allgeier.com\/de\/pressroom\/archives\/"},{"@type":"ListItem","position":4,"name":"2013","item":"https:\/\/www.allgeier.com\/de\/pressroom\/archives\/2013-2\/"},{"@type":"ListItem","position":5,"name":"09062013"}]},{"@type":"WebSite","@id":"https:\/\/www.allgeier.com\/de\/#website","url":"https:\/\/www.allgeier.com\/de\/","name":"Allgeier SE","description":"Software &amp; IT Services for digital transformation","potentialAction":[{"@type":"SearchAction","target":{"@type":"EntryPoint","urlTemplate":"https:\/\/www.allgeier.com\/de\/?s={search_term_string}"},"query-input":{"@type":"PropertyValueSpecification","valueRequired":true,"valueName":"search_term_string"}}],"inLanguage":"de"}]}},"_links":{"self":[{"href":"https:\/\/www.allgeier.com\/de\/wp-json\/wp\/v2\/pages\/1519","targetHints":{"allow":["GET"]}}],"collection":[{"href":"https:\/\/www.allgeier.com\/de\/wp-json\/wp\/v2\/pages"}],"about":[{"href":"https:\/\/www.allgeier.com\/de\/wp-json\/wp\/v2\/types\/page"}],"author":[{"embeddable":true,"href":"https:\/\/www.allgeier.com\/de\/wp-json\/wp\/v2\/users\/1"}],"replies":[{"embeddable":true,"href":"https:\/\/www.allgeier.com\/de\/wp-json\/wp\/v2\/comments?post=1519"}],"version-history":[{"count":0,"href":"https:\/\/www.allgeier.com\/de\/wp-json\/wp\/v2\/pages\/1519\/revisions"}],"up":[{"embeddable":true,"href":"https:\/\/www.allgeier.com\/de\/wp-json\/wp\/v2\/pages\/1421"}],"wp:attachment":[{"href":"https:\/\/www.allgeier.com\/de\/wp-json\/wp\/v2\/media?parent=1519"}],"wp:term":[{"taxonomy":"category","embeddable":true,"href":"https:\/\/www.allgeier.com\/de\/wp-json\/wp\/v2\/categories?post=1519"},{"taxonomy":"post_tag","embeddable":true,"href":"https:\/\/www.allgeier.com\/de\/wp-json\/wp\/v2\/tags?post=1519"}],"curies":[{"name":"wp","href":"https:\/\/api.w.org\/{rel}","templated":true}]}}