{"id":1543,"date":"2013-06-04T05:21:25","date_gmt":"2013-06-04T05:21:25","guid":{"rendered":"http:\/\/www.allgeier.com\/de\/?page_id=1543"},"modified":"2025-02-05T20:21:21","modified_gmt":"2025-02-05T20:21:21","slug":"04062013-2","status":"publish","type":"page","link":"https:\/\/www.allgeier.com\/de\/pressroom\/archives\/2013-2\/04062013-2\/","title":{"rendered":"04062013"},"content":{"rendered":"<p><i>Bremen\/M\u00fcnchen, 04.06.2013 \u2013 <\/i>Die Allgeier Company Allgeier IT Solutions hat f\u00fcr ihre Cloud-basierte ERP-L\u00f6sung cierp3\u00ae erstmalig das G\u00fctesiegel \u201eHandel\u201c vom renommierten Center for Enterprise Research verliehen bekommen.<\/p>\n<p><a href=\"http:\/\/www.allgeier-it.de\/business-solutions\/neue-loesung\">cierp3\u00ae<\/a> wurde in den Bereichen Stammdaten, CRM, Einkauf, Lager, Logistik, Verkauf, POS, Service und Reporting ausf\u00fchrlich anhand einzelner Kriterien getestet und erh\u00e4lt aufgrund der guten Ergebnisse das G\u00fctesiegel \u201eHandel\u201c. Besonders gut haben der Jury die webbasierte, moderne Oberfl\u00e4che, die sehr effektive Volltextsuche und die Vielzahl der Konfigurationsm\u00f6glichkeiten im Bereich POS gefallen.<\/p>\n<p>\u201eWir freuen uns \u00fcber die Auszeichnung\u201c, sagt Allgeier IT Solutions-Gesch\u00e4ftsf\u00fchrer Johannes H\u00e4ringslack. \u201eSie belegt unsere Kompetenzen im Handelsumfeld noch mal sehr deutlich. Viele unserer Kunden sch\u00e4tzen die Flexibilit\u00e4t und universelle Anwendbarkeit der cloudbasierten ERP-L\u00f6sung cierp3.\u201c<\/p>\n<p>Das <a href=\"http:\/\/www.enterprise-research.de\/\" target=\"_blank\">Center for Enterprise Research<\/a> vergibt das G\u00fctesiegel mit dem Branchenschwerpunkt Handel an besonders leistungsf\u00e4hige ERP-Systeme. Im Rahmen einer durchgef\u00fchrten Teststellung pr\u00fcft das Institut ERP-Systeme entlang vordefinierter Handelsspezifika. Hinsichtlich dieser Testkriterien werden Funktionen und Szenarien direkt im System abgefragt und bewertet.<br \/>\n<a title=\"cierp3 - Management with a Smile!\" href=\"http:\/\/www.allgeier-it.de\/business-solutions\/neue-loesung\" target=\"_blank\"><img decoding=\"async\" class=\"image-right\" src=\"http:\/\/www.allgeier-it.de\/bilder\/presse-news\/erpguetesiegel2013.png\/@@images\/image\/mini\" alt=\"\" \/><\/a><\/p>\n","protected":false},"excerpt":{"rendered":"<p>Bremen\/M\u00fcnchen, 04.06.2013 \u2013 Die Allgeier Company Allgeier IT Solutions hat f\u00fcr ihre Cloud-basierte ERP-L\u00f6sung cierp3\u00ae erstmalig das G\u00fctesiegel \u201eHandel\u201c vom renommierten Center for Enterprise Research verliehen bekommen. cierp3\u00ae wurde in den Bereichen Stammdaten, CRM, Einkauf, Lager, Logistik, Verkauf, POS, Service und Reporting ausf\u00fchrlich anhand einzelner Kriterien getestet und erh\u00e4lt aufgrund der guten Ergebnisse das G\u00fctesiegel &hellip; <\/p>\n","protected":false},"author":1,"featured_media":0,"parent":1421,"menu_order":0,"comment_status":"open","ping_status":"open","template":"","meta":{"_acf_changed":false,"footnotes":""},"categories":[7],"tags":[],"class_list":["post-1543","page","type-page","status-publish","hentry","category-pressemitteilungen"],"acf":[],"yoast_head":"<!-- This site is optimized with the Yoast SEO plugin v27.4 - https:\/\/yoast.com\/product\/yoast-seo-wordpress\/ -->\n<title>04062013 - Allgeier SE<\/title>\n<meta name=\"robots\" content=\"index, follow, max-snippet:-1, max-image-preview:large, max-video-preview:-1\" \/>\n<link rel=\"canonical\" href=\"https:\/\/www.allgeier.com\/de\/pressroom\/archives\/2013-2\/04062013-2\/\" \/>\n<meta property=\"og:locale\" content=\"de_DE\" \/>\n<meta property=\"og:type\" content=\"article\" \/>\n<meta property=\"og:title\" content=\"04062013 - Allgeier SE\" \/>\n<meta property=\"og:description\" content=\"Bremen\/M\u00fcnchen, 04.06.2013 \u2013 Die Allgeier Company Allgeier IT Solutions hat f\u00fcr ihre Cloud-basierte ERP-L\u00f6sung cierp3\u00ae erstmalig das G\u00fctesiegel \u201eHandel\u201c vom renommierten Center for Enterprise Research verliehen bekommen. cierp3\u00ae wurde in den Bereichen Stammdaten, CRM, Einkauf, Lager, Logistik, Verkauf, POS, Service und Reporting ausf\u00fchrlich anhand einzelner Kriterien getestet und erh\u00e4lt aufgrund der guten Ergebnisse das G\u00fctesiegel &hellip;\" \/>\n<meta property=\"og:url\" content=\"https:\/\/www.allgeier.com\/de\/pressroom\/archives\/2013-2\/04062013-2\/\" \/>\n<meta property=\"og:site_name\" content=\"Allgeier SE\" \/>\n<meta property=\"article:modified_time\" content=\"2025-02-05T20:21:21+00:00\" \/>\n<meta property=\"og:image\" content=\"http:\/\/www.allgeier-it.de\/bilder\/presse-news\/erpguetesiegel2013.png\/@@images\/image\/mini\" \/>\n<meta name=\"twitter:card\" content=\"summary_large_image\" \/>\n<meta name=\"twitter:label1\" content=\"Gesch\u00e4tzte Lesezeit\" \/>\n\t<meta name=\"twitter:data1\" content=\"2\u00a0Minuten\" \/>\n<script type=\"application\/ld+json\" class=\"yoast-schema-graph\">{\"@context\":\"https:\\\/\\\/schema.org\",\"@graph\":[{\"@type\":\"WebPage\",\"@id\":\"https:\\\/\\\/www.allgeier.com\\\/de\\\/pressroom\\\/archives\\\/2013-2\\\/04062013-2\\\/\",\"url\":\"https:\\\/\\\/www.allgeier.com\\\/de\\\/pressroom\\\/archives\\\/2013-2\\\/04062013-2\\\/\",\"name\":\"04062013 - Allgeier SE\",\"isPartOf\":{\"@id\":\"https:\\\/\\\/www.allgeier.com\\\/de\\\/#website\"},\"primaryImageOfPage\":{\"@id\":\"https:\\\/\\\/www.allgeier.com\\\/de\\\/pressroom\\\/archives\\\/2013-2\\\/04062013-2\\\/#primaryimage\"},\"image\":{\"@id\":\"https:\\\/\\\/www.allgeier.com\\\/de\\\/pressroom\\\/archives\\\/2013-2\\\/04062013-2\\\/#primaryimage\"},\"thumbnailUrl\":\"http:\\\/\\\/www.allgeier-it.de\\\/bilder\\\/presse-news\\\/erpguetesiegel2013.png\\\/@@images\\\/image\\\/mini\",\"datePublished\":\"2013-06-04T05:21:25+00:00\",\"dateModified\":\"2025-02-05T20:21:21+00:00\",\"breadcrumb\":{\"@id\":\"https:\\\/\\\/www.allgeier.com\\\/de\\\/pressroom\\\/archives\\\/2013-2\\\/04062013-2\\\/#breadcrumb\"},\"inLanguage\":\"de\",\"potentialAction\":[{\"@type\":\"ReadAction\",\"target\":[\"https:\\\/\\\/www.allgeier.com\\\/de\\\/pressroom\\\/archives\\\/2013-2\\\/04062013-2\\\/\"]}]},{\"@type\":\"ImageObject\",\"inLanguage\":\"de\",\"@id\":\"https:\\\/\\\/www.allgeier.com\\\/de\\\/pressroom\\\/archives\\\/2013-2\\\/04062013-2\\\/#primaryimage\",\"url\":\"http:\\\/\\\/www.allgeier-it.de\\\/bilder\\\/presse-news\\\/erpguetesiegel2013.png\\\/@@images\\\/image\\\/mini\",\"contentUrl\":\"http:\\\/\\\/www.allgeier-it.de\\\/bilder\\\/presse-news\\\/erpguetesiegel2013.png\\\/@@images\\\/image\\\/mini\"},{\"@type\":\"BreadcrumbList\",\"@id\":\"https:\\\/\\\/www.allgeier.com\\\/de\\\/pressroom\\\/archives\\\/2013-2\\\/04062013-2\\\/#breadcrumb\",\"itemListElement\":[{\"@type\":\"ListItem\",\"position\":1,\"name\":\"Home\",\"item\":\"https:\\\/\\\/www.allgeier.com\\\/de\\\/\"},{\"@type\":\"ListItem\",\"position\":2,\"name\":\"Presse\",\"item\":\"https:\\\/\\\/www.allgeier.com\\\/de\\\/pressroom\\\/\"},{\"@type\":\"ListItem\",\"position\":3,\"name\":\"Presse-Archiv\",\"item\":\"https:\\\/\\\/www.allgeier.com\\\/de\\\/pressroom\\\/archives\\\/\"},{\"@type\":\"ListItem\",\"position\":4,\"name\":\"2013\",\"item\":\"https:\\\/\\\/www.allgeier.com\\\/de\\\/pressroom\\\/archives\\\/2013-2\\\/\"},{\"@type\":\"ListItem\",\"position\":5,\"name\":\"04062013\"}]},{\"@type\":\"WebSite\",\"@id\":\"https:\\\/\\\/www.allgeier.com\\\/de\\\/#website\",\"url\":\"https:\\\/\\\/www.allgeier.com\\\/de\\\/\",\"name\":\"Allgeier SE\",\"description\":\"Software &amp; IT Services for digital transformation\",\"potentialAction\":[{\"@type\":\"SearchAction\",\"target\":{\"@type\":\"EntryPoint\",\"urlTemplate\":\"https:\\\/\\\/www.allgeier.com\\\/de\\\/?s={search_term_string}\"},\"query-input\":{\"@type\":\"PropertyValueSpecification\",\"valueRequired\":true,\"valueName\":\"search_term_string\"}}],\"inLanguage\":\"de\"}]}<\/script>\n<!-- \/ Yoast SEO plugin. -->","yoast_head_json":{"title":"04062013 - Allgeier SE","robots":{"index":"index","follow":"follow","max-snippet":"max-snippet:-1","max-image-preview":"max-image-preview:large","max-video-preview":"max-video-preview:-1"},"canonical":"https:\/\/www.allgeier.com\/de\/pressroom\/archives\/2013-2\/04062013-2\/","og_locale":"de_DE","og_type":"article","og_title":"04062013 - Allgeier SE","og_description":"Bremen\/M\u00fcnchen, 04.06.2013 \u2013 Die Allgeier Company Allgeier IT Solutions hat f\u00fcr ihre Cloud-basierte ERP-L\u00f6sung cierp3\u00ae erstmalig das G\u00fctesiegel \u201eHandel\u201c vom renommierten Center for Enterprise Research verliehen bekommen. cierp3\u00ae wurde in den Bereichen Stammdaten, CRM, Einkauf, Lager, Logistik, Verkauf, POS, Service und Reporting ausf\u00fchrlich anhand einzelner Kriterien getestet und erh\u00e4lt aufgrund der guten Ergebnisse das G\u00fctesiegel &hellip;","og_url":"https:\/\/www.allgeier.com\/de\/pressroom\/archives\/2013-2\/04062013-2\/","og_site_name":"Allgeier SE","article_modified_time":"2025-02-05T20:21:21+00:00","og_image":[{"url":"http:\/\/www.allgeier-it.de\/bilder\/presse-news\/erpguetesiegel2013.png\/@@images\/image\/mini","type":"","width":"","height":""}],"twitter_card":"summary_large_image","twitter_misc":{"Gesch\u00e4tzte Lesezeit":"2\u00a0Minuten"},"schema":{"@context":"https:\/\/schema.org","@graph":[{"@type":"WebPage","@id":"https:\/\/www.allgeier.com\/de\/pressroom\/archives\/2013-2\/04062013-2\/","url":"https:\/\/www.allgeier.com\/de\/pressroom\/archives\/2013-2\/04062013-2\/","name":"04062013 - Allgeier SE","isPartOf":{"@id":"https:\/\/www.allgeier.com\/de\/#website"},"primaryImageOfPage":{"@id":"https:\/\/www.allgeier.com\/de\/pressroom\/archives\/2013-2\/04062013-2\/#primaryimage"},"image":{"@id":"https:\/\/www.allgeier.com\/de\/pressroom\/archives\/2013-2\/04062013-2\/#primaryimage"},"thumbnailUrl":"http:\/\/www.allgeier-it.de\/bilder\/presse-news\/erpguetesiegel2013.png\/@@images\/image\/mini","datePublished":"2013-06-04T05:21:25+00:00","dateModified":"2025-02-05T20:21:21+00:00","breadcrumb":{"@id":"https:\/\/www.allgeier.com\/de\/pressroom\/archives\/2013-2\/04062013-2\/#breadcrumb"},"inLanguage":"de","potentialAction":[{"@type":"ReadAction","target":["https:\/\/www.allgeier.com\/de\/pressroom\/archives\/2013-2\/04062013-2\/"]}]},{"@type":"ImageObject","inLanguage":"de","@id":"https:\/\/www.allgeier.com\/de\/pressroom\/archives\/2013-2\/04062013-2\/#primaryimage","url":"http:\/\/www.allgeier-it.de\/bilder\/presse-news\/erpguetesiegel2013.png\/@@images\/image\/mini","contentUrl":"http:\/\/www.allgeier-it.de\/bilder\/presse-news\/erpguetesiegel2013.png\/@@images\/image\/mini"},{"@type":"BreadcrumbList","@id":"https:\/\/www.allgeier.com\/de\/pressroom\/archives\/2013-2\/04062013-2\/#breadcrumb","itemListElement":[{"@type":"ListItem","position":1,"name":"Home","item":"https:\/\/www.allgeier.com\/de\/"},{"@type":"ListItem","position":2,"name":"Presse","item":"https:\/\/www.allgeier.com\/de\/pressroom\/"},{"@type":"ListItem","position":3,"name":"Presse-Archiv","item":"https:\/\/www.allgeier.com\/de\/pressroom\/archives\/"},{"@type":"ListItem","position":4,"name":"2013","item":"https:\/\/www.allgeier.com\/de\/pressroom\/archives\/2013-2\/"},{"@type":"ListItem","position":5,"name":"04062013"}]},{"@type":"WebSite","@id":"https:\/\/www.allgeier.com\/de\/#website","url":"https:\/\/www.allgeier.com\/de\/","name":"Allgeier SE","description":"Software &amp; IT Services for digital transformation","potentialAction":[{"@type":"SearchAction","target":{"@type":"EntryPoint","urlTemplate":"https:\/\/www.allgeier.com\/de\/?s={search_term_string}"},"query-input":{"@type":"PropertyValueSpecification","valueRequired":true,"valueName":"search_term_string"}}],"inLanguage":"de"}]}},"_links":{"self":[{"href":"https:\/\/www.allgeier.com\/de\/wp-json\/wp\/v2\/pages\/1543","targetHints":{"allow":["GET"]}}],"collection":[{"href":"https:\/\/www.allgeier.com\/de\/wp-json\/wp\/v2\/pages"}],"about":[{"href":"https:\/\/www.allgeier.com\/de\/wp-json\/wp\/v2\/types\/page"}],"author":[{"embeddable":true,"href":"https:\/\/www.allgeier.com\/de\/wp-json\/wp\/v2\/users\/1"}],"replies":[{"embeddable":true,"href":"https:\/\/www.allgeier.com\/de\/wp-json\/wp\/v2\/comments?post=1543"}],"version-history":[{"count":0,"href":"https:\/\/www.allgeier.com\/de\/wp-json\/wp\/v2\/pages\/1543\/revisions"}],"up":[{"embeddable":true,"href":"https:\/\/www.allgeier.com\/de\/wp-json\/wp\/v2\/pages\/1421"}],"wp:attachment":[{"href":"https:\/\/www.allgeier.com\/de\/wp-json\/wp\/v2\/media?parent=1543"}],"wp:term":[{"taxonomy":"category","embeddable":true,"href":"https:\/\/www.allgeier.com\/de\/wp-json\/wp\/v2\/categories?post=1543"},{"taxonomy":"post_tag","embeddable":true,"href":"https:\/\/www.allgeier.com\/de\/wp-json\/wp\/v2\/tags?post=1543"}],"curies":[{"name":"wp","href":"https:\/\/api.w.org\/{rel}","templated":true}]}}