{"id":1556,"date":"2013-01-23T05:35:12","date_gmt":"2013-01-23T05:35:12","guid":{"rendered":"http:\/\/www.allgeier.com\/de\/?page_id=1556"},"modified":"2025-02-05T20:23:04","modified_gmt":"2025-02-05T20:23:04","slug":"23012013-2","status":"publish","type":"page","link":"https:\/\/www.allgeier.com\/de\/pressroom\/archives\/2013-2\/23012013-2\/","title":{"rendered":"23012013"},"content":{"rendered":"<p>M\u00fcnchen, 23.01.2013 &#8211; Nach mehrj\u00e4hriger erfolgreicher Zusammenarbeit in Kundenprojekten bildet das Team von Software &#038; Friends mit mehr als 25 exzellenten Software-Ingenieuren den stabilen Grundstock f\u00fcr den neuen, auf Wachstum angelegten Standort Leipzig der mgm technology partners GmbH.<\/p>\n<p>\u201eFront End-Kompetenz wird f\u00fcr unsere Kunden im Online-Gesch\u00e4ft, aber auch f\u00fcr innovative Verwaltungssysteme immer wichtiger. Unsere neuen Kolleginnen und Kollegen in Leipzig bringen dazu viel Erfahrung in unsere Gruppe ein\u201c, erl\u00e4utert Hamarz Mehmanesh, CEO und Gr\u00fcnder von mgm technology partners, den strategischen Wert der Integration.<\/p>\n<p>www.mgm-tp.com<\/p>\n","protected":false},"excerpt":{"rendered":"<p>M\u00fcnchen, 23.01.2013 &#8211; Nach mehrj\u00e4hriger erfolgreicher Zusammenarbeit in Kundenprojekten bildet das Team von Software &#038; Friends mit mehr als 25 exzellenten Software-Ingenieuren den stabilen Grundstock f\u00fcr den neuen, auf Wachstum angelegten Standort Leipzig der mgm technology partners GmbH. \u201eFront End-Kompetenz wird f\u00fcr unsere Kunden im Online-Gesch\u00e4ft, aber auch f\u00fcr innovative Verwaltungssysteme immer wichtiger. Unsere neuen &hellip; <\/p>\n","protected":false},"author":1,"featured_media":0,"parent":1421,"menu_order":0,"comment_status":"open","ping_status":"open","template":"","meta":{"_acf_changed":false,"footnotes":""},"categories":[7],"tags":[],"class_list":["post-1556","page","type-page","status-publish","hentry","category-pressemitteilungen"],"acf":[],"yoast_head":"<!-- This site is optimized with the Yoast SEO plugin v27.3 - https:\/\/yoast.com\/product\/yoast-seo-wordpress\/ -->\n<title>23012013 - Allgeier SE<\/title>\n<meta name=\"robots\" content=\"index, follow, max-snippet:-1, max-image-preview:large, max-video-preview:-1\" \/>\n<link rel=\"canonical\" href=\"https:\/\/www.allgeier.com\/de\/pressroom\/archives\/2013-2\/23012013-2\/\" \/>\n<meta property=\"og:locale\" content=\"de_DE\" \/>\n<meta property=\"og:type\" content=\"article\" \/>\n<meta property=\"og:title\" content=\"23012013 - Allgeier SE\" \/>\n<meta property=\"og:description\" content=\"M\u00fcnchen, 23.01.2013 &#8211; Nach mehrj\u00e4hriger erfolgreicher Zusammenarbeit in Kundenprojekten bildet das Team von Software &#038; Friends mit mehr als 25 exzellenten Software-Ingenieuren den stabilen Grundstock f\u00fcr den neuen, auf Wachstum angelegten Standort Leipzig der mgm technology partners GmbH. \u201eFront End-Kompetenz wird f\u00fcr unsere Kunden im Online-Gesch\u00e4ft, aber auch f\u00fcr innovative Verwaltungssysteme immer wichtiger. Unsere neuen &hellip;\" \/>\n<meta property=\"og:url\" content=\"https:\/\/www.allgeier.com\/de\/pressroom\/archives\/2013-2\/23012013-2\/\" \/>\n<meta property=\"og:site_name\" content=\"Allgeier SE\" \/>\n<meta property=\"article:modified_time\" content=\"2025-02-05T20:23:04+00:00\" \/>\n<meta name=\"twitter:card\" content=\"summary_large_image\" \/>\n<meta name=\"twitter:label1\" content=\"Gesch\u00e4tzte Lesezeit\" \/>\n\t<meta name=\"twitter:data1\" content=\"1\u00a0Minute\" \/>\n<script type=\"application\/ld+json\" class=\"yoast-schema-graph\">{\"@context\":\"https:\\\/\\\/schema.org\",\"@graph\":[{\"@type\":\"WebPage\",\"@id\":\"https:\\\/\\\/www.allgeier.com\\\/de\\\/pressroom\\\/archives\\\/2013-2\\\/23012013-2\\\/\",\"url\":\"https:\\\/\\\/www.allgeier.com\\\/de\\\/pressroom\\\/archives\\\/2013-2\\\/23012013-2\\\/\",\"name\":\"23012013 - Allgeier SE\",\"isPartOf\":{\"@id\":\"https:\\\/\\\/www.allgeier.com\\\/de\\\/#website\"},\"datePublished\":\"2013-01-23T05:35:12+00:00\",\"dateModified\":\"2025-02-05T20:23:04+00:00\",\"breadcrumb\":{\"@id\":\"https:\\\/\\\/www.allgeier.com\\\/de\\\/pressroom\\\/archives\\\/2013-2\\\/23012013-2\\\/#breadcrumb\"},\"inLanguage\":\"de\",\"potentialAction\":[{\"@type\":\"ReadAction\",\"target\":[\"https:\\\/\\\/www.allgeier.com\\\/de\\\/pressroom\\\/archives\\\/2013-2\\\/23012013-2\\\/\"]}]},{\"@type\":\"BreadcrumbList\",\"@id\":\"https:\\\/\\\/www.allgeier.com\\\/de\\\/pressroom\\\/archives\\\/2013-2\\\/23012013-2\\\/#breadcrumb\",\"itemListElement\":[{\"@type\":\"ListItem\",\"position\":1,\"name\":\"Home\",\"item\":\"https:\\\/\\\/www.allgeier.com\\\/de\\\/\"},{\"@type\":\"ListItem\",\"position\":2,\"name\":\"Presse\",\"item\":\"https:\\\/\\\/www.allgeier.com\\\/de\\\/pressroom\\\/\"},{\"@type\":\"ListItem\",\"position\":3,\"name\":\"Presse-Archiv\",\"item\":\"https:\\\/\\\/www.allgeier.com\\\/de\\\/pressroom\\\/archives\\\/\"},{\"@type\":\"ListItem\",\"position\":4,\"name\":\"2013\",\"item\":\"https:\\\/\\\/www.allgeier.com\\\/de\\\/pressroom\\\/archives\\\/2013-2\\\/\"},{\"@type\":\"ListItem\",\"position\":5,\"name\":\"23012013\"}]},{\"@type\":\"WebSite\",\"@id\":\"https:\\\/\\\/www.allgeier.com\\\/de\\\/#website\",\"url\":\"https:\\\/\\\/www.allgeier.com\\\/de\\\/\",\"name\":\"Allgeier SE\",\"description\":\"Software &amp; IT Services for digital transformation\",\"potentialAction\":[{\"@type\":\"SearchAction\",\"target\":{\"@type\":\"EntryPoint\",\"urlTemplate\":\"https:\\\/\\\/www.allgeier.com\\\/de\\\/?s={search_term_string}\"},\"query-input\":{\"@type\":\"PropertyValueSpecification\",\"valueRequired\":true,\"valueName\":\"search_term_string\"}}],\"inLanguage\":\"de\"}]}<\/script>\n<!-- \/ Yoast SEO plugin. -->","yoast_head_json":{"title":"23012013 - Allgeier SE","robots":{"index":"index","follow":"follow","max-snippet":"max-snippet:-1","max-image-preview":"max-image-preview:large","max-video-preview":"max-video-preview:-1"},"canonical":"https:\/\/www.allgeier.com\/de\/pressroom\/archives\/2013-2\/23012013-2\/","og_locale":"de_DE","og_type":"article","og_title":"23012013 - Allgeier SE","og_description":"M\u00fcnchen, 23.01.2013 &#8211; Nach mehrj\u00e4hriger erfolgreicher Zusammenarbeit in Kundenprojekten bildet das Team von Software &#038; Friends mit mehr als 25 exzellenten Software-Ingenieuren den stabilen Grundstock f\u00fcr den neuen, auf Wachstum angelegten Standort Leipzig der mgm technology partners GmbH. \u201eFront End-Kompetenz wird f\u00fcr unsere Kunden im Online-Gesch\u00e4ft, aber auch f\u00fcr innovative Verwaltungssysteme immer wichtiger. Unsere neuen &hellip;","og_url":"https:\/\/www.allgeier.com\/de\/pressroom\/archives\/2013-2\/23012013-2\/","og_site_name":"Allgeier SE","article_modified_time":"2025-02-05T20:23:04+00:00","twitter_card":"summary_large_image","twitter_misc":{"Gesch\u00e4tzte Lesezeit":"1\u00a0Minute"},"schema":{"@context":"https:\/\/schema.org","@graph":[{"@type":"WebPage","@id":"https:\/\/www.allgeier.com\/de\/pressroom\/archives\/2013-2\/23012013-2\/","url":"https:\/\/www.allgeier.com\/de\/pressroom\/archives\/2013-2\/23012013-2\/","name":"23012013 - Allgeier SE","isPartOf":{"@id":"https:\/\/www.allgeier.com\/de\/#website"},"datePublished":"2013-01-23T05:35:12+00:00","dateModified":"2025-02-05T20:23:04+00:00","breadcrumb":{"@id":"https:\/\/www.allgeier.com\/de\/pressroom\/archives\/2013-2\/23012013-2\/#breadcrumb"},"inLanguage":"de","potentialAction":[{"@type":"ReadAction","target":["https:\/\/www.allgeier.com\/de\/pressroom\/archives\/2013-2\/23012013-2\/"]}]},{"@type":"BreadcrumbList","@id":"https:\/\/www.allgeier.com\/de\/pressroom\/archives\/2013-2\/23012013-2\/#breadcrumb","itemListElement":[{"@type":"ListItem","position":1,"name":"Home","item":"https:\/\/www.allgeier.com\/de\/"},{"@type":"ListItem","position":2,"name":"Presse","item":"https:\/\/www.allgeier.com\/de\/pressroom\/"},{"@type":"ListItem","position":3,"name":"Presse-Archiv","item":"https:\/\/www.allgeier.com\/de\/pressroom\/archives\/"},{"@type":"ListItem","position":4,"name":"2013","item":"https:\/\/www.allgeier.com\/de\/pressroom\/archives\/2013-2\/"},{"@type":"ListItem","position":5,"name":"23012013"}]},{"@type":"WebSite","@id":"https:\/\/www.allgeier.com\/de\/#website","url":"https:\/\/www.allgeier.com\/de\/","name":"Allgeier SE","description":"Software &amp; IT Services for digital transformation","potentialAction":[{"@type":"SearchAction","target":{"@type":"EntryPoint","urlTemplate":"https:\/\/www.allgeier.com\/de\/?s={search_term_string}"},"query-input":{"@type":"PropertyValueSpecification","valueRequired":true,"valueName":"search_term_string"}}],"inLanguage":"de"}]}},"_links":{"self":[{"href":"https:\/\/www.allgeier.com\/de\/wp-json\/wp\/v2\/pages\/1556","targetHints":{"allow":["GET"]}}],"collection":[{"href":"https:\/\/www.allgeier.com\/de\/wp-json\/wp\/v2\/pages"}],"about":[{"href":"https:\/\/www.allgeier.com\/de\/wp-json\/wp\/v2\/types\/page"}],"author":[{"embeddable":true,"href":"https:\/\/www.allgeier.com\/de\/wp-json\/wp\/v2\/users\/1"}],"replies":[{"embeddable":true,"href":"https:\/\/www.allgeier.com\/de\/wp-json\/wp\/v2\/comments?post=1556"}],"version-history":[{"count":0,"href":"https:\/\/www.allgeier.com\/de\/wp-json\/wp\/v2\/pages\/1556\/revisions"}],"up":[{"embeddable":true,"href":"https:\/\/www.allgeier.com\/de\/wp-json\/wp\/v2\/pages\/1421"}],"wp:attachment":[{"href":"https:\/\/www.allgeier.com\/de\/wp-json\/wp\/v2\/media?parent=1556"}],"wp:term":[{"taxonomy":"category","embeddable":true,"href":"https:\/\/www.allgeier.com\/de\/wp-json\/wp\/v2\/categories?post=1556"},{"taxonomy":"post_tag","embeddable":true,"href":"https:\/\/www.allgeier.com\/de\/wp-json\/wp\/v2\/tags?post=1556"}],"curies":[{"name":"wp","href":"https:\/\/api.w.org\/{rel}","templated":true}]}}