{"id":1637,"date":"2012-10-08T06:15:04","date_gmt":"2012-10-08T06:15:04","guid":{"rendered":"http:\/\/www.allgeier.com\/de\/?page_id=1637"},"modified":"2025-02-05T20:15:03","modified_gmt":"2025-02-05T20:15:03","slug":"08102012-2","status":"publish","type":"page","link":"https:\/\/www.allgeier.com\/de\/pressroom\/archives\/2012-2\/08102012-2\/","title":{"rendered":"08102012"},"content":{"rendered":"<p>Innsbruck, 8. Oktober 2012 &#8211; Mit der Implementierung von Infor M3 will HERMES die IT Landschaft, die derzeit durch heterogene Softwareinstallationen gepr\u00e4gt ist, vereinheitlichen und modernisieren. Mit der Einf\u00fchrung von Infor M3 beauftragt HERMES das Softwarehaus terna.<\/p>\n<p>Nach einem gro\u00df angelegten ERP Auswahlverfahren hat sich die HERMES Gruppe f\u00fcr die unternehmensweite Einf\u00fchrung der ERP L\u00f6sung Infor M3 entschieden. Die Softwareumstellung betrifft sowohl die Zentrale in Gro\u00dfhesselohe (bei M\u00fcnchen), die beiden Produktionswerke in Wolfratshausen und Wolfsberg sowie den Standort in Wien. Neben den umfangreichen Funktionalit\u00e4ten von Infor M3 hat HERMES vor allem die ergonomisch exzellente Benutzeroberfl\u00e4che M3 Smart Office \u00fcberzeugt.<\/p>\n<p>\u201eDie Investition in ein neues ERP System soll die Gesch\u00e4ftsprozesse transparenter machen und an allen Standorten vereinheitlichen. Sie soll die Reaktionsschnelligkeit und Effizienz &#8211; die Erfolgsfaktoren der Hermes-Gruppe &#8211;  optimieren und der voranschreitenden Internationalisierung unserer Kunden Rechnung tragen\u201c, betont Holger Dietel &#8211; Gesch\u00e4ftsf\u00fchrer von HERMES &#8211; seine Erwartungen an das neue ERP System.<\/p>\n<p>Derzeit stellt HERMES in Wolfratshausen und Wolfsberg unterschiedliche Produkte &#8211; u.a. auch Lohnherstellungsware &#8211; in unterschiedlichen Darreichungsformen her. Im Zuge des ERP Projektes will HERMES eine m\u00f6glichst weitgehende Prozessharmonisierung zwischen den beiden Produktionsstandorten erreichen.<\/p>\n<p>Neben den Standardmodulen von Infor M3 f\u00fcr die Bereiche Finanzmanagement, Produktion, Produktdatenmanagement, Logistik, Planung, Beschaffung und Vertrieb ist auch die Einf\u00fchrung von Infor M3 Zusatzmodulen geplant, u.a. f\u00fcr Dokumentenarchivierung und Prozessautomatisierung.<\/p>\n<p>HERMES misst dem ERP Projekt &#8211; genannt \u201eNESY\u201c (=Neues ERP-System) &#8211; eine zentrale Bedeutung bei. Projektverantwortliche werden w\u00e4hrend der gesamten Laufzeit bis zu 80% vom Tagesgesch\u00e4ft freigestellt. In dem eigens errichteten Projekt-Geb\u00e4ude \u201eNESY-CITY\u201c soll das HERMES-terna-Projektteam losgel\u00f6st vom Gesch\u00e4ftsalltag und unter optimalen Bedingungen am Fortschritt des ERP Projektes arbeiten. Damit steuert der Pharmakonzern auf einen ERP Echtstart \u201eohne Nebenwirkungen\u201c zu, den HERMES f\u00fcr Anfang Q2 2014 ins Auge fasst. Im Anschluss plant HERMES die Einf\u00fchrung von Infor M3 in der Bad Heilbrunner Naturheilmittel GmbH &#038; Co. KG, die ebenfalls Teil der HERMES Gruppe ist.<\/p>\n<p>HERMES Gruppe<\/p>\n<p>Die Unternehmen der HERMES Gruppe (HERMES ARZNEIMITTEL GmbH, HERMES PHARMA GES.M.B.H., BAD HEILBRUNNER Naturheilmittel GmbH &#038; Co. KG) betreiben an den Standorten Gro\u00dfhesselohe, Wolfratshausen, Bad Heilbrunn, Wien und Wolfsberg Unternehmen der Pharma- und Gesundheitsbranche. \u00dcber 750 Mitarbeiter arbeiten f\u00fcr HERMES, davon etwa 450 in den beiden Produktionsst\u00e4tten in Wolfratshausen und Wolfsberg (\u00d6sterreich). Als Europas gr\u00f6\u00dfter Hersteller von Arznei-Brausen steht HERMES f\u00fcr h\u00f6chste technologische Kompetenz bei der Entwicklung und Herstellung von brausenden und festen l\u00f6slichen Darreichungsformen, wie z.B. Biolectra oder Cevitt.<\/p>\n<p>www.hermes-arzneimittel.com<\/p>\n<p>www.hermes-pharma.com<\/p>\n<p>terna GmbH &#8211; Zentrum f\u00fcr Business Software<\/p>\n<p>Gegr\u00fcndet im Jahr 2005 ist terna heute Teil der Allgeier SE und z\u00e4hlt zu den wichtigsten Anbietern von ERP Softwarel\u00f6sungen im deutschsprachigen Raum. Das Unternehmen mit Hauptsitz in Innsbruck besch\u00e4ftigt \u00fcber 160 Mitarbeiter an insgesamt 7 Standorten in \u00d6sterreich, Deutschland und in der Schweiz. terna bietet Full-Service rund um die Themenbereiche ERP Software und Gesch\u00e4ftsprozess Management im gehobenen Mittelstand. Die Kernkompetenzen umfassen die Implementierung von international f\u00fchrenden ERP L\u00f6sungen sowie die Analyse und Optimierung von Gesch\u00e4ftsprozessen. Mit zahlreichen Branchenl\u00f6sungen bietet terna unterschiedlichsten Unternehmen individuelle und speziell auf ihre Anforderungen angepasste Unternehmenssoftware. terna ist infor\/Lawson Platinum Channel Partner und damit auf der h\u00f6chsten Zertifizierungsstufe. terna betreut aktuell 190 erfolgreiche, meist international agierende Produktions- und Gro\u00dfhandelsunternehmen.<\/p>\n<p>www.terna.com<\/p>\n<p>Fotos d\u00fcrfen unter Angabe des Copyrights \u00a9 HERMES unentgeltlich verwendet werden.<\/p>\n<p>Diese Meldung finden Sie auch unter folgendem Link:<br \/>\nhttp:\/\/www.terna.com\/de\/unternehmen\/aktuelles\/presse-detailseite\/article\/pharma-unternehmen-plant-software-umstellung-ohne-nebenwirkungen\/<\/p>\n","protected":false},"excerpt":{"rendered":"<p>Innsbruck, 8. Oktober 2012 &#8211; Mit der Implementierung von Infor M3 will HERMES die IT Landschaft, die derzeit durch heterogene Softwareinstallationen gepr\u00e4gt ist, vereinheitlichen und modernisieren. Mit der Einf\u00fchrung von Infor M3 beauftragt HERMES das Softwarehaus terna. Nach einem gro\u00df angelegten ERP Auswahlverfahren hat sich die HERMES Gruppe f\u00fcr die unternehmensweite Einf\u00fchrung der ERP L\u00f6sung &hellip; <\/p>\n","protected":false},"author":1,"featured_media":0,"parent":1420,"menu_order":0,"comment_status":"open","ping_status":"open","template":"","meta":{"_acf_changed":false,"footnotes":""},"categories":[7],"tags":[],"class_list":["post-1637","page","type-page","status-publish","hentry","category-pressemitteilungen"],"acf":[],"yoast_head":"<!-- This site is optimized with the Yoast SEO plugin v27.4 - https:\/\/yoast.com\/product\/yoast-seo-wordpress\/ -->\n<title>08102012 - Allgeier SE<\/title>\n<meta name=\"robots\" content=\"index, follow, max-snippet:-1, max-image-preview:large, max-video-preview:-1\" \/>\n<link rel=\"canonical\" href=\"https:\/\/www.allgeier.com\/de\/pressroom\/archives\/2012-2\/08102012-2\/\" \/>\n<meta property=\"og:locale\" content=\"de_DE\" \/>\n<meta property=\"og:type\" content=\"article\" \/>\n<meta property=\"og:title\" content=\"08102012 - Allgeier SE\" \/>\n<meta property=\"og:description\" content=\"Innsbruck, 8. Oktober 2012 &#8211; Mit der Implementierung von Infor M3 will HERMES die IT Landschaft, die derzeit durch heterogene Softwareinstallationen gepr\u00e4gt ist, vereinheitlichen und modernisieren. Mit der Einf\u00fchrung von Infor M3 beauftragt HERMES das Softwarehaus terna. Nach einem gro\u00df angelegten ERP Auswahlverfahren hat sich die HERMES Gruppe f\u00fcr die unternehmensweite Einf\u00fchrung der ERP L\u00f6sung &hellip;\" \/>\n<meta property=\"og:url\" content=\"https:\/\/www.allgeier.com\/de\/pressroom\/archives\/2012-2\/08102012-2\/\" \/>\n<meta property=\"og:site_name\" content=\"Allgeier SE\" \/>\n<meta property=\"article:modified_time\" content=\"2025-02-05T20:15:03+00:00\" \/>\n<meta name=\"twitter:card\" content=\"summary_large_image\" \/>\n<meta name=\"twitter:label1\" content=\"Gesch\u00e4tzte Lesezeit\" \/>\n\t<meta name=\"twitter:data1\" content=\"3\u00a0Minuten\" \/>\n<script type=\"application\/ld+json\" class=\"yoast-schema-graph\">{\"@context\":\"https:\\\/\\\/schema.org\",\"@graph\":[{\"@type\":\"WebPage\",\"@id\":\"https:\\\/\\\/www.allgeier.com\\\/de\\\/pressroom\\\/archives\\\/2012-2\\\/08102012-2\\\/\",\"url\":\"https:\\\/\\\/www.allgeier.com\\\/de\\\/pressroom\\\/archives\\\/2012-2\\\/08102012-2\\\/\",\"name\":\"08102012 - Allgeier SE\",\"isPartOf\":{\"@id\":\"https:\\\/\\\/www.allgeier.com\\\/de\\\/#website\"},\"datePublished\":\"2012-10-08T06:15:04+00:00\",\"dateModified\":\"2025-02-05T20:15:03+00:00\",\"breadcrumb\":{\"@id\":\"https:\\\/\\\/www.allgeier.com\\\/de\\\/pressroom\\\/archives\\\/2012-2\\\/08102012-2\\\/#breadcrumb\"},\"inLanguage\":\"de\",\"potentialAction\":[{\"@type\":\"ReadAction\",\"target\":[\"https:\\\/\\\/www.allgeier.com\\\/de\\\/pressroom\\\/archives\\\/2012-2\\\/08102012-2\\\/\"]}]},{\"@type\":\"BreadcrumbList\",\"@id\":\"https:\\\/\\\/www.allgeier.com\\\/de\\\/pressroom\\\/archives\\\/2012-2\\\/08102012-2\\\/#breadcrumb\",\"itemListElement\":[{\"@type\":\"ListItem\",\"position\":1,\"name\":\"Home\",\"item\":\"https:\\\/\\\/www.allgeier.com\\\/de\\\/\"},{\"@type\":\"ListItem\",\"position\":2,\"name\":\"Presse\",\"item\":\"https:\\\/\\\/www.allgeier.com\\\/de\\\/pressroom\\\/\"},{\"@type\":\"ListItem\",\"position\":3,\"name\":\"Presse-Archiv\",\"item\":\"https:\\\/\\\/www.allgeier.com\\\/de\\\/pressroom\\\/archives\\\/\"},{\"@type\":\"ListItem\",\"position\":4,\"name\":\"2012\",\"item\":\"https:\\\/\\\/www.allgeier.com\\\/de\\\/pressroom\\\/archives\\\/2012-2\\\/\"},{\"@type\":\"ListItem\",\"position\":5,\"name\":\"08102012\"}]},{\"@type\":\"WebSite\",\"@id\":\"https:\\\/\\\/www.allgeier.com\\\/de\\\/#website\",\"url\":\"https:\\\/\\\/www.allgeier.com\\\/de\\\/\",\"name\":\"Allgeier SE\",\"description\":\"Software &amp; IT Services for digital transformation\",\"potentialAction\":[{\"@type\":\"SearchAction\",\"target\":{\"@type\":\"EntryPoint\",\"urlTemplate\":\"https:\\\/\\\/www.allgeier.com\\\/de\\\/?s={search_term_string}\"},\"query-input\":{\"@type\":\"PropertyValueSpecification\",\"valueRequired\":true,\"valueName\":\"search_term_string\"}}],\"inLanguage\":\"de\"}]}<\/script>\n<!-- \/ Yoast SEO plugin. -->","yoast_head_json":{"title":"08102012 - Allgeier SE","robots":{"index":"index","follow":"follow","max-snippet":"max-snippet:-1","max-image-preview":"max-image-preview:large","max-video-preview":"max-video-preview:-1"},"canonical":"https:\/\/www.allgeier.com\/de\/pressroom\/archives\/2012-2\/08102012-2\/","og_locale":"de_DE","og_type":"article","og_title":"08102012 - Allgeier SE","og_description":"Innsbruck, 8. Oktober 2012 &#8211; Mit der Implementierung von Infor M3 will HERMES die IT Landschaft, die derzeit durch heterogene Softwareinstallationen gepr\u00e4gt ist, vereinheitlichen und modernisieren. Mit der Einf\u00fchrung von Infor M3 beauftragt HERMES das Softwarehaus terna. Nach einem gro\u00df angelegten ERP Auswahlverfahren hat sich die HERMES Gruppe f\u00fcr die unternehmensweite Einf\u00fchrung der ERP L\u00f6sung &hellip;","og_url":"https:\/\/www.allgeier.com\/de\/pressroom\/archives\/2012-2\/08102012-2\/","og_site_name":"Allgeier SE","article_modified_time":"2025-02-05T20:15:03+00:00","twitter_card":"summary_large_image","twitter_misc":{"Gesch\u00e4tzte Lesezeit":"3\u00a0Minuten"},"schema":{"@context":"https:\/\/schema.org","@graph":[{"@type":"WebPage","@id":"https:\/\/www.allgeier.com\/de\/pressroom\/archives\/2012-2\/08102012-2\/","url":"https:\/\/www.allgeier.com\/de\/pressroom\/archives\/2012-2\/08102012-2\/","name":"08102012 - Allgeier SE","isPartOf":{"@id":"https:\/\/www.allgeier.com\/de\/#website"},"datePublished":"2012-10-08T06:15:04+00:00","dateModified":"2025-02-05T20:15:03+00:00","breadcrumb":{"@id":"https:\/\/www.allgeier.com\/de\/pressroom\/archives\/2012-2\/08102012-2\/#breadcrumb"},"inLanguage":"de","potentialAction":[{"@type":"ReadAction","target":["https:\/\/www.allgeier.com\/de\/pressroom\/archives\/2012-2\/08102012-2\/"]}]},{"@type":"BreadcrumbList","@id":"https:\/\/www.allgeier.com\/de\/pressroom\/archives\/2012-2\/08102012-2\/#breadcrumb","itemListElement":[{"@type":"ListItem","position":1,"name":"Home","item":"https:\/\/www.allgeier.com\/de\/"},{"@type":"ListItem","position":2,"name":"Presse","item":"https:\/\/www.allgeier.com\/de\/pressroom\/"},{"@type":"ListItem","position":3,"name":"Presse-Archiv","item":"https:\/\/www.allgeier.com\/de\/pressroom\/archives\/"},{"@type":"ListItem","position":4,"name":"2012","item":"https:\/\/www.allgeier.com\/de\/pressroom\/archives\/2012-2\/"},{"@type":"ListItem","position":5,"name":"08102012"}]},{"@type":"WebSite","@id":"https:\/\/www.allgeier.com\/de\/#website","url":"https:\/\/www.allgeier.com\/de\/","name":"Allgeier SE","description":"Software &amp; IT Services for digital transformation","potentialAction":[{"@type":"SearchAction","target":{"@type":"EntryPoint","urlTemplate":"https:\/\/www.allgeier.com\/de\/?s={search_term_string}"},"query-input":{"@type":"PropertyValueSpecification","valueRequired":true,"valueName":"search_term_string"}}],"inLanguage":"de"}]}},"_links":{"self":[{"href":"https:\/\/www.allgeier.com\/de\/wp-json\/wp\/v2\/pages\/1637","targetHints":{"allow":["GET"]}}],"collection":[{"href":"https:\/\/www.allgeier.com\/de\/wp-json\/wp\/v2\/pages"}],"about":[{"href":"https:\/\/www.allgeier.com\/de\/wp-json\/wp\/v2\/types\/page"}],"author":[{"embeddable":true,"href":"https:\/\/www.allgeier.com\/de\/wp-json\/wp\/v2\/users\/1"}],"replies":[{"embeddable":true,"href":"https:\/\/www.allgeier.com\/de\/wp-json\/wp\/v2\/comments?post=1637"}],"version-history":[{"count":0,"href":"https:\/\/www.allgeier.com\/de\/wp-json\/wp\/v2\/pages\/1637\/revisions"}],"up":[{"embeddable":true,"href":"https:\/\/www.allgeier.com\/de\/wp-json\/wp\/v2\/pages\/1420"}],"wp:attachment":[{"href":"https:\/\/www.allgeier.com\/de\/wp-json\/wp\/v2\/media?parent=1637"}],"wp:term":[{"taxonomy":"category","embeddable":true,"href":"https:\/\/www.allgeier.com\/de\/wp-json\/wp\/v2\/categories?post=1637"},{"taxonomy":"post_tag","embeddable":true,"href":"https:\/\/www.allgeier.com\/de\/wp-json\/wp\/v2\/tags?post=1637"}],"curies":[{"name":"wp","href":"https:\/\/api.w.org\/{rel}","templated":true}]}}