{"id":1741,"date":"2024-11-20T08:31:28","date_gmt":"2024-11-20T08:31:28","guid":{"rendered":"http:\/\/www.allgeier.com\/de\/?page_id=1741"},"modified":"2026-03-20T11:40:41","modified_gmt":"2026-03-20T11:40:41","slug":"declaration-of-compliance","status":"publish","type":"page","link":"https:\/\/www.allgeier.com\/de\/investor-relations\/corporate-governance\/declaration-of-compliance\/","title":{"rendered":"Entsprechenserkl\u00e4rung"},"content":{"rendered":"<p><span style=\"text-decoration: underline;\">Aktuelle Entsprechenserkl\u00e4rung<\/span><\/p>\n<p><a title=\"Allgeier SE Entsprechenserkl\u00e4rung 2025\" href=\"https:\/\/www.allgeier.com\/de\/wp-content\/uploads\/sites\/3\/2026\/03\/Allgeier-SE_Entsprechenserklaerung-2025.pdf\" target=\"_blank\" rel=\"noopener noreferrer\">Hier finden Sie die aktuelle Entsprechenserkl\u00e4rung von Vorstand und Aufsichtsrat der Allgeier SE gem\u00e4\u00df \u00a7 161 AktG zum Deutschen Corporate Governance Kodex<\/a>\u00a0(pdf, 0,1 MB)<\/p>\n<p><span style=\"text-decoration: underline;\">Entsprechenserkl\u00e4rungen der vergangenen f\u00fcnf Jahre:<\/span><\/p>\n<p><a title=\"Allgeier SE Entsprechenserkl\u00e4rung 2024\" href=\"https:\/\/www.allgeier.com\/de\/wp-content\/uploads\/sites\/3\/2024\/11\/Allgeier-SE_2024_Entsprechenserklaerung_fin.pdf\" target=\"_blank\" rel=\"noopener noreferrer\">2024<\/a><\/p>\n<p><a title=\"Allgeier SE Entsprechenserkl\u00e4rung 2023\" href=\"https:\/\/www.allgeier.com\/de\/wp-content\/uploads\/sites\/3\/2023\/12\/2023_Entsprechenserklaerung_fin.pdf\" target=\"_blank\" rel=\"noopener\">2023<\/a><\/p>\n<p><a title=\"Allgeier SE Entsprechenserkl\u00e4rung 2022\" href=\"https:\/\/www.allgeier.com\/de\/wp-content\/uploads\/sites\/3\/2023\/01\/Allgeier-SE_Entsprechenserklaerung-2022.pdf\" target=\"_blank\" rel=\"noopener noreferrer\">2022<\/a><\/p>\n<p><a title=\"Allgeier SE Entsprechenserkl\u00e4rung 2021\" href=\"https:\/\/www.allgeier.com\/de\/wp-content\/uploads\/sites\/3\/2021\/12\/Allgeier-SE_Entsprechenserklaerung-2021-final.pdf\" target=\"_blank\" rel=\"noopener noreferrer\">2021<\/a><\/p>\n<p><a title=\"Allgeier SE Entsprechenserkl\u00e4rung 2020\" href=\"https:\/\/www.allgeier.com\/de\/wp-content\/uploads\/sites\/3\/2020\/04\/Allgeier-SE_Entsprechungserkl\u00e4rung-2020.pdf\" target=\"_blank\" rel=\"noopener noreferrer\">2020<\/a><\/p>\n<p><!--<a title=\"Allgeier SE Entsprechenserkl\u00e4rung 2019\" href=\"https:\/\/www.allgeier.com\/en\/wp-content\/uploads\/sites\/2\/2019\/07\/Allgeier-SE_Entsprechungserkl\u00e4rung-2019.pdf\" target=\"_blank\" rel=\"noopener noreferrer\">2019<\/a>--><\/p>\n","protected":false},"excerpt":{"rendered":"<p>Aktuelle Entsprechenserkl\u00e4rung Hier finden Sie die aktuelle Entsprechenserkl\u00e4rung von Vorstand und Aufsichtsrat der Allgeier SE gem\u00e4\u00df \u00a7 161 AktG zum Deutschen Corporate Governance Kodex\u00a0(pdf, 0,1 MB) Entsprechenserkl\u00e4rungen der vergangenen f\u00fcnf Jahre: 2024 2023 2022 2021 2020<\/p>\n","protected":false},"author":1,"featured_media":0,"parent":3540,"menu_order":0,"comment_status":"open","ping_status":"open","template":"","meta":{"_acf_changed":false,"footnotes":""},"categories":[],"tags":[],"class_list":["post-1741","page","type-page","status-publish","hentry"],"acf":[],"yoast_head":"<!-- This site is optimized with the Yoast SEO plugin v27.3 - https:\/\/yoast.com\/product\/yoast-seo-wordpress\/ -->\n<title>Entsprechenserkl\u00e4rung - Allgeier SE<\/title>\n<meta name=\"robots\" content=\"index, follow, max-snippet:-1, max-image-preview:large, max-video-preview:-1\" \/>\n<link rel=\"canonical\" href=\"https:\/\/www.allgeier.com\/de\/investor-relations\/corporate-governance\/declaration-of-compliance\/\" \/>\n<meta property=\"og:locale\" content=\"de_DE\" \/>\n<meta property=\"og:type\" content=\"article\" \/>\n<meta property=\"og:title\" content=\"Entsprechenserkl\u00e4rung - Allgeier SE\" \/>\n<meta property=\"og:description\" content=\"Aktuelle Entsprechenserkl\u00e4rung Hier finden Sie die aktuelle Entsprechenserkl\u00e4rung von Vorstand und Aufsichtsrat der Allgeier SE gem\u00e4\u00df \u00a7 161 AktG zum Deutschen Corporate Governance Kodex\u00a0(pdf, 0,1 MB) Entsprechenserkl\u00e4rungen der vergangenen f\u00fcnf Jahre: 2024 2023 2022 2021 2020\" \/>\n<meta property=\"og:url\" content=\"https:\/\/www.allgeier.com\/de\/investor-relations\/corporate-governance\/declaration-of-compliance\/\" \/>\n<meta property=\"og:site_name\" content=\"Allgeier SE\" \/>\n<meta property=\"article:modified_time\" content=\"2026-03-20T11:40:41+00:00\" \/>\n<meta name=\"twitter:card\" content=\"summary_large_image\" \/>\n<meta name=\"twitter:label1\" content=\"Gesch\u00e4tzte Lesezeit\" \/>\n\t<meta name=\"twitter:data1\" content=\"1\u00a0Minute\" \/>\n<script type=\"application\/ld+json\" class=\"yoast-schema-graph\">{\"@context\":\"https:\\\/\\\/schema.org\",\"@graph\":[{\"@type\":\"WebPage\",\"@id\":\"https:\\\/\\\/www.allgeier.com\\\/de\\\/investor-relations\\\/corporate-governance\\\/declaration-of-compliance\\\/\",\"url\":\"https:\\\/\\\/www.allgeier.com\\\/de\\\/investor-relations\\\/corporate-governance\\\/declaration-of-compliance\\\/\",\"name\":\"Entsprechenserkl\u00e4rung - Allgeier SE\",\"isPartOf\":{\"@id\":\"https:\\\/\\\/www.allgeier.com\\\/de\\\/#website\"},\"datePublished\":\"2024-11-20T08:31:28+00:00\",\"dateModified\":\"2026-03-20T11:40:41+00:00\",\"breadcrumb\":{\"@id\":\"https:\\\/\\\/www.allgeier.com\\\/de\\\/investor-relations\\\/corporate-governance\\\/declaration-of-compliance\\\/#breadcrumb\"},\"inLanguage\":\"de\",\"potentialAction\":[{\"@type\":\"ReadAction\",\"target\":[\"https:\\\/\\\/www.allgeier.com\\\/de\\\/investor-relations\\\/corporate-governance\\\/declaration-of-compliance\\\/\"]}]},{\"@type\":\"BreadcrumbList\",\"@id\":\"https:\\\/\\\/www.allgeier.com\\\/de\\\/investor-relations\\\/corporate-governance\\\/declaration-of-compliance\\\/#breadcrumb\",\"itemListElement\":[{\"@type\":\"ListItem\",\"position\":1,\"name\":\"Home\",\"item\":\"https:\\\/\\\/www.allgeier.com\\\/de\\\/\"},{\"@type\":\"ListItem\",\"position\":2,\"name\":\"Investor Relations\",\"item\":\"https:\\\/\\\/www.allgeier.com\\\/de\\\/investor-relations\\\/\"},{\"@type\":\"ListItem\",\"position\":3,\"name\":\"Corporate Governance\",\"item\":\"https:\\\/\\\/www.allgeier.com\\\/de\\\/investor-relations\\\/corporate-governance\\\/\"},{\"@type\":\"ListItem\",\"position\":4,\"name\":\"Entsprechenserkl\u00e4rung\"}]},{\"@type\":\"WebSite\",\"@id\":\"https:\\\/\\\/www.allgeier.com\\\/de\\\/#website\",\"url\":\"https:\\\/\\\/www.allgeier.com\\\/de\\\/\",\"name\":\"Allgeier SE\",\"description\":\"Software &amp; IT Services for digital transformation\",\"potentialAction\":[{\"@type\":\"SearchAction\",\"target\":{\"@type\":\"EntryPoint\",\"urlTemplate\":\"https:\\\/\\\/www.allgeier.com\\\/de\\\/?s={search_term_string}\"},\"query-input\":{\"@type\":\"PropertyValueSpecification\",\"valueRequired\":true,\"valueName\":\"search_term_string\"}}],\"inLanguage\":\"de\"}]}<\/script>\n<!-- \/ Yoast SEO plugin. -->","yoast_head_json":{"title":"Entsprechenserkl\u00e4rung - Allgeier SE","robots":{"index":"index","follow":"follow","max-snippet":"max-snippet:-1","max-image-preview":"max-image-preview:large","max-video-preview":"max-video-preview:-1"},"canonical":"https:\/\/www.allgeier.com\/de\/investor-relations\/corporate-governance\/declaration-of-compliance\/","og_locale":"de_DE","og_type":"article","og_title":"Entsprechenserkl\u00e4rung - Allgeier SE","og_description":"Aktuelle Entsprechenserkl\u00e4rung Hier finden Sie die aktuelle Entsprechenserkl\u00e4rung von Vorstand und Aufsichtsrat der Allgeier SE gem\u00e4\u00df \u00a7 161 AktG zum Deutschen Corporate Governance Kodex\u00a0(pdf, 0,1 MB) Entsprechenserkl\u00e4rungen der vergangenen f\u00fcnf Jahre: 2024 2023 2022 2021 2020","og_url":"https:\/\/www.allgeier.com\/de\/investor-relations\/corporate-governance\/declaration-of-compliance\/","og_site_name":"Allgeier SE","article_modified_time":"2026-03-20T11:40:41+00:00","twitter_card":"summary_large_image","twitter_misc":{"Gesch\u00e4tzte Lesezeit":"1\u00a0Minute"},"schema":{"@context":"https:\/\/schema.org","@graph":[{"@type":"WebPage","@id":"https:\/\/www.allgeier.com\/de\/investor-relations\/corporate-governance\/declaration-of-compliance\/","url":"https:\/\/www.allgeier.com\/de\/investor-relations\/corporate-governance\/declaration-of-compliance\/","name":"Entsprechenserkl\u00e4rung - Allgeier SE","isPartOf":{"@id":"https:\/\/www.allgeier.com\/de\/#website"},"datePublished":"2024-11-20T08:31:28+00:00","dateModified":"2026-03-20T11:40:41+00:00","breadcrumb":{"@id":"https:\/\/www.allgeier.com\/de\/investor-relations\/corporate-governance\/declaration-of-compliance\/#breadcrumb"},"inLanguage":"de","potentialAction":[{"@type":"ReadAction","target":["https:\/\/www.allgeier.com\/de\/investor-relations\/corporate-governance\/declaration-of-compliance\/"]}]},{"@type":"BreadcrumbList","@id":"https:\/\/www.allgeier.com\/de\/investor-relations\/corporate-governance\/declaration-of-compliance\/#breadcrumb","itemListElement":[{"@type":"ListItem","position":1,"name":"Home","item":"https:\/\/www.allgeier.com\/de\/"},{"@type":"ListItem","position":2,"name":"Investor Relations","item":"https:\/\/www.allgeier.com\/de\/investor-relations\/"},{"@type":"ListItem","position":3,"name":"Corporate Governance","item":"https:\/\/www.allgeier.com\/de\/investor-relations\/corporate-governance\/"},{"@type":"ListItem","position":4,"name":"Entsprechenserkl\u00e4rung"}]},{"@type":"WebSite","@id":"https:\/\/www.allgeier.com\/de\/#website","url":"https:\/\/www.allgeier.com\/de\/","name":"Allgeier SE","description":"Software &amp; IT Services for digital transformation","potentialAction":[{"@type":"SearchAction","target":{"@type":"EntryPoint","urlTemplate":"https:\/\/www.allgeier.com\/de\/?s={search_term_string}"},"query-input":{"@type":"PropertyValueSpecification","valueRequired":true,"valueName":"search_term_string"}}],"inLanguage":"de"}]}},"_links":{"self":[{"href":"https:\/\/www.allgeier.com\/de\/wp-json\/wp\/v2\/pages\/1741","targetHints":{"allow":["GET"]}}],"collection":[{"href":"https:\/\/www.allgeier.com\/de\/wp-json\/wp\/v2\/pages"}],"about":[{"href":"https:\/\/www.allgeier.com\/de\/wp-json\/wp\/v2\/types\/page"}],"author":[{"embeddable":true,"href":"https:\/\/www.allgeier.com\/de\/wp-json\/wp\/v2\/users\/1"}],"replies":[{"embeddable":true,"href":"https:\/\/www.allgeier.com\/de\/wp-json\/wp\/v2\/comments?post=1741"}],"version-history":[{"count":2,"href":"https:\/\/www.allgeier.com\/de\/wp-json\/wp\/v2\/pages\/1741\/revisions"}],"predecessor-version":[{"id":7484,"href":"https:\/\/www.allgeier.com\/de\/wp-json\/wp\/v2\/pages\/1741\/revisions\/7484"}],"up":[{"embeddable":true,"href":"https:\/\/www.allgeier.com\/de\/wp-json\/wp\/v2\/pages\/3540"}],"wp:attachment":[{"href":"https:\/\/www.allgeier.com\/de\/wp-json\/wp\/v2\/media?parent=1741"}],"wp:term":[{"taxonomy":"category","embeddable":true,"href":"https:\/\/www.allgeier.com\/de\/wp-json\/wp\/v2\/categories?post=1741"},{"taxonomy":"post_tag","embeddable":true,"href":"https:\/\/www.allgeier.com\/de\/wp-json\/wp\/v2\/tags?post=1741"}],"curies":[{"name":"wp","href":"https:\/\/api.w.org\/{rel}","templated":true}]}}