{"id":1754,"date":"2014-05-08T17:10:15","date_gmt":"2014-05-08T17:10:15","guid":{"rendered":"http:\/\/www.allgeier.com\/de\/?page_id=1754"},"modified":"2025-02-05T17:43:41","modified_gmt":"2025-02-05T17:43:41","slug":"8052014-2","status":"publish","type":"page","link":"https:\/\/www.allgeier.com\/de\/pressroom\/news\/8052014-2\/","title":{"rendered":"8052014"},"content":{"rendered":"<p><b>Allgeier bietet den Kunden jetzt eine flexible und hochskalierbare Inputmanagementl\u00f6sung. smart.CAPTURE ist ein leistungsstarkes System zur Dokumentenerfassung. Die L\u00f6sung wird von Unternehmen und Organisationen aller Branchen zur Optimierung ihrer Gesch\u00e4ftsprozesse durch digitale Rechnungserfassung und Eingangspostverteilung eingesetzt.<\/b><\/p>\n<div id=\"parent-fieldname-description\" class=\"documentDescription\">\n<div id=\"parent-fieldname-description\" class=\"documentDescription\">smart.CAPTURE ist eine Inputmanagement-Plattform auf Basis einer Client-Server-Architektur. Dabei koordiniert der smart.CAPTURE-Dokumentenserver die jeweils eingesetzten Software-Bausteine, beispielsweise zur Maschinen- (OCR) oder Handschrifterkennung (ICR) und stellt die transaktionsgesicherte Verarbeitung der Dokumentstapel sicher. Sein integrierter Workflow steuert und protokolliert automatisch den Ablauf der Prozessphasen vom Input- \u00fcber den Heftungs-, Verarbeitungs- bis hin zum Output-Service.<\/div>\n<div id=\"viewlet-above-content-body\"><\/div>\n<div id=\"content-core\">\n<div id=\"parent-fieldname-text-afa7e4baf9e1454f955728ba51c05035\">\n<h3>Modularer Aufbau<\/h3>\n<p>Auf Grund seines modularen Aufbaus kann\u00a0<strong>smart.CAPTURE<\/strong>\u00a0f\u00fcr beliebige Inputmanagement-Szenarien verwendet werden. Ob\u00a0automatisiertes Rechnungsauslesen,\u00a0elektronische Postverteilung\u00a0oder auch das Erkennen von\u00a0handschriftlichen Arbeitsscheinen,\u00a0<strong>smart.CAPTURE\u00a0<\/strong>l\u00e4\u00dft sich mit Hilfe des intuitiven Verwaltungs-Client\u00a0<strong>smart.ADMIN<\/strong>\u00a0schnell f\u00fcr die jeweiligen Anforderungen anpassen.<\/p>\n<h3>Mehrschichtige Systemarchitektur<\/h3>\n<p>Durch seine mehrschichtige Systemarchitektur und die Skalierbarkeit des Systems, lassen sich zeitintensive Prozesse, wie z.B. die OCR-Zeichenerkennung, auf so viele verschiedene Prozessoren wie n\u00f6tig verteilen. Damit ist gew\u00e4hrleistet, dass auch gro\u00dfe Dokumentenmengen in der zur Verf\u00fcgung stehenden Zeitspanne verarbeitet werden k\u00f6nnen.<\/p>\n<p>Die dabei aus den gescannten oder elektronischen (PDF-)Dokumenten ausgelesenen Daten werden, wenn technisch m\u00f6glich, immer vom System \u00fcberpr\u00fcft. Dies k\u00f6nnen spezielle Datenformate, Datenabh\u00e4ngigkeiten, Rechenoperationen und Datenbankabfragen etc. sein. Je nach Belegqualit\u00e4t, ist eine \u00dcberpr\u00fcfung durch Sachbearbeiter mit dem komfortablen\u00a0<strong>smart.CAPTURE<\/strong>-Nachbearbeitungsclient erforderlich.\u00a0Alle aus den Dokumenten gewonnenen Daten k\u00f6nnen in beliebige Dateiformate wie z.B. XML, SAP-IDoc oder EDI usw. konvertiert und dadurch in weiterverarbeitende Systeme \u00fcbertragen werden.<\/p>\n<p>Dank der Funktionsvielfalt der Software-Module lassen sich alle Aufgaben auf dem Gebiet der digitalen Posteingangs- und der Rechnungsverarbeitung effizient und wirtschaftlich l\u00f6sen.<\/p>\n<\/div>\n<\/div>\n<\/div>\n<p><a title=\"Allgeier IT Solutions: smart.CAPTURE\" href=\"http:\/\/www.allgeier-it.de\/inputmanagement\/smart-capture\" target=\"_blank\">Allgeier IT Solutions: smart.CAPTURE<\/a><\/p>\n<p><a title=\"\" href=\"http:\/\/issuu.com\/allgeierit\/docs\/20140424_smart.capture_8-seiter-onl\" target=\"_self\">Lesen Sie hier die aktuelle smart.CAPTURE \u00dcbersicht online!<\/a><\/p>\n","protected":false},"excerpt":{"rendered":"<p>Allgeier bietet den Kunden jetzt eine flexible und hochskalierbare Inputmanagementl\u00f6sung. smart.CAPTURE ist ein leistungsstarkes System zur Dokumentenerfassung. Die L\u00f6sung wird von Unternehmen und Organisationen aller Branchen zur Optimierung ihrer Gesch\u00e4ftsprozesse durch digitale Rechnungserfassung und Eingangspostverteilung eingesetzt. smart.CAPTURE ist eine Inputmanagement-Plattform auf Basis einer Client-Server-Architektur. Dabei koordiniert der smart.CAPTURE-Dokumentenserver die jeweils eingesetzten Software-Bausteine, beispielsweise zur Maschinen- &hellip; <\/p>\n","protected":false},"author":1,"featured_media":0,"parent":1171,"menu_order":0,"comment_status":"open","ping_status":"open","template":"","meta":{"_acf_changed":false,"footnotes":""},"categories":[9],"tags":[],"class_list":["post-1754","page","type-page","status-publish","hentry","category-news"],"acf":[],"yoast_head":"<!-- This site is optimized with the Yoast SEO plugin v27.3 - https:\/\/yoast.com\/product\/yoast-seo-wordpress\/ -->\n<title>8052014 - Allgeier SE<\/title>\n<meta name=\"robots\" content=\"index, follow, max-snippet:-1, max-image-preview:large, max-video-preview:-1\" \/>\n<link rel=\"canonical\" href=\"https:\/\/www.allgeier.com\/de\/pressroom\/news\/8052014-2\/\" \/>\n<meta property=\"og:locale\" content=\"de_DE\" \/>\n<meta property=\"og:type\" content=\"article\" \/>\n<meta property=\"og:title\" content=\"8052014 - Allgeier SE\" \/>\n<meta property=\"og:description\" content=\"Allgeier bietet den Kunden jetzt eine flexible und hochskalierbare Inputmanagementl\u00f6sung. smart.CAPTURE ist ein leistungsstarkes System zur Dokumentenerfassung. Die L\u00f6sung wird von Unternehmen und Organisationen aller Branchen zur Optimierung ihrer Gesch\u00e4ftsprozesse durch digitale Rechnungserfassung und Eingangspostverteilung eingesetzt. smart.CAPTURE ist eine Inputmanagement-Plattform auf Basis einer Client-Server-Architektur. Dabei koordiniert der smart.CAPTURE-Dokumentenserver die jeweils eingesetzten Software-Bausteine, beispielsweise zur Maschinen- &hellip;\" \/>\n<meta property=\"og:url\" content=\"https:\/\/www.allgeier.com\/de\/pressroom\/news\/8052014-2\/\" \/>\n<meta property=\"og:site_name\" content=\"Allgeier SE\" \/>\n<meta property=\"article:modified_time\" content=\"2025-02-05T17:43:41+00:00\" \/>\n<meta name=\"twitter:card\" content=\"summary_large_image\" \/>\n<meta name=\"twitter:label1\" content=\"Gesch\u00e4tzte Lesezeit\" \/>\n\t<meta name=\"twitter:data1\" content=\"2\u00a0Minuten\" \/>\n<script type=\"application\/ld+json\" class=\"yoast-schema-graph\">{\"@context\":\"https:\\\/\\\/schema.org\",\"@graph\":[{\"@type\":\"WebPage\",\"@id\":\"https:\\\/\\\/www.allgeier.com\\\/de\\\/pressroom\\\/news\\\/8052014-2\\\/\",\"url\":\"https:\\\/\\\/www.allgeier.com\\\/de\\\/pressroom\\\/news\\\/8052014-2\\\/\",\"name\":\"8052014 - Allgeier SE\",\"isPartOf\":{\"@id\":\"https:\\\/\\\/www.allgeier.com\\\/de\\\/#website\"},\"datePublished\":\"2014-05-08T17:10:15+00:00\",\"dateModified\":\"2025-02-05T17:43:41+00:00\",\"breadcrumb\":{\"@id\":\"https:\\\/\\\/www.allgeier.com\\\/de\\\/pressroom\\\/news\\\/8052014-2\\\/#breadcrumb\"},\"inLanguage\":\"de\",\"potentialAction\":[{\"@type\":\"ReadAction\",\"target\":[\"https:\\\/\\\/www.allgeier.com\\\/de\\\/pressroom\\\/news\\\/8052014-2\\\/\"]}]},{\"@type\":\"BreadcrumbList\",\"@id\":\"https:\\\/\\\/www.allgeier.com\\\/de\\\/pressroom\\\/news\\\/8052014-2\\\/#breadcrumb\",\"itemListElement\":[{\"@type\":\"ListItem\",\"position\":1,\"name\":\"Home\",\"item\":\"https:\\\/\\\/www.allgeier.com\\\/de\\\/\"},{\"@type\":\"ListItem\",\"position\":2,\"name\":\"Presse\",\"item\":\"https:\\\/\\\/www.allgeier.com\\\/de\\\/pressroom\\\/\"},{\"@type\":\"ListItem\",\"position\":3,\"name\":\"News\",\"item\":\"https:\\\/\\\/www.allgeier.com\\\/de\\\/pressroom\\\/news\\\/\"},{\"@type\":\"ListItem\",\"position\":4,\"name\":\"8052014\"}]},{\"@type\":\"WebSite\",\"@id\":\"https:\\\/\\\/www.allgeier.com\\\/de\\\/#website\",\"url\":\"https:\\\/\\\/www.allgeier.com\\\/de\\\/\",\"name\":\"Allgeier SE\",\"description\":\"Software &amp; IT Services for digital transformation\",\"potentialAction\":[{\"@type\":\"SearchAction\",\"target\":{\"@type\":\"EntryPoint\",\"urlTemplate\":\"https:\\\/\\\/www.allgeier.com\\\/de\\\/?s={search_term_string}\"},\"query-input\":{\"@type\":\"PropertyValueSpecification\",\"valueRequired\":true,\"valueName\":\"search_term_string\"}}],\"inLanguage\":\"de\"}]}<\/script>\n<!-- \/ Yoast SEO plugin. -->","yoast_head_json":{"title":"8052014 - Allgeier SE","robots":{"index":"index","follow":"follow","max-snippet":"max-snippet:-1","max-image-preview":"max-image-preview:large","max-video-preview":"max-video-preview:-1"},"canonical":"https:\/\/www.allgeier.com\/de\/pressroom\/news\/8052014-2\/","og_locale":"de_DE","og_type":"article","og_title":"8052014 - Allgeier SE","og_description":"Allgeier bietet den Kunden jetzt eine flexible und hochskalierbare Inputmanagementl\u00f6sung. smart.CAPTURE ist ein leistungsstarkes System zur Dokumentenerfassung. Die L\u00f6sung wird von Unternehmen und Organisationen aller Branchen zur Optimierung ihrer Gesch\u00e4ftsprozesse durch digitale Rechnungserfassung und Eingangspostverteilung eingesetzt. smart.CAPTURE ist eine Inputmanagement-Plattform auf Basis einer Client-Server-Architektur. Dabei koordiniert der smart.CAPTURE-Dokumentenserver die jeweils eingesetzten Software-Bausteine, beispielsweise zur Maschinen- &hellip;","og_url":"https:\/\/www.allgeier.com\/de\/pressroom\/news\/8052014-2\/","og_site_name":"Allgeier SE","article_modified_time":"2025-02-05T17:43:41+00:00","twitter_card":"summary_large_image","twitter_misc":{"Gesch\u00e4tzte Lesezeit":"2\u00a0Minuten"},"schema":{"@context":"https:\/\/schema.org","@graph":[{"@type":"WebPage","@id":"https:\/\/www.allgeier.com\/de\/pressroom\/news\/8052014-2\/","url":"https:\/\/www.allgeier.com\/de\/pressroom\/news\/8052014-2\/","name":"8052014 - Allgeier SE","isPartOf":{"@id":"https:\/\/www.allgeier.com\/de\/#website"},"datePublished":"2014-05-08T17:10:15+00:00","dateModified":"2025-02-05T17:43:41+00:00","breadcrumb":{"@id":"https:\/\/www.allgeier.com\/de\/pressroom\/news\/8052014-2\/#breadcrumb"},"inLanguage":"de","potentialAction":[{"@type":"ReadAction","target":["https:\/\/www.allgeier.com\/de\/pressroom\/news\/8052014-2\/"]}]},{"@type":"BreadcrumbList","@id":"https:\/\/www.allgeier.com\/de\/pressroom\/news\/8052014-2\/#breadcrumb","itemListElement":[{"@type":"ListItem","position":1,"name":"Home","item":"https:\/\/www.allgeier.com\/de\/"},{"@type":"ListItem","position":2,"name":"Presse","item":"https:\/\/www.allgeier.com\/de\/pressroom\/"},{"@type":"ListItem","position":3,"name":"News","item":"https:\/\/www.allgeier.com\/de\/pressroom\/news\/"},{"@type":"ListItem","position":4,"name":"8052014"}]},{"@type":"WebSite","@id":"https:\/\/www.allgeier.com\/de\/#website","url":"https:\/\/www.allgeier.com\/de\/","name":"Allgeier SE","description":"Software &amp; IT Services for digital transformation","potentialAction":[{"@type":"SearchAction","target":{"@type":"EntryPoint","urlTemplate":"https:\/\/www.allgeier.com\/de\/?s={search_term_string}"},"query-input":{"@type":"PropertyValueSpecification","valueRequired":true,"valueName":"search_term_string"}}],"inLanguage":"de"}]}},"_links":{"self":[{"href":"https:\/\/www.allgeier.com\/de\/wp-json\/wp\/v2\/pages\/1754","targetHints":{"allow":["GET"]}}],"collection":[{"href":"https:\/\/www.allgeier.com\/de\/wp-json\/wp\/v2\/pages"}],"about":[{"href":"https:\/\/www.allgeier.com\/de\/wp-json\/wp\/v2\/types\/page"}],"author":[{"embeddable":true,"href":"https:\/\/www.allgeier.com\/de\/wp-json\/wp\/v2\/users\/1"}],"replies":[{"embeddable":true,"href":"https:\/\/www.allgeier.com\/de\/wp-json\/wp\/v2\/comments?post=1754"}],"version-history":[{"count":0,"href":"https:\/\/www.allgeier.com\/de\/wp-json\/wp\/v2\/pages\/1754\/revisions"}],"up":[{"embeddable":true,"href":"https:\/\/www.allgeier.com\/de\/wp-json\/wp\/v2\/pages\/1171"}],"wp:attachment":[{"href":"https:\/\/www.allgeier.com\/de\/wp-json\/wp\/v2\/media?parent=1754"}],"wp:term":[{"taxonomy":"category","embeddable":true,"href":"https:\/\/www.allgeier.com\/de\/wp-json\/wp\/v2\/categories?post=1754"},{"taxonomy":"post_tag","embeddable":true,"href":"https:\/\/www.allgeier.com\/de\/wp-json\/wp\/v2\/tags?post=1754"}],"curies":[{"name":"wp","href":"https:\/\/api.w.org\/{rel}","templated":true}]}}