{"id":1790,"date":"2015-04-02T03:33:21","date_gmt":"2015-04-02T03:33:21","guid":{"rendered":"http:\/\/www.allgeier.com\/de\/?page_id=1790"},"modified":"2019-05-30T17:27:38","modified_gmt":"2019-05-30T17:27:38","slug":"software-lifecycle-services","status":"publish","type":"page","link":"https:\/\/www.allgeier.com\/de\/solutions-and-services\/software-lifecycle-services\/","title":{"rendered":"Software Lifecycle Services"},"content":{"rendered":"<p>Mit unseren fachkundigen Leistungen unterst\u00fctzen wir Sie in jeder Phase des Software-Lebenszyklus. Lassen Sie uns Ihr Partner sein &#8211; bei internen Vorschl\u00e4gen und der Budgeterstellung \u00fcber die Projektgenehmigung bis hin zu Entwicklung, Lieferung, Validierung, Schulung, Wartung (bei Bedarf einschlie\u00dflich Portierung) und Support. Unsere flexiblen Partnerschaftsmodelle helfen Ihnen bei der Maximierung Ihrer Rendite, w\u00e4hrend Sie gleichzeitig die vollst\u00e4ndige Kontrolle \u00fcber Ihre Projekte behalten.<\/p>\n<p>Dank unseres &#8222;Blended Shoring\u201c-Ansatz verbinden wir Kundenn\u00e4he und regionale Pr\u00e4senz mit dem Einsatz flexibler Nearshore- und Offshore-Kapazit\u00e4ten, ganz nach Ihren individuellen Bed\u00fcrfnissen.<\/p>\n<div class=\"sectionH540 sectionHeading flotL\">Unsere Kompetenzen:<\/div>\n<p>Unsere Softwareleistungen:<\/p>\n<ul>\n<li>Gesch\u00e4ftsanalyse<\/li>\n<li>Anwendungsentwicklung f\u00fcr zahlreiche Plattformen einschlie\u00dflich aller gro\u00dfen mobilen Plattformen<\/li>\n<li>Moderne Software-Produkttechnik<\/li>\n<li>Implementierung von Paketl\u00f6sungen wie SharePoint<\/li>\n<li>Enterprise Application Integration (Unternehmensanwendungsintegration)<\/li>\n<li>Business Intelligence und Data Warehouse-L\u00f6sungen<\/li>\n<li>Tests und Qualit\u00e4tssicherung<\/li>\n<li>Verifizierung und Validierung im Hinblick auf Ihren Recht- und Compliance-Bedarf<\/li>\n<li>Softwareschulung<\/li>\n<li>Anwendungsmanagement, Helpdesk und Support<\/li>\n<\/ul>\n<div class=\"sectionH540 sectionHeading flotL\">Unsere Kunden:<\/div>\n<p>Zu unseren Kunden z\u00e4hlen die Deutsche Lufthansa, GE Aviation, UBS, Estee Lauder, EADS Deutschland, Siemens, Mitsubishi Chemicals, Swiss Life AG, T-Systems, Lutron, NetEntertainment &#8211; um nur einige zu nennen.<\/p>\n<p>Gerne vermitteln wir Ihnen einen Kontakt zu unseren Referenzen und stehen Ihnen selbstverst\u00e4ndlich f\u00fcr ein Gespr\u00e4ch bereit. <a href=\"http:\/\/allgeier.com\/de\/contact\">Sprechen Sie uns <\/a>einfach an.<\/p>\n","protected":false},"excerpt":{"rendered":"<p>Mit unseren fachkundigen Leistungen unterst\u00fctzen wir Sie in jeder Phase des Software-Lebenszyklus. Lassen Sie uns Ihr Partner sein &#8211; bei internen Vorschl\u00e4gen und der Budgeterstellung \u00fcber die Projektgenehmigung bis hin zu Entwicklung, Lieferung, Validierung, Schulung, Wartung (bei Bedarf einschlie\u00dflich Portierung) und Support. Unsere flexiblen Partnerschaftsmodelle helfen Ihnen bei der Maximierung Ihrer Rendite, w\u00e4hrend Sie gleichzeitig &hellip; <\/p>\n","protected":false},"author":1,"featured_media":0,"parent":1781,"menu_order":0,"comment_status":"open","ping_status":"open","template":"","meta":{"_acf_changed":false,"footnotes":""},"categories":[],"tags":[],"class_list":["post-1790","page","type-page","status-publish","hentry"],"acf":[],"yoast_head":"<!-- This site is optimized with the Yoast SEO plugin v27.4 - https:\/\/yoast.com\/product\/yoast-seo-wordpress\/ -->\n<title>Software Lifecycle Services - Allgeier SE<\/title>\n<meta name=\"robots\" content=\"index, follow, max-snippet:-1, max-image-preview:large, max-video-preview:-1\" \/>\n<link rel=\"canonical\" href=\"https:\/\/www.allgeier.com\/de\/solutions-and-services\/software-lifecycle-services\/\" \/>\n<meta property=\"og:locale\" content=\"de_DE\" \/>\n<meta property=\"og:type\" content=\"article\" \/>\n<meta property=\"og:title\" content=\"Software Lifecycle Services - Allgeier SE\" \/>\n<meta property=\"og:description\" content=\"Mit unseren fachkundigen Leistungen unterst\u00fctzen wir Sie in jeder Phase des Software-Lebenszyklus. Lassen Sie uns Ihr Partner sein &#8211; bei internen Vorschl\u00e4gen und der Budgeterstellung \u00fcber die Projektgenehmigung bis hin zu Entwicklung, Lieferung, Validierung, Schulung, Wartung (bei Bedarf einschlie\u00dflich Portierung) und Support. Unsere flexiblen Partnerschaftsmodelle helfen Ihnen bei der Maximierung Ihrer Rendite, w\u00e4hrend Sie gleichzeitig &hellip;\" \/>\n<meta property=\"og:url\" content=\"https:\/\/www.allgeier.com\/de\/solutions-and-services\/software-lifecycle-services\/\" \/>\n<meta property=\"og:site_name\" content=\"Allgeier SE\" \/>\n<meta property=\"article:modified_time\" content=\"2019-05-30T17:27:38+00:00\" \/>\n<meta name=\"twitter:card\" content=\"summary_large_image\" \/>\n<meta name=\"twitter:label1\" content=\"Gesch\u00e4tzte Lesezeit\" \/>\n\t<meta name=\"twitter:data1\" content=\"1\u00a0Minute\" \/>\n<script type=\"application\/ld+json\" class=\"yoast-schema-graph\">{\"@context\":\"https:\\\/\\\/schema.org\",\"@graph\":[{\"@type\":\"WebPage\",\"@id\":\"https:\\\/\\\/www.allgeier.com\\\/de\\\/solutions-and-services\\\/software-lifecycle-services\\\/\",\"url\":\"https:\\\/\\\/www.allgeier.com\\\/de\\\/solutions-and-services\\\/software-lifecycle-services\\\/\",\"name\":\"Software Lifecycle Services - Allgeier SE\",\"isPartOf\":{\"@id\":\"https:\\\/\\\/www.allgeier.com\\\/de\\\/#website\"},\"datePublished\":\"2015-04-02T03:33:21+00:00\",\"dateModified\":\"2019-05-30T17:27:38+00:00\",\"breadcrumb\":{\"@id\":\"https:\\\/\\\/www.allgeier.com\\\/de\\\/solutions-and-services\\\/software-lifecycle-services\\\/#breadcrumb\"},\"inLanguage\":\"de\",\"potentialAction\":[{\"@type\":\"ReadAction\",\"target\":[\"https:\\\/\\\/www.allgeier.com\\\/de\\\/solutions-and-services\\\/software-lifecycle-services\\\/\"]}]},{\"@type\":\"BreadcrumbList\",\"@id\":\"https:\\\/\\\/www.allgeier.com\\\/de\\\/solutions-and-services\\\/software-lifecycle-services\\\/#breadcrumb\",\"itemListElement\":[{\"@type\":\"ListItem\",\"position\":1,\"name\":\"Home\",\"item\":\"https:\\\/\\\/www.allgeier.com\\\/de\\\/\"},{\"@type\":\"ListItem\",\"position\":2,\"name\":\"Was wir tun\",\"item\":\"https:\\\/\\\/www.allgeier.com\\\/de\\\/solutions-and-services\\\/\"},{\"@type\":\"ListItem\",\"position\":3,\"name\":\"Software Lifecycle Services\"}]},{\"@type\":\"WebSite\",\"@id\":\"https:\\\/\\\/www.allgeier.com\\\/de\\\/#website\",\"url\":\"https:\\\/\\\/www.allgeier.com\\\/de\\\/\",\"name\":\"Allgeier SE\",\"description\":\"Software &amp; IT Services for digital transformation\",\"potentialAction\":[{\"@type\":\"SearchAction\",\"target\":{\"@type\":\"EntryPoint\",\"urlTemplate\":\"https:\\\/\\\/www.allgeier.com\\\/de\\\/?s={search_term_string}\"},\"query-input\":{\"@type\":\"PropertyValueSpecification\",\"valueRequired\":true,\"valueName\":\"search_term_string\"}}],\"inLanguage\":\"de\"}]}<\/script>\n<!-- \/ Yoast SEO plugin. -->","yoast_head_json":{"title":"Software Lifecycle Services - Allgeier SE","robots":{"index":"index","follow":"follow","max-snippet":"max-snippet:-1","max-image-preview":"max-image-preview:large","max-video-preview":"max-video-preview:-1"},"canonical":"https:\/\/www.allgeier.com\/de\/solutions-and-services\/software-lifecycle-services\/","og_locale":"de_DE","og_type":"article","og_title":"Software Lifecycle Services - Allgeier SE","og_description":"Mit unseren fachkundigen Leistungen unterst\u00fctzen wir Sie in jeder Phase des Software-Lebenszyklus. Lassen Sie uns Ihr Partner sein &#8211; bei internen Vorschl\u00e4gen und der Budgeterstellung \u00fcber die Projektgenehmigung bis hin zu Entwicklung, Lieferung, Validierung, Schulung, Wartung (bei Bedarf einschlie\u00dflich Portierung) und Support. Unsere flexiblen Partnerschaftsmodelle helfen Ihnen bei der Maximierung Ihrer Rendite, w\u00e4hrend Sie gleichzeitig &hellip;","og_url":"https:\/\/www.allgeier.com\/de\/solutions-and-services\/software-lifecycle-services\/","og_site_name":"Allgeier SE","article_modified_time":"2019-05-30T17:27:38+00:00","twitter_card":"summary_large_image","twitter_misc":{"Gesch\u00e4tzte Lesezeit":"1\u00a0Minute"},"schema":{"@context":"https:\/\/schema.org","@graph":[{"@type":"WebPage","@id":"https:\/\/www.allgeier.com\/de\/solutions-and-services\/software-lifecycle-services\/","url":"https:\/\/www.allgeier.com\/de\/solutions-and-services\/software-lifecycle-services\/","name":"Software Lifecycle Services - Allgeier SE","isPartOf":{"@id":"https:\/\/www.allgeier.com\/de\/#website"},"datePublished":"2015-04-02T03:33:21+00:00","dateModified":"2019-05-30T17:27:38+00:00","breadcrumb":{"@id":"https:\/\/www.allgeier.com\/de\/solutions-and-services\/software-lifecycle-services\/#breadcrumb"},"inLanguage":"de","potentialAction":[{"@type":"ReadAction","target":["https:\/\/www.allgeier.com\/de\/solutions-and-services\/software-lifecycle-services\/"]}]},{"@type":"BreadcrumbList","@id":"https:\/\/www.allgeier.com\/de\/solutions-and-services\/software-lifecycle-services\/#breadcrumb","itemListElement":[{"@type":"ListItem","position":1,"name":"Home","item":"https:\/\/www.allgeier.com\/de\/"},{"@type":"ListItem","position":2,"name":"Was wir tun","item":"https:\/\/www.allgeier.com\/de\/solutions-and-services\/"},{"@type":"ListItem","position":3,"name":"Software Lifecycle Services"}]},{"@type":"WebSite","@id":"https:\/\/www.allgeier.com\/de\/#website","url":"https:\/\/www.allgeier.com\/de\/","name":"Allgeier SE","description":"Software &amp; IT Services for digital transformation","potentialAction":[{"@type":"SearchAction","target":{"@type":"EntryPoint","urlTemplate":"https:\/\/www.allgeier.com\/de\/?s={search_term_string}"},"query-input":{"@type":"PropertyValueSpecification","valueRequired":true,"valueName":"search_term_string"}}],"inLanguage":"de"}]}},"_links":{"self":[{"href":"https:\/\/www.allgeier.com\/de\/wp-json\/wp\/v2\/pages\/1790","targetHints":{"allow":["GET"]}}],"collection":[{"href":"https:\/\/www.allgeier.com\/de\/wp-json\/wp\/v2\/pages"}],"about":[{"href":"https:\/\/www.allgeier.com\/de\/wp-json\/wp\/v2\/types\/page"}],"author":[{"embeddable":true,"href":"https:\/\/www.allgeier.com\/de\/wp-json\/wp\/v2\/users\/1"}],"replies":[{"embeddable":true,"href":"https:\/\/www.allgeier.com\/de\/wp-json\/wp\/v2\/comments?post=1790"}],"version-history":[{"count":0,"href":"https:\/\/www.allgeier.com\/de\/wp-json\/wp\/v2\/pages\/1790\/revisions"}],"up":[{"embeddable":true,"href":"https:\/\/www.allgeier.com\/de\/wp-json\/wp\/v2\/pages\/1781"}],"wp:attachment":[{"href":"https:\/\/www.allgeier.com\/de\/wp-json\/wp\/v2\/media?parent=1790"}],"wp:term":[{"taxonomy":"category","embeddable":true,"href":"https:\/\/www.allgeier.com\/de\/wp-json\/wp\/v2\/categories?post=1790"},{"taxonomy":"post_tag","embeddable":true,"href":"https:\/\/www.allgeier.com\/de\/wp-json\/wp\/v2\/tags?post=1790"}],"curies":[{"name":"wp","href":"https:\/\/api.w.org\/{rel}","templated":true}]}}