{"id":1792,"date":"2015-04-12T03:35:34","date_gmt":"2015-04-12T03:35:34","guid":{"rendered":"http:\/\/www.allgeier.com\/de\/?page_id=1792"},"modified":"2025-07-21T13:23:01","modified_gmt":"2025-07-21T13:23:01","slug":"infrastructure-services","status":"publish","type":"page","link":"https:\/\/www.allgeier.com\/de\/solutions-and-services\/infrastructure-services\/","title":{"rendered":"IT-Infrastruktur-Leistungen"},"content":{"rendered":"<p>Die IT-Infrastruktur bildet das R\u00fcckgrat eines Unternehmens. Im Interesse der Effizienz des Unternehmens f\u00fchrt kein Weg daran vorbei, die IT-Infrastruktur sorgf\u00e4ltig zu planen, einzusetzen und zu warten.<\/p>\n<p>In der Verwaltung von IT-Systemen kleiner, mittlerer und gro\u00dfer Unternehmen k\u00f6nnen wir eine jahrelange Erfahrung und gr\u00fcndliche Fachkenntnisse vorweisen. Wir unterst\u00fctzen Unternehmen bei der Ausarbeitung einer IT-Strategie als Erg\u00e4nzung ihrer langfristigen Gesch\u00e4ftsziele. Zu unseren Leistungen z\u00e4hlen die Planung und Implementierung von IT-Installationen in Unternehmen sowie deren Support.<\/p>\n<div class=\"sectionH540 sectionHeading flotL\">Unsere Kompetenzen:<\/div>\n<p>&nbsp;<\/p>\n<p>Mit einer gro\u00dfen Auswahl robuster, zuverl\u00e4ssiger und kosteng\u00fcnstiger IT-Infrastrukturleistungen kommen wir Ihren Bed\u00fcrfnissen entgegen:<\/p>\n<ul>\n<li>Beratungsleistungen etwa in den Bereichen Definition der Unternehmensarchitektur, Gestaltung von Hardware und Software und Integration von Unternehmenssoftware<\/li>\n<li>Leistungen im Zusammenhang mit Unternehmensnetzen:\n<ul>\n<li>Optimierung der Netzwerkl\u00f6sungen<\/li>\n<li>Entwicklung, Installierung und Wartung von LAN und WAN.<\/li>\n<li>Erstellung und Wartung sicherer VPN und Fernzugriffl\u00f6sungen<\/li>\n<li>Internet Services wie Konnektivit\u00e4t, E-Mail-Dienste, Web-Design und -Hosting, physische und virtuelle Server-Kollokation<\/li>\n<li>Firewall<\/li>\n<\/ul>\n<\/li>\n<li>Konfiguration der Unternehmenssicherheit &#8211; Netzwerkschutz, Intrusion Prevention, SSL-basierter Schutz vor Angriffen sowie Konfiguration einer Web Application Firewall,<\/li>\n<li>Schutz der Unternehmensdaten durch Identit\u00e4tsmanagement, Zugriffskontrollen<\/li>\n<li>L\u00f6sungen zur Datenverlustpr\u00e4vention &#8211; Daten-Backup und Disaster Recovery<\/li>\n<li>Leistungen im Zusammenhang mit Virtualisierung und Datenzentren wie<\/li>\n<li>Optimierung, Planung und Nutzung, Management und Support von Datenzentren<\/li>\n<li>Cloud-Leistungen f\u00fcr Infrastruktur, Bereitstellung, Cloud-Monitoring, Management, Integration und Cloud-Sicherheit. Support-Leistungen: rund um die Uhr Netzwerk-, Server- und Desktop-Monitoring sowie Helpdesk-Support<\/li>\n<\/ul>\n<div class=\"sectionH540 sectionHeading flotL\">Unsere Kunden:<\/div>\n<p>&nbsp;<\/p>\n<p>Zu unseren Kunden z\u00e4hlen marktf\u00fchrende Unternehmen wie die Deutsche Telekom Gruppe, Vodafone, Demag Cranes, Philip Morris, GaVI, Gothaer Systems, Hewlett Packard, IBM, ITERGO, die Nassauische Sparkasse, Oracle\/Sun Microsystems, P\u00f6ppelmann und RapidEye.<\/p>\n<p>Gerne vermitteln wir Ihnen einen Kontakt zu unseren Referenzen und stehen Ihnen selbstverst\u00e4ndlich f\u00fcr ein Gespr\u00e4ch bereit. <a href=\"https:\/\/allgeier.com\/de\/contact\">Sprechen Sie uns<\/a> einfach an.<\/p>\n","protected":false},"excerpt":{"rendered":"<p>Die IT-Infrastruktur bildet das R\u00fcckgrat eines Unternehmens. Im Interesse der Effizienz des Unternehmens f\u00fchrt kein Weg daran vorbei, die IT-Infrastruktur sorgf\u00e4ltig zu planen, einzusetzen und zu warten. In der Verwaltung von IT-Systemen kleiner, mittlerer und gro\u00dfer Unternehmen k\u00f6nnen wir eine jahrelange Erfahrung und gr\u00fcndliche Fachkenntnisse vorweisen. Wir unterst\u00fctzen Unternehmen bei der Ausarbeitung einer IT-Strategie als &hellip; <\/p>\n","protected":false},"author":1,"featured_media":0,"parent":1781,"menu_order":0,"comment_status":"open","ping_status":"open","template":"","meta":{"_acf_changed":false,"footnotes":""},"categories":[],"tags":[],"class_list":["post-1792","page","type-page","status-publish","hentry"],"acf":[],"yoast_head":"<!-- This site is optimized with the Yoast SEO plugin v27.4 - https:\/\/yoast.com\/product\/yoast-seo-wordpress\/ -->\n<title>IT-Infrastruktur-Leistungen - Allgeier SE<\/title>\n<meta name=\"robots\" content=\"index, follow, max-snippet:-1, max-image-preview:large, max-video-preview:-1\" \/>\n<link rel=\"canonical\" href=\"https:\/\/www.allgeier.com\/de\/solutions-and-services\/infrastructure-services\/\" \/>\n<meta property=\"og:locale\" content=\"de_DE\" \/>\n<meta property=\"og:type\" content=\"article\" \/>\n<meta property=\"og:title\" content=\"IT-Infrastruktur-Leistungen - Allgeier SE\" \/>\n<meta property=\"og:description\" content=\"Die IT-Infrastruktur bildet das R\u00fcckgrat eines Unternehmens. Im Interesse der Effizienz des Unternehmens f\u00fchrt kein Weg daran vorbei, die IT-Infrastruktur sorgf\u00e4ltig zu planen, einzusetzen und zu warten. In der Verwaltung von IT-Systemen kleiner, mittlerer und gro\u00dfer Unternehmen k\u00f6nnen wir eine jahrelange Erfahrung und gr\u00fcndliche Fachkenntnisse vorweisen. Wir unterst\u00fctzen Unternehmen bei der Ausarbeitung einer IT-Strategie als &hellip;\" \/>\n<meta property=\"og:url\" content=\"https:\/\/www.allgeier.com\/de\/solutions-and-services\/infrastructure-services\/\" \/>\n<meta property=\"og:site_name\" content=\"Allgeier SE\" \/>\n<meta property=\"article:modified_time\" content=\"2025-07-21T13:23:01+00:00\" \/>\n<meta name=\"twitter:card\" content=\"summary_large_image\" \/>\n<meta name=\"twitter:label1\" content=\"Gesch\u00e4tzte Lesezeit\" \/>\n\t<meta name=\"twitter:data1\" content=\"2\u00a0Minuten\" \/>\n<script type=\"application\/ld+json\" class=\"yoast-schema-graph\">{\"@context\":\"https:\\\/\\\/schema.org\",\"@graph\":[{\"@type\":\"WebPage\",\"@id\":\"https:\\\/\\\/www.allgeier.com\\\/de\\\/solutions-and-services\\\/infrastructure-services\\\/\",\"url\":\"https:\\\/\\\/www.allgeier.com\\\/de\\\/solutions-and-services\\\/infrastructure-services\\\/\",\"name\":\"IT-Infrastruktur-Leistungen - Allgeier SE\",\"isPartOf\":{\"@id\":\"https:\\\/\\\/www.allgeier.com\\\/de\\\/#website\"},\"datePublished\":\"2015-04-12T03:35:34+00:00\",\"dateModified\":\"2025-07-21T13:23:01+00:00\",\"breadcrumb\":{\"@id\":\"https:\\\/\\\/www.allgeier.com\\\/de\\\/solutions-and-services\\\/infrastructure-services\\\/#breadcrumb\"},\"inLanguage\":\"de\",\"potentialAction\":[{\"@type\":\"ReadAction\",\"target\":[\"https:\\\/\\\/www.allgeier.com\\\/de\\\/solutions-and-services\\\/infrastructure-services\\\/\"]}]},{\"@type\":\"BreadcrumbList\",\"@id\":\"https:\\\/\\\/www.allgeier.com\\\/de\\\/solutions-and-services\\\/infrastructure-services\\\/#breadcrumb\",\"itemListElement\":[{\"@type\":\"ListItem\",\"position\":1,\"name\":\"Home\",\"item\":\"https:\\\/\\\/www.allgeier.com\\\/de\\\/\"},{\"@type\":\"ListItem\",\"position\":2,\"name\":\"Was wir tun\",\"item\":\"https:\\\/\\\/www.allgeier.com\\\/de\\\/solutions-and-services\\\/\"},{\"@type\":\"ListItem\",\"position\":3,\"name\":\"IT-Infrastruktur-Leistungen\"}]},{\"@type\":\"WebSite\",\"@id\":\"https:\\\/\\\/www.allgeier.com\\\/de\\\/#website\",\"url\":\"https:\\\/\\\/www.allgeier.com\\\/de\\\/\",\"name\":\"Allgeier SE\",\"description\":\"Software &amp; IT Services for digital transformation\",\"potentialAction\":[{\"@type\":\"SearchAction\",\"target\":{\"@type\":\"EntryPoint\",\"urlTemplate\":\"https:\\\/\\\/www.allgeier.com\\\/de\\\/?s={search_term_string}\"},\"query-input\":{\"@type\":\"PropertyValueSpecification\",\"valueRequired\":true,\"valueName\":\"search_term_string\"}}],\"inLanguage\":\"de\"}]}<\/script>\n<!-- \/ Yoast SEO plugin. -->","yoast_head_json":{"title":"IT-Infrastruktur-Leistungen - Allgeier SE","robots":{"index":"index","follow":"follow","max-snippet":"max-snippet:-1","max-image-preview":"max-image-preview:large","max-video-preview":"max-video-preview:-1"},"canonical":"https:\/\/www.allgeier.com\/de\/solutions-and-services\/infrastructure-services\/","og_locale":"de_DE","og_type":"article","og_title":"IT-Infrastruktur-Leistungen - Allgeier SE","og_description":"Die IT-Infrastruktur bildet das R\u00fcckgrat eines Unternehmens. Im Interesse der Effizienz des Unternehmens f\u00fchrt kein Weg daran vorbei, die IT-Infrastruktur sorgf\u00e4ltig zu planen, einzusetzen und zu warten. In der Verwaltung von IT-Systemen kleiner, mittlerer und gro\u00dfer Unternehmen k\u00f6nnen wir eine jahrelange Erfahrung und gr\u00fcndliche Fachkenntnisse vorweisen. Wir unterst\u00fctzen Unternehmen bei der Ausarbeitung einer IT-Strategie als &hellip;","og_url":"https:\/\/www.allgeier.com\/de\/solutions-and-services\/infrastructure-services\/","og_site_name":"Allgeier SE","article_modified_time":"2025-07-21T13:23:01+00:00","twitter_card":"summary_large_image","twitter_misc":{"Gesch\u00e4tzte Lesezeit":"2\u00a0Minuten"},"schema":{"@context":"https:\/\/schema.org","@graph":[{"@type":"WebPage","@id":"https:\/\/www.allgeier.com\/de\/solutions-and-services\/infrastructure-services\/","url":"https:\/\/www.allgeier.com\/de\/solutions-and-services\/infrastructure-services\/","name":"IT-Infrastruktur-Leistungen - Allgeier SE","isPartOf":{"@id":"https:\/\/www.allgeier.com\/de\/#website"},"datePublished":"2015-04-12T03:35:34+00:00","dateModified":"2025-07-21T13:23:01+00:00","breadcrumb":{"@id":"https:\/\/www.allgeier.com\/de\/solutions-and-services\/infrastructure-services\/#breadcrumb"},"inLanguage":"de","potentialAction":[{"@type":"ReadAction","target":["https:\/\/www.allgeier.com\/de\/solutions-and-services\/infrastructure-services\/"]}]},{"@type":"BreadcrumbList","@id":"https:\/\/www.allgeier.com\/de\/solutions-and-services\/infrastructure-services\/#breadcrumb","itemListElement":[{"@type":"ListItem","position":1,"name":"Home","item":"https:\/\/www.allgeier.com\/de\/"},{"@type":"ListItem","position":2,"name":"Was wir tun","item":"https:\/\/www.allgeier.com\/de\/solutions-and-services\/"},{"@type":"ListItem","position":3,"name":"IT-Infrastruktur-Leistungen"}]},{"@type":"WebSite","@id":"https:\/\/www.allgeier.com\/de\/#website","url":"https:\/\/www.allgeier.com\/de\/","name":"Allgeier SE","description":"Software &amp; IT Services for digital transformation","potentialAction":[{"@type":"SearchAction","target":{"@type":"EntryPoint","urlTemplate":"https:\/\/www.allgeier.com\/de\/?s={search_term_string}"},"query-input":{"@type":"PropertyValueSpecification","valueRequired":true,"valueName":"search_term_string"}}],"inLanguage":"de"}]}},"_links":{"self":[{"href":"https:\/\/www.allgeier.com\/de\/wp-json\/wp\/v2\/pages\/1792","targetHints":{"allow":["GET"]}}],"collection":[{"href":"https:\/\/www.allgeier.com\/de\/wp-json\/wp\/v2\/pages"}],"about":[{"href":"https:\/\/www.allgeier.com\/de\/wp-json\/wp\/v2\/types\/page"}],"author":[{"embeddable":true,"href":"https:\/\/www.allgeier.com\/de\/wp-json\/wp\/v2\/users\/1"}],"replies":[{"embeddable":true,"href":"https:\/\/www.allgeier.com\/de\/wp-json\/wp\/v2\/comments?post=1792"}],"version-history":[{"count":0,"href":"https:\/\/www.allgeier.com\/de\/wp-json\/wp\/v2\/pages\/1792\/revisions"}],"up":[{"embeddable":true,"href":"https:\/\/www.allgeier.com\/de\/wp-json\/wp\/v2\/pages\/1781"}],"wp:attachment":[{"href":"https:\/\/www.allgeier.com\/de\/wp-json\/wp\/v2\/media?parent=1792"}],"wp:term":[{"taxonomy":"category","embeddable":true,"href":"https:\/\/www.allgeier.com\/de\/wp-json\/wp\/v2\/categories?post=1792"},{"taxonomy":"post_tag","embeddable":true,"href":"https:\/\/www.allgeier.com\/de\/wp-json\/wp\/v2\/tags?post=1792"}],"curies":[{"name":"wp","href":"https:\/\/api.w.org\/{rel}","templated":true}]}}