{"id":1794,"date":"2015-04-11T03:37:16","date_gmt":"2015-04-11T03:37:16","guid":{"rendered":"http:\/\/www.allgeier.com\/de\/?page_id=1794"},"modified":"2025-07-21T13:20:45","modified_gmt":"2025-07-21T13:20:45","slug":"erp-loesungen","status":"publish","type":"page","link":"https:\/\/www.allgeier.com\/de\/solutions-and-services\/erp-loesungen\/","title":{"rendered":"ERP-L\u00f6sungen"},"content":{"rendered":"<p style=\"background: white;\">Allgeier bietet Kunden leistungsstarke ERP-L\u00f6sungen wie beispielsweise\u00a0<a title=\"syntona logic\" href=\"https:\/\/allgeier-inovar.de\/software\/erp\/syntona-logic\/\" target=\"_blank\" rel=\"noopener noreferrer\">syntona\u00ae logic<\/a> oder die branchenspezifische Warenwirtschaftsl\u00f6sung Allgeier <a href=\"https:\/\/allgeier-inovar.de\/software\/erp\/allgeier-itrade\/\" target=\"_blank\" rel=\"noopener\">itrade<\/a> basierend auf Microsoft Dynamics 365 Business Central.<\/p>\n<p style=\"background: white;\">Die Unternehmenssoftware syntona\u00ae logic ist unsere eigenentwickelte, modular aufgebaute Branchenl\u00f6sung f\u00fcr den Handel. Das Basismodul der Warenwirtschaft wird durch zahlreiche Anwendungen erg\u00e4nzt und deckt damit jedes m\u00f6gliche Unternehmensprofil ab: Von Archivierung und CRM \u00fcber Onlineshop und Finanzbuchhaltung bis zu Lagerbuchhaltung. Rund 20.000 Anwender vertrauen seit \u00fcber 40 Jahren auf die Systeme von Allgeier.<\/p>\n<p style=\"background: white;\">Zu unseren Kernkompetenzen z\u00e4hlen die Analyse und Optimierung von Gesch\u00e4ftsprozessen in mittleren Produktions- und Wirtschaftsunternehmen, die Auswahl der f\u00fcr den Kunden idealen Business-Software sowie die Implementierung der weltweit f\u00fchrenden ERP-L\u00f6sungen einschlie\u00dflich umfassendem Support: SAP, Microsoft Dynamics NAV, Microsoft Dynamics 365 Business Central und Infor\/Lawson M3.<\/p>\n<p>&nbsp;<\/p>\n<div class=\"sectionH540 sectionHeading flotL\">Unsere Kompetenzen:<\/div>\n<p>Unsere Erfahrungen aus zahlreichen nationalen und internationalen ERP-Projekten kommen Ihnen im Verlauf des Implementierungsprozesses zugute. Unsere hochentwickelte Implementierungsmethode garantiert eine professionelle, hochwertige Implementierung Ihres ERP-Projekts. Unsere Kompetenzen:<\/p>\n<ul>\n<li>Analyse, Optimierung und Vereinfachung von Gesch\u00e4ftsprozessen vor der ERP-Implementierung<\/li>\n<li>Entwicklung von Prozessmodellen f\u00fcr einige oder alle Schl\u00fcsselprozesse, insbesondere im Interesse der Definition funktionaler Anforderungen f\u00fcr Ihren ERP-Bedarf<\/li>\n<li>M\u00fcndliche und grafische Definition funktionaler Spezifikationen zur Auflistung aller f\u00fcr die Softwareauswahl relevanten Anforderungen<\/li>\n<li>Unterst\u00fctzung bei der Auswahl der im Hinblick auf die Spezifikationen am besten passenden Software<\/li>\n<li>Beratung \u00fcber IT-Infrastruktur mit IT-Sizing-Modell, Installations-Support und ausf\u00fchrlicher Einweisung bzw. Administratorschulung Ihrer IT-Fachkr\u00e4fte<\/li>\n<li>Service Center-Support bei Fehlerbehebung, Konfigurationsanpassungen und vorgegebenem Schulungsbedarf<\/li>\n<\/ul>\n<p>Wir sind Microsoft Dynamics Gold ERP- und Gold ISV-Partner und au\u00dferdem Mitglied des Microsoft Dynamics President\u2019s Club, in dem 5 Prozent der weltweit erfolgreichsten Dynamics Partner vertreten sind. Dar\u00fcber hinaus sind wir Infor\/Lawson Platinum Channel Partner sowie einer der europ\u00e4ischen Marktf\u00fchrer f\u00fcr Lawson M3-Services.<\/p>\n<p>&nbsp;<\/p>\n<div class=\"sectionH540 sectionHeading flotL\">Unsere Kunden:<\/div>\n<p>Zu unseren Kunden z\u00e4hlen zahlreiche mittelst\u00e4ndische Unternehmen genauso wie internationale Konzerne, so beispielsweise Vodafone, EVONIK, arvato Bertelsmann, Maske Fleet, AIYA Europe, Jesse, Bauvista, Baucentrum Leinweber, Julius Ulrich u. v. m.<\/p>\n<p>Gerne vermitteln wir Ihnen einen Kontakt zu unseren Referenzen und stehen Ihnen selbstverst\u00e4ndlich f\u00fcr ein Gespr\u00e4ch bereit.\u00a0<a href=\"https:\/\/allgeier.com\/de\/contact\"><span style=\"color: #616161;\">Sprechen Sie uns<\/span><\/a>\u00a0einfach an.<br \/>\n&nbsp;<\/p>\n","protected":false},"excerpt":{"rendered":"<p>Allgeier bietet Kunden leistungsstarke ERP-L\u00f6sungen wie beispielsweise\u00a0syntona\u00ae logic oder die branchenspezifische Warenwirtschaftsl\u00f6sung Allgeier itrade basierend auf Microsoft Dynamics 365 Business Central. Die Unternehmenssoftware syntona\u00ae logic ist unsere eigenentwickelte, modular aufgebaute Branchenl\u00f6sung f\u00fcr den Handel. Das Basismodul der Warenwirtschaft wird durch zahlreiche Anwendungen erg\u00e4nzt und deckt damit jedes m\u00f6gliche Unternehmensprofil ab: Von Archivierung und CRM \u00fcber &hellip; <\/p>\n","protected":false},"author":1,"featured_media":0,"parent":1781,"menu_order":0,"comment_status":"open","ping_status":"open","template":"","meta":{"_acf_changed":false,"footnotes":""},"categories":[],"tags":[],"class_list":["post-1794","page","type-page","status-publish","hentry"],"acf":[],"yoast_head":"<!-- This site is optimized with the Yoast SEO plugin v27.4 - https:\/\/yoast.com\/product\/yoast-seo-wordpress\/ -->\n<title>ERP-L\u00f6sungen - Allgeier SE<\/title>\n<meta name=\"robots\" content=\"index, follow, max-snippet:-1, max-image-preview:large, max-video-preview:-1\" \/>\n<link rel=\"canonical\" href=\"https:\/\/www.allgeier.com\/de\/solutions-and-services\/erp-loesungen\/\" \/>\n<meta property=\"og:locale\" content=\"de_DE\" \/>\n<meta property=\"og:type\" content=\"article\" \/>\n<meta property=\"og:title\" content=\"ERP-L\u00f6sungen - Allgeier SE\" \/>\n<meta property=\"og:description\" content=\"Allgeier bietet Kunden leistungsstarke ERP-L\u00f6sungen wie beispielsweise\u00a0syntona\u00ae logic oder die branchenspezifische Warenwirtschaftsl\u00f6sung Allgeier itrade basierend auf Microsoft Dynamics 365 Business Central. Die Unternehmenssoftware syntona\u00ae logic ist unsere eigenentwickelte, modular aufgebaute Branchenl\u00f6sung f\u00fcr den Handel. Das Basismodul der Warenwirtschaft wird durch zahlreiche Anwendungen erg\u00e4nzt und deckt damit jedes m\u00f6gliche Unternehmensprofil ab: Von Archivierung und CRM \u00fcber &hellip;\" \/>\n<meta property=\"og:url\" content=\"https:\/\/www.allgeier.com\/de\/solutions-and-services\/erp-loesungen\/\" \/>\n<meta property=\"og:site_name\" content=\"Allgeier SE\" \/>\n<meta property=\"article:modified_time\" content=\"2025-07-21T13:20:45+00:00\" \/>\n<meta name=\"twitter:card\" content=\"summary_large_image\" \/>\n<meta name=\"twitter:label1\" content=\"Gesch\u00e4tzte Lesezeit\" \/>\n\t<meta name=\"twitter:data1\" content=\"2\u00a0Minuten\" \/>\n<script type=\"application\/ld+json\" class=\"yoast-schema-graph\">{\"@context\":\"https:\\\/\\\/schema.org\",\"@graph\":[{\"@type\":\"WebPage\",\"@id\":\"https:\\\/\\\/www.allgeier.com\\\/de\\\/solutions-and-services\\\/erp-loesungen\\\/\",\"url\":\"https:\\\/\\\/www.allgeier.com\\\/de\\\/solutions-and-services\\\/erp-loesungen\\\/\",\"name\":\"ERP-L\u00f6sungen - Allgeier SE\",\"isPartOf\":{\"@id\":\"https:\\\/\\\/www.allgeier.com\\\/de\\\/#website\"},\"datePublished\":\"2015-04-11T03:37:16+00:00\",\"dateModified\":\"2025-07-21T13:20:45+00:00\",\"breadcrumb\":{\"@id\":\"https:\\\/\\\/www.allgeier.com\\\/de\\\/solutions-and-services\\\/erp-loesungen\\\/#breadcrumb\"},\"inLanguage\":\"de\",\"potentialAction\":[{\"@type\":\"ReadAction\",\"target\":[\"https:\\\/\\\/www.allgeier.com\\\/de\\\/solutions-and-services\\\/erp-loesungen\\\/\"]}]},{\"@type\":\"BreadcrumbList\",\"@id\":\"https:\\\/\\\/www.allgeier.com\\\/de\\\/solutions-and-services\\\/erp-loesungen\\\/#breadcrumb\",\"itemListElement\":[{\"@type\":\"ListItem\",\"position\":1,\"name\":\"Home\",\"item\":\"https:\\\/\\\/www.allgeier.com\\\/de\\\/\"},{\"@type\":\"ListItem\",\"position\":2,\"name\":\"Was wir tun\",\"item\":\"https:\\\/\\\/www.allgeier.com\\\/de\\\/solutions-and-services\\\/\"},{\"@type\":\"ListItem\",\"position\":3,\"name\":\"ERP-L\u00f6sungen\"}]},{\"@type\":\"WebSite\",\"@id\":\"https:\\\/\\\/www.allgeier.com\\\/de\\\/#website\",\"url\":\"https:\\\/\\\/www.allgeier.com\\\/de\\\/\",\"name\":\"Allgeier SE\",\"description\":\"Software &amp; IT Services for digital transformation\",\"potentialAction\":[{\"@type\":\"SearchAction\",\"target\":{\"@type\":\"EntryPoint\",\"urlTemplate\":\"https:\\\/\\\/www.allgeier.com\\\/de\\\/?s={search_term_string}\"},\"query-input\":{\"@type\":\"PropertyValueSpecification\",\"valueRequired\":true,\"valueName\":\"search_term_string\"}}],\"inLanguage\":\"de\"}]}<\/script>\n<!-- \/ Yoast SEO plugin. -->","yoast_head_json":{"title":"ERP-L\u00f6sungen - Allgeier SE","robots":{"index":"index","follow":"follow","max-snippet":"max-snippet:-1","max-image-preview":"max-image-preview:large","max-video-preview":"max-video-preview:-1"},"canonical":"https:\/\/www.allgeier.com\/de\/solutions-and-services\/erp-loesungen\/","og_locale":"de_DE","og_type":"article","og_title":"ERP-L\u00f6sungen - Allgeier SE","og_description":"Allgeier bietet Kunden leistungsstarke ERP-L\u00f6sungen wie beispielsweise\u00a0syntona\u00ae logic oder die branchenspezifische Warenwirtschaftsl\u00f6sung Allgeier itrade basierend auf Microsoft Dynamics 365 Business Central. Die Unternehmenssoftware syntona\u00ae logic ist unsere eigenentwickelte, modular aufgebaute Branchenl\u00f6sung f\u00fcr den Handel. Das Basismodul der Warenwirtschaft wird durch zahlreiche Anwendungen erg\u00e4nzt und deckt damit jedes m\u00f6gliche Unternehmensprofil ab: Von Archivierung und CRM \u00fcber &hellip;","og_url":"https:\/\/www.allgeier.com\/de\/solutions-and-services\/erp-loesungen\/","og_site_name":"Allgeier SE","article_modified_time":"2025-07-21T13:20:45+00:00","twitter_card":"summary_large_image","twitter_misc":{"Gesch\u00e4tzte Lesezeit":"2\u00a0Minuten"},"schema":{"@context":"https:\/\/schema.org","@graph":[{"@type":"WebPage","@id":"https:\/\/www.allgeier.com\/de\/solutions-and-services\/erp-loesungen\/","url":"https:\/\/www.allgeier.com\/de\/solutions-and-services\/erp-loesungen\/","name":"ERP-L\u00f6sungen - Allgeier SE","isPartOf":{"@id":"https:\/\/www.allgeier.com\/de\/#website"},"datePublished":"2015-04-11T03:37:16+00:00","dateModified":"2025-07-21T13:20:45+00:00","breadcrumb":{"@id":"https:\/\/www.allgeier.com\/de\/solutions-and-services\/erp-loesungen\/#breadcrumb"},"inLanguage":"de","potentialAction":[{"@type":"ReadAction","target":["https:\/\/www.allgeier.com\/de\/solutions-and-services\/erp-loesungen\/"]}]},{"@type":"BreadcrumbList","@id":"https:\/\/www.allgeier.com\/de\/solutions-and-services\/erp-loesungen\/#breadcrumb","itemListElement":[{"@type":"ListItem","position":1,"name":"Home","item":"https:\/\/www.allgeier.com\/de\/"},{"@type":"ListItem","position":2,"name":"Was wir tun","item":"https:\/\/www.allgeier.com\/de\/solutions-and-services\/"},{"@type":"ListItem","position":3,"name":"ERP-L\u00f6sungen"}]},{"@type":"WebSite","@id":"https:\/\/www.allgeier.com\/de\/#website","url":"https:\/\/www.allgeier.com\/de\/","name":"Allgeier SE","description":"Software &amp; IT Services for digital transformation","potentialAction":[{"@type":"SearchAction","target":{"@type":"EntryPoint","urlTemplate":"https:\/\/www.allgeier.com\/de\/?s={search_term_string}"},"query-input":{"@type":"PropertyValueSpecification","valueRequired":true,"valueName":"search_term_string"}}],"inLanguage":"de"}]}},"_links":{"self":[{"href":"https:\/\/www.allgeier.com\/de\/wp-json\/wp\/v2\/pages\/1794","targetHints":{"allow":["GET"]}}],"collection":[{"href":"https:\/\/www.allgeier.com\/de\/wp-json\/wp\/v2\/pages"}],"about":[{"href":"https:\/\/www.allgeier.com\/de\/wp-json\/wp\/v2\/types\/page"}],"author":[{"embeddable":true,"href":"https:\/\/www.allgeier.com\/de\/wp-json\/wp\/v2\/users\/1"}],"replies":[{"embeddable":true,"href":"https:\/\/www.allgeier.com\/de\/wp-json\/wp\/v2\/comments?post=1794"}],"version-history":[{"count":1,"href":"https:\/\/www.allgeier.com\/de\/wp-json\/wp\/v2\/pages\/1794\/revisions"}],"predecessor-version":[{"id":2620,"href":"https:\/\/www.allgeier.com\/de\/wp-json\/wp\/v2\/pages\/1794\/revisions\/2620"}],"up":[{"embeddable":true,"href":"https:\/\/www.allgeier.com\/de\/wp-json\/wp\/v2\/pages\/1781"}],"wp:attachment":[{"href":"https:\/\/www.allgeier.com\/de\/wp-json\/wp\/v2\/media?parent=1794"}],"wp:term":[{"taxonomy":"category","embeddable":true,"href":"https:\/\/www.allgeier.com\/de\/wp-json\/wp\/v2\/categories?post=1794"},{"taxonomy":"post_tag","embeddable":true,"href":"https:\/\/www.allgeier.com\/de\/wp-json\/wp\/v2\/tags?post=1794"}],"curies":[{"name":"wp","href":"https:\/\/api.w.org\/{rel}","templated":true}]}}