{"id":1796,"date":"2015-04-08T03:41:15","date_gmt":"2015-04-08T03:41:15","guid":{"rendered":"http:\/\/www.allgeier.com\/de\/?page_id=1796"},"modified":"2025-07-21T13:09:26","modified_gmt":"2025-07-21T13:09:26","slug":"process-it-consulting","status":"publish","type":"page","link":"https:\/\/www.allgeier.com\/de\/solutions-and-services\/process-it-consulting\/","title":{"rendered":"Process &amp; IT Consulting"},"content":{"rendered":"<p>Die heutige Wirtschaftslage mit ihren versch\u00e4rften Bedingungen verlangt von Unternehmen und Beh\u00f6rden die Ausarbeitung von Strategien zur Verbesserung ihrer betrieblichen Effizienz. Das Erfordernis h\u00f6herer Produktivit\u00e4t, st\u00e4ndiger Innovationen, neue gesch\u00e4ftliche Herausforderungen, Implementierung von Technologien, gesetzliche Anforderungen &#8211; all das kann die Ver\u00e4nderung von Gesch\u00e4ftsprozessen n\u00f6tig werden lassen. Als Organisation m\u00fcssen Sie Ihre Prozesse \u00fcberdenken und neu gestalten, wenn Sie diesen Anforderungen gerecht werden wollen.<\/p>\n<p>Wir haben Erfahrung in der Unterst\u00fctzung von Organisationen bei der Konzipierung, strategischen Planung und Errichtung von Gesch\u00e4ftsmodellen, die gesch\u00e4ftliche Ziele mit Mitarbeitern und Prozessen in Einklang bringen. Wir ermitteln kritische und wichtige Prozesse zur Optimierung von Technologie und deren Einbindung in die Prozessmodelle &#8211; das erm\u00f6glicht Ihnen eine schnellere und effizientere Erzielung von Renditen.<\/p>\n<p>Als klassische Managementberatung beraten wir zudem die F\u00fchrungsebene von Unternehmen mit erstklassiger Fach- und Branchenkompetenz und von der Strategie bis zur umgesetzten L\u00f6sung. Mit gemeinsam erarbeiteten Konzepten schaffen wir belastbare und akzeptierte Grundlagen f\u00fcr wegweisende Ver\u00e4nderungen. Unsere Berater gehen daf\u00fcr auch gern unkonventionelle Wege. Die Schwerpunkte unserer Beratung liegen in den Bereichen Strategie &amp; Change, Organisations- und Prozessberatung, Strategisches IT-Management, Risiko-Management und Programm-Management. Dabei konzentrieren wir uns haupts\u00e4chlich auf die Branchen Energieversorger, Versicherungen sowie interne oder externe IT-Dienstleister.<\/p>\n<div class=\"sectionH540 sectionHeading flotL\"><b>Unsere Kompetenzen:<\/b><\/div>\n<div class=\"clear\"><\/div>\n<ul>\n<li>Operationelle Bewertung<\/li>\n<li>Ermittlung von Optimierungs- und Kosteneinsparpotential in Ihren Organisations- und Prozessstrukturen<\/li>\n<li>Verbesserung von Transparenz und Wartungsfreundlichkeit aller Prozesse durch vollst\u00e4ndige Erfassung aller am jeweiligen Prozess beteiligten Organisationseinheiten, Systeme, Schnittstellen, Daten und Datenfl\u00fcsse<\/li>\n<li>Neuentwicklung von Gesch\u00e4ftsprozessen durch die Analyse, Optimierung und Vereinfachung bestehender Prozesse<\/li>\n<li>Untersuchung und strategische Entwicklung von IT-Integration und Implementierung<\/li>\n<li>Implementierung von Gesch\u00e4ftsprozessen<\/li>\n<li>Strategisches IT-Management: Unterst\u00fctzung bei der strategischen Ausrichtung der IT zur langfristigen Steigerung des unternehmerischen Wertbeitrages; Nutzen der IT erkennen &amp; schaffen, IT Organisationen definieren &amp; transformieren, IT Wertsch\u00f6pfungskette optimieren &amp; managen<\/li>\n<li>Strategie &amp; Change: Komplexe, strategische Ver\u00e4nderungen planen, durchsetzen und begleiten<\/li>\n<li>Risiko-Management: Unternehmen helfen, vorhandene Risiken zu erkennen, zu bewerten und aktiv zu managen<\/li>\n<li>(Multi-) Projekt-\/Programm-Management und PMO: Projekte professionell und zielf\u00fchrend steuern, Entscheidungen herbeif\u00fchren und Ergebnisse sichern<\/li>\n<\/ul>\n<div class=\"sectionH540 sectionHeading flotL\">Unsere Kunden:<\/div>\n<div class=\"sectionCC sectionCCmid flotL\">\n<p class=\"textCS122b\">Zu unseren Kunden z\u00e4hlen viele f\u00fchrende Unternehmen wie Adecco, Alstom, EnBW, E.ON, HSH Nordbank, HUK Coburg, Konica Minolta, Media-Saturn, P\u00f6ppelmann, RWE, E.ON Energy Trading, E.ON Hanse, E.ON IT, E.ON Thueringer Energie, HDI, Postbank, Sparkassen Versicherung, Signal Iduna, Stadtwerke Luebeck, Stadtwerke Muenchen, Talanx, Vattenfall, ZVO um nur einige zu nennen.<\/p>\n<p>Gerne vermitteln wir Ihnen einen Kontakt zu unseren Referenzen und stehen Ihnen selbstverst\u00e4ndlich f\u00fcr ein Gespr\u00e4ch bereit.\u00a0<a href=\"https:\/\/www.allgeier.com\/de\/contact\">Sprechen Sie uns<\/a>\u00a0einfach an.<\/p>\n<\/div>\n","protected":false},"excerpt":{"rendered":"<p>Die heutige Wirtschaftslage mit ihren versch\u00e4rften Bedingungen verlangt von Unternehmen und Beh\u00f6rden die Ausarbeitung von Strategien zur Verbesserung ihrer betrieblichen Effizienz. Das Erfordernis h\u00f6herer Produktivit\u00e4t, st\u00e4ndiger Innovationen, neue gesch\u00e4ftliche Herausforderungen, Implementierung von Technologien, gesetzliche Anforderungen &#8211; all das kann die Ver\u00e4nderung von Gesch\u00e4ftsprozessen n\u00f6tig werden lassen. Als Organisation m\u00fcssen Sie Ihre Prozesse \u00fcberdenken und neu &hellip; <\/p>\n","protected":false},"author":1,"featured_media":0,"parent":1781,"menu_order":0,"comment_status":"open","ping_status":"open","template":"","meta":{"_acf_changed":false,"footnotes":""},"categories":[],"tags":[],"class_list":["post-1796","page","type-page","status-publish","hentry"],"acf":[],"yoast_head":"<!-- This site is optimized with the Yoast SEO plugin v27.4 - https:\/\/yoast.com\/product\/yoast-seo-wordpress\/ -->\n<title>Process &amp; IT Consulting - Allgeier SE<\/title>\n<meta name=\"robots\" content=\"index, follow, max-snippet:-1, max-image-preview:large, max-video-preview:-1\" \/>\n<link rel=\"canonical\" href=\"https:\/\/www.allgeier.com\/de\/solutions-and-services\/process-it-consulting\/\" \/>\n<meta property=\"og:locale\" content=\"de_DE\" \/>\n<meta property=\"og:type\" content=\"article\" \/>\n<meta property=\"og:title\" content=\"Process &amp; IT Consulting - Allgeier SE\" \/>\n<meta property=\"og:description\" content=\"Die heutige Wirtschaftslage mit ihren versch\u00e4rften Bedingungen verlangt von Unternehmen und Beh\u00f6rden die Ausarbeitung von Strategien zur Verbesserung ihrer betrieblichen Effizienz. Das Erfordernis h\u00f6herer Produktivit\u00e4t, st\u00e4ndiger Innovationen, neue gesch\u00e4ftliche Herausforderungen, Implementierung von Technologien, gesetzliche Anforderungen &#8211; all das kann die Ver\u00e4nderung von Gesch\u00e4ftsprozessen n\u00f6tig werden lassen. Als Organisation m\u00fcssen Sie Ihre Prozesse \u00fcberdenken und neu &hellip;\" \/>\n<meta property=\"og:url\" content=\"https:\/\/www.allgeier.com\/de\/solutions-and-services\/process-it-consulting\/\" \/>\n<meta property=\"og:site_name\" content=\"Allgeier SE\" \/>\n<meta property=\"article:modified_time\" content=\"2025-07-21T13:09:26+00:00\" \/>\n<meta name=\"twitter:card\" content=\"summary_large_image\" \/>\n<meta name=\"twitter:label1\" content=\"Gesch\u00e4tzte Lesezeit\" \/>\n\t<meta name=\"twitter:data1\" content=\"3\u00a0Minuten\" \/>\n<script type=\"application\/ld+json\" class=\"yoast-schema-graph\">{\"@context\":\"https:\\\/\\\/schema.org\",\"@graph\":[{\"@type\":\"WebPage\",\"@id\":\"https:\\\/\\\/www.allgeier.com\\\/de\\\/solutions-and-services\\\/process-it-consulting\\\/\",\"url\":\"https:\\\/\\\/www.allgeier.com\\\/de\\\/solutions-and-services\\\/process-it-consulting\\\/\",\"name\":\"Process &amp; IT Consulting - Allgeier SE\",\"isPartOf\":{\"@id\":\"https:\\\/\\\/www.allgeier.com\\\/de\\\/#website\"},\"datePublished\":\"2015-04-08T03:41:15+00:00\",\"dateModified\":\"2025-07-21T13:09:26+00:00\",\"breadcrumb\":{\"@id\":\"https:\\\/\\\/www.allgeier.com\\\/de\\\/solutions-and-services\\\/process-it-consulting\\\/#breadcrumb\"},\"inLanguage\":\"de\",\"potentialAction\":[{\"@type\":\"ReadAction\",\"target\":[\"https:\\\/\\\/www.allgeier.com\\\/de\\\/solutions-and-services\\\/process-it-consulting\\\/\"]}]},{\"@type\":\"BreadcrumbList\",\"@id\":\"https:\\\/\\\/www.allgeier.com\\\/de\\\/solutions-and-services\\\/process-it-consulting\\\/#breadcrumb\",\"itemListElement\":[{\"@type\":\"ListItem\",\"position\":1,\"name\":\"Home\",\"item\":\"https:\\\/\\\/www.allgeier.com\\\/de\\\/\"},{\"@type\":\"ListItem\",\"position\":2,\"name\":\"Was wir tun\",\"item\":\"https:\\\/\\\/www.allgeier.com\\\/de\\\/solutions-and-services\\\/\"},{\"@type\":\"ListItem\",\"position\":3,\"name\":\"Process &amp; IT Consulting\"}]},{\"@type\":\"WebSite\",\"@id\":\"https:\\\/\\\/www.allgeier.com\\\/de\\\/#website\",\"url\":\"https:\\\/\\\/www.allgeier.com\\\/de\\\/\",\"name\":\"Allgeier SE\",\"description\":\"Software &amp; IT Services for digital transformation\",\"potentialAction\":[{\"@type\":\"SearchAction\",\"target\":{\"@type\":\"EntryPoint\",\"urlTemplate\":\"https:\\\/\\\/www.allgeier.com\\\/de\\\/?s={search_term_string}\"},\"query-input\":{\"@type\":\"PropertyValueSpecification\",\"valueRequired\":true,\"valueName\":\"search_term_string\"}}],\"inLanguage\":\"de\"}]}<\/script>\n<!-- \/ Yoast SEO plugin. -->","yoast_head_json":{"title":"Process &amp; IT Consulting - Allgeier SE","robots":{"index":"index","follow":"follow","max-snippet":"max-snippet:-1","max-image-preview":"max-image-preview:large","max-video-preview":"max-video-preview:-1"},"canonical":"https:\/\/www.allgeier.com\/de\/solutions-and-services\/process-it-consulting\/","og_locale":"de_DE","og_type":"article","og_title":"Process &amp; IT Consulting - Allgeier SE","og_description":"Die heutige Wirtschaftslage mit ihren versch\u00e4rften Bedingungen verlangt von Unternehmen und Beh\u00f6rden die Ausarbeitung von Strategien zur Verbesserung ihrer betrieblichen Effizienz. Das Erfordernis h\u00f6herer Produktivit\u00e4t, st\u00e4ndiger Innovationen, neue gesch\u00e4ftliche Herausforderungen, Implementierung von Technologien, gesetzliche Anforderungen &#8211; all das kann die Ver\u00e4nderung von Gesch\u00e4ftsprozessen n\u00f6tig werden lassen. Als Organisation m\u00fcssen Sie Ihre Prozesse \u00fcberdenken und neu &hellip;","og_url":"https:\/\/www.allgeier.com\/de\/solutions-and-services\/process-it-consulting\/","og_site_name":"Allgeier SE","article_modified_time":"2025-07-21T13:09:26+00:00","twitter_card":"summary_large_image","twitter_misc":{"Gesch\u00e4tzte Lesezeit":"3\u00a0Minuten"},"schema":{"@context":"https:\/\/schema.org","@graph":[{"@type":"WebPage","@id":"https:\/\/www.allgeier.com\/de\/solutions-and-services\/process-it-consulting\/","url":"https:\/\/www.allgeier.com\/de\/solutions-and-services\/process-it-consulting\/","name":"Process &amp; IT Consulting - Allgeier SE","isPartOf":{"@id":"https:\/\/www.allgeier.com\/de\/#website"},"datePublished":"2015-04-08T03:41:15+00:00","dateModified":"2025-07-21T13:09:26+00:00","breadcrumb":{"@id":"https:\/\/www.allgeier.com\/de\/solutions-and-services\/process-it-consulting\/#breadcrumb"},"inLanguage":"de","potentialAction":[{"@type":"ReadAction","target":["https:\/\/www.allgeier.com\/de\/solutions-and-services\/process-it-consulting\/"]}]},{"@type":"BreadcrumbList","@id":"https:\/\/www.allgeier.com\/de\/solutions-and-services\/process-it-consulting\/#breadcrumb","itemListElement":[{"@type":"ListItem","position":1,"name":"Home","item":"https:\/\/www.allgeier.com\/de\/"},{"@type":"ListItem","position":2,"name":"Was wir tun","item":"https:\/\/www.allgeier.com\/de\/solutions-and-services\/"},{"@type":"ListItem","position":3,"name":"Process &amp; IT Consulting"}]},{"@type":"WebSite","@id":"https:\/\/www.allgeier.com\/de\/#website","url":"https:\/\/www.allgeier.com\/de\/","name":"Allgeier SE","description":"Software &amp; IT Services for digital transformation","potentialAction":[{"@type":"SearchAction","target":{"@type":"EntryPoint","urlTemplate":"https:\/\/www.allgeier.com\/de\/?s={search_term_string}"},"query-input":{"@type":"PropertyValueSpecification","valueRequired":true,"valueName":"search_term_string"}}],"inLanguage":"de"}]}},"_links":{"self":[{"href":"https:\/\/www.allgeier.com\/de\/wp-json\/wp\/v2\/pages\/1796","targetHints":{"allow":["GET"]}}],"collection":[{"href":"https:\/\/www.allgeier.com\/de\/wp-json\/wp\/v2\/pages"}],"about":[{"href":"https:\/\/www.allgeier.com\/de\/wp-json\/wp\/v2\/types\/page"}],"author":[{"embeddable":true,"href":"https:\/\/www.allgeier.com\/de\/wp-json\/wp\/v2\/users\/1"}],"replies":[{"embeddable":true,"href":"https:\/\/www.allgeier.com\/de\/wp-json\/wp\/v2\/comments?post=1796"}],"version-history":[{"count":0,"href":"https:\/\/www.allgeier.com\/de\/wp-json\/wp\/v2\/pages\/1796\/revisions"}],"up":[{"embeddable":true,"href":"https:\/\/www.allgeier.com\/de\/wp-json\/wp\/v2\/pages\/1781"}],"wp:attachment":[{"href":"https:\/\/www.allgeier.com\/de\/wp-json\/wp\/v2\/media?parent=1796"}],"wp:term":[{"taxonomy":"category","embeddable":true,"href":"https:\/\/www.allgeier.com\/de\/wp-json\/wp\/v2\/categories?post=1796"},{"taxonomy":"post_tag","embeddable":true,"href":"https:\/\/www.allgeier.com\/de\/wp-json\/wp\/v2\/tags?post=1796"}],"curies":[{"name":"wp","href":"https:\/\/api.w.org\/{rel}","templated":true}]}}