{"id":1798,"date":"2015-04-05T03:44:33","date_gmt":"2015-04-05T03:44:33","guid":{"rendered":"http:\/\/www.allgeier.com\/de\/?page_id=1798"},"modified":"2025-07-21T13:07:22","modified_gmt":"2025-07-21T13:07:22","slug":"branchenloesungen-cloud","status":"publish","type":"page","link":"https:\/\/www.allgeier.com\/de\/solutions-and-services\/branchenloesungen-cloud\/","title":{"rendered":"Branchenl\u00f6sungen &amp; Cloud"},"content":{"rendered":"<p>Viele Fachprozesse erfordern spezifische Branchenl\u00f6sungen. Um unseren Kunden die jeweils beste L\u00f6sung anbieten zu k\u00f6nnen, sind wir Technologiepartner f\u00fchrender Softwarehersteller wie Microsoft, Oracle, Novell, SAP, Symantec, Google, Cognos oder Infor sowie f\u00fchrender Hardwarehersteller wie IBM, HP, Cisco, NetApp, EMC oder Fujitsu. Dar\u00fcber hinaus verf\u00fcgen wir \u00fcber ausgezeichnete eigene L\u00f6sungen und Produkte in der Gruppe.<\/p>\n<p>In Branchen wie Banken und Versicherungen, Handel und Logistik, Industrie, \u00d6ffentlicher Sektor, Health Care und Dienstleistungen vertrauen erfolgreiche Unternehmen auf die L\u00f6sungen von Allgeier. Dabei nimmt der Anteil von L\u00f6sungen aus der Cloud kontinuierlich zu.<\/p>\n<p>Hierbei bietet Allgeier Kunden sowohl branchenf\u00fchrende L\u00f6sungen als auch eigene Produkte und L\u00f6sungen als Cloud Services an. Greifen Sie jederzeit und von \u00fcberall auf unsere L\u00f6sungen zu, senken Sie Ihre IT-Kosten und steigern Sie Ihre Flexibilit\u00e4t.<\/p>\n<div class=\"sectionH540 sectionHeading flotL\">Unsere Kunden:<\/div>\n<div class=\"sectionCC sectionCCmid flotL\">\n<p class=\"textCS122b\">Zu unseren Kunden z\u00e4hlen f\u00fchrende Unternehmen und \u00f6ffentliche Auftraggeber wie BASF, BMW, die Bundesagentur f\u00fcr Arbeit, die Bundesdruckerei, Bosch, Commerzbank, Daimler, Deutsche Post, Deutsche Rentenversicherung, Deutsche Telekom, Dresdner Bank, EON, IBM, LIDL, Lufthansa, METRO, RWE, Siemens, Unicredit, Voith, Westdeutscher Rundfunk und Zurich.<\/p>\n<p>Gerne vermitteln wir Ihnen einen Kontakt zu unseren Referenzen und stehen Ihnen selbstverst\u00e4ndlich f\u00fcr ein Gespr\u00e4ch bereit.<a href=\"https:\/\/www.allgeier.com\/de\/contact\">\u00a0Sprechen Sie uns<\/a>\u00a0einfach an.<\/p>\n<\/div>\n","protected":false},"excerpt":{"rendered":"<p>Viele Fachprozesse erfordern spezifische Branchenl\u00f6sungen. Um unseren Kunden die jeweils beste L\u00f6sung anbieten zu k\u00f6nnen, sind wir Technologiepartner f\u00fchrender Softwarehersteller wie Microsoft, Oracle, Novell, SAP, Symantec, Google, Cognos oder Infor sowie f\u00fchrender Hardwarehersteller wie IBM, HP, Cisco, NetApp, EMC oder Fujitsu. Dar\u00fcber hinaus verf\u00fcgen wir \u00fcber ausgezeichnete eigene L\u00f6sungen und Produkte in der Gruppe. In &hellip; <\/p>\n","protected":false},"author":1,"featured_media":0,"parent":1781,"menu_order":0,"comment_status":"open","ping_status":"open","template":"","meta":{"_acf_changed":false,"footnotes":""},"categories":[],"tags":[],"class_list":["post-1798","page","type-page","status-publish","hentry"],"acf":[],"yoast_head":"<!-- This site is optimized with the Yoast SEO plugin v27.4 - https:\/\/yoast.com\/product\/yoast-seo-wordpress\/ -->\n<title>Branchenl\u00f6sungen &amp; Cloud - Allgeier SE<\/title>\n<meta name=\"robots\" content=\"index, follow, max-snippet:-1, max-image-preview:large, max-video-preview:-1\" \/>\n<link rel=\"canonical\" href=\"https:\/\/www.allgeier.com\/de\/solutions-and-services\/branchenloesungen-cloud\/\" \/>\n<meta property=\"og:locale\" content=\"de_DE\" \/>\n<meta property=\"og:type\" content=\"article\" \/>\n<meta property=\"og:title\" content=\"Branchenl\u00f6sungen &amp; Cloud - Allgeier SE\" \/>\n<meta property=\"og:description\" content=\"Viele Fachprozesse erfordern spezifische Branchenl\u00f6sungen. Um unseren Kunden die jeweils beste L\u00f6sung anbieten zu k\u00f6nnen, sind wir Technologiepartner f\u00fchrender Softwarehersteller wie Microsoft, Oracle, Novell, SAP, Symantec, Google, Cognos oder Infor sowie f\u00fchrender Hardwarehersteller wie IBM, HP, Cisco, NetApp, EMC oder Fujitsu. Dar\u00fcber hinaus verf\u00fcgen wir \u00fcber ausgezeichnete eigene L\u00f6sungen und Produkte in der Gruppe. In &hellip;\" \/>\n<meta property=\"og:url\" content=\"https:\/\/www.allgeier.com\/de\/solutions-and-services\/branchenloesungen-cloud\/\" \/>\n<meta property=\"og:site_name\" content=\"Allgeier SE\" \/>\n<meta property=\"article:modified_time\" content=\"2025-07-21T13:07:22+00:00\" \/>\n<meta name=\"twitter:card\" content=\"summary_large_image\" \/>\n<meta name=\"twitter:label1\" content=\"Gesch\u00e4tzte Lesezeit\" \/>\n\t<meta name=\"twitter:data1\" content=\"2\u00a0Minuten\" \/>\n<script type=\"application\/ld+json\" class=\"yoast-schema-graph\">{\"@context\":\"https:\\\/\\\/schema.org\",\"@graph\":[{\"@type\":\"WebPage\",\"@id\":\"https:\\\/\\\/www.allgeier.com\\\/de\\\/solutions-and-services\\\/branchenloesungen-cloud\\\/\",\"url\":\"https:\\\/\\\/www.allgeier.com\\\/de\\\/solutions-and-services\\\/branchenloesungen-cloud\\\/\",\"name\":\"Branchenl\u00f6sungen &amp; Cloud - Allgeier SE\",\"isPartOf\":{\"@id\":\"https:\\\/\\\/www.allgeier.com\\\/de\\\/#website\"},\"datePublished\":\"2015-04-05T03:44:33+00:00\",\"dateModified\":\"2025-07-21T13:07:22+00:00\",\"breadcrumb\":{\"@id\":\"https:\\\/\\\/www.allgeier.com\\\/de\\\/solutions-and-services\\\/branchenloesungen-cloud\\\/#breadcrumb\"},\"inLanguage\":\"de\",\"potentialAction\":[{\"@type\":\"ReadAction\",\"target\":[\"https:\\\/\\\/www.allgeier.com\\\/de\\\/solutions-and-services\\\/branchenloesungen-cloud\\\/\"]}]},{\"@type\":\"BreadcrumbList\",\"@id\":\"https:\\\/\\\/www.allgeier.com\\\/de\\\/solutions-and-services\\\/branchenloesungen-cloud\\\/#breadcrumb\",\"itemListElement\":[{\"@type\":\"ListItem\",\"position\":1,\"name\":\"Home\",\"item\":\"https:\\\/\\\/www.allgeier.com\\\/de\\\/\"},{\"@type\":\"ListItem\",\"position\":2,\"name\":\"Was wir tun\",\"item\":\"https:\\\/\\\/www.allgeier.com\\\/de\\\/solutions-and-services\\\/\"},{\"@type\":\"ListItem\",\"position\":3,\"name\":\"Branchenl\u00f6sungen &amp; Cloud\"}]},{\"@type\":\"WebSite\",\"@id\":\"https:\\\/\\\/www.allgeier.com\\\/de\\\/#website\",\"url\":\"https:\\\/\\\/www.allgeier.com\\\/de\\\/\",\"name\":\"Allgeier SE\",\"description\":\"Software &amp; IT Services for digital transformation\",\"potentialAction\":[{\"@type\":\"SearchAction\",\"target\":{\"@type\":\"EntryPoint\",\"urlTemplate\":\"https:\\\/\\\/www.allgeier.com\\\/de\\\/?s={search_term_string}\"},\"query-input\":{\"@type\":\"PropertyValueSpecification\",\"valueRequired\":true,\"valueName\":\"search_term_string\"}}],\"inLanguage\":\"de\"}]}<\/script>\n<!-- \/ Yoast SEO plugin. -->","yoast_head_json":{"title":"Branchenl\u00f6sungen &amp; Cloud - Allgeier SE","robots":{"index":"index","follow":"follow","max-snippet":"max-snippet:-1","max-image-preview":"max-image-preview:large","max-video-preview":"max-video-preview:-1"},"canonical":"https:\/\/www.allgeier.com\/de\/solutions-and-services\/branchenloesungen-cloud\/","og_locale":"de_DE","og_type":"article","og_title":"Branchenl\u00f6sungen &amp; Cloud - Allgeier SE","og_description":"Viele Fachprozesse erfordern spezifische Branchenl\u00f6sungen. Um unseren Kunden die jeweils beste L\u00f6sung anbieten zu k\u00f6nnen, sind wir Technologiepartner f\u00fchrender Softwarehersteller wie Microsoft, Oracle, Novell, SAP, Symantec, Google, Cognos oder Infor sowie f\u00fchrender Hardwarehersteller wie IBM, HP, Cisco, NetApp, EMC oder Fujitsu. Dar\u00fcber hinaus verf\u00fcgen wir \u00fcber ausgezeichnete eigene L\u00f6sungen und Produkte in der Gruppe. In &hellip;","og_url":"https:\/\/www.allgeier.com\/de\/solutions-and-services\/branchenloesungen-cloud\/","og_site_name":"Allgeier SE","article_modified_time":"2025-07-21T13:07:22+00:00","twitter_card":"summary_large_image","twitter_misc":{"Gesch\u00e4tzte Lesezeit":"2\u00a0Minuten"},"schema":{"@context":"https:\/\/schema.org","@graph":[{"@type":"WebPage","@id":"https:\/\/www.allgeier.com\/de\/solutions-and-services\/branchenloesungen-cloud\/","url":"https:\/\/www.allgeier.com\/de\/solutions-and-services\/branchenloesungen-cloud\/","name":"Branchenl\u00f6sungen &amp; Cloud - Allgeier SE","isPartOf":{"@id":"https:\/\/www.allgeier.com\/de\/#website"},"datePublished":"2015-04-05T03:44:33+00:00","dateModified":"2025-07-21T13:07:22+00:00","breadcrumb":{"@id":"https:\/\/www.allgeier.com\/de\/solutions-and-services\/branchenloesungen-cloud\/#breadcrumb"},"inLanguage":"de","potentialAction":[{"@type":"ReadAction","target":["https:\/\/www.allgeier.com\/de\/solutions-and-services\/branchenloesungen-cloud\/"]}]},{"@type":"BreadcrumbList","@id":"https:\/\/www.allgeier.com\/de\/solutions-and-services\/branchenloesungen-cloud\/#breadcrumb","itemListElement":[{"@type":"ListItem","position":1,"name":"Home","item":"https:\/\/www.allgeier.com\/de\/"},{"@type":"ListItem","position":2,"name":"Was wir tun","item":"https:\/\/www.allgeier.com\/de\/solutions-and-services\/"},{"@type":"ListItem","position":3,"name":"Branchenl\u00f6sungen &amp; Cloud"}]},{"@type":"WebSite","@id":"https:\/\/www.allgeier.com\/de\/#website","url":"https:\/\/www.allgeier.com\/de\/","name":"Allgeier SE","description":"Software &amp; IT Services for digital transformation","potentialAction":[{"@type":"SearchAction","target":{"@type":"EntryPoint","urlTemplate":"https:\/\/www.allgeier.com\/de\/?s={search_term_string}"},"query-input":{"@type":"PropertyValueSpecification","valueRequired":true,"valueName":"search_term_string"}}],"inLanguage":"de"}]}},"_links":{"self":[{"href":"https:\/\/www.allgeier.com\/de\/wp-json\/wp\/v2\/pages\/1798","targetHints":{"allow":["GET"]}}],"collection":[{"href":"https:\/\/www.allgeier.com\/de\/wp-json\/wp\/v2\/pages"}],"about":[{"href":"https:\/\/www.allgeier.com\/de\/wp-json\/wp\/v2\/types\/page"}],"author":[{"embeddable":true,"href":"https:\/\/www.allgeier.com\/de\/wp-json\/wp\/v2\/users\/1"}],"replies":[{"embeddable":true,"href":"https:\/\/www.allgeier.com\/de\/wp-json\/wp\/v2\/comments?post=1798"}],"version-history":[{"count":1,"href":"https:\/\/www.allgeier.com\/de\/wp-json\/wp\/v2\/pages\/1798\/revisions"}],"predecessor-version":[{"id":2029,"href":"https:\/\/www.allgeier.com\/de\/wp-json\/wp\/v2\/pages\/1798\/revisions\/2029"}],"up":[{"embeddable":true,"href":"https:\/\/www.allgeier.com\/de\/wp-json\/wp\/v2\/pages\/1781"}],"wp:attachment":[{"href":"https:\/\/www.allgeier.com\/de\/wp-json\/wp\/v2\/media?parent=1798"}],"wp:term":[{"taxonomy":"category","embeddable":true,"href":"https:\/\/www.allgeier.com\/de\/wp-json\/wp\/v2\/categories?post=1798"},{"taxonomy":"post_tag","embeddable":true,"href":"https:\/\/www.allgeier.com\/de\/wp-json\/wp\/v2\/tags?post=1798"}],"curies":[{"name":"wp","href":"https:\/\/api.w.org\/{rel}","templated":true}]}}