{"id":1800,"date":"2015-04-10T04:09:42","date_gmt":"2015-04-10T04:09:42","guid":{"rendered":"http:\/\/www.allgeier.com\/de\/?page_id=1800"},"modified":"2019-05-30T17:24:16","modified_gmt":"2019-05-30T17:24:16","slug":"ecm-collaboration","status":"publish","type":"page","link":"https:\/\/www.allgeier.com\/de\/solutions-and-services\/ecm-collaboration\/","title":{"rendered":"ECM &#038; Collaboration"},"content":{"rendered":"<p>Informationen sind zentrale Ressourcen und spielen bei allen Gesch\u00e4ftsprozessen eine wichtige Rolle. F\u00fcr eine optimale Wertsch\u00f6pfung muss die geeignete Information zum richtigen Zeitpunkt von jedem Ort mit unterschiedlichen End-Ger\u00e4ten auf einfachste Art zug\u00e4nglich sein. Aus diesem Grund w\u00e4chst die Bedeutung von Enterprise Content Management (ECM) in Unternehmen stetig, um die steigende Informationsflut \u2013 vor allem bei unstrukturierten Daten \u2013 zu bew\u00e4ltigen. ECM umfasst heute nahezu alle relevanten Funktionen, um Informationen jeglicher Art in IT-basierten Prozessen zu verwalten. Eine wachsende Anzahl von Unternehmen nutzt ECM au\u00dfer zur Informationsarchivierung auch zur Unterst\u00fctzung, Verschlankung oder Automatisierung ihrer Gesch\u00e4ftsprozesse.<\/p>\n<p>Unsere Enterprise Content Management (ECM) L\u00f6sungen wie scanview\u00ae unterst\u00fctzen und steuern Gesch\u00e4ftsprozesse, in denen Informationen ausgetauscht, verwaltet oder aufbewahrt werden m\u00fcssen. scanview\u00ae deckt alle Funktionen zum Erfassen, Verwalten, Speichern und Ausgeben von gesch\u00e4ftlichen Dokumenten ab. Seine sehr offene und modulare Struktur erm\u00f6glicht die Einbindung in jede IT-Landschaft. Die Einsatzm\u00f6glichkeiten reichen vom klassischen Archiv-System bis zum modernen Dokumenten- und Enterprise Content Management (ECM).<\/p>\n<p>Mit unseren GEMED PACS-Modulen liefern wir leistungsstarke Bild- und Datenmanagementl\u00f6sungen, die s\u00e4mtliche medizinischen Prozesse und Steuerungsfunktionen abdecken.<\/p>\n<p>Zudem bieten wir unseren Kunden umfassende Collaboration-L\u00f6sungen f\u00fcr den Einsatz innerhalb und au\u00dferhalb ihres Unternehmens an. Collaboration steht f\u00fcr den Austausch von Informationen, Ideen und Wissen. Collaboration-Plattformen schaffen Strukturen in Unternehmen, um die Zusammenarbeit zu optimieren und Wissen m\u00f6glichst vielen Mitarbeitern zug\u00e4nglich zu machen.<\/p>\n<div class=\"sectionH540 sectionHeading flotL\">Unsere Kompetenzen:<\/div>\n<p>&nbsp;<\/p>\n<ul>\n<li>Unterst\u00fctzung und Steuerung von Gesch\u00e4ftsprozessen zur Erstellung, Verwaltung und Aufbewahrung von Dokumenten<\/li>\n<li>Einbindung in alle vorhandenen IT-Landschaften durch offene und modulare Struktur<\/li>\n<li>Abdeckung modernster ECM-Anforderungen wie z.B. Workflow-Management, CAD-Integration und weitere Einbindung der zentralen DMS-Funktionen in CAD-, CAM-und PDM-Systeme<\/li>\n<li>Prozessberatung in den Bereichen ECM, Workflow-, Document- und Knowledge-Management<\/li>\n<li>Optimal skalierbares Bild- und Datenmanagementsystem von der Einstiegsl\u00f6sung bis hin zum Einsatz im Klinikverbund als Enterpriseversion durch modulare Architektur<\/li>\n<li>Langj\u00e4hrige Erfahrung bei der Einf\u00fchrung von prozessorientierten Unternehmens-, Abteilungs- und Extranet-Portalen auf Basis von Microsoft SharePoint<\/li>\n<li>Einbindung interaktiver Enterprise 2.0- und Web 2.0-Elemente f\u00fcr umfassende Collaboration-L\u00f6sungen (Blogs, Wikis usw.)<\/li>\n<li>Customizing und Individualentwicklung zur optimalen Abstimmung von Collaboration-Plattformen gem\u00e4\u00df Prozessabl\u00e4ufen und Strukturen<\/li>\n<\/ul>\n","protected":false},"excerpt":{"rendered":"<p>Informationen sind zentrale Ressourcen und spielen bei allen Gesch\u00e4ftsprozessen eine wichtige Rolle. F\u00fcr eine optimale Wertsch\u00f6pfung muss die geeignete Information zum richtigen Zeitpunkt von jedem Ort mit unterschiedlichen End-Ger\u00e4ten auf einfachste Art zug\u00e4nglich sein. Aus diesem Grund w\u00e4chst die Bedeutung von Enterprise Content Management (ECM) in Unternehmen stetig, um die steigende Informationsflut \u2013 vor allem &hellip; <\/p>\n","protected":false},"author":1,"featured_media":0,"parent":1781,"menu_order":0,"comment_status":"open","ping_status":"open","template":"","meta":{"_acf_changed":false,"footnotes":""},"categories":[],"tags":[],"class_list":["post-1800","page","type-page","status-publish","hentry"],"acf":[],"yoast_head":"<!-- This site is optimized with the Yoast SEO plugin v27.4 - https:\/\/yoast.com\/product\/yoast-seo-wordpress\/ -->\n<title>ECM &amp; Collaboration - Allgeier SE<\/title>\n<meta name=\"robots\" content=\"index, follow, max-snippet:-1, max-image-preview:large, max-video-preview:-1\" \/>\n<link rel=\"canonical\" href=\"https:\/\/www.allgeier.com\/de\/solutions-and-services\/ecm-collaboration\/\" \/>\n<meta property=\"og:locale\" content=\"de_DE\" \/>\n<meta property=\"og:type\" content=\"article\" \/>\n<meta property=\"og:title\" content=\"ECM &amp; Collaboration - Allgeier SE\" \/>\n<meta property=\"og:description\" content=\"Informationen sind zentrale Ressourcen und spielen bei allen Gesch\u00e4ftsprozessen eine wichtige Rolle. F\u00fcr eine optimale Wertsch\u00f6pfung muss die geeignete Information zum richtigen Zeitpunkt von jedem Ort mit unterschiedlichen End-Ger\u00e4ten auf einfachste Art zug\u00e4nglich sein. Aus diesem Grund w\u00e4chst die Bedeutung von Enterprise Content Management (ECM) in Unternehmen stetig, um die steigende Informationsflut \u2013 vor allem &hellip;\" \/>\n<meta property=\"og:url\" content=\"https:\/\/www.allgeier.com\/de\/solutions-and-services\/ecm-collaboration\/\" \/>\n<meta property=\"og:site_name\" content=\"Allgeier SE\" \/>\n<meta property=\"article:modified_time\" content=\"2019-05-30T17:24:16+00:00\" \/>\n<meta name=\"twitter:card\" content=\"summary_large_image\" \/>\n<meta name=\"twitter:label1\" content=\"Gesch\u00e4tzte Lesezeit\" \/>\n\t<meta name=\"twitter:data1\" content=\"2\u00a0Minuten\" \/>\n<script type=\"application\/ld+json\" class=\"yoast-schema-graph\">{\"@context\":\"https:\\\/\\\/schema.org\",\"@graph\":[{\"@type\":\"WebPage\",\"@id\":\"https:\\\/\\\/www.allgeier.com\\\/de\\\/solutions-and-services\\\/ecm-collaboration\\\/\",\"url\":\"https:\\\/\\\/www.allgeier.com\\\/de\\\/solutions-and-services\\\/ecm-collaboration\\\/\",\"name\":\"ECM & Collaboration - Allgeier SE\",\"isPartOf\":{\"@id\":\"https:\\\/\\\/www.allgeier.com\\\/de\\\/#website\"},\"datePublished\":\"2015-04-10T04:09:42+00:00\",\"dateModified\":\"2019-05-30T17:24:16+00:00\",\"breadcrumb\":{\"@id\":\"https:\\\/\\\/www.allgeier.com\\\/de\\\/solutions-and-services\\\/ecm-collaboration\\\/#breadcrumb\"},\"inLanguage\":\"de\",\"potentialAction\":[{\"@type\":\"ReadAction\",\"target\":[\"https:\\\/\\\/www.allgeier.com\\\/de\\\/solutions-and-services\\\/ecm-collaboration\\\/\"]}]},{\"@type\":\"BreadcrumbList\",\"@id\":\"https:\\\/\\\/www.allgeier.com\\\/de\\\/solutions-and-services\\\/ecm-collaboration\\\/#breadcrumb\",\"itemListElement\":[{\"@type\":\"ListItem\",\"position\":1,\"name\":\"Home\",\"item\":\"https:\\\/\\\/www.allgeier.com\\\/de\\\/\"},{\"@type\":\"ListItem\",\"position\":2,\"name\":\"Was wir tun\",\"item\":\"https:\\\/\\\/www.allgeier.com\\\/de\\\/solutions-and-services\\\/\"},{\"@type\":\"ListItem\",\"position\":3,\"name\":\"ECM &#038; Collaboration\"}]},{\"@type\":\"WebSite\",\"@id\":\"https:\\\/\\\/www.allgeier.com\\\/de\\\/#website\",\"url\":\"https:\\\/\\\/www.allgeier.com\\\/de\\\/\",\"name\":\"Allgeier SE\",\"description\":\"Software &amp; IT Services for digital transformation\",\"potentialAction\":[{\"@type\":\"SearchAction\",\"target\":{\"@type\":\"EntryPoint\",\"urlTemplate\":\"https:\\\/\\\/www.allgeier.com\\\/de\\\/?s={search_term_string}\"},\"query-input\":{\"@type\":\"PropertyValueSpecification\",\"valueRequired\":true,\"valueName\":\"search_term_string\"}}],\"inLanguage\":\"de\"}]}<\/script>\n<!-- \/ Yoast SEO plugin. -->","yoast_head_json":{"title":"ECM & Collaboration - Allgeier SE","robots":{"index":"index","follow":"follow","max-snippet":"max-snippet:-1","max-image-preview":"max-image-preview:large","max-video-preview":"max-video-preview:-1"},"canonical":"https:\/\/www.allgeier.com\/de\/solutions-and-services\/ecm-collaboration\/","og_locale":"de_DE","og_type":"article","og_title":"ECM & Collaboration - Allgeier SE","og_description":"Informationen sind zentrale Ressourcen und spielen bei allen Gesch\u00e4ftsprozessen eine wichtige Rolle. F\u00fcr eine optimale Wertsch\u00f6pfung muss die geeignete Information zum richtigen Zeitpunkt von jedem Ort mit unterschiedlichen End-Ger\u00e4ten auf einfachste Art zug\u00e4nglich sein. Aus diesem Grund w\u00e4chst die Bedeutung von Enterprise Content Management (ECM) in Unternehmen stetig, um die steigende Informationsflut \u2013 vor allem &hellip;","og_url":"https:\/\/www.allgeier.com\/de\/solutions-and-services\/ecm-collaboration\/","og_site_name":"Allgeier SE","article_modified_time":"2019-05-30T17:24:16+00:00","twitter_card":"summary_large_image","twitter_misc":{"Gesch\u00e4tzte Lesezeit":"2\u00a0Minuten"},"schema":{"@context":"https:\/\/schema.org","@graph":[{"@type":"WebPage","@id":"https:\/\/www.allgeier.com\/de\/solutions-and-services\/ecm-collaboration\/","url":"https:\/\/www.allgeier.com\/de\/solutions-and-services\/ecm-collaboration\/","name":"ECM & Collaboration - Allgeier SE","isPartOf":{"@id":"https:\/\/www.allgeier.com\/de\/#website"},"datePublished":"2015-04-10T04:09:42+00:00","dateModified":"2019-05-30T17:24:16+00:00","breadcrumb":{"@id":"https:\/\/www.allgeier.com\/de\/solutions-and-services\/ecm-collaboration\/#breadcrumb"},"inLanguage":"de","potentialAction":[{"@type":"ReadAction","target":["https:\/\/www.allgeier.com\/de\/solutions-and-services\/ecm-collaboration\/"]}]},{"@type":"BreadcrumbList","@id":"https:\/\/www.allgeier.com\/de\/solutions-and-services\/ecm-collaboration\/#breadcrumb","itemListElement":[{"@type":"ListItem","position":1,"name":"Home","item":"https:\/\/www.allgeier.com\/de\/"},{"@type":"ListItem","position":2,"name":"Was wir tun","item":"https:\/\/www.allgeier.com\/de\/solutions-and-services\/"},{"@type":"ListItem","position":3,"name":"ECM &#038; Collaboration"}]},{"@type":"WebSite","@id":"https:\/\/www.allgeier.com\/de\/#website","url":"https:\/\/www.allgeier.com\/de\/","name":"Allgeier SE","description":"Software &amp; IT Services for digital transformation","potentialAction":[{"@type":"SearchAction","target":{"@type":"EntryPoint","urlTemplate":"https:\/\/www.allgeier.com\/de\/?s={search_term_string}"},"query-input":{"@type":"PropertyValueSpecification","valueRequired":true,"valueName":"search_term_string"}}],"inLanguage":"de"}]}},"_links":{"self":[{"href":"https:\/\/www.allgeier.com\/de\/wp-json\/wp\/v2\/pages\/1800","targetHints":{"allow":["GET"]}}],"collection":[{"href":"https:\/\/www.allgeier.com\/de\/wp-json\/wp\/v2\/pages"}],"about":[{"href":"https:\/\/www.allgeier.com\/de\/wp-json\/wp\/v2\/types\/page"}],"author":[{"embeddable":true,"href":"https:\/\/www.allgeier.com\/de\/wp-json\/wp\/v2\/users\/1"}],"replies":[{"embeddable":true,"href":"https:\/\/www.allgeier.com\/de\/wp-json\/wp\/v2\/comments?post=1800"}],"version-history":[{"count":0,"href":"https:\/\/www.allgeier.com\/de\/wp-json\/wp\/v2\/pages\/1800\/revisions"}],"up":[{"embeddable":true,"href":"https:\/\/www.allgeier.com\/de\/wp-json\/wp\/v2\/pages\/1781"}],"wp:attachment":[{"href":"https:\/\/www.allgeier.com\/de\/wp-json\/wp\/v2\/media?parent=1800"}],"wp:term":[{"taxonomy":"category","embeddable":true,"href":"https:\/\/www.allgeier.com\/de\/wp-json\/wp\/v2\/categories?post=1800"},{"taxonomy":"post_tag","embeddable":true,"href":"https:\/\/www.allgeier.com\/de\/wp-json\/wp\/v2\/tags?post=1800"}],"curies":[{"name":"wp","href":"https:\/\/api.w.org\/{rel}","templated":true}]}}